{"id":9676,"date":"2018-05-01T17:10:09","date_gmt":"2018-05-01T17:10:09","guid":{"rendered":"https:\/\/www.apen.es\/?page_id=9676"},"modified":"2025-07-08T11:26:21","modified_gmt":"2025-07-08T11:26:21","slug":"software-de-distribucion","status":"publish","type":"page","link":"https:\/\/www.apen.es\/en\/erp\/software-de-distribucion\/","title":{"rendered":"Distribution software"},"content":{"rendered":"<p>A logistics company needs to have good warehouse management; this is achieved with software programs. <strong>distribution software<\/strong>. He <strong>distribution software<\/strong> It increases control over the business, guarantees complete product traceability and safety, and boosts worker productivity. So, with the <a href=\"\/en\/erp\/\"><strong>distribution software<\/strong><\/a> Companies can optimize inventory management and logistics processes to provide their customers with a more comprehensive and higher-quality service. All of this is achieved by working with a3ERP, which offers powerful features such as cross-docking, barcode scanning, and order picking.<\/p>\n\n\n\n<p>A3ERP is a warehouse management program that simplifies the optimization of all the operations a company needs to perform, with the goal of increasing efficiency, optimizing space, and improving employee performance. It operates using mobile radio frequency terminals over a Wi-Fi network infrastructure.<\/p>\n\n\n\n<p>Cross-docking is a strategy that ensures items are ready for distribution when they leave and enter the warehouse. You can gain many advantages by using cross-docking as a warehousing and distribution strategy. For example, it gives companies greater control because they can directly manage store needs in line with customer demands. Furthermore, with this function integrated into the <strong>distribution software <\/strong>With the a3ERP program, less storage space is required. Another advantage is that product turnover is higher, which reduces warehouse and financial costs, handling costs, and the need for fewer operators. Furthermore, with the <strong>distribution software<\/strong> Installed in the company, it improves overall management and the efficiency of the operators; the delivery processes for an order will be faster and will therefore improve customer satisfaction, thus differentiating the company from the competition.<\/p>\n\n\n\n<p>Order picking is another logistics strategy integrated into the a3ERP program. It involves preparing and collecting orders. This minimizes movement within the warehouse and automates the process. It&#039;s a critical point in the distribution process because the more optimized it is, the better the company&#039;s results will be, and expenses will be significantly reduced. However, poor planning can lead to reduced overall profit margins due to the need for increased labor to process orders and longer delivery times.<\/p>\n\n\n\n<p>In conclusion, the existence of <a href=\"\/en\/erp\/\"><strong>distribution software<\/strong><\/a> In a company that specializes in warehousing, it can be a solution to all problems, as it facilitates distribution to warehouses and fully adapts to the management needs of each company.<\/p>","protected":false},"excerpt":{"rendered":"<p>Una empresa de log\u00edstica tiene que tener una buena gesti\u00f3n de almac\u00e9n, eso se consigue con programas de software de distribuci\u00f3n. El software de distribuci\u00f3n incrementa el control sobre el negocio, garantiza la completa trazabilidad y seguridad del producto, aumenta la productividad de los trabajadores. As\u00ed que, con el software de distribuci\u00f3n las empresas podr\u00e1n&#8230;<\/p>","protected":false},"author":4,"featured_media":0,"parent":9649,"menu_order":0,"comment_status":"closed","ping_status":"closed","template":"page-landing-moduls.php","meta":{"_acf_changed":false,"_kad_blocks_custom_css":"","_kad_blocks_head_custom_js":"","_kad_blocks_body_custom_js":"","_kad_blocks_footer_custom_js":"","_kad_post_transparent":"","_kad_post_title":"","_kad_post_layout":"","_kad_post_sidebar_id":"","_kad_post_content_style":"","_kad_post_vertical_padding":"","_kad_post_feature":"","_kad_post_feature_position":"","_kad_post_header":false,"_kad_post_footer":false,"_kad_post_classname":"","footnotes":""},"class_list":["post-9676","page","type-page","status-publish","hentry"],"acf":[],"yoast_head":"<!-- This site is optimized with the Yoast SEO plugin v27.4 - https:\/\/yoast.com\/product\/yoast-seo-wordpress\/ -->\n<title>Software de distribuci\u00f3n - Apen Inform\u00e1tica<\/title>\n<meta name=\"description\" content=\"A3ERP - Distribuci\u00f3n. El software de gesti\u00f3n que se adapta a tu negocio gestiona la empresa desde un \u00fanico programa almacena tus datos en una \u00fanica DB.\" \/>\n<meta name=\"robots\" content=\"index, follow, max-snippet:-1, max-image-preview:large, max-video-preview:-1\" \/>\n<link rel=\"canonical\" href=\"https:\/\/www.apen.es\/en\/erp\/software-de-distribucion\/\" \/>\n<meta property=\"og:locale\" content=\"en_US\" \/>\n<meta property=\"og:type\" content=\"article\" \/>\n<meta property=\"og:title\" content=\"Software de distribuci\u00f3n - Apen Inform\u00e1tica\" \/>\n<meta property=\"og:description\" content=\"A3ERP - Distribuci\u00f3n. El software de gesti\u00f3n que se adapta a tu negocio gestiona la empresa desde un \u00fanico programa almacena tus datos en una \u00fanica DB.\" \/>\n<meta property=\"og:url\" content=\"https:\/\/www.apen.es\/en\/erp\/software-de-distribucion\/\" \/>\n<meta property=\"og:site_name\" content=\"Apen Inform\u00e1tica\" \/>\n<meta property=\"article:publisher\" content=\"https:\/\/www.facebook.com\/apensolucions\" \/>\n<meta property=\"article:modified_time\" content=\"2025-07-08T11:26:21+00:00\" \/>\n<meta property=\"og:image\" content=\"https:\/\/www.apen.es\/wp-content\/uploads\/2016\/05\/logo-apen-231x82-trasparent.png\" \/>\n\t<meta property=\"og:image:width\" content=\"231\" \/>\n\t<meta property=\"og:image:height\" content=\"82\" \/>\n\t<meta property=\"og:image:type\" content=\"image\/png\" \/>\n<meta name=\"twitter:card\" content=\"summary_large_image\" \/>\n<meta name=\"twitter:label1\" content=\"Est. reading time\" \/>\n\t<meta name=\"twitter:data1\" content=\"7 minutes\" \/>\n<script type=\"application\/ld+json\" class=\"yoast-schema-graph\">{\"@context\":\"https:\\\/\\\/schema.org\",\"@graph\":[{\"@type\":\"WebPage\",\"@id\":\"https:\\\/\\\/www.apen.es\\\/erp\\\/software-de-distribucion\\\/\",\"url\":\"https:\\\/\\\/www.apen.es\\\/erp\\\/software-de-distribucion\\\/\",\"name\":\"Software de distribuci\u00f3n - Apen Inform\u00e1tica\",\"isPartOf\":{\"@id\":\"https:\\\/\\\/www.apen.es\\\/#website\"},\"datePublished\":\"2018-05-01T17:10:09+00:00\",\"dateModified\":\"2025-07-08T11:26:21+00:00\",\"description\":\"A3ERP - Distribuci\u00f3n. El software de gesti\u00f3n que se adapta a tu negocio gestiona la empresa desde un \u00fanico programa almacena tus datos en una \u00fanica DB.\",\"breadcrumb\":{\"@id\":\"https:\\\/\\\/www.apen.es\\\/erp\\\/software-de-distribucion\\\/#breadcrumb\"},\"inLanguage\":\"en-US\",\"potentialAction\":[{\"@type\":\"ReadAction\",\"target\":[\"https:\\\/\\\/www.apen.es\\\/erp\\\/software-de-distribucion\\\/\"]}]},{\"@type\":\"BreadcrumbList\",\"@id\":\"https:\\\/\\\/www.apen.es\\\/erp\\\/software-de-distribucion\\\/#breadcrumb\",\"itemListElement\":[{\"@type\":\"ListItem\",\"position\":1,\"name\":\"Portada\",\"item\":\"https:\\\/\\\/www.apen.es\\\/\"},{\"@type\":\"ListItem\",\"position\":2,\"name\":\"ERP. Ofrecemos software gesti\u00f3n a empresas.\",\"item\":\"https:\\\/\\\/www.apen.es\\\/erp\\\/\"},{\"@type\":\"ListItem\",\"position\":3,\"name\":\"Software de distribuci\u00f3n\"}]},{\"@type\":\"WebSite\",\"@id\":\"https:\\\/\\\/www.apen.es\\\/#website\",\"url\":\"https:\\\/\\\/www.apen.es\\\/\",\"name\":\"Apen Inform\u00e1tica\",\"description\":\"Mantenimiento Inform\u00e1tico , Software de Gesti\u00f3n, Soluciones de impresi\u00f3n\",\"publisher\":{\"@id\":\"https:\\\/\\\/www.apen.es\\\/#organization\"},\"potentialAction\":[{\"@type\":\"SearchAction\",\"target\":{\"@type\":\"EntryPoint\",\"urlTemplate\":\"https:\\\/\\\/www.apen.es\\\/?s={search_term_string}\"},\"query-input\":{\"@type\":\"PropertyValueSpecification\",\"valueRequired\":true,\"valueName\":\"search_term_string\"}}],\"inLanguage\":\"en-US\"},{\"@type\":\"Organization\",\"@id\":\"https:\\\/\\\/www.apen.es\\\/#organization\",\"name\":\"Apen: Soluciones inform\u00e1ticas\",\"url\":\"https:\\\/\\\/www.apen.es\\\/\",\"logo\":{\"@type\":\"ImageObject\",\"inLanguage\":\"en-US\",\"@id\":\"https:\\\/\\\/www.apen.es\\\/#\\\/schema\\\/logo\\\/image\\\/\",\"url\":\"https:\\\/\\\/www.apen.es\\\/wp-content\\\/uploads\\\/2022\\\/08\\\/logo-apenok-231x82-1.png\",\"contentUrl\":\"https:\\\/\\\/www.apen.es\\\/wp-content\\\/uploads\\\/2022\\\/08\\\/logo-apenok-231x82-1.png\",\"width\":231,\"height\":82,\"caption\":\"Apen: Soluciones inform\u00e1ticas\"},\"image\":{\"@id\":\"https:\\\/\\\/www.apen.es\\\/#\\\/schema\\\/logo\\\/image\\\/\"},\"sameAs\":[\"https:\\\/\\\/www.facebook.com\\\/apensolucions\",\"https:\\\/\\\/www.youtube.com\\\/user\\\/ApenCentreInformatic\",\"https:\\\/\\\/www.linkedin.com\\\/company\\\/1021771?trk=tyah&trkInfo=clickedVerticalcompanyclickedEntityId1021771idx2-1-2tarId1464195271196tasapenin\"]}]}<\/script>\n<!-- \/ Yoast SEO plugin. -->","yoast_head_json":{"title":"Software de distribuci\u00f3n - Apen Inform\u00e1tica","description":"A3ERP - Distribuci\u00f3n. El software de gesti\u00f3n que se adapta a tu negocio gestiona la empresa desde un \u00fanico programa almacena tus datos en una \u00fanica DB.","robots":{"index":"index","follow":"follow","max-snippet":"max-snippet:-1","max-image-preview":"max-image-preview:large","max-video-preview":"max-video-preview:-1"},"canonical":"https:\/\/www.apen.es\/en\/erp\/software-de-distribucion\/","og_locale":"en_US","og_type":"article","og_title":"Software de distribuci\u00f3n - Apen Inform\u00e1tica","og_description":"A3ERP - Distribuci\u00f3n. El software de gesti\u00f3n que se adapta a tu negocio gestiona la empresa desde un \u00fanico programa almacena tus datos en una \u00fanica DB.","og_url":"https:\/\/www.apen.es\/en\/erp\/software-de-distribucion\/","og_site_name":"Apen Inform\u00e1tica","article_publisher":"https:\/\/www.facebook.com\/apensolucions","article_modified_time":"2025-07-08T11:26:21+00:00","og_image":[{"width":231,"height":82,"url":"https:\/\/www.apen.es\/wp-content\/uploads\/2016\/05\/logo-apen-231x82-trasparent.png","type":"image\/png"}],"twitter_card":"summary_large_image","twitter_misc":{"Est. reading time":"7 minutes"},"schema":{"@context":"https:\/\/schema.org","@graph":[{"@type":"WebPage","@id":"https:\/\/www.apen.es\/erp\/software-de-distribucion\/","url":"https:\/\/www.apen.es\/erp\/software-de-distribucion\/","name":"Software de distribuci\u00f3n - Apen Inform\u00e1tica","isPartOf":{"@id":"https:\/\/www.apen.es\/#website"},"datePublished":"2018-05-01T17:10:09+00:00","dateModified":"2025-07-08T11:26:21+00:00","description":"A3ERP - Distribuci\u00f3n. El software de gesti\u00f3n que se adapta a tu negocio gestiona la empresa desde un \u00fanico programa almacena tus datos en una \u00fanica DB.","breadcrumb":{"@id":"https:\/\/www.apen.es\/erp\/software-de-distribucion\/#breadcrumb"},"inLanguage":"en-US","potentialAction":[{"@type":"ReadAction","target":["https:\/\/www.apen.es\/erp\/software-de-distribucion\/"]}]},{"@type":"BreadcrumbList","@id":"https:\/\/www.apen.es\/erp\/software-de-distribucion\/#breadcrumb","itemListElement":[{"@type":"ListItem","position":1,"name":"Portada","item":"https:\/\/www.apen.es\/"},{"@type":"ListItem","position":2,"name":"ERP. Ofrecemos software gesti\u00f3n a empresas.","item":"https:\/\/www.apen.es\/erp\/"},{"@type":"ListItem","position":3,"name":"Software de distribuci\u00f3n"}]},{"@type":"WebSite","@id":"https:\/\/www.apen.es\/#website","url":"https:\/\/www.apen.es\/","name":"Apen Inform\u00e1tica","description":"IT Maintenance, Management Software, Printing Solutions","publisher":{"@id":"https:\/\/www.apen.es\/#organization"},"potentialAction":[{"@type":"SearchAction","target":{"@type":"EntryPoint","urlTemplate":"https:\/\/www.apen.es\/?s={search_term_string}"},"query-input":{"@type":"PropertyValueSpecification","valueRequired":true,"valueName":"search_term_string"}}],"inLanguage":"en-US"},{"@type":"Organization","@id":"https:\/\/www.apen.es\/#organization","name":"Apen: IT Solutions","url":"https:\/\/www.apen.es\/","logo":{"@type":"ImageObject","inLanguage":"en-US","@id":"https:\/\/www.apen.es\/#\/schema\/logo\/image\/","url":"https:\/\/www.apen.es\/wp-content\/uploads\/2022\/08\/logo-apenok-231x82-1.png","contentUrl":"https:\/\/www.apen.es\/wp-content\/uploads\/2022\/08\/logo-apenok-231x82-1.png","width":231,"height":82,"caption":"Apen: Soluciones inform\u00e1ticas"},"image":{"@id":"https:\/\/www.apen.es\/#\/schema\/logo\/image\/"},"sameAs":["https:\/\/www.facebook.com\/apensolucions","https:\/\/www.youtube.com\/user\/ApenCentreInformatic","https:\/\/www.linkedin.com\/company\/1021771?trk=tyah&trkInfo=clickedVerticalcompanyclickedEntityId1021771idx2-1-2tarId1464195271196tasapenin"]}]}},"taxonomy_info":[],"featured_image_src_large":false,"author_info":{"display_name":"marqueting","author_link":"https:\/\/www.apen.es\/en\/blog\/author\/marqueting\/"},"comment_info":0,"_links":{"self":[{"href":"https:\/\/www.apen.es\/en\/wp-json\/wp\/v2\/pages\/9676","targetHints":{"allow":["GET"]}}],"collection":[{"href":"https:\/\/www.apen.es\/en\/wp-json\/wp\/v2\/pages"}],"about":[{"href":"https:\/\/www.apen.es\/en\/wp-json\/wp\/v2\/types\/page"}],"author":[{"embeddable":true,"href":"https:\/\/www.apen.es\/en\/wp-json\/wp\/v2\/users\/4"}],"replies":[{"embeddable":true,"href":"https:\/\/www.apen.es\/en\/wp-json\/wp\/v2\/comments?post=9676"}],"version-history":[{"count":1,"href":"https:\/\/www.apen.es\/en\/wp-json\/wp\/v2\/pages\/9676\/revisions"}],"predecessor-version":[{"id":55854,"href":"https:\/\/www.apen.es\/en\/wp-json\/wp\/v2\/pages\/9676\/revisions\/55854"}],"up":[{"embeddable":true,"href":"https:\/\/www.apen.es\/en\/wp-json\/wp\/v2\/pages\/9649"}],"wp:attachment":[{"href":"https:\/\/www.apen.es\/en\/wp-json\/wp\/v2\/media?parent=9676"}],"curies":[{"name":"wp","href":"https:\/\/api.w.org\/{rel}","templated":true}]}}