{"id":9674,"date":"2018-05-01T17:07:01","date_gmt":"2018-05-01T17:07:01","guid":{"rendered":"https:\/\/www.apen.es\/?page_id=9674"},"modified":"2025-07-08T11:27:19","modified_gmt":"2025-07-08T11:27:19","slug":"software-de-ventas","status":"publish","type":"page","link":"https:\/\/www.apen.es\/en\/erp\/software-de-ventas\/","title":{"rendered":"Sales software"},"content":{"rendered":"<p>There are currently many <a href=\"\/en\/erp\/\"><strong>sales software <\/strong><\/a>in the market, that&#039;s why every company must know what its needs are and look for the <strong>software<\/strong> that best suits them, thus helping to create better management of the entire company, and more specifically of the warehouse and department of <strong>sales<\/strong>.<\/p>\n\n\n\n<p>The E-Pack is a <strong>software<\/strong> warehouse management software that is perfect for optimizing all warehouse operations to increase efficiency, thereby optimizing space and improving worker performance. Thanks to this <strong>software<\/strong> of <strong>sales<\/strong> The company can maintain much more thorough control over the products that come in and go out, the times and the work of each operator.<\/p>\n\n\n\n<p>Furthermore, this <strong>software<\/strong> The sales system is automatically updated at all times, allowing the company to maintain much more comprehensive control over all merchandise, from its receipt and shipment to its location and storage time. This creates a fully optimized workplace where no detail is left to chance.<\/p>\n\n\n\n<p>To ensure warehouse and inventory management meets expectations, each company can apply the valuation method that best suits its needs (weighted average, FIFO, LIFO, specific identification, or retail method), and this will be done automatically. <a href=\"\/en\/erp\/\"><strong>sales software.<\/strong><\/a><\/p>\n\n\n\n<p>Thanks to the advantages that this offers <strong>software<\/strong> of <strong>sales<\/strong>, the possibility of making a mistake is considerably reduced, since this <strong>software<\/strong> It keeps everything completely organized and has excellent control of the merchandise, including location, stock control, distribution, and supply.<\/p>\n\n\n\n<p>Distribution and storage times for goods change, since this <strong>software<\/strong> of <strong>sales<\/strong> It helps make operators and the system much more efficient. This speeds up delivery processes and increases customer satisfaction, setting this company apart from its competitors.<\/p>\n\n\n\n<p>For any company, keeping inventory under control at all times is the way to ensure customer satisfaction. Therefore, with this <strong>software<\/strong> of <strong>sales<\/strong> The company can control the entire merchandise cycle: packaging, labeling, merchandise verification, and issuance of outgoing documents.<\/p>\n\n\n\n<p>The E-Pack warehouse management system offers a multitude of features based on two applications, one for the PC with the <strong>software<\/strong> The system uses two applications: an a3ERP management system and a mobile terminal for performing planned tasks from the same physical location. These two applications offer a significant advantage in terms of usability. <strong>software<\/strong> of <strong>sales<\/strong>, In addition to being able to control in real time and from anywhere all the actions being carried out through the system.<\/p>","protected":false},"excerpt":{"rendered":"<p>Actualmente existen muchos softwares de ventas en el mercado, es por eso que cada empresa debe conocer cu\u00e1les son sus necesidades y buscar el software que m\u00e1s se adapte a ellas, ayudando as\u00ed a crear una mejor gesti\u00f3n de toda la empresa, y m\u00e1s concretamente del almac\u00e9n y departamento de ventas. El E-Pack es un&#8230;<\/p>","protected":false},"author":4,"featured_media":0,"parent":9649,"menu_order":0,"comment_status":"closed","ping_status":"closed","template":"page-landing-moduls.php","meta":{"_acf_changed":false,"_kad_blocks_custom_css":"","_kad_blocks_head_custom_js":"","_kad_blocks_body_custom_js":"","_kad_blocks_footer_custom_js":"","_kad_post_transparent":"","_kad_post_title":"","_kad_post_layout":"","_kad_post_sidebar_id":"","_kad_post_content_style":"","_kad_post_vertical_padding":"","_kad_post_feature":"","_kad_post_feature_position":"","_kad_post_header":false,"_kad_post_footer":false,"_kad_post_classname":"","footnotes":""},"class_list":["post-9674","page","type-page","status-publish","hentry"],"acf":[],"yoast_head":"<!-- This site is optimized with the Yoast SEO plugin v27.4 - https:\/\/yoast.com\/product\/yoast-seo-wordpress\/ -->\n<title>Software de ventas - Apen Inform\u00e1tica<\/title>\n<meta name=\"description\" content=\"A3ERP - Ventas. El software de gesti\u00f3n que se adapta a tu negocio gestiona la empresa desde un \u00fanico programa almacena tus datos en una \u00fanica DB.\" \/>\n<meta name=\"robots\" content=\"index, follow, max-snippet:-1, max-image-preview:large, max-video-preview:-1\" \/>\n<link rel=\"canonical\" href=\"https:\/\/www.apen.es\/en\/erp\/software-de-ventas\/\" \/>\n<meta property=\"og:locale\" content=\"en_US\" \/>\n<meta property=\"og:type\" content=\"article\" \/>\n<meta property=\"og:title\" content=\"Software de ventas - Apen Inform\u00e1tica\" \/>\n<meta property=\"og:description\" content=\"A3ERP - Ventas. El software de gesti\u00f3n que se adapta a tu negocio gestiona la empresa desde un \u00fanico programa almacena tus datos en una \u00fanica DB.\" \/>\n<meta property=\"og:url\" content=\"https:\/\/www.apen.es\/en\/erp\/software-de-ventas\/\" \/>\n<meta property=\"og:site_name\" content=\"Apen Inform\u00e1tica\" \/>\n<meta property=\"article:publisher\" content=\"https:\/\/www.facebook.com\/apensolucions\" \/>\n<meta property=\"article:modified_time\" content=\"2025-07-08T11:27:19+00:00\" \/>\n<meta property=\"og:image\" content=\"https:\/\/www.apen.es\/wp-content\/uploads\/2016\/05\/logo-apen-231x82-trasparent.png\" \/>\n\t<meta property=\"og:image:width\" content=\"231\" \/>\n\t<meta property=\"og:image:height\" content=\"82\" \/>\n\t<meta property=\"og:image:type\" content=\"image\/png\" \/>\n<meta name=\"twitter:card\" content=\"summary_large_image\" \/>\n<meta name=\"twitter:label1\" content=\"Est. reading time\" \/>\n\t<meta name=\"twitter:data1\" content=\"7 minutes\" \/>\n<script type=\"application\/ld+json\" class=\"yoast-schema-graph\">{\"@context\":\"https:\\\/\\\/schema.org\",\"@graph\":[{\"@type\":\"WebPage\",\"@id\":\"https:\\\/\\\/www.apen.es\\\/erp\\\/software-de-ventas\\\/\",\"url\":\"https:\\\/\\\/www.apen.es\\\/erp\\\/software-de-ventas\\\/\",\"name\":\"Software de ventas - Apen Inform\u00e1tica\",\"isPartOf\":{\"@id\":\"https:\\\/\\\/www.apen.es\\\/#website\"},\"datePublished\":\"2018-05-01T17:07:01+00:00\",\"dateModified\":\"2025-07-08T11:27:19+00:00\",\"description\":\"A3ERP - Ventas. El software de gesti\u00f3n que se adapta a tu negocio gestiona la empresa desde un \u00fanico programa almacena tus datos en una \u00fanica DB.\",\"breadcrumb\":{\"@id\":\"https:\\\/\\\/www.apen.es\\\/erp\\\/software-de-ventas\\\/#breadcrumb\"},\"inLanguage\":\"en-US\",\"potentialAction\":[{\"@type\":\"ReadAction\",\"target\":[\"https:\\\/\\\/www.apen.es\\\/erp\\\/software-de-ventas\\\/\"]}]},{\"@type\":\"BreadcrumbList\",\"@id\":\"https:\\\/\\\/www.apen.es\\\/erp\\\/software-de-ventas\\\/#breadcrumb\",\"itemListElement\":[{\"@type\":\"ListItem\",\"position\":1,\"name\":\"Portada\",\"item\":\"https:\\\/\\\/www.apen.es\\\/\"},{\"@type\":\"ListItem\",\"position\":2,\"name\":\"ERP. Ofrecemos software gesti\u00f3n a empresas.\",\"item\":\"https:\\\/\\\/www.apen.es\\\/erp\\\/\"},{\"@type\":\"ListItem\",\"position\":3,\"name\":\"Software de ventas\"}]},{\"@type\":\"WebSite\",\"@id\":\"https:\\\/\\\/www.apen.es\\\/#website\",\"url\":\"https:\\\/\\\/www.apen.es\\\/\",\"name\":\"Apen Inform\u00e1tica\",\"description\":\"Mantenimiento Inform\u00e1tico , Software de Gesti\u00f3n, Soluciones de impresi\u00f3n\",\"publisher\":{\"@id\":\"https:\\\/\\\/www.apen.es\\\/#organization\"},\"potentialAction\":[{\"@type\":\"SearchAction\",\"target\":{\"@type\":\"EntryPoint\",\"urlTemplate\":\"https:\\\/\\\/www.apen.es\\\/?s={search_term_string}\"},\"query-input\":{\"@type\":\"PropertyValueSpecification\",\"valueRequired\":true,\"valueName\":\"search_term_string\"}}],\"inLanguage\":\"en-US\"},{\"@type\":\"Organization\",\"@id\":\"https:\\\/\\\/www.apen.es\\\/#organization\",\"name\":\"Apen: Soluciones inform\u00e1ticas\",\"url\":\"https:\\\/\\\/www.apen.es\\\/\",\"logo\":{\"@type\":\"ImageObject\",\"inLanguage\":\"en-US\",\"@id\":\"https:\\\/\\\/www.apen.es\\\/#\\\/schema\\\/logo\\\/image\\\/\",\"url\":\"https:\\\/\\\/www.apen.es\\\/wp-content\\\/uploads\\\/2022\\\/08\\\/logo-apenok-231x82-1.png\",\"contentUrl\":\"https:\\\/\\\/www.apen.es\\\/wp-content\\\/uploads\\\/2022\\\/08\\\/logo-apenok-231x82-1.png\",\"width\":231,\"height\":82,\"caption\":\"Apen: Soluciones inform\u00e1ticas\"},\"image\":{\"@id\":\"https:\\\/\\\/www.apen.es\\\/#\\\/schema\\\/logo\\\/image\\\/\"},\"sameAs\":[\"https:\\\/\\\/www.facebook.com\\\/apensolucions\",\"https:\\\/\\\/www.youtube.com\\\/user\\\/ApenCentreInformatic\",\"https:\\\/\\\/www.linkedin.com\\\/company\\\/1021771?trk=tyah&trkInfo=clickedVerticalcompanyclickedEntityId1021771idx2-1-2tarId1464195271196tasapenin\"]}]}<\/script>\n<!-- \/ Yoast SEO plugin. -->","yoast_head_json":{"title":"Software de ventas - Apen Inform\u00e1tica","description":"A3ERP - Ventas. El software de gesti\u00f3n que se adapta a tu negocio gestiona la empresa desde un \u00fanico programa almacena tus datos en una \u00fanica DB.","robots":{"index":"index","follow":"follow","max-snippet":"max-snippet:-1","max-image-preview":"max-image-preview:large","max-video-preview":"max-video-preview:-1"},"canonical":"https:\/\/www.apen.es\/en\/erp\/software-de-ventas\/","og_locale":"en_US","og_type":"article","og_title":"Software de ventas - Apen Inform\u00e1tica","og_description":"A3ERP - Ventas. El software de gesti\u00f3n que se adapta a tu negocio gestiona la empresa desde un \u00fanico programa almacena tus datos en una \u00fanica DB.","og_url":"https:\/\/www.apen.es\/en\/erp\/software-de-ventas\/","og_site_name":"Apen Inform\u00e1tica","article_publisher":"https:\/\/www.facebook.com\/apensolucions","article_modified_time":"2025-07-08T11:27:19+00:00","og_image":[{"width":231,"height":82,"url":"https:\/\/www.apen.es\/wp-content\/uploads\/2016\/05\/logo-apen-231x82-trasparent.png","type":"image\/png"}],"twitter_card":"summary_large_image","twitter_misc":{"Est. reading time":"7 minutes"},"schema":{"@context":"https:\/\/schema.org","@graph":[{"@type":"WebPage","@id":"https:\/\/www.apen.es\/erp\/software-de-ventas\/","url":"https:\/\/www.apen.es\/erp\/software-de-ventas\/","name":"Software de ventas - Apen Inform\u00e1tica","isPartOf":{"@id":"https:\/\/www.apen.es\/#website"},"datePublished":"2018-05-01T17:07:01+00:00","dateModified":"2025-07-08T11:27:19+00:00","description":"A3ERP - Ventas. El software de gesti\u00f3n que se adapta a tu negocio gestiona la empresa desde un \u00fanico programa almacena tus datos en una \u00fanica DB.","breadcrumb":{"@id":"https:\/\/www.apen.es\/erp\/software-de-ventas\/#breadcrumb"},"inLanguage":"en-US","potentialAction":[{"@type":"ReadAction","target":["https:\/\/www.apen.es\/erp\/software-de-ventas\/"]}]},{"@type":"BreadcrumbList","@id":"https:\/\/www.apen.es\/erp\/software-de-ventas\/#breadcrumb","itemListElement":[{"@type":"ListItem","position":1,"name":"Portada","item":"https:\/\/www.apen.es\/"},{"@type":"ListItem","position":2,"name":"ERP. Ofrecemos software gesti\u00f3n a empresas.","item":"https:\/\/www.apen.es\/erp\/"},{"@type":"ListItem","position":3,"name":"Software de ventas"}]},{"@type":"WebSite","@id":"https:\/\/www.apen.es\/#website","url":"https:\/\/www.apen.es\/","name":"Apen Inform\u00e1tica","description":"IT Maintenance, Management Software, Printing Solutions","publisher":{"@id":"https:\/\/www.apen.es\/#organization"},"potentialAction":[{"@type":"SearchAction","target":{"@type":"EntryPoint","urlTemplate":"https:\/\/www.apen.es\/?s={search_term_string}"},"query-input":{"@type":"PropertyValueSpecification","valueRequired":true,"valueName":"search_term_string"}}],"inLanguage":"en-US"},{"@type":"Organization","@id":"https:\/\/www.apen.es\/#organization","name":"Apen: IT Solutions","url":"https:\/\/www.apen.es\/","logo":{"@type":"ImageObject","inLanguage":"en-US","@id":"https:\/\/www.apen.es\/#\/schema\/logo\/image\/","url":"https:\/\/www.apen.es\/wp-content\/uploads\/2022\/08\/logo-apenok-231x82-1.png","contentUrl":"https:\/\/www.apen.es\/wp-content\/uploads\/2022\/08\/logo-apenok-231x82-1.png","width":231,"height":82,"caption":"Apen: Soluciones inform\u00e1ticas"},"image":{"@id":"https:\/\/www.apen.es\/#\/schema\/logo\/image\/"},"sameAs":["https:\/\/www.facebook.com\/apensolucions","https:\/\/www.youtube.com\/user\/ApenCentreInformatic","https:\/\/www.linkedin.com\/company\/1021771?trk=tyah&trkInfo=clickedVerticalcompanyclickedEntityId1021771idx2-1-2tarId1464195271196tasapenin"]}]}},"taxonomy_info":[],"featured_image_src_large":false,"author_info":{"display_name":"marqueting","author_link":"https:\/\/www.apen.es\/en\/blog\/author\/marqueting\/"},"comment_info":0,"_links":{"self":[{"href":"https:\/\/www.apen.es\/en\/wp-json\/wp\/v2\/pages\/9674","targetHints":{"allow":["GET"]}}],"collection":[{"href":"https:\/\/www.apen.es\/en\/wp-json\/wp\/v2\/pages"}],"about":[{"href":"https:\/\/www.apen.es\/en\/wp-json\/wp\/v2\/types\/page"}],"author":[{"embeddable":true,"href":"https:\/\/www.apen.es\/en\/wp-json\/wp\/v2\/users\/4"}],"replies":[{"embeddable":true,"href":"https:\/\/www.apen.es\/en\/wp-json\/wp\/v2\/comments?post=9674"}],"version-history":[{"count":1,"href":"https:\/\/www.apen.es\/en\/wp-json\/wp\/v2\/pages\/9674\/revisions"}],"predecessor-version":[{"id":55856,"href":"https:\/\/www.apen.es\/en\/wp-json\/wp\/v2\/pages\/9674\/revisions\/55856"}],"up":[{"embeddable":true,"href":"https:\/\/www.apen.es\/en\/wp-json\/wp\/v2\/pages\/9649"}],"wp:attachment":[{"href":"https:\/\/www.apen.es\/en\/wp-json\/wp\/v2\/media?parent=9674"}],"curies":[{"name":"wp","href":"https:\/\/api.w.org\/{rel}","templated":true}]}}