{"id":9668,"date":"2018-05-01T17:00:04","date_gmt":"2018-05-01T17:00:04","guid":{"rendered":"https:\/\/www.apen.es\/?page_id=9668"},"modified":"2025-07-08T11:25:07","modified_gmt":"2025-07-08T11:25:07","slug":"programa-de-facturacion","status":"publish","type":"page","link":"https:\/\/www.apen.es\/en\/erp\/programa-de-facturacion\/","title":{"rendered":"Billing software. We offer business management software."},"content":{"rendered":"<p>One of the departments in companies where technology is most needed is the administrative department, which is why hiring a <strong>billing program<\/strong> It&#039;s not just a solution for keeping administrative tasks up-to-date and organized\u2014a mandatory task in all companies, such as company accounting\u2014but it&#039;s also a good way to mitigate potential errors. On the one hand, it makes the work much more enjoyable for the employee, and on the other hand, <strong>billing program<\/strong>, It can be the ideal option for freelancers and small and medium-sized businesses because you can access it quickly from any mobile device. Another department that benefits from it is... <a href=\"\/en\/erp\/\"><strong>billing program<\/strong><\/a> It&#039;s the commercial.<\/p>\n\n\n\n<p>This software allows businesses to contact customers to complete the sales process. It&#039;s also an essential tool for creating delivery notes, quotes, and electronic invoices in real time. Furthermore, it reduces waiting times and bureaucratic processes.<\/p>\n\n\n\n<p>It can definitely be useful for a company to use a <strong>billing program<\/strong>, Especially a3factura. Because it maximizes the return on investment for your sales force, reduces operating costs, and identifies areas for improvement. It features real-time generation and tracking, as well as automatic generation and tracking of quotes, orders, delivery notes, and invoices. You can also carry all this information in your pocket with the mobile app, which allows you to access the database of items, customers, and suppliers to register new customers or suppliers, check customer locations on a map, or contact them by phone or email.<\/p>\n\n\n\n<p>With a single click, you can access all the information generated in the relationship with customers: sales opportunities, actions taken, sales history\u2026 The main functions offered by a <strong>billing program<\/strong> They offer a global view of the company&#039;s status through graphs that show real-time information on the status of collections and payments, comparisons of billing by year, billing volume by customer and, finally, a ranking of best-selling items or products.<\/p>\n\n\n\n<p>A <a href=\"\/en\/erp\/\"><strong>billing program<\/strong><\/a>, Therefore, it also includes other functionalities such as budgeting, invoicing, and collecting payments. It allows you to create quotes for clients and invoices based on generated quotes or other items, create clients to whom you can quote or invoice for tasks, and send documents to clients.<\/p>\n\n\n\n<p>Finally, you can create custom invoices with your company&#039;s branding and add any fields you need to each document. Furthermore, the entire invoicing process within the program is clear and intuitive. With a3factura, you can add as many users as you need, and even invite your accountant if you wish, at no extra cost.<\/p>","protected":false},"excerpt":{"rendered":"<p>Uno de los departamentos de las empresas d\u00f3nde se necesita m\u00e1s la tecnolog\u00eda es el departamento administrativo, por eso contratar a un programa de facturaci\u00f3n no s\u00f3lo es una soluci\u00f3n para llevar al d\u00eda y de forma organizada las tareas administrativas, tarea obligatoria en todas las empresas la contabilidad de una empresa. Sino que tambi\u00e9n&#8230;<\/p>","protected":false},"author":4,"featured_media":0,"parent":9649,"menu_order":0,"comment_status":"closed","ping_status":"closed","template":"page-landing-moduls.php","meta":{"_acf_changed":false,"_kad_blocks_custom_css":"","_kad_blocks_head_custom_js":"","_kad_blocks_body_custom_js":"","_kad_blocks_footer_custom_js":"","_kad_post_transparent":"","_kad_post_title":"","_kad_post_layout":"","_kad_post_sidebar_id":"","_kad_post_content_style":"","_kad_post_vertical_padding":"","_kad_post_feature":"","_kad_post_feature_position":"","_kad_post_header":false,"_kad_post_footer":false,"_kad_post_classname":"","footnotes":""},"class_list":["post-9668","page","type-page","status-publish","hentry"],"acf":[],"yoast_head":"<!-- This site is optimized with the Yoast SEO plugin v27.4 - https:\/\/yoast.com\/product\/yoast-seo-wordpress\/ -->\n<title>Programa de facturaci\u00f3n. Ofrecemos software gesti\u00f3n a empresas - Apen Inform\u00e1tica<\/title>\n<meta name=\"description\" content=\"A3ERP - Programa de Facturaci\u00f3n El software de gesti\u00f3n que se adapta a tu negocio gestiona la empresa desde un \u00fanico programa. Conf\u00eda en Apen.\" \/>\n<meta name=\"robots\" content=\"index, follow, max-snippet:-1, max-image-preview:large, max-video-preview:-1\" \/>\n<link rel=\"canonical\" href=\"https:\/\/www.apen.es\/en\/erp\/programa-de-facturacion\/\" \/>\n<meta property=\"og:locale\" content=\"en_US\" \/>\n<meta property=\"og:type\" content=\"article\" \/>\n<meta property=\"og:title\" content=\"Programa de facturaci\u00f3n. Ofrecemos software gesti\u00f3n a empresas - Apen Inform\u00e1tica\" \/>\n<meta property=\"og:description\" content=\"A3ERP - Programa de Facturaci\u00f3n El software de gesti\u00f3n que se adapta a tu negocio gestiona la empresa desde un \u00fanico programa. Conf\u00eda en Apen.\" \/>\n<meta property=\"og:url\" content=\"https:\/\/www.apen.es\/en\/erp\/programa-de-facturacion\/\" \/>\n<meta property=\"og:site_name\" content=\"Apen Inform\u00e1tica\" \/>\n<meta property=\"article:publisher\" content=\"https:\/\/www.facebook.com\/apensolucions\" \/>\n<meta property=\"article:modified_time\" content=\"2025-07-08T11:25:07+00:00\" \/>\n<meta property=\"og:image\" content=\"https:\/\/www.apen.es\/wp-content\/uploads\/2016\/05\/logo-apen-231x82-trasparent.png\" \/>\n\t<meta property=\"og:image:width\" content=\"231\" \/>\n\t<meta property=\"og:image:height\" content=\"82\" \/>\n\t<meta property=\"og:image:type\" content=\"image\/png\" \/>\n<meta name=\"twitter:card\" content=\"summary_large_image\" \/>\n<meta name=\"twitter:label1\" content=\"Est. reading time\" \/>\n\t<meta name=\"twitter:data1\" content=\"7 minutes\" \/>\n<script type=\"application\/ld+json\" class=\"yoast-schema-graph\">{\"@context\":\"https:\\\/\\\/schema.org\",\"@graph\":[{\"@type\":\"WebPage\",\"@id\":\"https:\\\/\\\/www.apen.es\\\/erp\\\/programa-de-facturacion\\\/\",\"url\":\"https:\\\/\\\/www.apen.es\\\/erp\\\/programa-de-facturacion\\\/\",\"name\":\"Programa de facturaci\u00f3n. Ofrecemos software gesti\u00f3n a empresas - Apen Inform\u00e1tica\",\"isPartOf\":{\"@id\":\"https:\\\/\\\/www.apen.es\\\/#website\"},\"datePublished\":\"2018-05-01T17:00:04+00:00\",\"dateModified\":\"2025-07-08T11:25:07+00:00\",\"description\":\"A3ERP - Programa de Facturaci\u00f3n El software de gesti\u00f3n que se adapta a tu negocio gestiona la empresa desde un \u00fanico programa. Conf\u00eda en Apen.\",\"breadcrumb\":{\"@id\":\"https:\\\/\\\/www.apen.es\\\/erp\\\/programa-de-facturacion\\\/#breadcrumb\"},\"inLanguage\":\"en-US\",\"potentialAction\":[{\"@type\":\"ReadAction\",\"target\":[\"https:\\\/\\\/www.apen.es\\\/erp\\\/programa-de-facturacion\\\/\"]}]},{\"@type\":\"BreadcrumbList\",\"@id\":\"https:\\\/\\\/www.apen.es\\\/erp\\\/programa-de-facturacion\\\/#breadcrumb\",\"itemListElement\":[{\"@type\":\"ListItem\",\"position\":1,\"name\":\"Portada\",\"item\":\"https:\\\/\\\/www.apen.es\\\/\"},{\"@type\":\"ListItem\",\"position\":2,\"name\":\"ERP. Ofrecemos software gesti\u00f3n a empresas.\",\"item\":\"https:\\\/\\\/www.apen.es\\\/erp\\\/\"},{\"@type\":\"ListItem\",\"position\":3,\"name\":\"Programa de facturaci\u00f3n. Ofrecemos software gesti\u00f3n a empresas\"}]},{\"@type\":\"WebSite\",\"@id\":\"https:\\\/\\\/www.apen.es\\\/#website\",\"url\":\"https:\\\/\\\/www.apen.es\\\/\",\"name\":\"Apen Inform\u00e1tica\",\"description\":\"Mantenimiento Inform\u00e1tico , Software de Gesti\u00f3n, Soluciones de impresi\u00f3n\",\"publisher\":{\"@id\":\"https:\\\/\\\/www.apen.es\\\/#organization\"},\"potentialAction\":[{\"@type\":\"SearchAction\",\"target\":{\"@type\":\"EntryPoint\",\"urlTemplate\":\"https:\\\/\\\/www.apen.es\\\/?s={search_term_string}\"},\"query-input\":{\"@type\":\"PropertyValueSpecification\",\"valueRequired\":true,\"valueName\":\"search_term_string\"}}],\"inLanguage\":\"en-US\"},{\"@type\":\"Organization\",\"@id\":\"https:\\\/\\\/www.apen.es\\\/#organization\",\"name\":\"Apen: Soluciones inform\u00e1ticas\",\"url\":\"https:\\\/\\\/www.apen.es\\\/\",\"logo\":{\"@type\":\"ImageObject\",\"inLanguage\":\"en-US\",\"@id\":\"https:\\\/\\\/www.apen.es\\\/#\\\/schema\\\/logo\\\/image\\\/\",\"url\":\"https:\\\/\\\/www.apen.es\\\/wp-content\\\/uploads\\\/2022\\\/08\\\/logo-apenok-231x82-1.png\",\"contentUrl\":\"https:\\\/\\\/www.apen.es\\\/wp-content\\\/uploads\\\/2022\\\/08\\\/logo-apenok-231x82-1.png\",\"width\":231,\"height\":82,\"caption\":\"Apen: Soluciones inform\u00e1ticas\"},\"image\":{\"@id\":\"https:\\\/\\\/www.apen.es\\\/#\\\/schema\\\/logo\\\/image\\\/\"},\"sameAs\":[\"https:\\\/\\\/www.facebook.com\\\/apensolucions\",\"https:\\\/\\\/www.youtube.com\\\/user\\\/ApenCentreInformatic\",\"https:\\\/\\\/www.linkedin.com\\\/company\\\/1021771?trk=tyah&trkInfo=clickedVerticalcompanyclickedEntityId1021771idx2-1-2tarId1464195271196tasapenin\"]}]}<\/script>\n<!-- \/ Yoast SEO plugin. -->","yoast_head_json":{"title":"Programa de facturaci\u00f3n. Ofrecemos software gesti\u00f3n a empresas - Apen Inform\u00e1tica","description":"A3ERP - Programa de Facturaci\u00f3n El software de gesti\u00f3n que se adapta a tu negocio gestiona la empresa desde un \u00fanico programa. Conf\u00eda en Apen.","robots":{"index":"index","follow":"follow","max-snippet":"max-snippet:-1","max-image-preview":"max-image-preview:large","max-video-preview":"max-video-preview:-1"},"canonical":"https:\/\/www.apen.es\/en\/erp\/programa-de-facturacion\/","og_locale":"en_US","og_type":"article","og_title":"Programa de facturaci\u00f3n. Ofrecemos software gesti\u00f3n a empresas - Apen Inform\u00e1tica","og_description":"A3ERP - Programa de Facturaci\u00f3n El software de gesti\u00f3n que se adapta a tu negocio gestiona la empresa desde un \u00fanico programa. Conf\u00eda en Apen.","og_url":"https:\/\/www.apen.es\/en\/erp\/programa-de-facturacion\/","og_site_name":"Apen Inform\u00e1tica","article_publisher":"https:\/\/www.facebook.com\/apensolucions","article_modified_time":"2025-07-08T11:25:07+00:00","og_image":[{"width":231,"height":82,"url":"https:\/\/www.apen.es\/wp-content\/uploads\/2016\/05\/logo-apen-231x82-trasparent.png","type":"image\/png"}],"twitter_card":"summary_large_image","twitter_misc":{"Est. reading time":"7 minutes"},"schema":{"@context":"https:\/\/schema.org","@graph":[{"@type":"WebPage","@id":"https:\/\/www.apen.es\/erp\/programa-de-facturacion\/","url":"https:\/\/www.apen.es\/erp\/programa-de-facturacion\/","name":"Programa de facturaci\u00f3n. Ofrecemos software gesti\u00f3n a empresas - Apen Inform\u00e1tica","isPartOf":{"@id":"https:\/\/www.apen.es\/#website"},"datePublished":"2018-05-01T17:00:04+00:00","dateModified":"2025-07-08T11:25:07+00:00","description":"A3ERP - Programa de Facturaci\u00f3n El software de gesti\u00f3n que se adapta a tu negocio gestiona la empresa desde un \u00fanico programa. Conf\u00eda en Apen.","breadcrumb":{"@id":"https:\/\/www.apen.es\/erp\/programa-de-facturacion\/#breadcrumb"},"inLanguage":"en-US","potentialAction":[{"@type":"ReadAction","target":["https:\/\/www.apen.es\/erp\/programa-de-facturacion\/"]}]},{"@type":"BreadcrumbList","@id":"https:\/\/www.apen.es\/erp\/programa-de-facturacion\/#breadcrumb","itemListElement":[{"@type":"ListItem","position":1,"name":"Portada","item":"https:\/\/www.apen.es\/"},{"@type":"ListItem","position":2,"name":"ERP. Ofrecemos software gesti\u00f3n a empresas.","item":"https:\/\/www.apen.es\/erp\/"},{"@type":"ListItem","position":3,"name":"Programa de facturaci\u00f3n. Ofrecemos software gesti\u00f3n a empresas"}]},{"@type":"WebSite","@id":"https:\/\/www.apen.es\/#website","url":"https:\/\/www.apen.es\/","name":"Apen Inform\u00e1tica","description":"IT Maintenance, Management Software, Printing Solutions","publisher":{"@id":"https:\/\/www.apen.es\/#organization"},"potentialAction":[{"@type":"SearchAction","target":{"@type":"EntryPoint","urlTemplate":"https:\/\/www.apen.es\/?s={search_term_string}"},"query-input":{"@type":"PropertyValueSpecification","valueRequired":true,"valueName":"search_term_string"}}],"inLanguage":"en-US"},{"@type":"Organization","@id":"https:\/\/www.apen.es\/#organization","name":"Apen: IT Solutions","url":"https:\/\/www.apen.es\/","logo":{"@type":"ImageObject","inLanguage":"en-US","@id":"https:\/\/www.apen.es\/#\/schema\/logo\/image\/","url":"https:\/\/www.apen.es\/wp-content\/uploads\/2022\/08\/logo-apenok-231x82-1.png","contentUrl":"https:\/\/www.apen.es\/wp-content\/uploads\/2022\/08\/logo-apenok-231x82-1.png","width":231,"height":82,"caption":"Apen: Soluciones inform\u00e1ticas"},"image":{"@id":"https:\/\/www.apen.es\/#\/schema\/logo\/image\/"},"sameAs":["https:\/\/www.facebook.com\/apensolucions","https:\/\/www.youtube.com\/user\/ApenCentreInformatic","https:\/\/www.linkedin.com\/company\/1021771?trk=tyah&trkInfo=clickedVerticalcompanyclickedEntityId1021771idx2-1-2tarId1464195271196tasapenin"]}]}},"taxonomy_info":[],"featured_image_src_large":false,"author_info":{"display_name":"marqueting","author_link":"https:\/\/www.apen.es\/en\/blog\/author\/marqueting\/"},"comment_info":0,"_links":{"self":[{"href":"https:\/\/www.apen.es\/en\/wp-json\/wp\/v2\/pages\/9668","targetHints":{"allow":["GET"]}}],"collection":[{"href":"https:\/\/www.apen.es\/en\/wp-json\/wp\/v2\/pages"}],"about":[{"href":"https:\/\/www.apen.es\/en\/wp-json\/wp\/v2\/types\/page"}],"author":[{"embeddable":true,"href":"https:\/\/www.apen.es\/en\/wp-json\/wp\/v2\/users\/4"}],"replies":[{"embeddable":true,"href":"https:\/\/www.apen.es\/en\/wp-json\/wp\/v2\/comments?post=9668"}],"version-history":[{"count":1,"href":"https:\/\/www.apen.es\/en\/wp-json\/wp\/v2\/pages\/9668\/revisions"}],"predecessor-version":[{"id":55852,"href":"https:\/\/www.apen.es\/en\/wp-json\/wp\/v2\/pages\/9668\/revisions\/55852"}],"up":[{"embeddable":true,"href":"https:\/\/www.apen.es\/en\/wp-json\/wp\/v2\/pages\/9649"}],"wp:attachment":[{"href":"https:\/\/www.apen.es\/en\/wp-json\/wp\/v2\/media?parent=9668"}],"curies":[{"name":"wp","href":"https:\/\/api.w.org\/{rel}","templated":true}]}}