{"id":9666,"date":"2018-05-01T16:58:15","date_gmt":"2018-05-01T16:58:15","guid":{"rendered":"https:\/\/www.apen.es\/?page_id=9666"},"modified":"2025-07-08T11:24:07","modified_gmt":"2025-07-08T11:24:07","slug":"erp-facturacion","status":"publish","type":"page","link":"https:\/\/www.apen.es\/en\/erp\/erp-facturacion\/","title":{"rendered":"ERP Billing"},"content":{"rendered":"<p>A company is legally obligated to issue invoices. Therefore, to manage company invoicing efficiently and automatically, it is recommended to use invoicing software. <a href=\"\/en\/erp\/\"><strong>Billing ERP<\/strong><\/a>. It is an alternative option to optimize business management.<\/p>\n\n\n\n<p>ERP is a software program and process management system integrated into a digital platform. <strong>Billing ERP<\/strong> They are a great help to any type of company; after all, they adapt to the business to streamline and facilitate business management.<\/p>\n\n\n\n<p>Really, a <strong>Billing ERP<\/strong>, It&#039;s not just for printing invoices; a simple Excel or Word template would suffice. However, invoicing software offers many more features. It integrates all invoices into a single program, like a3factura, allowing for automatic retrieval within the software, thus saving time and money. An ERP system allows you to anticipate future business needs, such as forecasting VAT payments.<\/p>\n\n\n\n<p>Among its key features is comprehensive management, meaning it controls the management of potential and current clients, channels, offers and quotes, commercial terms, and many more options for documenting customer-related processes. Another function is that it helps you reduce costs, administrative burdens, and professionalize your business. Definitely a <strong>Billing ERP<\/strong>, It is a solution that automates the company&#039;s accounting management, automatically generating accounting entries corresponding to the movements made, such as sales invoices, purchases, collections, and payments.<\/p>\n\n\n\n<p>It has an app that you can access from a mobile phone or tablet. Cloud technology offers many advantages, because with the a3factura app you can also keep your data safe and your information always up to date.<\/p>\n\n\n\n<p>We must value the fact that a <a href=\"\/en\/erp\/\"><strong>Billing ERP<\/strong><\/a> It offers greater reliability than physical media, as it is not easily damaged and information is not lost. And you don&#039;t need to worry about data confidentiality, as the program complies with the Spanish Organic Law on Data Protection (LOPD).<\/p>\n\n\n\n<p>Furthermore, these programs are highly efficient and easy to use; no prior training is required to get started. In short, it&#039;s a very reliable and secure system that can streamline your invoice and customer data management.<\/p>\n\n\n\n<p>Finally, these are multi-company and multi-user programs; in other words, more than one company can be managed, and more than one user can access the program at no additional cost. You can even share information with the company manager, facilitating communication and avoiding bureaucratic procedures. You can work collaboratively with the manager to optimize your time, avoiding travel and transcription errors.<\/p>","protected":false},"excerpt":{"rendered":"<p>Una empresa est\u00e1 obligada por ley a hacer la facturaci\u00f3n. Por eso, para llevar de la mejor manera y autom\u00e1ticamente la facturaci\u00f3n de la empresa, se recomienda que se contrate un software ERP de facturaci\u00f3n. Es una opci\u00f3n alternativa para optimizar la gesti\u00f3n del negocio. ERP es un programa inform\u00e1tico y de gesti\u00f3n de procesos&#8230;<\/p>","protected":false},"author":4,"featured_media":0,"parent":9649,"menu_order":0,"comment_status":"closed","ping_status":"closed","template":"page-landing-moduls.php","meta":{"_acf_changed":false,"_kad_blocks_custom_css":"","_kad_blocks_head_custom_js":"","_kad_blocks_body_custom_js":"","_kad_blocks_footer_custom_js":"","_kad_post_transparent":"","_kad_post_title":"","_kad_post_layout":"","_kad_post_sidebar_id":"","_kad_post_content_style":"","_kad_post_vertical_padding":"","_kad_post_feature":"","_kad_post_feature_position":"","_kad_post_header":false,"_kad_post_footer":false,"_kad_post_classname":"","footnotes":""},"class_list":["post-9666","page","type-page","status-publish","hentry"],"acf":[],"yoast_head":"<!-- This site is optimized with the Yoast SEO plugin v27.4 - https:\/\/yoast.com\/product\/yoast-seo-wordpress\/ -->\n<title>ERP Facturaci\u00f3n - Apen Inform\u00e1tica<\/title>\n<meta name=\"description\" content=\"A3ERP - ERP Facturaci\u00f3n. Software de gesti\u00f3n que se adapta a tu negocio gestiona la empresa desde un \u00fanico programa integral.Conf\u00eda en Apen.\" \/>\n<meta name=\"robots\" content=\"index, follow, max-snippet:-1, max-image-preview:large, max-video-preview:-1\" \/>\n<link rel=\"canonical\" href=\"https:\/\/www.apen.es\/en\/erp\/erp-facturacion\/\" \/>\n<meta property=\"og:locale\" content=\"en_US\" \/>\n<meta property=\"og:type\" content=\"article\" \/>\n<meta property=\"og:title\" content=\"ERP Facturaci\u00f3n - Apen Inform\u00e1tica\" \/>\n<meta property=\"og:description\" content=\"A3ERP - ERP Facturaci\u00f3n. Software de gesti\u00f3n que se adapta a tu negocio gestiona la empresa desde un \u00fanico programa integral.Conf\u00eda en Apen.\" \/>\n<meta property=\"og:url\" content=\"https:\/\/www.apen.es\/en\/erp\/erp-facturacion\/\" \/>\n<meta property=\"og:site_name\" content=\"Apen Inform\u00e1tica\" \/>\n<meta property=\"article:publisher\" content=\"https:\/\/www.facebook.com\/apensolucions\" \/>\n<meta property=\"article:modified_time\" content=\"2025-07-08T11:24:07+00:00\" \/>\n<meta property=\"og:image\" content=\"https:\/\/www.apen.es\/wp-content\/uploads\/2016\/05\/logo-apen-231x82-trasparent.png\" \/>\n\t<meta property=\"og:image:width\" content=\"231\" \/>\n\t<meta property=\"og:image:height\" content=\"82\" \/>\n\t<meta property=\"og:image:type\" content=\"image\/png\" \/>\n<meta name=\"twitter:card\" content=\"summary_large_image\" \/>\n<meta name=\"twitter:label1\" content=\"Est. reading time\" \/>\n\t<meta name=\"twitter:data1\" content=\"7 minutes\" \/>\n<script type=\"application\/ld+json\" class=\"yoast-schema-graph\">{\"@context\":\"https:\\\/\\\/schema.org\",\"@graph\":[{\"@type\":\"WebPage\",\"@id\":\"https:\\\/\\\/www.apen.es\\\/erp\\\/erp-facturacion\\\/\",\"url\":\"https:\\\/\\\/www.apen.es\\\/erp\\\/erp-facturacion\\\/\",\"name\":\"ERP Facturaci\u00f3n - Apen Inform\u00e1tica\",\"isPartOf\":{\"@id\":\"https:\\\/\\\/www.apen.es\\\/#website\"},\"datePublished\":\"2018-05-01T16:58:15+00:00\",\"dateModified\":\"2025-07-08T11:24:07+00:00\",\"description\":\"A3ERP - ERP Facturaci\u00f3n. Software de gesti\u00f3n que se adapta a tu negocio gestiona la empresa desde un \u00fanico programa integral.Conf\u00eda en Apen.\",\"breadcrumb\":{\"@id\":\"https:\\\/\\\/www.apen.es\\\/erp\\\/erp-facturacion\\\/#breadcrumb\"},\"inLanguage\":\"en-US\",\"potentialAction\":[{\"@type\":\"ReadAction\",\"target\":[\"https:\\\/\\\/www.apen.es\\\/erp\\\/erp-facturacion\\\/\"]}]},{\"@type\":\"BreadcrumbList\",\"@id\":\"https:\\\/\\\/www.apen.es\\\/erp\\\/erp-facturacion\\\/#breadcrumb\",\"itemListElement\":[{\"@type\":\"ListItem\",\"position\":1,\"name\":\"Portada\",\"item\":\"https:\\\/\\\/www.apen.es\\\/\"},{\"@type\":\"ListItem\",\"position\":2,\"name\":\"ERP. Ofrecemos software gesti\u00f3n a empresas.\",\"item\":\"https:\\\/\\\/www.apen.es\\\/erp\\\/\"},{\"@type\":\"ListItem\",\"position\":3,\"name\":\"ERP Facturaci\u00f3n\"}]},{\"@type\":\"WebSite\",\"@id\":\"https:\\\/\\\/www.apen.es\\\/#website\",\"url\":\"https:\\\/\\\/www.apen.es\\\/\",\"name\":\"Apen Inform\u00e1tica\",\"description\":\"Mantenimiento Inform\u00e1tico , Software de Gesti\u00f3n, Soluciones de impresi\u00f3n\",\"publisher\":{\"@id\":\"https:\\\/\\\/www.apen.es\\\/#organization\"},\"potentialAction\":[{\"@type\":\"SearchAction\",\"target\":{\"@type\":\"EntryPoint\",\"urlTemplate\":\"https:\\\/\\\/www.apen.es\\\/?s={search_term_string}\"},\"query-input\":{\"@type\":\"PropertyValueSpecification\",\"valueRequired\":true,\"valueName\":\"search_term_string\"}}],\"inLanguage\":\"en-US\"},{\"@type\":\"Organization\",\"@id\":\"https:\\\/\\\/www.apen.es\\\/#organization\",\"name\":\"Apen: Soluciones inform\u00e1ticas\",\"url\":\"https:\\\/\\\/www.apen.es\\\/\",\"logo\":{\"@type\":\"ImageObject\",\"inLanguage\":\"en-US\",\"@id\":\"https:\\\/\\\/www.apen.es\\\/#\\\/schema\\\/logo\\\/image\\\/\",\"url\":\"https:\\\/\\\/www.apen.es\\\/wp-content\\\/uploads\\\/2022\\\/08\\\/logo-apenok-231x82-1.png\",\"contentUrl\":\"https:\\\/\\\/www.apen.es\\\/wp-content\\\/uploads\\\/2022\\\/08\\\/logo-apenok-231x82-1.png\",\"width\":231,\"height\":82,\"caption\":\"Apen: Soluciones inform\u00e1ticas\"},\"image\":{\"@id\":\"https:\\\/\\\/www.apen.es\\\/#\\\/schema\\\/logo\\\/image\\\/\"},\"sameAs\":[\"https:\\\/\\\/www.facebook.com\\\/apensolucions\",\"https:\\\/\\\/www.youtube.com\\\/user\\\/ApenCentreInformatic\",\"https:\\\/\\\/www.linkedin.com\\\/company\\\/1021771?trk=tyah&trkInfo=clickedVerticalcompanyclickedEntityId1021771idx2-1-2tarId1464195271196tasapenin\"]}]}<\/script>\n<!-- \/ Yoast SEO plugin. -->","yoast_head_json":{"title":"ERP Facturaci\u00f3n - Apen Inform\u00e1tica","description":"A3ERP - ERP Facturaci\u00f3n. Software de gesti\u00f3n que se adapta a tu negocio gestiona la empresa desde un \u00fanico programa integral.Conf\u00eda en Apen.","robots":{"index":"index","follow":"follow","max-snippet":"max-snippet:-1","max-image-preview":"max-image-preview:large","max-video-preview":"max-video-preview:-1"},"canonical":"https:\/\/www.apen.es\/en\/erp\/erp-facturacion\/","og_locale":"en_US","og_type":"article","og_title":"ERP Facturaci\u00f3n - Apen Inform\u00e1tica","og_description":"A3ERP - ERP Facturaci\u00f3n. Software de gesti\u00f3n que se adapta a tu negocio gestiona la empresa desde un \u00fanico programa integral.Conf\u00eda en Apen.","og_url":"https:\/\/www.apen.es\/en\/erp\/erp-facturacion\/","og_site_name":"Apen Inform\u00e1tica","article_publisher":"https:\/\/www.facebook.com\/apensolucions","article_modified_time":"2025-07-08T11:24:07+00:00","og_image":[{"width":231,"height":82,"url":"https:\/\/www.apen.es\/wp-content\/uploads\/2016\/05\/logo-apen-231x82-trasparent.png","type":"image\/png"}],"twitter_card":"summary_large_image","twitter_misc":{"Est. reading time":"7 minutes"},"schema":{"@context":"https:\/\/schema.org","@graph":[{"@type":"WebPage","@id":"https:\/\/www.apen.es\/erp\/erp-facturacion\/","url":"https:\/\/www.apen.es\/erp\/erp-facturacion\/","name":"ERP Facturaci\u00f3n - Apen Inform\u00e1tica","isPartOf":{"@id":"https:\/\/www.apen.es\/#website"},"datePublished":"2018-05-01T16:58:15+00:00","dateModified":"2025-07-08T11:24:07+00:00","description":"A3ERP - ERP Facturaci\u00f3n. Software de gesti\u00f3n que se adapta a tu negocio gestiona la empresa desde un \u00fanico programa integral.Conf\u00eda en Apen.","breadcrumb":{"@id":"https:\/\/www.apen.es\/erp\/erp-facturacion\/#breadcrumb"},"inLanguage":"en-US","potentialAction":[{"@type":"ReadAction","target":["https:\/\/www.apen.es\/erp\/erp-facturacion\/"]}]},{"@type":"BreadcrumbList","@id":"https:\/\/www.apen.es\/erp\/erp-facturacion\/#breadcrumb","itemListElement":[{"@type":"ListItem","position":1,"name":"Portada","item":"https:\/\/www.apen.es\/"},{"@type":"ListItem","position":2,"name":"ERP. Ofrecemos software gesti\u00f3n a empresas.","item":"https:\/\/www.apen.es\/erp\/"},{"@type":"ListItem","position":3,"name":"ERP Facturaci\u00f3n"}]},{"@type":"WebSite","@id":"https:\/\/www.apen.es\/#website","url":"https:\/\/www.apen.es\/","name":"Apen Inform\u00e1tica","description":"IT Maintenance, Management Software, Printing Solutions","publisher":{"@id":"https:\/\/www.apen.es\/#organization"},"potentialAction":[{"@type":"SearchAction","target":{"@type":"EntryPoint","urlTemplate":"https:\/\/www.apen.es\/?s={search_term_string}"},"query-input":{"@type":"PropertyValueSpecification","valueRequired":true,"valueName":"search_term_string"}}],"inLanguage":"en-US"},{"@type":"Organization","@id":"https:\/\/www.apen.es\/#organization","name":"Apen: IT Solutions","url":"https:\/\/www.apen.es\/","logo":{"@type":"ImageObject","inLanguage":"en-US","@id":"https:\/\/www.apen.es\/#\/schema\/logo\/image\/","url":"https:\/\/www.apen.es\/wp-content\/uploads\/2022\/08\/logo-apenok-231x82-1.png","contentUrl":"https:\/\/www.apen.es\/wp-content\/uploads\/2022\/08\/logo-apenok-231x82-1.png","width":231,"height":82,"caption":"Apen: Soluciones inform\u00e1ticas"},"image":{"@id":"https:\/\/www.apen.es\/#\/schema\/logo\/image\/"},"sameAs":["https:\/\/www.facebook.com\/apensolucions","https:\/\/www.youtube.com\/user\/ApenCentreInformatic","https:\/\/www.linkedin.com\/company\/1021771?trk=tyah&trkInfo=clickedVerticalcompanyclickedEntityId1021771idx2-1-2tarId1464195271196tasapenin"]}]}},"taxonomy_info":[],"featured_image_src_large":false,"author_info":{"display_name":"marqueting","author_link":"https:\/\/www.apen.es\/en\/blog\/author\/marqueting\/"},"comment_info":0,"_links":{"self":[{"href":"https:\/\/www.apen.es\/en\/wp-json\/wp\/v2\/pages\/9666","targetHints":{"allow":["GET"]}}],"collection":[{"href":"https:\/\/www.apen.es\/en\/wp-json\/wp\/v2\/pages"}],"about":[{"href":"https:\/\/www.apen.es\/en\/wp-json\/wp\/v2\/types\/page"}],"author":[{"embeddable":true,"href":"https:\/\/www.apen.es\/en\/wp-json\/wp\/v2\/users\/4"}],"replies":[{"embeddable":true,"href":"https:\/\/www.apen.es\/en\/wp-json\/wp\/v2\/comments?post=9666"}],"version-history":[{"count":1,"href":"https:\/\/www.apen.es\/en\/wp-json\/wp\/v2\/pages\/9666\/revisions"}],"predecessor-version":[{"id":55850,"href":"https:\/\/www.apen.es\/en\/wp-json\/wp\/v2\/pages\/9666\/revisions\/55850"}],"up":[{"embeddable":true,"href":"https:\/\/www.apen.es\/en\/wp-json\/wp\/v2\/pages\/9649"}],"wp:attachment":[{"href":"https:\/\/www.apen.es\/en\/wp-json\/wp\/v2\/media?parent=9666"}],"curies":[{"name":"wp","href":"https:\/\/api.w.org\/{rel}","templated":true}]}}