{"id":9262,"date":"2018-03-31T11:44:20","date_gmt":"2018-03-31T11:44:20","guid":{"rendered":"https:\/\/www.apen.es\/?page_id=9262"},"modified":"2025-07-16T09:27:46","modified_gmt":"2025-07-16T09:27:46","slug":"cloud-software","status":"publish","type":"page","link":"https:\/\/www.apen.es\/en\/a3factura\/software-en-la-nube\/","title":{"rendered":"Cloud-based software"},"content":{"rendered":"<p>If you&#039;re looking for a billing program with a&nbsp;<a href=\"https:\/\/www.apen.es\/en\/a3invoice\/\"><strong>Cloud-based software<\/strong><\/a>&nbsp;And being very easy to use and efficient, a3factura is the perfect product for your company, whether you are self-employed or have a large company, since it has very useful features and great advantages, compared to other online invoicing programs, and we can also obtain it at a very economical price.<\/p>\n\n\n\n<p>Without a doubt, the main feature of this program with a&nbsp;<strong>Software in the<\/strong>&nbsp;<strong>cloud<\/strong>, Its simplicity and ease of use are its strengths, since simply visiting the home screen of the&nbsp;<a href=\"https:\/\/www.apen.es\/en\/a3invoice\/\"><strong>a3invoice<\/strong><\/a>&nbsp;You can already see the current situation of the company, because it has an initial menu in which with just a glance we will see a global view of the current state of the company.<\/p>\n\n\n\n<p>This initial screen we&#039;re discussing can be customized to 100%, creating shortcuts to the application&#039;s most frequently used tools. You&#039;ll also find a clear overview of all accounts and the company&#039;s profitability, the revenue of key clients, a ranking of best-selling products to identify opportunities, and a highly visual comparison of the company&#039;s current performance against the previous year.<\/p>\n\n\n\n<p>That the a3factura program has a&nbsp;<strong>Cloud-based software<\/strong>, It has great advantages, since all data is stored online, so it is not necessary to have a specific computer to consult the stored information or to carry out the procedures, since it can even be used from a mobile phone as long as the application is installed.<\/p>\n\n\n\n<p>Thanks to the system of&nbsp;<strong>Cloud-based software<\/strong>, All data will be updated automatically, so we can add all the users we want to have access and thus always be up to date on all the movements that are made in the company. It is even possible to add the company manager completely free of charge, so that they are also up to date on everything without having to continually pass on all the necessary paperwork.<\/p>\n\n\n\n<p>Therefore, we can say that the a3factura program, thanks to its&nbsp;<strong>Software in the<\/strong>&nbsp;<strong>cloud<\/strong>, It has automated accounting, meaning that while you are using it, the accounting entries corresponding to the movements we make, such as payments, sales invoices, collections, and purchases, are automatically created.<\/p>\n\n\n\n<p>Another notable advantage of this program is that you can capture as many expense receipts as you want from your mobile phone and integrate them into your accounting system at the same time you make the purchase, all thanks to the system it uses.&nbsp;<strong>Cloud-based software<\/strong>.<\/p>","protected":false},"excerpt":{"rendered":"<p>Si busc\u00e1is un programa de facturaci\u00f3n con un&nbsp;Software en la nube&nbsp;y que sea muy sencillo de utilizar y eficiente, a3factura, es el producto perfecto para tu empresa, ya seas aut\u00f3nomo o tengas una gran empresa, ya que cuenta con caracter\u00edsticas muy \u00fatiles y grandes ventajas, respecto a otros programas de facturaci\u00f3n online, adem\u00e1s lo podemos&#8230;<\/p>","protected":false},"author":4,"featured_media":0,"parent":9395,"menu_order":0,"comment_status":"closed","ping_status":"closed","template":"page-landing-innova.php","meta":{"_acf_changed":false,"_kad_blocks_custom_css":"","_kad_blocks_head_custom_js":"","_kad_blocks_body_custom_js":"","_kad_blocks_footer_custom_js":"","_kad_post_transparent":"","_kad_post_title":"","_kad_post_layout":"","_kad_post_sidebar_id":"","_kad_post_content_style":"","_kad_post_vertical_padding":"","_kad_post_feature":"","_kad_post_feature_position":"","_kad_post_header":false,"_kad_post_footer":false,"_kad_post_classname":"","footnotes":""},"class_list":["post-9262","page","type-page","status-publish","hentry"],"acf":[],"yoast_head":"<!-- This site is optimized with the Yoast SEO plugin v27.4 - https:\/\/yoast.com\/product\/yoast-seo-wordpress\/ -->\n<title>Software en la nube - Apen Inform\u00e1tica<\/title>\n<meta name=\"description\" content=\"Disfruta de tu software en la nube para realizar facturas y controlar la facturaci\u00f3n de tu empresa con a3factura. Ll\u00e1manos al 938 606 220 sin compromiso.\" \/>\n<meta name=\"robots\" content=\"index, follow, max-snippet:-1, max-image-preview:large, max-video-preview:-1\" \/>\n<link rel=\"canonical\" href=\"https:\/\/www.apen.es\/en\/a3invoice\/cloud-software\/\" \/>\n<meta property=\"og:locale\" content=\"en_US\" \/>\n<meta property=\"og:type\" content=\"article\" \/>\n<meta property=\"og:title\" content=\"Software en la nube - Apen Inform\u00e1tica\" \/>\n<meta property=\"og:description\" content=\"Disfruta de tu software en la nube para realizar facturas y controlar la facturaci\u00f3n de tu empresa con a3factura. Ll\u00e1manos al 938 606 220 sin compromiso.\" \/>\n<meta property=\"og:url\" content=\"https:\/\/www.apen.es\/en\/a3invoice\/cloud-software\/\" \/>\n<meta property=\"og:site_name\" content=\"Apen Inform\u00e1tica\" \/>\n<meta property=\"article:publisher\" content=\"https:\/\/www.facebook.com\/apensolucions\" \/>\n<meta property=\"article:modified_time\" content=\"2025-07-16T09:27:46+00:00\" \/>\n<meta property=\"og:image\" content=\"https:\/\/www.apen.es\/wp-content\/uploads\/2016\/05\/logo-apen-231x82-trasparent.png\" \/>\n\t<meta property=\"og:image:width\" content=\"231\" \/>\n\t<meta property=\"og:image:height\" content=\"82\" \/>\n\t<meta property=\"og:image:type\" content=\"image\/png\" \/>\n<meta name=\"twitter:card\" content=\"summary_large_image\" \/>\n<meta name=\"twitter:label1\" content=\"Est. reading time\" \/>\n\t<meta name=\"twitter:data1\" content=\"7 minutes\" \/>\n<script type=\"application\/ld+json\" class=\"yoast-schema-graph\">{\"@context\":\"https:\\\/\\\/schema.org\",\"@graph\":[{\"@type\":\"WebPage\",\"@id\":\"https:\\\/\\\/www.apen.es\\\/a3factura\\\/software-en-la-nube\\\/\",\"url\":\"https:\\\/\\\/www.apen.es\\\/a3factura\\\/software-en-la-nube\\\/\",\"name\":\"Software en la nube - Apen Inform\u00e1tica\",\"isPartOf\":{\"@id\":\"https:\\\/\\\/www.apen.es\\\/#website\"},\"datePublished\":\"2018-03-31T11:44:20+00:00\",\"dateModified\":\"2025-07-16T09:27:46+00:00\",\"description\":\"Disfruta de tu software en la nube para realizar facturas y controlar la facturaci\u00f3n de tu empresa con a3factura. Ll\u00e1manos al 938 606 220 sin compromiso.\",\"breadcrumb\":{\"@id\":\"https:\\\/\\\/www.apen.es\\\/a3factura\\\/software-en-la-nube\\\/#breadcrumb\"},\"inLanguage\":\"en-US\",\"potentialAction\":[{\"@type\":\"ReadAction\",\"target\":[\"https:\\\/\\\/www.apen.es\\\/a3factura\\\/software-en-la-nube\\\/\"]}]},{\"@type\":\"BreadcrumbList\",\"@id\":\"https:\\\/\\\/www.apen.es\\\/a3factura\\\/software-en-la-nube\\\/#breadcrumb\",\"itemListElement\":[{\"@type\":\"ListItem\",\"position\":1,\"name\":\"Portada\",\"item\":\"https:\\\/\\\/www.apen.es\\\/\"},{\"@type\":\"ListItem\",\"position\":2,\"name\":\"a3factura\",\"item\":\"https:\\\/\\\/www.apen.es\\\/a3factura\\\/\"},{\"@type\":\"ListItem\",\"position\":3,\"name\":\"Software en la nube\"}]},{\"@type\":\"WebSite\",\"@id\":\"https:\\\/\\\/www.apen.es\\\/#website\",\"url\":\"https:\\\/\\\/www.apen.es\\\/\",\"name\":\"Apen Inform\u00e1tica\",\"description\":\"Mantenimiento Inform\u00e1tico , Software de Gesti\u00f3n, Soluciones de impresi\u00f3n\",\"publisher\":{\"@id\":\"https:\\\/\\\/www.apen.es\\\/#organization\"},\"potentialAction\":[{\"@type\":\"SearchAction\",\"target\":{\"@type\":\"EntryPoint\",\"urlTemplate\":\"https:\\\/\\\/www.apen.es\\\/?s={search_term_string}\"},\"query-input\":{\"@type\":\"PropertyValueSpecification\",\"valueRequired\":true,\"valueName\":\"search_term_string\"}}],\"inLanguage\":\"en-US\"},{\"@type\":\"Organization\",\"@id\":\"https:\\\/\\\/www.apen.es\\\/#organization\",\"name\":\"Apen: Soluciones inform\u00e1ticas\",\"url\":\"https:\\\/\\\/www.apen.es\\\/\",\"logo\":{\"@type\":\"ImageObject\",\"inLanguage\":\"en-US\",\"@id\":\"https:\\\/\\\/www.apen.es\\\/#\\\/schema\\\/logo\\\/image\\\/\",\"url\":\"https:\\\/\\\/www.apen.es\\\/wp-content\\\/uploads\\\/2022\\\/08\\\/logo-apenok-231x82-1.png\",\"contentUrl\":\"https:\\\/\\\/www.apen.es\\\/wp-content\\\/uploads\\\/2022\\\/08\\\/logo-apenok-231x82-1.png\",\"width\":231,\"height\":82,\"caption\":\"Apen: Soluciones inform\u00e1ticas\"},\"image\":{\"@id\":\"https:\\\/\\\/www.apen.es\\\/#\\\/schema\\\/logo\\\/image\\\/\"},\"sameAs\":[\"https:\\\/\\\/www.facebook.com\\\/apensolucions\",\"https:\\\/\\\/www.youtube.com\\\/user\\\/ApenCentreInformatic\",\"https:\\\/\\\/www.linkedin.com\\\/company\\\/1021771?trk=tyah&trkInfo=clickedVerticalcompanyclickedEntityId1021771idx2-1-2tarId1464195271196tasapenin\"]}]}<\/script>\n<!-- \/ Yoast SEO plugin. -->","yoast_head_json":{"title":"Cloud Software - Apen Informatics","description":"Enjoy cloud-based invoicing software and manage your company&#039;s billing with a3factura. Call us at 938 606 220 for a free consultation.","robots":{"index":"index","follow":"follow","max-snippet":"max-snippet:-1","max-image-preview":"max-image-preview:large","max-video-preview":"max-video-preview:-1"},"canonical":"https:\/\/www.apen.es\/en\/a3invoice\/cloud-software\/","og_locale":"en_US","og_type":"article","og_title":"Software en la nube - Apen Inform\u00e1tica","og_description":"Disfruta de tu software en la nube para realizar facturas y controlar la facturaci\u00f3n de tu empresa con a3factura. Ll\u00e1manos al 938 606 220 sin compromiso.","og_url":"https:\/\/www.apen.es\/en\/a3invoice\/cloud-software\/","og_site_name":"Apen Inform\u00e1tica","article_publisher":"https:\/\/www.facebook.com\/apensolucions","article_modified_time":"2025-07-16T09:27:46+00:00","og_image":[{"width":231,"height":82,"url":"https:\/\/www.apen.es\/wp-content\/uploads\/2016\/05\/logo-apen-231x82-trasparent.png","type":"image\/png"}],"twitter_card":"summary_large_image","twitter_misc":{"Est. reading time":"7 minutes"},"schema":{"@context":"https:\/\/schema.org","@graph":[{"@type":"WebPage","@id":"https:\/\/www.apen.es\/a3factura\/software-en-la-nube\/","url":"https:\/\/www.apen.es\/a3factura\/software-en-la-nube\/","name":"Cloud Software - Apen Informatics","isPartOf":{"@id":"https:\/\/www.apen.es\/#website"},"datePublished":"2018-03-31T11:44:20+00:00","dateModified":"2025-07-16T09:27:46+00:00","description":"Enjoy cloud-based invoicing software and manage your company&#039;s billing with a3factura. Call us at 938 606 220 for a free consultation.","breadcrumb":{"@id":"https:\/\/www.apen.es\/a3factura\/software-en-la-nube\/#breadcrumb"},"inLanguage":"en-US","potentialAction":[{"@type":"ReadAction","target":["https:\/\/www.apen.es\/a3factura\/software-en-la-nube\/"]}]},{"@type":"BreadcrumbList","@id":"https:\/\/www.apen.es\/a3factura\/software-en-la-nube\/#breadcrumb","itemListElement":[{"@type":"ListItem","position":1,"name":"Portada","item":"https:\/\/www.apen.es\/"},{"@type":"ListItem","position":2,"name":"a3factura","item":"https:\/\/www.apen.es\/a3factura\/"},{"@type":"ListItem","position":3,"name":"Software en la nube"}]},{"@type":"WebSite","@id":"https:\/\/www.apen.es\/#website","url":"https:\/\/www.apen.es\/","name":"Apen Inform\u00e1tica","description":"IT Maintenance, Management Software, Printing Solutions","publisher":{"@id":"https:\/\/www.apen.es\/#organization"},"potentialAction":[{"@type":"SearchAction","target":{"@type":"EntryPoint","urlTemplate":"https:\/\/www.apen.es\/?s={search_term_string}"},"query-input":{"@type":"PropertyValueSpecification","valueRequired":true,"valueName":"search_term_string"}}],"inLanguage":"en-US"},{"@type":"Organization","@id":"https:\/\/www.apen.es\/#organization","name":"Apen: IT Solutions","url":"https:\/\/www.apen.es\/","logo":{"@type":"ImageObject","inLanguage":"en-US","@id":"https:\/\/www.apen.es\/#\/schema\/logo\/image\/","url":"https:\/\/www.apen.es\/wp-content\/uploads\/2022\/08\/logo-apenok-231x82-1.png","contentUrl":"https:\/\/www.apen.es\/wp-content\/uploads\/2022\/08\/logo-apenok-231x82-1.png","width":231,"height":82,"caption":"Apen: Soluciones inform\u00e1ticas"},"image":{"@id":"https:\/\/www.apen.es\/#\/schema\/logo\/image\/"},"sameAs":["https:\/\/www.facebook.com\/apensolucions","https:\/\/www.youtube.com\/user\/ApenCentreInformatic","https:\/\/www.linkedin.com\/company\/1021771?trk=tyah&trkInfo=clickedVerticalcompanyclickedEntityId1021771idx2-1-2tarId1464195271196tasapenin"]}]}},"taxonomy_info":[],"featured_image_src_large":false,"author_info":{"display_name":"marqueting","author_link":"https:\/\/www.apen.es\/en\/blog\/author\/marqueting\/"},"comment_info":0,"_links":{"self":[{"href":"https:\/\/www.apen.es\/en\/wp-json\/wp\/v2\/pages\/9262","targetHints":{"allow":["GET"]}}],"collection":[{"href":"https:\/\/www.apen.es\/en\/wp-json\/wp\/v2\/pages"}],"about":[{"href":"https:\/\/www.apen.es\/en\/wp-json\/wp\/v2\/types\/page"}],"author":[{"embeddable":true,"href":"https:\/\/www.apen.es\/en\/wp-json\/wp\/v2\/users\/4"}],"replies":[{"embeddable":true,"href":"https:\/\/www.apen.es\/en\/wp-json\/wp\/v2\/comments?post=9262"}],"version-history":[{"count":2,"href":"https:\/\/www.apen.es\/en\/wp-json\/wp\/v2\/pages\/9262\/revisions"}],"predecessor-version":[{"id":56899,"href":"https:\/\/www.apen.es\/en\/wp-json\/wp\/v2\/pages\/9262\/revisions\/56899"}],"up":[{"embeddable":true,"href":"https:\/\/www.apen.es\/en\/wp-json\/wp\/v2\/pages\/9395"}],"wp:attachment":[{"href":"https:\/\/www.apen.es\/en\/wp-json\/wp\/v2\/media?parent=9262"}],"curies":[{"name":"wp","href":"https:\/\/api.w.org\/{rel}","templated":true}]}}