{"id":9087,"date":"2018-03-06T15:39:20","date_gmt":"2018-03-06T15:39:20","guid":{"rendered":"https:\/\/www.apen.es\/?page_id=9087"},"modified":"2025-10-02T16:45:41","modified_gmt":"2025-10-02T16:45:41","slug":"normativa-obligatoria-de-proteccion-de-datos","status":"publish","type":"page","link":"https:\/\/www.apen.es\/en\/normativa-obligatoria-de-proteccion-de-datos\/","title":{"rendered":"Mandatory data protection regulations"},"content":{"rendered":"<style>.kb-row-layout-id9087_00aba0-65 > .kt-row-column-wrap{align-content:start;}:where(.kb-row-layout-id9087_00aba0-65 > .kt-row-column-wrap) > .wp-block-kadence-column{justify-content:start;}.kb-row-layout-id9087_00aba0-65 > .kt-row-column-wrap{column-gap:var(--global-kb-gap-none, 0rem );row-gap:var(--global-kb-gap-none, 0rem );max-width:var( --global-content-width, 1720px );padding-left:var(--global-content-edge-padding);padding-right:var(--global-content-edge-padding);padding-top:0px;padding-bottom:0px;grid-template-columns:minmax(0, calc(45% - ((var(--global-kb-gap-none, 0rem ) * 1 )\/2)))minmax(0, calc(55% - ((var(--global-kb-gap-none, 0rem ) * 1 )\/2)));}.kb-row-layout-id9087_00aba0-65 > .kt-row-layout-overlay{opacity:0.30;}@media all and (max-width: 1024px){.kb-row-layout-id9087_00aba0-65 > .kt-row-column-wrap{grid-template-columns:minmax(0, 1fr);}}@media all and (max-width: 767px){.kb-row-layout-id9087_00aba0-65 > .kt-row-column-wrap{grid-template-columns:minmax(0, 1fr);}}<\/style><div class=\"kb-row-layout-wrap kb-row-layout-id9087_00aba0-65 alignnone landing-row wp-block-kadence-rowlayout\"><div class=\"kt-row-column-wrap kt-has-2-columns kt-row-layout-equal kt-tab-layout-row kt-mobile-layout-row kt-row-valign-top kb-theme-content-width\">\n<style>#wrapper.site{overflow:clip;}.kadence-column9087_197edd-6a > .kt-inside-inner-col{padding-top:100px;padding-right:80px;padding-bottom:100px;}.kadence-column9087_197edd-6a > .kt-inside-inner-col,.kadence-column9087_197edd-6a > .kt-inside-inner-col:before{border-top-left-radius:0px;border-top-right-radius:0px;border-bottom-right-radius:0px;border-bottom-left-radius:0px;}.kadence-column9087_197edd-6a > .kt-inside-inner-col{column-gap:var(--global-kb-gap-sm, 1rem);}.kadence-column9087_197edd-6a > .kt-inside-inner-col{flex-direction:column;}.kadence-column9087_197edd-6a > .kt-inside-inner-col > .aligncenter{width:100%;}.kadence-column9087_197edd-6a > .kt-inside-inner-col:before{opacity:0.3;}.kadence-column9087_197edd-6a{position:relative;}@media all and (max-width: 1024px){.kadence-column9087_197edd-6a > .kt-inside-inner-col{flex-direction:column;justify-content:center;}}@media all and (max-width: 767px){.kadence-column9087_197edd-6a > .kt-inside-inner-col{padding-right:0px;padding-bottom:0px;flex-direction:column;justify-content:center;}}<\/style>\n<div class=\"wp-block-kadence-column kadence-column9087_197edd-6a kb-section-is-sticky\"><div class=\"kt-inside-inner-col\"><style>.wp-block-kadence-advancedheading.kt-adv-heading9087_717346-19, .wp-block-kadence-advancedheading.kt-adv-heading9087_717346-19[data-kb-block=\"kb-adv-heading9087_717346-19\"]{margin-bottom:30px;font-size:var(--global-kb-font-size-lg, 2rem);font-weight:400;font-style:normal;}.wp-block-kadence-advancedheading.kt-adv-heading9087_717346-19 mark.kt-highlight, .wp-block-kadence-advancedheading.kt-adv-heading9087_717346-19[data-kb-block=\"kb-adv-heading9087_717346-19\"] mark.kt-highlight{font-style:normal;color:#f76a0c;-webkit-box-decoration-break:clone;box-decoration-break:clone;padding-top:0px;padding-right:0px;padding-bottom:0px;padding-left:0px;}.wp-block-kadence-advancedheading.kt-adv-heading9087_717346-19 img.kb-inline-image, .wp-block-kadence-advancedheading.kt-adv-heading9087_717346-19[data-kb-block=\"kb-adv-heading9087_717346-19\"] img.kb-inline-image{width:150px;vertical-align:baseline;}<\/style>\n<h2 class=\"kt-adv-heading9087_717346-19 title-xxl wp-block-kadence-advancedheading\" data-kb-block=\"kb-adv-heading9087_717346-19\">Normativa obligatoria de protecci\u00f3n de datos<\/h2>\n\n\n<style>.kadence-column9087_6544df-c7 > .kt-inside-inner-col{display:flex;}.kadence-column9087_6544df-c7 > .kt-inside-inner-col,.kadence-column9087_6544df-c7 > .kt-inside-inner-col:before{border-top-left-radius:0px;border-top-right-radius:0px;border-bottom-right-radius:0px;border-bottom-left-radius:0px;}.kadence-column9087_6544df-c7 > .kt-inside-inner-col{column-gap:var(--global-kb-gap-sm, 1rem);}.kadence-column9087_6544df-c7 > .kt-inside-inner-col{flex-direction:row;flex-wrap:wrap;align-items:flex-start;justify-content:space-between;}.kadence-column9087_6544df-c7 > .kt-inside-inner-col > *, .kadence-column9087_6544df-c7 > .kt-inside-inner-col > figure.wp-block-image, .kadence-column9087_6544df-c7 > .kt-inside-inner-col > figure.wp-block-kadence-image{margin-top:0px;margin-bottom:0px;}.kadence-column9087_6544df-c7 > .kt-inside-inner-col > .kb-image-is-ratio-size{flex-grow:1;}.kt-row-column-wrap > .kadence-column9087_6544df-c7{align-self:flex-start;}.kt-inner-column-height-full:not(.kt-has-1-columns) > .wp-block-kadence-column.kadence-column9087_6544df-c7{align-self:auto;}.kt-inner-column-height-full:not(.kt-has-1-columns) > .wp-block-kadence-column.kadence-column9087_6544df-c7 > .kt-inside-inner-col{align-items:flex-start;}.kadence-column9087_6544df-c7 > .kt-inside-inner-col:before{opacity:0.3;}.kadence-column9087_6544df-c7{position:relative;}@media all and (max-width: 1024px){.kt-row-column-wrap > .kadence-column9087_6544df-c7{align-self:flex-start;}}@media all and (max-width: 1024px){.kt-inner-column-height-full:not(.kt-has-1-columns) > .wp-block-kadence-column.kadence-column9087_6544df-c7{align-self:auto;}}@media all and (max-width: 1024px){.kt-inner-column-height-full:not(.kt-has-1-columns) > .wp-block-kadence-column.kadence-column9087_6544df-c7 > .kt-inside-inner-col{align-items:flex-start;}}@media all and (max-width: 1024px){.kadence-column9087_6544df-c7 > .kt-inside-inner-col{flex-direction:row;flex-wrap:wrap;align-items:flex-start;justify-content:space-between;}}@media all and (min-width: 768px) and (max-width: 1024px){.kadence-column9087_6544df-c7 > .kt-inside-inner-col > *, .kadence-column9087_6544df-c7 > .kt-inside-inner-col > figure.wp-block-image, .kadence-column9087_6544df-c7 > .kt-inside-inner-col > figure.wp-block-kadence-image{margin-top:0px;margin-bottom:0px;}.kadence-column9087_6544df-c7 > .kt-inside-inner-col > .kb-image-is-ratio-size{flex-grow:1;}}@media all and (max-width: 767px){.kt-row-column-wrap > .kadence-column9087_6544df-c7{align-self:flex-start;}.kt-inner-column-height-full:not(.kt-has-1-columns) > .wp-block-kadence-column.kadence-column9087_6544df-c7{align-self:auto;}.kt-inner-column-height-full:not(.kt-has-1-columns) > .wp-block-kadence-column.kadence-column9087_6544df-c7 > .kt-inside-inner-col{align-items:flex-start;}.kadence-column9087_6544df-c7 > .kt-inside-inner-col{flex-direction:row;flex-wrap:wrap;justify-content:flex-start;justify-content:space-between;}.kadence-column9087_6544df-c7 > .kt-inside-inner-col > *, .kadence-column9087_6544df-c7 > .kt-inside-inner-col > figure.wp-block-image, .kadence-column9087_6544df-c7 > .kt-inside-inner-col > figure.wp-block-kadence-image{margin-top:0px;margin-bottom:0px;}.kadence-column9087_6544df-c7 > .kt-inside-inner-col > .kb-image-is-ratio-size{flex-grow:1;}}<\/style>\n<div class=\"wp-block-kadence-column kadence-column9087_6544df-c7 kb-section-dir-horizontal\"><div class=\"kt-inside-inner-col\"><\/div><\/div>\n<\/div><\/div>\n\n\n<style>.kadence-column9087_9e8f07-2d > .kt-inside-inner-col{padding-top:100px;padding-bottom:120px;}.kadence-column9087_9e8f07-2d > .kt-inside-inner-col{min-height:400px;}.kadence-column9087_9e8f07-2d > .kt-inside-inner-col,.kadence-column9087_9e8f07-2d > .kt-inside-inner-col:before{border-top-left-radius:0px;border-top-right-radius:0px;border-bottom-right-radius:0px;border-bottom-left-radius:0px;}.kadence-column9087_9e8f07-2d > .kt-inside-inner-col{column-gap:var(--global-kb-gap-sm, 1rem);}.kadence-column9087_9e8f07-2d > .kt-inside-inner-col{flex-direction:column;}.kadence-column9087_9e8f07-2d > .kt-inside-inner-col > .aligncenter{width:100%;}.kadence-column9087_9e8f07-2d > .kt-inside-inner-col:before{opacity:0.3;}.kadence-column9087_9e8f07-2d{position:relative;}@media all and (max-width: 1024px){.kadence-column9087_9e8f07-2d > .kt-inside-inner-col{flex-direction:column;justify-content:center;}}@media all and (max-width: 767px){.kadence-column9087_9e8f07-2d > .kt-inside-inner-col{flex-direction:column;justify-content:center;}}<\/style>\n<div class=\"wp-block-kadence-column kadence-column9087_9e8f07-2d\"><div class=\"kt-inside-inner-col\">\n<h2 class=\"wp-block-heading\"><strong>\u00bfQui\u00e9n debe adaptarse?<\/strong><\/h2>\n\n\n\n<p>A partir de mayo de 2018 deben adaptarse a esta nueva normativa todas las entidades, asociaciones, comunidades de vecinos o aut\u00f3nomos que utilizan datos de car\u00e1cter personal (como por ejemplo datos de empleados, clientes, pacientes, video vigilancia, etc\u2026)<\/p>\n\n\n\n<h2 class=\"wp-block-heading\"><strong>\u00bfEs obligatorio?<\/strong><\/h2>\n\n\n\n<p>Hasta ahora la ley que garantizaba y proteg\u00eda el tratamiento de los datos personales era la&nbsp;<strong>LOPD (Ley Org\u00e1nica de Protecci\u00f3n de Datos de car\u00e1cter personal).<\/strong>&nbsp;El 25 de mayo de 2016 entr\u00f3 en vigor el nuevo<strong>&nbsp;RGPD (Reglamento General de Protecci\u00f3n de Datos europeo)<\/strong>&nbsp;que se aplica junto con la normativa vigente&nbsp;<strong>y ser\u00e1 de obligado cumplimiento y sancionable a partir del 25 de mayo de 2018,<\/strong>&nbsp;por tanto, debe adaptar su negocio a sus obligaciones.<\/p>\n\n\n\n<p>La implantaci\u00f3n de la&nbsp;<strong>RGPD<\/strong>&nbsp;es una obligaci\u00f3n legal y tiene muchos beneficios impl\u00edcitos, f\u00e1cilmente asequibles si se llevan a cabo correctamente. M\u00e1s control empresarial, la mejora de la imagen corporativa, repartir las responsabilidades y la reducci\u00f3n de riesgos de&nbsp;<strong>sanciones<\/strong>, son algunos de los beneficios; y no resulta descabellado pensar que pueden suponer m\u00e1s beneficios econ\u00f3micos.<\/p>\n\n\n\n<h2 class=\"wp-block-heading\"><strong>Nuevas obligaciones<\/strong><\/h2>\n\n\n\n<p>El&nbsp;<strong>RGPD (Reglamento General de Protecci\u00f3n de Datos)<\/strong>&nbsp;presenta algunas modificaciones y nuevas obligaciones respecto la&nbsp;<strong>LOPD<\/strong>&nbsp;actual. Algunas de las nuevas obligaciones:<\/p>\n\n\n\n<ul class=\"wp-block-list\">\n<li><strong>Desaparece quedando sin valor el consentimiento t\u00e1cito<\/strong>: Para enviar informaci\u00f3n comercial necesario disponer consentimiento expreso \/ impl\u00edcito.<\/li>\n\n\n\n<li><strong>Obligaci\u00f3n de registrar documentalmente las operaciones de tratamiento<\/strong>. M\u00e1s control de encargados de tratamiento y aquellos servicios que prestamos.<\/li>\n\n\n\n<li><strong>Nuevas notificaciones a la Autoridad de Control<\/strong>: brechas de seguridad y autorizaci\u00f3n previa para determinados tipos de tratamiento.<\/li>\n\n\n\n<li><strong>Desaparece la advertencia (advertencia)<\/strong>: Sanci\u00f3n m\u00ednima siempre si hay cualquier infracci\u00f3n.<\/li>\n\n\n\n<li><strong>Nueva figura del Delegado de Protecci\u00f3n de datos<\/strong>, en algunas empresas \/ entidades.<\/li>\n<\/ul>\n\n\n\n<h2 class=\"wp-block-heading\"><strong>\u00bfA qu\u00e9 sanciones nos exponemos?<\/strong><\/h2>\n\n\n\n<p><strong>Principalmente nos exponemos a un gran incremento de la cuant\u00eda de las sanciones<\/strong>:<\/p>\n\n\n\n<p><strong>SANCIONES GRAVES<\/strong><\/p>\n\n\n\n<p>Hasta 10 millones de euros o el 2% del volumen de negocio total anual del ejercicio financiero anterior.<\/p>\n\n\n\n<p><strong>SANCIONES MUY GRAVES<\/strong><\/p>\n\n\n\n<p>Hasta 20 millones de euros o el 4% del volumen de negocio total anual del ejercicio financiero anterior.<\/p>\n\n\n\n<h2 class=\"wp-block-heading\"><strong>Obligaciones de internet<\/strong><\/h2>\n\n\n\n<p>La<strong>&nbsp;LSSI-CE<\/strong>&nbsp;(Ley 34\/2002, de Servicios de la Sociedad de la Informaci\u00f3n y Comercio Electr\u00f3nico)&nbsp;<strong>es de obligado cumplimiento<\/strong>&nbsp;para todas las empresas y personas que dispongan de:<\/p>\n\n\n\n<ul class=\"wp-block-list\">\n<li><strong>P\u00e1gina web.<\/strong><\/li>\n\n\n\n<li><strong>P\u00e1gina web particular con publicidad.<\/strong><\/li>\n\n\n\n<li><strong>Comercio electr\u00f3nico, tienda virtual, e-commerce.<\/strong><\/li>\n\n\n\n<li><strong>Campa\u00f1as publicitarias o suministro de informaci\u00f3n a trav\u00e9s de correo electr\u00f3nico, SMS, etc.<\/strong><\/li>\n<\/ul>\n\n\n\n<p>Una web, portal o tienda virtual debe cumplir las obligaciones legales. Le proporcionar\u00e1 una mejor imagen y estar\u00e1 protegido de posibles responsabilidades y sanciones.<\/p>\n\n\n\n<h2 class=\"wp-block-heading\"><strong>\u00bfQu\u00e9 te ofrece APEN?<\/strong><\/h2>\n\n\n\n<ul class=\"wp-block-list\">\n<li>Garantizamos una&nbsp;<strong>adaptaci\u00f3n f\u00e1cil<\/strong>, nos encargamos de lo siguiente:\n<ul class=\"wp-block-list\">\n<li>Confecci\u00f3n del Documento de Seguridad.<\/li>\n\n\n\n<li><strong>Registro y control de archivos<\/strong>&nbsp;\/ tratamientos.<\/li>\n\n\n\n<li>Redacci\u00f3n de&nbsp;<strong>avisos legales, cl\u00e1usulas informativas, condiciones de uso y contractuales<\/strong>, etc\u2026<\/li>\n\n\n\n<li>Redacci\u00f3n de acuerdos de confidencialidad con empleados y terceros que tengan acceso a sus datos.<\/li>\n\n\n\n<li>Redacci\u00f3n de la&nbsp;<strong>Pol\u00edtica de Seguridad de las p\u00e1ginas web, Pol\u00edtica de Cookies<\/strong>, etc\u2026<\/li>\n\n\n\n<li>Control de la situaci\u00f3n real de los servidores de Hosting.<\/li>\n\n\n\n<li>Redacci\u00f3n de los derechos. Limitaci\u00f3n de responsabilidades.<\/li>\n<\/ul>\n<\/li>\n\n\n\n<li><strong>Visitas presenciales<\/strong>&nbsp;siempre que sea necesario y un servicio de atenci\u00f3n al cliente continuado, \u00e1gil e inmediato. Las normativas vigentes establecen la obligaci\u00f3n, no s\u00f3lo de redactar el Documento de Seguridad, sino tambi\u00e9n de mantenerlo actualizado.<\/li>\n\n\n\n<li><strong>Realizamos auditor\u00edas&nbsp;<\/strong>bianuales. Es de obligado cumplimiento para todas las actividades que traten datos de car\u00e1cter personal sensible.<\/li>\n\n\n\n<li>Servicio de&nbsp;<strong>Delegado de Protecci\u00f3n de Datos<\/strong>&nbsp;(DPD).<\/li>\n\n\n\n<li><strong>Formaci\u00f3n<\/strong>&nbsp;para los responsables, directivos, empleados, etc.<\/li>\n<\/ul>\n<\/div><\/div>\n\n<\/div><\/div>","protected":false},"excerpt":{"rendered":"<p>Normativa obligatoria de protecci\u00f3n de datos \u00bfQui\u00e9n debe adaptarse? A partir de mayo de 2018 deben adaptarse a esta nueva normativa todas las entidades, asociaciones, comunidades de vecinos o aut\u00f3nomos que utilizan datos de car\u00e1cter personal (como por ejemplo datos de empleados, clientes, pacientes, video vigilancia, etc\u2026) \u00bfEs obligatorio? Hasta ahora la ley que garantizaba&#8230;<\/p>","protected":false},"author":4,"featured_media":0,"parent":0,"menu_order":0,"comment_status":"closed","ping_status":"closed","template":"page-gutenberg.php","meta":{"_acf_changed":false,"_kad_blocks_custom_css":"","_kad_blocks_head_custom_js":"","_kad_blocks_body_custom_js":"","_kad_blocks_footer_custom_js":"","_kad_post_transparent":"","_kad_post_title":"","_kad_post_layout":"","_kad_post_sidebar_id":"","_kad_post_content_style":"","_kad_post_vertical_padding":"","_kad_post_feature":"","_kad_post_feature_position":"","_kad_post_header":false,"_kad_post_footer":false,"_kad_post_classname":"","footnotes":""},"class_list":["post-9087","page","type-page","status-publish","hentry"],"acf":[],"yoast_head":"<!-- This site is optimized with the Yoast SEO plugin v27.4 - https:\/\/yoast.com\/product\/yoast-seo-wordpress\/ -->\n<title>Normativa obligatoria de protecci\u00f3n de datos - Apen Inform\u00e1tica<\/title>\n<meta name=\"description\" content=\"NUEVA NORMATIVA DE PROTECCI\u00d3N DE DATOS \u00a1Evita sanciones! Apen te adapta a las nuevas obligaciones. L\u00edderes en Barcelona. Digitalizate con Apen.\" \/>\n<meta name=\"robots\" content=\"index, follow, max-snippet:-1, max-image-preview:large, max-video-preview:-1\" \/>\n<link rel=\"canonical\" href=\"https:\/\/www.apen.es\/en\/normativa-obligatoria-de-proteccion-de-datos\/\" \/>\n<meta property=\"og:locale\" content=\"en_US\" \/>\n<meta property=\"og:type\" content=\"article\" \/>\n<meta property=\"og:title\" content=\"Normativa obligatoria de protecci\u00f3n de datos - Apen Inform\u00e1tica\" \/>\n<meta property=\"og:description\" content=\"NUEVA NORMATIVA DE PROTECCI\u00d3N DE DATOS \u00a1Evita sanciones! Apen te adapta a las nuevas obligaciones. L\u00edderes en Barcelona. Digitalizate con Apen.\" \/>\n<meta property=\"og:url\" content=\"https:\/\/www.apen.es\/en\/normativa-obligatoria-de-proteccion-de-datos\/\" \/>\n<meta property=\"og:site_name\" content=\"Apen Inform\u00e1tica\" \/>\n<meta property=\"article:publisher\" content=\"https:\/\/www.facebook.com\/apensolucions\" \/>\n<meta property=\"article:modified_time\" content=\"2025-10-02T16:45:41+00:00\" \/>\n<meta property=\"og:image\" content=\"https:\/\/www.apen.es\/wp-content\/uploads\/2016\/05\/logo-apen-231x82-trasparent.png\" \/>\n\t<meta property=\"og:image:width\" content=\"231\" \/>\n\t<meta property=\"og:image:height\" content=\"82\" \/>\n\t<meta property=\"og:image:type\" content=\"image\/png\" \/>\n<meta name=\"twitter:card\" content=\"summary_large_image\" \/>\n<meta name=\"twitter:label1\" content=\"Est. reading time\" \/>\n\t<meta name=\"twitter:data1\" content=\"4 minutes\" \/>\n<script type=\"application\/ld+json\" class=\"yoast-schema-graph\">{\"@context\":\"https:\\\/\\\/schema.org\",\"@graph\":[{\"@type\":\"WebPage\",\"@id\":\"https:\\\/\\\/www.apen.es\\\/normativa-obligatoria-de-proteccion-de-datos\\\/\",\"url\":\"https:\\\/\\\/www.apen.es\\\/normativa-obligatoria-de-proteccion-de-datos\\\/\",\"name\":\"Normativa obligatoria de protecci\u00f3n de datos - Apen Inform\u00e1tica\",\"isPartOf\":{\"@id\":\"https:\\\/\\\/www.apen.es\\\/#website\"},\"datePublished\":\"2018-03-06T15:39:20+00:00\",\"dateModified\":\"2025-10-02T16:45:41+00:00\",\"description\":\"NUEVA NORMATIVA DE PROTECCI\u00d3N DE DATOS \u00a1Evita sanciones! Apen te adapta a las nuevas obligaciones. L\u00edderes en Barcelona. Digitalizate con Apen.\",\"breadcrumb\":{\"@id\":\"https:\\\/\\\/www.apen.es\\\/normativa-obligatoria-de-proteccion-de-datos\\\/#breadcrumb\"},\"inLanguage\":\"en-US\",\"potentialAction\":[{\"@type\":\"ReadAction\",\"target\":[\"https:\\\/\\\/www.apen.es\\\/normativa-obligatoria-de-proteccion-de-datos\\\/\"]}]},{\"@type\":\"BreadcrumbList\",\"@id\":\"https:\\\/\\\/www.apen.es\\\/normativa-obligatoria-de-proteccion-de-datos\\\/#breadcrumb\",\"itemListElement\":[{\"@type\":\"ListItem\",\"position\":1,\"name\":\"Portada\",\"item\":\"https:\\\/\\\/www.apen.es\\\/\"},{\"@type\":\"ListItem\",\"position\":2,\"name\":\"Normativa obligatoria de protecci\u00f3n de datos\"}]},{\"@type\":\"WebSite\",\"@id\":\"https:\\\/\\\/www.apen.es\\\/#website\",\"url\":\"https:\\\/\\\/www.apen.es\\\/\",\"name\":\"Apen Inform\u00e1tica\",\"description\":\"Mantenimiento Inform\u00e1tico , Software de Gesti\u00f3n, Soluciones de impresi\u00f3n\",\"publisher\":{\"@id\":\"https:\\\/\\\/www.apen.es\\\/#organization\"},\"potentialAction\":[{\"@type\":\"SearchAction\",\"target\":{\"@type\":\"EntryPoint\",\"urlTemplate\":\"https:\\\/\\\/www.apen.es\\\/?s={search_term_string}\"},\"query-input\":{\"@type\":\"PropertyValueSpecification\",\"valueRequired\":true,\"valueName\":\"search_term_string\"}}],\"inLanguage\":\"en-US\"},{\"@type\":\"Organization\",\"@id\":\"https:\\\/\\\/www.apen.es\\\/#organization\",\"name\":\"Apen: Soluciones inform\u00e1ticas\",\"url\":\"https:\\\/\\\/www.apen.es\\\/\",\"logo\":{\"@type\":\"ImageObject\",\"inLanguage\":\"en-US\",\"@id\":\"https:\\\/\\\/www.apen.es\\\/#\\\/schema\\\/logo\\\/image\\\/\",\"url\":\"https:\\\/\\\/www.apen.es\\\/wp-content\\\/uploads\\\/2022\\\/08\\\/logo-apenok-231x82-1.png\",\"contentUrl\":\"https:\\\/\\\/www.apen.es\\\/wp-content\\\/uploads\\\/2022\\\/08\\\/logo-apenok-231x82-1.png\",\"width\":231,\"height\":82,\"caption\":\"Apen: Soluciones inform\u00e1ticas\"},\"image\":{\"@id\":\"https:\\\/\\\/www.apen.es\\\/#\\\/schema\\\/logo\\\/image\\\/\"},\"sameAs\":[\"https:\\\/\\\/www.facebook.com\\\/apensolucions\",\"https:\\\/\\\/www.youtube.com\\\/user\\\/ApenCentreInformatic\",\"https:\\\/\\\/www.linkedin.com\\\/company\\\/1021771?trk=tyah&trkInfo=clickedVerticalcompanyclickedEntityId1021771idx2-1-2tarId1464195271196tasapenin\"]}]}<\/script>\n<!-- \/ Yoast SEO plugin. -->","yoast_head_json":{"title":"Normativa obligatoria de protecci\u00f3n de datos - Apen Inform\u00e1tica","description":"NUEVA NORMATIVA DE PROTECCI\u00d3N DE DATOS \u00a1Evita sanciones! Apen te adapta a las nuevas obligaciones. L\u00edderes en Barcelona. Digitalizate con Apen.","robots":{"index":"index","follow":"follow","max-snippet":"max-snippet:-1","max-image-preview":"max-image-preview:large","max-video-preview":"max-video-preview:-1"},"canonical":"https:\/\/www.apen.es\/en\/normativa-obligatoria-de-proteccion-de-datos\/","og_locale":"en_US","og_type":"article","og_title":"Normativa obligatoria de protecci\u00f3n de datos - Apen Inform\u00e1tica","og_description":"NUEVA NORMATIVA DE PROTECCI\u00d3N DE DATOS \u00a1Evita sanciones! Apen te adapta a las nuevas obligaciones. L\u00edderes en Barcelona. Digitalizate con Apen.","og_url":"https:\/\/www.apen.es\/en\/normativa-obligatoria-de-proteccion-de-datos\/","og_site_name":"Apen Inform\u00e1tica","article_publisher":"https:\/\/www.facebook.com\/apensolucions","article_modified_time":"2025-10-02T16:45:41+00:00","og_image":[{"width":231,"height":82,"url":"https:\/\/www.apen.es\/wp-content\/uploads\/2016\/05\/logo-apen-231x82-trasparent.png","type":"image\/png"}],"twitter_card":"summary_large_image","twitter_misc":{"Est. reading time":"4 minutes"},"schema":{"@context":"https:\/\/schema.org","@graph":[{"@type":"WebPage","@id":"https:\/\/www.apen.es\/normativa-obligatoria-de-proteccion-de-datos\/","url":"https:\/\/www.apen.es\/normativa-obligatoria-de-proteccion-de-datos\/","name":"Normativa obligatoria de protecci\u00f3n de datos - Apen Inform\u00e1tica","isPartOf":{"@id":"https:\/\/www.apen.es\/#website"},"datePublished":"2018-03-06T15:39:20+00:00","dateModified":"2025-10-02T16:45:41+00:00","description":"NUEVA NORMATIVA DE PROTECCI\u00d3N DE DATOS \u00a1Evita sanciones! Apen te adapta a las nuevas obligaciones. L\u00edderes en Barcelona. Digitalizate con Apen.","breadcrumb":{"@id":"https:\/\/www.apen.es\/normativa-obligatoria-de-proteccion-de-datos\/#breadcrumb"},"inLanguage":"en-US","potentialAction":[{"@type":"ReadAction","target":["https:\/\/www.apen.es\/normativa-obligatoria-de-proteccion-de-datos\/"]}]},{"@type":"BreadcrumbList","@id":"https:\/\/www.apen.es\/normativa-obligatoria-de-proteccion-de-datos\/#breadcrumb","itemListElement":[{"@type":"ListItem","position":1,"name":"Portada","item":"https:\/\/www.apen.es\/"},{"@type":"ListItem","position":2,"name":"Normativa obligatoria de protecci\u00f3n de datos"}]},{"@type":"WebSite","@id":"https:\/\/www.apen.es\/#website","url":"https:\/\/www.apen.es\/","name":"Apen Inform\u00e1tica","description":"IT Maintenance, Management Software, Printing Solutions","publisher":{"@id":"https:\/\/www.apen.es\/#organization"},"potentialAction":[{"@type":"SearchAction","target":{"@type":"EntryPoint","urlTemplate":"https:\/\/www.apen.es\/?s={search_term_string}"},"query-input":{"@type":"PropertyValueSpecification","valueRequired":true,"valueName":"search_term_string"}}],"inLanguage":"en-US"},{"@type":"Organization","@id":"https:\/\/www.apen.es\/#organization","name":"Apen: IT Solutions","url":"https:\/\/www.apen.es\/","logo":{"@type":"ImageObject","inLanguage":"en-US","@id":"https:\/\/www.apen.es\/#\/schema\/logo\/image\/","url":"https:\/\/www.apen.es\/wp-content\/uploads\/2022\/08\/logo-apenok-231x82-1.png","contentUrl":"https:\/\/www.apen.es\/wp-content\/uploads\/2022\/08\/logo-apenok-231x82-1.png","width":231,"height":82,"caption":"Apen: Soluciones inform\u00e1ticas"},"image":{"@id":"https:\/\/www.apen.es\/#\/schema\/logo\/image\/"},"sameAs":["https:\/\/www.facebook.com\/apensolucions","https:\/\/www.youtube.com\/user\/ApenCentreInformatic","https:\/\/www.linkedin.com\/company\/1021771?trk=tyah&trkInfo=clickedVerticalcompanyclickedEntityId1021771idx2-1-2tarId1464195271196tasapenin"]}]}},"taxonomy_info":[],"featured_image_src_large":false,"author_info":{"display_name":"marqueting","author_link":"https:\/\/www.apen.es\/en\/blog\/author\/marqueting\/"},"comment_info":0,"_links":{"self":[{"href":"https:\/\/www.apen.es\/en\/wp-json\/wp\/v2\/pages\/9087","targetHints":{"allow":["GET"]}}],"collection":[{"href":"https:\/\/www.apen.es\/en\/wp-json\/wp\/v2\/pages"}],"about":[{"href":"https:\/\/www.apen.es\/en\/wp-json\/wp\/v2\/types\/page"}],"author":[{"embeddable":true,"href":"https:\/\/www.apen.es\/en\/wp-json\/wp\/v2\/users\/4"}],"replies":[{"embeddable":true,"href":"https:\/\/www.apen.es\/en\/wp-json\/wp\/v2\/comments?post=9087"}],"version-history":[{"count":5,"href":"https:\/\/www.apen.es\/en\/wp-json\/wp\/v2\/pages\/9087\/revisions"}],"predecessor-version":[{"id":60746,"href":"https:\/\/www.apen.es\/en\/wp-json\/wp\/v2\/pages\/9087\/revisions\/60746"}],"wp:attachment":[{"href":"https:\/\/www.apen.es\/en\/wp-json\/wp\/v2\/media?parent=9087"}],"curies":[{"name":"wp","href":"https:\/\/api.w.org\/{rel}","templated":true}]}}