{"id":8828,"date":"2018-02-14T16:49:28","date_gmt":"2018-02-14T16:49:28","guid":{"rendered":"https:\/\/www.apen.es\/?page_id=8828"},"modified":"2025-03-31T06:11:12","modified_gmt":"2025-03-31T06:11:12","slug":"it-specialist-sabadell","status":"publish","type":"page","link":"https:\/\/www.apen.es\/en\/mantenimiento-informatico\/informatico-sabadell\/","title":{"rendered":"IT specialist Sabadell"},"content":{"rendered":"<p>He&nbsp;<strong>IT maintenance<\/strong>&nbsp;It&#039;s one of Apen&#039;s flagship services. We offer three types of&nbsp;<strong>maintenance<\/strong>&nbsp;<strong>computer<\/strong>&nbsp;throughout the province of Barcelona, for example in&nbsp;<strong>Sabadell<\/strong>.<\/p>\n\n\n\n<p>It is a personalized, tailored and professional service, carried out by expert technicians in this sector, who visit companies to answer all the questions that clients may have about the&nbsp;<strong>system<\/strong>&nbsp;<strong>computer<\/strong>&nbsp;of the company.<\/p>\n\n\n\n<p>In&nbsp;<strong>Sabadell<\/strong>&nbsp;And throughout the province of Barcelona, we have long-standing clients who have seen a clear improvement in the performance of their&nbsp;<strong>system<\/strong>&nbsp;<strong>computer<\/strong>&nbsp;thanks to ongoing professional maintenance.<\/p>\n\n\n\n<p>This service can prevent future problems and, combined with the service of&nbsp;<strong>cybersecurity<\/strong>&nbsp;Thanks to Apen, we will be able to keep the viruses under control.<\/p>\n\n\n\n<p>If you have a company in&nbsp;<strong>Sabadell<\/strong>&nbsp;or in the province of Barcelona and you want to obtain a service of&nbsp;<strong>maintenance<\/strong>&nbsp;I&nbsp;<strong>cybersecurity<\/strong>&nbsp;of your system&nbsp;<strong>computer<\/strong>, Don&#039;t hesitate to contact us and ask for a quote.<\/p>\n\n\n\n<p>At Apen we want to help SMEs in the management of&nbsp;<strong>IT maintenance<\/strong>, as well as in the&nbsp;<strong>cybersecurity<\/strong>&nbsp;and all the services you may need. At Apen, we also offer professional printing services that can help companies save significant annual costs. This is achieved through a personalized study of the client&#039;s printer usage to understand their actual needs, as well as a &quot;Price per copy&quot; service that ensures the client only pays for what they print.<\/p>\n\n\n\n<p>Another service focused on small and medium-sized enterprises is a3ERP, a business management software that unifies all company departments and provides a global and much more complete view of the SME&#039;s operations, with the intention of improving company management, worker productivity, internal communication, etc.<\/p>\n\n\n\n<p>At Apen, with over 25 years of experience, we can say that we work with the best.&nbsp;<strong>computer technicians<\/strong>&nbsp;in the sector and we offer services from the leading brands in the market. For this reason, we can guarantee companies a professional, immediate, personalized, and above all, effective service in the face of any challenges they may encounter.&nbsp;<strong>computer system<\/strong>.<\/p>\n\n\n\n<p>We travel to the client&#039;s company, taking into account that we work in&nbsp;<strong>Sabadell<\/strong>, Sant Cugat, Vall\u00e8s Oriental and throughout the province of Barcelona. This is our main area of operation and where we have been working for over 25 years.<\/p>\n\n\n\n<p>Within our service of&nbsp;<strong>IT maintenance<\/strong>&nbsp;You can find three varieties; The&nbsp;<strong>IT maintenance<\/strong>&nbsp;The base, which consists of basic and safe maintenance; The&nbsp;<strong>maintenance outsourcing<\/strong>; A little more elaborate than the first one, carried out by highly qualified personnel;&nbsp;<strong>Premium maintenance<\/strong>, which offers a high-quality maintenance service and is based on system monitoring, prevention and Apen&#039;s experience, to avoid risks and expenses and obtain a professional service.<\/p>","protected":false},"excerpt":{"rendered":"<p>El&nbsp;mantenimiento inform\u00e1tico&nbsp;es uno de los servicios estrella de Apen. Ofrecemos tres tipos de&nbsp;mantenimiento&nbsp;inform\u00e1tico&nbsp;en toda la provincia de Barcelona, como por ejemplo en&nbsp;Sabadell. Es un servicio personalizado, adaptado y profesional, realizado por t\u00e9cnicos expertos en este sector, que acuden a las empresas para resolver todas las dudas que necesiten los clientes a cerca del&nbsp;sistema&nbsp;inform\u00e1tico&nbsp;de la empresa&#8230;.<\/p>","protected":false},"author":4,"featured_media":0,"parent":1357,"menu_order":0,"comment_status":"closed","ping_status":"closed","template":"page-servicio-informatico.php","meta":{"_acf_changed":false,"_kad_blocks_custom_css":"","_kad_blocks_head_custom_js":"","_kad_blocks_body_custom_js":"","_kad_blocks_footer_custom_js":"","_kad_post_transparent":"","_kad_post_title":"","_kad_post_layout":"","_kad_post_sidebar_id":"","_kad_post_content_style":"","_kad_post_vertical_padding":"","_kad_post_feature":"","_kad_post_feature_position":"","_kad_post_header":false,"_kad_post_footer":false,"_kad_post_classname":"","footnotes":""},"class_list":["post-8828","page","type-page","status-publish","hentry"],"acf":[],"yoast_head":"<!-- This site is optimized with the Yoast SEO plugin v27.4 - https:\/\/yoast.com\/product\/yoast-seo-wordpress\/ -->\n<title>Inform\u00e1tico Sabadell - Apen Inform\u00e1tica<\/title>\n<meta name=\"description\" content=\"Mantenimiento de ordenadores, renting de equipos inform\u00e1ticos\u2026 La empresa de inform\u00e1tica de la ciudad de Sabadell. Ofrecemos un servicio integral s.\" \/>\n<meta name=\"robots\" content=\"index, follow, max-snippet:-1, max-image-preview:large, max-video-preview:-1\" \/>\n<link rel=\"canonical\" href=\"https:\/\/www.apen.es\/en\/computer-maintenance\/it-specialist-sabadell\/\" \/>\n<meta property=\"og:locale\" content=\"en_US\" \/>\n<meta property=\"og:type\" content=\"article\" \/>\n<meta property=\"og:title\" content=\"Inform\u00e1tico Sabadell - Apen Inform\u00e1tica\" \/>\n<meta property=\"og:description\" content=\"Mantenimiento de ordenadores, renting de equipos inform\u00e1ticos\u2026 La empresa de inform\u00e1tica de la ciudad de Sabadell. Ofrecemos un servicio integral s.\" \/>\n<meta property=\"og:url\" content=\"https:\/\/www.apen.es\/en\/computer-maintenance\/it-specialist-sabadell\/\" \/>\n<meta property=\"og:site_name\" content=\"Apen Inform\u00e1tica\" \/>\n<meta property=\"article:publisher\" content=\"https:\/\/www.facebook.com\/apensolucions\" \/>\n<meta property=\"article:modified_time\" content=\"2025-03-31T06:11:12+00:00\" \/>\n<meta property=\"og:image\" content=\"https:\/\/www.apen.es\/wp-content\/uploads\/2016\/05\/logo-apen-231x82-trasparent.png\" \/>\n\t<meta property=\"og:image:width\" content=\"231\" \/>\n\t<meta property=\"og:image:height\" content=\"82\" \/>\n\t<meta property=\"og:image:type\" content=\"image\/png\" \/>\n<meta name=\"twitter:card\" content=\"summary_large_image\" \/>\n<meta name=\"twitter:label1\" content=\"Est. reading time\" \/>\n\t<meta name=\"twitter:data1\" content=\"10 minutes\" \/>\n<script type=\"application\/ld+json\" class=\"yoast-schema-graph\">{\"@context\":\"https:\\\/\\\/schema.org\",\"@graph\":[{\"@type\":\"WebPage\",\"@id\":\"https:\\\/\\\/www.apen.es\\\/mantenimiento-informatico\\\/informatico-sabadell\\\/\",\"url\":\"https:\\\/\\\/www.apen.es\\\/mantenimiento-informatico\\\/informatico-sabadell\\\/\",\"name\":\"Inform\u00e1tico Sabadell - Apen Inform\u00e1tica\",\"isPartOf\":{\"@id\":\"https:\\\/\\\/www.apen.es\\\/#website\"},\"datePublished\":\"2018-02-14T16:49:28+00:00\",\"dateModified\":\"2025-03-31T06:11:12+00:00\",\"description\":\"Mantenimiento de ordenadores, renting de equipos inform\u00e1ticos\u2026 La empresa de inform\u00e1tica de la ciudad de Sabadell. Ofrecemos un servicio integral s.\",\"breadcrumb\":{\"@id\":\"https:\\\/\\\/www.apen.es\\\/mantenimiento-informatico\\\/informatico-sabadell\\\/#breadcrumb\"},\"inLanguage\":\"en-US\",\"potentialAction\":[{\"@type\":\"ReadAction\",\"target\":[\"https:\\\/\\\/www.apen.es\\\/mantenimiento-informatico\\\/informatico-sabadell\\\/\"]}]},{\"@type\":\"BreadcrumbList\",\"@id\":\"https:\\\/\\\/www.apen.es\\\/mantenimiento-informatico\\\/informatico-sabadell\\\/#breadcrumb\",\"itemListElement\":[{\"@type\":\"ListItem\",\"position\":1,\"name\":\"Portada\",\"item\":\"https:\\\/\\\/www.apen.es\\\/\"},{\"@type\":\"ListItem\",\"position\":2,\"name\":\"Mantenimiento inform\u00e1tico\",\"item\":\"https:\\\/\\\/www.apen.es\\\/mantenimiento-informatico\\\/\"},{\"@type\":\"ListItem\",\"position\":3,\"name\":\"Inform\u00e1tico Sabadell\"}]},{\"@type\":\"WebSite\",\"@id\":\"https:\\\/\\\/www.apen.es\\\/#website\",\"url\":\"https:\\\/\\\/www.apen.es\\\/\",\"name\":\"Apen Inform\u00e1tica\",\"description\":\"Mantenimiento Inform\u00e1tico , Software de Gesti\u00f3n, Soluciones de impresi\u00f3n\",\"publisher\":{\"@id\":\"https:\\\/\\\/www.apen.es\\\/#organization\"},\"potentialAction\":[{\"@type\":\"SearchAction\",\"target\":{\"@type\":\"EntryPoint\",\"urlTemplate\":\"https:\\\/\\\/www.apen.es\\\/?s={search_term_string}\"},\"query-input\":{\"@type\":\"PropertyValueSpecification\",\"valueRequired\":true,\"valueName\":\"search_term_string\"}}],\"inLanguage\":\"en-US\"},{\"@type\":\"Organization\",\"@id\":\"https:\\\/\\\/www.apen.es\\\/#organization\",\"name\":\"Apen: Soluciones inform\u00e1ticas\",\"url\":\"https:\\\/\\\/www.apen.es\\\/\",\"logo\":{\"@type\":\"ImageObject\",\"inLanguage\":\"en-US\",\"@id\":\"https:\\\/\\\/www.apen.es\\\/#\\\/schema\\\/logo\\\/image\\\/\",\"url\":\"https:\\\/\\\/www.apen.es\\\/wp-content\\\/uploads\\\/2022\\\/08\\\/logo-apenok-231x82-1.png\",\"contentUrl\":\"https:\\\/\\\/www.apen.es\\\/wp-content\\\/uploads\\\/2022\\\/08\\\/logo-apenok-231x82-1.png\",\"width\":231,\"height\":82,\"caption\":\"Apen: Soluciones inform\u00e1ticas\"},\"image\":{\"@id\":\"https:\\\/\\\/www.apen.es\\\/#\\\/schema\\\/logo\\\/image\\\/\"},\"sameAs\":[\"https:\\\/\\\/www.facebook.com\\\/apensolucions\",\"https:\\\/\\\/www.youtube.com\\\/user\\\/ApenCentreInformatic\",\"https:\\\/\\\/www.linkedin.com\\\/company\\\/1021771?trk=tyah&trkInfo=clickedVerticalcompanyclickedEntityId1021771idx2-1-2tarId1464195271196tasapenin\"]}]}<\/script>\n<!-- \/ Yoast SEO plugin. -->","yoast_head_json":{"title":"IT Specialist Sabadell - Apen IT","description":"Computer maintenance, computer equipment rental\u2026 The IT company in the city of Sabadell. We offer a comprehensive service.","robots":{"index":"index","follow":"follow","max-snippet":"max-snippet:-1","max-image-preview":"max-image-preview:large","max-video-preview":"max-video-preview:-1"},"canonical":"https:\/\/www.apen.es\/en\/computer-maintenance\/it-specialist-sabadell\/","og_locale":"en_US","og_type":"article","og_title":"Inform\u00e1tico Sabadell - Apen Inform\u00e1tica","og_description":"Mantenimiento de ordenadores, renting de equipos inform\u00e1ticos\u2026 La empresa de inform\u00e1tica de la ciudad de Sabadell. Ofrecemos un servicio integral s.","og_url":"https:\/\/www.apen.es\/en\/computer-maintenance\/it-specialist-sabadell\/","og_site_name":"Apen Inform\u00e1tica","article_publisher":"https:\/\/www.facebook.com\/apensolucions","article_modified_time":"2025-03-31T06:11:12+00:00","og_image":[{"width":231,"height":82,"url":"https:\/\/www.apen.es\/wp-content\/uploads\/2016\/05\/logo-apen-231x82-trasparent.png","type":"image\/png"}],"twitter_card":"summary_large_image","twitter_misc":{"Est. reading time":"10 minutes"},"schema":{"@context":"https:\/\/schema.org","@graph":[{"@type":"WebPage","@id":"https:\/\/www.apen.es\/mantenimiento-informatico\/informatico-sabadell\/","url":"https:\/\/www.apen.es\/mantenimiento-informatico\/informatico-sabadell\/","name":"IT Specialist Sabadell - Apen IT","isPartOf":{"@id":"https:\/\/www.apen.es\/#website"},"datePublished":"2018-02-14T16:49:28+00:00","dateModified":"2025-03-31T06:11:12+00:00","description":"Computer maintenance, computer equipment rental\u2026 The IT company in the city of Sabadell. We offer a comprehensive service.","breadcrumb":{"@id":"https:\/\/www.apen.es\/mantenimiento-informatico\/informatico-sabadell\/#breadcrumb"},"inLanguage":"en-US","potentialAction":[{"@type":"ReadAction","target":["https:\/\/www.apen.es\/mantenimiento-informatico\/informatico-sabadell\/"]}]},{"@type":"BreadcrumbList","@id":"https:\/\/www.apen.es\/mantenimiento-informatico\/informatico-sabadell\/#breadcrumb","itemListElement":[{"@type":"ListItem","position":1,"name":"Portada","item":"https:\/\/www.apen.es\/"},{"@type":"ListItem","position":2,"name":"Mantenimiento inform\u00e1tico","item":"https:\/\/www.apen.es\/mantenimiento-informatico\/"},{"@type":"ListItem","position":3,"name":"Inform\u00e1tico Sabadell"}]},{"@type":"WebSite","@id":"https:\/\/www.apen.es\/#website","url":"https:\/\/www.apen.es\/","name":"Apen Inform\u00e1tica","description":"IT Maintenance, Management Software, Printing Solutions","publisher":{"@id":"https:\/\/www.apen.es\/#organization"},"potentialAction":[{"@type":"SearchAction","target":{"@type":"EntryPoint","urlTemplate":"https:\/\/www.apen.es\/?s={search_term_string}"},"query-input":{"@type":"PropertyValueSpecification","valueRequired":true,"valueName":"search_term_string"}}],"inLanguage":"en-US"},{"@type":"Organization","@id":"https:\/\/www.apen.es\/#organization","name":"Apen: IT Solutions","url":"https:\/\/www.apen.es\/","logo":{"@type":"ImageObject","inLanguage":"en-US","@id":"https:\/\/www.apen.es\/#\/schema\/logo\/image\/","url":"https:\/\/www.apen.es\/wp-content\/uploads\/2022\/08\/logo-apenok-231x82-1.png","contentUrl":"https:\/\/www.apen.es\/wp-content\/uploads\/2022\/08\/logo-apenok-231x82-1.png","width":231,"height":82,"caption":"Apen: Soluciones inform\u00e1ticas"},"image":{"@id":"https:\/\/www.apen.es\/#\/schema\/logo\/image\/"},"sameAs":["https:\/\/www.facebook.com\/apensolucions","https:\/\/www.youtube.com\/user\/ApenCentreInformatic","https:\/\/www.linkedin.com\/company\/1021771?trk=tyah&trkInfo=clickedVerticalcompanyclickedEntityId1021771idx2-1-2tarId1464195271196tasapenin"]}]}},"taxonomy_info":[],"featured_image_src_large":false,"author_info":{"display_name":"marqueting","author_link":"https:\/\/www.apen.es\/en\/blog\/author\/marqueting\/"},"comment_info":0,"_links":{"self":[{"href":"https:\/\/www.apen.es\/en\/wp-json\/wp\/v2\/pages\/8828","targetHints":{"allow":["GET"]}}],"collection":[{"href":"https:\/\/www.apen.es\/en\/wp-json\/wp\/v2\/pages"}],"about":[{"href":"https:\/\/www.apen.es\/en\/wp-json\/wp\/v2\/types\/page"}],"author":[{"embeddable":true,"href":"https:\/\/www.apen.es\/en\/wp-json\/wp\/v2\/users\/4"}],"replies":[{"embeddable":true,"href":"https:\/\/www.apen.es\/en\/wp-json\/wp\/v2\/comments?post=8828"}],"version-history":[{"count":3,"href":"https:\/\/www.apen.es\/en\/wp-json\/wp\/v2\/pages\/8828\/revisions"}],"predecessor-version":[{"id":54458,"href":"https:\/\/www.apen.es\/en\/wp-json\/wp\/v2\/pages\/8828\/revisions\/54458"}],"up":[{"embeddable":true,"href":"https:\/\/www.apen.es\/en\/wp-json\/wp\/v2\/pages\/1357"}],"wp:attachment":[{"href":"https:\/\/www.apen.es\/en\/wp-json\/wp\/v2\/media?parent=8828"}],"curies":[{"name":"wp","href":"https:\/\/api.w.org\/{rel}","templated":true}]}}