{"id":8508,"date":"2017-12-29T11:15:33","date_gmt":"2017-12-29T11:15:33","guid":{"rendered":"https:\/\/www.apen.es\/?page_id=8508"},"modified":"2025-07-09T11:31:40","modified_gmt":"2025-07-09T11:31:40","slug":"computer-equipment-rental","status":"publish","type":"page","link":"https:\/\/www.apen.es\/en\/renting-ordenadores\/renting-equipos-informaticos\/","title":{"rendered":"Computer equipment rental"},"content":{"rendered":"<p>Apen specializes in IT security and maintenance, providing solutions and services <strong>computer scientists<\/strong>, to help and advise SMEs in every way possible. One of the most successful services is... <strong>renting<\/strong> of <strong>teams<\/strong> <strong>computer scientists<\/strong>, so that the company can have professional computers from day one, without needing to make a large initial investment and better organizing its capital for what it needs most urgently. <strong>renting<\/strong> of <strong>teams<\/strong> <strong>computer scientists<\/strong> It is a computer rental service that helps companies save costs, with a fixed fee for access to these computers. <strong>computer equipment<\/strong> and technical maintenance, whenever necessary.<\/p>\n\n\n\n<p>At Apen we help small and medium-sized businesses to have access to the best <strong>computer equipment<\/strong> in a simpler and fairer way, adapting to their needs at any given time and facilitating the process whenever possible.<\/p>\n\n\n\n<p>We offer the customer a financing process that can range from 24 to 72 months, with a fixed installment amount, and comprehensive financing for computer equipment.<\/p>\n\n\n\n<p>In <strong>renting<\/strong> Apen&#039;s IT equipment service is a perfect technology solution for SMEs, as they can count on excellent service at a low cost, and can adapt their IT equipment to their needs. <strong>computer equipment<\/strong> that meet the real needs of your company, without the need to make a large initial investment.<\/p>\n\n\n\n<p>He <strong>renting<\/strong> Apen&#039;s computer equipment represents a new consumption model, because you pay for the use you make of the product and not for its acquisition, creating a fairer and more economical service, which creates a more sustainable use of the products.<\/p>\n\n\n\n<p>If you decide to hire the service of <strong>renting<\/strong> of <strong>computer equipment<\/strong> With Apen, you&#039;ll get the best IT solutions and save much more money than you do now, with a service much more tailored to your company&#039;s needs.<\/p>\n\n\n\n<p>Discover all the possibilities that it can offer <strong>renting<\/strong> to your company, such as improving productivity, budget management and forgetting about technical maintenance, since at Apen we offer you a remote monitoring service and breakdown repairs, as well as preventive maintenance.<\/p>\n\n\n\n<p>You will be able to contract the service of <strong>renting<\/strong> of computers with the best brands on the market, provided they meet the needs of your company and enjoy a complete service at a lower cost than the purchase of said computers. <strong>computer equipment<\/strong>, bearing in mind that you may intend to change in a few years.<\/p>","protected":false},"excerpt":{"rendered":"<p>Apen est\u00e1 especializado en la seguridad y el mantenimiento inform\u00e1tico, aportando soluciones y servicios inform\u00e1ticos, para ayudar y asesorar a la PYME en todo lo que sea posible.Uno de los servicios que m\u00e1s \u00e9xito tiene es el de renting de equipos inform\u00e1ticos, para que la empresa pueda disponer de ordenadores profesionales desde el primer d\u00eda,&#8230;<\/p>","protected":false},"author":4,"featured_media":0,"parent":6256,"menu_order":0,"comment_status":"closed","ping_status":"closed","template":"page-renting-equipos-informatico-2.php","meta":{"_acf_changed":false,"_kad_blocks_custom_css":"","_kad_blocks_head_custom_js":"","_kad_blocks_body_custom_js":"","_kad_blocks_footer_custom_js":"","_kad_post_transparent":"","_kad_post_title":"","_kad_post_layout":"","_kad_post_sidebar_id":"","_kad_post_content_style":"","_kad_post_vertical_padding":"","_kad_post_feature":"","_kad_post_feature_position":"","_kad_post_header":false,"_kad_post_footer":false,"_kad_post_classname":"","footnotes":""},"class_list":["post-8508","page","type-page","status-publish","hentry"],"acf":[],"yoast_head":"<!-- This site is optimized with the Yoast SEO plugin v27.4 - https:\/\/yoast.com\/product\/yoast-seo-wordpress\/ -->\n<title>Renting equipos inform\u00e1ticos - Apen Inform\u00e1tica<\/title>\n<meta name=\"description\" content=\"Empresa especializada en renting de equipos inform\u00e1ticos. Mantenimiento de ordenadores, renting de equipos inform\u00e1ticos\u2026 La empresa de inform\u00e1tica l\u00edder.\" \/>\n<meta name=\"robots\" content=\"index, follow, max-snippet:-1, max-image-preview:large, max-video-preview:-1\" \/>\n<link rel=\"canonical\" href=\"https:\/\/www.apen.es\/en\/computer-rental-2\/computer-equipment-rental\/\" \/>\n<meta property=\"og:locale\" content=\"en_US\" \/>\n<meta property=\"og:type\" content=\"article\" \/>\n<meta property=\"og:title\" content=\"Renting equipos inform\u00e1ticos - Apen Inform\u00e1tica\" \/>\n<meta property=\"og:description\" content=\"Empresa especializada en renting de equipos inform\u00e1ticos. Mantenimiento de ordenadores, renting de equipos inform\u00e1ticos\u2026 La empresa de inform\u00e1tica l\u00edder.\" \/>\n<meta property=\"og:url\" content=\"https:\/\/www.apen.es\/en\/computer-rental-2\/computer-equipment-rental\/\" \/>\n<meta property=\"og:site_name\" content=\"Apen Inform\u00e1tica\" \/>\n<meta property=\"article:publisher\" content=\"https:\/\/www.facebook.com\/apensolucions\" \/>\n<meta property=\"article:modified_time\" content=\"2025-07-09T11:31:40+00:00\" \/>\n<meta property=\"og:image\" content=\"https:\/\/www.apen.es\/wp-content\/uploads\/2016\/05\/logo-apen-231x82-trasparent.png\" \/>\n\t<meta property=\"og:image:width\" content=\"231\" \/>\n\t<meta property=\"og:image:height\" content=\"82\" \/>\n\t<meta property=\"og:image:type\" content=\"image\/png\" \/>\n<meta name=\"twitter:card\" content=\"summary_large_image\" \/>\n<meta name=\"twitter:label1\" content=\"Est. reading time\" \/>\n\t<meta name=\"twitter:data1\" content=\"5 minutes\" \/>\n<script type=\"application\/ld+json\" class=\"yoast-schema-graph\">{\"@context\":\"https:\\\/\\\/schema.org\",\"@graph\":[{\"@type\":\"WebPage\",\"@id\":\"https:\\\/\\\/www.apen.es\\\/renting-ordenadores\\\/renting-equipos-informaticos\\\/\",\"url\":\"https:\\\/\\\/www.apen.es\\\/renting-ordenadores\\\/renting-equipos-informaticos\\\/\",\"name\":\"Renting equipos inform\u00e1ticos - Apen Inform\u00e1tica\",\"isPartOf\":{\"@id\":\"https:\\\/\\\/www.apen.es\\\/#website\"},\"datePublished\":\"2017-12-29T11:15:33+00:00\",\"dateModified\":\"2025-07-09T11:31:40+00:00\",\"description\":\"Empresa especializada en renting de equipos inform\u00e1ticos. Mantenimiento de ordenadores, renting de equipos inform\u00e1ticos\u2026 La empresa de inform\u00e1tica l\u00edder.\",\"breadcrumb\":{\"@id\":\"https:\\\/\\\/www.apen.es\\\/renting-ordenadores\\\/renting-equipos-informaticos\\\/#breadcrumb\"},\"inLanguage\":\"en-US\",\"potentialAction\":[{\"@type\":\"ReadAction\",\"target\":[\"https:\\\/\\\/www.apen.es\\\/renting-ordenadores\\\/renting-equipos-informaticos\\\/\"]}]},{\"@type\":\"BreadcrumbList\",\"@id\":\"https:\\\/\\\/www.apen.es\\\/renting-ordenadores\\\/renting-equipos-informaticos\\\/#breadcrumb\",\"itemListElement\":[{\"@type\":\"ListItem\",\"position\":1,\"name\":\"Portada\",\"item\":\"https:\\\/\\\/www.apen.es\\\/\"},{\"@type\":\"ListItem\",\"position\":2,\"name\":\"Renting port\u00e1tiles y ordenadores para empresas\",\"item\":\"https:\\\/\\\/www.apen.es\\\/renting-ordenadores\\\/\"},{\"@type\":\"ListItem\",\"position\":3,\"name\":\"Renting equipos inform\u00e1ticos\"}]},{\"@type\":\"WebSite\",\"@id\":\"https:\\\/\\\/www.apen.es\\\/#website\",\"url\":\"https:\\\/\\\/www.apen.es\\\/\",\"name\":\"Apen Inform\u00e1tica\",\"description\":\"Mantenimiento Inform\u00e1tico , Software de Gesti\u00f3n, Soluciones de impresi\u00f3n\",\"publisher\":{\"@id\":\"https:\\\/\\\/www.apen.es\\\/#organization\"},\"potentialAction\":[{\"@type\":\"SearchAction\",\"target\":{\"@type\":\"EntryPoint\",\"urlTemplate\":\"https:\\\/\\\/www.apen.es\\\/?s={search_term_string}\"},\"query-input\":{\"@type\":\"PropertyValueSpecification\",\"valueRequired\":true,\"valueName\":\"search_term_string\"}}],\"inLanguage\":\"en-US\"},{\"@type\":\"Organization\",\"@id\":\"https:\\\/\\\/www.apen.es\\\/#organization\",\"name\":\"Apen: Soluciones inform\u00e1ticas\",\"url\":\"https:\\\/\\\/www.apen.es\\\/\",\"logo\":{\"@type\":\"ImageObject\",\"inLanguage\":\"en-US\",\"@id\":\"https:\\\/\\\/www.apen.es\\\/#\\\/schema\\\/logo\\\/image\\\/\",\"url\":\"https:\\\/\\\/www.apen.es\\\/wp-content\\\/uploads\\\/2022\\\/08\\\/logo-apenok-231x82-1.png\",\"contentUrl\":\"https:\\\/\\\/www.apen.es\\\/wp-content\\\/uploads\\\/2022\\\/08\\\/logo-apenok-231x82-1.png\",\"width\":231,\"height\":82,\"caption\":\"Apen: Soluciones inform\u00e1ticas\"},\"image\":{\"@id\":\"https:\\\/\\\/www.apen.es\\\/#\\\/schema\\\/logo\\\/image\\\/\"},\"sameAs\":[\"https:\\\/\\\/www.facebook.com\\\/apensolucions\",\"https:\\\/\\\/www.youtube.com\\\/user\\\/ApenCentreInformatic\",\"https:\\\/\\\/www.linkedin.com\\\/company\\\/1021771?trk=tyah&trkInfo=clickedVerticalcompanyclickedEntityId1021771idx2-1-2tarId1464195271196tasapenin\"]}]}<\/script>\n<!-- \/ Yoast SEO plugin. -->","yoast_head_json":{"title":"Computer equipment rental - Apen Inform\u00e1tica","description":"Company specializing in computer equipment rental. Computer maintenance, computer equipment rental\u2026 The leading IT company.","robots":{"index":"index","follow":"follow","max-snippet":"max-snippet:-1","max-image-preview":"max-image-preview:large","max-video-preview":"max-video-preview:-1"},"canonical":"https:\/\/www.apen.es\/en\/computer-rental-2\/computer-equipment-rental\/","og_locale":"en_US","og_type":"article","og_title":"Renting equipos inform\u00e1ticos - Apen Inform\u00e1tica","og_description":"Empresa especializada en renting de equipos inform\u00e1ticos. Mantenimiento de ordenadores, renting de equipos inform\u00e1ticos\u2026 La empresa de inform\u00e1tica l\u00edder.","og_url":"https:\/\/www.apen.es\/en\/computer-rental-2\/computer-equipment-rental\/","og_site_name":"Apen Inform\u00e1tica","article_publisher":"https:\/\/www.facebook.com\/apensolucions","article_modified_time":"2025-07-09T11:31:40+00:00","og_image":[{"width":231,"height":82,"url":"https:\/\/www.apen.es\/wp-content\/uploads\/2016\/05\/logo-apen-231x82-trasparent.png","type":"image\/png"}],"twitter_card":"summary_large_image","twitter_misc":{"Est. reading time":"5 minutes"},"schema":{"@context":"https:\/\/schema.org","@graph":[{"@type":"WebPage","@id":"https:\/\/www.apen.es\/renting-ordenadores\/renting-equipos-informaticos\/","url":"https:\/\/www.apen.es\/renting-ordenadores\/renting-equipos-informaticos\/","name":"Computer equipment rental - Apen Inform\u00e1tica","isPartOf":{"@id":"https:\/\/www.apen.es\/#website"},"datePublished":"2017-12-29T11:15:33+00:00","dateModified":"2025-07-09T11:31:40+00:00","description":"Company specializing in computer equipment rental. Computer maintenance, computer equipment rental\u2026 The leading IT company.","breadcrumb":{"@id":"https:\/\/www.apen.es\/renting-ordenadores\/renting-equipos-informaticos\/#breadcrumb"},"inLanguage":"en-US","potentialAction":[{"@type":"ReadAction","target":["https:\/\/www.apen.es\/renting-ordenadores\/renting-equipos-informaticos\/"]}]},{"@type":"BreadcrumbList","@id":"https:\/\/www.apen.es\/renting-ordenadores\/renting-equipos-informaticos\/#breadcrumb","itemListElement":[{"@type":"ListItem","position":1,"name":"Portada","item":"https:\/\/www.apen.es\/"},{"@type":"ListItem","position":2,"name":"Renting port\u00e1tiles y ordenadores para empresas","item":"https:\/\/www.apen.es\/renting-ordenadores\/"},{"@type":"ListItem","position":3,"name":"Renting equipos inform\u00e1ticos"}]},{"@type":"WebSite","@id":"https:\/\/www.apen.es\/#website","url":"https:\/\/www.apen.es\/","name":"Apen Inform\u00e1tica","description":"IT Maintenance, Management Software, Printing Solutions","publisher":{"@id":"https:\/\/www.apen.es\/#organization"},"potentialAction":[{"@type":"SearchAction","target":{"@type":"EntryPoint","urlTemplate":"https:\/\/www.apen.es\/?s={search_term_string}"},"query-input":{"@type":"PropertyValueSpecification","valueRequired":true,"valueName":"search_term_string"}}],"inLanguage":"en-US"},{"@type":"Organization","@id":"https:\/\/www.apen.es\/#organization","name":"Apen: IT Solutions","url":"https:\/\/www.apen.es\/","logo":{"@type":"ImageObject","inLanguage":"en-US","@id":"https:\/\/www.apen.es\/#\/schema\/logo\/image\/","url":"https:\/\/www.apen.es\/wp-content\/uploads\/2022\/08\/logo-apenok-231x82-1.png","contentUrl":"https:\/\/www.apen.es\/wp-content\/uploads\/2022\/08\/logo-apenok-231x82-1.png","width":231,"height":82,"caption":"Apen: Soluciones inform\u00e1ticas"},"image":{"@id":"https:\/\/www.apen.es\/#\/schema\/logo\/image\/"},"sameAs":["https:\/\/www.facebook.com\/apensolucions","https:\/\/www.youtube.com\/user\/ApenCentreInformatic","https:\/\/www.linkedin.com\/company\/1021771?trk=tyah&trkInfo=clickedVerticalcompanyclickedEntityId1021771idx2-1-2tarId1464195271196tasapenin"]}]}},"taxonomy_info":[],"featured_image_src_large":false,"author_info":{"display_name":"marqueting","author_link":"https:\/\/www.apen.es\/en\/blog\/author\/marqueting\/"},"comment_info":0,"_links":{"self":[{"href":"https:\/\/www.apen.es\/en\/wp-json\/wp\/v2\/pages\/8508","targetHints":{"allow":["GET"]}}],"collection":[{"href":"https:\/\/www.apen.es\/en\/wp-json\/wp\/v2\/pages"}],"about":[{"href":"https:\/\/www.apen.es\/en\/wp-json\/wp\/v2\/types\/page"}],"author":[{"embeddable":true,"href":"https:\/\/www.apen.es\/en\/wp-json\/wp\/v2\/users\/4"}],"replies":[{"embeddable":true,"href":"https:\/\/www.apen.es\/en\/wp-json\/wp\/v2\/comments?post=8508"}],"version-history":[{"count":1,"href":"https:\/\/www.apen.es\/en\/wp-json\/wp\/v2\/pages\/8508\/revisions"}],"predecessor-version":[{"id":56012,"href":"https:\/\/www.apen.es\/en\/wp-json\/wp\/v2\/pages\/8508\/revisions\/56012"}],"up":[{"embeddable":true,"href":"https:\/\/www.apen.es\/en\/wp-json\/wp\/v2\/pages\/6256"}],"wp:attachment":[{"href":"https:\/\/www.apen.es\/en\/wp-json\/wp\/v2\/media?parent=8508"}],"curies":[{"name":"wp","href":"https:\/\/api.w.org\/{rel}","templated":true}]}}