{"id":8489,"date":"2017-12-29T10:21:46","date_gmt":"2017-12-29T10:21:46","guid":{"rendered":"https:\/\/www.apen.es\/?page_id=8489"},"modified":"2025-07-09T11:31:11","modified_gmt":"2025-07-09T11:31:11","slug":"computer-rental-company","status":"publish","type":"page","link":"https:\/\/www.apen.es\/en\/computer-rental-2\/computer-rental-company\/","title":{"rendered":"Computer rental company"},"content":{"rendered":"<p>If you want to have high-quality computers for your <strong>company<\/strong>, Without having to buy them, at Apen we offer you a solution: The <strong>renting<\/strong> of <strong>computers<\/strong> for the <strong>company<\/strong>.<\/p>\n\n\n\n<p>It&#039;s a rental service, so that you <strong>company<\/strong> can have <strong>computers<\/strong> professionals, who come from the best brands on the market. Through a <strong>renting<\/strong> which represents a significant saving for the <strong>company<\/strong>.<\/p>\n\n\n\n<p>He <strong>renting<\/strong> of <strong>computers<\/strong> for the <strong>company<\/strong> Apen offers significant advantages, for example, having access to advanced technology without sacrificing investment capacity. <strong>company<\/strong> nor its financial equilibrium, in addition to maintaining a fixed lease price, which allows for transparent and direct planning.<\/p>\n\n\n\n<p>At Apen you can find fixed installments lower than those you might have when buying <strong>computers<\/strong> for your <strong>company<\/strong> or leasing, a financing system with which the <strong>company<\/strong> adds a fixed asset in exchange for a lease payment.<\/p>\n\n\n\n<p>At Apen, we don&#039;t want our customers to have any unpleasant surprises, which is why we offer comprehensive financing for equipment and related services, not only for the installation of computer equipment, but also for maintenance, insurance, etc.<\/p>\n\n\n\n<p>In Apen you can have access to a service of <strong>renting<\/strong> of <strong>computers<\/strong> for the <strong>company<\/strong> From 24 to 72 months, to make payment easier for the customer. We always adapt to the needs of each client. <strong>company<\/strong>, because we know that each business has its own characteristics.<\/p>\n\n\n\n<p>We believe in service <strong>renting<\/strong> of <strong>computers<\/strong> for <strong>companies<\/strong>, Because it allows SMEs to easily access professional equipment without having to make a large investment and without tying up capital needed for other business areas. At Apen, we believe we have to help SMEs, and that&#039;s why we offer this rental service, because <strong>computers<\/strong> They shouldn&#039;t be a luxury for the <strong>companies<\/strong> but it is an essential element for any SME.<\/p>\n\n\n\n<p>He <strong>renting<\/strong> of <strong>computers<\/strong> for the <strong>company<\/strong> Apen&#039;s solution creates great convenience for the customer, in addition to the cost savings it generates. It represents an alternative and an opportunity for all small and medium-sized businesses. <strong>companies<\/strong> who need professional computer equipment but don&#039;t have a large budget for this initial investment. Thus, thanks to the <strong>renting<\/strong> of <strong>computers<\/strong>, the <strong>company<\/strong> can have <strong>computers<\/strong> professionals from day one with a fixed fee, without having to buy them.<\/p>","protected":false},"excerpt":{"rendered":"<p>Si quieres disponer de ordenadores de alta calidad para tu empresa, sin tener que comprarlos, en Apen te proponemos una soluci\u00f3n: El renting de ordenadores para la empresa. Se trata de un servicio de alquiler, para que tu empresa pueda disponer de ordenadores profesionales, que provienen de las mejores marcas del mercado. Mediante un renting&#8230;<\/p>","protected":false},"author":4,"featured_media":0,"parent":6256,"menu_order":0,"comment_status":"closed","ping_status":"closed","template":"page-renting-equipos-informatico-2.php","meta":{"_acf_changed":false,"_kad_blocks_custom_css":"","_kad_blocks_head_custom_js":"","_kad_blocks_body_custom_js":"","_kad_blocks_footer_custom_js":"","_kad_post_transparent":"","_kad_post_title":"","_kad_post_layout":"","_kad_post_sidebar_id":"","_kad_post_content_style":"","_kad_post_vertical_padding":"","_kad_post_feature":"","_kad_post_feature_position":"","_kad_post_header":false,"_kad_post_footer":false,"_kad_post_classname":"","footnotes":""},"class_list":["post-8489","page","type-page","status-publish","hentry"],"acf":[],"yoast_head":"<!-- This site is optimized with the Yoast SEO plugin v27.4 - https:\/\/yoast.com\/product\/yoast-seo-wordpress\/ -->\n<title>Empresa renting ordenadores - Apen Inform\u00e1tica<\/title>\n<meta name=\"description\" content=\"Empresa especializada en renting de ordenadores. Mantenimiento de ordenadores, renting de equipos inform\u00e1ticos\u2026 La empresa de inform\u00e1tica l\u00edder.\" \/>\n<meta name=\"robots\" content=\"index, follow, max-snippet:-1, max-image-preview:large, max-video-preview:-1\" \/>\n<link rel=\"canonical\" href=\"https:\/\/www.apen.es\/en\/computer-rental-2\/computer-rental-company\/\" \/>\n<meta property=\"og:locale\" content=\"en_US\" \/>\n<meta property=\"og:type\" content=\"article\" \/>\n<meta property=\"og:title\" content=\"Empresa renting ordenadores - Apen Inform\u00e1tica\" \/>\n<meta property=\"og:description\" content=\"Empresa especializada en renting de ordenadores. Mantenimiento de ordenadores, renting de equipos inform\u00e1ticos\u2026 La empresa de inform\u00e1tica l\u00edder.\" \/>\n<meta property=\"og:url\" content=\"https:\/\/www.apen.es\/en\/computer-rental-2\/computer-rental-company\/\" \/>\n<meta property=\"og:site_name\" content=\"Apen Inform\u00e1tica\" \/>\n<meta property=\"article:publisher\" content=\"https:\/\/www.facebook.com\/apensolucions\" \/>\n<meta property=\"article:modified_time\" content=\"2025-07-09T11:31:11+00:00\" \/>\n<meta property=\"og:image\" content=\"https:\/\/www.apen.es\/wp-content\/uploads\/2016\/05\/logo-apen-231x82-trasparent.png\" \/>\n\t<meta property=\"og:image:width\" content=\"231\" \/>\n\t<meta property=\"og:image:height\" content=\"82\" \/>\n\t<meta property=\"og:image:type\" content=\"image\/png\" \/>\n<meta name=\"twitter:card\" content=\"summary_large_image\" \/>\n<meta name=\"twitter:label1\" content=\"Est. reading time\" \/>\n\t<meta name=\"twitter:data1\" content=\"5 minutes\" \/>\n<script type=\"application\/ld+json\" class=\"yoast-schema-graph\">{\"@context\":\"https:\\\/\\\/schema.org\",\"@graph\":[{\"@type\":\"WebPage\",\"@id\":\"https:\\\/\\\/www.apen.es\\\/renting-ordenadores\\\/empresa-renting-ordenadores\\\/\",\"url\":\"https:\\\/\\\/www.apen.es\\\/renting-ordenadores\\\/empresa-renting-ordenadores\\\/\",\"name\":\"Empresa renting ordenadores - Apen Inform\u00e1tica\",\"isPartOf\":{\"@id\":\"https:\\\/\\\/www.apen.es\\\/#website\"},\"datePublished\":\"2017-12-29T10:21:46+00:00\",\"dateModified\":\"2025-07-09T11:31:11+00:00\",\"description\":\"Empresa especializada en renting de ordenadores. Mantenimiento de ordenadores, renting de equipos inform\u00e1ticos\u2026 La empresa de inform\u00e1tica l\u00edder.\",\"breadcrumb\":{\"@id\":\"https:\\\/\\\/www.apen.es\\\/renting-ordenadores\\\/empresa-renting-ordenadores\\\/#breadcrumb\"},\"inLanguage\":\"en-US\",\"potentialAction\":[{\"@type\":\"ReadAction\",\"target\":[\"https:\\\/\\\/www.apen.es\\\/renting-ordenadores\\\/empresa-renting-ordenadores\\\/\"]}]},{\"@type\":\"BreadcrumbList\",\"@id\":\"https:\\\/\\\/www.apen.es\\\/renting-ordenadores\\\/empresa-renting-ordenadores\\\/#breadcrumb\",\"itemListElement\":[{\"@type\":\"ListItem\",\"position\":1,\"name\":\"Portada\",\"item\":\"https:\\\/\\\/www.apen.es\\\/\"},{\"@type\":\"ListItem\",\"position\":2,\"name\":\"Renting ordenadores\",\"item\":\"https:\\\/\\\/www.apen.es\\\/renting-ordenadores\\\/\"},{\"@type\":\"ListItem\",\"position\":3,\"name\":\"Empresa renting ordenadores\"}]},{\"@type\":\"WebSite\",\"@id\":\"https:\\\/\\\/www.apen.es\\\/#website\",\"url\":\"https:\\\/\\\/www.apen.es\\\/\",\"name\":\"Apen Inform\u00e1tica\",\"description\":\"Mantenimiento Inform\u00e1tico , Software de Gesti\u00f3n, Soluciones de impresi\u00f3n\",\"publisher\":{\"@id\":\"https:\\\/\\\/www.apen.es\\\/#organization\"},\"potentialAction\":[{\"@type\":\"SearchAction\",\"target\":{\"@type\":\"EntryPoint\",\"urlTemplate\":\"https:\\\/\\\/www.apen.es\\\/?s={search_term_string}\"},\"query-input\":{\"@type\":\"PropertyValueSpecification\",\"valueRequired\":true,\"valueName\":\"search_term_string\"}}],\"inLanguage\":\"en-US\"},{\"@type\":\"Organization\",\"@id\":\"https:\\\/\\\/www.apen.es\\\/#organization\",\"name\":\"Apen: Soluciones inform\u00e1ticas\",\"url\":\"https:\\\/\\\/www.apen.es\\\/\",\"logo\":{\"@type\":\"ImageObject\",\"inLanguage\":\"en-US\",\"@id\":\"https:\\\/\\\/www.apen.es\\\/#\\\/schema\\\/logo\\\/image\\\/\",\"url\":\"https:\\\/\\\/www.apen.es\\\/wp-content\\\/uploads\\\/2022\\\/08\\\/logo-apenok-231x82-1.png\",\"contentUrl\":\"https:\\\/\\\/www.apen.es\\\/wp-content\\\/uploads\\\/2022\\\/08\\\/logo-apenok-231x82-1.png\",\"width\":231,\"height\":82,\"caption\":\"Apen: Soluciones inform\u00e1ticas\"},\"image\":{\"@id\":\"https:\\\/\\\/www.apen.es\\\/#\\\/schema\\\/logo\\\/image\\\/\"},\"sameAs\":[\"https:\\\/\\\/www.facebook.com\\\/apensolucions\",\"https:\\\/\\\/www.youtube.com\\\/user\\\/ApenCentreInformatic\",\"https:\\\/\\\/www.linkedin.com\\\/company\\\/1021771?trk=tyah&trkInfo=clickedVerticalcompanyclickedEntityId1021771idx2-1-2tarId1464195271196tasapenin\"]}]}<\/script>\n<!-- \/ Yoast SEO plugin. -->","yoast_head_json":{"title":"Computer rental company - Apen Inform\u00e1tica","description":"Company specializing in computer rental. Computer maintenance, IT equipment rental\u2026 The leading IT company.","robots":{"index":"index","follow":"follow","max-snippet":"max-snippet:-1","max-image-preview":"max-image-preview:large","max-video-preview":"max-video-preview:-1"},"canonical":"https:\/\/www.apen.es\/en\/computer-rental-2\/computer-rental-company\/","og_locale":"en_US","og_type":"article","og_title":"Empresa renting ordenadores - Apen Inform\u00e1tica","og_description":"Empresa especializada en renting de ordenadores. Mantenimiento de ordenadores, renting de equipos inform\u00e1ticos\u2026 La empresa de inform\u00e1tica l\u00edder.","og_url":"https:\/\/www.apen.es\/en\/computer-rental-2\/computer-rental-company\/","og_site_name":"Apen Inform\u00e1tica","article_publisher":"https:\/\/www.facebook.com\/apensolucions","article_modified_time":"2025-07-09T11:31:11+00:00","og_image":[{"width":231,"height":82,"url":"https:\/\/www.apen.es\/wp-content\/uploads\/2016\/05\/logo-apen-231x82-trasparent.png","type":"image\/png"}],"twitter_card":"summary_large_image","twitter_misc":{"Est. reading time":"5 minutes"},"schema":{"@context":"https:\/\/schema.org","@graph":[{"@type":"WebPage","@id":"https:\/\/www.apen.es\/renting-ordenadores\/empresa-renting-ordenadores\/","url":"https:\/\/www.apen.es\/renting-ordenadores\/empresa-renting-ordenadores\/","name":"Computer rental company - Apen Inform\u00e1tica","isPartOf":{"@id":"https:\/\/www.apen.es\/#website"},"datePublished":"2017-12-29T10:21:46+00:00","dateModified":"2025-07-09T11:31:11+00:00","description":"Company specializing in computer rental. Computer maintenance, IT equipment rental\u2026 The leading IT company.","breadcrumb":{"@id":"https:\/\/www.apen.es\/renting-ordenadores\/empresa-renting-ordenadores\/#breadcrumb"},"inLanguage":"en-US","potentialAction":[{"@type":"ReadAction","target":["https:\/\/www.apen.es\/renting-ordenadores\/empresa-renting-ordenadores\/"]}]},{"@type":"BreadcrumbList","@id":"https:\/\/www.apen.es\/renting-ordenadores\/empresa-renting-ordenadores\/#breadcrumb","itemListElement":[{"@type":"ListItem","position":1,"name":"Portada","item":"https:\/\/www.apen.es\/"},{"@type":"ListItem","position":2,"name":"Renting ordenadores","item":"https:\/\/www.apen.es\/renting-ordenadores\/"},{"@type":"ListItem","position":3,"name":"Empresa renting ordenadores"}]},{"@type":"WebSite","@id":"https:\/\/www.apen.es\/#website","url":"https:\/\/www.apen.es\/","name":"Apen Inform\u00e1tica","description":"IT Maintenance, Management Software, Printing Solutions","publisher":{"@id":"https:\/\/www.apen.es\/#organization"},"potentialAction":[{"@type":"SearchAction","target":{"@type":"EntryPoint","urlTemplate":"https:\/\/www.apen.es\/?s={search_term_string}"},"query-input":{"@type":"PropertyValueSpecification","valueRequired":true,"valueName":"search_term_string"}}],"inLanguage":"en-US"},{"@type":"Organization","@id":"https:\/\/www.apen.es\/#organization","name":"Apen: IT Solutions","url":"https:\/\/www.apen.es\/","logo":{"@type":"ImageObject","inLanguage":"en-US","@id":"https:\/\/www.apen.es\/#\/schema\/logo\/image\/","url":"https:\/\/www.apen.es\/wp-content\/uploads\/2022\/08\/logo-apenok-231x82-1.png","contentUrl":"https:\/\/www.apen.es\/wp-content\/uploads\/2022\/08\/logo-apenok-231x82-1.png","width":231,"height":82,"caption":"Apen: Soluciones inform\u00e1ticas"},"image":{"@id":"https:\/\/www.apen.es\/#\/schema\/logo\/image\/"},"sameAs":["https:\/\/www.facebook.com\/apensolucions","https:\/\/www.youtube.com\/user\/ApenCentreInformatic","https:\/\/www.linkedin.com\/company\/1021771?trk=tyah&trkInfo=clickedVerticalcompanyclickedEntityId1021771idx2-1-2tarId1464195271196tasapenin"]}]}},"taxonomy_info":[],"featured_image_src_large":false,"author_info":{"display_name":"marqueting","author_link":"https:\/\/www.apen.es\/en\/blog\/author\/marqueting\/"},"comment_info":0,"_links":{"self":[{"href":"https:\/\/www.apen.es\/en\/wp-json\/wp\/v2\/pages\/8489","targetHints":{"allow":["GET"]}}],"collection":[{"href":"https:\/\/www.apen.es\/en\/wp-json\/wp\/v2\/pages"}],"about":[{"href":"https:\/\/www.apen.es\/en\/wp-json\/wp\/v2\/types\/page"}],"author":[{"embeddable":true,"href":"https:\/\/www.apen.es\/en\/wp-json\/wp\/v2\/users\/4"}],"replies":[{"embeddable":true,"href":"https:\/\/www.apen.es\/en\/wp-json\/wp\/v2\/comments?post=8489"}],"version-history":[{"count":1,"href":"https:\/\/www.apen.es\/en\/wp-json\/wp\/v2\/pages\/8489\/revisions"}],"predecessor-version":[{"id":56011,"href":"https:\/\/www.apen.es\/en\/wp-json\/wp\/v2\/pages\/8489\/revisions\/56011"}],"up":[{"embeddable":true,"href":"https:\/\/www.apen.es\/en\/wp-json\/wp\/v2\/pages\/6256"}],"wp:attachment":[{"href":"https:\/\/www.apen.es\/en\/wp-json\/wp\/v2\/media?parent=8489"}],"curies":[{"name":"wp","href":"https:\/\/api.w.org\/{rel}","templated":true}]}}