{"id":8064,"date":"2018-02-14T16:42:51","date_gmt":"2018-02-14T16:42:51","guid":{"rendered":"https:\/\/www.apen.es\/?page_id=8064"},"modified":"2025-03-31T06:10:57","modified_gmt":"2025-03-31T06:10:57","slug":"it-specialist-sant-cugat","status":"publish","type":"page","link":"https:\/\/www.apen.es\/en\/mantenimiento-informatico\/informatico-sant-cugat\/","title":{"rendered":"IT specialist Sant Cugat"},"content":{"rendered":"<p>At Apen we work with clients throughout the province of Barcelona, with companies in Sabadell,&nbsp;<strong>Sant Cugat<\/strong>, Vall\u00e8s Oriental and Occidental, etc.<\/p>\n\n\n\n<p>Maintenance&nbsp;<strong>computer<\/strong>&nbsp;It is our flagship service, designed to help SMEs improve and maintain their system in perfect condition&nbsp;<strong>computer<\/strong>&nbsp;that they have implemented in the company.<\/p>\n\n\n\n<p>We have been working in the sector for 25 years.&nbsp;<strong>computer<\/strong>&nbsp;And we have learned a lot from our experiences in small and medium-sized companies in Barcelona and the surrounding area, for example in Sabadell or Sant Cugat, where we have had important clients for many years.<\/p>\n\n\n\n<p>We differentiate ourselves from other companies through our personalized customer service, offering specialized support through our IT technicians who handle maintenance.&nbsp;<strong>computer<\/strong>, keep the equipment and 100% operational updated, resolving doubts, system problems, breakdowns or computer security management.<\/p>\n\n\n\n<p>Information security is Apen&#039;s other flagship service, which is often linked to the first one, maintenance.&nbsp;<strong>computer<\/strong>. Both are responsible for maintaining the system in good condition.&nbsp;<strong>computer<\/strong>&nbsp;of our clients&#039; companies, solving problems, acting on them and above all having continuous control of maintenance&nbsp;<strong>computer<\/strong>.<\/p>\n\n\n\n<p>Apen&#039;s maintenance service is fully adaptable to each company and its budget, as we offer three types of maintenance plans.&nbsp;<strong>computer<\/strong>&nbsp;such as basic maintenance, outsourcing, and premium. The first is maintenance&nbsp;<strong>computer<\/strong>&nbsp;basic, the second is more elaborate maintenance, and the third is maintenance&nbsp;<strong>computer<\/strong>&nbsp;more comprehensive, based on system monitoring.<\/p>\n\n\n\n<p>Our service and attention are personalized and highly professional, as we have experts in the sector and only work with the best brands on the market to guarantee the best results for our clients. All of this, combined with our 25 years of experience, results in a guarantee of success in all our services, not just maintenance.&nbsp;<strong>computer<\/strong>, but also IT security, printing services and the implementation of the a3ERP business management program.<\/p>\n\n\n\n<p>We travel throughout the province of Barcelona, providing personalized and friendly service to our clients. We have clients in&nbsp;<strong>Sant Cugat<\/strong>, Sabadell, Granollers, Terrassa, etc.<\/p>\n\n\n\n<p>Thanks to our maintenance service&nbsp;<strong>computer<\/strong>, The company can avoid failures and hazards in the system&nbsp;<strong>computer<\/strong>&nbsp;such as problems downloading files, screen locks, or even detecting potential viruses or computer threats in time that could damage the system.<\/p>\n\n\n\n<p>If you have a company in&nbsp;<strong>Sant Cugat<\/strong>&nbsp;If you are located throughout the province of Barcelona and want your computer equipment and systems to be kept in good condition, do not hesitate to contact us so that we can study your case and define a plan, according to the needs and requirements of your company.<\/p>","protected":false},"excerpt":{"rendered":"<p>En Apen trabajamos con clientes en toda la provincia de Barcelona, con empresas de Sabadell,&nbsp;Sant Cugat, el Vall\u00e8s Oriental y Occidental, etc. El mantenimiento&nbsp;inform\u00e1tico&nbsp;es nuestro servicio estrella, dise\u00f1ado para ayudar a las PYMES a mejorar y mantener en perfecto estado el sistema&nbsp;inform\u00e1tico&nbsp;que tienen implantado en la empresa. Hace 25 a\u00f1os que trabajamos en el sector&nbsp;inform\u00e1tico&nbsp;y&#8230;<\/p>","protected":false},"author":4,"featured_media":0,"parent":1357,"menu_order":0,"comment_status":"closed","ping_status":"closed","template":"page-servicio-informatico.php","meta":{"_acf_changed":false,"_kad_blocks_custom_css":"","_kad_blocks_head_custom_js":"","_kad_blocks_body_custom_js":"","_kad_blocks_footer_custom_js":"","_kad_post_transparent":"","_kad_post_title":"","_kad_post_layout":"","_kad_post_sidebar_id":"","_kad_post_content_style":"","_kad_post_vertical_padding":"","_kad_post_feature":"","_kad_post_feature_position":"","_kad_post_header":false,"_kad_post_footer":false,"_kad_post_classname":"","footnotes":""},"class_list":["post-8064","page","type-page","status-publish","hentry"],"acf":[],"yoast_head":"<!-- This site is optimized with the Yoast SEO plugin v27.4 - https:\/\/yoast.com\/product\/yoast-seo-wordpress\/ -->\n<title>Inform\u00e1tico Sant Cugat - Apen Inform\u00e1tica<\/title>\n<meta name=\"description\" content=\"Mantenimiento de ordenadores, renting de equipos inform\u00e1ticos\u2026 La empresa de inform\u00e1tica de la ciudad de Sant Cugat. \u00a1Digitalizamos tu empresa!\" \/>\n<meta name=\"robots\" content=\"index, follow, max-snippet:-1, max-image-preview:large, max-video-preview:-1\" \/>\n<link rel=\"canonical\" href=\"https:\/\/www.apen.es\/en\/computer-maintenance\/it-specialist-sant-cugat\/\" \/>\n<meta property=\"og:locale\" content=\"en_US\" \/>\n<meta property=\"og:type\" content=\"article\" \/>\n<meta property=\"og:title\" content=\"Inform\u00e1tico Sant Cugat - Apen Inform\u00e1tica\" \/>\n<meta property=\"og:description\" content=\"Mantenimiento de ordenadores, renting de equipos inform\u00e1ticos\u2026 La empresa de inform\u00e1tica de la ciudad de Sant Cugat. \u00a1Digitalizamos tu empresa!\" \/>\n<meta property=\"og:url\" content=\"https:\/\/www.apen.es\/en\/computer-maintenance\/it-specialist-sant-cugat\/\" \/>\n<meta property=\"og:site_name\" content=\"Apen Inform\u00e1tica\" \/>\n<meta property=\"article:publisher\" content=\"https:\/\/www.facebook.com\/apensolucions\" \/>\n<meta property=\"article:modified_time\" content=\"2025-03-31T06:10:57+00:00\" \/>\n<meta property=\"og:image\" content=\"https:\/\/www.apen.es\/wp-content\/uploads\/2016\/05\/logo-apen-231x82-trasparent.png\" \/>\n\t<meta property=\"og:image:width\" content=\"231\" \/>\n\t<meta property=\"og:image:height\" content=\"82\" \/>\n\t<meta property=\"og:image:type\" content=\"image\/png\" \/>\n<meta name=\"twitter:card\" content=\"summary_large_image\" \/>\n<meta name=\"twitter:label1\" content=\"Est. reading time\" \/>\n\t<meta name=\"twitter:data1\" content=\"10 minutes\" \/>\n<script type=\"application\/ld+json\" class=\"yoast-schema-graph\">{\"@context\":\"https:\\\/\\\/schema.org\",\"@graph\":[{\"@type\":\"WebPage\",\"@id\":\"https:\\\/\\\/www.apen.es\\\/mantenimiento-informatico\\\/informatico-sant-cugat\\\/\",\"url\":\"https:\\\/\\\/www.apen.es\\\/mantenimiento-informatico\\\/informatico-sant-cugat\\\/\",\"name\":\"Inform\u00e1tico Sant Cugat - Apen Inform\u00e1tica\",\"isPartOf\":{\"@id\":\"https:\\\/\\\/www.apen.es\\\/#website\"},\"datePublished\":\"2018-02-14T16:42:51+00:00\",\"dateModified\":\"2025-03-31T06:10:57+00:00\",\"description\":\"Mantenimiento de ordenadores, renting de equipos inform\u00e1ticos\u2026 La empresa de inform\u00e1tica de la ciudad de Sant Cugat. \u00a1Digitalizamos tu empresa!\",\"breadcrumb\":{\"@id\":\"https:\\\/\\\/www.apen.es\\\/mantenimiento-informatico\\\/informatico-sant-cugat\\\/#breadcrumb\"},\"inLanguage\":\"en-US\",\"potentialAction\":[{\"@type\":\"ReadAction\",\"target\":[\"https:\\\/\\\/www.apen.es\\\/mantenimiento-informatico\\\/informatico-sant-cugat\\\/\"]}]},{\"@type\":\"BreadcrumbList\",\"@id\":\"https:\\\/\\\/www.apen.es\\\/mantenimiento-informatico\\\/informatico-sant-cugat\\\/#breadcrumb\",\"itemListElement\":[{\"@type\":\"ListItem\",\"position\":1,\"name\":\"Portada\",\"item\":\"https:\\\/\\\/www.apen.es\\\/\"},{\"@type\":\"ListItem\",\"position\":2,\"name\":\"Mantenimiento inform\u00e1tico\",\"item\":\"https:\\\/\\\/www.apen.es\\\/mantenimiento-informatico\\\/\"},{\"@type\":\"ListItem\",\"position\":3,\"name\":\"Inform\u00e1tico Sant Cugat\"}]},{\"@type\":\"WebSite\",\"@id\":\"https:\\\/\\\/www.apen.es\\\/#website\",\"url\":\"https:\\\/\\\/www.apen.es\\\/\",\"name\":\"Apen Inform\u00e1tica\",\"description\":\"Mantenimiento Inform\u00e1tico , Software de Gesti\u00f3n, Soluciones de impresi\u00f3n\",\"publisher\":{\"@id\":\"https:\\\/\\\/www.apen.es\\\/#organization\"},\"potentialAction\":[{\"@type\":\"SearchAction\",\"target\":{\"@type\":\"EntryPoint\",\"urlTemplate\":\"https:\\\/\\\/www.apen.es\\\/?s={search_term_string}\"},\"query-input\":{\"@type\":\"PropertyValueSpecification\",\"valueRequired\":true,\"valueName\":\"search_term_string\"}}],\"inLanguage\":\"en-US\"},{\"@type\":\"Organization\",\"@id\":\"https:\\\/\\\/www.apen.es\\\/#organization\",\"name\":\"Apen: Soluciones inform\u00e1ticas\",\"url\":\"https:\\\/\\\/www.apen.es\\\/\",\"logo\":{\"@type\":\"ImageObject\",\"inLanguage\":\"en-US\",\"@id\":\"https:\\\/\\\/www.apen.es\\\/#\\\/schema\\\/logo\\\/image\\\/\",\"url\":\"https:\\\/\\\/www.apen.es\\\/wp-content\\\/uploads\\\/2022\\\/08\\\/logo-apenok-231x82-1.png\",\"contentUrl\":\"https:\\\/\\\/www.apen.es\\\/wp-content\\\/uploads\\\/2022\\\/08\\\/logo-apenok-231x82-1.png\",\"width\":231,\"height\":82,\"caption\":\"Apen: Soluciones inform\u00e1ticas\"},\"image\":{\"@id\":\"https:\\\/\\\/www.apen.es\\\/#\\\/schema\\\/logo\\\/image\\\/\"},\"sameAs\":[\"https:\\\/\\\/www.facebook.com\\\/apensolucions\",\"https:\\\/\\\/www.youtube.com\\\/user\\\/ApenCentreInformatic\",\"https:\\\/\\\/www.linkedin.com\\\/company\\\/1021771?trk=tyah&trkInfo=clickedVerticalcompanyclickedEntityId1021771idx2-1-2tarId1464195271196tasapenin\"]}]}<\/script>\n<!-- \/ Yoast SEO plugin. -->","yoast_head_json":{"title":"IT Specialist Sant Cugat - Apen Inform\u00e1tica","description":"Computer maintenance, IT equipment rental\u2026 The IT company in Sant Cugat. We digitize your business!","robots":{"index":"index","follow":"follow","max-snippet":"max-snippet:-1","max-image-preview":"max-image-preview:large","max-video-preview":"max-video-preview:-1"},"canonical":"https:\/\/www.apen.es\/en\/computer-maintenance\/it-specialist-sant-cugat\/","og_locale":"en_US","og_type":"article","og_title":"Inform\u00e1tico Sant Cugat - Apen Inform\u00e1tica","og_description":"Mantenimiento de ordenadores, renting de equipos inform\u00e1ticos\u2026 La empresa de inform\u00e1tica de la ciudad de Sant Cugat. \u00a1Digitalizamos tu empresa!","og_url":"https:\/\/www.apen.es\/en\/computer-maintenance\/it-specialist-sant-cugat\/","og_site_name":"Apen Inform\u00e1tica","article_publisher":"https:\/\/www.facebook.com\/apensolucions","article_modified_time":"2025-03-31T06:10:57+00:00","og_image":[{"width":231,"height":82,"url":"https:\/\/www.apen.es\/wp-content\/uploads\/2016\/05\/logo-apen-231x82-trasparent.png","type":"image\/png"}],"twitter_card":"summary_large_image","twitter_misc":{"Est. reading time":"10 minutes"},"schema":{"@context":"https:\/\/schema.org","@graph":[{"@type":"WebPage","@id":"https:\/\/www.apen.es\/mantenimiento-informatico\/informatico-sant-cugat\/","url":"https:\/\/www.apen.es\/mantenimiento-informatico\/informatico-sant-cugat\/","name":"IT Specialist Sant Cugat - Apen Inform\u00e1tica","isPartOf":{"@id":"https:\/\/www.apen.es\/#website"},"datePublished":"2018-02-14T16:42:51+00:00","dateModified":"2025-03-31T06:10:57+00:00","description":"Computer maintenance, IT equipment rental\u2026 The IT company in Sant Cugat. We digitize your business!","breadcrumb":{"@id":"https:\/\/www.apen.es\/mantenimiento-informatico\/informatico-sant-cugat\/#breadcrumb"},"inLanguage":"en-US","potentialAction":[{"@type":"ReadAction","target":["https:\/\/www.apen.es\/mantenimiento-informatico\/informatico-sant-cugat\/"]}]},{"@type":"BreadcrumbList","@id":"https:\/\/www.apen.es\/mantenimiento-informatico\/informatico-sant-cugat\/#breadcrumb","itemListElement":[{"@type":"ListItem","position":1,"name":"Portada","item":"https:\/\/www.apen.es\/"},{"@type":"ListItem","position":2,"name":"Mantenimiento inform\u00e1tico","item":"https:\/\/www.apen.es\/mantenimiento-informatico\/"},{"@type":"ListItem","position":3,"name":"Inform\u00e1tico Sant Cugat"}]},{"@type":"WebSite","@id":"https:\/\/www.apen.es\/#website","url":"https:\/\/www.apen.es\/","name":"Apen Inform\u00e1tica","description":"IT Maintenance, Management Software, Printing Solutions","publisher":{"@id":"https:\/\/www.apen.es\/#organization"},"potentialAction":[{"@type":"SearchAction","target":{"@type":"EntryPoint","urlTemplate":"https:\/\/www.apen.es\/?s={search_term_string}"},"query-input":{"@type":"PropertyValueSpecification","valueRequired":true,"valueName":"search_term_string"}}],"inLanguage":"en-US"},{"@type":"Organization","@id":"https:\/\/www.apen.es\/#organization","name":"Apen: IT Solutions","url":"https:\/\/www.apen.es\/","logo":{"@type":"ImageObject","inLanguage":"en-US","@id":"https:\/\/www.apen.es\/#\/schema\/logo\/image\/","url":"https:\/\/www.apen.es\/wp-content\/uploads\/2022\/08\/logo-apenok-231x82-1.png","contentUrl":"https:\/\/www.apen.es\/wp-content\/uploads\/2022\/08\/logo-apenok-231x82-1.png","width":231,"height":82,"caption":"Apen: Soluciones inform\u00e1ticas"},"image":{"@id":"https:\/\/www.apen.es\/#\/schema\/logo\/image\/"},"sameAs":["https:\/\/www.facebook.com\/apensolucions","https:\/\/www.youtube.com\/user\/ApenCentreInformatic","https:\/\/www.linkedin.com\/company\/1021771?trk=tyah&trkInfo=clickedVerticalcompanyclickedEntityId1021771idx2-1-2tarId1464195271196tasapenin"]}]}},"taxonomy_info":[],"featured_image_src_large":false,"author_info":{"display_name":"marqueting","author_link":"https:\/\/www.apen.es\/en\/blog\/author\/marqueting\/"},"comment_info":0,"_links":{"self":[{"href":"https:\/\/www.apen.es\/en\/wp-json\/wp\/v2\/pages\/8064","targetHints":{"allow":["GET"]}}],"collection":[{"href":"https:\/\/www.apen.es\/en\/wp-json\/wp\/v2\/pages"}],"about":[{"href":"https:\/\/www.apen.es\/en\/wp-json\/wp\/v2\/types\/page"}],"author":[{"embeddable":true,"href":"https:\/\/www.apen.es\/en\/wp-json\/wp\/v2\/users\/4"}],"replies":[{"embeddable":true,"href":"https:\/\/www.apen.es\/en\/wp-json\/wp\/v2\/comments?post=8064"}],"version-history":[{"count":3,"href":"https:\/\/www.apen.es\/en\/wp-json\/wp\/v2\/pages\/8064\/revisions"}],"predecessor-version":[{"id":54457,"href":"https:\/\/www.apen.es\/en\/wp-json\/wp\/v2\/pages\/8064\/revisions\/54457"}],"up":[{"embeddable":true,"href":"https:\/\/www.apen.es\/en\/wp-json\/wp\/v2\/pages\/1357"}],"wp:attachment":[{"href":"https:\/\/www.apen.es\/en\/wp-json\/wp\/v2\/media?parent=8064"}],"curies":[{"name":"wp","href":"https:\/\/api.w.org\/{rel}","templated":true}]}}