{"id":7016,"date":"2017-08-29T10:25:26","date_gmt":"2017-08-29T10:25:26","guid":{"rendered":"https:\/\/www.apen.es\/?page_id=7016"},"modified":"2025-05-23T08:19:49","modified_gmt":"2025-05-23T08:19:49","slug":"oki-printer-distributor","status":"publish","type":"page","link":"https:\/\/www.apen.es\/en\/soluciones-de-impresion\/distribuidor-impresoras-oki\/","title":{"rendered":"OKI printer distributor"},"content":{"rendered":"<p>At Apen, we specialize in the implementation and maintenance of IT equipment, providing solutions for business management with the aim of improving our clients&#039; competitiveness. One of the services we offer our clients is...&nbsp;<strong>distribution<\/strong>&nbsp;and the sale of computer products, such as&nbsp;<strong>printers<\/strong>, In this case, we will talk about the&nbsp;<strong>OKI printers<\/strong>.<\/p>\n\n\n\n<p><strong>OKI<\/strong>, For those of you who don&#039;t know them yet, it&#039;s a company that has been a world leader in customer-oriented innovation for more than 130 years, during which time it has had more than 18,000 employees spread across 120 different countries.<\/p>\n\n\n\n<p>For this reason, at Apen, we take care of&nbsp;<strong>distribute OKI printers<\/strong>, Because we believe that guaranteeing the quality we like to offer our customers, always ensuring compliance with the principle that underpins our business philosophy: your satisfaction. Furthermore, at Apen,&nbsp;<strong>OKI printer distributor<\/strong>, We share many values with this great company; some of these values are:<\/p>\n\n\n\n<ul class=\"wp-block-list\">\n<li>Advice: We offer advice to all clients who come to us, trying to resolve all their doubts that are within our power.<\/li>\n\n\n\n<li>Minimum price: When it comes to&nbsp;<strong>distribute OKI printers<\/strong>, We guarantee the lowest price for our service.<\/li>\n\n\n\n<li>Ease of use: At Apen, we have a wide range of products and expertise, so it&#039;s not difficult for us to meet current market demands and provide effective solutions to your problems.<\/li>\n\n\n\n<li>Services: Professional service marked by dedication, vocation and passion that promote the &quot;yes&quot; of our work and identify the philosophy of our organization.<\/li>\n\n\n\n<li>Quality: One of the reasons why&nbsp;<strong>We distribute OKI printers<\/strong>&nbsp;It is because we always want to offer the highest quality in each and every one of our computer and electronic services, resources and products that we offer.<\/li>\n<\/ul>\n\n\n\n<p>Without a doubt,&nbsp;<strong>OKI<\/strong>&nbsp;It fits perfectly with all aspects of our philosophy, and it is also a company with world-leading technological innovations.<\/p>\n\n\n\n<p>In 1989, the company&nbsp;<strong>OKI<\/strong>, made a great innovation with the&nbsp;<strong>printers<\/strong>LED, in 2005, presented the world&#039;s first A4 color multifunction printer and in 2012, made the first&nbsp;<strong>printers<\/strong>&nbsp;digital LED white toner printers. As you can see, innovation is always part of our core values.&nbsp;<strong>OKI<\/strong>, always adapting to new generations.<\/p>\n\n\n\n<p>The driving force behind all their advancements is focused on LED technology, also known as light-emitting diode, which is a type of semiconductor element that emits light and offers all their customers, including ours, better performance in areas such as cost control, quality, and environmental impact.<\/p>\n\n\n\n<p>As you can see, in Apen, a company&nbsp;<strong>OKI distributor<\/strong>, We always focus on innovative companies, so that each and every one of our clients can achieve the results they expect and receive top-quality products tailored to their needs. For more information, please don&#039;t hesitate to contact our global IT and technology solutions company.<\/p>","protected":false},"excerpt":{"rendered":"<p>En Apen somos especialistas en la implantaci\u00f3n y el mantenimiento de equipos inform\u00e1ticos, aportando soluciones para la gesti\u00f3n de las empresas con el objetivo de mejorar la capacidad competitiva de nuestros clientes. Uno de los servicios que ofrecemos a nuestros clientes es la&nbsp;distribuci\u00f3n&nbsp;y la venda de productos inform\u00e1ticos, como por ejemplo&nbsp;impresoras, en este caso, hablaremos&#8230;<\/p>","protected":false},"author":4,"featured_media":0,"parent":1158,"menu_order":0,"comment_status":"closed","ping_status":"closed","template":"page-renting-impresoras.php","meta":{"_acf_changed":false,"_kad_blocks_custom_css":"","_kad_blocks_head_custom_js":"","_kad_blocks_body_custom_js":"","_kad_blocks_footer_custom_js":"","_kad_post_transparent":"","_kad_post_title":"","_kad_post_layout":"","_kad_post_sidebar_id":"","_kad_post_content_style":"","_kad_post_vertical_padding":"","_kad_post_feature":"","_kad_post_feature_position":"","_kad_post_header":false,"_kad_post_footer":false,"_kad_post_classname":"","footnotes":""},"class_list":["post-7016","page","type-page","status-publish","hentry"],"acf":[],"yoast_head":"<!-- This site is optimized with the Yoast SEO plugin v27.4 - https:\/\/yoast.com\/product\/yoast-seo-wordpress\/ -->\n<title>Distribuidor impresoras OKI - Apen Inform\u00e1tica<\/title>\n<meta name=\"description\" content=\"Apen es distribuidor de impresoras OKI. Ofrecemos asesoramiento, m\u00ednimo precio, facilidad, servicios y calidad. Ll\u00e1manos al 938 606 220 sin compromiso.\" \/>\n<meta name=\"robots\" content=\"index, follow, max-snippet:-1, max-image-preview:large, max-video-preview:-1\" \/>\n<link rel=\"canonical\" href=\"https:\/\/www.apen.es\/en\/printing-solutions\/oki-printer-distributor\/\" \/>\n<meta property=\"og:locale\" content=\"en_US\" \/>\n<meta property=\"og:type\" content=\"article\" \/>\n<meta property=\"og:title\" content=\"Distribuidor impresoras OKI - Apen Inform\u00e1tica\" \/>\n<meta property=\"og:description\" content=\"Apen es distribuidor de impresoras OKI. Ofrecemos asesoramiento, m\u00ednimo precio, facilidad, servicios y calidad. Ll\u00e1manos al 938 606 220 sin compromiso.\" \/>\n<meta property=\"og:url\" content=\"https:\/\/www.apen.es\/en\/printing-solutions\/oki-printer-distributor\/\" \/>\n<meta property=\"og:site_name\" content=\"Apen Inform\u00e1tica\" \/>\n<meta property=\"article:publisher\" content=\"https:\/\/www.facebook.com\/apensolucions\" \/>\n<meta property=\"article:modified_time\" content=\"2025-05-23T08:19:49+00:00\" \/>\n<meta property=\"og:image\" content=\"https:\/\/www.apen.es\/wp-content\/uploads\/2016\/05\/logo-apen-231x82-trasparent.png\" \/>\n\t<meta property=\"og:image:width\" content=\"231\" \/>\n\t<meta property=\"og:image:height\" content=\"82\" \/>\n\t<meta property=\"og:image:type\" content=\"image\/png\" \/>\n<meta name=\"twitter:card\" content=\"summary_large_image\" \/>\n<meta name=\"twitter:label1\" content=\"Est. reading time\" \/>\n\t<meta name=\"twitter:data1\" content=\"8 minutes\" \/>\n<script type=\"application\/ld+json\" class=\"yoast-schema-graph\">{\"@context\":\"https:\\\/\\\/schema.org\",\"@graph\":[{\"@type\":\"WebPage\",\"@id\":\"https:\\\/\\\/www.apen.es\\\/soluciones-de-impresion\\\/distribuidor-impresoras-oki\\\/\",\"url\":\"https:\\\/\\\/www.apen.es\\\/soluciones-de-impresion\\\/distribuidor-impresoras-oki\\\/\",\"name\":\"Distribuidor impresoras OKI - Apen Inform\u00e1tica\",\"isPartOf\":{\"@id\":\"https:\\\/\\\/www.apen.es\\\/#website\"},\"datePublished\":\"2017-08-29T10:25:26+00:00\",\"dateModified\":\"2025-05-23T08:19:49+00:00\",\"description\":\"Apen es distribuidor de impresoras OKI. Ofrecemos asesoramiento, m\u00ednimo precio, facilidad, servicios y calidad. Ll\u00e1manos al 938 606 220 sin compromiso.\",\"breadcrumb\":{\"@id\":\"https:\\\/\\\/www.apen.es\\\/soluciones-de-impresion\\\/distribuidor-impresoras-oki\\\/#breadcrumb\"},\"inLanguage\":\"en-US\",\"potentialAction\":[{\"@type\":\"ReadAction\",\"target\":[\"https:\\\/\\\/www.apen.es\\\/soluciones-de-impresion\\\/distribuidor-impresoras-oki\\\/\"]}]},{\"@type\":\"BreadcrumbList\",\"@id\":\"https:\\\/\\\/www.apen.es\\\/soluciones-de-impresion\\\/distribuidor-impresoras-oki\\\/#breadcrumb\",\"itemListElement\":[{\"@type\":\"ListItem\",\"position\":1,\"name\":\"Portada\",\"item\":\"https:\\\/\\\/www.apen.es\\\/\"},{\"@type\":\"ListItem\",\"position\":2,\"name\":\"Soluciones de impresi\u00f3n\",\"item\":\"https:\\\/\\\/www.apen.es\\\/soluciones-de-impresion\\\/\"},{\"@type\":\"ListItem\",\"position\":3,\"name\":\"Distribuidor impresoras OKI\"}]},{\"@type\":\"WebSite\",\"@id\":\"https:\\\/\\\/www.apen.es\\\/#website\",\"url\":\"https:\\\/\\\/www.apen.es\\\/\",\"name\":\"Apen Inform\u00e1tica\",\"description\":\"Mantenimiento Inform\u00e1tico , Software de Gesti\u00f3n, Soluciones de impresi\u00f3n\",\"publisher\":{\"@id\":\"https:\\\/\\\/www.apen.es\\\/#organization\"},\"potentialAction\":[{\"@type\":\"SearchAction\",\"target\":{\"@type\":\"EntryPoint\",\"urlTemplate\":\"https:\\\/\\\/www.apen.es\\\/?s={search_term_string}\"},\"query-input\":{\"@type\":\"PropertyValueSpecification\",\"valueRequired\":true,\"valueName\":\"search_term_string\"}}],\"inLanguage\":\"en-US\"},{\"@type\":\"Organization\",\"@id\":\"https:\\\/\\\/www.apen.es\\\/#organization\",\"name\":\"Apen: Soluciones inform\u00e1ticas\",\"url\":\"https:\\\/\\\/www.apen.es\\\/\",\"logo\":{\"@type\":\"ImageObject\",\"inLanguage\":\"en-US\",\"@id\":\"https:\\\/\\\/www.apen.es\\\/#\\\/schema\\\/logo\\\/image\\\/\",\"url\":\"https:\\\/\\\/www.apen.es\\\/wp-content\\\/uploads\\\/2022\\\/08\\\/logo-apenok-231x82-1.png\",\"contentUrl\":\"https:\\\/\\\/www.apen.es\\\/wp-content\\\/uploads\\\/2022\\\/08\\\/logo-apenok-231x82-1.png\",\"width\":231,\"height\":82,\"caption\":\"Apen: Soluciones inform\u00e1ticas\"},\"image\":{\"@id\":\"https:\\\/\\\/www.apen.es\\\/#\\\/schema\\\/logo\\\/image\\\/\"},\"sameAs\":[\"https:\\\/\\\/www.facebook.com\\\/apensolucions\",\"https:\\\/\\\/www.youtube.com\\\/user\\\/ApenCentreInformatic\",\"https:\\\/\\\/www.linkedin.com\\\/company\\\/1021771?trk=tyah&trkInfo=clickedVerticalcompanyclickedEntityId1021771idx2-1-2tarId1464195271196tasapenin\"]}]}<\/script>\n<!-- \/ Yoast SEO plugin. -->","yoast_head_json":{"title":"OKI printer distributor - Apen Inform\u00e1tica","description":"Apen is an OKI printer distributor. We offer expert advice, competitive prices, ease of use, excellent service, and top quality. Call us at 938 606 220 for a free consultation.","robots":{"index":"index","follow":"follow","max-snippet":"max-snippet:-1","max-image-preview":"max-image-preview:large","max-video-preview":"max-video-preview:-1"},"canonical":"https:\/\/www.apen.es\/en\/printing-solutions\/oki-printer-distributor\/","og_locale":"en_US","og_type":"article","og_title":"Distribuidor impresoras OKI - Apen Inform\u00e1tica","og_description":"Apen es distribuidor de impresoras OKI. Ofrecemos asesoramiento, m\u00ednimo precio, facilidad, servicios y calidad. Ll\u00e1manos al 938 606 220 sin compromiso.","og_url":"https:\/\/www.apen.es\/en\/printing-solutions\/oki-printer-distributor\/","og_site_name":"Apen Inform\u00e1tica","article_publisher":"https:\/\/www.facebook.com\/apensolucions","article_modified_time":"2025-05-23T08:19:49+00:00","og_image":[{"width":231,"height":82,"url":"https:\/\/www.apen.es\/wp-content\/uploads\/2016\/05\/logo-apen-231x82-trasparent.png","type":"image\/png"}],"twitter_card":"summary_large_image","twitter_misc":{"Est. reading time":"8 minutes"},"schema":{"@context":"https:\/\/schema.org","@graph":[{"@type":"WebPage","@id":"https:\/\/www.apen.es\/soluciones-de-impresion\/distribuidor-impresoras-oki\/","url":"https:\/\/www.apen.es\/soluciones-de-impresion\/distribuidor-impresoras-oki\/","name":"OKI printer distributor - Apen Inform\u00e1tica","isPartOf":{"@id":"https:\/\/www.apen.es\/#website"},"datePublished":"2017-08-29T10:25:26+00:00","dateModified":"2025-05-23T08:19:49+00:00","description":"Apen is an OKI printer distributor. We offer expert advice, competitive prices, ease of use, excellent service, and top quality. Call us at 938 606 220 for a free consultation.","breadcrumb":{"@id":"https:\/\/www.apen.es\/soluciones-de-impresion\/distribuidor-impresoras-oki\/#breadcrumb"},"inLanguage":"en-US","potentialAction":[{"@type":"ReadAction","target":["https:\/\/www.apen.es\/soluciones-de-impresion\/distribuidor-impresoras-oki\/"]}]},{"@type":"BreadcrumbList","@id":"https:\/\/www.apen.es\/soluciones-de-impresion\/distribuidor-impresoras-oki\/#breadcrumb","itemListElement":[{"@type":"ListItem","position":1,"name":"Portada","item":"https:\/\/www.apen.es\/"},{"@type":"ListItem","position":2,"name":"Soluciones de impresi\u00f3n","item":"https:\/\/www.apen.es\/soluciones-de-impresion\/"},{"@type":"ListItem","position":3,"name":"Distribuidor impresoras OKI"}]},{"@type":"WebSite","@id":"https:\/\/www.apen.es\/#website","url":"https:\/\/www.apen.es\/","name":"Apen Inform\u00e1tica","description":"IT Maintenance, Management Software, Printing Solutions","publisher":{"@id":"https:\/\/www.apen.es\/#organization"},"potentialAction":[{"@type":"SearchAction","target":{"@type":"EntryPoint","urlTemplate":"https:\/\/www.apen.es\/?s={search_term_string}"},"query-input":{"@type":"PropertyValueSpecification","valueRequired":true,"valueName":"search_term_string"}}],"inLanguage":"en-US"},{"@type":"Organization","@id":"https:\/\/www.apen.es\/#organization","name":"Apen: IT Solutions","url":"https:\/\/www.apen.es\/","logo":{"@type":"ImageObject","inLanguage":"en-US","@id":"https:\/\/www.apen.es\/#\/schema\/logo\/image\/","url":"https:\/\/www.apen.es\/wp-content\/uploads\/2022\/08\/logo-apenok-231x82-1.png","contentUrl":"https:\/\/www.apen.es\/wp-content\/uploads\/2022\/08\/logo-apenok-231x82-1.png","width":231,"height":82,"caption":"Apen: Soluciones inform\u00e1ticas"},"image":{"@id":"https:\/\/www.apen.es\/#\/schema\/logo\/image\/"},"sameAs":["https:\/\/www.facebook.com\/apensolucions","https:\/\/www.youtube.com\/user\/ApenCentreInformatic","https:\/\/www.linkedin.com\/company\/1021771?trk=tyah&trkInfo=clickedVerticalcompanyclickedEntityId1021771idx2-1-2tarId1464195271196tasapenin"]}]}},"taxonomy_info":[],"featured_image_src_large":false,"author_info":{"display_name":"marqueting","author_link":"https:\/\/www.apen.es\/en\/blog\/author\/marqueting\/"},"comment_info":0,"_links":{"self":[{"href":"https:\/\/www.apen.es\/en\/wp-json\/wp\/v2\/pages\/7016","targetHints":{"allow":["GET"]}}],"collection":[{"href":"https:\/\/www.apen.es\/en\/wp-json\/wp\/v2\/pages"}],"about":[{"href":"https:\/\/www.apen.es\/en\/wp-json\/wp\/v2\/types\/page"}],"author":[{"embeddable":true,"href":"https:\/\/www.apen.es\/en\/wp-json\/wp\/v2\/users\/4"}],"replies":[{"embeddable":true,"href":"https:\/\/www.apen.es\/en\/wp-json\/wp\/v2\/comments?post=7016"}],"version-history":[{"count":3,"href":"https:\/\/www.apen.es\/en\/wp-json\/wp\/v2\/pages\/7016\/revisions"}],"predecessor-version":[{"id":54866,"href":"https:\/\/www.apen.es\/en\/wp-json\/wp\/v2\/pages\/7016\/revisions\/54866"}],"up":[{"embeddable":true,"href":"https:\/\/www.apen.es\/en\/wp-json\/wp\/v2\/pages\/1158"}],"wp:attachment":[{"href":"https:\/\/www.apen.es\/en\/wp-json\/wp\/v2\/media?parent=7016"}],"curies":[{"name":"wp","href":"https:\/\/api.w.org\/{rel}","templated":true}]}}