{"id":6912,"date":"2017-07-27T10:37:28","date_gmt":"2017-07-27T10:37:28","guid":{"rendered":"https:\/\/www.apen.es\/?page_id=6912"},"modified":"2025-07-09T10:14:55","modified_gmt":"2025-07-09T10:14:55","slug":"business-computer-repair","status":"publish","type":"page","link":"https:\/\/www.apen.es\/en\/mantenimiento-informatico\/reparacion-de-ordenadores-de-empresa\/","title":{"rendered":"Business computer repair"},"content":{"rendered":"<p>If you have several&nbsp;<strong>computers<\/strong>&nbsp;in your&nbsp;<strong>company<\/strong>&nbsp;and you&#039;re having trouble managing the&nbsp;<strong>repair<\/strong>, For any breakdown or technical problem, you can count on our help. At Apen, we specialize in...&nbsp;<strong>computer repair&nbsp;<\/strong>of<strong>&nbsp;company<\/strong>, Thanks to the work of technical professionals who perfectly understand the needs of each PC, we are a&nbsp;<strong>company<\/strong>&nbsp;Multi-brand, working with the best to offer a diverse and improved service to our customers.<\/p>\n\n\n\n<p>Each brand has different characteristics, which is why we believe that a single brand could not reflect all the options we need to find the best solution for our needs.&nbsp;<strong>companies<\/strong>&nbsp;of our clients.<\/p>\n\n\n\n<p>The&nbsp;<strong>repair of<\/strong>&nbsp;<strong>computers<\/strong>&nbsp;for&nbsp;<strong>companies<\/strong>&nbsp;This is one of Apen&#039;s strengths, as we know the computer equipment we offer to customers very well and can quickly identify any problems or breakdowns they may have.<\/p>\n\n\n\n<p>At Apen we conduct a study of the real needs of each&nbsp;<strong>company<\/strong>, so that customers can have access to the best&nbsp;<strong>computers<\/strong>, offering a comprehensive service, which includes the&nbsp;<strong>repair<\/strong>&nbsp;of&nbsp;<strong>computers<\/strong>&nbsp;of&nbsp;<strong>company<\/strong>, as well as any type of technical breakdown. Apen also offers ongoing technical support to resolve any questions or problems. It&#039;s a comprehensive service provided by highly skilled technical professionals who are experts in the field.<\/p>\n\n\n\n<p>Apen&#039;s service is fully personalized and tailored to each client&#039;s needs, because no two companies are alike.&nbsp;<strong>repair<\/strong>&nbsp;of&nbsp;<strong>computers<\/strong>&nbsp;It is carried out by professionals specializing in the subject, who know how to find the problem and how to provide solutions.<\/p>\n\n\n\n<p>We offer a technical service that includes technical assistance, whether by remote control, telephone or email, to answer any questions before you choose the option.&nbsp;<strong>computer repair<\/strong>. Whenever we perform a&nbsp;<strong>computer repair<\/strong>&nbsp;of&nbsp;<strong>company<\/strong>&nbsp;The customer does not go without a PC, but receives a replacement one, with similar characteristics to the one they had, so that they do not notice its absence during the time we are repairing it.<\/p>\n\n\n\n<p>We work with high-quality computer equipment that offers long-lasting durability, remaining in perfect condition for many years. Partnering with leading brands in the industry guarantees success and inspires greater confidence in our clients, who know we only work with the best.&nbsp;<strong>computers<\/strong>&nbsp;for their&nbsp;<strong>companies<\/strong>.<\/p>\n\n\n\n<p>Apen has 25 years of experience in the&nbsp;<strong>repair<\/strong>&nbsp;of&nbsp;<strong>computers<\/strong>&nbsp;of&nbsp;<strong>company<\/strong>, to try to give each customer what they are looking for, taking away worries and unnecessary work and providing great advantages such as economic savings and a high quality technical service, which responds whenever needed.<\/p>\n\n\n\n<p>Enjoy a maintenance service and&nbsp;<strong>repair<\/strong>&nbsp;of&nbsp;<strong>computers<\/strong>&nbsp;It&#039;s a smart choice on the part of the&nbsp;<strong>companies<\/strong>, They will be able to obtain significant advantages, such as using their equipment for many more years in perfect condition, thanks to the assistance of technical professionals. Furthermore, quality IT maintenance, like that offered by Apen, allows the client to save money and time, as they don&#039;t have to worry about the condition of their computer equipment or the&nbsp;<strong>repair<\/strong>&nbsp;of their&nbsp;<strong>computers<\/strong>.<\/p>","protected":false},"excerpt":{"rendered":"<p>Si dispones de varios&nbsp;ordenadores&nbsp;en tu&nbsp;empresa&nbsp;y tienes problemas para gestionar la&nbsp;reparaci\u00f3n, cualquier aver\u00eda o problema t\u00e9cnico, puedes contar con nuestra ayuda. En Apen somos especialistas en la&nbsp;reparaci\u00f3n de ordenadores&nbsp;de&nbsp;empresa, gracias al trabajo de profesionales t\u00e9cnicos, que conocen a la perfecci\u00f3n las necesidades de cada PC. Somos una&nbsp;empresa&nbsp;multimarca, trabajando con las mejores para ofrecer un servicio plural&#8230;<\/p>","protected":false},"author":4,"featured_media":0,"parent":1357,"menu_order":0,"comment_status":"closed","ping_status":"closed","template":"page-servicio-informatico-2.php","meta":{"_acf_changed":false,"_kad_blocks_custom_css":"","_kad_blocks_head_custom_js":"","_kad_blocks_body_custom_js":"","_kad_blocks_footer_custom_js":"","_kad_post_transparent":"","_kad_post_title":"","_kad_post_layout":"","_kad_post_sidebar_id":"","_kad_post_content_style":"","_kad_post_vertical_padding":"","_kad_post_feature":"","_kad_post_feature_position":"","_kad_post_header":false,"_kad_post_footer":false,"_kad_post_classname":"","footnotes":""},"class_list":["post-6912","page","type-page","status-publish","hentry"],"acf":[],"yoast_head":"<!-- This site is optimized with the Yoast SEO plugin v27.4 - https:\/\/yoast.com\/product\/yoast-seo-wordpress\/ -->\n<title>Reparaci\u00f3n de ordenadores de empresa - Apen Inform\u00e1tica<\/title>\n<meta name=\"description\" content=\"Reparaci\u00f3n de ordenadores de empresa. Renting de equipos inform\u00e1ticos\u2026 La empresa de inform\u00e1tica de la provincia de Barcelona.Conf\u00eda en Apen.\" \/>\n<meta name=\"robots\" content=\"index, follow, max-snippet:-1, max-image-preview:large, max-video-preview:-1\" \/>\n<link rel=\"canonical\" href=\"https:\/\/www.apen.es\/en\/computer-maintenance\/business-computer-repair\/\" \/>\n<meta property=\"og:locale\" content=\"en_US\" \/>\n<meta property=\"og:type\" content=\"article\" \/>\n<meta property=\"og:title\" content=\"Reparaci\u00f3n de ordenadores de empresa - Apen Inform\u00e1tica\" \/>\n<meta property=\"og:description\" content=\"Reparaci\u00f3n de ordenadores de empresa. Renting de equipos inform\u00e1ticos\u2026 La empresa de inform\u00e1tica de la provincia de Barcelona.Conf\u00eda en Apen.\" \/>\n<meta property=\"og:url\" content=\"https:\/\/www.apen.es\/en\/computer-maintenance\/business-computer-repair\/\" \/>\n<meta property=\"og:site_name\" content=\"Apen Inform\u00e1tica\" \/>\n<meta property=\"article:publisher\" content=\"https:\/\/www.facebook.com\/apensolucions\" \/>\n<meta property=\"article:modified_time\" content=\"2025-07-09T10:14:55+00:00\" \/>\n<meta property=\"og:image\" content=\"https:\/\/www.apen.es\/wp-content\/uploads\/2016\/05\/logo-apen-231x82-trasparent.png\" \/>\n\t<meta property=\"og:image:width\" content=\"231\" \/>\n\t<meta property=\"og:image:height\" content=\"82\" \/>\n\t<meta property=\"og:image:type\" content=\"image\/png\" \/>\n<meta name=\"twitter:card\" content=\"summary_large_image\" \/>\n<meta name=\"twitter:label1\" content=\"Est. reading time\" \/>\n\t<meta name=\"twitter:data1\" content=\"3 minutes\" \/>\n<script type=\"application\/ld+json\" class=\"yoast-schema-graph\">{\"@context\":\"https:\\\/\\\/schema.org\",\"@graph\":[{\"@type\":\"WebPage\",\"@id\":\"https:\\\/\\\/www.apen.es\\\/mantenimiento-informatico\\\/reparacion-de-ordenadores-de-empresa\\\/\",\"url\":\"https:\\\/\\\/www.apen.es\\\/mantenimiento-informatico\\\/reparacion-de-ordenadores-de-empresa\\\/\",\"name\":\"Reparaci\u00f3n de ordenadores de empresa - Apen Inform\u00e1tica\",\"isPartOf\":{\"@id\":\"https:\\\/\\\/www.apen.es\\\/#website\"},\"datePublished\":\"2017-07-27T10:37:28+00:00\",\"dateModified\":\"2025-07-09T10:14:55+00:00\",\"description\":\"Reparaci\u00f3n de ordenadores de empresa. Renting de equipos inform\u00e1ticos\u2026 La empresa de inform\u00e1tica de la provincia de Barcelona.Conf\u00eda en Apen.\",\"breadcrumb\":{\"@id\":\"https:\\\/\\\/www.apen.es\\\/mantenimiento-informatico\\\/reparacion-de-ordenadores-de-empresa\\\/#breadcrumb\"},\"inLanguage\":\"en-US\",\"potentialAction\":[{\"@type\":\"ReadAction\",\"target\":[\"https:\\\/\\\/www.apen.es\\\/mantenimiento-informatico\\\/reparacion-de-ordenadores-de-empresa\\\/\"]}]},{\"@type\":\"BreadcrumbList\",\"@id\":\"https:\\\/\\\/www.apen.es\\\/mantenimiento-informatico\\\/reparacion-de-ordenadores-de-empresa\\\/#breadcrumb\",\"itemListElement\":[{\"@type\":\"ListItem\",\"position\":1,\"name\":\"Portada\",\"item\":\"https:\\\/\\\/www.apen.es\\\/\"},{\"@type\":\"ListItem\",\"position\":2,\"name\":\"Mantenimiento inform\u00e1tico\",\"item\":\"https:\\\/\\\/www.apen.es\\\/mantenimiento-informatico\\\/\"},{\"@type\":\"ListItem\",\"position\":3,\"name\":\"Reparaci\u00f3n de ordenadores de empresa\"}]},{\"@type\":\"WebSite\",\"@id\":\"https:\\\/\\\/www.apen.es\\\/#website\",\"url\":\"https:\\\/\\\/www.apen.es\\\/\",\"name\":\"Apen Inform\u00e1tica\",\"description\":\"Mantenimiento Inform\u00e1tico , Software de Gesti\u00f3n, Soluciones de impresi\u00f3n\",\"publisher\":{\"@id\":\"https:\\\/\\\/www.apen.es\\\/#organization\"},\"potentialAction\":[{\"@type\":\"SearchAction\",\"target\":{\"@type\":\"EntryPoint\",\"urlTemplate\":\"https:\\\/\\\/www.apen.es\\\/?s={search_term_string}\"},\"query-input\":{\"@type\":\"PropertyValueSpecification\",\"valueRequired\":true,\"valueName\":\"search_term_string\"}}],\"inLanguage\":\"en-US\"},{\"@type\":\"Organization\",\"@id\":\"https:\\\/\\\/www.apen.es\\\/#organization\",\"name\":\"Apen: Soluciones inform\u00e1ticas\",\"url\":\"https:\\\/\\\/www.apen.es\\\/\",\"logo\":{\"@type\":\"ImageObject\",\"inLanguage\":\"en-US\",\"@id\":\"https:\\\/\\\/www.apen.es\\\/#\\\/schema\\\/logo\\\/image\\\/\",\"url\":\"https:\\\/\\\/www.apen.es\\\/wp-content\\\/uploads\\\/2022\\\/08\\\/logo-apenok-231x82-1.png\",\"contentUrl\":\"https:\\\/\\\/www.apen.es\\\/wp-content\\\/uploads\\\/2022\\\/08\\\/logo-apenok-231x82-1.png\",\"width\":231,\"height\":82,\"caption\":\"Apen: Soluciones inform\u00e1ticas\"},\"image\":{\"@id\":\"https:\\\/\\\/www.apen.es\\\/#\\\/schema\\\/logo\\\/image\\\/\"},\"sameAs\":[\"https:\\\/\\\/www.facebook.com\\\/apensolucions\",\"https:\\\/\\\/www.youtube.com\\\/user\\\/ApenCentreInformatic\",\"https:\\\/\\\/www.linkedin.com\\\/company\\\/1021771?trk=tyah&trkInfo=clickedVerticalcompanyclickedEntityId1021771idx2-1-2tarId1464195271196tasapenin\"]}]}<\/script>\n<!-- \/ Yoast SEO plugin. -->","yoast_head_json":{"title":"Business computer repair - Apen Inform\u00e1tica","description":"Business computer repair. Computer equipment rental\u2026 The leading IT company in the province of Barcelona. Trust Apen.","robots":{"index":"index","follow":"follow","max-snippet":"max-snippet:-1","max-image-preview":"max-image-preview:large","max-video-preview":"max-video-preview:-1"},"canonical":"https:\/\/www.apen.es\/en\/computer-maintenance\/business-computer-repair\/","og_locale":"en_US","og_type":"article","og_title":"Reparaci\u00f3n de ordenadores de empresa - Apen Inform\u00e1tica","og_description":"Reparaci\u00f3n de ordenadores de empresa. Renting de equipos inform\u00e1ticos\u2026 La empresa de inform\u00e1tica de la provincia de Barcelona.Conf\u00eda en Apen.","og_url":"https:\/\/www.apen.es\/en\/computer-maintenance\/business-computer-repair\/","og_site_name":"Apen Inform\u00e1tica","article_publisher":"https:\/\/www.facebook.com\/apensolucions","article_modified_time":"2025-07-09T10:14:55+00:00","og_image":[{"width":231,"height":82,"url":"https:\/\/www.apen.es\/wp-content\/uploads\/2016\/05\/logo-apen-231x82-trasparent.png","type":"image\/png"}],"twitter_card":"summary_large_image","twitter_misc":{"Est. reading time":"3 minutes"},"schema":{"@context":"https:\/\/schema.org","@graph":[{"@type":"WebPage","@id":"https:\/\/www.apen.es\/mantenimiento-informatico\/reparacion-de-ordenadores-de-empresa\/","url":"https:\/\/www.apen.es\/mantenimiento-informatico\/reparacion-de-ordenadores-de-empresa\/","name":"Business computer repair - Apen Inform\u00e1tica","isPartOf":{"@id":"https:\/\/www.apen.es\/#website"},"datePublished":"2017-07-27T10:37:28+00:00","dateModified":"2025-07-09T10:14:55+00:00","description":"Business computer repair. Computer equipment rental\u2026 The leading IT company in the province of Barcelona. Trust Apen.","breadcrumb":{"@id":"https:\/\/www.apen.es\/mantenimiento-informatico\/reparacion-de-ordenadores-de-empresa\/#breadcrumb"},"inLanguage":"en-US","potentialAction":[{"@type":"ReadAction","target":["https:\/\/www.apen.es\/mantenimiento-informatico\/reparacion-de-ordenadores-de-empresa\/"]}]},{"@type":"BreadcrumbList","@id":"https:\/\/www.apen.es\/mantenimiento-informatico\/reparacion-de-ordenadores-de-empresa\/#breadcrumb","itemListElement":[{"@type":"ListItem","position":1,"name":"Portada","item":"https:\/\/www.apen.es\/"},{"@type":"ListItem","position":2,"name":"Mantenimiento inform\u00e1tico","item":"https:\/\/www.apen.es\/mantenimiento-informatico\/"},{"@type":"ListItem","position":3,"name":"Reparaci\u00f3n de ordenadores de empresa"}]},{"@type":"WebSite","@id":"https:\/\/www.apen.es\/#website","url":"https:\/\/www.apen.es\/","name":"Apen Inform\u00e1tica","description":"IT Maintenance, Management Software, Printing Solutions","publisher":{"@id":"https:\/\/www.apen.es\/#organization"},"potentialAction":[{"@type":"SearchAction","target":{"@type":"EntryPoint","urlTemplate":"https:\/\/www.apen.es\/?s={search_term_string}"},"query-input":{"@type":"PropertyValueSpecification","valueRequired":true,"valueName":"search_term_string"}}],"inLanguage":"en-US"},{"@type":"Organization","@id":"https:\/\/www.apen.es\/#organization","name":"Apen: IT Solutions","url":"https:\/\/www.apen.es\/","logo":{"@type":"ImageObject","inLanguage":"en-US","@id":"https:\/\/www.apen.es\/#\/schema\/logo\/image\/","url":"https:\/\/www.apen.es\/wp-content\/uploads\/2022\/08\/logo-apenok-231x82-1.png","contentUrl":"https:\/\/www.apen.es\/wp-content\/uploads\/2022\/08\/logo-apenok-231x82-1.png","width":231,"height":82,"caption":"Apen: Soluciones inform\u00e1ticas"},"image":{"@id":"https:\/\/www.apen.es\/#\/schema\/logo\/image\/"},"sameAs":["https:\/\/www.facebook.com\/apensolucions","https:\/\/www.youtube.com\/user\/ApenCentreInformatic","https:\/\/www.linkedin.com\/company\/1021771?trk=tyah&trkInfo=clickedVerticalcompanyclickedEntityId1021771idx2-1-2tarId1464195271196tasapenin"]}]}},"taxonomy_info":[],"featured_image_src_large":false,"author_info":{"display_name":"marqueting","author_link":"https:\/\/www.apen.es\/en\/blog\/author\/marqueting\/"},"comment_info":0,"_links":{"self":[{"href":"https:\/\/www.apen.es\/en\/wp-json\/wp\/v2\/pages\/6912","targetHints":{"allow":["GET"]}}],"collection":[{"href":"https:\/\/www.apen.es\/en\/wp-json\/wp\/v2\/pages"}],"about":[{"href":"https:\/\/www.apen.es\/en\/wp-json\/wp\/v2\/types\/page"}],"author":[{"embeddable":true,"href":"https:\/\/www.apen.es\/en\/wp-json\/wp\/v2\/users\/4"}],"replies":[{"embeddable":true,"href":"https:\/\/www.apen.es\/en\/wp-json\/wp\/v2\/comments?post=6912"}],"version-history":[{"count":2,"href":"https:\/\/www.apen.es\/en\/wp-json\/wp\/v2\/pages\/6912\/revisions"}],"predecessor-version":[{"id":54544,"href":"https:\/\/www.apen.es\/en\/wp-json\/wp\/v2\/pages\/6912\/revisions\/54544"}],"up":[{"embeddable":true,"href":"https:\/\/www.apen.es\/en\/wp-json\/wp\/v2\/pages\/1357"}],"wp:attachment":[{"href":"https:\/\/www.apen.es\/en\/wp-json\/wp\/v2\/media?parent=6912"}],"curies":[{"name":"wp","href":"https:\/\/api.w.org\/{rel}","templated":true}]}}