{"id":6905,"date":"2017-07-27T10:30:44","date_gmt":"2017-07-27T10:30:44","guid":{"rendered":"https:\/\/www.apen.es\/?page_id=6905"},"modified":"2025-03-24T10:00:46","modified_gmt":"2025-03-24T10:00:46","slug":"erp-for-service-companies","status":"publish","type":"page","link":"https:\/\/www.apen.es\/en\/software-de-gestion\/erp-para-empresas-de-servicios\/","title":{"rendered":"ERP for service companies"},"content":{"rendered":"<p>So that the\u00a0<strong>management<\/strong>\u00a0For a small or medium-sized enterprise (SME) to function well, it is necessary to have a\u00a0<strong>ERP<\/strong>, since it is a comprehensive system, encompassing all areas of the\u00a0<strong>company<\/strong>\u00a0in a single program, so you can have a\u00a0<strong>service<\/strong>\u00a0complete.<\/p>\n\n\n\n<p>At Apen, we offer A3ERP, software that provides a 360-degree view of the business structure, allowing you to see all the departments that make up your SME. This makes it much easier to control, review, identify errors or risks, observe, and facilitate decision-making in a more secure, efficient, and professional way.<\/p>\n\n\n\n<p>Having a program that integrates everything allows for significant benefits, such as saving time, avoiding the need to hire specific personnel for the business management of each area, improving work pace and employee productivity, keeping administrative and tax matters up-to-date, avoiding risks and worries, and clearly identifying errors or weaknesses in the&nbsp;<strong>company<\/strong>, etc.<\/p>\n\n\n\n<p>The&nbsp;<strong>management<\/strong>&nbsp;that provides a program&nbsp;<strong>ERP<\/strong>&nbsp;It generates many benefits that can help grow the&nbsp;<strong>company<\/strong>&nbsp;in a very short time. That&#039;s why it&#039;s important to have a&nbsp;<strong>ERP<\/strong>&nbsp;professional, who guarantees a&nbsp;<strong>service<\/strong>&nbsp;professional and intuitive.<\/p>\n\n\n\n<p>Apen gives SMEs the opportunity to have a&nbsp;<strong>ERP<\/strong>&nbsp;of high quality and a benchmark in the market, such as A3ERP, a comprehensive software that achieves great results in a short time, facilitating&nbsp;<strong>management<\/strong>&nbsp;of the&nbsp;<strong>company<\/strong>&nbsp;and professionalizing the work method.<\/p>\n\n\n\n<p>It&#039;s a good way for SMEs to climb the ladder and improve their business structure, in order to reach the level of demand of a large company.&nbsp;<strong>company<\/strong>, without having to invest too much time or money in hiring different experts in each department. With the system&nbsp;<strong>ERP<\/strong>, in a single software&nbsp;<strong>company<\/strong>&nbsp;You can have all the tools at your disposal to gain control of your own&nbsp;<strong>company<\/strong>, In an intuitive and much clearer way, making conscious decisions, taking responsibility, and ordering their priorities.<\/p>\n\n\n\n<p>Thanks to&nbsp;<strong>ERP<\/strong>, the SME can&nbsp;<strong>manage<\/strong>&nbsp;better the&nbsp;<strong>company<\/strong>&nbsp;and give very clear guidelines on how they want each department of the company to function. In this way, the SME manages to professionalize its product or&nbsp;<strong>service<\/strong>&nbsp;and the image it projects to its customers and also to its competition.<\/p>\n\n\n\n<p>Any SME can improve through the features of a system&nbsp;<strong>ERP<\/strong>. In Apen you can find a&nbsp;<strong>program<\/strong>&nbsp;of&nbsp;<strong>management<\/strong>&nbsp;of&nbsp;<strong>companies<\/strong>&nbsp;that lends&nbsp;<strong>service<\/strong>, through a simple and effective method&nbsp;<strong>ERP<\/strong>. It&#039;s a&nbsp;<strong>program<\/strong>&nbsp;Intuitive, clear and professional, it adapts to any SME, as it shows the entire business structure in a clear, graphic and direct way.<\/p>\n\n\n\n<p>Enjoy a program of&nbsp;<strong>management<\/strong>&nbsp;of&nbsp;<strong>companies<\/strong>&nbsp;<strong>ERP<\/strong>&nbsp;Completely professional. You&#039;ll gain a much clearer understanding of the organization of each department, notice an improvement in work performance and employee productivity, and significantly enhance the professionalism of each team member.&nbsp;<strong>services<\/strong>&nbsp;that you offer your customers.<\/p>","protected":false},"excerpt":{"rendered":"<p>Para que la\u00a0gesti\u00f3n\u00a0empresarial de una PYME funcione bien es necesario disponer de un\u00a0ERP, ya que es un sistema integral, que engloba todas las \u00e1reas de la\u00a0empresa\u00a0en un mismo programa, para que puedas disponer de un\u00a0servicio\u00a0completo. En Apen ofrecemos el A3ERP, un software que muestra una visi\u00f3n de 360 grados de la estructura empresarial, desde la&#8230;<\/p>","protected":false},"author":4,"featured_media":0,"parent":1181,"menu_order":0,"comment_status":"closed","ping_status":"closed","template":"page-landing-software.php","meta":{"_acf_changed":false,"_kad_blocks_custom_css":"","_kad_blocks_head_custom_js":"","_kad_blocks_body_custom_js":"","_kad_blocks_footer_custom_js":"","_kad_post_transparent":"","_kad_post_title":"","_kad_post_layout":"","_kad_post_sidebar_id":"","_kad_post_content_style":"","_kad_post_vertical_padding":"","_kad_post_feature":"","_kad_post_feature_position":"","_kad_post_header":false,"_kad_post_footer":false,"_kad_post_classname":"","footnotes":""},"class_list":["post-6905","page","type-page","status-publish","hentry"],"acf":[],"yoast_head":"<!-- This site is optimized with the Yoast SEO plugin v27.6 - https:\/\/yoast.com\/product\/yoast-seo-wordpress\/ -->\n<title>ERP para empresas de servicios - Apen Inform\u00e1tica<\/title>\n<meta name=\"description\" content=\"Apen ofrece soluciones a3ERP, la soluci\u00f3n de gesti\u00f3n m\u00e1s completa. ERP PARA EMPRESAS DE SERVICIOS. Contabilidad, log\u00edstica, comercial, administraci\u00f3n...\" \/>\n<meta name=\"robots\" content=\"index, follow, max-snippet:-1, max-image-preview:large, max-video-preview:-1\" \/>\n<link rel=\"canonical\" href=\"https:\/\/www.apen.es\/en\/management-software\/erp-for-service-companies\/\" \/>\n<meta property=\"og:locale\" content=\"en_US\" \/>\n<meta property=\"og:type\" content=\"article\" \/>\n<meta property=\"og:title\" content=\"ERP para empresas de servicios - Apen Inform\u00e1tica\" \/>\n<meta property=\"og:description\" content=\"Apen ofrece soluciones a3ERP, la soluci\u00f3n de gesti\u00f3n m\u00e1s completa. ERP PARA EMPRESAS DE SERVICIOS. Contabilidad, log\u00edstica, comercial, administraci\u00f3n...\" \/>\n<meta property=\"og:url\" content=\"https:\/\/www.apen.es\/en\/management-software\/erp-for-service-companies\/\" \/>\n<meta property=\"og:site_name\" content=\"Apen Inform\u00e1tica\" \/>\n<meta property=\"article:publisher\" content=\"https:\/\/www.facebook.com\/apensolucions\" \/>\n<meta property=\"article:modified_time\" content=\"2025-03-24T10:00:46+00:00\" \/>\n<meta property=\"og:image\" content=\"https:\/\/www.apen.es\/wp-content\/uploads\/2016\/05\/logo-apen-231x82-trasparent.png\" \/>\n\t<meta property=\"og:image:width\" content=\"231\" \/>\n\t<meta property=\"og:image:height\" content=\"82\" \/>\n\t<meta property=\"og:image:type\" content=\"image\/png\" \/>\n<meta name=\"twitter:card\" content=\"summary_large_image\" \/>\n<meta name=\"twitter:label1\" content=\"Est. reading time\" \/>\n\t<meta name=\"twitter:data1\" content=\"3 minutes\" \/>\n<script type=\"application\/ld+json\" class=\"yoast-schema-graph\">{\"@context\":\"https:\\\/\\\/schema.org\",\"@graph\":[{\"@type\":\"WebPage\",\"@id\":\"https:\\\/\\\/www.apen.es\\\/software-de-gestion\\\/erp-para-empresas-de-servicios\\\/\",\"url\":\"https:\\\/\\\/www.apen.es\\\/software-de-gestion\\\/erp-para-empresas-de-servicios\\\/\",\"name\":\"ERP para empresas de servicios - Apen Inform\u00e1tica\",\"isPartOf\":{\"@id\":\"https:\\\/\\\/www.apen.es\\\/#website\"},\"datePublished\":\"2017-07-27T10:30:44+00:00\",\"dateModified\":\"2025-03-24T10:00:46+00:00\",\"description\":\"Apen ofrece soluciones a3ERP, la soluci\u00f3n de gesti\u00f3n m\u00e1s completa. ERP PARA EMPRESAS DE SERVICIOS. Contabilidad, log\u00edstica, comercial, administraci\u00f3n...\",\"breadcrumb\":{\"@id\":\"https:\\\/\\\/www.apen.es\\\/software-de-gestion\\\/erp-para-empresas-de-servicios\\\/#breadcrumb\"},\"inLanguage\":\"en-US\",\"potentialAction\":[{\"@type\":\"ReadAction\",\"target\":[\"https:\\\/\\\/www.apen.es\\\/software-de-gestion\\\/erp-para-empresas-de-servicios\\\/\"]}]},{\"@type\":\"BreadcrumbList\",\"@id\":\"https:\\\/\\\/www.apen.es\\\/software-de-gestion\\\/erp-para-empresas-de-servicios\\\/#breadcrumb\",\"itemListElement\":[{\"@type\":\"ListItem\",\"position\":1,\"name\":\"Portada\",\"item\":\"https:\\\/\\\/www.apen.es\\\/\"},{\"@type\":\"ListItem\",\"position\":2,\"name\":\"Software de gesti\u00f3n a3ERP\",\"item\":\"https:\\\/\\\/www.apen.es\\\/software-de-gestion\\\/\"},{\"@type\":\"ListItem\",\"position\":3,\"name\":\"ERP para empresas de servicios\"}]},{\"@type\":\"WebSite\",\"@id\":\"https:\\\/\\\/www.apen.es\\\/#website\",\"url\":\"https:\\\/\\\/www.apen.es\\\/\",\"name\":\"Apen Inform\u00e1tica\",\"description\":\"Mantenimiento Inform\u00e1tico , Software de Gesti\u00f3n, Soluciones de impresi\u00f3n\",\"publisher\":{\"@id\":\"https:\\\/\\\/www.apen.es\\\/#organization\"},\"potentialAction\":[{\"@type\":\"SearchAction\",\"target\":{\"@type\":\"EntryPoint\",\"urlTemplate\":\"https:\\\/\\\/www.apen.es\\\/?s={search_term_string}\"},\"query-input\":{\"@type\":\"PropertyValueSpecification\",\"valueRequired\":true,\"valueName\":\"search_term_string\"}}],\"inLanguage\":\"en-US\"},{\"@type\":\"Organization\",\"@id\":\"https:\\\/\\\/www.apen.es\\\/#organization\",\"name\":\"Apen: Soluciones inform\u00e1ticas\",\"url\":\"https:\\\/\\\/www.apen.es\\\/\",\"logo\":{\"@type\":\"ImageObject\",\"inLanguage\":\"en-US\",\"@id\":\"https:\\\/\\\/www.apen.es\\\/#\\\/schema\\\/logo\\\/image\\\/\",\"url\":\"https:\\\/\\\/www.apen.es\\\/wp-content\\\/uploads\\\/2022\\\/08\\\/logo-apenok-231x82-1.png\",\"contentUrl\":\"https:\\\/\\\/www.apen.es\\\/wp-content\\\/uploads\\\/2022\\\/08\\\/logo-apenok-231x82-1.png\",\"width\":231,\"height\":82,\"caption\":\"Apen: Soluciones inform\u00e1ticas\"},\"image\":{\"@id\":\"https:\\\/\\\/www.apen.es\\\/#\\\/schema\\\/logo\\\/image\\\/\"},\"sameAs\":[\"https:\\\/\\\/www.facebook.com\\\/apensolucions\",\"https:\\\/\\\/www.youtube.com\\\/user\\\/ApenCentreInformatic\",\"https:\\\/\\\/www.linkedin.com\\\/company\\\/1021771?trk=tyah&trkInfo=clickedVerticalcompanyclickedEntityId1021771idx2-1-2tarId1464195271196tasapenin\"]}]}<\/script>\n<!-- \/ Yoast SEO plugin. -->","yoast_head_json":{"title":"ERP for service companies - Apen Inform\u00e1tica","description":"Apen offers a3ERP solutions, the most comprehensive management solution. ERP FOR SERVICE COMPANIES. Accounting, logistics, sales, administration...","robots":{"index":"index","follow":"follow","max-snippet":"max-snippet:-1","max-image-preview":"max-image-preview:large","max-video-preview":"max-video-preview:-1"},"canonical":"https:\/\/www.apen.es\/en\/management-software\/erp-for-service-companies\/","og_locale":"en_US","og_type":"article","og_title":"ERP para empresas de servicios - Apen Inform\u00e1tica","og_description":"Apen ofrece soluciones a3ERP, la soluci\u00f3n de gesti\u00f3n m\u00e1s completa. ERP PARA EMPRESAS DE SERVICIOS. Contabilidad, log\u00edstica, comercial, administraci\u00f3n...","og_url":"https:\/\/www.apen.es\/en\/management-software\/erp-for-service-companies\/","og_site_name":"Apen Inform\u00e1tica","article_publisher":"https:\/\/www.facebook.com\/apensolucions","article_modified_time":"2025-03-24T10:00:46+00:00","og_image":[{"width":231,"height":82,"url":"https:\/\/www.apen.es\/wp-content\/uploads\/2016\/05\/logo-apen-231x82-trasparent.png","type":"image\/png"}],"twitter_card":"summary_large_image","twitter_misc":{"Est. reading time":"3 minutes"},"schema":{"@context":"https:\/\/schema.org","@graph":[{"@type":"WebPage","@id":"https:\/\/www.apen.es\/software-de-gestion\/erp-para-empresas-de-servicios\/","url":"https:\/\/www.apen.es\/software-de-gestion\/erp-para-empresas-de-servicios\/","name":"ERP for service companies - Apen Inform\u00e1tica","isPartOf":{"@id":"https:\/\/www.apen.es\/#website"},"datePublished":"2017-07-27T10:30:44+00:00","dateModified":"2025-03-24T10:00:46+00:00","description":"Apen offers a3ERP solutions, the most comprehensive management solution. ERP FOR SERVICE COMPANIES. Accounting, logistics, sales, administration...","breadcrumb":{"@id":"https:\/\/www.apen.es\/software-de-gestion\/erp-para-empresas-de-servicios\/#breadcrumb"},"inLanguage":"en-US","potentialAction":[{"@type":"ReadAction","target":["https:\/\/www.apen.es\/software-de-gestion\/erp-para-empresas-de-servicios\/"]}]},{"@type":"BreadcrumbList","@id":"https:\/\/www.apen.es\/software-de-gestion\/erp-para-empresas-de-servicios\/#breadcrumb","itemListElement":[{"@type":"ListItem","position":1,"name":"Portada","item":"https:\/\/www.apen.es\/"},{"@type":"ListItem","position":2,"name":"Software de gesti\u00f3n a3ERP","item":"https:\/\/www.apen.es\/software-de-gestion\/"},{"@type":"ListItem","position":3,"name":"ERP para empresas de servicios"}]},{"@type":"WebSite","@id":"https:\/\/www.apen.es\/#website","url":"https:\/\/www.apen.es\/","name":"Apen Inform\u00e1tica","description":"IT Maintenance, Management Software, Printing Solutions","publisher":{"@id":"https:\/\/www.apen.es\/#organization"},"potentialAction":[{"@type":"SearchAction","target":{"@type":"EntryPoint","urlTemplate":"https:\/\/www.apen.es\/?s={search_term_string}"},"query-input":{"@type":"PropertyValueSpecification","valueRequired":true,"valueName":"search_term_string"}}],"inLanguage":"en-US"},{"@type":"Organization","@id":"https:\/\/www.apen.es\/#organization","name":"Apen: IT Solutions","url":"https:\/\/www.apen.es\/","logo":{"@type":"ImageObject","inLanguage":"en-US","@id":"https:\/\/www.apen.es\/#\/schema\/logo\/image\/","url":"https:\/\/www.apen.es\/wp-content\/uploads\/2022\/08\/logo-apenok-231x82-1.png","contentUrl":"https:\/\/www.apen.es\/wp-content\/uploads\/2022\/08\/logo-apenok-231x82-1.png","width":231,"height":82,"caption":"Apen: Soluciones inform\u00e1ticas"},"image":{"@id":"https:\/\/www.apen.es\/#\/schema\/logo\/image\/"},"sameAs":["https:\/\/www.facebook.com\/apensolucions","https:\/\/www.youtube.com\/user\/ApenCentreInformatic","https:\/\/www.linkedin.com\/company\/1021771?trk=tyah&trkInfo=clickedVerticalcompanyclickedEntityId1021771idx2-1-2tarId1464195271196tasapenin"]}]}},"taxonomy_info":[],"featured_image_src_large":false,"author_info":{"display_name":"marqueting","author_link":"https:\/\/www.apen.es\/en\/blog\/author\/marqueting\/"},"comment_info":0,"_links":{"self":[{"href":"https:\/\/www.apen.es\/en\/wp-json\/wp\/v2\/pages\/6905","targetHints":{"allow":["GET"]}}],"collection":[{"href":"https:\/\/www.apen.es\/en\/wp-json\/wp\/v2\/pages"}],"about":[{"href":"https:\/\/www.apen.es\/en\/wp-json\/wp\/v2\/types\/page"}],"author":[{"embeddable":true,"href":"https:\/\/www.apen.es\/en\/wp-json\/wp\/v2\/users\/4"}],"replies":[{"embeddable":true,"href":"https:\/\/www.apen.es\/en\/wp-json\/wp\/v2\/comments?post=6905"}],"version-history":[{"count":3,"href":"https:\/\/www.apen.es\/en\/wp-json\/wp\/v2\/pages\/6905\/revisions"}],"predecessor-version":[{"id":54436,"href":"https:\/\/www.apen.es\/en\/wp-json\/wp\/v2\/pages\/6905\/revisions\/54436"}],"up":[{"embeddable":true,"href":"https:\/\/www.apen.es\/en\/wp-json\/wp\/v2\/pages\/1181"}],"wp:attachment":[{"href":"https:\/\/www.apen.es\/en\/wp-json\/wp\/v2\/media?parent=6905"}],"curies":[{"name":"wp","href":"https:\/\/api.w.org\/{rel}","templated":true}]}}