{"id":6811,"date":"2017-07-11T14:27:53","date_gmt":"2017-07-11T14:27:53","guid":{"rendered":"https:\/\/www.apen.es\/?page_id=6811"},"modified":"2025-06-25T11:38:19","modified_gmt":"2025-06-25T11:38:19","slug":"printer-rental-for-businesses","status":"publish","type":"page","link":"https:\/\/www.apen.es\/en\/soluciones-de-impresion\/renting-impresoras-para-empresas\/","title":{"rendered":"Printer rental for businesses"},"content":{"rendered":"<p>In Apen you can have access to a service of&nbsp;<strong>renting<\/strong>&nbsp;of&nbsp;<strong>printers<\/strong>&nbsp;<strong>for companies<\/strong>, Featuring top brands like Kyocera, Konica Minolta, OKI, and HP. This service&nbsp;<strong>renting<\/strong>&nbsp;of&nbsp;<strong>printers<\/strong>, This represents a great advantage&nbsp;<strong>for<\/strong>&nbsp;the&nbsp;<strong>companies<\/strong>&nbsp;because they can enjoy a professional service without having to buy the printer, only paying for the use they make of it.<\/p>\n\n\n\n<p>At Apen we study the real needs of each client, to propose a personalized printing solution, so that they can have an effective, real, personalized service adapted to their needs.<\/p>\n\n\n\n<p>He&nbsp;<strong>renting<\/strong>&nbsp;of&nbsp;<strong>printers<\/strong>&nbsp;<strong>for companies<\/strong>&nbsp;It is a very beneficial service, allowing the company to save on printing costs in an easy and consistent way, paying only for what it prints and without having to worry about printer breakdowns or technical problems.<\/p>\n\n\n\n<p>This is due to the comprehensive service offered by Apen, in terms of the Renting service for companies, since the client has a customer service system (by remote control, by email, by telephone or in person), printer repair (offering a replacement printer with the same characteristics), replacement of ink cartridges, etc.<\/p>\n\n\n\n<p>He&nbsp;<em><strong>renting<\/strong><\/em><em>&nbsp;<\/em><strong>of printers<\/strong>&nbsp;Apen is the best option&nbsp;<strong>for companies<\/strong>, Because it allows you to buy the latest models on the market and pay only a fixed monthly fee. You&#039;ll save money, increase your productivity, and better plan your office expenses.<\/p>\n\n\n\n<p>At Apen, we study our clients&#039; needs to determine the best solution for them.&nbsp;<strong>renting<\/strong>&nbsp;of&nbsp;<strong>printers<\/strong>&nbsp;<strong>for<\/strong>&nbsp;<strong>companies<\/strong>&nbsp;Apen&#039;s services include equipment installation and configuration, all consumables and their management, parts and replacements, assistance in less than 4 hours, equipment loans in case of breakdown, preventive maintenance, remote monitoring service and repairs and travel throughout the province of Barcelona.<\/p>\n\n\n\n<p>This is a personalized and highly effective service for any SME, as they can enjoy quality printing services, featuring the best brands in the sector, and also adapted and personalized to their situation and their actual expenses.<\/p>\n\n\n\n<p>In this way, the&nbsp;<strong>renting<\/strong>&nbsp;of&nbsp;<strong>printers<\/strong>&nbsp;<strong>for companies<\/strong>&nbsp;Apen&#039;s service becomes one of the star services for any company, helping to save costs and minimize unnecessary expenses.<\/p>\n\n\n\n<p>Not all printers are the same, that&#039;s why at Apen we decided to be multi-brand, featuring the best brands on the market such as HP, OKI, Konica Minolta and Kyocera.<\/p>\n\n\n\n<p>These brands are currently leaders in the printing services sector. They offer numerous alternatives and endless options, aiming to meet the specific needs of each client.<\/p>\n\n\n\n<p>At Apen we know that every&nbsp;<strong>company<\/strong>&nbsp;It&#039;s a world unto itself and requires different solutions, which is why we rely on the best brands. We study the advantages and benefits each brand can offer our clients to find a truly effective option. If you want to improve your printing expense management, look no further.&nbsp;<strong>company<\/strong>, Contact us and we will inform you of the advantages that the service can offer you.&nbsp;<strong>renting<\/strong>&nbsp;of&nbsp;<strong>printers<\/strong>&nbsp;for&nbsp;<strong>companies<\/strong>.<\/p>","protected":false},"excerpt":{"rendered":"<p>En Apen puedes disponer de un servicio de&nbsp;renting&nbsp;de&nbsp;impresoras&nbsp;para empresas, contando con las mejores marcas del mercado, como Kyocera, Konica Minolta, OKI y HP. Este servicio de&nbsp;renting&nbsp;de&nbsp;impresoras, supone una gran ventaja&nbsp;para&nbsp;las&nbsp;empresas&nbsp;porque&nbsp; pueden disfrutar de un servicio profesional sin tener que comprar la impresora, solamente pagando por el uso que hacen de ella. En Apen estudiamos las&#8230;<\/p>","protected":false},"author":4,"featured_media":0,"parent":1158,"menu_order":0,"comment_status":"closed","ping_status":"closed","template":"page-landing-renting.php","meta":{"_acf_changed":false,"_kad_blocks_custom_css":"","_kad_blocks_head_custom_js":"","_kad_blocks_body_custom_js":"","_kad_blocks_footer_custom_js":"","_kad_post_transparent":"","_kad_post_title":"","_kad_post_layout":"","_kad_post_sidebar_id":"","_kad_post_content_style":"","_kad_post_vertical_padding":"","_kad_post_feature":"","_kad_post_feature_position":"","_kad_post_header":false,"_kad_post_footer":false,"_kad_post_classname":"","footnotes":""},"class_list":["post-6811","page","type-page","status-publish","hentry"],"acf":[],"yoast_head":"<!-- This site is optimized with the Yoast SEO plugin v27.4 - https:\/\/yoast.com\/product\/yoast-seo-wordpress\/ -->\n<title>Renting impresoras para empresas - Apen Inform\u00e1tica<\/title>\n<meta name=\"description\" content=\"En Apen ofrecemos el servicio de renting de impresoras para empresas de marcas como HP, Kyocera, OKI o Konica Minolta para tu empresa. Conf\u00eda en Apen.\" \/>\n<meta name=\"robots\" content=\"index, follow, max-snippet:-1, max-image-preview:large, max-video-preview:-1\" \/>\n<link rel=\"canonical\" href=\"https:\/\/www.apen.es\/en\/printing-solutions\/printer-rental-for-businesses\/\" \/>\n<meta property=\"og:locale\" content=\"en_US\" \/>\n<meta property=\"og:type\" content=\"article\" \/>\n<meta property=\"og:title\" content=\"Renting impresoras para empresas - Apen Inform\u00e1tica\" \/>\n<meta property=\"og:description\" content=\"En Apen ofrecemos el servicio de renting de impresoras para empresas de marcas como HP, Kyocera, OKI o Konica Minolta para tu empresa. Conf\u00eda en Apen.\" \/>\n<meta property=\"og:url\" content=\"https:\/\/www.apen.es\/en\/printing-solutions\/printer-rental-for-businesses\/\" \/>\n<meta property=\"og:site_name\" content=\"Apen Inform\u00e1tica\" \/>\n<meta property=\"article:publisher\" content=\"https:\/\/www.facebook.com\/apensolucions\" \/>\n<meta property=\"article:modified_time\" content=\"2025-06-25T11:38:19+00:00\" \/>\n<meta property=\"og:image\" content=\"https:\/\/www.apen.es\/wp-content\/uploads\/2016\/05\/logo-apen-231x82-trasparent.png\" \/>\n\t<meta property=\"og:image:width\" content=\"231\" \/>\n\t<meta property=\"og:image:height\" content=\"82\" \/>\n\t<meta property=\"og:image:type\" content=\"image\/png\" \/>\n<meta name=\"twitter:card\" content=\"summary_large_image\" \/>\n<meta name=\"twitter:label1\" content=\"Est. reading time\" \/>\n\t<meta name=\"twitter:data1\" content=\"4 minutes\" \/>\n<script type=\"application\/ld+json\" class=\"yoast-schema-graph\">{\"@context\":\"https:\\\/\\\/schema.org\",\"@graph\":[{\"@type\":\"WebPage\",\"@id\":\"https:\\\/\\\/www.apen.es\\\/soluciones-de-impresion\\\/renting-impresoras-para-empresas\\\/\",\"url\":\"https:\\\/\\\/www.apen.es\\\/soluciones-de-impresion\\\/renting-impresoras-para-empresas\\\/\",\"name\":\"Renting impresoras para empresas - Apen Inform\u00e1tica\",\"isPartOf\":{\"@id\":\"https:\\\/\\\/www.apen.es\\\/#website\"},\"datePublished\":\"2017-07-11T14:27:53+00:00\",\"dateModified\":\"2025-06-25T11:38:19+00:00\",\"description\":\"En Apen ofrecemos el servicio de renting de impresoras para empresas de marcas como HP, Kyocera, OKI o Konica Minolta para tu empresa. Conf\u00eda en Apen.\",\"breadcrumb\":{\"@id\":\"https:\\\/\\\/www.apen.es\\\/soluciones-de-impresion\\\/renting-impresoras-para-empresas\\\/#breadcrumb\"},\"inLanguage\":\"en-US\",\"potentialAction\":[{\"@type\":\"ReadAction\",\"target\":[\"https:\\\/\\\/www.apen.es\\\/soluciones-de-impresion\\\/renting-impresoras-para-empresas\\\/\"]}]},{\"@type\":\"BreadcrumbList\",\"@id\":\"https:\\\/\\\/www.apen.es\\\/soluciones-de-impresion\\\/renting-impresoras-para-empresas\\\/#breadcrumb\",\"itemListElement\":[{\"@type\":\"ListItem\",\"position\":1,\"name\":\"Portada\",\"item\":\"https:\\\/\\\/www.apen.es\\\/\"},{\"@type\":\"ListItem\",\"position\":2,\"name\":\"Soluciones de impresi\u00f3n\",\"item\":\"https:\\\/\\\/www.apen.es\\\/soluciones-de-impresion\\\/\"},{\"@type\":\"ListItem\",\"position\":3,\"name\":\"Renting impresoras para empresas\"}]},{\"@type\":\"WebSite\",\"@id\":\"https:\\\/\\\/www.apen.es\\\/#website\",\"url\":\"https:\\\/\\\/www.apen.es\\\/\",\"name\":\"Apen Inform\u00e1tica\",\"description\":\"Mantenimiento Inform\u00e1tico , Software de Gesti\u00f3n, Soluciones de impresi\u00f3n\",\"publisher\":{\"@id\":\"https:\\\/\\\/www.apen.es\\\/#organization\"},\"potentialAction\":[{\"@type\":\"SearchAction\",\"target\":{\"@type\":\"EntryPoint\",\"urlTemplate\":\"https:\\\/\\\/www.apen.es\\\/?s={search_term_string}\"},\"query-input\":{\"@type\":\"PropertyValueSpecification\",\"valueRequired\":true,\"valueName\":\"search_term_string\"}}],\"inLanguage\":\"en-US\"},{\"@type\":\"Organization\",\"@id\":\"https:\\\/\\\/www.apen.es\\\/#organization\",\"name\":\"Apen: Soluciones inform\u00e1ticas\",\"url\":\"https:\\\/\\\/www.apen.es\\\/\",\"logo\":{\"@type\":\"ImageObject\",\"inLanguage\":\"en-US\",\"@id\":\"https:\\\/\\\/www.apen.es\\\/#\\\/schema\\\/logo\\\/image\\\/\",\"url\":\"https:\\\/\\\/www.apen.es\\\/wp-content\\\/uploads\\\/2022\\\/08\\\/logo-apenok-231x82-1.png\",\"contentUrl\":\"https:\\\/\\\/www.apen.es\\\/wp-content\\\/uploads\\\/2022\\\/08\\\/logo-apenok-231x82-1.png\",\"width\":231,\"height\":82,\"caption\":\"Apen: Soluciones inform\u00e1ticas\"},\"image\":{\"@id\":\"https:\\\/\\\/www.apen.es\\\/#\\\/schema\\\/logo\\\/image\\\/\"},\"sameAs\":[\"https:\\\/\\\/www.facebook.com\\\/apensolucions\",\"https:\\\/\\\/www.youtube.com\\\/user\\\/ApenCentreInformatic\",\"https:\\\/\\\/www.linkedin.com\\\/company\\\/1021771?trk=tyah&trkInfo=clickedVerticalcompanyclickedEntityId1021771idx2-1-2tarId1464195271196tasapenin\"]}]}<\/script>\n<!-- \/ Yoast SEO plugin. -->","yoast_head_json":{"title":"Printer rental for businesses - Apen Inform\u00e1tica","description":"At Apen, we offer printer rental services for businesses, featuring brands like HP, Kyocera, OKI, and Konica Minolta. Trust Apen.","robots":{"index":"index","follow":"follow","max-snippet":"max-snippet:-1","max-image-preview":"max-image-preview:large","max-video-preview":"max-video-preview:-1"},"canonical":"https:\/\/www.apen.es\/en\/printing-solutions\/printer-rental-for-businesses\/","og_locale":"en_US","og_type":"article","og_title":"Renting impresoras para empresas - Apen Inform\u00e1tica","og_description":"En Apen ofrecemos el servicio de renting de impresoras para empresas de marcas como HP, Kyocera, OKI o Konica Minolta para tu empresa. Conf\u00eda en Apen.","og_url":"https:\/\/www.apen.es\/en\/printing-solutions\/printer-rental-for-businesses\/","og_site_name":"Apen Inform\u00e1tica","article_publisher":"https:\/\/www.facebook.com\/apensolucions","article_modified_time":"2025-06-25T11:38:19+00:00","og_image":[{"width":231,"height":82,"url":"https:\/\/www.apen.es\/wp-content\/uploads\/2016\/05\/logo-apen-231x82-trasparent.png","type":"image\/png"}],"twitter_card":"summary_large_image","twitter_misc":{"Est. reading time":"4 minutes"},"schema":{"@context":"https:\/\/schema.org","@graph":[{"@type":"WebPage","@id":"https:\/\/www.apen.es\/soluciones-de-impresion\/renting-impresoras-para-empresas\/","url":"https:\/\/www.apen.es\/soluciones-de-impresion\/renting-impresoras-para-empresas\/","name":"Printer rental for businesses - Apen Inform\u00e1tica","isPartOf":{"@id":"https:\/\/www.apen.es\/#website"},"datePublished":"2017-07-11T14:27:53+00:00","dateModified":"2025-06-25T11:38:19+00:00","description":"At Apen, we offer printer rental services for businesses, featuring brands like HP, Kyocera, OKI, and Konica Minolta. Trust Apen.","breadcrumb":{"@id":"https:\/\/www.apen.es\/soluciones-de-impresion\/renting-impresoras-para-empresas\/#breadcrumb"},"inLanguage":"en-US","potentialAction":[{"@type":"ReadAction","target":["https:\/\/www.apen.es\/soluciones-de-impresion\/renting-impresoras-para-empresas\/"]}]},{"@type":"BreadcrumbList","@id":"https:\/\/www.apen.es\/soluciones-de-impresion\/renting-impresoras-para-empresas\/#breadcrumb","itemListElement":[{"@type":"ListItem","position":1,"name":"Portada","item":"https:\/\/www.apen.es\/"},{"@type":"ListItem","position":2,"name":"Soluciones de impresi\u00f3n","item":"https:\/\/www.apen.es\/soluciones-de-impresion\/"},{"@type":"ListItem","position":3,"name":"Renting impresoras para empresas"}]},{"@type":"WebSite","@id":"https:\/\/www.apen.es\/#website","url":"https:\/\/www.apen.es\/","name":"Apen Inform\u00e1tica","description":"IT Maintenance, Management Software, Printing Solutions","publisher":{"@id":"https:\/\/www.apen.es\/#organization"},"potentialAction":[{"@type":"SearchAction","target":{"@type":"EntryPoint","urlTemplate":"https:\/\/www.apen.es\/?s={search_term_string}"},"query-input":{"@type":"PropertyValueSpecification","valueRequired":true,"valueName":"search_term_string"}}],"inLanguage":"en-US"},{"@type":"Organization","@id":"https:\/\/www.apen.es\/#organization","name":"Apen: IT Solutions","url":"https:\/\/www.apen.es\/","logo":{"@type":"ImageObject","inLanguage":"en-US","@id":"https:\/\/www.apen.es\/#\/schema\/logo\/image\/","url":"https:\/\/www.apen.es\/wp-content\/uploads\/2022\/08\/logo-apenok-231x82-1.png","contentUrl":"https:\/\/www.apen.es\/wp-content\/uploads\/2022\/08\/logo-apenok-231x82-1.png","width":231,"height":82,"caption":"Apen: Soluciones inform\u00e1ticas"},"image":{"@id":"https:\/\/www.apen.es\/#\/schema\/logo\/image\/"},"sameAs":["https:\/\/www.facebook.com\/apensolucions","https:\/\/www.youtube.com\/user\/ApenCentreInformatic","https:\/\/www.linkedin.com\/company\/1021771?trk=tyah&trkInfo=clickedVerticalcompanyclickedEntityId1021771idx2-1-2tarId1464195271196tasapenin"]}]}},"taxonomy_info":[],"featured_image_src_large":false,"author_info":{"display_name":"marqueting","author_link":"https:\/\/www.apen.es\/en\/blog\/author\/marqueting\/"},"comment_info":0,"_links":{"self":[{"href":"https:\/\/www.apen.es\/en\/wp-json\/wp\/v2\/pages\/6811","targetHints":{"allow":["GET"]}}],"collection":[{"href":"https:\/\/www.apen.es\/en\/wp-json\/wp\/v2\/pages"}],"about":[{"href":"https:\/\/www.apen.es\/en\/wp-json\/wp\/v2\/types\/page"}],"author":[{"embeddable":true,"href":"https:\/\/www.apen.es\/en\/wp-json\/wp\/v2\/users\/4"}],"replies":[{"embeddable":true,"href":"https:\/\/www.apen.es\/en\/wp-json\/wp\/v2\/comments?post=6811"}],"version-history":[{"count":4,"href":"https:\/\/www.apen.es\/en\/wp-json\/wp\/v2\/pages\/6811\/revisions"}],"predecessor-version":[{"id":55655,"href":"https:\/\/www.apen.es\/en\/wp-json\/wp\/v2\/pages\/6811\/revisions\/55655"}],"up":[{"embeddable":true,"href":"https:\/\/www.apen.es\/en\/wp-json\/wp\/v2\/pages\/1158"}],"wp:attachment":[{"href":"https:\/\/www.apen.es\/en\/wp-json\/wp\/v2\/media?parent=6811"}],"curies":[{"name":"wp","href":"https:\/\/api.w.org\/{rel}","templated":true}]}}