{"id":6675,"date":"2017-06-05T15:45:11","date_gmt":"2017-06-05T15:45:11","guid":{"rendered":"https:\/\/www.apen.es\/?page_id=6675"},"modified":"2025-07-14T10:57:13","modified_gmt":"2025-07-14T10:57:13","slug":"ssd-drive","status":"publish","type":"page","link":"https:\/\/www.apen.es\/en\/computer-glossary\/ssd-drive\/","title":{"rendered":"SSD drive"},"content":{"rendered":"<h2 class=\"wp-block-heading\">WHAT IS AN SSD?<\/h2>\n\n\n<div class=\"wp-block-image\">\n<figure class=\"alignleft is-resized\"><img loading=\"lazy\" decoding=\"async\" width=\"570\" height=\"320\" src=\"https:\/\/www.apen.es\/wp-content\/uploads\/2017\/06\/disco-duro-ssd.jpg\" alt=\"\" class=\"wp-image-6676\" style=\"width:400px\" title=\"SSD Hard Drive - Computer Glossary\" srcset=\"https:\/\/www.apen.es\/wp-content\/uploads\/2017\/06\/disco-duro-ssd.jpg 570w, https:\/\/www.apen.es\/wp-content\/uploads\/2017\/06\/disco-duro-ssd-300x168.jpg 300w\" sizes=\"auto, (max-width: 570px) 100vw, 570px\" \/><\/figure>\n<\/div>\n\n\n<p>The SSD, or Solid-State Drive, is a data storage device that uses non-volatile memory, such as flash memory, instead of the magnetic disks of HDD hard disk drives.<\/p>\n\n\n\n<p>Solid-state drives (SSDs) are less susceptible to shocks because they have no moving parts. They offer faster access times and lower latency, resulting in a significant improvement in performance, particularly in operating system loading times.<\/p>\n\n\n\n<p>They have a limited number of write cycles and their lifespan is quite limited, and all data may be lost unexpectedly and irretrievably.<\/p>\n\n\n\n<p>The interface used by SSDs is called SATA and is the same as that used by hard drives. They can be swapped without the need for adapters or expansion cards to make them compatible with the computer.<\/p>\n\n\n\n<p>Since 2010, most SSDs have used flash memory, which is based on NAND gates and is able to retain data without any electrical power.<\/p>\n\n\n\n<p>The term SSD (Solid State Drive) is used to describe the new generation of storage devices for computers. SSDs can overcome many of the problems we encountered with conventional hard drives.<\/p>\n\n\n\n<p><strong>Advantages of SSDs<\/strong><\/p>\n\n\n\n<p>The<strong> speed<\/strong> This is one of the major advantages, particularly regarding data retrieval and reading. The wait time for data flow is always the same, and defragmentation is not necessary regardless of whether the data is contiguous or not; the drives perform equally well.<\/p>\n\n\n\n<p>It has a <strong>greater resistance<\/strong>, because it has no moving parts and responds better to vibrations and shocks.<\/p>\n\n\n\n<p><strong>Consumption is lower<\/strong>, Because it doesn&#039;t need as much power to operate. It experiences less wear and tear from heat, which increases its lifespan.<\/p>\n\n\n\n<p>Also<strong> It makes less noise <\/strong>And that represents a great advantage for the consumer.<\/p>\n\n\n\n<p><strong>Types of SSDs<\/strong><\/p>\n\n\n\n<p>There are different types of SSDs, depending on their connection to the PC:<\/p>\n\n\n\n<p><strong>PCle SS<\/strong>The unit connects to a PCI Express port, just like an additional internal card. This allows it to operate much faster and not be limited by the SATA standard.<\/p>\n\n\n\n<p><strong>SATA SSD<\/strong>It uses the same connector as a regular hard drive. This makes it the only option for adding an SSD to a laptop.<\/p>\n\n\n\n<p><strong>SLC:<\/strong> Acronym for Single Level Cell. It was the first to be used and we can currently see them in server environments, due to their high cost.<\/p>\n\n\n\n<p><strong>MLC<\/strong>They allow two bits per cell and are capable of storing four states<\/p>\n\n\n\n<p><strong>TLC<\/strong>In this case, there are three bits per cell and four states can be stored.<\/p>","protected":false},"excerpt":{"rendered":"<p>\u00bfQUE \u00c9S UN DISCO SSD? El Disco SSD es lo que llamamos Unidad de estado s\u00f3lido (Solid-State Drive) es un dispositivo de almacenamiento de datos, que usa una memoria no vol\u00e1til, como la memoria flash, en lugar de los discos magn\u00e9ticos de las unidades de discos duros HDD. Las unidades de estado s\u00f3lido o SSD&#8230;<\/p>","protected":false},"author":4,"featured_media":0,"parent":6185,"menu_order":0,"comment_status":"closed","ping_status":"closed","template":"page-landing-glosario.php","meta":{"_acf_changed":false,"_kad_blocks_custom_css":"","_kad_blocks_head_custom_js":"","_kad_blocks_body_custom_js":"","_kad_blocks_footer_custom_js":"","_kad_post_transparent":"","_kad_post_title":"","_kad_post_layout":"","_kad_post_sidebar_id":"","_kad_post_content_style":"","_kad_post_vertical_padding":"","_kad_post_feature":"","_kad_post_feature_position":"","_kad_post_header":false,"_kad_post_footer":false,"_kad_post_classname":"","footnotes":""},"class_list":["post-6675","page","type-page","status-publish","hentry"],"acf":[],"yoast_head":"<!-- This site is optimized with the Yoast SEO plugin v27.4 - https:\/\/yoast.com\/product\/yoast-seo-wordpress\/ -->\n<title>Disco SSD - Apen Inform\u00e1tica<\/title>\n<meta name=\"description\" content=\"\u00bfQue es un disco SSD? Un disco SSD es un dispositivo de almacenamiento de datos, que usa una memoria no vol\u00e1til, como la memoria flash. L\u00edderes en Barcelona.\" \/>\n<meta name=\"robots\" content=\"index, follow, max-snippet:-1, max-image-preview:large, max-video-preview:-1\" \/>\n<link rel=\"canonical\" href=\"https:\/\/www.apen.es\/en\/computer-glossary\/ssd-drive\/\" \/>\n<meta property=\"og:locale\" content=\"en_US\" \/>\n<meta property=\"og:type\" content=\"article\" \/>\n<meta property=\"og:title\" content=\"Disco SSD - Apen Inform\u00e1tica\" \/>\n<meta property=\"og:description\" content=\"\u00bfQue es un disco SSD? Un disco SSD es un dispositivo de almacenamiento de datos, que usa una memoria no vol\u00e1til, como la memoria flash. L\u00edderes en Barcelona.\" \/>\n<meta property=\"og:url\" content=\"https:\/\/www.apen.es\/en\/computer-glossary\/ssd-drive\/\" \/>\n<meta property=\"og:site_name\" content=\"Apen Inform\u00e1tica\" \/>\n<meta property=\"article:publisher\" content=\"https:\/\/www.facebook.com\/apensolucions\" \/>\n<meta property=\"article:modified_time\" content=\"2025-07-14T10:57:13+00:00\" \/>\n<meta property=\"og:image\" content=\"https:\/\/www.apen.es\/wp-content\/uploads\/2017\/06\/disco-duro-ssd.jpg\" \/>\n<meta name=\"twitter:card\" content=\"summary_large_image\" \/>\n<meta name=\"twitter:label1\" content=\"Est. reading time\" \/>\n\t<meta name=\"twitter:data1\" content=\"3 minutes\" \/>\n<script type=\"application\/ld+json\" class=\"yoast-schema-graph\">{\"@context\":\"https:\\\/\\\/schema.org\",\"@graph\":[{\"@type\":\"WebPage\",\"@id\":\"https:\\\/\\\/www.apen.es\\\/glosario-de-informatica\\\/disco-ssd\\\/\",\"url\":\"https:\\\/\\\/www.apen.es\\\/glosario-de-informatica\\\/disco-ssd\\\/\",\"name\":\"Disco SSD - Apen Inform\u00e1tica\",\"isPartOf\":{\"@id\":\"https:\\\/\\\/www.apen.es\\\/#website\"},\"primaryImageOfPage\":{\"@id\":\"https:\\\/\\\/www.apen.es\\\/glosario-de-informatica\\\/disco-ssd\\\/#primaryimage\"},\"image\":{\"@id\":\"https:\\\/\\\/www.apen.es\\\/glosario-de-informatica\\\/disco-ssd\\\/#primaryimage\"},\"thumbnailUrl\":\"https:\\\/\\\/www.apen.es\\\/wp-content\\\/uploads\\\/2017\\\/06\\\/disco-duro-ssd.jpg\",\"datePublished\":\"2017-06-05T15:45:11+00:00\",\"dateModified\":\"2025-07-14T10:57:13+00:00\",\"description\":\"\u00bfQue es un disco SSD? Un disco SSD es un dispositivo de almacenamiento de datos, que usa una memoria no vol\u00e1til, como la memoria flash. L\u00edderes en Barcelona.\",\"breadcrumb\":{\"@id\":\"https:\\\/\\\/www.apen.es\\\/glosario-de-informatica\\\/disco-ssd\\\/#breadcrumb\"},\"inLanguage\":\"en-US\",\"potentialAction\":[{\"@type\":\"ReadAction\",\"target\":[\"https:\\\/\\\/www.apen.es\\\/glosario-de-informatica\\\/disco-ssd\\\/\"]}]},{\"@type\":\"ImageObject\",\"inLanguage\":\"en-US\",\"@id\":\"https:\\\/\\\/www.apen.es\\\/glosario-de-informatica\\\/disco-ssd\\\/#primaryimage\",\"url\":\"https:\\\/\\\/www.apen.es\\\/wp-content\\\/uploads\\\/2017\\\/06\\\/disco-duro-ssd.jpg\",\"contentUrl\":\"https:\\\/\\\/www.apen.es\\\/wp-content\\\/uploads\\\/2017\\\/06\\\/disco-duro-ssd.jpg\"},{\"@type\":\"BreadcrumbList\",\"@id\":\"https:\\\/\\\/www.apen.es\\\/glosario-de-informatica\\\/disco-ssd\\\/#breadcrumb\",\"itemListElement\":[{\"@type\":\"ListItem\",\"position\":1,\"name\":\"Portada\",\"item\":\"https:\\\/\\\/www.apen.es\\\/\"},{\"@type\":\"ListItem\",\"position\":2,\"name\":\"Glosario de inform\u00e1tica\",\"item\":\"https:\\\/\\\/www.apen.es\\\/glosario-de-informatica\\\/\"},{\"@type\":\"ListItem\",\"position\":3,\"name\":\"Disco SSD\"}]},{\"@type\":\"WebSite\",\"@id\":\"https:\\\/\\\/www.apen.es\\\/#website\",\"url\":\"https:\\\/\\\/www.apen.es\\\/\",\"name\":\"Apen Inform\u00e1tica\",\"description\":\"Mantenimiento Inform\u00e1tico , Software de Gesti\u00f3n, Soluciones de impresi\u00f3n\",\"publisher\":{\"@id\":\"https:\\\/\\\/www.apen.es\\\/#organization\"},\"potentialAction\":[{\"@type\":\"SearchAction\",\"target\":{\"@type\":\"EntryPoint\",\"urlTemplate\":\"https:\\\/\\\/www.apen.es\\\/?s={search_term_string}\"},\"query-input\":{\"@type\":\"PropertyValueSpecification\",\"valueRequired\":true,\"valueName\":\"search_term_string\"}}],\"inLanguage\":\"en-US\"},{\"@type\":\"Organization\",\"@id\":\"https:\\\/\\\/www.apen.es\\\/#organization\",\"name\":\"Apen: Soluciones inform\u00e1ticas\",\"url\":\"https:\\\/\\\/www.apen.es\\\/\",\"logo\":{\"@type\":\"ImageObject\",\"inLanguage\":\"en-US\",\"@id\":\"https:\\\/\\\/www.apen.es\\\/#\\\/schema\\\/logo\\\/image\\\/\",\"url\":\"https:\\\/\\\/www.apen.es\\\/wp-content\\\/uploads\\\/2022\\\/08\\\/logo-apenok-231x82-1.png\",\"contentUrl\":\"https:\\\/\\\/www.apen.es\\\/wp-content\\\/uploads\\\/2022\\\/08\\\/logo-apenok-231x82-1.png\",\"width\":231,\"height\":82,\"caption\":\"Apen: Soluciones inform\u00e1ticas\"},\"image\":{\"@id\":\"https:\\\/\\\/www.apen.es\\\/#\\\/schema\\\/logo\\\/image\\\/\"},\"sameAs\":[\"https:\\\/\\\/www.facebook.com\\\/apensolucions\",\"https:\\\/\\\/www.youtube.com\\\/user\\\/ApenCentreInformatic\",\"https:\\\/\\\/www.linkedin.com\\\/company\\\/1021771?trk=tyah&trkInfo=clickedVerticalcompanyclickedEntityId1021771idx2-1-2tarId1464195271196tasapenin\"]}]}<\/script>\n<!-- \/ Yoast SEO plugin. -->","yoast_head_json":{"title":"SSD Drive - Apen Computing","description":"What is an SSD? An SSD is a data storage device that uses non-volatile memory, such as flash memory. Leaders in Barcelona.","robots":{"index":"index","follow":"follow","max-snippet":"max-snippet:-1","max-image-preview":"max-image-preview:large","max-video-preview":"max-video-preview:-1"},"canonical":"https:\/\/www.apen.es\/en\/computer-glossary\/ssd-drive\/","og_locale":"en_US","og_type":"article","og_title":"Disco SSD - Apen Inform\u00e1tica","og_description":"\u00bfQue es un disco SSD? Un disco SSD es un dispositivo de almacenamiento de datos, que usa una memoria no vol\u00e1til, como la memoria flash. L\u00edderes en Barcelona.","og_url":"https:\/\/www.apen.es\/en\/computer-glossary\/ssd-drive\/","og_site_name":"Apen Inform\u00e1tica","article_publisher":"https:\/\/www.facebook.com\/apensolucions","article_modified_time":"2025-07-14T10:57:13+00:00","og_image":[{"url":"https:\/\/www.apen.es\/wp-content\/uploads\/2017\/06\/disco-duro-ssd.jpg","type":"","width":"","height":""}],"twitter_card":"summary_large_image","twitter_misc":{"Est. reading time":"3 minutes"},"schema":{"@context":"https:\/\/schema.org","@graph":[{"@type":"WebPage","@id":"https:\/\/www.apen.es\/glosario-de-informatica\/disco-ssd\/","url":"https:\/\/www.apen.es\/glosario-de-informatica\/disco-ssd\/","name":"SSD Drive - Apen Computing","isPartOf":{"@id":"https:\/\/www.apen.es\/#website"},"primaryImageOfPage":{"@id":"https:\/\/www.apen.es\/glosario-de-informatica\/disco-ssd\/#primaryimage"},"image":{"@id":"https:\/\/www.apen.es\/glosario-de-informatica\/disco-ssd\/#primaryimage"},"thumbnailUrl":"https:\/\/www.apen.es\/wp-content\/uploads\/2017\/06\/disco-duro-ssd.jpg","datePublished":"2017-06-05T15:45:11+00:00","dateModified":"2025-07-14T10:57:13+00:00","description":"What is an SSD? An SSD is a data storage device that uses non-volatile memory, such as flash memory. Leaders in Barcelona.","breadcrumb":{"@id":"https:\/\/www.apen.es\/glosario-de-informatica\/disco-ssd\/#breadcrumb"},"inLanguage":"en-US","potentialAction":[{"@type":"ReadAction","target":["https:\/\/www.apen.es\/glosario-de-informatica\/disco-ssd\/"]}]},{"@type":"ImageObject","inLanguage":"en-US","@id":"https:\/\/www.apen.es\/glosario-de-informatica\/disco-ssd\/#primaryimage","url":"https:\/\/www.apen.es\/wp-content\/uploads\/2017\/06\/disco-duro-ssd.jpg","contentUrl":"https:\/\/www.apen.es\/wp-content\/uploads\/2017\/06\/disco-duro-ssd.jpg"},{"@type":"BreadcrumbList","@id":"https:\/\/www.apen.es\/glosario-de-informatica\/disco-ssd\/#breadcrumb","itemListElement":[{"@type":"ListItem","position":1,"name":"Portada","item":"https:\/\/www.apen.es\/"},{"@type":"ListItem","position":2,"name":"Glosario de inform\u00e1tica","item":"https:\/\/www.apen.es\/glosario-de-informatica\/"},{"@type":"ListItem","position":3,"name":"Disco SSD"}]},{"@type":"WebSite","@id":"https:\/\/www.apen.es\/#website","url":"https:\/\/www.apen.es\/","name":"Apen Inform\u00e1tica","description":"IT Maintenance, Management Software, Printing Solutions","publisher":{"@id":"https:\/\/www.apen.es\/#organization"},"potentialAction":[{"@type":"SearchAction","target":{"@type":"EntryPoint","urlTemplate":"https:\/\/www.apen.es\/?s={search_term_string}"},"query-input":{"@type":"PropertyValueSpecification","valueRequired":true,"valueName":"search_term_string"}}],"inLanguage":"en-US"},{"@type":"Organization","@id":"https:\/\/www.apen.es\/#organization","name":"Apen: IT Solutions","url":"https:\/\/www.apen.es\/","logo":{"@type":"ImageObject","inLanguage":"en-US","@id":"https:\/\/www.apen.es\/#\/schema\/logo\/image\/","url":"https:\/\/www.apen.es\/wp-content\/uploads\/2022\/08\/logo-apenok-231x82-1.png","contentUrl":"https:\/\/www.apen.es\/wp-content\/uploads\/2022\/08\/logo-apenok-231x82-1.png","width":231,"height":82,"caption":"Apen: Soluciones inform\u00e1ticas"},"image":{"@id":"https:\/\/www.apen.es\/#\/schema\/logo\/image\/"},"sameAs":["https:\/\/www.facebook.com\/apensolucions","https:\/\/www.youtube.com\/user\/ApenCentreInformatic","https:\/\/www.linkedin.com\/company\/1021771?trk=tyah&trkInfo=clickedVerticalcompanyclickedEntityId1021771idx2-1-2tarId1464195271196tasapenin"]}]}},"taxonomy_info":[],"featured_image_src_large":false,"author_info":{"display_name":"marqueting","author_link":"https:\/\/www.apen.es\/en\/blog\/author\/marqueting\/"},"comment_info":0,"_links":{"self":[{"href":"https:\/\/www.apen.es\/en\/wp-json\/wp\/v2\/pages\/6675","targetHints":{"allow":["GET"]}}],"collection":[{"href":"https:\/\/www.apen.es\/en\/wp-json\/wp\/v2\/pages"}],"about":[{"href":"https:\/\/www.apen.es\/en\/wp-json\/wp\/v2\/types\/page"}],"author":[{"embeddable":true,"href":"https:\/\/www.apen.es\/en\/wp-json\/wp\/v2\/users\/4"}],"replies":[{"embeddable":true,"href":"https:\/\/www.apen.es\/en\/wp-json\/wp\/v2\/comments?post=6675"}],"version-history":[{"count":1,"href":"https:\/\/www.apen.es\/en\/wp-json\/wp\/v2\/pages\/6675\/revisions"}],"predecessor-version":[{"id":56551,"href":"https:\/\/www.apen.es\/en\/wp-json\/wp\/v2\/pages\/6675\/revisions\/56551"}],"up":[{"embeddable":true,"href":"https:\/\/www.apen.es\/en\/wp-json\/wp\/v2\/pages\/6185"}],"wp:attachment":[{"href":"https:\/\/www.apen.es\/en\/wp-json\/wp\/v2\/media?parent=6675"}],"curies":[{"name":"wp","href":"https:\/\/api.w.org\/{rel}","templated":true}]}}