{"id":6564,"date":"2017-05-04T14:23:39","date_gmt":"2017-05-04T14:23:39","guid":{"rendered":"https:\/\/www.apen.es\/?page_id=6564"},"modified":"2025-07-14T11:02:54","modified_gmt":"2025-07-14T11:02:54","slug":"ram","status":"publish","type":"page","link":"https:\/\/www.apen.es\/en\/computer-glossary\/ram\/","title":{"rendered":"RAM"},"content":{"rendered":"<h2 class=\"wp-block-heading\">WHAT IS RAM MEMORY?<\/h2>\n\n\n<div class=\"wp-block-image\">\n<figure class=\"alignleft is-resized\"><img loading=\"lazy\" decoding=\"async\" width=\"640\" height=\"426\" src=\"https:\/\/www.apen.es\/wp-content\/uploads\/2017\/05\/que-es-la-memoria-ram-concepto.jpg\" alt=\"\" class=\"wp-image-6566\" style=\"width:400px\" title=\"Image of a Ram memory card WHAT IS RAM MEMORY?\" srcset=\"https:\/\/www.apen.es\/wp-content\/uploads\/2017\/05\/que-es-la-memoria-ram-concepto.jpg 640w, https:\/\/www.apen.es\/wp-content\/uploads\/2017\/05\/que-es-la-memoria-ram-concepto-300x200.jpg 300w\" sizes=\"auto, (max-width: 640px) 100vw, 640px\" \/><\/figure>\n<\/div>\n\n\n<p>RAM, or &quot;random access memory,&quot; is the main memory of a device, where programs and data are stored. Its acronym stands for Random Access Memory, and it&#039;s where all the instructions executed by the central processing unit (CPU) and other PC units are loaded.<\/p>\n\n\n\n<p>In 1969, Intel launched one of the first silicon semiconductor-based RAM memories, the 3101 integrated circuit with 64 bits of memory. Later, a 1024-byte DRAM memory, reference 1103, was introduced as the first to be successfully marketed. By the late 1970s, most computers used integrated circuits, which were soldered directly to motherboards or installed in sockets.<\/p>\n\n\n\n<p>RAM or random memory, also known as volatile memory, does not store data permanently; that is, when the power source to the device ceases, the information is lost.<\/p>\n\n\n\n<p>RAM is a large core, filled with ones and zeros, that allows information to be stored and retrieved. It is a semiconductor-based memory that can be read from and written to by both the microprocessor and other hardware devices. It is a type of memory used in all kinds of electronic devices such as computers, mobile phones, laptops, and tablets, and its function is to support the operating system and the processes performed on mobile devices.<\/p>\n\n\n\n<p>RAM is random access memory, meaning that a byte or word can be found directly and easily, without needing to consider the bytes stored before or after it. It allows for both reading and writing information.<\/p>\n\n\n\n<p>RAM (Random Access Memory) helps achieve faster response times when using programs on a computer, as the information the program needs to run is stored in RAM. This means that when a program is executed, all the necessary instructions are transferred to the processor, with data being transmitted as needed. Both RAM and the processor connect to each other to exchange the requested data.<\/p>\n\n\n\n<p>RAM stores this information and sends the data that needs to be processed to the processor; therefore, the higher the transmission speed and storage capacity of the memory, the more programs the user can run simultaneously and more quickly.<\/p>\n\n\n\n<h3 class=\"wp-block-heading\"><strong>RAM, the essential element for multitasking<\/strong><\/h3>\n\n\n\n<p>If we open many programs on a device, the RAM will need to load the instructions for all of them. Depending on the RAM capacity, we can open more or fewer programs simultaneously.<\/p>\n\n\n\n<p>RAM (Random Access Memory) is an electronic device capable of temporarily storing instructions and data, but it loses the data when the computer is turned off. The main advantage of RAM is its high speed when transmitting information. The more gigabytes (GB) the RAM has, the faster it will be and the more benefits it will offer. With faster transmission speeds and greater storage capacity, the user can run more programs simultaneously and more quickly.<\/p>","protected":false},"excerpt":{"rendered":"<p>\u00bfQUE \u00c9S LA MEMORIA RAM? La memoria RAM o \u201cmemoria de acceso aleatorio\u201d es la memoria principal del dispositivo, en la que se almacenan programas y datos. Sus siglas significan Random Access Memory y es el lugar en el que se cargan todas las instrucciones que ejecuta la unidad central de procesamiento y otras unidades&#8230;<\/p>","protected":false},"author":4,"featured_media":0,"parent":6185,"menu_order":0,"comment_status":"closed","ping_status":"closed","template":"page-landing-glosario.php","meta":{"_acf_changed":false,"_kad_blocks_custom_css":"","_kad_blocks_head_custom_js":"","_kad_blocks_body_custom_js":"","_kad_blocks_footer_custom_js":"","_kad_post_transparent":"","_kad_post_title":"","_kad_post_layout":"","_kad_post_sidebar_id":"","_kad_post_content_style":"","_kad_post_vertical_padding":"","_kad_post_feature":"","_kad_post_feature_position":"","_kad_post_header":false,"_kad_post_footer":false,"_kad_post_classname":"","footnotes":""},"class_list":["post-6564","page","type-page","status-publish","hentry"],"acf":[],"yoast_head":"<!-- This site is optimized with the Yoast SEO plugin v27.4 - https:\/\/yoast.com\/product\/yoast-seo-wordpress\/ -->\n<title>Memoria RAM - Apen Inform\u00e1tica<\/title>\n<meta name=\"description\" content=\"\u00bfQue es la memoria RAM? La memoria RAM es la memoria principal del dispositivo, en la que se almacenan programas y datos. Ll\u00e1manos al 938 606 220.\" \/>\n<meta name=\"robots\" content=\"index, follow, max-snippet:-1, max-image-preview:large, max-video-preview:-1\" \/>\n<link rel=\"canonical\" href=\"https:\/\/www.apen.es\/en\/computer-glossary\/ram\/\" \/>\n<meta property=\"og:locale\" content=\"en_US\" \/>\n<meta property=\"og:type\" content=\"article\" \/>\n<meta property=\"og:title\" content=\"Memoria RAM - Apen Inform\u00e1tica\" \/>\n<meta property=\"og:description\" content=\"\u00bfQue es la memoria RAM? La memoria RAM es la memoria principal del dispositivo, en la que se almacenan programas y datos. Ll\u00e1manos al 938 606 220.\" \/>\n<meta property=\"og:url\" content=\"https:\/\/www.apen.es\/en\/computer-glossary\/ram\/\" \/>\n<meta property=\"og:site_name\" content=\"Apen Inform\u00e1tica\" \/>\n<meta property=\"article:publisher\" content=\"https:\/\/www.facebook.com\/apensolucions\" \/>\n<meta property=\"article:modified_time\" content=\"2025-07-14T11:02:54+00:00\" \/>\n<meta property=\"og:image\" content=\"https:\/\/www.apen.es\/wp-content\/uploads\/2017\/05\/que-es-la-memoria-ram-concepto.jpg\" \/>\n<meta name=\"twitter:card\" content=\"summary_large_image\" \/>\n<meta name=\"twitter:label1\" content=\"Est. reading time\" \/>\n\t<meta name=\"twitter:data1\" content=\"3 minutes\" \/>\n<script type=\"application\/ld+json\" class=\"yoast-schema-graph\">{\"@context\":\"https:\\\/\\\/schema.org\",\"@graph\":[{\"@type\":\"WebPage\",\"@id\":\"https:\\\/\\\/www.apen.es\\\/glosario-de-informatica\\\/memoria-ram\\\/\",\"url\":\"https:\\\/\\\/www.apen.es\\\/glosario-de-informatica\\\/memoria-ram\\\/\",\"name\":\"Memoria RAM - Apen Inform\u00e1tica\",\"isPartOf\":{\"@id\":\"https:\\\/\\\/www.apen.es\\\/#website\"},\"primaryImageOfPage\":{\"@id\":\"https:\\\/\\\/www.apen.es\\\/glosario-de-informatica\\\/memoria-ram\\\/#primaryimage\"},\"image\":{\"@id\":\"https:\\\/\\\/www.apen.es\\\/glosario-de-informatica\\\/memoria-ram\\\/#primaryimage\"},\"thumbnailUrl\":\"https:\\\/\\\/www.apen.es\\\/wp-content\\\/uploads\\\/2017\\\/05\\\/que-es-la-memoria-ram-concepto.jpg\",\"datePublished\":\"2017-05-04T14:23:39+00:00\",\"dateModified\":\"2025-07-14T11:02:54+00:00\",\"description\":\"\u00bfQue es la memoria RAM? La memoria RAM es la memoria principal del dispositivo, en la que se almacenan programas y datos. Ll\u00e1manos al 938 606 220.\",\"breadcrumb\":{\"@id\":\"https:\\\/\\\/www.apen.es\\\/glosario-de-informatica\\\/memoria-ram\\\/#breadcrumb\"},\"inLanguage\":\"en-US\",\"potentialAction\":[{\"@type\":\"ReadAction\",\"target\":[\"https:\\\/\\\/www.apen.es\\\/glosario-de-informatica\\\/memoria-ram\\\/\"]}]},{\"@type\":\"ImageObject\",\"inLanguage\":\"en-US\",\"@id\":\"https:\\\/\\\/www.apen.es\\\/glosario-de-informatica\\\/memoria-ram\\\/#primaryimage\",\"url\":\"https:\\\/\\\/www.apen.es\\\/wp-content\\\/uploads\\\/2017\\\/05\\\/que-es-la-memoria-ram-concepto.jpg\",\"contentUrl\":\"https:\\\/\\\/www.apen.es\\\/wp-content\\\/uploads\\\/2017\\\/05\\\/que-es-la-memoria-ram-concepto.jpg\"},{\"@type\":\"BreadcrumbList\",\"@id\":\"https:\\\/\\\/www.apen.es\\\/glosario-de-informatica\\\/memoria-ram\\\/#breadcrumb\",\"itemListElement\":[{\"@type\":\"ListItem\",\"position\":1,\"name\":\"Portada\",\"item\":\"https:\\\/\\\/www.apen.es\\\/\"},{\"@type\":\"ListItem\",\"position\":2,\"name\":\"Glosario de inform\u00e1tica\",\"item\":\"https:\\\/\\\/www.apen.es\\\/glosario-de-informatica\\\/\"},{\"@type\":\"ListItem\",\"position\":3,\"name\":\"Memoria RAM\"}]},{\"@type\":\"WebSite\",\"@id\":\"https:\\\/\\\/www.apen.es\\\/#website\",\"url\":\"https:\\\/\\\/www.apen.es\\\/\",\"name\":\"Apen Inform\u00e1tica\",\"description\":\"Mantenimiento Inform\u00e1tico , Software de Gesti\u00f3n, Soluciones de impresi\u00f3n\",\"publisher\":{\"@id\":\"https:\\\/\\\/www.apen.es\\\/#organization\"},\"potentialAction\":[{\"@type\":\"SearchAction\",\"target\":{\"@type\":\"EntryPoint\",\"urlTemplate\":\"https:\\\/\\\/www.apen.es\\\/?s={search_term_string}\"},\"query-input\":{\"@type\":\"PropertyValueSpecification\",\"valueRequired\":true,\"valueName\":\"search_term_string\"}}],\"inLanguage\":\"en-US\"},{\"@type\":\"Organization\",\"@id\":\"https:\\\/\\\/www.apen.es\\\/#organization\",\"name\":\"Apen: Soluciones inform\u00e1ticas\",\"url\":\"https:\\\/\\\/www.apen.es\\\/\",\"logo\":{\"@type\":\"ImageObject\",\"inLanguage\":\"en-US\",\"@id\":\"https:\\\/\\\/www.apen.es\\\/#\\\/schema\\\/logo\\\/image\\\/\",\"url\":\"https:\\\/\\\/www.apen.es\\\/wp-content\\\/uploads\\\/2022\\\/08\\\/logo-apenok-231x82-1.png\",\"contentUrl\":\"https:\\\/\\\/www.apen.es\\\/wp-content\\\/uploads\\\/2022\\\/08\\\/logo-apenok-231x82-1.png\",\"width\":231,\"height\":82,\"caption\":\"Apen: Soluciones inform\u00e1ticas\"},\"image\":{\"@id\":\"https:\\\/\\\/www.apen.es\\\/#\\\/schema\\\/logo\\\/image\\\/\"},\"sameAs\":[\"https:\\\/\\\/www.facebook.com\\\/apensolucions\",\"https:\\\/\\\/www.youtube.com\\\/user\\\/ApenCentreInformatic\",\"https:\\\/\\\/www.linkedin.com\\\/company\\\/1021771?trk=tyah&trkInfo=clickedVerticalcompanyclickedEntityId1021771idx2-1-2tarId1464195271196tasapenin\"]}]}<\/script>\n<!-- \/ Yoast SEO plugin. -->","yoast_head_json":{"title":"RAM Memory - Apen Computing","description":"What is RAM? RAM is the device&#039;s main memory, where programs and data are stored. Call us at 938 606 220.","robots":{"index":"index","follow":"follow","max-snippet":"max-snippet:-1","max-image-preview":"max-image-preview:large","max-video-preview":"max-video-preview:-1"},"canonical":"https:\/\/www.apen.es\/en\/computer-glossary\/ram\/","og_locale":"en_US","og_type":"article","og_title":"Memoria RAM - Apen Inform\u00e1tica","og_description":"\u00bfQue es la memoria RAM? La memoria RAM es la memoria principal del dispositivo, en la que se almacenan programas y datos. Ll\u00e1manos al 938 606 220.","og_url":"https:\/\/www.apen.es\/en\/computer-glossary\/ram\/","og_site_name":"Apen Inform\u00e1tica","article_publisher":"https:\/\/www.facebook.com\/apensolucions","article_modified_time":"2025-07-14T11:02:54+00:00","og_image":[{"url":"https:\/\/www.apen.es\/wp-content\/uploads\/2017\/05\/que-es-la-memoria-ram-concepto.jpg","type":"","width":"","height":""}],"twitter_card":"summary_large_image","twitter_misc":{"Est. reading time":"3 minutes"},"schema":{"@context":"https:\/\/schema.org","@graph":[{"@type":"WebPage","@id":"https:\/\/www.apen.es\/glosario-de-informatica\/memoria-ram\/","url":"https:\/\/www.apen.es\/glosario-de-informatica\/memoria-ram\/","name":"RAM Memory - Apen Computing","isPartOf":{"@id":"https:\/\/www.apen.es\/#website"},"primaryImageOfPage":{"@id":"https:\/\/www.apen.es\/glosario-de-informatica\/memoria-ram\/#primaryimage"},"image":{"@id":"https:\/\/www.apen.es\/glosario-de-informatica\/memoria-ram\/#primaryimage"},"thumbnailUrl":"https:\/\/www.apen.es\/wp-content\/uploads\/2017\/05\/que-es-la-memoria-ram-concepto.jpg","datePublished":"2017-05-04T14:23:39+00:00","dateModified":"2025-07-14T11:02:54+00:00","description":"What is RAM? RAM is the device&#039;s main memory, where programs and data are stored. Call us at 938 606 220.","breadcrumb":{"@id":"https:\/\/www.apen.es\/glosario-de-informatica\/memoria-ram\/#breadcrumb"},"inLanguage":"en-US","potentialAction":[{"@type":"ReadAction","target":["https:\/\/www.apen.es\/glosario-de-informatica\/memoria-ram\/"]}]},{"@type":"ImageObject","inLanguage":"en-US","@id":"https:\/\/www.apen.es\/glosario-de-informatica\/memoria-ram\/#primaryimage","url":"https:\/\/www.apen.es\/wp-content\/uploads\/2017\/05\/que-es-la-memoria-ram-concepto.jpg","contentUrl":"https:\/\/www.apen.es\/wp-content\/uploads\/2017\/05\/que-es-la-memoria-ram-concepto.jpg"},{"@type":"BreadcrumbList","@id":"https:\/\/www.apen.es\/glosario-de-informatica\/memoria-ram\/#breadcrumb","itemListElement":[{"@type":"ListItem","position":1,"name":"Portada","item":"https:\/\/www.apen.es\/"},{"@type":"ListItem","position":2,"name":"Glosario de inform\u00e1tica","item":"https:\/\/www.apen.es\/glosario-de-informatica\/"},{"@type":"ListItem","position":3,"name":"Memoria RAM"}]},{"@type":"WebSite","@id":"https:\/\/www.apen.es\/#website","url":"https:\/\/www.apen.es\/","name":"Apen Inform\u00e1tica","description":"IT Maintenance, Management Software, Printing Solutions","publisher":{"@id":"https:\/\/www.apen.es\/#organization"},"potentialAction":[{"@type":"SearchAction","target":{"@type":"EntryPoint","urlTemplate":"https:\/\/www.apen.es\/?s={search_term_string}"},"query-input":{"@type":"PropertyValueSpecification","valueRequired":true,"valueName":"search_term_string"}}],"inLanguage":"en-US"},{"@type":"Organization","@id":"https:\/\/www.apen.es\/#organization","name":"Apen: IT Solutions","url":"https:\/\/www.apen.es\/","logo":{"@type":"ImageObject","inLanguage":"en-US","@id":"https:\/\/www.apen.es\/#\/schema\/logo\/image\/","url":"https:\/\/www.apen.es\/wp-content\/uploads\/2022\/08\/logo-apenok-231x82-1.png","contentUrl":"https:\/\/www.apen.es\/wp-content\/uploads\/2022\/08\/logo-apenok-231x82-1.png","width":231,"height":82,"caption":"Apen: Soluciones inform\u00e1ticas"},"image":{"@id":"https:\/\/www.apen.es\/#\/schema\/logo\/image\/"},"sameAs":["https:\/\/www.facebook.com\/apensolucions","https:\/\/www.youtube.com\/user\/ApenCentreInformatic","https:\/\/www.linkedin.com\/company\/1021771?trk=tyah&trkInfo=clickedVerticalcompanyclickedEntityId1021771idx2-1-2tarId1464195271196tasapenin"]}]}},"taxonomy_info":[],"featured_image_src_large":false,"author_info":{"display_name":"marqueting","author_link":"https:\/\/www.apen.es\/en\/blog\/author\/marqueting\/"},"comment_info":0,"_links":{"self":[{"href":"https:\/\/www.apen.es\/en\/wp-json\/wp\/v2\/pages\/6564","targetHints":{"allow":["GET"]}}],"collection":[{"href":"https:\/\/www.apen.es\/en\/wp-json\/wp\/v2\/pages"}],"about":[{"href":"https:\/\/www.apen.es\/en\/wp-json\/wp\/v2\/types\/page"}],"author":[{"embeddable":true,"href":"https:\/\/www.apen.es\/en\/wp-json\/wp\/v2\/users\/4"}],"replies":[{"embeddable":true,"href":"https:\/\/www.apen.es\/en\/wp-json\/wp\/v2\/comments?post=6564"}],"version-history":[{"count":2,"href":"https:\/\/www.apen.es\/en\/wp-json\/wp\/v2\/pages\/6564\/revisions"}],"predecessor-version":[{"id":56559,"href":"https:\/\/www.apen.es\/en\/wp-json\/wp\/v2\/pages\/6564\/revisions\/56559"}],"up":[{"embeddable":true,"href":"https:\/\/www.apen.es\/en\/wp-json\/wp\/v2\/pages\/6185"}],"wp:attachment":[{"href":"https:\/\/www.apen.es\/en\/wp-json\/wp\/v2\/media?parent=6564"}],"curies":[{"name":"wp","href":"https:\/\/api.w.org\/{rel}","templated":true}]}}