{"id":6562,"date":"2017-05-04T14:18:01","date_gmt":"2017-05-04T14:18:01","guid":{"rendered":"https:\/\/www.apen.es\/?page_id=6562"},"modified":"2025-05-23T08:19:38","modified_gmt":"2025-05-23T08:19:38","slug":"kyocera-printer-repair","status":"publish","type":"page","link":"https:\/\/www.apen.es\/en\/soluciones-de-impresion\/reparacion-impresoras-kyocera\/","title":{"rendered":"Kyocera printer repair"},"content":{"rendered":"<p>At Apen we offer all kinds of IT services such as&nbsp;<strong>repair<\/strong>&nbsp;of&nbsp;<strong>printers<\/strong>&nbsp;<strong>Kyocera<\/strong>, In addition to featuring leading brands in the sector, we specialize in IT maintenance and security, as well as printing solutions, which include comprehensive technical maintenance services, such as printing for&nbsp;<strong>printers<\/strong>&nbsp;<strong>Kyocera<\/strong>, OKI, HP or Konica Minolta.<\/p>\n\n\n\n<p>At Apen, we want our customers to have access to an exceptional printing service. That&#039;s why we provide top-quality materials and our specialized technicians, who will take care of resolving any issues, such as...&nbsp;<strong>repair<\/strong>&nbsp;in&nbsp;<strong>printers<\/strong>&nbsp;<strong>Kyocera<\/strong>.<\/p>\n\n\n\n<p>Apen is responsible for installing the&nbsp;<strong>printers<\/strong>&nbsp;<strong>Kyocera<\/strong>&nbsp;in the company, also supplying them with cartridges and offering them 24-hour technical maintenance via remote control.<\/p>\n\n\n\n<p>The&nbsp;<strong>repair<\/strong>&nbsp;in&nbsp;<strong>printers<\/strong>&nbsp;<strong>Kyocera<\/strong>&nbsp;It is one of the services we offer at Apen, along with our other three brands of&nbsp;<strong>printers<\/strong>, We partner with leading brands in the sector, such as OKI, Konica, and HP. We are a multi-brand company because we don&#039;t want to be tied to any one of them; our main objective is to offer the best service to our clients, that is, the one that best suits them and their company&#039;s needs.<\/p>\n\n\n\n<p>For this reason,&nbsp;<strong>Kyocera<\/strong>&nbsp;It is one of the brands we offer in our printing solutions, allowing you to enjoy a professional, intuitive and efficient service every day of the year.<\/p>\n\n\n\n<p>At Apen, we conduct a preliminary study of each company to understand its true needs, as we can often achieve significant changes through small adjustments. Furthermore, our service includes technical maintenance of&nbsp;<strong>repair<\/strong>&nbsp;of&nbsp;<strong>printers<\/strong>&nbsp;<strong>Kyocera<\/strong>, HP, OKI and Konica, as well as breakdown and cartridge review.<\/p>\n\n\n\n<p><strong>Kyocera<\/strong>&nbsp;We offer excellent service to many of our customers, who benefit from our specialized technical support, as well as a replacement printer whenever needed.&nbsp;<strong>repair<\/strong>&nbsp;of the&nbsp;<strong>printers<\/strong>.<\/p>\n\n\n\n<p>Apen offers its clients a professional service, backed by over 25 years of experience, that includes comprehensive maintenance, so the client doesn&#039;t have to worry about much. With this complete service, our aim is for businesses to feel comfortable and save time and money on printing solutions, without paying more than necessary.<\/p>\n\n\n\n<p>The&nbsp;<strong>repair<\/strong>&nbsp;of the&nbsp;<strong>printers<\/strong>&nbsp;<strong>Kyocera<\/strong>&nbsp;They will be done in a short period of time and the customer is guaranteed to receive a top-quality printer to replace theirs for the duration of the period.&nbsp;<strong>repair<\/strong>&nbsp;his&nbsp;<strong>printer<\/strong>usual.<\/p>\n\n\n\n<p>If you wish to hire a&nbsp;<strong>printer<\/strong>&nbsp;<strong>Kyocera<\/strong>&nbsp;or any of the brands we work with at Apen, please don&#039;t hesitate to contact us. We will respond promptly, without obligation, to explain all the advantages your company can gain from our printing services, such as...&nbsp;<strong>repair<\/strong>&nbsp;and the technical maintenance of the&nbsp;<strong>printers<\/strong>.<\/p>","protected":false},"excerpt":{"rendered":"<p>En Apen ofrecemos todo tipo de servicios inform\u00e1ticos como la&nbsp;reparaci\u00f3n&nbsp;de&nbsp;impresoras&nbsp;Kyocera, adem\u00e1s de contar con marcas referentes en el sector. Estamos especializados en el mantenimiento y la seguridad inform\u00e1tico as\u00ed como en las soluciones de impresi\u00f3n, que incorporan un servicio integral de mantenimiento t\u00e9cnico, como es el caso de la impresi\u00f3n de&nbsp;impresoras&nbsp;Kyocera, OKI, HP o Konica&#8230;<\/p>","protected":false},"author":4,"featured_media":0,"parent":1158,"menu_order":0,"comment_status":"closed","ping_status":"closed","template":"page-renting-impresoras.php","meta":{"_acf_changed":false,"_kad_blocks_custom_css":"","_kad_blocks_head_custom_js":"","_kad_blocks_body_custom_js":"","_kad_blocks_footer_custom_js":"","_kad_post_transparent":"","_kad_post_title":"","_kad_post_layout":"","_kad_post_sidebar_id":"","_kad_post_content_style":"","_kad_post_vertical_padding":"","_kad_post_feature":"","_kad_post_feature_position":"","_kad_post_header":false,"_kad_post_footer":false,"_kad_post_classname":"","footnotes":""},"class_list":["post-6562","page","type-page","status-publish","hentry"],"acf":[],"yoast_head":"<!-- This site is optimized with the Yoast SEO plugin v27.4 - https:\/\/yoast.com\/product\/yoast-seo-wordpress\/ -->\n<title>Reparaci\u00f3n impresoras Kyocera - Apen Inform\u00e1tica<\/title>\n<meta name=\"description\" content=\"En Apen ofrecemos el servicio de reparaci\u00f3n de impresoras Kyocera. Ofrecemos todo tipo de soluciones de impresi\u00f3n para empresas. Digitalizate con Apen.\" \/>\n<meta name=\"robots\" content=\"index, follow, max-snippet:-1, max-image-preview:large, max-video-preview:-1\" \/>\n<link rel=\"canonical\" href=\"https:\/\/www.apen.es\/en\/printing-solutions\/kyocera-printer-repair\/\" \/>\n<meta property=\"og:locale\" content=\"en_US\" \/>\n<meta property=\"og:type\" content=\"article\" \/>\n<meta property=\"og:title\" content=\"Reparaci\u00f3n impresoras Kyocera - Apen Inform\u00e1tica\" \/>\n<meta property=\"og:description\" content=\"En Apen ofrecemos el servicio de reparaci\u00f3n de impresoras Kyocera. Ofrecemos todo tipo de soluciones de impresi\u00f3n para empresas. Digitalizate con Apen.\" \/>\n<meta property=\"og:url\" content=\"https:\/\/www.apen.es\/en\/printing-solutions\/kyocera-printer-repair\/\" \/>\n<meta property=\"og:site_name\" content=\"Apen Inform\u00e1tica\" \/>\n<meta property=\"article:publisher\" content=\"https:\/\/www.facebook.com\/apensolucions\" \/>\n<meta property=\"article:modified_time\" content=\"2025-05-23T08:19:38+00:00\" \/>\n<meta property=\"og:image\" content=\"https:\/\/www.apen.es\/wp-content\/uploads\/2016\/05\/logo-apen-231x82-trasparent.png\" \/>\n\t<meta property=\"og:image:width\" content=\"231\" \/>\n\t<meta property=\"og:image:height\" content=\"82\" \/>\n\t<meta property=\"og:image:type\" content=\"image\/png\" \/>\n<meta name=\"twitter:card\" content=\"summary_large_image\" \/>\n<meta name=\"twitter:label1\" content=\"Est. reading time\" \/>\n\t<meta name=\"twitter:data1\" content=\"8 minutes\" \/>\n<script type=\"application\/ld+json\" class=\"yoast-schema-graph\">{\"@context\":\"https:\\\/\\\/schema.org\",\"@graph\":[{\"@type\":\"WebPage\",\"@id\":\"https:\\\/\\\/www.apen.es\\\/soluciones-de-impresion\\\/reparacion-impresoras-kyocera\\\/\",\"url\":\"https:\\\/\\\/www.apen.es\\\/soluciones-de-impresion\\\/reparacion-impresoras-kyocera\\\/\",\"name\":\"Reparaci\u00f3n impresoras Kyocera - Apen Inform\u00e1tica\",\"isPartOf\":{\"@id\":\"https:\\\/\\\/www.apen.es\\\/#website\"},\"datePublished\":\"2017-05-04T14:18:01+00:00\",\"dateModified\":\"2025-05-23T08:19:38+00:00\",\"description\":\"En Apen ofrecemos el servicio de reparaci\u00f3n de impresoras Kyocera. Ofrecemos todo tipo de soluciones de impresi\u00f3n para empresas. Digitalizate con Apen.\",\"breadcrumb\":{\"@id\":\"https:\\\/\\\/www.apen.es\\\/soluciones-de-impresion\\\/reparacion-impresoras-kyocera\\\/#breadcrumb\"},\"inLanguage\":\"en-US\",\"potentialAction\":[{\"@type\":\"ReadAction\",\"target\":[\"https:\\\/\\\/www.apen.es\\\/soluciones-de-impresion\\\/reparacion-impresoras-kyocera\\\/\"]}]},{\"@type\":\"BreadcrumbList\",\"@id\":\"https:\\\/\\\/www.apen.es\\\/soluciones-de-impresion\\\/reparacion-impresoras-kyocera\\\/#breadcrumb\",\"itemListElement\":[{\"@type\":\"ListItem\",\"position\":1,\"name\":\"Portada\",\"item\":\"https:\\\/\\\/www.apen.es\\\/\"},{\"@type\":\"ListItem\",\"position\":2,\"name\":\"Soluciones de impresi\u00f3n\",\"item\":\"https:\\\/\\\/www.apen.es\\\/soluciones-de-impresion\\\/\"},{\"@type\":\"ListItem\",\"position\":3,\"name\":\"Reparaci\u00f3n impresoras Kyocera\"}]},{\"@type\":\"WebSite\",\"@id\":\"https:\\\/\\\/www.apen.es\\\/#website\",\"url\":\"https:\\\/\\\/www.apen.es\\\/\",\"name\":\"Apen Inform\u00e1tica\",\"description\":\"Mantenimiento Inform\u00e1tico , Software de Gesti\u00f3n, Soluciones de impresi\u00f3n\",\"publisher\":{\"@id\":\"https:\\\/\\\/www.apen.es\\\/#organization\"},\"potentialAction\":[{\"@type\":\"SearchAction\",\"target\":{\"@type\":\"EntryPoint\",\"urlTemplate\":\"https:\\\/\\\/www.apen.es\\\/?s={search_term_string}\"},\"query-input\":{\"@type\":\"PropertyValueSpecification\",\"valueRequired\":true,\"valueName\":\"search_term_string\"}}],\"inLanguage\":\"en-US\"},{\"@type\":\"Organization\",\"@id\":\"https:\\\/\\\/www.apen.es\\\/#organization\",\"name\":\"Apen: Soluciones inform\u00e1ticas\",\"url\":\"https:\\\/\\\/www.apen.es\\\/\",\"logo\":{\"@type\":\"ImageObject\",\"inLanguage\":\"en-US\",\"@id\":\"https:\\\/\\\/www.apen.es\\\/#\\\/schema\\\/logo\\\/image\\\/\",\"url\":\"https:\\\/\\\/www.apen.es\\\/wp-content\\\/uploads\\\/2022\\\/08\\\/logo-apenok-231x82-1.png\",\"contentUrl\":\"https:\\\/\\\/www.apen.es\\\/wp-content\\\/uploads\\\/2022\\\/08\\\/logo-apenok-231x82-1.png\",\"width\":231,\"height\":82,\"caption\":\"Apen: Soluciones inform\u00e1ticas\"},\"image\":{\"@id\":\"https:\\\/\\\/www.apen.es\\\/#\\\/schema\\\/logo\\\/image\\\/\"},\"sameAs\":[\"https:\\\/\\\/www.facebook.com\\\/apensolucions\",\"https:\\\/\\\/www.youtube.com\\\/user\\\/ApenCentreInformatic\",\"https:\\\/\\\/www.linkedin.com\\\/company\\\/1021771?trk=tyah&trkInfo=clickedVerticalcompanyclickedEntityId1021771idx2-1-2tarId1464195271196tasapenin\"]}]}<\/script>\n<!-- \/ Yoast SEO plugin. -->","yoast_head_json":{"title":"Kyocera printer repair - Apen Inform\u00e1tica","description":"At Apen, we offer Kyocera printer repair services. We provide all types of printing solutions for businesses. Go digital with Apen.","robots":{"index":"index","follow":"follow","max-snippet":"max-snippet:-1","max-image-preview":"max-image-preview:large","max-video-preview":"max-video-preview:-1"},"canonical":"https:\/\/www.apen.es\/en\/printing-solutions\/kyocera-printer-repair\/","og_locale":"en_US","og_type":"article","og_title":"Reparaci\u00f3n impresoras Kyocera - Apen Inform\u00e1tica","og_description":"En Apen ofrecemos el servicio de reparaci\u00f3n de impresoras Kyocera. Ofrecemos todo tipo de soluciones de impresi\u00f3n para empresas. Digitalizate con Apen.","og_url":"https:\/\/www.apen.es\/en\/printing-solutions\/kyocera-printer-repair\/","og_site_name":"Apen Inform\u00e1tica","article_publisher":"https:\/\/www.facebook.com\/apensolucions","article_modified_time":"2025-05-23T08:19:38+00:00","og_image":[{"width":231,"height":82,"url":"https:\/\/www.apen.es\/wp-content\/uploads\/2016\/05\/logo-apen-231x82-trasparent.png","type":"image\/png"}],"twitter_card":"summary_large_image","twitter_misc":{"Est. reading time":"8 minutes"},"schema":{"@context":"https:\/\/schema.org","@graph":[{"@type":"WebPage","@id":"https:\/\/www.apen.es\/soluciones-de-impresion\/reparacion-impresoras-kyocera\/","url":"https:\/\/www.apen.es\/soluciones-de-impresion\/reparacion-impresoras-kyocera\/","name":"Kyocera printer repair - Apen Inform\u00e1tica","isPartOf":{"@id":"https:\/\/www.apen.es\/#website"},"datePublished":"2017-05-04T14:18:01+00:00","dateModified":"2025-05-23T08:19:38+00:00","description":"At Apen, we offer Kyocera printer repair services. We provide all types of printing solutions for businesses. Go digital with Apen.","breadcrumb":{"@id":"https:\/\/www.apen.es\/soluciones-de-impresion\/reparacion-impresoras-kyocera\/#breadcrumb"},"inLanguage":"en-US","potentialAction":[{"@type":"ReadAction","target":["https:\/\/www.apen.es\/soluciones-de-impresion\/reparacion-impresoras-kyocera\/"]}]},{"@type":"BreadcrumbList","@id":"https:\/\/www.apen.es\/soluciones-de-impresion\/reparacion-impresoras-kyocera\/#breadcrumb","itemListElement":[{"@type":"ListItem","position":1,"name":"Portada","item":"https:\/\/www.apen.es\/"},{"@type":"ListItem","position":2,"name":"Soluciones de impresi\u00f3n","item":"https:\/\/www.apen.es\/soluciones-de-impresion\/"},{"@type":"ListItem","position":3,"name":"Reparaci\u00f3n impresoras Kyocera"}]},{"@type":"WebSite","@id":"https:\/\/www.apen.es\/#website","url":"https:\/\/www.apen.es\/","name":"Apen Inform\u00e1tica","description":"IT Maintenance, Management Software, Printing Solutions","publisher":{"@id":"https:\/\/www.apen.es\/#organization"},"potentialAction":[{"@type":"SearchAction","target":{"@type":"EntryPoint","urlTemplate":"https:\/\/www.apen.es\/?s={search_term_string}"},"query-input":{"@type":"PropertyValueSpecification","valueRequired":true,"valueName":"search_term_string"}}],"inLanguage":"en-US"},{"@type":"Organization","@id":"https:\/\/www.apen.es\/#organization","name":"Apen: IT Solutions","url":"https:\/\/www.apen.es\/","logo":{"@type":"ImageObject","inLanguage":"en-US","@id":"https:\/\/www.apen.es\/#\/schema\/logo\/image\/","url":"https:\/\/www.apen.es\/wp-content\/uploads\/2022\/08\/logo-apenok-231x82-1.png","contentUrl":"https:\/\/www.apen.es\/wp-content\/uploads\/2022\/08\/logo-apenok-231x82-1.png","width":231,"height":82,"caption":"Apen: Soluciones inform\u00e1ticas"},"image":{"@id":"https:\/\/www.apen.es\/#\/schema\/logo\/image\/"},"sameAs":["https:\/\/www.facebook.com\/apensolucions","https:\/\/www.youtube.com\/user\/ApenCentreInformatic","https:\/\/www.linkedin.com\/company\/1021771?trk=tyah&trkInfo=clickedVerticalcompanyclickedEntityId1021771idx2-1-2tarId1464195271196tasapenin"]}]}},"taxonomy_info":[],"featured_image_src_large":false,"author_info":{"display_name":"marqueting","author_link":"https:\/\/www.apen.es\/en\/blog\/author\/marqueting\/"},"comment_info":0,"_links":{"self":[{"href":"https:\/\/www.apen.es\/en\/wp-json\/wp\/v2\/pages\/6562","targetHints":{"allow":["GET"]}}],"collection":[{"href":"https:\/\/www.apen.es\/en\/wp-json\/wp\/v2\/pages"}],"about":[{"href":"https:\/\/www.apen.es\/en\/wp-json\/wp\/v2\/types\/page"}],"author":[{"embeddable":true,"href":"https:\/\/www.apen.es\/en\/wp-json\/wp\/v2\/users\/4"}],"replies":[{"embeddable":true,"href":"https:\/\/www.apen.es\/en\/wp-json\/wp\/v2\/comments?post=6562"}],"version-history":[{"count":2,"href":"https:\/\/www.apen.es\/en\/wp-json\/wp\/v2\/pages\/6562\/revisions"}],"predecessor-version":[{"id":54864,"href":"https:\/\/www.apen.es\/en\/wp-json\/wp\/v2\/pages\/6562\/revisions\/54864"}],"up":[{"embeddable":true,"href":"https:\/\/www.apen.es\/en\/wp-json\/wp\/v2\/pages\/1158"}],"wp:attachment":[{"href":"https:\/\/www.apen.es\/en\/wp-json\/wp\/v2\/media?parent=6562"}],"curies":[{"name":"wp","href":"https:\/\/api.w.org\/{rel}","templated":true}]}}