{"id":6273,"date":"2017-03-29T10:42:18","date_gmt":"2017-03-29T10:42:18","guid":{"rendered":"https:\/\/www.apen.es\/?page_id=6273"},"modified":"2025-03-31T06:51:39","modified_gmt":"2025-03-31T06:51:39","slug":"it-support-barcelona","status":"publish","type":"page","link":"https:\/\/www.apen.es\/en\/it-support\/it-support-barcelona\/","title":{"rendered":"IT support Barcelona"},"content":{"rendered":"<p>After 25 years of experience in the sector, we can affirm that&nbsp;<strong>Apen<\/strong>&nbsp;It is a leading company in this country in terms of IT support.&nbsp;<strong>Apen<\/strong>&nbsp;we offer a&nbsp;<strong>IT support<\/strong>&nbsp;of quality for your company, with the aim of providing effective solutions and not generating more work for our clients, but quite the opposite.<\/p>\n\n\n\n<p>He&nbsp;<strong>IT support<\/strong>&nbsp;of&nbsp;<strong>Apen<\/strong>&nbsp;It includes many services, such as remote control, which allows you to stay in touch with a specialized technical service to resolve computer problems quickly and professionally. But the&nbsp;<strong>IT support<\/strong>&nbsp;of&nbsp;<strong>Apen<\/strong>&nbsp;It also includes our printing services, which offer customers comprehensive maintenance and include equipment installation and configuration, all consumables and their management, parts and replacements, assistance in less than 4 hours, equipment loans in case of breakdown, preventive maintenance, remote monitoring service and repairs and travel.<\/p>\n\n\n\n<p>In&nbsp;<strong>Apen<\/strong>, We want to be by the client&#039;s side, to study their real needs and those of their company, in order to advise them on a truly effective solution. We can say that we offer a&nbsp;<strong>IT support<\/strong>&nbsp;of quality because we work with the best brands on the market and we dedicate ourselves body and soul to our work.&nbsp;<strong>Apen<\/strong>&nbsp;It is a company specializing in computer maintenance and security, so we offer this guarantee as an added value to&nbsp;<strong>IT support<\/strong>&nbsp;that we can offer you.<\/p>\n\n\n\n<p>In&nbsp;<strong>Apen<\/strong>&nbsp;We offer a good&nbsp;<strong>IT support<\/strong>, As specialists, we support our clients, providing them with technical assistance, remote support and professional advice, both to individuals and to businesses that depend on information technology.<\/p>\n\n\n\n<p>He&nbsp;<strong>IT support<\/strong>&nbsp;of&nbsp;<strong>Apen<\/strong>&nbsp;It provides an effective and practical solution to all those people and companies looking for solutions to breakdowns (hardware, software), and all those problems that arise in their computer equipment, providing a solution with the professional work of our specialized technicians.<\/p>\n\n\n\n<p>In&nbsp;<strong>Apen<\/strong>, We offer the&nbsp;<strong>IT support<\/strong>&nbsp;through various means of communication, such as&nbsp;<strong>IT support<\/strong>&nbsp;via telephone, the&nbsp;<strong>IT support<\/strong>&nbsp;via email, the&nbsp;<strong>IT support<\/strong>&nbsp;via personal technical assistance and the&nbsp;<strong>IT support<\/strong>&nbsp;via remote control.<\/p>\n\n\n\n<p><strong>Apen<\/strong>&nbsp;It offers companies a comfortable&nbsp;<strong>IT support<\/strong>, so you can enjoy your computer equipment without worry, thanks to the availability of professional technical support from&nbsp;<strong>Apen<\/strong>. They will be able to analyze and repair all equipment malfunctions and incidents, offering a&nbsp;<strong>IT support<\/strong>&nbsp;High quality, fast and guaranteed.<\/p>\n\n\n\n<p>If you&#039;re looking for a good&nbsp;<strong>IT support<\/strong>&nbsp;for your company, in&nbsp;<strong>Apen<\/strong>&nbsp;We guarantee you can find it. You will have a&nbsp;<strong>IT support<\/strong>&nbsp;very efficient and with more than 25 years of experience.<\/p>","protected":false},"excerpt":{"rendered":"<p>Despu\u00e9s de 25 a\u00f1os de experiencia en el sector, podemos afirmar que&nbsp;Apen&nbsp;es una empresa referente de este pa\u00eds en t\u00e9rminos de soporte inform\u00e1tico. En&nbsp;Apen&nbsp;ofrecemos un&nbsp;soporte inform\u00e1tico&nbsp;de calidad para tu empresa, con el objetivo de aportar soluciones efectivas y no generar m\u00e1s trabajo a nuestros clientes, sino todo lo contrario. El&nbsp;soporte inform\u00e1tico&nbsp;de&nbsp;Apen&nbsp;incluye muchos servicios como por&#8230;<\/p>","protected":false},"author":4,"featured_media":0,"parent":6106,"menu_order":0,"comment_status":"closed","ping_status":"closed","template":"page-servicio-informatico.php","meta":{"_acf_changed":false,"_kad_blocks_custom_css":"","_kad_blocks_head_custom_js":"","_kad_blocks_body_custom_js":"","_kad_blocks_footer_custom_js":"","_kad_post_transparent":"","_kad_post_title":"","_kad_post_layout":"","_kad_post_sidebar_id":"","_kad_post_content_style":"","_kad_post_vertical_padding":"","_kad_post_feature":"","_kad_post_feature_position":"","_kad_post_header":false,"_kad_post_footer":false,"_kad_post_classname":"","footnotes":""},"class_list":["post-6273","page","type-page","status-publish","hentry"],"acf":[],"yoast_head":"<!-- This site is optimized with the Yoast SEO plugin v27.4 - https:\/\/yoast.com\/product\/yoast-seo-wordpress\/ -->\n<title>Soporte inform\u00e1tico Barcelona - Apen Inform\u00e1tica<\/title>\n<meta name=\"description\" content=\"Ofrecemos soporte inform\u00e1tico en Barcelona. Mantenimiento de ordenadores, asistencia t\u00e9cnica, mantenimiento inform\u00e1tico, y mucho m\u00e1s con Apen.\" \/>\n<meta name=\"robots\" content=\"index, follow, max-snippet:-1, max-image-preview:large, max-video-preview:-1\" \/>\n<link rel=\"canonical\" href=\"https:\/\/www.apen.es\/en\/it-support\/it-support-barcelona\/\" \/>\n<meta property=\"og:locale\" content=\"en_US\" \/>\n<meta property=\"og:type\" content=\"article\" \/>\n<meta property=\"og:title\" content=\"Soporte inform\u00e1tico Barcelona - Apen Inform\u00e1tica\" \/>\n<meta property=\"og:description\" content=\"Ofrecemos soporte inform\u00e1tico en Barcelona. Mantenimiento de ordenadores, asistencia t\u00e9cnica, mantenimiento inform\u00e1tico, y mucho m\u00e1s con Apen.\" \/>\n<meta property=\"og:url\" content=\"https:\/\/www.apen.es\/en\/it-support\/it-support-barcelona\/\" \/>\n<meta property=\"og:site_name\" content=\"Apen Inform\u00e1tica\" \/>\n<meta property=\"article:publisher\" content=\"https:\/\/www.facebook.com\/apensolucions\" \/>\n<meta property=\"article:modified_time\" content=\"2025-03-31T06:51:39+00:00\" \/>\n<meta property=\"og:image\" content=\"https:\/\/www.apen.es\/wp-content\/uploads\/2016\/05\/logo-apen-231x82-trasparent.png\" \/>\n\t<meta property=\"og:image:width\" content=\"231\" \/>\n\t<meta property=\"og:image:height\" content=\"82\" \/>\n\t<meta property=\"og:image:type\" content=\"image\/png\" \/>\n<meta name=\"twitter:card\" content=\"summary_large_image\" \/>\n<meta name=\"twitter:label1\" content=\"Est. reading time\" \/>\n\t<meta name=\"twitter:data1\" content=\"10 minutes\" \/>\n<script type=\"application\/ld+json\" class=\"yoast-schema-graph\">{\"@context\":\"https:\\\/\\\/schema.org\",\"@graph\":[{\"@type\":\"WebPage\",\"@id\":\"https:\\\/\\\/www.apen.es\\\/soporte-informatico\\\/soporte-informatico-barcelona\\\/\",\"url\":\"https:\\\/\\\/www.apen.es\\\/soporte-informatico\\\/soporte-informatico-barcelona\\\/\",\"name\":\"Soporte inform\u00e1tico Barcelona - Apen Inform\u00e1tica\",\"isPartOf\":{\"@id\":\"https:\\\/\\\/www.apen.es\\\/#website\"},\"datePublished\":\"2017-03-29T10:42:18+00:00\",\"dateModified\":\"2025-03-31T06:51:39+00:00\",\"description\":\"Ofrecemos soporte inform\u00e1tico en Barcelona. Mantenimiento de ordenadores, asistencia t\u00e9cnica, mantenimiento inform\u00e1tico, y mucho m\u00e1s con Apen.\",\"breadcrumb\":{\"@id\":\"https:\\\/\\\/www.apen.es\\\/soporte-informatico\\\/soporte-informatico-barcelona\\\/#breadcrumb\"},\"inLanguage\":\"en-US\",\"potentialAction\":[{\"@type\":\"ReadAction\",\"target\":[\"https:\\\/\\\/www.apen.es\\\/soporte-informatico\\\/soporte-informatico-barcelona\\\/\"]}]},{\"@type\":\"BreadcrumbList\",\"@id\":\"https:\\\/\\\/www.apen.es\\\/soporte-informatico\\\/soporte-informatico-barcelona\\\/#breadcrumb\",\"itemListElement\":[{\"@type\":\"ListItem\",\"position\":1,\"name\":\"Portada\",\"item\":\"https:\\\/\\\/www.apen.es\\\/\"},{\"@type\":\"ListItem\",\"position\":2,\"name\":\"Soporte inform\u00e1tico\",\"item\":\"https:\\\/\\\/www.apen.es\\\/soporte-informatico\\\/\"},{\"@type\":\"ListItem\",\"position\":3,\"name\":\"Soporte inform\u00e1tico Barcelona\"}]},{\"@type\":\"WebSite\",\"@id\":\"https:\\\/\\\/www.apen.es\\\/#website\",\"url\":\"https:\\\/\\\/www.apen.es\\\/\",\"name\":\"Apen Inform\u00e1tica\",\"description\":\"Mantenimiento Inform\u00e1tico , Software de Gesti\u00f3n, Soluciones de impresi\u00f3n\",\"publisher\":{\"@id\":\"https:\\\/\\\/www.apen.es\\\/#organization\"},\"potentialAction\":[{\"@type\":\"SearchAction\",\"target\":{\"@type\":\"EntryPoint\",\"urlTemplate\":\"https:\\\/\\\/www.apen.es\\\/?s={search_term_string}\"},\"query-input\":{\"@type\":\"PropertyValueSpecification\",\"valueRequired\":true,\"valueName\":\"search_term_string\"}}],\"inLanguage\":\"en-US\"},{\"@type\":\"Organization\",\"@id\":\"https:\\\/\\\/www.apen.es\\\/#organization\",\"name\":\"Apen: Soluciones inform\u00e1ticas\",\"url\":\"https:\\\/\\\/www.apen.es\\\/\",\"logo\":{\"@type\":\"ImageObject\",\"inLanguage\":\"en-US\",\"@id\":\"https:\\\/\\\/www.apen.es\\\/#\\\/schema\\\/logo\\\/image\\\/\",\"url\":\"https:\\\/\\\/www.apen.es\\\/wp-content\\\/uploads\\\/2022\\\/08\\\/logo-apenok-231x82-1.png\",\"contentUrl\":\"https:\\\/\\\/www.apen.es\\\/wp-content\\\/uploads\\\/2022\\\/08\\\/logo-apenok-231x82-1.png\",\"width\":231,\"height\":82,\"caption\":\"Apen: Soluciones inform\u00e1ticas\"},\"image\":{\"@id\":\"https:\\\/\\\/www.apen.es\\\/#\\\/schema\\\/logo\\\/image\\\/\"},\"sameAs\":[\"https:\\\/\\\/www.facebook.com\\\/apensolucions\",\"https:\\\/\\\/www.youtube.com\\\/user\\\/ApenCentreInformatic\",\"https:\\\/\\\/www.linkedin.com\\\/company\\\/1021771?trk=tyah&trkInfo=clickedVerticalcompanyclickedEntityId1021771idx2-1-2tarId1464195271196tasapenin\"]}]}<\/script>\n<!-- \/ Yoast SEO plugin. -->","yoast_head_json":{"title":"IT support Barcelona - Apen Inform\u00e1tica","description":"We offer IT support in Barcelona. Computer maintenance, technical assistance, IT support, and much more with Apen.","robots":{"index":"index","follow":"follow","max-snippet":"max-snippet:-1","max-image-preview":"max-image-preview:large","max-video-preview":"max-video-preview:-1"},"canonical":"https:\/\/www.apen.es\/en\/it-support\/it-support-barcelona\/","og_locale":"en_US","og_type":"article","og_title":"Soporte inform\u00e1tico Barcelona - Apen Inform\u00e1tica","og_description":"Ofrecemos soporte inform\u00e1tico en Barcelona. Mantenimiento de ordenadores, asistencia t\u00e9cnica, mantenimiento inform\u00e1tico, y mucho m\u00e1s con Apen.","og_url":"https:\/\/www.apen.es\/en\/it-support\/it-support-barcelona\/","og_site_name":"Apen Inform\u00e1tica","article_publisher":"https:\/\/www.facebook.com\/apensolucions","article_modified_time":"2025-03-31T06:51:39+00:00","og_image":[{"width":231,"height":82,"url":"https:\/\/www.apen.es\/wp-content\/uploads\/2016\/05\/logo-apen-231x82-trasparent.png","type":"image\/png"}],"twitter_card":"summary_large_image","twitter_misc":{"Est. reading time":"10 minutes"},"schema":{"@context":"https:\/\/schema.org","@graph":[{"@type":"WebPage","@id":"https:\/\/www.apen.es\/soporte-informatico\/soporte-informatico-barcelona\/","url":"https:\/\/www.apen.es\/soporte-informatico\/soporte-informatico-barcelona\/","name":"IT support Barcelona - Apen Inform\u00e1tica","isPartOf":{"@id":"https:\/\/www.apen.es\/#website"},"datePublished":"2017-03-29T10:42:18+00:00","dateModified":"2025-03-31T06:51:39+00:00","description":"We offer IT support in Barcelona. Computer maintenance, technical assistance, IT support, and much more with Apen.","breadcrumb":{"@id":"https:\/\/www.apen.es\/soporte-informatico\/soporte-informatico-barcelona\/#breadcrumb"},"inLanguage":"en-US","potentialAction":[{"@type":"ReadAction","target":["https:\/\/www.apen.es\/soporte-informatico\/soporte-informatico-barcelona\/"]}]},{"@type":"BreadcrumbList","@id":"https:\/\/www.apen.es\/soporte-informatico\/soporte-informatico-barcelona\/#breadcrumb","itemListElement":[{"@type":"ListItem","position":1,"name":"Portada","item":"https:\/\/www.apen.es\/"},{"@type":"ListItem","position":2,"name":"Soporte inform\u00e1tico","item":"https:\/\/www.apen.es\/soporte-informatico\/"},{"@type":"ListItem","position":3,"name":"Soporte inform\u00e1tico Barcelona"}]},{"@type":"WebSite","@id":"https:\/\/www.apen.es\/#website","url":"https:\/\/www.apen.es\/","name":"Apen Inform\u00e1tica","description":"IT Maintenance, Management Software, Printing Solutions","publisher":{"@id":"https:\/\/www.apen.es\/#organization"},"potentialAction":[{"@type":"SearchAction","target":{"@type":"EntryPoint","urlTemplate":"https:\/\/www.apen.es\/?s={search_term_string}"},"query-input":{"@type":"PropertyValueSpecification","valueRequired":true,"valueName":"search_term_string"}}],"inLanguage":"en-US"},{"@type":"Organization","@id":"https:\/\/www.apen.es\/#organization","name":"Apen: IT Solutions","url":"https:\/\/www.apen.es\/","logo":{"@type":"ImageObject","inLanguage":"en-US","@id":"https:\/\/www.apen.es\/#\/schema\/logo\/image\/","url":"https:\/\/www.apen.es\/wp-content\/uploads\/2022\/08\/logo-apenok-231x82-1.png","contentUrl":"https:\/\/www.apen.es\/wp-content\/uploads\/2022\/08\/logo-apenok-231x82-1.png","width":231,"height":82,"caption":"Apen: Soluciones inform\u00e1ticas"},"image":{"@id":"https:\/\/www.apen.es\/#\/schema\/logo\/image\/"},"sameAs":["https:\/\/www.facebook.com\/apensolucions","https:\/\/www.youtube.com\/user\/ApenCentreInformatic","https:\/\/www.linkedin.com\/company\/1021771?trk=tyah&trkInfo=clickedVerticalcompanyclickedEntityId1021771idx2-1-2tarId1464195271196tasapenin"]}]}},"taxonomy_info":[],"featured_image_src_large":false,"author_info":{"display_name":"marqueting","author_link":"https:\/\/www.apen.es\/en\/blog\/author\/marqueting\/"},"comment_info":0,"_links":{"self":[{"href":"https:\/\/www.apen.es\/en\/wp-json\/wp\/v2\/pages\/6273","targetHints":{"allow":["GET"]}}],"collection":[{"href":"https:\/\/www.apen.es\/en\/wp-json\/wp\/v2\/pages"}],"about":[{"href":"https:\/\/www.apen.es\/en\/wp-json\/wp\/v2\/types\/page"}],"author":[{"embeddable":true,"href":"https:\/\/www.apen.es\/en\/wp-json\/wp\/v2\/users\/4"}],"replies":[{"embeddable":true,"href":"https:\/\/www.apen.es\/en\/wp-json\/wp\/v2\/comments?post=6273"}],"version-history":[{"count":2,"href":"https:\/\/www.apen.es\/en\/wp-json\/wp\/v2\/pages\/6273\/revisions"}],"predecessor-version":[{"id":54537,"href":"https:\/\/www.apen.es\/en\/wp-json\/wp\/v2\/pages\/6273\/revisions\/54537"}],"up":[{"embeddable":true,"href":"https:\/\/www.apen.es\/en\/wp-json\/wp\/v2\/pages\/6106"}],"wp:attachment":[{"href":"https:\/\/www.apen.es\/en\/wp-json\/wp\/v2\/media?parent=6273"}],"curies":[{"name":"wp","href":"https:\/\/api.w.org\/{rel}","templated":true}]}}