{"id":6269,"date":"2017-03-29T10:34:49","date_gmt":"2017-03-29T10:34:49","guid":{"rendered":"https:\/\/www.apen.es\/?page_id=6269"},"modified":"2025-07-09T11:32:23","modified_gmt":"2025-07-09T11:32:23","slug":"computer-rental-sabadell","status":"publish","type":"page","link":"https:\/\/www.apen.es\/en\/computer-rental-2\/computer-rental-sabadell\/","title":{"rendered":"Computer rental Sabadell"},"content":{"rendered":"<p>Apen<strong> Sabadell <\/strong>With 25 years of history, we have gained extensive experience in the IT sector. We currently offer a variety of high-quality services, such as... <strong>computer rental<\/strong>, which can greatly facilitate the operation of your company.<\/p>\n\n\n\n<p>In Apen<strong> Sabadell<\/strong> We want our customers to be able to take full advantage of the best computer equipment at the best prices, which is why we offer a professional service. <strong>computer rental<\/strong>, with which to enjoy high-level features and functionalities. <strong>computer rental<\/strong> from Apen<strong> Sabadell<\/strong> It&#039;s an ideal technology service for SMEs, as they can access a high-quality service at a low cost, adapting IT equipment to the specific needs of their small or medium-sized business. At Apen<strong> Sabadell<\/strong> We want you to discover all the advantages of <strong>computer rental<\/strong>, With this plan, you&#039;ll enjoy the best brands in the IT sector without paying more for the product itself, only for how much you use it. We take care of everything: equipment installation and configuration, parts and replacements, support in under 4 hours, loaner equipment in case of breakdown, preventative maintenance, remote monitoring service, and repairs and on-site visits throughout the province of [province name missing]. <strong>Barcelona<\/strong>. We study your needs and propose a customized solution that minimizes costs and guarantees quality and results.<\/p>\n\n\n\n<p>Apen<strong> Sabadell<\/strong> Apen guarantees commitment, professionalism, and 25 years of experience in the sector.<strong> Sabadell<\/strong> you will be able to contract the service <strong>computer rental<\/strong> with the best brands on the market, as long as they adapt to the needs of your company and you know the requirements you need for the <strong>computer rental<\/strong> from Apen<strong> Sabadell<\/strong>. Thus, in Apen<strong> Sabadell<\/strong>, We can offer you the best <strong>computer rental<\/strong> For your SME, with which you&#039;ll get high-quality IT solutions and, in addition, you&#039;ll be able to save much more than you do now. At Apen <strong>Sabadell<\/strong> you will be able to contract the service <strong>computer rental<\/strong> with the best brands in the sector, as long as they adapt to the needs of your company.<\/p>\n\n\n\n<p>In Apen <strong>Sabadell<\/strong> We would like to ask you to allow us to conduct a preliminary study before you begin the program. <strong>computer rental<\/strong>, in order to study your company&#039;s printing needs and thus identify the most important points and understand the requirements you need for the <strong>computer rental<\/strong> from Apen<strong> Sabadell<\/strong>. Thus, in Apen<strong> Sabadell<\/strong>, We can offer you the best <strong>computer rental<\/strong> For your SME, with which you will get high-quality IT solutions and, in addition, you will be able to save much more than you do now.<\/p>\n\n\n\n<p>We believe in service <strong>computer rental<\/strong> Because it directly benefits our customers and their companies, representing a new, much fairer consumption model for customers. <strong>computer rental<\/strong> from Apen <strong>Sabadell<\/strong> It is focused on medium and small businesses, although it can be used for all types of businesses.<\/p>\n\n\n\n<p>Discover all the possibilities that [the following] can bring to your company <strong>computer rental <\/strong>Apen<strong> Sabadell<\/strong>, a rental service that can solve many problems and can greatly benefit the productivity and budget management of your SME.<\/p>","protected":false},"excerpt":{"rendered":"<p>Apen Sabadell cuenta con 25 a\u00f1os de historia, con los que hemos podido ganar una gran experiencia en el sector inform\u00e1tico. Actualmente disponemos de diferentes servicios de calidad como por ejemplo el renting de ordenadores, que puede facilitar mucho el funcionamiento de tu empresa. En Apen Sabadell queremos que nuestros clientes puedan aprovechar todas las&#8230;<\/p>","protected":false},"author":4,"featured_media":0,"parent":6256,"menu_order":0,"comment_status":"closed","ping_status":"closed","template":"page-renting-equipos-informatico-2.php","meta":{"_acf_changed":false,"_kad_blocks_custom_css":"","_kad_blocks_head_custom_js":"","_kad_blocks_body_custom_js":"","_kad_blocks_footer_custom_js":"","_kad_post_transparent":"","_kad_post_title":"","_kad_post_layout":"","_kad_post_sidebar_id":"","_kad_post_content_style":"","_kad_post_vertical_padding":"","_kad_post_feature":"","_kad_post_feature_position":"","_kad_post_header":false,"_kad_post_footer":false,"_kad_post_classname":"","footnotes":""},"class_list":["post-6269","page","type-page","status-publish","hentry"],"acf":[],"yoast_head":"<!-- This site is optimized with the Yoast SEO plugin v27.4 - https:\/\/yoast.com\/product\/yoast-seo-wordpress\/ -->\n<title>Renting ordenadores Sabadell - Apen Inform\u00e1tica<\/title>\n<meta name=\"description\" content=\"Ofrecemos renting de ordenadores a empresas de Sabadell. Nuestra empresa ubicada en Barcelona ofrece un servicio integral a PYMES. Conf\u00eda en Apen.\" \/>\n<meta name=\"robots\" content=\"index, follow, max-snippet:-1, max-image-preview:large, max-video-preview:-1\" \/>\n<link rel=\"canonical\" href=\"https:\/\/www.apen.es\/en\/computer-rental-2\/computer-rental-sabadell\/\" \/>\n<meta property=\"og:locale\" content=\"en_US\" \/>\n<meta property=\"og:type\" content=\"article\" \/>\n<meta property=\"og:title\" content=\"Renting ordenadores Sabadell - Apen Inform\u00e1tica\" \/>\n<meta property=\"og:description\" content=\"Ofrecemos renting de ordenadores a empresas de Sabadell. Nuestra empresa ubicada en Barcelona ofrece un servicio integral a PYMES. Conf\u00eda en Apen.\" \/>\n<meta property=\"og:url\" content=\"https:\/\/www.apen.es\/en\/computer-rental-2\/computer-rental-sabadell\/\" \/>\n<meta property=\"og:site_name\" content=\"Apen Inform\u00e1tica\" \/>\n<meta property=\"article:publisher\" content=\"https:\/\/www.facebook.com\/apensolucions\" \/>\n<meta property=\"article:modified_time\" content=\"2025-07-09T11:32:23+00:00\" \/>\n<meta property=\"og:image\" content=\"https:\/\/www.apen.es\/wp-content\/uploads\/2016\/05\/logo-apen-231x82-trasparent.png\" \/>\n\t<meta property=\"og:image:width\" content=\"231\" \/>\n\t<meta property=\"og:image:height\" content=\"82\" \/>\n\t<meta property=\"og:image:type\" content=\"image\/png\" \/>\n<meta name=\"twitter:card\" content=\"summary_large_image\" \/>\n<meta name=\"twitter:label1\" content=\"Est. reading time\" \/>\n\t<meta name=\"twitter:data1\" content=\"3 minutes\" \/>\n<script type=\"application\/ld+json\" class=\"yoast-schema-graph\">{\"@context\":\"https:\\\/\\\/schema.org\",\"@graph\":[{\"@type\":\"WebPage\",\"@id\":\"https:\\\/\\\/www.apen.es\\\/renting-ordenadores\\\/renting-ordenadores-sabadell\\\/\",\"url\":\"https:\\\/\\\/www.apen.es\\\/renting-ordenadores\\\/renting-ordenadores-sabadell\\\/\",\"name\":\"Renting ordenadores Sabadell - Apen Inform\u00e1tica\",\"isPartOf\":{\"@id\":\"https:\\\/\\\/www.apen.es\\\/#website\"},\"datePublished\":\"2017-03-29T10:34:49+00:00\",\"dateModified\":\"2025-07-09T11:32:23+00:00\",\"description\":\"Ofrecemos renting de ordenadores a empresas de Sabadell. Nuestra empresa ubicada en Barcelona ofrece un servicio integral a PYMES. Conf\u00eda en Apen.\",\"breadcrumb\":{\"@id\":\"https:\\\/\\\/www.apen.es\\\/renting-ordenadores\\\/renting-ordenadores-sabadell\\\/#breadcrumb\"},\"inLanguage\":\"en-US\",\"potentialAction\":[{\"@type\":\"ReadAction\",\"target\":[\"https:\\\/\\\/www.apen.es\\\/renting-ordenadores\\\/renting-ordenadores-sabadell\\\/\"]}]},{\"@type\":\"BreadcrumbList\",\"@id\":\"https:\\\/\\\/www.apen.es\\\/renting-ordenadores\\\/renting-ordenadores-sabadell\\\/#breadcrumb\",\"itemListElement\":[{\"@type\":\"ListItem\",\"position\":1,\"name\":\"Portada\",\"item\":\"https:\\\/\\\/www.apen.es\\\/\"},{\"@type\":\"ListItem\",\"position\":2,\"name\":\"Renting ordenadores\",\"item\":\"https:\\\/\\\/www.apen.es\\\/renting-ordenadores\\\/\"},{\"@type\":\"ListItem\",\"position\":3,\"name\":\"Renting ordenadores Sabadell\"}]},{\"@type\":\"WebSite\",\"@id\":\"https:\\\/\\\/www.apen.es\\\/#website\",\"url\":\"https:\\\/\\\/www.apen.es\\\/\",\"name\":\"Apen Inform\u00e1tica\",\"description\":\"Mantenimiento Inform\u00e1tico , Software de Gesti\u00f3n, Soluciones de impresi\u00f3n\",\"publisher\":{\"@id\":\"https:\\\/\\\/www.apen.es\\\/#organization\"},\"potentialAction\":[{\"@type\":\"SearchAction\",\"target\":{\"@type\":\"EntryPoint\",\"urlTemplate\":\"https:\\\/\\\/www.apen.es\\\/?s={search_term_string}\"},\"query-input\":{\"@type\":\"PropertyValueSpecification\",\"valueRequired\":true,\"valueName\":\"search_term_string\"}}],\"inLanguage\":\"en-US\"},{\"@type\":\"Organization\",\"@id\":\"https:\\\/\\\/www.apen.es\\\/#organization\",\"name\":\"Apen: Soluciones inform\u00e1ticas\",\"url\":\"https:\\\/\\\/www.apen.es\\\/\",\"logo\":{\"@type\":\"ImageObject\",\"inLanguage\":\"en-US\",\"@id\":\"https:\\\/\\\/www.apen.es\\\/#\\\/schema\\\/logo\\\/image\\\/\",\"url\":\"https:\\\/\\\/www.apen.es\\\/wp-content\\\/uploads\\\/2022\\\/08\\\/logo-apenok-231x82-1.png\",\"contentUrl\":\"https:\\\/\\\/www.apen.es\\\/wp-content\\\/uploads\\\/2022\\\/08\\\/logo-apenok-231x82-1.png\",\"width\":231,\"height\":82,\"caption\":\"Apen: Soluciones inform\u00e1ticas\"},\"image\":{\"@id\":\"https:\\\/\\\/www.apen.es\\\/#\\\/schema\\\/logo\\\/image\\\/\"},\"sameAs\":[\"https:\\\/\\\/www.facebook.com\\\/apensolucions\",\"https:\\\/\\\/www.youtube.com\\\/user\\\/ApenCentreInformatic\",\"https:\\\/\\\/www.linkedin.com\\\/company\\\/1021771?trk=tyah&trkInfo=clickedVerticalcompanyclickedEntityId1021771idx2-1-2tarId1464195271196tasapenin\"]}]}<\/script>\n<!-- \/ Yoast SEO plugin. -->","yoast_head_json":{"title":"Computer rental in Sabadell - Apen Inform\u00e1tica","description":"We offer computer rentals to businesses in Sabadell. Our Barcelona-based company provides comprehensive services to SMEs. Trust Apen.","robots":{"index":"index","follow":"follow","max-snippet":"max-snippet:-1","max-image-preview":"max-image-preview:large","max-video-preview":"max-video-preview:-1"},"canonical":"https:\/\/www.apen.es\/en\/computer-rental-2\/computer-rental-sabadell\/","og_locale":"en_US","og_type":"article","og_title":"Renting ordenadores Sabadell - Apen Inform\u00e1tica","og_description":"Ofrecemos renting de ordenadores a empresas de Sabadell. Nuestra empresa ubicada en Barcelona ofrece un servicio integral a PYMES. Conf\u00eda en Apen.","og_url":"https:\/\/www.apen.es\/en\/computer-rental-2\/computer-rental-sabadell\/","og_site_name":"Apen Inform\u00e1tica","article_publisher":"https:\/\/www.facebook.com\/apensolucions","article_modified_time":"2025-07-09T11:32:23+00:00","og_image":[{"width":231,"height":82,"url":"https:\/\/www.apen.es\/wp-content\/uploads\/2016\/05\/logo-apen-231x82-trasparent.png","type":"image\/png"}],"twitter_card":"summary_large_image","twitter_misc":{"Est. reading time":"3 minutes"},"schema":{"@context":"https:\/\/schema.org","@graph":[{"@type":"WebPage","@id":"https:\/\/www.apen.es\/renting-ordenadores\/renting-ordenadores-sabadell\/","url":"https:\/\/www.apen.es\/renting-ordenadores\/renting-ordenadores-sabadell\/","name":"Computer rental in Sabadell - Apen Inform\u00e1tica","isPartOf":{"@id":"https:\/\/www.apen.es\/#website"},"datePublished":"2017-03-29T10:34:49+00:00","dateModified":"2025-07-09T11:32:23+00:00","description":"We offer computer rentals to businesses in Sabadell. Our Barcelona-based company provides comprehensive services to SMEs. Trust Apen.","breadcrumb":{"@id":"https:\/\/www.apen.es\/renting-ordenadores\/renting-ordenadores-sabadell\/#breadcrumb"},"inLanguage":"en-US","potentialAction":[{"@type":"ReadAction","target":["https:\/\/www.apen.es\/renting-ordenadores\/renting-ordenadores-sabadell\/"]}]},{"@type":"BreadcrumbList","@id":"https:\/\/www.apen.es\/renting-ordenadores\/renting-ordenadores-sabadell\/#breadcrumb","itemListElement":[{"@type":"ListItem","position":1,"name":"Portada","item":"https:\/\/www.apen.es\/"},{"@type":"ListItem","position":2,"name":"Renting ordenadores","item":"https:\/\/www.apen.es\/renting-ordenadores\/"},{"@type":"ListItem","position":3,"name":"Renting ordenadores Sabadell"}]},{"@type":"WebSite","@id":"https:\/\/www.apen.es\/#website","url":"https:\/\/www.apen.es\/","name":"Apen Inform\u00e1tica","description":"IT Maintenance, Management Software, Printing Solutions","publisher":{"@id":"https:\/\/www.apen.es\/#organization"},"potentialAction":[{"@type":"SearchAction","target":{"@type":"EntryPoint","urlTemplate":"https:\/\/www.apen.es\/?s={search_term_string}"},"query-input":{"@type":"PropertyValueSpecification","valueRequired":true,"valueName":"search_term_string"}}],"inLanguage":"en-US"},{"@type":"Organization","@id":"https:\/\/www.apen.es\/#organization","name":"Apen: IT Solutions","url":"https:\/\/www.apen.es\/","logo":{"@type":"ImageObject","inLanguage":"en-US","@id":"https:\/\/www.apen.es\/#\/schema\/logo\/image\/","url":"https:\/\/www.apen.es\/wp-content\/uploads\/2022\/08\/logo-apenok-231x82-1.png","contentUrl":"https:\/\/www.apen.es\/wp-content\/uploads\/2022\/08\/logo-apenok-231x82-1.png","width":231,"height":82,"caption":"Apen: Soluciones inform\u00e1ticas"},"image":{"@id":"https:\/\/www.apen.es\/#\/schema\/logo\/image\/"},"sameAs":["https:\/\/www.facebook.com\/apensolucions","https:\/\/www.youtube.com\/user\/ApenCentreInformatic","https:\/\/www.linkedin.com\/company\/1021771?trk=tyah&trkInfo=clickedVerticalcompanyclickedEntityId1021771idx2-1-2tarId1464195271196tasapenin"]}]}},"taxonomy_info":[],"featured_image_src_large":false,"author_info":{"display_name":"marqueting","author_link":"https:\/\/www.apen.es\/en\/blog\/author\/marqueting\/"},"comment_info":0,"_links":{"self":[{"href":"https:\/\/www.apen.es\/en\/wp-json\/wp\/v2\/pages\/6269","targetHints":{"allow":["GET"]}}],"collection":[{"href":"https:\/\/www.apen.es\/en\/wp-json\/wp\/v2\/pages"}],"about":[{"href":"https:\/\/www.apen.es\/en\/wp-json\/wp\/v2\/types\/page"}],"author":[{"embeddable":true,"href":"https:\/\/www.apen.es\/en\/wp-json\/wp\/v2\/users\/4"}],"replies":[{"embeddable":true,"href":"https:\/\/www.apen.es\/en\/wp-json\/wp\/v2\/comments?post=6269"}],"version-history":[{"count":1,"href":"https:\/\/www.apen.es\/en\/wp-json\/wp\/v2\/pages\/6269\/revisions"}],"predecessor-version":[{"id":56015,"href":"https:\/\/www.apen.es\/en\/wp-json\/wp\/v2\/pages\/6269\/revisions\/56015"}],"up":[{"embeddable":true,"href":"https:\/\/www.apen.es\/en\/wp-json\/wp\/v2\/pages\/6256"}],"wp:attachment":[{"href":"https:\/\/www.apen.es\/en\/wp-json\/wp\/v2\/media?parent=6269"}],"curies":[{"name":"wp","href":"https:\/\/api.w.org\/{rel}","templated":true}]}}