{"id":6267,"date":"2017-03-29T10:33:04","date_gmt":"2017-03-29T10:33:04","guid":{"rendered":"https:\/\/www.apen.es\/?page_id=6267"},"modified":"2025-07-09T11:32:41","modified_gmt":"2025-07-09T11:32:41","slug":"renting-computers-sant-cugat","status":"publish","type":"page","link":"https:\/\/www.apen.es\/en\/renting-ordenadores\/renting-ordenadores-sant-cugat\/","title":{"rendered":"Renting Sant Cugat computers"},"content":{"rendered":"<p>Apen <strong>Sant Cugat<\/strong> It offers an advantageous service for SMEs, such as the <strong>computer rental<\/strong>, a technological service that represents a great economic saving for any SME, since it means enjoying a good service at a low cost, without having to buy the product.<\/p>\n\n\n\n<p>In Apen<strong> Sant Cugat<\/strong> We give you the possibility to use the <strong>computer rental<\/strong>, A system for renting high-quality computer equipment, so you don&#039;t have to pay for the product itself, but only for its use. <strong>computer rental <\/strong>from Apen<strong> Sant Cugat<\/strong> This represents a major step forward for the consumer, who can now pay for the service rather than the product, a fact that represents a fairer consumption model for customers.<\/p>\n\n\n\n<p>Now you can enjoy a professional service, paying only for the use you make of your computer equipment. <strong>computer rendering<\/strong> from Apen <strong>Sant Cugat<\/strong> It is presented as a perfect solution for SMEs that want to control expenses without sacrificing the performance of their IT equipment. At Apen <strong>Sant Cugat<\/strong> you will be able to contract the service <strong>computer rental<\/strong> With the best brands in the industry, as long as they meet your company&#039;s needs. At Apen<strong> Sant Cugat<\/strong> We advise you to allow us to conduct a preliminary study, in order to analyze your company&#039;s needs, identify the most important aspects, and understand the requirements you need for the <strong>computer rental<\/strong> of <strong>Apen Sant Cugat<\/strong>.<\/p>\n\n\n\n<p>He <strong>computer rental<\/strong> of <strong>Apen Sant Cugat<\/strong> It&#039;s unique because it offers various advantages, such as state-of-the-art technology, ensuring you have functional equipment at all times, while maintaining investment capacity and financial stability, or comprehensive financing for equipment and associated services (maintenance, insurance, etc.). You&#039;ll also enjoy lower monthly payments compared to purchasing or leasing (a financing system whereby&nbsp;<strong>The company incorporates some fixed asset item in exchange for a lease payment<\/strong>.) In Apen<strong> Sant Cugat<\/strong> We have over 25 years of experience in the sector, allowing us to offer you the best IT solutions, such as... <strong>computer rental<\/strong>, which provides customized solutions for SMEs, paying only for the use made of them and enjoying excellent quality in maintenance service <strong>Apen Sant Cugat<\/strong>.<\/p>\n\n\n\n<p>In <strong>Apen<\/strong> <strong>Sant Cugat<\/strong> We work with the best brands on the market to obtain a selection of the most productive equipment for the <strong>computer rental<\/strong>. We take care of everything: equipment installation and configuration, parts and replacements, support in under 4 hours, loaner equipment in case of breakdown, preventative maintenance, remote monitoring service, and repairs and travel throughout the province of Barcelona. We analyze your needs and current operations, comparing them to your usual printing practices, and then propose a customized solution that minimizes costs while guaranteeing quality and results.<\/p>","protected":false},"excerpt":{"rendered":"<p>Apen Sant Cugat dispone de un servicio ventajoso para PYMEs como es el renting de ordenadores, un servicio tecnol\u00f3gico que representa un gran ahorro econ\u00f3mico para cualquier PYME, ya que supone disfrutar de un buen servicio a bajo coste, sin necesidad de tener que comprar el producto. En Apen Sant Cugat te damos la posibilidad&#8230;<\/p>","protected":false},"author":4,"featured_media":0,"parent":6256,"menu_order":0,"comment_status":"closed","ping_status":"closed","template":"page-renting-equipos-informatico-2.php","meta":{"_acf_changed":false,"_kad_blocks_custom_css":"","_kad_blocks_head_custom_js":"","_kad_blocks_body_custom_js":"","_kad_blocks_footer_custom_js":"","_kad_post_transparent":"","_kad_post_title":"","_kad_post_layout":"","_kad_post_sidebar_id":"","_kad_post_content_style":"","_kad_post_vertical_padding":"","_kad_post_feature":"","_kad_post_feature_position":"","_kad_post_header":false,"_kad_post_footer":false,"_kad_post_classname":"","footnotes":""},"class_list":["post-6267","page","type-page","status-publish","hentry"],"acf":[],"yoast_head":"<!-- This site is optimized with the Yoast SEO plugin v27.4 - https:\/\/yoast.com\/product\/yoast-seo-wordpress\/ -->\n<title>Renting ordenadores Sant Cugat - Apen Inform\u00e1tica<\/title>\n<meta name=\"description\" content=\"Ofrecemos renting de ordenadores a empresas de Sant Cugat. Nuestra empresa ubicada en Barcelona ofrece un servicio integral a PYMES. Conf\u00eda en Apen.\" \/>\n<meta name=\"robots\" content=\"index, follow, max-snippet:-1, max-image-preview:large, max-video-preview:-1\" \/>\n<link rel=\"canonical\" href=\"https:\/\/www.apen.es\/en\/computer-rental-2\/renting-computers-sant-cugat\/\" \/>\n<meta property=\"og:locale\" content=\"en_US\" \/>\n<meta property=\"og:type\" content=\"article\" \/>\n<meta property=\"og:title\" content=\"Renting ordenadores Sant Cugat - Apen Inform\u00e1tica\" \/>\n<meta property=\"og:description\" content=\"Ofrecemos renting de ordenadores a empresas de Sant Cugat. Nuestra empresa ubicada en Barcelona ofrece un servicio integral a PYMES. Conf\u00eda en Apen.\" \/>\n<meta property=\"og:url\" content=\"https:\/\/www.apen.es\/en\/computer-rental-2\/renting-computers-sant-cugat\/\" \/>\n<meta property=\"og:site_name\" content=\"Apen Inform\u00e1tica\" \/>\n<meta property=\"article:publisher\" content=\"https:\/\/www.facebook.com\/apensolucions\" \/>\n<meta property=\"article:modified_time\" content=\"2025-07-09T11:32:41+00:00\" \/>\n<meta property=\"og:image\" content=\"https:\/\/www.apen.es\/wp-content\/uploads\/2016\/05\/logo-apen-231x82-trasparent.png\" \/>\n\t<meta property=\"og:image:width\" content=\"231\" \/>\n\t<meta property=\"og:image:height\" content=\"82\" \/>\n\t<meta property=\"og:image:type\" content=\"image\/png\" \/>\n<meta name=\"twitter:card\" content=\"summary_large_image\" \/>\n<meta name=\"twitter:label1\" content=\"Est. reading time\" \/>\n\t<meta name=\"twitter:data1\" content=\"3 minutes\" \/>\n<script type=\"application\/ld+json\" class=\"yoast-schema-graph\">{\"@context\":\"https:\\\/\\\/schema.org\",\"@graph\":[{\"@type\":\"WebPage\",\"@id\":\"https:\\\/\\\/www.apen.es\\\/renting-ordenadores\\\/renting-ordenadores-sant-cugat\\\/\",\"url\":\"https:\\\/\\\/www.apen.es\\\/renting-ordenadores\\\/renting-ordenadores-sant-cugat\\\/\",\"name\":\"Renting ordenadores Sant Cugat - Apen Inform\u00e1tica\",\"isPartOf\":{\"@id\":\"https:\\\/\\\/www.apen.es\\\/#website\"},\"datePublished\":\"2017-03-29T10:33:04+00:00\",\"dateModified\":\"2025-07-09T11:32:41+00:00\",\"description\":\"Ofrecemos renting de ordenadores a empresas de Sant Cugat. Nuestra empresa ubicada en Barcelona ofrece un servicio integral a PYMES. Conf\u00eda en Apen.\",\"breadcrumb\":{\"@id\":\"https:\\\/\\\/www.apen.es\\\/renting-ordenadores\\\/renting-ordenadores-sant-cugat\\\/#breadcrumb\"},\"inLanguage\":\"en-US\",\"potentialAction\":[{\"@type\":\"ReadAction\",\"target\":[\"https:\\\/\\\/www.apen.es\\\/renting-ordenadores\\\/renting-ordenadores-sant-cugat\\\/\"]}]},{\"@type\":\"BreadcrumbList\",\"@id\":\"https:\\\/\\\/www.apen.es\\\/renting-ordenadores\\\/renting-ordenadores-sant-cugat\\\/#breadcrumb\",\"itemListElement\":[{\"@type\":\"ListItem\",\"position\":1,\"name\":\"Portada\",\"item\":\"https:\\\/\\\/www.apen.es\\\/\"},{\"@type\":\"ListItem\",\"position\":2,\"name\":\"Renting ordenadores\",\"item\":\"https:\\\/\\\/www.apen.es\\\/renting-ordenadores\\\/\"},{\"@type\":\"ListItem\",\"position\":3,\"name\":\"Renting ordenadores Sant Cugat\"}]},{\"@type\":\"WebSite\",\"@id\":\"https:\\\/\\\/www.apen.es\\\/#website\",\"url\":\"https:\\\/\\\/www.apen.es\\\/\",\"name\":\"Apen Inform\u00e1tica\",\"description\":\"Mantenimiento Inform\u00e1tico , Software de Gesti\u00f3n, Soluciones de impresi\u00f3n\",\"publisher\":{\"@id\":\"https:\\\/\\\/www.apen.es\\\/#organization\"},\"potentialAction\":[{\"@type\":\"SearchAction\",\"target\":{\"@type\":\"EntryPoint\",\"urlTemplate\":\"https:\\\/\\\/www.apen.es\\\/?s={search_term_string}\"},\"query-input\":{\"@type\":\"PropertyValueSpecification\",\"valueRequired\":true,\"valueName\":\"search_term_string\"}}],\"inLanguage\":\"en-US\"},{\"@type\":\"Organization\",\"@id\":\"https:\\\/\\\/www.apen.es\\\/#organization\",\"name\":\"Apen: Soluciones inform\u00e1ticas\",\"url\":\"https:\\\/\\\/www.apen.es\\\/\",\"logo\":{\"@type\":\"ImageObject\",\"inLanguage\":\"en-US\",\"@id\":\"https:\\\/\\\/www.apen.es\\\/#\\\/schema\\\/logo\\\/image\\\/\",\"url\":\"https:\\\/\\\/www.apen.es\\\/wp-content\\\/uploads\\\/2022\\\/08\\\/logo-apenok-231x82-1.png\",\"contentUrl\":\"https:\\\/\\\/www.apen.es\\\/wp-content\\\/uploads\\\/2022\\\/08\\\/logo-apenok-231x82-1.png\",\"width\":231,\"height\":82,\"caption\":\"Apen: Soluciones inform\u00e1ticas\"},\"image\":{\"@id\":\"https:\\\/\\\/www.apen.es\\\/#\\\/schema\\\/logo\\\/image\\\/\"},\"sameAs\":[\"https:\\\/\\\/www.facebook.com\\\/apensolucions\",\"https:\\\/\\\/www.youtube.com\\\/user\\\/ApenCentreInformatic\",\"https:\\\/\\\/www.linkedin.com\\\/company\\\/1021771?trk=tyah&trkInfo=clickedVerticalcompanyclickedEntityId1021771idx2-1-2tarId1464195271196tasapenin\"]}]}<\/script>\n<!-- \/ Yoast SEO plugin. -->","yoast_head_json":{"title":"Computer rental in Sant Cugat - Apen Inform\u00e1tica","description":"We offer computer rentals to businesses in Sant Cugat. Our Barcelona-based company provides comprehensive services to SMEs. Trust Apen.","robots":{"index":"index","follow":"follow","max-snippet":"max-snippet:-1","max-image-preview":"max-image-preview:large","max-video-preview":"max-video-preview:-1"},"canonical":"https:\/\/www.apen.es\/en\/computer-rental-2\/renting-computers-sant-cugat\/","og_locale":"en_US","og_type":"article","og_title":"Renting ordenadores Sant Cugat - Apen Inform\u00e1tica","og_description":"Ofrecemos renting de ordenadores a empresas de Sant Cugat. Nuestra empresa ubicada en Barcelona ofrece un servicio integral a PYMES. Conf\u00eda en Apen.","og_url":"https:\/\/www.apen.es\/en\/computer-rental-2\/renting-computers-sant-cugat\/","og_site_name":"Apen Inform\u00e1tica","article_publisher":"https:\/\/www.facebook.com\/apensolucions","article_modified_time":"2025-07-09T11:32:41+00:00","og_image":[{"width":231,"height":82,"url":"https:\/\/www.apen.es\/wp-content\/uploads\/2016\/05\/logo-apen-231x82-trasparent.png","type":"image\/png"}],"twitter_card":"summary_large_image","twitter_misc":{"Est. reading time":"3 minutes"},"schema":{"@context":"https:\/\/schema.org","@graph":[{"@type":"WebPage","@id":"https:\/\/www.apen.es\/renting-ordenadores\/renting-ordenadores-sant-cugat\/","url":"https:\/\/www.apen.es\/renting-ordenadores\/renting-ordenadores-sant-cugat\/","name":"Computer rental in Sant Cugat - Apen Inform\u00e1tica","isPartOf":{"@id":"https:\/\/www.apen.es\/#website"},"datePublished":"2017-03-29T10:33:04+00:00","dateModified":"2025-07-09T11:32:41+00:00","description":"We offer computer rentals to businesses in Sant Cugat. Our Barcelona-based company provides comprehensive services to SMEs. Trust Apen.","breadcrumb":{"@id":"https:\/\/www.apen.es\/renting-ordenadores\/renting-ordenadores-sant-cugat\/#breadcrumb"},"inLanguage":"en-US","potentialAction":[{"@type":"ReadAction","target":["https:\/\/www.apen.es\/renting-ordenadores\/renting-ordenadores-sant-cugat\/"]}]},{"@type":"BreadcrumbList","@id":"https:\/\/www.apen.es\/renting-ordenadores\/renting-ordenadores-sant-cugat\/#breadcrumb","itemListElement":[{"@type":"ListItem","position":1,"name":"Portada","item":"https:\/\/www.apen.es\/"},{"@type":"ListItem","position":2,"name":"Renting ordenadores","item":"https:\/\/www.apen.es\/renting-ordenadores\/"},{"@type":"ListItem","position":3,"name":"Renting ordenadores Sant Cugat"}]},{"@type":"WebSite","@id":"https:\/\/www.apen.es\/#website","url":"https:\/\/www.apen.es\/","name":"Apen Inform\u00e1tica","description":"IT Maintenance, Management Software, Printing Solutions","publisher":{"@id":"https:\/\/www.apen.es\/#organization"},"potentialAction":[{"@type":"SearchAction","target":{"@type":"EntryPoint","urlTemplate":"https:\/\/www.apen.es\/?s={search_term_string}"},"query-input":{"@type":"PropertyValueSpecification","valueRequired":true,"valueName":"search_term_string"}}],"inLanguage":"en-US"},{"@type":"Organization","@id":"https:\/\/www.apen.es\/#organization","name":"Apen: IT Solutions","url":"https:\/\/www.apen.es\/","logo":{"@type":"ImageObject","inLanguage":"en-US","@id":"https:\/\/www.apen.es\/#\/schema\/logo\/image\/","url":"https:\/\/www.apen.es\/wp-content\/uploads\/2022\/08\/logo-apenok-231x82-1.png","contentUrl":"https:\/\/www.apen.es\/wp-content\/uploads\/2022\/08\/logo-apenok-231x82-1.png","width":231,"height":82,"caption":"Apen: Soluciones inform\u00e1ticas"},"image":{"@id":"https:\/\/www.apen.es\/#\/schema\/logo\/image\/"},"sameAs":["https:\/\/www.facebook.com\/apensolucions","https:\/\/www.youtube.com\/user\/ApenCentreInformatic","https:\/\/www.linkedin.com\/company\/1021771?trk=tyah&trkInfo=clickedVerticalcompanyclickedEntityId1021771idx2-1-2tarId1464195271196tasapenin"]}]}},"taxonomy_info":[],"featured_image_src_large":false,"author_info":{"display_name":"marqueting","author_link":"https:\/\/www.apen.es\/en\/blog\/author\/marqueting\/"},"comment_info":0,"_links":{"self":[{"href":"https:\/\/www.apen.es\/en\/wp-json\/wp\/v2\/pages\/6267","targetHints":{"allow":["GET"]}}],"collection":[{"href":"https:\/\/www.apen.es\/en\/wp-json\/wp\/v2\/pages"}],"about":[{"href":"https:\/\/www.apen.es\/en\/wp-json\/wp\/v2\/types\/page"}],"author":[{"embeddable":true,"href":"https:\/\/www.apen.es\/en\/wp-json\/wp\/v2\/users\/4"}],"replies":[{"embeddable":true,"href":"https:\/\/www.apen.es\/en\/wp-json\/wp\/v2\/comments?post=6267"}],"version-history":[{"count":1,"href":"https:\/\/www.apen.es\/en\/wp-json\/wp\/v2\/pages\/6267\/revisions"}],"predecessor-version":[{"id":56016,"href":"https:\/\/www.apen.es\/en\/wp-json\/wp\/v2\/pages\/6267\/revisions\/56016"}],"up":[{"embeddable":true,"href":"https:\/\/www.apen.es\/en\/wp-json\/wp\/v2\/pages\/6256"}],"wp:attachment":[{"href":"https:\/\/www.apen.es\/en\/wp-json\/wp\/v2\/media?parent=6267"}],"curies":[{"name":"wp","href":"https:\/\/api.w.org\/{rel}","templated":true}]}}