{"id":6104,"date":"2017-03-07T17:15:37","date_gmt":"2017-03-07T17:15:37","guid":{"rendered":"https:\/\/www.apen.es\/?page_id=6104"},"modified":"2025-07-09T10:12:09","modified_gmt":"2025-07-09T10:12:09","slug":"it-company-in-sant-cugat","status":"publish","type":"page","link":"https:\/\/www.apen.es\/en\/empresa-de-informatica\/empresa-de-informatica-en-sant-cugat\/","title":{"rendered":"IT company in Sant Cugat"},"content":{"rendered":"<p><strong>Apen<\/strong> <strong>Barcelona<\/strong> It is a <strong>company<\/strong> <strong>computing<\/strong> specialist in the <strong>cybersecurity<\/strong> and the <strong>IT maintenance<\/strong>. We have over 25 years of experience in the sector and work with the best brands on the market.<\/p>\n\n\n\n<p>In the <strong>Apen Barcelona IT company<\/strong> We are committed to being a <strong>company<\/strong> We&#039;re multi-brand because we don&#039;t want to be tied to any one brand. We offer printing services fully adapted to the client&#039;s needs, always recommending the printer that best suits the company&#039;s actual requirements, without any brand affiliation.<\/p>\n\n\n\n<p>The <strong>Apen Barcelona IT company<\/strong> We offer IT consulting and expertise to individuals and, above all, to businesses, ensuring our clients enjoy top-quality service without a large upfront investment. On the contrary, in <strong>Apen<\/strong> <strong>IT company Barcelona<\/strong> We conduct an in-depth study to obtain the best solution for each client.<\/p>\n\n\n\n<p><strong>Global management software<\/strong><\/p>\n\n\n\n<p><strong>Apen IT company <\/strong>It encompasses the entire province of <strong>Barcelona<\/strong> And it can provide you with great IT solutions such as a3ERP, a comprehensive management software that encompasses each and every department of the company, to achieve a global and secure management and monitoring system that generates greater agility and productivity in SMEs.<\/p>\n\n\n\n<p>In <strong>Apen<\/strong> <strong>IT company<\/strong> <strong>Barcelona<\/strong> We specialize in the implementation and maintenance of computer equipment, providing solutions for business management, with the firm intention of improving the competitive capacity of our clients.<\/p>\n\n\n\n<p>In <strong>Apen IT company<\/strong> <strong>Barcelona<\/strong> We advise our clients at any time and without obligation, providing an effective solution that meets current market demands and is tailored to the real needs of each client. <strong>company<\/strong>. For <strong>Apen, a computer company in Barcelona.<\/strong> The quality of our services is an essential element for achieving good results. <strong>Apen IT company<\/strong> <strong>Barcelona<\/strong> We offer a professional service, marked by dedication, vocation and passion, which promote the &quot;yes&quot; of our work and identify the philosophy of our organization.<\/p>\n\n\n\n<h3 class=\"wp-block-heading\"><strong>Our services<\/strong><\/h3>\n\n\n\n<p>In <strong>Apen IT company<\/strong> <strong>Barcelona<\/strong> You can find different types of services related to IT maintenance and security. Our services include: IT maintenance, systems and cloud solutions, a3ERP management software, and printing solutions\u2014a comprehensive IT service that will ensure your company&#039;s computer equipment is in perfect working order.<\/p>\n\n\n\n<p><strong>Apen<\/strong> <strong>Barcelona<\/strong> It is a <strong>IT company<\/strong> specialized in the implementation and maintenance of computer equipment<strong>.<\/strong> We contribute <strong>solutions for business management<\/strong>, with the aim of improving the competitive capacity of our clients<\/p>\n\n\n\n<p>In <strong>Apen<\/strong> <strong>IT company Barcelona<\/strong> We work with highly qualified experts and are committed to innovation and experience in the IT sector. We work every day to prepare comprehensive, customized projects for each of our clients, with the goal of providing them with the best IT solutions.<\/p>\n\n\n\n<p>In <strong>Apen, a computer company in Barcelona.<\/strong> We want our clients to feel well taken care of and be able to solve their business problems, with regard to IT security, IT maintenance, business management, IT solutions, etc.<\/p>","protected":false},"excerpt":{"rendered":"<p>Apen Barcelona es una empresa inform\u00e1tica especialista en la seguridad inform\u00e1tica y el mantenimiento inform\u00e1tico. Contamos con m\u00e1s de 25 a\u00f1os de experiencia en el sector y trabajamos con las mejores marcas del mercado. En la empresa inform\u00e1tica Apen Barcelona apostamos por ser una empresa multimarca, porque no queremos casarnos con nadie. Ofrecemos unos servicios&#8230;<\/p>","protected":false},"author":4,"featured_media":0,"parent":6098,"menu_order":0,"comment_status":"closed","ping_status":"closed","template":"page-servicio-informatico-2.php","meta":{"_acf_changed":false,"_kad_blocks_custom_css":"","_kad_blocks_head_custom_js":"","_kad_blocks_body_custom_js":"","_kad_blocks_footer_custom_js":"","_kad_post_transparent":"","_kad_post_title":"","_kad_post_layout":"","_kad_post_sidebar_id":"","_kad_post_content_style":"","_kad_post_vertical_padding":"","_kad_post_feature":"","_kad_post_feature_position":"","_kad_post_header":false,"_kad_post_footer":false,"_kad_post_classname":"","footnotes":""},"class_list":["post-6104","page","type-page","status-publish","hentry"],"acf":[],"yoast_head":"<!-- This site is optimized with the Yoast SEO plugin v27.4 - https:\/\/yoast.com\/product\/yoast-seo-wordpress\/ -->\n<title>Empresa de inform\u00e1tica en Sant Cugat - Apen Inform\u00e1tica<\/title>\n<meta name=\"description\" content=\"Apen Barcelona es una empresa inform\u00e1tica especialista en la seguridad inform\u00e1tica y el mantenimiento inform\u00e1tico. Contamos con m\u00e1s de 25 a\u00f1os de\" \/>\n<meta name=\"robots\" content=\"index, follow, max-snippet:-1, max-image-preview:large, max-video-preview:-1\" \/>\n<link rel=\"canonical\" href=\"https:\/\/www.apen.es\/en\/it-company-2\/it-company-in-sant-cugat\/\" \/>\n<meta property=\"og:locale\" content=\"en_US\" \/>\n<meta property=\"og:type\" content=\"article\" \/>\n<meta property=\"og:title\" content=\"Empresa de inform\u00e1tica en Sant Cugat - Apen Inform\u00e1tica\" \/>\n<meta property=\"og:description\" content=\"Apen Barcelona es una empresa inform\u00e1tica especialista en la seguridad inform\u00e1tica y el mantenimiento inform\u00e1tico. Contamos con m\u00e1s de 25 a\u00f1os de\" \/>\n<meta property=\"og:url\" content=\"https:\/\/www.apen.es\/en\/it-company-2\/it-company-in-sant-cugat\/\" \/>\n<meta property=\"og:site_name\" content=\"Apen Inform\u00e1tica\" \/>\n<meta property=\"article:publisher\" content=\"https:\/\/www.facebook.com\/apensolucions\" \/>\n<meta property=\"article:modified_time\" content=\"2025-07-09T10:12:09+00:00\" \/>\n<meta property=\"og:image\" content=\"https:\/\/www.apen.es\/wp-content\/uploads\/2016\/05\/logo-apen-231x82-trasparent.png\" \/>\n\t<meta property=\"og:image:width\" content=\"231\" \/>\n\t<meta property=\"og:image:height\" content=\"82\" \/>\n\t<meta property=\"og:image:type\" content=\"image\/png\" \/>\n<meta name=\"twitter:card\" content=\"summary_large_image\" \/>\n<meta name=\"twitter:label1\" content=\"Est. reading time\" \/>\n\t<meta name=\"twitter:data1\" content=\"3 minutes\" \/>\n<script type=\"application\/ld+json\" class=\"yoast-schema-graph\">{\"@context\":\"https:\\\/\\\/schema.org\",\"@graph\":[{\"@type\":\"WebPage\",\"@id\":\"https:\\\/\\\/www.apen.es\\\/empresa-de-informatica\\\/empresa-de-informatica-en-sant-cugat\\\/\",\"url\":\"https:\\\/\\\/www.apen.es\\\/empresa-de-informatica\\\/empresa-de-informatica-en-sant-cugat\\\/\",\"name\":\"Empresa de inform\u00e1tica en Sant Cugat - Apen Inform\u00e1tica\",\"isPartOf\":{\"@id\":\"https:\\\/\\\/www.apen.es\\\/#website\"},\"datePublished\":\"2017-03-07T17:15:37+00:00\",\"dateModified\":\"2025-07-09T10:12:09+00:00\",\"description\":\"Apen Barcelona es una empresa inform\u00e1tica especialista en la seguridad inform\u00e1tica y el mantenimiento inform\u00e1tico. Contamos con m\u00e1s de 25 a\u00f1os de\",\"breadcrumb\":{\"@id\":\"https:\\\/\\\/www.apen.es\\\/empresa-de-informatica\\\/empresa-de-informatica-en-sant-cugat\\\/#breadcrumb\"},\"inLanguage\":\"en-US\",\"potentialAction\":[{\"@type\":\"ReadAction\",\"target\":[\"https:\\\/\\\/www.apen.es\\\/empresa-de-informatica\\\/empresa-de-informatica-en-sant-cugat\\\/\"]}]},{\"@type\":\"BreadcrumbList\",\"@id\":\"https:\\\/\\\/www.apen.es\\\/empresa-de-informatica\\\/empresa-de-informatica-en-sant-cugat\\\/#breadcrumb\",\"itemListElement\":[{\"@type\":\"ListItem\",\"position\":1,\"name\":\"Portada\",\"item\":\"https:\\\/\\\/www.apen.es\\\/\"},{\"@type\":\"ListItem\",\"position\":2,\"name\":\"Empresa de inform\u00e1tica\",\"item\":\"https:\\\/\\\/www.apen.es\\\/empresa-de-informatica\\\/\"},{\"@type\":\"ListItem\",\"position\":3,\"name\":\"Empresa de inform\u00e1tica en Sant Cugat\"}]},{\"@type\":\"WebSite\",\"@id\":\"https:\\\/\\\/www.apen.es\\\/#website\",\"url\":\"https:\\\/\\\/www.apen.es\\\/\",\"name\":\"Apen Inform\u00e1tica\",\"description\":\"Mantenimiento Inform\u00e1tico , Software de Gesti\u00f3n, Soluciones de impresi\u00f3n\",\"publisher\":{\"@id\":\"https:\\\/\\\/www.apen.es\\\/#organization\"},\"potentialAction\":[{\"@type\":\"SearchAction\",\"target\":{\"@type\":\"EntryPoint\",\"urlTemplate\":\"https:\\\/\\\/www.apen.es\\\/?s={search_term_string}\"},\"query-input\":{\"@type\":\"PropertyValueSpecification\",\"valueRequired\":true,\"valueName\":\"search_term_string\"}}],\"inLanguage\":\"en-US\"},{\"@type\":\"Organization\",\"@id\":\"https:\\\/\\\/www.apen.es\\\/#organization\",\"name\":\"Apen: Soluciones inform\u00e1ticas\",\"url\":\"https:\\\/\\\/www.apen.es\\\/\",\"logo\":{\"@type\":\"ImageObject\",\"inLanguage\":\"en-US\",\"@id\":\"https:\\\/\\\/www.apen.es\\\/#\\\/schema\\\/logo\\\/image\\\/\",\"url\":\"https:\\\/\\\/www.apen.es\\\/wp-content\\\/uploads\\\/2022\\\/08\\\/logo-apenok-231x82-1.png\",\"contentUrl\":\"https:\\\/\\\/www.apen.es\\\/wp-content\\\/uploads\\\/2022\\\/08\\\/logo-apenok-231x82-1.png\",\"width\":231,\"height\":82,\"caption\":\"Apen: Soluciones inform\u00e1ticas\"},\"image\":{\"@id\":\"https:\\\/\\\/www.apen.es\\\/#\\\/schema\\\/logo\\\/image\\\/\"},\"sameAs\":[\"https:\\\/\\\/www.facebook.com\\\/apensolucions\",\"https:\\\/\\\/www.youtube.com\\\/user\\\/ApenCentreInformatic\",\"https:\\\/\\\/www.linkedin.com\\\/company\\\/1021771?trk=tyah&trkInfo=clickedVerticalcompanyclickedEntityId1021771idx2-1-2tarId1464195271196tasapenin\"]}]}<\/script>\n<!-- \/ Yoast SEO plugin. -->","yoast_head_json":{"title":"IT company in Sant Cugat - Apen Inform\u00e1tica","description":"Apen Barcelona is an IT company specializing in cybersecurity and IT maintenance. We have over 25 years of experience.","robots":{"index":"index","follow":"follow","max-snippet":"max-snippet:-1","max-image-preview":"max-image-preview:large","max-video-preview":"max-video-preview:-1"},"canonical":"https:\/\/www.apen.es\/en\/it-company-2\/it-company-in-sant-cugat\/","og_locale":"en_US","og_type":"article","og_title":"Empresa de inform\u00e1tica en Sant Cugat - Apen Inform\u00e1tica","og_description":"Apen Barcelona es una empresa inform\u00e1tica especialista en la seguridad inform\u00e1tica y el mantenimiento inform\u00e1tico. Contamos con m\u00e1s de 25 a\u00f1os de","og_url":"https:\/\/www.apen.es\/en\/it-company-2\/it-company-in-sant-cugat\/","og_site_name":"Apen Inform\u00e1tica","article_publisher":"https:\/\/www.facebook.com\/apensolucions","article_modified_time":"2025-07-09T10:12:09+00:00","og_image":[{"width":231,"height":82,"url":"https:\/\/www.apen.es\/wp-content\/uploads\/2016\/05\/logo-apen-231x82-trasparent.png","type":"image\/png"}],"twitter_card":"summary_large_image","twitter_misc":{"Est. reading time":"3 minutes"},"schema":{"@context":"https:\/\/schema.org","@graph":[{"@type":"WebPage","@id":"https:\/\/www.apen.es\/empresa-de-informatica\/empresa-de-informatica-en-sant-cugat\/","url":"https:\/\/www.apen.es\/empresa-de-informatica\/empresa-de-informatica-en-sant-cugat\/","name":"IT company in Sant Cugat - Apen Inform\u00e1tica","isPartOf":{"@id":"https:\/\/www.apen.es\/#website"},"datePublished":"2017-03-07T17:15:37+00:00","dateModified":"2025-07-09T10:12:09+00:00","description":"Apen Barcelona is an IT company specializing in cybersecurity and IT maintenance. We have over 25 years of experience.","breadcrumb":{"@id":"https:\/\/www.apen.es\/empresa-de-informatica\/empresa-de-informatica-en-sant-cugat\/#breadcrumb"},"inLanguage":"en-US","potentialAction":[{"@type":"ReadAction","target":["https:\/\/www.apen.es\/empresa-de-informatica\/empresa-de-informatica-en-sant-cugat\/"]}]},{"@type":"BreadcrumbList","@id":"https:\/\/www.apen.es\/empresa-de-informatica\/empresa-de-informatica-en-sant-cugat\/#breadcrumb","itemListElement":[{"@type":"ListItem","position":1,"name":"Portada","item":"https:\/\/www.apen.es\/"},{"@type":"ListItem","position":2,"name":"Empresa de inform\u00e1tica","item":"https:\/\/www.apen.es\/empresa-de-informatica\/"},{"@type":"ListItem","position":3,"name":"Empresa de inform\u00e1tica en Sant Cugat"}]},{"@type":"WebSite","@id":"https:\/\/www.apen.es\/#website","url":"https:\/\/www.apen.es\/","name":"Apen Inform\u00e1tica","description":"IT Maintenance, Management Software, Printing Solutions","publisher":{"@id":"https:\/\/www.apen.es\/#organization"},"potentialAction":[{"@type":"SearchAction","target":{"@type":"EntryPoint","urlTemplate":"https:\/\/www.apen.es\/?s={search_term_string}"},"query-input":{"@type":"PropertyValueSpecification","valueRequired":true,"valueName":"search_term_string"}}],"inLanguage":"en-US"},{"@type":"Organization","@id":"https:\/\/www.apen.es\/#organization","name":"Apen: IT Solutions","url":"https:\/\/www.apen.es\/","logo":{"@type":"ImageObject","inLanguage":"en-US","@id":"https:\/\/www.apen.es\/#\/schema\/logo\/image\/","url":"https:\/\/www.apen.es\/wp-content\/uploads\/2022\/08\/logo-apenok-231x82-1.png","contentUrl":"https:\/\/www.apen.es\/wp-content\/uploads\/2022\/08\/logo-apenok-231x82-1.png","width":231,"height":82,"caption":"Apen: Soluciones inform\u00e1ticas"},"image":{"@id":"https:\/\/www.apen.es\/#\/schema\/logo\/image\/"},"sameAs":["https:\/\/www.facebook.com\/apensolucions","https:\/\/www.youtube.com\/user\/ApenCentreInformatic","https:\/\/www.linkedin.com\/company\/1021771?trk=tyah&trkInfo=clickedVerticalcompanyclickedEntityId1021771idx2-1-2tarId1464195271196tasapenin"]}]}},"taxonomy_info":[],"featured_image_src_large":false,"author_info":{"display_name":"marqueting","author_link":"https:\/\/www.apen.es\/en\/blog\/author\/marqueting\/"},"comment_info":0,"_links":{"self":[{"href":"https:\/\/www.apen.es\/en\/wp-json\/wp\/v2\/pages\/6104","targetHints":{"allow":["GET"]}}],"collection":[{"href":"https:\/\/www.apen.es\/en\/wp-json\/wp\/v2\/pages"}],"about":[{"href":"https:\/\/www.apen.es\/en\/wp-json\/wp\/v2\/types\/page"}],"author":[{"embeddable":true,"href":"https:\/\/www.apen.es\/en\/wp-json\/wp\/v2\/users\/4"}],"replies":[{"embeddable":true,"href":"https:\/\/www.apen.es\/en\/wp-json\/wp\/v2\/comments?post=6104"}],"version-history":[{"count":1,"href":"https:\/\/www.apen.es\/en\/wp-json\/wp\/v2\/pages\/6104\/revisions"}],"predecessor-version":[{"id":55976,"href":"https:\/\/www.apen.es\/en\/wp-json\/wp\/v2\/pages\/6104\/revisions\/55976"}],"up":[{"embeddable":true,"href":"https:\/\/www.apen.es\/en\/wp-json\/wp\/v2\/pages\/6098"}],"wp:attachment":[{"href":"https:\/\/www.apen.es\/en\/wp-json\/wp\/v2\/media?parent=6104"}],"curies":[{"name":"wp","href":"https:\/\/api.w.org\/{rel}","templated":true}]}}