{"id":6102,"date":"2017-03-07T17:13:14","date_gmt":"2017-03-07T17:13:14","guid":{"rendered":"https:\/\/www.apen.es\/?page_id=6102"},"modified":"2025-07-09T10:11:29","modified_gmt":"2025-07-09T10:11:29","slug":"empresa-de-informatica-en-sabadell","status":"publish","type":"page","link":"https:\/\/www.apen.es\/en\/empresa-de-informatica\/empresa-de-informatica-en-sabadell\/","title":{"rendered":"IT company in Sabadell"},"content":{"rendered":"<p>In <strong>Apen Sabadell<\/strong> we are a <strong>IT company<\/strong> With 25 years of experience in the sector, we want you to know all the services we can offer you and your company.<\/p>\n\n\n\n<p>In <strong>Apen Sabadell<\/strong> You can count on a service of <strong>IT maintenance<\/strong>, Highly professional for your company. If you have any problems or questions, you can contact our technicians. <strong>IT company<\/strong> <strong>Apen Sabadell<\/strong>, even by remote control in case an immediate response is needed.<\/p>\n\n\n\n<p>The <strong>cybersecurity<\/strong> It&#039;s another of our specialties. In <strong>Apen Sabadell<\/strong> We keep viruses and threats that aim to attack at bay. <strong>computer equipment<\/strong> of your company.<\/p>\n\n\n\n<p>In <strong>Apen Sabadell<\/strong> We are committed to being a <strong>company<\/strong> <strong>computing<\/strong> <strong>multi-brand<\/strong>, Because we don&#039;t want to marry anyone. <strong>Apen Sabadell<\/strong> we offer some <strong>printing services<\/strong> fully adapted to the client&#039;s needs, in which we always recommend the printer that best suits the real needs of the company, without taking into account any type of commitment to the brand.<\/p>\n\n\n\n<p><strong>Apen Sabadell <\/strong>It is a<strong> IT company <\/strong>which covers the entire province of <strong>Barcelona<\/strong> and it can provide you with great IT solutions such as <strong>a3ERP<\/strong>, a comprehensive management software, encompassing each and every department of the company, to achieve a global and secure management and monitoring system, generating greater agility and productivity in SMEs.<\/p>\n\n\n\n<p>From the <strong>Apen Sabadell IT company <\/strong>We offer advice and <strong>computer specialization<\/strong> at a personal level and especially at a business level, to ensure that the customer enjoys a <strong>IT service<\/strong> top quality, without having to make a large investment. On the contrary, in <strong>Apen<\/strong> <strong>Sabadell<\/strong> we are a<strong> IT company <\/strong>We conduct an in-depth study to obtain the best solution for each client.<\/p>","protected":false},"excerpt":{"rendered":"<p>En Apen Sabadell somos una empresa inform\u00e1tica con 25 a\u00f1os de experiencia en el sector y queremos que conozcas todos los servicios que podemos ofrecerte a ti y a tu empresa. En Apen Sabadell puedes contar con un servicio de mantenimiento inform\u00e1tico, muy profesional, para tu empresa. Si tienes cualquier problema o duda puedes contactar&#8230;<\/p>","protected":false},"author":4,"featured_media":0,"parent":6098,"menu_order":0,"comment_status":"closed","ping_status":"closed","template":"page-servicio-informatico-2.php","meta":{"_acf_changed":false,"_kad_blocks_custom_css":"","_kad_blocks_head_custom_js":"","_kad_blocks_body_custom_js":"","_kad_blocks_footer_custom_js":"","_kad_post_transparent":"","_kad_post_title":"","_kad_post_layout":"","_kad_post_sidebar_id":"","_kad_post_content_style":"","_kad_post_vertical_padding":"","_kad_post_feature":"","_kad_post_feature_position":"","_kad_post_header":false,"_kad_post_footer":false,"_kad_post_classname":"","footnotes":""},"class_list":["post-6102","page","type-page","status-publish","hentry"],"acf":[],"yoast_head":"<!-- This site is optimized with the Yoast SEO plugin v27.4 - https:\/\/yoast.com\/product\/yoast-seo-wordpress\/ -->\n<title>Empresa de inform\u00e1tica en Sabadell - Apen Inform\u00e1tica<\/title>\n<meta name=\"description\" content=\"En Apen Sabadell somos una empresa inform\u00e1tica con 25 a\u00f1os de experiencia en el sector y queremos que conozcas todos los servicios que podemos ofrecerte a\" \/>\n<meta name=\"robots\" content=\"index, follow, max-snippet:-1, max-image-preview:large, max-video-preview:-1\" \/>\n<link rel=\"canonical\" href=\"https:\/\/www.apen.es\/en\/empresa-de-informatica\/empresa-de-informatica-en-sabadell\/\" \/>\n<meta property=\"og:locale\" content=\"en_US\" \/>\n<meta property=\"og:type\" content=\"article\" \/>\n<meta property=\"og:title\" content=\"Empresa de inform\u00e1tica en Sabadell - Apen Inform\u00e1tica\" \/>\n<meta property=\"og:description\" content=\"En Apen Sabadell somos una empresa inform\u00e1tica con 25 a\u00f1os de experiencia en el sector y queremos que conozcas todos los servicios que podemos ofrecerte a\" \/>\n<meta property=\"og:url\" content=\"https:\/\/www.apen.es\/en\/empresa-de-informatica\/empresa-de-informatica-en-sabadell\/\" \/>\n<meta property=\"og:site_name\" content=\"Apen Inform\u00e1tica\" \/>\n<meta property=\"article:publisher\" content=\"https:\/\/www.facebook.com\/apensolucions\" \/>\n<meta property=\"article:modified_time\" content=\"2025-07-09T10:11:29+00:00\" \/>\n<meta property=\"og:image\" content=\"https:\/\/www.apen.es\/wp-content\/uploads\/2016\/05\/logo-apen-231x82-trasparent.png\" \/>\n\t<meta property=\"og:image:width\" content=\"231\" \/>\n\t<meta property=\"og:image:height\" content=\"82\" \/>\n\t<meta property=\"og:image:type\" content=\"image\/png\" \/>\n<meta name=\"twitter:card\" content=\"summary_large_image\" \/>\n<meta name=\"twitter:label1\" content=\"Est. reading time\" \/>\n\t<meta name=\"twitter:data1\" content=\"2 minutes\" \/>\n<script type=\"application\/ld+json\" class=\"yoast-schema-graph\">{\"@context\":\"https:\\\/\\\/schema.org\",\"@graph\":[{\"@type\":\"WebPage\",\"@id\":\"https:\\\/\\\/www.apen.es\\\/empresa-de-informatica\\\/empresa-de-informatica-en-sabadell\\\/\",\"url\":\"https:\\\/\\\/www.apen.es\\\/empresa-de-informatica\\\/empresa-de-informatica-en-sabadell\\\/\",\"name\":\"Empresa de inform\u00e1tica en Sabadell - Apen Inform\u00e1tica\",\"isPartOf\":{\"@id\":\"https:\\\/\\\/www.apen.es\\\/#website\"},\"datePublished\":\"2017-03-07T17:13:14+00:00\",\"dateModified\":\"2025-07-09T10:11:29+00:00\",\"description\":\"En Apen Sabadell somos una empresa inform\u00e1tica con 25 a\u00f1os de experiencia en el sector y queremos que conozcas todos los servicios que podemos ofrecerte a\",\"breadcrumb\":{\"@id\":\"https:\\\/\\\/www.apen.es\\\/empresa-de-informatica\\\/empresa-de-informatica-en-sabadell\\\/#breadcrumb\"},\"inLanguage\":\"en-US\",\"potentialAction\":[{\"@type\":\"ReadAction\",\"target\":[\"https:\\\/\\\/www.apen.es\\\/empresa-de-informatica\\\/empresa-de-informatica-en-sabadell\\\/\"]}]},{\"@type\":\"BreadcrumbList\",\"@id\":\"https:\\\/\\\/www.apen.es\\\/empresa-de-informatica\\\/empresa-de-informatica-en-sabadell\\\/#breadcrumb\",\"itemListElement\":[{\"@type\":\"ListItem\",\"position\":1,\"name\":\"Portada\",\"item\":\"https:\\\/\\\/www.apen.es\\\/\"},{\"@type\":\"ListItem\",\"position\":2,\"name\":\"Empresa de inform\u00e1tica\",\"item\":\"https:\\\/\\\/www.apen.es\\\/empresa-de-informatica\\\/\"},{\"@type\":\"ListItem\",\"position\":3,\"name\":\"Empresa de inform\u00e1tica en Sabadell\"}]},{\"@type\":\"WebSite\",\"@id\":\"https:\\\/\\\/www.apen.es\\\/#website\",\"url\":\"https:\\\/\\\/www.apen.es\\\/\",\"name\":\"Apen Inform\u00e1tica\",\"description\":\"Mantenimiento Inform\u00e1tico , Software de Gesti\u00f3n, Soluciones de impresi\u00f3n\",\"publisher\":{\"@id\":\"https:\\\/\\\/www.apen.es\\\/#organization\"},\"potentialAction\":[{\"@type\":\"SearchAction\",\"target\":{\"@type\":\"EntryPoint\",\"urlTemplate\":\"https:\\\/\\\/www.apen.es\\\/?s={search_term_string}\"},\"query-input\":{\"@type\":\"PropertyValueSpecification\",\"valueRequired\":true,\"valueName\":\"search_term_string\"}}],\"inLanguage\":\"en-US\"},{\"@type\":\"Organization\",\"@id\":\"https:\\\/\\\/www.apen.es\\\/#organization\",\"name\":\"Apen: Soluciones inform\u00e1ticas\",\"url\":\"https:\\\/\\\/www.apen.es\\\/\",\"logo\":{\"@type\":\"ImageObject\",\"inLanguage\":\"en-US\",\"@id\":\"https:\\\/\\\/www.apen.es\\\/#\\\/schema\\\/logo\\\/image\\\/\",\"url\":\"https:\\\/\\\/www.apen.es\\\/wp-content\\\/uploads\\\/2022\\\/08\\\/logo-apenok-231x82-1.png\",\"contentUrl\":\"https:\\\/\\\/www.apen.es\\\/wp-content\\\/uploads\\\/2022\\\/08\\\/logo-apenok-231x82-1.png\",\"width\":231,\"height\":82,\"caption\":\"Apen: Soluciones inform\u00e1ticas\"},\"image\":{\"@id\":\"https:\\\/\\\/www.apen.es\\\/#\\\/schema\\\/logo\\\/image\\\/\"},\"sameAs\":[\"https:\\\/\\\/www.facebook.com\\\/apensolucions\",\"https:\\\/\\\/www.youtube.com\\\/user\\\/ApenCentreInformatic\",\"https:\\\/\\\/www.linkedin.com\\\/company\\\/1021771?trk=tyah&trkInfo=clickedVerticalcompanyclickedEntityId1021771idx2-1-2tarId1464195271196tasapenin\"]}]}<\/script>\n<!-- \/ Yoast SEO plugin. -->","yoast_head_json":{"title":"Empresa de inform\u00e1tica en Sabadell - Apen Inform\u00e1tica","description":"En Apen Sabadell somos una empresa inform\u00e1tica con 25 a\u00f1os de experiencia en el sector y queremos que conozcas todos los servicios que podemos ofrecerte a","robots":{"index":"index","follow":"follow","max-snippet":"max-snippet:-1","max-image-preview":"max-image-preview:large","max-video-preview":"max-video-preview:-1"},"canonical":"https:\/\/www.apen.es\/en\/empresa-de-informatica\/empresa-de-informatica-en-sabadell\/","og_locale":"en_US","og_type":"article","og_title":"Empresa de inform\u00e1tica en Sabadell - Apen Inform\u00e1tica","og_description":"En Apen Sabadell somos una empresa inform\u00e1tica con 25 a\u00f1os de experiencia en el sector y queremos que conozcas todos los servicios que podemos ofrecerte a","og_url":"https:\/\/www.apen.es\/en\/empresa-de-informatica\/empresa-de-informatica-en-sabadell\/","og_site_name":"Apen Inform\u00e1tica","article_publisher":"https:\/\/www.facebook.com\/apensolucions","article_modified_time":"2025-07-09T10:11:29+00:00","og_image":[{"width":231,"height":82,"url":"https:\/\/www.apen.es\/wp-content\/uploads\/2016\/05\/logo-apen-231x82-trasparent.png","type":"image\/png"}],"twitter_card":"summary_large_image","twitter_misc":{"Est. reading time":"2 minutes"},"schema":{"@context":"https:\/\/schema.org","@graph":[{"@type":"WebPage","@id":"https:\/\/www.apen.es\/empresa-de-informatica\/empresa-de-informatica-en-sabadell\/","url":"https:\/\/www.apen.es\/empresa-de-informatica\/empresa-de-informatica-en-sabadell\/","name":"Empresa de inform\u00e1tica en Sabadell - Apen Inform\u00e1tica","isPartOf":{"@id":"https:\/\/www.apen.es\/#website"},"datePublished":"2017-03-07T17:13:14+00:00","dateModified":"2025-07-09T10:11:29+00:00","description":"En Apen Sabadell somos una empresa inform\u00e1tica con 25 a\u00f1os de experiencia en el sector y queremos que conozcas todos los servicios que podemos ofrecerte a","breadcrumb":{"@id":"https:\/\/www.apen.es\/empresa-de-informatica\/empresa-de-informatica-en-sabadell\/#breadcrumb"},"inLanguage":"en-US","potentialAction":[{"@type":"ReadAction","target":["https:\/\/www.apen.es\/empresa-de-informatica\/empresa-de-informatica-en-sabadell\/"]}]},{"@type":"BreadcrumbList","@id":"https:\/\/www.apen.es\/empresa-de-informatica\/empresa-de-informatica-en-sabadell\/#breadcrumb","itemListElement":[{"@type":"ListItem","position":1,"name":"Portada","item":"https:\/\/www.apen.es\/"},{"@type":"ListItem","position":2,"name":"Empresa de inform\u00e1tica","item":"https:\/\/www.apen.es\/empresa-de-informatica\/"},{"@type":"ListItem","position":3,"name":"Empresa de inform\u00e1tica en Sabadell"}]},{"@type":"WebSite","@id":"https:\/\/www.apen.es\/#website","url":"https:\/\/www.apen.es\/","name":"Apen Inform\u00e1tica","description":"IT Maintenance, Management Software, Printing Solutions","publisher":{"@id":"https:\/\/www.apen.es\/#organization"},"potentialAction":[{"@type":"SearchAction","target":{"@type":"EntryPoint","urlTemplate":"https:\/\/www.apen.es\/?s={search_term_string}"},"query-input":{"@type":"PropertyValueSpecification","valueRequired":true,"valueName":"search_term_string"}}],"inLanguage":"en-US"},{"@type":"Organization","@id":"https:\/\/www.apen.es\/#organization","name":"Apen: IT Solutions","url":"https:\/\/www.apen.es\/","logo":{"@type":"ImageObject","inLanguage":"en-US","@id":"https:\/\/www.apen.es\/#\/schema\/logo\/image\/","url":"https:\/\/www.apen.es\/wp-content\/uploads\/2022\/08\/logo-apenok-231x82-1.png","contentUrl":"https:\/\/www.apen.es\/wp-content\/uploads\/2022\/08\/logo-apenok-231x82-1.png","width":231,"height":82,"caption":"Apen: Soluciones inform\u00e1ticas"},"image":{"@id":"https:\/\/www.apen.es\/#\/schema\/logo\/image\/"},"sameAs":["https:\/\/www.facebook.com\/apensolucions","https:\/\/www.youtube.com\/user\/ApenCentreInformatic","https:\/\/www.linkedin.com\/company\/1021771?trk=tyah&trkInfo=clickedVerticalcompanyclickedEntityId1021771idx2-1-2tarId1464195271196tasapenin"]}]}},"taxonomy_info":[],"featured_image_src_large":false,"author_info":{"display_name":"marqueting","author_link":"https:\/\/www.apen.es\/en\/blog\/author\/marqueting\/"},"comment_info":0,"_links":{"self":[{"href":"https:\/\/www.apen.es\/en\/wp-json\/wp\/v2\/pages\/6102","targetHints":{"allow":["GET"]}}],"collection":[{"href":"https:\/\/www.apen.es\/en\/wp-json\/wp\/v2\/pages"}],"about":[{"href":"https:\/\/www.apen.es\/en\/wp-json\/wp\/v2\/types\/page"}],"author":[{"embeddable":true,"href":"https:\/\/www.apen.es\/en\/wp-json\/wp\/v2\/users\/4"}],"replies":[{"embeddable":true,"href":"https:\/\/www.apen.es\/en\/wp-json\/wp\/v2\/comments?post=6102"}],"version-history":[{"count":1,"href":"https:\/\/www.apen.es\/en\/wp-json\/wp\/v2\/pages\/6102\/revisions"}],"predecessor-version":[{"id":55974,"href":"https:\/\/www.apen.es\/en\/wp-json\/wp\/v2\/pages\/6102\/revisions\/55974"}],"up":[{"embeddable":true,"href":"https:\/\/www.apen.es\/en\/wp-json\/wp\/v2\/pages\/6098"}],"wp:attachment":[{"href":"https:\/\/www.apen.es\/en\/wp-json\/wp\/v2\/media?parent=6102"}],"curies":[{"name":"wp","href":"https:\/\/api.w.org\/{rel}","templated":true}]}}