{"id":6098,"date":"2017-03-07T17:08:27","date_gmt":"2017-03-07T17:08:27","guid":{"rendered":"https:\/\/www.apen.es\/?page_id=6098"},"modified":"2025-06-06T06:56:40","modified_gmt":"2025-06-06T06:56:40","slug":"empresa-de-informatica","status":"publish","type":"page","link":"https:\/\/www.apen.es\/en\/empresa-de-informatica\/","title":{"rendered":"Computer company"},"content":{"rendered":"<p><strong>More than 30 years of experience in the sector, providing tailored and personalized solutions to meet all the needs of our clients.<\/strong><\/p>\n\n\n\n<p><strong>Apen<\/strong> Apen is an IT company with over 30 years of experience in the sector. At Apen, we specialize in the implementation and maintenance of IT equipment, providing business management solutions with the firm purpose of improving our clients&#039; competitiveness. Whether it&#039;s a small business or a large corporation, we take the time to understand your needs in order to offer customized solutions tailored to both your current situation and your future plans.<\/p>\n\n\n\n<p>At Apen, we advise our clients at any time and without obligation, providing effective solutions tailored to market demands and the specific needs of each company. The quality of our services is a fundamental pillar for achieving optimal results. We offer a professional service characterized by dedication, commitment, and passion\u2014qualities that reflect our work philosophy. Our clients&#039; satisfaction is our primary objective. Therefore, we strive to thoroughly understand their projects to meet their requirements and exceed their expectations.<\/p>\n\n\n\n<h3 class=\"wp-block-heading\">Our services<\/h3>\n\n\n\n<p>At Apen, you can find a wide range of services related to IT maintenance and security. Our main services include:<\/p>\n\n\n\n<ul class=\"wp-block-list\">\n<li>IT maintenance<\/li>\n\n\n\n<li>Systems and Cloud Solutions<\/li>\n\n\n\n<li>A3ERP management software<\/li>\n\n\n\n<li>Printing solutions<\/li>\n<\/ul>\n\n\n\n<p>We offer a comprehensive IT service that will allow you to keep your company&#039;s equipment in perfect condition.<\/p>\n\n\n\n<p>We not only take care of solving computer problems with immediate attention that does not interrupt your company&#039;s operations, but we also plan preventive maintenance schedules according to the use and characteristics of the equipment, thus minimizing errors in daily tasks.<\/p>\n\n\n\n<p>At Apen, we want you to pay only for what you print. Our printing service is based on the pay-as-you-go model. <strong>Price per Copy<\/strong> It allows for reduced printing costs, promoting more sustainable and efficient management. Furthermore, we have a <strong>online store<\/strong> with a wide range of technological products at very competitive prices. We also offer the service of <strong>Renting<\/strong>, This allows you to access high-quality equipment by paying only for the service, not the product. This way, you can enjoy cutting-edge technology without any initial investment.<\/p>\n\n\n\n<p>We are committed to providing the best solutions at the most competitive price on the market, always respecting each company&#039;s budget and guaranteeing quality in all our services.<\/p>\n\n\n\n<h3 class=\"wp-block-heading\">A3ERP management software<\/h3>\n\n\n\n<p>Management software <strong>A3ERP<\/strong> Apen represents a comprehensive solution that improves your company&#039;s productivity and competitiveness. It allows you to control and monitor all areas of the business, facilitating internal communication and efficient, fast, and accurate decision-making.<\/p>\n\n\n\n<p>With A3ERP you can:<\/p>\n\n\n\n<ul class=\"wp-block-list\">\n<li>Automate processes<\/li>\n\n\n\n<li>Access real-time information<\/li>\n\n\n\n<li>Gain a global view of your company<\/li>\n\n\n\n<li>To promote sustained business growth<\/li>\n\n\n\n<li>Achieve your goals consistently and efficiently<\/li>\n<\/ul>\n\n\n\n<h3 class=\"wp-block-heading\">Remote support<\/h3>\n\n\n\n<p>At Apen we also offer <strong>remote support<\/strong>, A fast and efficient solution for resolving technical issues remotely. Our technicians can access the affected equipment without needing to travel, resolving problems quickly and effectively.<\/p>\n\n\n\n<p>This service model is ideal for companies with remote employees, multiple locations, or mobile workers, as it allows for an immediate and continuous response to resolve queries or incidents.<\/p>\n\n\n\n<h3 class=\"wp-block-heading\">Commitment to innovation<\/h3>\n\n\n\n<p>Apen is a company specializing in the implementation and maintenance of IT systems. Our goal is clear: to improve our clients&#039; competitiveness through customized solutions. We are fully committed to each project, adapting our proposals to the specific needs of each company.<\/p>\n\n\n\n<p>We work with highly qualified professionals and are committed to constant innovation in the IT sector. We develop comprehensive, customized projects, with proposals always aligned with the latest market trends and constantly evolving.<\/p>\n\n\n\n<p>At Apen, we not only have a top-notch technical team, but we also offer friendly, professional, and effective customer service. Customer satisfaction is our priority, so we work every day to provide excellent service. Our services are designed to improve the productivity and efficiency of your business. Choosing us will undoubtedly be your best investment.<\/p>","protected":false},"excerpt":{"rendered":"<p>M\u00e1s de 30 a\u00f1os de experiencia en el sector, brindando soluciones a medida y personalizadas para cubrir todas las necesidades de nuestros clientes. Apen es una empresa inform\u00e1tica con m\u00e1s de 30 a\u00f1os de experiencia en el sector. En Apen somos especialistas en la implantaci\u00f3n y el mantenimiento de equipos inform\u00e1ticos, aportando soluciones para la&#8230;<\/p>","protected":false},"author":4,"featured_media":0,"parent":0,"menu_order":0,"comment_status":"closed","ping_status":"closed","template":"page-servicio-informatico.php","meta":{"_acf_changed":false,"_kad_blocks_custom_css":"","_kad_blocks_head_custom_js":"","_kad_blocks_body_custom_js":"","_kad_blocks_footer_custom_js":"","_kad_post_transparent":"","_kad_post_title":"","_kad_post_layout":"","_kad_post_sidebar_id":"","_kad_post_content_style":"","_kad_post_vertical_padding":"","_kad_post_feature":"","_kad_post_feature_position":"","_kad_post_header":false,"_kad_post_footer":false,"_kad_post_classname":"","footnotes":""},"class_list":["post-6098","page","type-page","status-publish","hentry"],"acf":[],"yoast_head":"<!-- This site is optimized with the Yoast SEO plugin v27.4 - https:\/\/yoast.com\/product\/yoast-seo-wordpress\/ -->\n<title>Empresa de inform\u00e1tica - Apen Inform\u00e1tica<\/title>\n<meta name=\"description\" content=\"M\u00e1s de 30 a\u00f1os de experiencia en el sector, brindando soluciones a medida y personalizadas para cubrir todas las necesidades de nuestros clientes. Apen es\" \/>\n<meta name=\"robots\" content=\"index, follow, max-snippet:-1, max-image-preview:large, max-video-preview:-1\" \/>\n<link rel=\"canonical\" href=\"https:\/\/www.apen.es\/en\/empresa-de-informatica\/\" \/>\n<meta property=\"og:locale\" content=\"en_US\" \/>\n<meta property=\"og:type\" content=\"article\" \/>\n<meta property=\"og:title\" content=\"Empresa de inform\u00e1tica - Apen Inform\u00e1tica\" \/>\n<meta property=\"og:description\" content=\"M\u00e1s de 30 a\u00f1os de experiencia en el sector, brindando soluciones a medida y personalizadas para cubrir todas las necesidades de nuestros clientes. Apen es\" \/>\n<meta property=\"og:url\" content=\"https:\/\/www.apen.es\/en\/empresa-de-informatica\/\" \/>\n<meta property=\"og:site_name\" content=\"Apen Inform\u00e1tica\" \/>\n<meta property=\"article:publisher\" content=\"https:\/\/www.facebook.com\/apensolucions\" \/>\n<meta property=\"article:modified_time\" content=\"2025-06-06T06:56:40+00:00\" \/>\n<meta property=\"og:image\" content=\"https:\/\/www.apen.es\/wp-content\/uploads\/2016\/05\/logo-apen-231x82-trasparent.png\" \/>\n\t<meta property=\"og:image:width\" content=\"231\" \/>\n\t<meta property=\"og:image:height\" content=\"82\" \/>\n\t<meta property=\"og:image:type\" content=\"image\/png\" \/>\n<meta name=\"twitter:card\" content=\"summary_large_image\" \/>\n<meta name=\"twitter:label1\" content=\"Est. reading time\" \/>\n\t<meta name=\"twitter:data1\" content=\"4 minutes\" \/>\n<script type=\"application\/ld+json\" class=\"yoast-schema-graph\">{\"@context\":\"https:\\\/\\\/schema.org\",\"@graph\":[{\"@type\":\"WebPage\",\"@id\":\"https:\\\/\\\/www.apen.es\\\/empresa-de-informatica\\\/\",\"url\":\"https:\\\/\\\/www.apen.es\\\/empresa-de-informatica\\\/\",\"name\":\"Empresa de inform\u00e1tica - Apen Inform\u00e1tica\",\"isPartOf\":{\"@id\":\"https:\\\/\\\/www.apen.es\\\/#website\"},\"datePublished\":\"2017-03-07T17:08:27+00:00\",\"dateModified\":\"2025-06-06T06:56:40+00:00\",\"description\":\"M\u00e1s de 30 a\u00f1os de experiencia en el sector, brindando soluciones a medida y personalizadas para cubrir todas las necesidades de nuestros clientes. Apen es\",\"breadcrumb\":{\"@id\":\"https:\\\/\\\/www.apen.es\\\/empresa-de-informatica\\\/#breadcrumb\"},\"inLanguage\":\"en-US\",\"potentialAction\":[{\"@type\":\"ReadAction\",\"target\":[\"https:\\\/\\\/www.apen.es\\\/empresa-de-informatica\\\/\"]}]},{\"@type\":\"BreadcrumbList\",\"@id\":\"https:\\\/\\\/www.apen.es\\\/empresa-de-informatica\\\/#breadcrumb\",\"itemListElement\":[{\"@type\":\"ListItem\",\"position\":1,\"name\":\"Portada\",\"item\":\"https:\\\/\\\/www.apen.es\\\/\"},{\"@type\":\"ListItem\",\"position\":2,\"name\":\"Empresa de inform\u00e1tica\"}]},{\"@type\":\"WebSite\",\"@id\":\"https:\\\/\\\/www.apen.es\\\/#website\",\"url\":\"https:\\\/\\\/www.apen.es\\\/\",\"name\":\"Apen Inform\u00e1tica\",\"description\":\"Mantenimiento Inform\u00e1tico , Software de Gesti\u00f3n, Soluciones de impresi\u00f3n\",\"publisher\":{\"@id\":\"https:\\\/\\\/www.apen.es\\\/#organization\"},\"potentialAction\":[{\"@type\":\"SearchAction\",\"target\":{\"@type\":\"EntryPoint\",\"urlTemplate\":\"https:\\\/\\\/www.apen.es\\\/?s={search_term_string}\"},\"query-input\":{\"@type\":\"PropertyValueSpecification\",\"valueRequired\":true,\"valueName\":\"search_term_string\"}}],\"inLanguage\":\"en-US\"},{\"@type\":\"Organization\",\"@id\":\"https:\\\/\\\/www.apen.es\\\/#organization\",\"name\":\"Apen: Soluciones inform\u00e1ticas\",\"url\":\"https:\\\/\\\/www.apen.es\\\/\",\"logo\":{\"@type\":\"ImageObject\",\"inLanguage\":\"en-US\",\"@id\":\"https:\\\/\\\/www.apen.es\\\/#\\\/schema\\\/logo\\\/image\\\/\",\"url\":\"https:\\\/\\\/www.apen.es\\\/wp-content\\\/uploads\\\/2022\\\/08\\\/logo-apenok-231x82-1.png\",\"contentUrl\":\"https:\\\/\\\/www.apen.es\\\/wp-content\\\/uploads\\\/2022\\\/08\\\/logo-apenok-231x82-1.png\",\"width\":231,\"height\":82,\"caption\":\"Apen: Soluciones inform\u00e1ticas\"},\"image\":{\"@id\":\"https:\\\/\\\/www.apen.es\\\/#\\\/schema\\\/logo\\\/image\\\/\"},\"sameAs\":[\"https:\\\/\\\/www.facebook.com\\\/apensolucions\",\"https:\\\/\\\/www.youtube.com\\\/user\\\/ApenCentreInformatic\",\"https:\\\/\\\/www.linkedin.com\\\/company\\\/1021771?trk=tyah&trkInfo=clickedVerticalcompanyclickedEntityId1021771idx2-1-2tarId1464195271196tasapenin\"]}]}<\/script>\n<!-- \/ Yoast SEO plugin. -->","yoast_head_json":{"title":"Empresa de inform\u00e1tica - Apen Inform\u00e1tica","description":"M\u00e1s de 30 a\u00f1os de experiencia en el sector, brindando soluciones a medida y personalizadas para cubrir todas las necesidades de nuestros clientes. Apen es","robots":{"index":"index","follow":"follow","max-snippet":"max-snippet:-1","max-image-preview":"max-image-preview:large","max-video-preview":"max-video-preview:-1"},"canonical":"https:\/\/www.apen.es\/en\/empresa-de-informatica\/","og_locale":"en_US","og_type":"article","og_title":"Empresa de inform\u00e1tica - Apen Inform\u00e1tica","og_description":"M\u00e1s de 30 a\u00f1os de experiencia en el sector, brindando soluciones a medida y personalizadas para cubrir todas las necesidades de nuestros clientes. Apen es","og_url":"https:\/\/www.apen.es\/en\/empresa-de-informatica\/","og_site_name":"Apen Inform\u00e1tica","article_publisher":"https:\/\/www.facebook.com\/apensolucions","article_modified_time":"2025-06-06T06:56:40+00:00","og_image":[{"width":231,"height":82,"url":"https:\/\/www.apen.es\/wp-content\/uploads\/2016\/05\/logo-apen-231x82-trasparent.png","type":"image\/png"}],"twitter_card":"summary_large_image","twitter_misc":{"Est. reading time":"4 minutes"},"schema":{"@context":"https:\/\/schema.org","@graph":[{"@type":"WebPage","@id":"https:\/\/www.apen.es\/empresa-de-informatica\/","url":"https:\/\/www.apen.es\/empresa-de-informatica\/","name":"Empresa de inform\u00e1tica - Apen Inform\u00e1tica","isPartOf":{"@id":"https:\/\/www.apen.es\/#website"},"datePublished":"2017-03-07T17:08:27+00:00","dateModified":"2025-06-06T06:56:40+00:00","description":"M\u00e1s de 30 a\u00f1os de experiencia en el sector, brindando soluciones a medida y personalizadas para cubrir todas las necesidades de nuestros clientes. Apen es","breadcrumb":{"@id":"https:\/\/www.apen.es\/empresa-de-informatica\/#breadcrumb"},"inLanguage":"en-US","potentialAction":[{"@type":"ReadAction","target":["https:\/\/www.apen.es\/empresa-de-informatica\/"]}]},{"@type":"BreadcrumbList","@id":"https:\/\/www.apen.es\/empresa-de-informatica\/#breadcrumb","itemListElement":[{"@type":"ListItem","position":1,"name":"Portada","item":"https:\/\/www.apen.es\/"},{"@type":"ListItem","position":2,"name":"Empresa de inform\u00e1tica"}]},{"@type":"WebSite","@id":"https:\/\/www.apen.es\/#website","url":"https:\/\/www.apen.es\/","name":"Apen Inform\u00e1tica","description":"IT Maintenance, Management Software, Printing Solutions","publisher":{"@id":"https:\/\/www.apen.es\/#organization"},"potentialAction":[{"@type":"SearchAction","target":{"@type":"EntryPoint","urlTemplate":"https:\/\/www.apen.es\/?s={search_term_string}"},"query-input":{"@type":"PropertyValueSpecification","valueRequired":true,"valueName":"search_term_string"}}],"inLanguage":"en-US"},{"@type":"Organization","@id":"https:\/\/www.apen.es\/#organization","name":"Apen: IT Solutions","url":"https:\/\/www.apen.es\/","logo":{"@type":"ImageObject","inLanguage":"en-US","@id":"https:\/\/www.apen.es\/#\/schema\/logo\/image\/","url":"https:\/\/www.apen.es\/wp-content\/uploads\/2022\/08\/logo-apenok-231x82-1.png","contentUrl":"https:\/\/www.apen.es\/wp-content\/uploads\/2022\/08\/logo-apenok-231x82-1.png","width":231,"height":82,"caption":"Apen: Soluciones inform\u00e1ticas"},"image":{"@id":"https:\/\/www.apen.es\/#\/schema\/logo\/image\/"},"sameAs":["https:\/\/www.facebook.com\/apensolucions","https:\/\/www.youtube.com\/user\/ApenCentreInformatic","https:\/\/www.linkedin.com\/company\/1021771?trk=tyah&trkInfo=clickedVerticalcompanyclickedEntityId1021771idx2-1-2tarId1464195271196tasapenin"]}]}},"taxonomy_info":[],"featured_image_src_large":false,"author_info":{"display_name":"marqueting","author_link":"https:\/\/www.apen.es\/en\/blog\/author\/marqueting\/"},"comment_info":0,"_links":{"self":[{"href":"https:\/\/www.apen.es\/en\/wp-json\/wp\/v2\/pages\/6098","targetHints":{"allow":["GET"]}}],"collection":[{"href":"https:\/\/www.apen.es\/en\/wp-json\/wp\/v2\/pages"}],"about":[{"href":"https:\/\/www.apen.es\/en\/wp-json\/wp\/v2\/types\/page"}],"author":[{"embeddable":true,"href":"https:\/\/www.apen.es\/en\/wp-json\/wp\/v2\/users\/4"}],"replies":[{"embeddable":true,"href":"https:\/\/www.apen.es\/en\/wp-json\/wp\/v2\/comments?post=6098"}],"version-history":[{"count":3,"href":"https:\/\/www.apen.es\/en\/wp-json\/wp\/v2\/pages\/6098\/revisions"}],"predecessor-version":[{"id":55152,"href":"https:\/\/www.apen.es\/en\/wp-json\/wp\/v2\/pages\/6098\/revisions\/55152"}],"wp:attachment":[{"href":"https:\/\/www.apen.es\/en\/wp-json\/wp\/v2\/media?parent=6098"}],"curies":[{"name":"wp","href":"https:\/\/api.w.org\/{rel}","templated":true}]}}