{"id":5853,"date":"2017-01-23T16:48:47","date_gmt":"2017-01-23T16:48:47","guid":{"rendered":"https:\/\/www.apen.es\/?page_id=5853"},"modified":"2025-03-24T10:06:05","modified_gmt":"2025-03-24T10:06:05","slug":"kyocera-printer-rental-barcelona","status":"publish","type":"page","link":"https:\/\/www.apen.es\/en\/soluciones-de-impresion\/renting-impresoras-kyocera-barcelona\/","title":{"rendered":"Kyocera Printer Rental Barcelona"},"content":{"rendered":"<p>At Apen, with over 30 years of experience, we can guarantee you the best IT service in Granollers, offering tailor-made solutions designed exclusively for the smooth operation of your business. Unlike other companies in the sector, at Apen <strong>We conduct a preliminary study of your company<\/strong> to learn firsthand how it works, and this helps us to rent KYOCERA PRINTERS BARCELONA<\/p>\n\n\n\n<p>In&nbsp;<strong>Apen<\/strong>&nbsp;We trust the best brands of&nbsp;<strong>printers<\/strong>&nbsp;from the market, to obtain a selection of the most productive equipment.&nbsp;<strong>Apen<\/strong>&nbsp;We offer you the service of&nbsp;<strong>Renting<\/strong>&nbsp;of&nbsp;<strong>printers<\/strong>&nbsp;<strong>Kyocera<\/strong>&nbsp;<strong>Barcelona<\/strong>, because we know all the advantages that this can offer you and your company.<\/p>\n\n\n\n<p>In&nbsp;<strong>Apen<\/strong>&nbsp;We study your needs, considering your usual printing requirements, analyze the information obtained, and propose a customized solution.&nbsp;<strong>Renting<\/strong>&nbsp;of&nbsp;<strong>printers<\/strong>&nbsp;<strong>Kyocera<\/strong>, or the brand we believe best suits your needs, minimizing costs and guaranteeing quality and results. From&nbsp;<strong>Apen<\/strong>&nbsp;We design a personalized plan to offer you the best service.&nbsp;<strong>Renting<\/strong>&nbsp;of&nbsp;<strong>printers,&nbsp;<\/strong>with quality brands such as<strong>&nbsp;Kyocera Barcelona<\/strong>.<\/p>\n\n\n\n<h3 class=\"wp-block-heading\"><strong>Apen&#039;s Kyocera printer rental service in Barcelona<\/strong><\/h3>\n\n\n\n<p>He<strong>&nbsp;<\/strong><em><strong>Renting<\/strong><\/em><strong><em>&nbsp;<\/em><\/strong><strong>of printers<\/strong><strong>&nbsp;Kyocera Barcelona&nbsp;<\/strong>It&#039;s one of the best options we have in&nbsp;<strong>Apen<\/strong>&nbsp;For businesses, it allows you to buy the latest models on the market and pay only a fixed monthly fee. This way, you&#039;ll save costs, increase productivity, and better plan your office expenses.&nbsp;<strong>Kyocera<\/strong>&nbsp;<strong>Barcelona<\/strong>&nbsp;It has very robust and durable equipment, so the&nbsp;<strong>Renting<\/strong>&nbsp;of&nbsp;<strong>printers<\/strong>&nbsp;<strong>Kyocera<\/strong>&nbsp;<strong>Barcelona<\/strong>, It becomes a safe bet.<\/p>\n\n\n\n<p>He&nbsp;<strong>Renting<\/strong>&nbsp;of&nbsp;<strong>printers<\/strong>&nbsp;<strong>Kyocera<\/strong>&nbsp;<strong>Barcelona<\/strong>&nbsp;It will allow you to have state-of-the-art printers, as it is a brand with high-quality components that give the printers a long lifespan.<\/p>\n\n\n\n<h3 class=\"wp-block-heading\"><strong>Technical maintenance, repair and sales<\/strong><\/h3>\n\n\n\n<p>From&nbsp;<strong>Apen<\/strong>&nbsp;We offer you the possibility of having all types of printers available through rental or&nbsp;<strong>Renting<\/strong>&nbsp;of the&nbsp;<strong>printers<\/strong>&nbsp;<strong>Kyocera<\/strong>&nbsp;<strong>Barcelona<\/strong>. Companies with many departments that require multiple printing devices can take advantage of this.&nbsp;<strong>Renting<\/strong>, to finance the investment involved in acquiring this highly productive, cost-saving and efficient equipment.<\/p>\n\n\n\n<p>In&nbsp;<strong>Apen<\/strong>&nbsp;We rely on the best brands on the market to provide a selection of the most productive equipment. We take care of everything: equipment installation and configuration, consumable replenishment and management, parts and replacements, assistance in less than 4 hours, loaner equipment in case of breakdown, preventative maintenance, remote monitoring service, and repairs and travel throughout the province of&nbsp;<strong>Barcelona<\/strong>. We study your needs and current operations, considering your usual printing processes, and analyze the information obtained to propose a customized solution that minimizes costs and guarantees quality and results.&nbsp;<strong>Apen<\/strong>We design a personalized plan to offer you the best service.&nbsp;<strong>Renting<\/strong>&nbsp;of&nbsp;<strong>Kyocera printers Barcelona<\/strong>. Pay only for what you print and enjoy a smart multifunction device that scans, faxes, manages, archives, searches, copies, and prints\u2014it&#039;s possible with&nbsp;<strong>Apen<\/strong>. In&nbsp;<strong>Apen<\/strong>&nbsp;We offer you the&nbsp;<strong>Renting<\/strong>of the&nbsp;<strong>Kyocera printers Barcelona<\/strong>, so that you can enjoy a quality service at very competitive prices.<\/p>\n\n\n\n<h3 class=\"wp-block-heading\"><strong>Apen&#039;s Kyocera printer rental service in Barcelona<\/strong><\/h3>\n\n\n\n<p>In&nbsp;<strong>Apen&nbsp;<\/strong>we trust the&nbsp;<strong>Renting<\/strong>&nbsp;of the&nbsp;<strong>Kyocera printers Barcelona<\/strong>, Among other quality brands on the market, we are known for our high reliability, performance, and professional guarantee. We know that...&nbsp;<strong>Renting<\/strong>&nbsp;of the&nbsp;<strong>Kyocera printers Barcelona<\/strong>&nbsp;It can offer the customer managed software services and supplies for printing and imaging devices, with management, acquisition and transition options.&nbsp;<strong>Apen<\/strong>&nbsp;offers you the&nbsp;<strong>Renting<\/strong>&nbsp;of the&nbsp;<strong>Kyocera printers Barcelona<\/strong>&nbsp;throughout the province of&nbsp;<strong>Barcelona<\/strong>.<\/p>","protected":false},"excerpt":{"rendered":"<p>En Apen, tras m\u00e1s de 30 a\u00f1os de experiencia, podemos garantizarte el mejor servicio inform\u00e1tico en Granollers ofreci\u00e9ndote soluciones hechas a medida y pensadas exclusivamente para el buen funcionamiento de tu empresa. A diferencia de otras empresas del sector, en Apen realizamos un estudio previo de tu empresa para conocer, de primera mano, el funcionamiento&#8230;<\/p>","protected":false},"author":4,"featured_media":0,"parent":1158,"menu_order":0,"comment_status":"closed","ping_status":"closed","template":"page-renting-impresoras.php","meta":{"_acf_changed":false,"_kad_blocks_custom_css":"","_kad_blocks_head_custom_js":"","_kad_blocks_body_custom_js":"","_kad_blocks_footer_custom_js":"","_kad_post_transparent":"","_kad_post_title":"","_kad_post_layout":"","_kad_post_sidebar_id":"","_kad_post_content_style":"","_kad_post_vertical_padding":"","_kad_post_feature":"","_kad_post_feature_position":"","_kad_post_header":false,"_kad_post_footer":false,"_kad_post_classname":"","footnotes":""},"class_list":["post-5853","page","type-page","status-publish","hentry"],"acf":[],"yoast_head":"<!-- This site is optimized with the Yoast SEO plugin v27.4 - https:\/\/yoast.com\/product\/yoast-seo-wordpress\/ -->\n<title>Renting Impresoras Kyocera Barcelona - Apen Inform\u00e1tica<\/title>\n<meta name=\"description\" content=\"En Apen ofrecemos el servicio de renting de impresoras Kyocera en Barcelona a dem\u00e1s de un soporte t\u00e9cnico y mantenimiento de las impresoras.\" \/>\n<meta name=\"robots\" content=\"index, follow, max-snippet:-1, max-image-preview:large, max-video-preview:-1\" \/>\n<link rel=\"canonical\" href=\"https:\/\/www.apen.es\/en\/printing-solutions\/kyocera-printer-rental-barcelona\/\" \/>\n<meta property=\"og:locale\" content=\"en_US\" \/>\n<meta property=\"og:type\" content=\"article\" \/>\n<meta property=\"og:title\" content=\"Renting Impresoras Kyocera Barcelona - Apen Inform\u00e1tica\" \/>\n<meta property=\"og:description\" content=\"En Apen ofrecemos el servicio de renting de impresoras Kyocera en Barcelona a dem\u00e1s de un soporte t\u00e9cnico y mantenimiento de las impresoras.\" \/>\n<meta property=\"og:url\" content=\"https:\/\/www.apen.es\/en\/printing-solutions\/kyocera-printer-rental-barcelona\/\" \/>\n<meta property=\"og:site_name\" content=\"Apen Inform\u00e1tica\" \/>\n<meta property=\"article:publisher\" content=\"https:\/\/www.facebook.com\/apensolucions\" \/>\n<meta property=\"article:modified_time\" content=\"2025-03-24T10:06:05+00:00\" \/>\n<meta property=\"og:image\" content=\"https:\/\/www.apen.es\/wp-content\/uploads\/2016\/05\/logo-apen-231x82-trasparent.png\" \/>\n\t<meta property=\"og:image:width\" content=\"231\" \/>\n\t<meta property=\"og:image:height\" content=\"82\" \/>\n\t<meta property=\"og:image:type\" content=\"image\/png\" \/>\n<meta name=\"twitter:card\" content=\"summary_large_image\" \/>\n<meta name=\"twitter:label1\" content=\"Est. reading time\" \/>\n\t<meta name=\"twitter:data1\" content=\"8 minutes\" \/>\n<script type=\"application\/ld+json\" class=\"yoast-schema-graph\">{\"@context\":\"https:\\\/\\\/schema.org\",\"@graph\":[{\"@type\":\"WebPage\",\"@id\":\"https:\\\/\\\/www.apen.es\\\/soluciones-de-impresion\\\/renting-impresoras-kyocera-barcelona\\\/\",\"url\":\"https:\\\/\\\/www.apen.es\\\/soluciones-de-impresion\\\/renting-impresoras-kyocera-barcelona\\\/\",\"name\":\"Renting Impresoras Kyocera Barcelona - Apen Inform\u00e1tica\",\"isPartOf\":{\"@id\":\"https:\\\/\\\/www.apen.es\\\/#website\"},\"datePublished\":\"2017-01-23T16:48:47+00:00\",\"dateModified\":\"2025-03-24T10:06:05+00:00\",\"description\":\"En Apen ofrecemos el servicio de renting de impresoras Kyocera en Barcelona a dem\u00e1s de un soporte t\u00e9cnico y mantenimiento de las impresoras.\",\"breadcrumb\":{\"@id\":\"https:\\\/\\\/www.apen.es\\\/soluciones-de-impresion\\\/renting-impresoras-kyocera-barcelona\\\/#breadcrumb\"},\"inLanguage\":\"en-US\",\"potentialAction\":[{\"@type\":\"ReadAction\",\"target\":[\"https:\\\/\\\/www.apen.es\\\/soluciones-de-impresion\\\/renting-impresoras-kyocera-barcelona\\\/\"]}]},{\"@type\":\"BreadcrumbList\",\"@id\":\"https:\\\/\\\/www.apen.es\\\/soluciones-de-impresion\\\/renting-impresoras-kyocera-barcelona\\\/#breadcrumb\",\"itemListElement\":[{\"@type\":\"ListItem\",\"position\":1,\"name\":\"Portada\",\"item\":\"https:\\\/\\\/www.apen.es\\\/\"},{\"@type\":\"ListItem\",\"position\":2,\"name\":\"Soluciones de impresi\u00f3n\",\"item\":\"https:\\\/\\\/www.apen.es\\\/soluciones-de-impresion\\\/\"},{\"@type\":\"ListItem\",\"position\":3,\"name\":\"Renting Impresoras Kyocera Barcelona\"}]},{\"@type\":\"WebSite\",\"@id\":\"https:\\\/\\\/www.apen.es\\\/#website\",\"url\":\"https:\\\/\\\/www.apen.es\\\/\",\"name\":\"Apen Inform\u00e1tica\",\"description\":\"Mantenimiento Inform\u00e1tico , Software de Gesti\u00f3n, Soluciones de impresi\u00f3n\",\"publisher\":{\"@id\":\"https:\\\/\\\/www.apen.es\\\/#organization\"},\"potentialAction\":[{\"@type\":\"SearchAction\",\"target\":{\"@type\":\"EntryPoint\",\"urlTemplate\":\"https:\\\/\\\/www.apen.es\\\/?s={search_term_string}\"},\"query-input\":{\"@type\":\"PropertyValueSpecification\",\"valueRequired\":true,\"valueName\":\"search_term_string\"}}],\"inLanguage\":\"en-US\"},{\"@type\":\"Organization\",\"@id\":\"https:\\\/\\\/www.apen.es\\\/#organization\",\"name\":\"Apen: Soluciones inform\u00e1ticas\",\"url\":\"https:\\\/\\\/www.apen.es\\\/\",\"logo\":{\"@type\":\"ImageObject\",\"inLanguage\":\"en-US\",\"@id\":\"https:\\\/\\\/www.apen.es\\\/#\\\/schema\\\/logo\\\/image\\\/\",\"url\":\"https:\\\/\\\/www.apen.es\\\/wp-content\\\/uploads\\\/2022\\\/08\\\/logo-apenok-231x82-1.png\",\"contentUrl\":\"https:\\\/\\\/www.apen.es\\\/wp-content\\\/uploads\\\/2022\\\/08\\\/logo-apenok-231x82-1.png\",\"width\":231,\"height\":82,\"caption\":\"Apen: Soluciones inform\u00e1ticas\"},\"image\":{\"@id\":\"https:\\\/\\\/www.apen.es\\\/#\\\/schema\\\/logo\\\/image\\\/\"},\"sameAs\":[\"https:\\\/\\\/www.facebook.com\\\/apensolucions\",\"https:\\\/\\\/www.youtube.com\\\/user\\\/ApenCentreInformatic\",\"https:\\\/\\\/www.linkedin.com\\\/company\\\/1021771?trk=tyah&trkInfo=clickedVerticalcompanyclickedEntityId1021771idx2-1-2tarId1464195271196tasapenin\"]}]}<\/script>\n<!-- \/ Yoast SEO plugin. -->","yoast_head_json":{"title":"Kyocera Printer Rental Barcelona - Apen Inform\u00e1tica","description":"At Apen we offer Kyocera printer rental services in Barcelona, as well as technical support and printer maintenance.","robots":{"index":"index","follow":"follow","max-snippet":"max-snippet:-1","max-image-preview":"max-image-preview:large","max-video-preview":"max-video-preview:-1"},"canonical":"https:\/\/www.apen.es\/en\/printing-solutions\/kyocera-printer-rental-barcelona\/","og_locale":"en_US","og_type":"article","og_title":"Renting Impresoras Kyocera Barcelona - Apen Inform\u00e1tica","og_description":"En Apen ofrecemos el servicio de renting de impresoras Kyocera en Barcelona a dem\u00e1s de un soporte t\u00e9cnico y mantenimiento de las impresoras.","og_url":"https:\/\/www.apen.es\/en\/printing-solutions\/kyocera-printer-rental-barcelona\/","og_site_name":"Apen Inform\u00e1tica","article_publisher":"https:\/\/www.facebook.com\/apensolucions","article_modified_time":"2025-03-24T10:06:05+00:00","og_image":[{"width":231,"height":82,"url":"https:\/\/www.apen.es\/wp-content\/uploads\/2016\/05\/logo-apen-231x82-trasparent.png","type":"image\/png"}],"twitter_card":"summary_large_image","twitter_misc":{"Est. reading time":"8 minutes"},"schema":{"@context":"https:\/\/schema.org","@graph":[{"@type":"WebPage","@id":"https:\/\/www.apen.es\/soluciones-de-impresion\/renting-impresoras-kyocera-barcelona\/","url":"https:\/\/www.apen.es\/soluciones-de-impresion\/renting-impresoras-kyocera-barcelona\/","name":"Kyocera Printer Rental Barcelona - Apen Inform\u00e1tica","isPartOf":{"@id":"https:\/\/www.apen.es\/#website"},"datePublished":"2017-01-23T16:48:47+00:00","dateModified":"2025-03-24T10:06:05+00:00","description":"At Apen we offer Kyocera printer rental services in Barcelona, as well as technical support and printer maintenance.","breadcrumb":{"@id":"https:\/\/www.apen.es\/soluciones-de-impresion\/renting-impresoras-kyocera-barcelona\/#breadcrumb"},"inLanguage":"en-US","potentialAction":[{"@type":"ReadAction","target":["https:\/\/www.apen.es\/soluciones-de-impresion\/renting-impresoras-kyocera-barcelona\/"]}]},{"@type":"BreadcrumbList","@id":"https:\/\/www.apen.es\/soluciones-de-impresion\/renting-impresoras-kyocera-barcelona\/#breadcrumb","itemListElement":[{"@type":"ListItem","position":1,"name":"Portada","item":"https:\/\/www.apen.es\/"},{"@type":"ListItem","position":2,"name":"Soluciones de impresi\u00f3n","item":"https:\/\/www.apen.es\/soluciones-de-impresion\/"},{"@type":"ListItem","position":3,"name":"Renting Impresoras Kyocera Barcelona"}]},{"@type":"WebSite","@id":"https:\/\/www.apen.es\/#website","url":"https:\/\/www.apen.es\/","name":"Apen Inform\u00e1tica","description":"IT Maintenance, Management Software, Printing Solutions","publisher":{"@id":"https:\/\/www.apen.es\/#organization"},"potentialAction":[{"@type":"SearchAction","target":{"@type":"EntryPoint","urlTemplate":"https:\/\/www.apen.es\/?s={search_term_string}"},"query-input":{"@type":"PropertyValueSpecification","valueRequired":true,"valueName":"search_term_string"}}],"inLanguage":"en-US"},{"@type":"Organization","@id":"https:\/\/www.apen.es\/#organization","name":"Apen: IT Solutions","url":"https:\/\/www.apen.es\/","logo":{"@type":"ImageObject","inLanguage":"en-US","@id":"https:\/\/www.apen.es\/#\/schema\/logo\/image\/","url":"https:\/\/www.apen.es\/wp-content\/uploads\/2022\/08\/logo-apenok-231x82-1.png","contentUrl":"https:\/\/www.apen.es\/wp-content\/uploads\/2022\/08\/logo-apenok-231x82-1.png","width":231,"height":82,"caption":"Apen: Soluciones inform\u00e1ticas"},"image":{"@id":"https:\/\/www.apen.es\/#\/schema\/logo\/image\/"},"sameAs":["https:\/\/www.facebook.com\/apensolucions","https:\/\/www.youtube.com\/user\/ApenCentreInformatic","https:\/\/www.linkedin.com\/company\/1021771?trk=tyah&trkInfo=clickedVerticalcompanyclickedEntityId1021771idx2-1-2tarId1464195271196tasapenin"]}]}},"taxonomy_info":[],"featured_image_src_large":false,"author_info":{"display_name":"marqueting","author_link":"https:\/\/www.apen.es\/en\/blog\/author\/marqueting\/"},"comment_info":0,"_links":{"self":[{"href":"https:\/\/www.apen.es\/en\/wp-json\/wp\/v2\/pages\/5853","targetHints":{"allow":["GET"]}}],"collection":[{"href":"https:\/\/www.apen.es\/en\/wp-json\/wp\/v2\/pages"}],"about":[{"href":"https:\/\/www.apen.es\/en\/wp-json\/wp\/v2\/types\/page"}],"author":[{"embeddable":true,"href":"https:\/\/www.apen.es\/en\/wp-json\/wp\/v2\/users\/4"}],"replies":[{"embeddable":true,"href":"https:\/\/www.apen.es\/en\/wp-json\/wp\/v2\/comments?post=5853"}],"version-history":[{"count":4,"href":"https:\/\/www.apen.es\/en\/wp-json\/wp\/v2\/pages\/5853\/revisions"}],"predecessor-version":[{"id":54450,"href":"https:\/\/www.apen.es\/en\/wp-json\/wp\/v2\/pages\/5853\/revisions\/54450"}],"up":[{"embeddable":true,"href":"https:\/\/www.apen.es\/en\/wp-json\/wp\/v2\/pages\/1158"}],"wp:attachment":[{"href":"https:\/\/www.apen.es\/en\/wp-json\/wp\/v2\/media?parent=5853"}],"curies":[{"name":"wp","href":"https:\/\/api.w.org\/{rel}","templated":true}]}}