{"id":5848,"date":"2017-01-23T16:43:07","date_gmt":"2017-01-23T16:43:07","guid":{"rendered":"https:\/\/www.apen.es\/?page_id=5848"},"modified":"2025-05-23T08:21:35","modified_gmt":"2025-05-23T08:21:35","slug":"konica-minolta-printer-rental-barcelona","status":"publish","type":"page","link":"https:\/\/www.apen.es\/en\/soluciones-de-impresion\/renting-impresoras-konica-minolta-barcelona\/","title":{"rendered":"Konica Minolta Printer Rental Barcelona"},"content":{"rendered":"<p>He&nbsp;<strong>Renting<\/strong>&nbsp;printer services is one of the flagship services of&nbsp;<strong>Apen<\/strong>, Because we know all the advantages we can offer our clients.&nbsp;<strong>Apen<\/strong>We offer you a&nbsp;<strong>Renting<\/strong>&nbsp;of&nbsp;<strong>printers<\/strong>&nbsp;<strong>Konica<\/strong>&nbsp;<strong>Minolta<\/strong>&nbsp;<strong>Barcelona,&nbsp;<\/strong>&nbsp;With this, you can enjoy one of the best brands on the market, helping your company improve its operations and image.<\/p>\n\n\n\n<p>In&nbsp;<strong>APEN<\/strong>&nbsp;we are betting on&nbsp;<strong>Renting<\/strong>&nbsp;of&nbsp;<strong>printers<\/strong>&nbsp;of&nbsp;<strong>Konica<\/strong>&nbsp;<strong>Minolta<\/strong>&nbsp;<strong>Barcelona<\/strong>, Due to its high speed and versatility in printing, it is very useful for high-volume digital productions. Furthermore, we decided to invest in the&nbsp;<strong>Renting<\/strong>&nbsp;of&nbsp;<strong>printers<\/strong>&nbsp;<strong>Konica<\/strong>&nbsp;<strong>Minolta<\/strong>&nbsp;<strong>Barcelona<\/strong>&nbsp;because of the unified management it offers, avoiding errors and repetitive printing, increasing speed and performance.<\/p>\n\n\n\n<h3 class=\"wp-block-heading\"><strong>Apen&#039;s Konica Minolta printer rental service in Barcelona<\/strong><\/h3>\n\n\n\n<p>In&nbsp;<strong>Apen&nbsp;<\/strong>we trust the&nbsp;<strong>Renting<\/strong>&nbsp;of the&nbsp;<strong>Konica Minolta printers Barcelona<\/strong>, Among other quality brands on the market, we know that it is known for its great reliability and performance. We know that...&nbsp;<strong>Renting<\/strong>&nbsp;of the&nbsp;<strong>HP printers Barcelona<\/strong>&nbsp;It can offer the customer managed software services and supplies for printing and imaging devices, with management, acquisition and transition options.&nbsp;<strong>Apen<\/strong>&nbsp;offers you the&nbsp;<strong>Renting<\/strong>&nbsp;of the&nbsp;<strong>HP printers Barcelona<\/strong>&nbsp;throughout the province of&nbsp;<strong>Barcelona<\/strong>.<\/p>\n\n\n\n<p>Our technical department offers rental or&nbsp;<strong>Renting<\/strong>&nbsp;of&nbsp;<strong>printers<\/strong>&nbsp;<strong>Konica<\/strong><strong>Minolta<\/strong>&nbsp;<strong>Barcelona<\/strong>&nbsp;And it is a service focused on companies with many departments that require multiple printing devices, which can take advantage of the&nbsp;<strong>Renting<\/strong>&nbsp;to finance the investment involved in acquiring this highly productive, cost-saving and efficient equipment.<\/p>\n\n\n\n<h3 class=\"wp-block-heading\"><strong>Technical maintenance, repair and sales<\/strong><\/h3>\n\n\n\n<p>From&nbsp;<strong>Apen<\/strong>&nbsp;We offer the essential advice and guidance to implement best practices in your printing business and the most effective systems to control costs. Thanks to a preliminary study to understand your company&#039;s actual printing needs, we can provide the best solution. Maintenance includes equipment installation and configuration, all consumables and their management, parts and replacements, support in under 4 hours, loaner equipment in case of breakdown, preventative maintenance, remote monitoring service, and repairs and travel.&nbsp;<strong>Apen<\/strong>&nbsp;We work every day to achieve the best solution for our clients, such as the service&nbsp;<strong>Renting<\/strong>&nbsp;of the&nbsp;<strong>printers<\/strong>&nbsp;<strong>Konica<\/strong>&nbsp;<strong>Minolta<\/strong>&nbsp;<strong>Barcelona<\/strong>, one of the best brands on the market.<\/p>\n\n\n\n<p>He<strong>&nbsp;<\/strong><em><strong>Renting<\/strong><\/em><strong><em>&nbsp;<\/em><\/strong><strong>of the printers<\/strong><strong>&nbsp;Konica Minolta Barcelona&nbsp;<\/strong>It&#039;s the best option for businesses because it allows them to buy the latest models on the market and pay only a fixed monthly fee. This way, you&#039;ll save costs, increase productivity, and better plan your office expenses.<\/p>\n\n\n\n<p>In the service&nbsp;<strong>Renting<\/strong>&nbsp;of&nbsp;<strong>printers<\/strong>&nbsp;<strong>Konica<\/strong>&nbsp;<strong>Minolta<\/strong>&nbsp;<strong>Barcelona<\/strong>&nbsp;of&nbsp;<strong>Apen<\/strong>, The customer only pays for what they print. We take care of installing and maintaining the necessary printers, ensuring they are always operational and supplying ink cartridges, eliminating company inventory.<\/p>\n\n\n\n<p><strong>Apen<\/strong>&nbsp;It has over 25 years of experience in the field of printing solutions for companies in&nbsp;<strong>Barcelona<\/strong>. Our proposal in this area is the most complete and comprehensive possible, offering direct sales of the best printing equipment.,&nbsp;<strong>Renting<\/strong>&nbsp;of&nbsp;<strong>printers<\/strong>&nbsp;from the best brands, such as&nbsp;<strong>printers<\/strong>&nbsp;<strong>Konica<\/strong>&nbsp;<strong>Minolta<\/strong>&nbsp;<strong>Barcelona<\/strong>,Rental, maintenance and repair of printers, multifunction printers, fax machines\u2026 We even take care of the supply of ink and toner cartridges.<\/p>","protected":false},"excerpt":{"rendered":"<p>El&nbsp;Renting&nbsp;de impresoras es uno de los servicios estrella de&nbsp;Apen, porque conocemos todas las ventajas que podemos ofrecer a nuestros clientes. En&nbsp;Apente ofrecemos un&nbsp;Renting&nbsp;de&nbsp;impresoras&nbsp;Konica&nbsp;Minolta&nbsp;Barcelona,&nbsp;&nbsp;con el que podr\u00e1s disfrutar de una de las mejores marcas del mercado, consiguiendo que tu empresa mejore en operatividad y en imagen. En&nbsp;APEN&nbsp;apostamos por el&nbsp;Renting&nbsp;de&nbsp;impresoras&nbsp;de&nbsp;Konica&nbsp;Minolta&nbsp;Barcelona, por su gran velocidad y versatilidad de&#8230;<\/p>","protected":false},"author":4,"featured_media":0,"parent":1158,"menu_order":0,"comment_status":"closed","ping_status":"closed","template":"page-renting-impresoras.php","meta":{"_acf_changed":false,"_kad_blocks_custom_css":"","_kad_blocks_head_custom_js":"","_kad_blocks_body_custom_js":"","_kad_blocks_footer_custom_js":"","_kad_post_transparent":"","_kad_post_title":"","_kad_post_layout":"","_kad_post_sidebar_id":"","_kad_post_content_style":"","_kad_post_vertical_padding":"","_kad_post_feature":"","_kad_post_feature_position":"","_kad_post_header":false,"_kad_post_footer":false,"_kad_post_classname":"","footnotes":""},"class_list":["post-5848","page","type-page","status-publish","hentry"],"acf":[],"yoast_head":"<!-- This site is optimized with the Yoast SEO plugin v27.4 - https:\/\/yoast.com\/product\/yoast-seo-wordpress\/ -->\n<title>Renting Impresoras Konica Minolta Barcelona - Apen Inform\u00e1tica<\/title>\n<meta name=\"description\" content=\"En Apen ofrecemos el servicio de renting de impresoras KONICA MINOLTA en Barcelona y un soporte t\u00e9cnico y mantenimiento de las impresoras\" \/>\n<meta name=\"robots\" content=\"index, follow, max-snippet:-1, max-image-preview:large, max-video-preview:-1\" \/>\n<link rel=\"canonical\" href=\"https:\/\/www.apen.es\/en\/printing-solutions\/konica-minolta-printer-rental-barcelona\/\" \/>\n<meta property=\"og:locale\" content=\"en_US\" \/>\n<meta property=\"og:type\" content=\"article\" \/>\n<meta property=\"og:title\" content=\"Renting Impresoras Konica Minolta Barcelona - Apen Inform\u00e1tica\" \/>\n<meta property=\"og:description\" content=\"En Apen ofrecemos el servicio de renting de impresoras KONICA MINOLTA en Barcelona y un soporte t\u00e9cnico y mantenimiento de las impresoras\" \/>\n<meta property=\"og:url\" content=\"https:\/\/www.apen.es\/en\/printing-solutions\/konica-minolta-printer-rental-barcelona\/\" \/>\n<meta property=\"og:site_name\" content=\"Apen Inform\u00e1tica\" \/>\n<meta property=\"article:publisher\" content=\"https:\/\/www.facebook.com\/apensolucions\" \/>\n<meta property=\"article:modified_time\" content=\"2025-05-23T08:21:35+00:00\" \/>\n<meta property=\"og:image\" content=\"https:\/\/www.apen.es\/wp-content\/uploads\/2016\/05\/logo-apen-231x82-trasparent.png\" \/>\n\t<meta property=\"og:image:width\" content=\"231\" \/>\n\t<meta property=\"og:image:height\" content=\"82\" \/>\n\t<meta property=\"og:image:type\" content=\"image\/png\" \/>\n<meta name=\"twitter:card\" content=\"summary_large_image\" \/>\n<meta name=\"twitter:label1\" content=\"Est. reading time\" \/>\n\t<meta name=\"twitter:data1\" content=\"9 minutes\" \/>\n<script type=\"application\/ld+json\" class=\"yoast-schema-graph\">{\"@context\":\"https:\\\/\\\/schema.org\",\"@graph\":[{\"@type\":\"WebPage\",\"@id\":\"https:\\\/\\\/www.apen.es\\\/soluciones-de-impresion\\\/renting-impresoras-konica-minolta-barcelona\\\/\",\"url\":\"https:\\\/\\\/www.apen.es\\\/soluciones-de-impresion\\\/renting-impresoras-konica-minolta-barcelona\\\/\",\"name\":\"Renting Impresoras Konica Minolta Barcelona - Apen Inform\u00e1tica\",\"isPartOf\":{\"@id\":\"https:\\\/\\\/www.apen.es\\\/#website\"},\"datePublished\":\"2017-01-23T16:43:07+00:00\",\"dateModified\":\"2025-05-23T08:21:35+00:00\",\"description\":\"En Apen ofrecemos el servicio de renting de impresoras KONICA MINOLTA en Barcelona y un soporte t\u00e9cnico y mantenimiento de las impresoras\",\"breadcrumb\":{\"@id\":\"https:\\\/\\\/www.apen.es\\\/soluciones-de-impresion\\\/renting-impresoras-konica-minolta-barcelona\\\/#breadcrumb\"},\"inLanguage\":\"en-US\",\"potentialAction\":[{\"@type\":\"ReadAction\",\"target\":[\"https:\\\/\\\/www.apen.es\\\/soluciones-de-impresion\\\/renting-impresoras-konica-minolta-barcelona\\\/\"]}]},{\"@type\":\"BreadcrumbList\",\"@id\":\"https:\\\/\\\/www.apen.es\\\/soluciones-de-impresion\\\/renting-impresoras-konica-minolta-barcelona\\\/#breadcrumb\",\"itemListElement\":[{\"@type\":\"ListItem\",\"position\":1,\"name\":\"Portada\",\"item\":\"https:\\\/\\\/www.apen.es\\\/\"},{\"@type\":\"ListItem\",\"position\":2,\"name\":\"Soluciones de impresi\u00f3n\",\"item\":\"https:\\\/\\\/www.apen.es\\\/soluciones-de-impresion\\\/\"},{\"@type\":\"ListItem\",\"position\":3,\"name\":\"Renting Impresoras Konica Minolta Barcelona\"}]},{\"@type\":\"WebSite\",\"@id\":\"https:\\\/\\\/www.apen.es\\\/#website\",\"url\":\"https:\\\/\\\/www.apen.es\\\/\",\"name\":\"Apen Inform\u00e1tica\",\"description\":\"Mantenimiento Inform\u00e1tico , Software de Gesti\u00f3n, Soluciones de impresi\u00f3n\",\"publisher\":{\"@id\":\"https:\\\/\\\/www.apen.es\\\/#organization\"},\"potentialAction\":[{\"@type\":\"SearchAction\",\"target\":{\"@type\":\"EntryPoint\",\"urlTemplate\":\"https:\\\/\\\/www.apen.es\\\/?s={search_term_string}\"},\"query-input\":{\"@type\":\"PropertyValueSpecification\",\"valueRequired\":true,\"valueName\":\"search_term_string\"}}],\"inLanguage\":\"en-US\"},{\"@type\":\"Organization\",\"@id\":\"https:\\\/\\\/www.apen.es\\\/#organization\",\"name\":\"Apen: Soluciones inform\u00e1ticas\",\"url\":\"https:\\\/\\\/www.apen.es\\\/\",\"logo\":{\"@type\":\"ImageObject\",\"inLanguage\":\"en-US\",\"@id\":\"https:\\\/\\\/www.apen.es\\\/#\\\/schema\\\/logo\\\/image\\\/\",\"url\":\"https:\\\/\\\/www.apen.es\\\/wp-content\\\/uploads\\\/2022\\\/08\\\/logo-apenok-231x82-1.png\",\"contentUrl\":\"https:\\\/\\\/www.apen.es\\\/wp-content\\\/uploads\\\/2022\\\/08\\\/logo-apenok-231x82-1.png\",\"width\":231,\"height\":82,\"caption\":\"Apen: Soluciones inform\u00e1ticas\"},\"image\":{\"@id\":\"https:\\\/\\\/www.apen.es\\\/#\\\/schema\\\/logo\\\/image\\\/\"},\"sameAs\":[\"https:\\\/\\\/www.facebook.com\\\/apensolucions\",\"https:\\\/\\\/www.youtube.com\\\/user\\\/ApenCentreInformatic\",\"https:\\\/\\\/www.linkedin.com\\\/company\\\/1021771?trk=tyah&trkInfo=clickedVerticalcompanyclickedEntityId1021771idx2-1-2tarId1464195271196tasapenin\"]}]}<\/script>\n<!-- \/ Yoast SEO plugin. -->","yoast_head_json":{"title":"Konica Minolta Printer Rental Barcelona - Apen Inform\u00e1tica","description":"At Apen we offer KONICA MINOLTA printer rental services in Barcelona, along with technical support and maintenance for the printers.","robots":{"index":"index","follow":"follow","max-snippet":"max-snippet:-1","max-image-preview":"max-image-preview:large","max-video-preview":"max-video-preview:-1"},"canonical":"https:\/\/www.apen.es\/en\/printing-solutions\/konica-minolta-printer-rental-barcelona\/","og_locale":"en_US","og_type":"article","og_title":"Renting Impresoras Konica Minolta Barcelona - Apen Inform\u00e1tica","og_description":"En Apen ofrecemos el servicio de renting de impresoras KONICA MINOLTA en Barcelona y un soporte t\u00e9cnico y mantenimiento de las impresoras","og_url":"https:\/\/www.apen.es\/en\/printing-solutions\/konica-minolta-printer-rental-barcelona\/","og_site_name":"Apen Inform\u00e1tica","article_publisher":"https:\/\/www.facebook.com\/apensolucions","article_modified_time":"2025-05-23T08:21:35+00:00","og_image":[{"width":231,"height":82,"url":"https:\/\/www.apen.es\/wp-content\/uploads\/2016\/05\/logo-apen-231x82-trasparent.png","type":"image\/png"}],"twitter_card":"summary_large_image","twitter_misc":{"Est. reading time":"9 minutes"},"schema":{"@context":"https:\/\/schema.org","@graph":[{"@type":"WebPage","@id":"https:\/\/www.apen.es\/soluciones-de-impresion\/renting-impresoras-konica-minolta-barcelona\/","url":"https:\/\/www.apen.es\/soluciones-de-impresion\/renting-impresoras-konica-minolta-barcelona\/","name":"Konica Minolta Printer Rental Barcelona - Apen Inform\u00e1tica","isPartOf":{"@id":"https:\/\/www.apen.es\/#website"},"datePublished":"2017-01-23T16:43:07+00:00","dateModified":"2025-05-23T08:21:35+00:00","description":"At Apen we offer KONICA MINOLTA printer rental services in Barcelona, along with technical support and maintenance for the printers.","breadcrumb":{"@id":"https:\/\/www.apen.es\/soluciones-de-impresion\/renting-impresoras-konica-minolta-barcelona\/#breadcrumb"},"inLanguage":"en-US","potentialAction":[{"@type":"ReadAction","target":["https:\/\/www.apen.es\/soluciones-de-impresion\/renting-impresoras-konica-minolta-barcelona\/"]}]},{"@type":"BreadcrumbList","@id":"https:\/\/www.apen.es\/soluciones-de-impresion\/renting-impresoras-konica-minolta-barcelona\/#breadcrumb","itemListElement":[{"@type":"ListItem","position":1,"name":"Portada","item":"https:\/\/www.apen.es\/"},{"@type":"ListItem","position":2,"name":"Soluciones de impresi\u00f3n","item":"https:\/\/www.apen.es\/soluciones-de-impresion\/"},{"@type":"ListItem","position":3,"name":"Renting Impresoras Konica Minolta Barcelona"}]},{"@type":"WebSite","@id":"https:\/\/www.apen.es\/#website","url":"https:\/\/www.apen.es\/","name":"Apen Inform\u00e1tica","description":"IT Maintenance, Management Software, Printing Solutions","publisher":{"@id":"https:\/\/www.apen.es\/#organization"},"potentialAction":[{"@type":"SearchAction","target":{"@type":"EntryPoint","urlTemplate":"https:\/\/www.apen.es\/?s={search_term_string}"},"query-input":{"@type":"PropertyValueSpecification","valueRequired":true,"valueName":"search_term_string"}}],"inLanguage":"en-US"},{"@type":"Organization","@id":"https:\/\/www.apen.es\/#organization","name":"Apen: IT Solutions","url":"https:\/\/www.apen.es\/","logo":{"@type":"ImageObject","inLanguage":"en-US","@id":"https:\/\/www.apen.es\/#\/schema\/logo\/image\/","url":"https:\/\/www.apen.es\/wp-content\/uploads\/2022\/08\/logo-apenok-231x82-1.png","contentUrl":"https:\/\/www.apen.es\/wp-content\/uploads\/2022\/08\/logo-apenok-231x82-1.png","width":231,"height":82,"caption":"Apen: Soluciones inform\u00e1ticas"},"image":{"@id":"https:\/\/www.apen.es\/#\/schema\/logo\/image\/"},"sameAs":["https:\/\/www.facebook.com\/apensolucions","https:\/\/www.youtube.com\/user\/ApenCentreInformatic","https:\/\/www.linkedin.com\/company\/1021771?trk=tyah&trkInfo=clickedVerticalcompanyclickedEntityId1021771idx2-1-2tarId1464195271196tasapenin"]}]}},"taxonomy_info":[],"featured_image_src_large":false,"author_info":{"display_name":"marqueting","author_link":"https:\/\/www.apen.es\/en\/blog\/author\/marqueting\/"},"comment_info":0,"_links":{"self":[{"href":"https:\/\/www.apen.es\/en\/wp-json\/wp\/v2\/pages\/5848","targetHints":{"allow":["GET"]}}],"collection":[{"href":"https:\/\/www.apen.es\/en\/wp-json\/wp\/v2\/pages"}],"about":[{"href":"https:\/\/www.apen.es\/en\/wp-json\/wp\/v2\/types\/page"}],"author":[{"embeddable":true,"href":"https:\/\/www.apen.es\/en\/wp-json\/wp\/v2\/users\/4"}],"replies":[{"embeddable":true,"href":"https:\/\/www.apen.es\/en\/wp-json\/wp\/v2\/comments?post=5848"}],"version-history":[{"count":4,"href":"https:\/\/www.apen.es\/en\/wp-json\/wp\/v2\/pages\/5848\/revisions"}],"predecessor-version":[{"id":54881,"href":"https:\/\/www.apen.es\/en\/wp-json\/wp\/v2\/pages\/5848\/revisions\/54881"}],"up":[{"embeddable":true,"href":"https:\/\/www.apen.es\/en\/wp-json\/wp\/v2\/pages\/1158"}],"wp:attachment":[{"href":"https:\/\/www.apen.es\/en\/wp-json\/wp\/v2\/media?parent=5848"}],"curies":[{"name":"wp","href":"https:\/\/api.w.org\/{rel}","templated":true}]}}