{"id":5846,"date":"2017-01-23T16:38:31","date_gmt":"2017-01-23T16:38:31","guid":{"rendered":"https:\/\/www.apen.es\/?page_id=5846"},"modified":"2025-06-05T15:14:36","modified_gmt":"2025-06-05T15:14:36","slug":"oki-printer-rental-barcelona","status":"publish","type":"page","link":"https:\/\/www.apen.es\/en\/soluciones-de-impresion\/renting-impresoras-oki-barcelona\/","title":{"rendered":"OKI printer rental Barcelona"},"content":{"rendered":"<p><strong>Apen<\/strong>&nbsp;It offers you the best&nbsp;<strong>Renting<\/strong>&nbsp;of&nbsp;<strong>printers<\/strong>, with the best brands on the market.&nbsp;<strong>Renting<\/strong>&nbsp;of&nbsp;<strong>printers<\/strong>&nbsp;<strong>OKI<\/strong>&nbsp;<strong>Barcelona<\/strong>&nbsp;It&#039;s a good example, a brand that offers great features for your company.<\/p>\n\n\n\n<p>Multi-departmental companies require a large number of printers, and the&nbsp;<strong>Renting<\/strong>&nbsp;It represents a great solution, that&#039;s why in&nbsp;<strong>Apen<\/strong>&nbsp;We offer you a fairer and more economical service like the&nbsp;<strong>Renting<\/strong>&nbsp;of&nbsp;<strong>printers<\/strong>&nbsp;<strong>OKI<\/strong>&nbsp;<strong>Barcelona<\/strong>.<\/p>\n\n\n\n<h3 class=\"wp-block-heading\"><strong>OKI printer rental in Barcelona from Apen<\/strong><\/h3>\n\n\n\n<p><strong>Apen<\/strong>&nbsp;is one of the main suppliers of&nbsp;<strong>printers<\/strong>&nbsp;<strong>OKI<\/strong>&nbsp;in&nbsp;<strong>Barcelona<\/strong>, In addition to being a reliable company when it comes to offering maintenance and technical support, it also provides the best fuel supply service.&nbsp;<strong>printers<\/strong>&nbsp;<strong>OKI<\/strong>, from the entire province of&nbsp;<strong>Barcelona<\/strong>.<\/p>\n\n\n\n<p>The service&nbsp;<strong>Renting<\/strong>&nbsp;of&nbsp;<strong>printers<\/strong>&nbsp;<strong>OKI<\/strong>&nbsp;<strong>Barcelona<\/strong>&nbsp;of&nbsp;<strong>Apen<\/strong>, It offers great benefits to companies and has a fixed monthly fee. Thanks to&nbsp;<strong>service<\/strong>&nbsp;<strong>Renting<\/strong>&nbsp;of&nbsp;<strong>printers<\/strong>&nbsp;of&nbsp;<strong>OKI<\/strong>&nbsp;<strong>Barcelona<\/strong>&nbsp;Your company will not need to make a large initial investment. Multi-departmental companies require a large amount of&nbsp;<strong>printers<\/strong>, and the&nbsp;<strong>Renting<\/strong>&nbsp;of&nbsp;<strong>printers<\/strong>&nbsp;<strong>OKI<\/strong>&nbsp;<strong>Barcelona<\/strong>&nbsp;It represents a great solution.<\/p>\n\n\n\n<p>If your company does not have efficient printing equipment, fuel and printer expenses likely account for more than 1.51% of your company&#039;s annual budget.&nbsp;<strong>Apen<\/strong>&nbsp;We want you to have access to an affordable and highly competitive service like the&nbsp;<strong>Renting<\/strong>&nbsp;of&nbsp;<strong>printers<\/strong>&nbsp;<strong>OKI<\/strong>&nbsp;<strong>Barcelona<\/strong>, in which we can offer you solutions to reduce that cost by nearly half, not only by offering the&nbsp;<strong>printers<\/strong>&nbsp;not only by making it more efficient but also by improving printing guidelines and habits.<\/p>\n\n\n\n<p>Thanks to the incorporation of the teams of&nbsp;<strong>impression<\/strong>&nbsp;of&nbsp;<strong>OKI<\/strong>&nbsp;in the catalog of&nbsp;<strong>Apen<\/strong>, We can offer all types of printing solutions for businesses in the province of&nbsp;<strong>Barcelona<\/strong>. The best of Japanese technology can be found in these printers, multifunction products and fax machines: Maximum productivity, cost savings, component reliability and printing speed.<\/p>\n\n\n\n<p><strong>Apen<\/strong>&nbsp;is one of the main suppliers of&nbsp;<strong>printers<\/strong>&nbsp;<strong>OKI<\/strong>&nbsp;in&nbsp;<strong>Barcelona<\/strong>, In addition to being a reliable company when it comes to offering maintenance and technical support, we also provide the best OKI printer cartridge supply service in the entire province of Barcelona.<\/p>\n\n\n\n<h3 class=\"wp-block-heading\"><strong>Technical maintenance, repair and sales<\/strong><\/h3>\n\n\n\n<p>In&nbsp;<strong>Apen<\/strong>&nbsp;We trust the best brands on the market, such as&nbsp;<strong>OKI<\/strong>&nbsp;<strong>Barcelona<\/strong>, To help you select the most productive equipment, we offer essential advice and guidance for implementing best practices in your printing business and the best systems to control costs. Thanks to a preliminary study to understand your company&#039;s actual printing needs, we can assess your printing volume and determine the optimal solution. Maintenance includes equipment installation and configuration, all consumables and their management, parts and replacements, support within 4 hours, loaner equipment in case of breakdown, preventative maintenance, remote monitoring service, and repairs and on-site visits.<\/p>\n\n\n\n<p>The service&nbsp;<strong>Renting<\/strong>&nbsp;of&nbsp;<strong>printers<\/strong>&nbsp;<strong>OKI<\/strong>&nbsp;<strong>Barcelona<\/strong>&nbsp;It is one of the best services of&nbsp;<strong>Apen<\/strong>, along with the rest of the best brands on the market such as HP, Konica Minolta and Kyocera.<\/p>","protected":false},"excerpt":{"rendered":"<p>Apen&nbsp;te ofrece el mejor&nbsp;Renting&nbsp;de&nbsp;impresoras, con las mejores marcas del mercado. El&nbsp;Renting&nbsp;de&nbsp;impresoras&nbsp;OKI&nbsp;Barcelona&nbsp;es un buen ejemplo, una marca que cuenta con grandes prestaciones para tu empresa. Las empresas multi departamentales requieren una gran cantidad de impresoras, y el&nbsp;Renting&nbsp;representa una gran soluci\u00f3n, por eso en&nbsp;Apen&nbsp;te ofrecemos un servicio m\u00e1s justo y econ\u00f3mico como el&nbsp;Renting&nbsp;de&nbsp;impresoras&nbsp;OKI&nbsp;Barcelona. El Renting de impresoras&#8230;<\/p>","protected":false},"author":4,"featured_media":54376,"parent":1158,"menu_order":0,"comment_status":"closed","ping_status":"closed","template":"page-landing-renting.php","meta":{"_acf_changed":false,"_kad_blocks_custom_css":"","_kad_blocks_head_custom_js":"","_kad_blocks_body_custom_js":"","_kad_blocks_footer_custom_js":"","_kad_post_transparent":"","_kad_post_title":"","_kad_post_layout":"","_kad_post_sidebar_id":"","_kad_post_content_style":"","_kad_post_vertical_padding":"","_kad_post_feature":"","_kad_post_feature_position":"","_kad_post_header":false,"_kad_post_footer":false,"_kad_post_classname":"","footnotes":""},"class_list":["post-5846","page","type-page","status-publish","has-post-thumbnail","hentry"],"acf":[],"yoast_head":"<!-- This site is optimized with the Yoast SEO plugin v27.4 - https:\/\/yoast.com\/product\/yoast-seo-wordpress\/ -->\n<title>Renting impresoras OKI Barcelona - Apen Inform\u00e1tica<\/title>\n<meta name=\"description\" content=\"En Apen ofrecemos el servicio de renting de impresoras OKI en Barcelona a dem\u00e1s de un soporte t\u00e9cnico y mantenimiento de las impresoras.\" \/>\n<meta name=\"robots\" content=\"index, follow, max-snippet:-1, max-image-preview:large, max-video-preview:-1\" \/>\n<link rel=\"canonical\" href=\"https:\/\/www.apen.es\/en\/printing-solutions\/oki-printer-rental-barcelona\/\" \/>\n<meta property=\"og:locale\" content=\"en_US\" \/>\n<meta property=\"og:type\" content=\"article\" \/>\n<meta property=\"og:title\" content=\"Renting impresoras OKI Barcelona - Apen Inform\u00e1tica\" \/>\n<meta property=\"og:description\" content=\"En Apen ofrecemos el servicio de renting de impresoras OKI en Barcelona a dem\u00e1s de un soporte t\u00e9cnico y mantenimiento de las impresoras.\" \/>\n<meta property=\"og:url\" content=\"https:\/\/www.apen.es\/en\/printing-solutions\/oki-printer-rental-barcelona\/\" \/>\n<meta property=\"og:site_name\" content=\"Apen Inform\u00e1tica\" \/>\n<meta property=\"article:publisher\" content=\"https:\/\/www.facebook.com\/apensolucions\" \/>\n<meta property=\"article:modified_time\" content=\"2025-06-05T15:14:36+00:00\" \/>\n<meta property=\"og:image\" content=\"https:\/\/www.apen.es\/wp-content\/uploads\/2025\/02\/foto-2.jpg\" \/>\n\t<meta property=\"og:image:width\" content=\"840\" \/>\n\t<meta property=\"og:image:height\" content=\"517\" \/>\n\t<meta property=\"og:image:type\" content=\"image\/jpeg\" \/>\n<meta name=\"twitter:card\" content=\"summary_large_image\" \/>\n<meta name=\"twitter:label1\" content=\"Est. reading time\" \/>\n\t<meta name=\"twitter:data1\" content=\"8 minutes\" \/>\n<script type=\"application\/ld+json\" class=\"yoast-schema-graph\">{\"@context\":\"https:\\\/\\\/schema.org\",\"@graph\":[{\"@type\":\"WebPage\",\"@id\":\"https:\\\/\\\/www.apen.es\\\/soluciones-de-impresion\\\/renting-impresoras-oki-barcelona\\\/\",\"url\":\"https:\\\/\\\/www.apen.es\\\/soluciones-de-impresion\\\/renting-impresoras-oki-barcelona\\\/\",\"name\":\"Renting impresoras OKI Barcelona - Apen Inform\u00e1tica\",\"isPartOf\":{\"@id\":\"https:\\\/\\\/www.apen.es\\\/#website\"},\"primaryImageOfPage\":{\"@id\":\"https:\\\/\\\/www.apen.es\\\/soluciones-de-impresion\\\/renting-impresoras-oki-barcelona\\\/#primaryimage\"},\"image\":{\"@id\":\"https:\\\/\\\/www.apen.es\\\/soluciones-de-impresion\\\/renting-impresoras-oki-barcelona\\\/#primaryimage\"},\"thumbnailUrl\":\"https:\\\/\\\/www.apen.es\\\/wp-content\\\/uploads\\\/2025\\\/02\\\/foto-2.jpg\",\"datePublished\":\"2017-01-23T16:38:31+00:00\",\"dateModified\":\"2025-06-05T15:14:36+00:00\",\"description\":\"En Apen ofrecemos el servicio de renting de impresoras OKI en Barcelona a dem\u00e1s de un soporte t\u00e9cnico y mantenimiento de las impresoras.\",\"breadcrumb\":{\"@id\":\"https:\\\/\\\/www.apen.es\\\/soluciones-de-impresion\\\/renting-impresoras-oki-barcelona\\\/#breadcrumb\"},\"inLanguage\":\"en-US\",\"potentialAction\":[{\"@type\":\"ReadAction\",\"target\":[\"https:\\\/\\\/www.apen.es\\\/soluciones-de-impresion\\\/renting-impresoras-oki-barcelona\\\/\"]}]},{\"@type\":\"ImageObject\",\"inLanguage\":\"en-US\",\"@id\":\"https:\\\/\\\/www.apen.es\\\/soluciones-de-impresion\\\/renting-impresoras-oki-barcelona\\\/#primaryimage\",\"url\":\"https:\\\/\\\/www.apen.es\\\/wp-content\\\/uploads\\\/2025\\\/02\\\/foto-2.jpg\",\"contentUrl\":\"https:\\\/\\\/www.apen.es\\\/wp-content\\\/uploads\\\/2025\\\/02\\\/foto-2.jpg\",\"width\":840,\"height\":517},{\"@type\":\"BreadcrumbList\",\"@id\":\"https:\\\/\\\/www.apen.es\\\/soluciones-de-impresion\\\/renting-impresoras-oki-barcelona\\\/#breadcrumb\",\"itemListElement\":[{\"@type\":\"ListItem\",\"position\":1,\"name\":\"Portada\",\"item\":\"https:\\\/\\\/www.apen.es\\\/\"},{\"@type\":\"ListItem\",\"position\":2,\"name\":\"Soluciones de impresi\u00f3n\",\"item\":\"https:\\\/\\\/www.apen.es\\\/soluciones-de-impresion\\\/\"},{\"@type\":\"ListItem\",\"position\":3,\"name\":\"Renting impresoras OKI Barcelona\"}]},{\"@type\":\"WebSite\",\"@id\":\"https:\\\/\\\/www.apen.es\\\/#website\",\"url\":\"https:\\\/\\\/www.apen.es\\\/\",\"name\":\"Apen Inform\u00e1tica\",\"description\":\"Mantenimiento Inform\u00e1tico , Software de Gesti\u00f3n, Soluciones de impresi\u00f3n\",\"publisher\":{\"@id\":\"https:\\\/\\\/www.apen.es\\\/#organization\"},\"potentialAction\":[{\"@type\":\"SearchAction\",\"target\":{\"@type\":\"EntryPoint\",\"urlTemplate\":\"https:\\\/\\\/www.apen.es\\\/?s={search_term_string}\"},\"query-input\":{\"@type\":\"PropertyValueSpecification\",\"valueRequired\":true,\"valueName\":\"search_term_string\"}}],\"inLanguage\":\"en-US\"},{\"@type\":\"Organization\",\"@id\":\"https:\\\/\\\/www.apen.es\\\/#organization\",\"name\":\"Apen: Soluciones inform\u00e1ticas\",\"url\":\"https:\\\/\\\/www.apen.es\\\/\",\"logo\":{\"@type\":\"ImageObject\",\"inLanguage\":\"en-US\",\"@id\":\"https:\\\/\\\/www.apen.es\\\/#\\\/schema\\\/logo\\\/image\\\/\",\"url\":\"https:\\\/\\\/www.apen.es\\\/wp-content\\\/uploads\\\/2022\\\/08\\\/logo-apenok-231x82-1.png\",\"contentUrl\":\"https:\\\/\\\/www.apen.es\\\/wp-content\\\/uploads\\\/2022\\\/08\\\/logo-apenok-231x82-1.png\",\"width\":231,\"height\":82,\"caption\":\"Apen: Soluciones inform\u00e1ticas\"},\"image\":{\"@id\":\"https:\\\/\\\/www.apen.es\\\/#\\\/schema\\\/logo\\\/image\\\/\"},\"sameAs\":[\"https:\\\/\\\/www.facebook.com\\\/apensolucions\",\"https:\\\/\\\/www.youtube.com\\\/user\\\/ApenCentreInformatic\",\"https:\\\/\\\/www.linkedin.com\\\/company\\\/1021771?trk=tyah&trkInfo=clickedVerticalcompanyclickedEntityId1021771idx2-1-2tarId1464195271196tasapenin\"]}]}<\/script>\n<!-- \/ Yoast SEO plugin. -->","yoast_head_json":{"title":"OKI printer rental Barcelona - Apen Inform\u00e1tica","description":"At Apen we offer OKI printer rental services in Barcelona, as well as technical support and printer maintenance.","robots":{"index":"index","follow":"follow","max-snippet":"max-snippet:-1","max-image-preview":"max-image-preview:large","max-video-preview":"max-video-preview:-1"},"canonical":"https:\/\/www.apen.es\/en\/printing-solutions\/oki-printer-rental-barcelona\/","og_locale":"en_US","og_type":"article","og_title":"Renting impresoras OKI Barcelona - Apen Inform\u00e1tica","og_description":"En Apen ofrecemos el servicio de renting de impresoras OKI en Barcelona a dem\u00e1s de un soporte t\u00e9cnico y mantenimiento de las impresoras.","og_url":"https:\/\/www.apen.es\/en\/printing-solutions\/oki-printer-rental-barcelona\/","og_site_name":"Apen Inform\u00e1tica","article_publisher":"https:\/\/www.facebook.com\/apensolucions","article_modified_time":"2025-06-05T15:14:36+00:00","og_image":[{"width":840,"height":517,"url":"https:\/\/www.apen.es\/wp-content\/uploads\/2025\/02\/foto-2.jpg","type":"image\/jpeg"}],"twitter_card":"summary_large_image","twitter_misc":{"Est. reading time":"8 minutes"},"schema":{"@context":"https:\/\/schema.org","@graph":[{"@type":"WebPage","@id":"https:\/\/www.apen.es\/soluciones-de-impresion\/renting-impresoras-oki-barcelona\/","url":"https:\/\/www.apen.es\/soluciones-de-impresion\/renting-impresoras-oki-barcelona\/","name":"OKI printer rental Barcelona - Apen Inform\u00e1tica","isPartOf":{"@id":"https:\/\/www.apen.es\/#website"},"primaryImageOfPage":{"@id":"https:\/\/www.apen.es\/soluciones-de-impresion\/renting-impresoras-oki-barcelona\/#primaryimage"},"image":{"@id":"https:\/\/www.apen.es\/soluciones-de-impresion\/renting-impresoras-oki-barcelona\/#primaryimage"},"thumbnailUrl":"https:\/\/www.apen.es\/wp-content\/uploads\/2025\/02\/foto-2.jpg","datePublished":"2017-01-23T16:38:31+00:00","dateModified":"2025-06-05T15:14:36+00:00","description":"At Apen we offer OKI printer rental services in Barcelona, as well as technical support and printer maintenance.","breadcrumb":{"@id":"https:\/\/www.apen.es\/soluciones-de-impresion\/renting-impresoras-oki-barcelona\/#breadcrumb"},"inLanguage":"en-US","potentialAction":[{"@type":"ReadAction","target":["https:\/\/www.apen.es\/soluciones-de-impresion\/renting-impresoras-oki-barcelona\/"]}]},{"@type":"ImageObject","inLanguage":"en-US","@id":"https:\/\/www.apen.es\/soluciones-de-impresion\/renting-impresoras-oki-barcelona\/#primaryimage","url":"https:\/\/www.apen.es\/wp-content\/uploads\/2025\/02\/foto-2.jpg","contentUrl":"https:\/\/www.apen.es\/wp-content\/uploads\/2025\/02\/foto-2.jpg","width":840,"height":517},{"@type":"BreadcrumbList","@id":"https:\/\/www.apen.es\/soluciones-de-impresion\/renting-impresoras-oki-barcelona\/#breadcrumb","itemListElement":[{"@type":"ListItem","position":1,"name":"Portada","item":"https:\/\/www.apen.es\/"},{"@type":"ListItem","position":2,"name":"Soluciones de impresi\u00f3n","item":"https:\/\/www.apen.es\/soluciones-de-impresion\/"},{"@type":"ListItem","position":3,"name":"Renting impresoras OKI Barcelona"}]},{"@type":"WebSite","@id":"https:\/\/www.apen.es\/#website","url":"https:\/\/www.apen.es\/","name":"Apen Inform\u00e1tica","description":"IT Maintenance, Management Software, Printing Solutions","publisher":{"@id":"https:\/\/www.apen.es\/#organization"},"potentialAction":[{"@type":"SearchAction","target":{"@type":"EntryPoint","urlTemplate":"https:\/\/www.apen.es\/?s={search_term_string}"},"query-input":{"@type":"PropertyValueSpecification","valueRequired":true,"valueName":"search_term_string"}}],"inLanguage":"en-US"},{"@type":"Organization","@id":"https:\/\/www.apen.es\/#organization","name":"Apen: IT Solutions","url":"https:\/\/www.apen.es\/","logo":{"@type":"ImageObject","inLanguage":"en-US","@id":"https:\/\/www.apen.es\/#\/schema\/logo\/image\/","url":"https:\/\/www.apen.es\/wp-content\/uploads\/2022\/08\/logo-apenok-231x82-1.png","contentUrl":"https:\/\/www.apen.es\/wp-content\/uploads\/2022\/08\/logo-apenok-231x82-1.png","width":231,"height":82,"caption":"Apen: Soluciones inform\u00e1ticas"},"image":{"@id":"https:\/\/www.apen.es\/#\/schema\/logo\/image\/"},"sameAs":["https:\/\/www.facebook.com\/apensolucions","https:\/\/www.youtube.com\/user\/ApenCentreInformatic","https:\/\/www.linkedin.com\/company\/1021771?trk=tyah&trkInfo=clickedVerticalcompanyclickedEntityId1021771idx2-1-2tarId1464195271196tasapenin"]}]}},"taxonomy_info":[],"featured_image_src_large":["https:\/\/www.apen.es\/wp-content\/uploads\/2025\/02\/foto-2.jpg",840,517,false],"author_info":{"display_name":"marqueting","author_link":"https:\/\/www.apen.es\/en\/blog\/author\/marqueting\/"},"comment_info":0,"_links":{"self":[{"href":"https:\/\/www.apen.es\/en\/wp-json\/wp\/v2\/pages\/5846","targetHints":{"allow":["GET"]}}],"collection":[{"href":"https:\/\/www.apen.es\/en\/wp-json\/wp\/v2\/pages"}],"about":[{"href":"https:\/\/www.apen.es\/en\/wp-json\/wp\/v2\/types\/page"}],"author":[{"embeddable":true,"href":"https:\/\/www.apen.es\/en\/wp-json\/wp\/v2\/users\/4"}],"replies":[{"embeddable":true,"href":"https:\/\/www.apen.es\/en\/wp-json\/wp\/v2\/comments?post=5846"}],"version-history":[{"count":5,"href":"https:\/\/www.apen.es\/en\/wp-json\/wp\/v2\/pages\/5846\/revisions"}],"predecessor-version":[{"id":55097,"href":"https:\/\/www.apen.es\/en\/wp-json\/wp\/v2\/pages\/5846\/revisions\/55097"}],"up":[{"embeddable":true,"href":"https:\/\/www.apen.es\/en\/wp-json\/wp\/v2\/pages\/1158"}],"wp:featuredmedia":[{"embeddable":true,"href":"https:\/\/www.apen.es\/en\/wp-json\/wp\/v2\/media\/54376"}],"wp:attachment":[{"href":"https:\/\/www.apen.es\/en\/wp-json\/wp\/v2\/media?parent=5846"}],"curies":[{"name":"wp","href":"https:\/\/api.w.org\/{rel}","templated":true}]}}