{"id":5761,"date":"2016-12-12T20:16:53","date_gmt":"2016-12-12T20:16:53","guid":{"rendered":"https:\/\/www.apen.es\/?page_id=5761"},"modified":"2025-06-27T08:00:07","modified_gmt":"2025-06-27T08:00:07","slug":"management-software-for-companies","status":"publish","type":"page","link":"https:\/\/www.apen.es\/en\/management-software\/management-software-for-companies\/","title":{"rendered":"Management software for companies"},"content":{"rendered":"<p>In <strong>Apen Barcelona<\/strong> We offer you a <strong>management software <\/strong>for your<strong> company<\/strong>, a comprehensive system to control and monitor all areas in a quick and intuitive way. <strong>Apen Barcelona<\/strong> A3ERP offers you, a <strong>management software<\/strong> for medium and small <strong>companies<\/strong>, which differs from conventional ERP systems thanks to your comprehensive service, from which all areas of the <strong>company<\/strong>.<\/p>\n\n\n\n<p>If you have a <strong>company in Barcelona<\/strong> It&#039;s time to install a <strong>management software<\/strong>, with which to obtain greater productivity among workers and in the functioning of all areas of the <strong>company<\/strong>. A3ERP of <strong>Apen Barcelona<\/strong> It allows you to have a clear view of all departments of the <strong>company<\/strong>, without complicating your life. It helps you have a schematic representation of your <strong>company<\/strong> which will provide great solutions such as making better decisions and even improving the performance and productivity of workers.<\/p>\n\n\n\n<p><strong>A3ERP management software<\/strong> It allows you to move quickly to resolve doubts, errors, or improvements that will transform your company into a fully professional and proactive business, setting it apart from the competition. A3ERP is a complete solution, specifically designed to fully adapt to the needs of each business model. It covers all the areas that make up a <strong>company<\/strong> They need to enjoy, in the right way, communication that allows them to manage each of the decisions that must be made daily, in a global and efficient way without one affecting the other: analyzing, managing and directing each area of our <strong>company<\/strong>.<\/p>\n\n\n\n<p>The fact of <strong>homogenize all areas<\/strong> A3ERP, a single program, greatly optimizes the management of these processes. Unlike a conventional management program, A3ERP is a comprehensive system capable of combining the features of different systems. <strong>management software<\/strong> for specific areas, in one, working from a single database.<\/p>\n\n\n\n<p>Thanks to that communion fostered by the <strong>management software<\/strong>, with the ability to adapt to the specific needs of each <strong>company<\/strong> You may require, regardless of the structure or activity you are engaged in; you will enjoy a 360\u00ba view of your organization that will help you, at all times, to manage the different dimensions efficiently, in a global way that allows for that improvement in productivity and the increase in competitiveness that the implementation of software of this type certifies.<\/p>\n\n\n\n<p><strong>Apen Barcelona<\/strong> bet on <strong>management software<\/strong> for your <strong>company<\/strong>, with which you can work in a professional and productive way, providing a homogeneous vision of each of the areas of the <strong>company<\/strong>.<\/p>","protected":false},"excerpt":{"rendered":"<p>En Apen Barcelona te ofrecemos un software de gesti\u00f3n para tu empresa, un sistema integral para poder controlar y supervisar todas las \u00e1reas de una forma r\u00e1pida e intuitiva. Apen Barcelona te ofrece A3ERP, un software de gesti\u00f3n para las medianas y peque\u00f1as empresas, que se diferencia de los sistemas ERP convencionales gracias a tu&#8230;<\/p>","protected":false},"author":4,"featured_media":0,"parent":1181,"menu_order":0,"comment_status":"closed","ping_status":"closed","template":"page-landing-software.php","meta":{"_acf_changed":false,"_kad_blocks_custom_css":"","_kad_blocks_head_custom_js":"","_kad_blocks_body_custom_js":"","_kad_blocks_footer_custom_js":"","_kad_post_transparent":"","_kad_post_title":"","_kad_post_layout":"","_kad_post_sidebar_id":"","_kad_post_content_style":"","_kad_post_vertical_padding":"","_kad_post_feature":"","_kad_post_feature_position":"","_kad_post_header":false,"_kad_post_footer":false,"_kad_post_classname":"","footnotes":""},"class_list":["post-5761","page","type-page","status-publish","hentry"],"acf":[],"yoast_head":"<!-- This site is optimized with the Yoast SEO plugin v27.4 - https:\/\/yoast.com\/product\/yoast-seo-wordpress\/ -->\n<title>Programa de gesti\u00f3n para empresas - Apen Inform\u00e1tica<\/title>\n<meta name=\"description\" content=\"En Apen Barcelona te ofrecemos un software de gesti\u00f3n para tu empresa, un sistema integral para poder controlar y supervisar todas las \u00e1reas de una forma\" \/>\n<meta name=\"robots\" content=\"index, follow, max-snippet:-1, max-image-preview:large, max-video-preview:-1\" \/>\n<link rel=\"canonical\" href=\"https:\/\/www.apen.es\/en\/management-software\/management-software-for-companies\/\" \/>\n<meta property=\"og:locale\" content=\"en_US\" \/>\n<meta property=\"og:type\" content=\"article\" \/>\n<meta property=\"og:title\" content=\"Programa de gesti\u00f3n para empresas - Apen Inform\u00e1tica\" \/>\n<meta property=\"og:description\" content=\"En Apen Barcelona te ofrecemos un software de gesti\u00f3n para tu empresa, un sistema integral para poder controlar y supervisar todas las \u00e1reas de una forma\" \/>\n<meta property=\"og:url\" content=\"https:\/\/www.apen.es\/en\/management-software\/management-software-for-companies\/\" \/>\n<meta property=\"og:site_name\" content=\"Apen Inform\u00e1tica\" \/>\n<meta property=\"article:publisher\" content=\"https:\/\/www.facebook.com\/apensolucions\" \/>\n<meta property=\"article:modified_time\" content=\"2025-06-27T08:00:07+00:00\" \/>\n<meta property=\"og:image\" content=\"https:\/\/www.apen.es\/wp-content\/uploads\/2016\/05\/logo-apen-231x82-trasparent.png\" \/>\n\t<meta property=\"og:image:width\" content=\"231\" \/>\n\t<meta property=\"og:image:height\" content=\"82\" \/>\n\t<meta property=\"og:image:type\" content=\"image\/png\" \/>\n<meta name=\"twitter:card\" content=\"summary_large_image\" \/>\n<meta name=\"twitter:label1\" content=\"Est. reading time\" \/>\n\t<meta name=\"twitter:data1\" content=\"2 minutes\" \/>\n<script type=\"application\/ld+json\" class=\"yoast-schema-graph\">{\"@context\":\"https:\\\/\\\/schema.org\",\"@graph\":[{\"@type\":\"WebPage\",\"@id\":\"https:\\\/\\\/www.apen.es\\\/software-de-gestion\\\/programa-de-gestion-para-empresas\\\/\",\"url\":\"https:\\\/\\\/www.apen.es\\\/software-de-gestion\\\/programa-de-gestion-para-empresas\\\/\",\"name\":\"Programa de gesti\u00f3n para empresas - Apen Inform\u00e1tica\",\"isPartOf\":{\"@id\":\"https:\\\/\\\/www.apen.es\\\/#website\"},\"datePublished\":\"2016-12-12T20:16:53+00:00\",\"dateModified\":\"2025-06-27T08:00:07+00:00\",\"description\":\"En Apen Barcelona te ofrecemos un software de gesti\u00f3n para tu empresa, un sistema integral para poder controlar y supervisar todas las \u00e1reas de una forma\",\"breadcrumb\":{\"@id\":\"https:\\\/\\\/www.apen.es\\\/software-de-gestion\\\/programa-de-gestion-para-empresas\\\/#breadcrumb\"},\"inLanguage\":\"en-US\",\"potentialAction\":[{\"@type\":\"ReadAction\",\"target\":[\"https:\\\/\\\/www.apen.es\\\/software-de-gestion\\\/programa-de-gestion-para-empresas\\\/\"]}]},{\"@type\":\"BreadcrumbList\",\"@id\":\"https:\\\/\\\/www.apen.es\\\/software-de-gestion\\\/programa-de-gestion-para-empresas\\\/#breadcrumb\",\"itemListElement\":[{\"@type\":\"ListItem\",\"position\":1,\"name\":\"Portada\",\"item\":\"https:\\\/\\\/www.apen.es\\\/\"},{\"@type\":\"ListItem\",\"position\":2,\"name\":\"Software de gesti\u00f3n a3ERP\",\"item\":\"https:\\\/\\\/www.apen.es\\\/software-de-gestion\\\/\"},{\"@type\":\"ListItem\",\"position\":3,\"name\":\"Programa de gesti\u00f3n para empresas\"}]},{\"@type\":\"WebSite\",\"@id\":\"https:\\\/\\\/www.apen.es\\\/#website\",\"url\":\"https:\\\/\\\/www.apen.es\\\/\",\"name\":\"Apen Inform\u00e1tica\",\"description\":\"Mantenimiento Inform\u00e1tico , Software de Gesti\u00f3n, Soluciones de impresi\u00f3n\",\"publisher\":{\"@id\":\"https:\\\/\\\/www.apen.es\\\/#organization\"},\"potentialAction\":[{\"@type\":\"SearchAction\",\"target\":{\"@type\":\"EntryPoint\",\"urlTemplate\":\"https:\\\/\\\/www.apen.es\\\/?s={search_term_string}\"},\"query-input\":{\"@type\":\"PropertyValueSpecification\",\"valueRequired\":true,\"valueName\":\"search_term_string\"}}],\"inLanguage\":\"en-US\"},{\"@type\":\"Organization\",\"@id\":\"https:\\\/\\\/www.apen.es\\\/#organization\",\"name\":\"Apen: Soluciones inform\u00e1ticas\",\"url\":\"https:\\\/\\\/www.apen.es\\\/\",\"logo\":{\"@type\":\"ImageObject\",\"inLanguage\":\"en-US\",\"@id\":\"https:\\\/\\\/www.apen.es\\\/#\\\/schema\\\/logo\\\/image\\\/\",\"url\":\"https:\\\/\\\/www.apen.es\\\/wp-content\\\/uploads\\\/2022\\\/08\\\/logo-apenok-231x82-1.png\",\"contentUrl\":\"https:\\\/\\\/www.apen.es\\\/wp-content\\\/uploads\\\/2022\\\/08\\\/logo-apenok-231x82-1.png\",\"width\":231,\"height\":82,\"caption\":\"Apen: Soluciones inform\u00e1ticas\"},\"image\":{\"@id\":\"https:\\\/\\\/www.apen.es\\\/#\\\/schema\\\/logo\\\/image\\\/\"},\"sameAs\":[\"https:\\\/\\\/www.facebook.com\\\/apensolucions\",\"https:\\\/\\\/www.youtube.com\\\/user\\\/ApenCentreInformatic\",\"https:\\\/\\\/www.linkedin.com\\\/company\\\/1021771?trk=tyah&trkInfo=clickedVerticalcompanyclickedEntityId1021771idx2-1-2tarId1464195271196tasapenin\"]}]}<\/script>\n<!-- \/ Yoast SEO plugin. -->","yoast_head_json":{"title":"Business management software - Apen Inform\u00e1tica","description":"At Apen Barcelona we offer management software for your company, a comprehensive system to control and monitor all areas in a","robots":{"index":"index","follow":"follow","max-snippet":"max-snippet:-1","max-image-preview":"max-image-preview:large","max-video-preview":"max-video-preview:-1"},"canonical":"https:\/\/www.apen.es\/en\/management-software\/management-software-for-companies\/","og_locale":"en_US","og_type":"article","og_title":"Programa de gesti\u00f3n para empresas - Apen Inform\u00e1tica","og_description":"En Apen Barcelona te ofrecemos un software de gesti\u00f3n para tu empresa, un sistema integral para poder controlar y supervisar todas las \u00e1reas de una forma","og_url":"https:\/\/www.apen.es\/en\/management-software\/management-software-for-companies\/","og_site_name":"Apen Inform\u00e1tica","article_publisher":"https:\/\/www.facebook.com\/apensolucions","article_modified_time":"2025-06-27T08:00:07+00:00","og_image":[{"width":231,"height":82,"url":"https:\/\/www.apen.es\/wp-content\/uploads\/2016\/05\/logo-apen-231x82-trasparent.png","type":"image\/png"}],"twitter_card":"summary_large_image","twitter_misc":{"Est. reading time":"2 minutes"},"schema":{"@context":"https:\/\/schema.org","@graph":[{"@type":"WebPage","@id":"https:\/\/www.apen.es\/software-de-gestion\/programa-de-gestion-para-empresas\/","url":"https:\/\/www.apen.es\/software-de-gestion\/programa-de-gestion-para-empresas\/","name":"Business management software - Apen Inform\u00e1tica","isPartOf":{"@id":"https:\/\/www.apen.es\/#website"},"datePublished":"2016-12-12T20:16:53+00:00","dateModified":"2025-06-27T08:00:07+00:00","description":"At Apen Barcelona we offer management software for your company, a comprehensive system to control and monitor all areas in a","breadcrumb":{"@id":"https:\/\/www.apen.es\/software-de-gestion\/programa-de-gestion-para-empresas\/#breadcrumb"},"inLanguage":"en-US","potentialAction":[{"@type":"ReadAction","target":["https:\/\/www.apen.es\/software-de-gestion\/programa-de-gestion-para-empresas\/"]}]},{"@type":"BreadcrumbList","@id":"https:\/\/www.apen.es\/software-de-gestion\/programa-de-gestion-para-empresas\/#breadcrumb","itemListElement":[{"@type":"ListItem","position":1,"name":"Portada","item":"https:\/\/www.apen.es\/"},{"@type":"ListItem","position":2,"name":"Software de gesti\u00f3n a3ERP","item":"https:\/\/www.apen.es\/software-de-gestion\/"},{"@type":"ListItem","position":3,"name":"Programa de gesti\u00f3n para empresas"}]},{"@type":"WebSite","@id":"https:\/\/www.apen.es\/#website","url":"https:\/\/www.apen.es\/","name":"Apen Inform\u00e1tica","description":"IT Maintenance, Management Software, Printing Solutions","publisher":{"@id":"https:\/\/www.apen.es\/#organization"},"potentialAction":[{"@type":"SearchAction","target":{"@type":"EntryPoint","urlTemplate":"https:\/\/www.apen.es\/?s={search_term_string}"},"query-input":{"@type":"PropertyValueSpecification","valueRequired":true,"valueName":"search_term_string"}}],"inLanguage":"en-US"},{"@type":"Organization","@id":"https:\/\/www.apen.es\/#organization","name":"Apen: IT Solutions","url":"https:\/\/www.apen.es\/","logo":{"@type":"ImageObject","inLanguage":"en-US","@id":"https:\/\/www.apen.es\/#\/schema\/logo\/image\/","url":"https:\/\/www.apen.es\/wp-content\/uploads\/2022\/08\/logo-apenok-231x82-1.png","contentUrl":"https:\/\/www.apen.es\/wp-content\/uploads\/2022\/08\/logo-apenok-231x82-1.png","width":231,"height":82,"caption":"Apen: Soluciones inform\u00e1ticas"},"image":{"@id":"https:\/\/www.apen.es\/#\/schema\/logo\/image\/"},"sameAs":["https:\/\/www.facebook.com\/apensolucions","https:\/\/www.youtube.com\/user\/ApenCentreInformatic","https:\/\/www.linkedin.com\/company\/1021771?trk=tyah&trkInfo=clickedVerticalcompanyclickedEntityId1021771idx2-1-2tarId1464195271196tasapenin"]}]}},"taxonomy_info":[],"featured_image_src_large":false,"author_info":{"display_name":"marqueting","author_link":"https:\/\/www.apen.es\/en\/blog\/author\/marqueting\/"},"comment_info":0,"_links":{"self":[{"href":"https:\/\/www.apen.es\/en\/wp-json\/wp\/v2\/pages\/5761","targetHints":{"allow":["GET"]}}],"collection":[{"href":"https:\/\/www.apen.es\/en\/wp-json\/wp\/v2\/pages"}],"about":[{"href":"https:\/\/www.apen.es\/en\/wp-json\/wp\/v2\/types\/page"}],"author":[{"embeddable":true,"href":"https:\/\/www.apen.es\/en\/wp-json\/wp\/v2\/users\/4"}],"replies":[{"embeddable":true,"href":"https:\/\/www.apen.es\/en\/wp-json\/wp\/v2\/comments?post=5761"}],"version-history":[{"count":1,"href":"https:\/\/www.apen.es\/en\/wp-json\/wp\/v2\/pages\/5761\/revisions"}],"predecessor-version":[{"id":55678,"href":"https:\/\/www.apen.es\/en\/wp-json\/wp\/v2\/pages\/5761\/revisions\/55678"}],"up":[{"embeddable":true,"href":"https:\/\/www.apen.es\/en\/wp-json\/wp\/v2\/pages\/1181"}],"wp:attachment":[{"href":"https:\/\/www.apen.es\/en\/wp-json\/wp\/v2\/media?parent=5761"}],"curies":[{"name":"wp","href":"https:\/\/api.w.org\/{rel}","templated":true}]}}