{"id":5757,"date":"2016-12-12T20:08:27","date_gmt":"2016-12-12T20:08:27","guid":{"rendered":"https:\/\/www.apen.es\/?page_id=5757"},"modified":"2025-06-27T08:05:20","modified_gmt":"2025-06-27T08:05:20","slug":"management-software-barcelona","status":"publish","type":"page","link":"https:\/\/www.apen.es\/en\/management-software\/management-software-barcelona\/","title":{"rendered":"Barcelona management software"},"content":{"rendered":"<p><strong>Apen Barcelona<\/strong> It helps you to <strong>manage <\/strong>all areas of your company with a <strong>management software<\/strong>. Is called <strong>A3ERP<\/strong> It unifies information from all departments of your company so you can monitor all the information at a single glance. <strong>Apen Barcelona management software<\/strong> It offers you a comprehensive service, which brings together all the necessary modules for the <strong>management<\/strong> of your company, in a simple and visual way.<\/p>\n\n\n\n<h3 class=\"wp-block-heading\"><strong>Business Management Solutions<\/strong><\/h3>\n\n\n\n<p>Thanks to <strong>management software<\/strong> of <strong>Apen Barcelona<\/strong> You will be able to perform constant budget tracking, automate the <strong>management<\/strong> Administrative tasks include keeping track of all your company&#039;s financial transactions and staying up-to-date with invoicing. <strong>management software<\/strong> of <strong>Apen Barcelona<\/strong> It allows you to convert quotes into invoices, issue charges to new clients, claim outstanding payments periodically, and know the status of your accounts at all times.<\/p>\n\n\n\n<p>In <strong>Apen Barcelona<\/strong>, As specialists in IT maintenance and services, we offer a <strong>management program<\/strong> which presents itself as the <strong>comprehensive solution<\/strong> For all companies that want to optimize all their areas and achieve full integration, guaranteeing the benefits of a <strong>a more productive and competitive system<\/strong>. He <strong>Apen Barcelona management software <\/strong>It represents a complete solution, specifically designed to meet the needs of each business.<\/p>\n\n\n\n<p>Real-time monitoring of incoming and outgoing funds, bank transactions, and a medium- and long-term view of financial resources facilitates better decision-making. All of this is possible thanks to... <strong>management software<\/strong> of <strong>Apen Barcelona<\/strong>. <strong>Apen Barcelona<\/strong> It offers you a <strong>management program<\/strong> comprehensive with which you will be able to <strong>manage<\/strong> your company, quickly and easily.<\/p>\n\n\n\n<p>He <strong>management software<\/strong> of <strong>Apen Barcelona<\/strong> presents itself as <strong>planning system<\/strong> The development of an enterprise information resource that integrates and automates the management of our business&#039;s operational processes is one of the main activities that will shape the future of our company.<\/p>\n\n\n\n<p>Enjoy the <strong>Apen Barcelona management software<\/strong> It&#039;s the right and effective way to integrate and automate the management of your business&#039;s operational processes, with the quality and guarantees you deserve. Thanks to this <strong>Apen Barcelona&#039;s comprehensive management method<\/strong>, The functioning of all areas of the company and the productivity of your employees will inevitably improve.<\/p>\n\n\n\n<p>He <strong>Apen Barcelona management software<\/strong> It offers you a <strong>360-degree view of your company<\/strong>, being able to manage all its areas from this program and having a global view of the current state of each department.<\/p>","protected":false},"excerpt":{"rendered":"<p>Apen Barcelona te ayuda a gestionar todas las \u00e1reas de tu empresa con un software de gesti\u00f3n. Se llama A3ERP y se encarga de unificar la informaci\u00f3n de todos los departamentos de tu empresa para poder supervisar toda la informaci\u00f3n de un solo vistazo. El software de gesti\u00f3n de Apen Barcelona te ofrece un servicio&#8230;<\/p>","protected":false},"author":4,"featured_media":0,"parent":1181,"menu_order":0,"comment_status":"closed","ping_status":"closed","template":"page-landing-software.php","meta":{"_acf_changed":false,"_kad_blocks_custom_css":"","_kad_blocks_head_custom_js":"","_kad_blocks_body_custom_js":"","_kad_blocks_footer_custom_js":"","_kad_post_transparent":"","_kad_post_title":"","_kad_post_layout":"","_kad_post_sidebar_id":"","_kad_post_content_style":"","_kad_post_vertical_padding":"","_kad_post_feature":"","_kad_post_feature_position":"","_kad_post_header":false,"_kad_post_footer":false,"_kad_post_classname":"","footnotes":""},"class_list":["post-5757","page","type-page","status-publish","hentry"],"acf":[],"yoast_head":"<!-- This site is optimized with the Yoast SEO plugin v27.4 - https:\/\/yoast.com\/product\/yoast-seo-wordpress\/ -->\n<title>Software gesti\u00f3n Barcelona - Apen Inform\u00e1tica<\/title>\n<meta name=\"description\" content=\"Apen Barcelona te ayuda a gestionar todas las \u00e1reas de tu empresa con un software de gesti\u00f3n. Se llama A3ERP y se encarga de unificar la informaci\u00f3n de\" \/>\n<meta name=\"robots\" content=\"index, follow, max-snippet:-1, max-image-preview:large, max-video-preview:-1\" \/>\n<link rel=\"canonical\" href=\"https:\/\/www.apen.es\/en\/management-software\/management-software-barcelona\/\" \/>\n<meta property=\"og:locale\" content=\"en_US\" \/>\n<meta property=\"og:type\" content=\"article\" \/>\n<meta property=\"og:title\" content=\"Software gesti\u00f3n Barcelona - Apen Inform\u00e1tica\" \/>\n<meta property=\"og:description\" content=\"Apen Barcelona te ayuda a gestionar todas las \u00e1reas de tu empresa con un software de gesti\u00f3n. Se llama A3ERP y se encarga de unificar la informaci\u00f3n de\" \/>\n<meta property=\"og:url\" content=\"https:\/\/www.apen.es\/en\/management-software\/management-software-barcelona\/\" \/>\n<meta property=\"og:site_name\" content=\"Apen Inform\u00e1tica\" \/>\n<meta property=\"article:publisher\" content=\"https:\/\/www.facebook.com\/apensolucions\" \/>\n<meta property=\"article:modified_time\" content=\"2025-06-27T08:05:20+00:00\" \/>\n<meta property=\"og:image\" content=\"https:\/\/www.apen.es\/wp-content\/uploads\/2016\/05\/logo-apen-231x82-trasparent.png\" \/>\n\t<meta property=\"og:image:width\" content=\"231\" \/>\n\t<meta property=\"og:image:height\" content=\"82\" \/>\n\t<meta property=\"og:image:type\" content=\"image\/png\" \/>\n<meta name=\"twitter:card\" content=\"summary_large_image\" \/>\n<meta name=\"twitter:label1\" content=\"Est. reading time\" \/>\n\t<meta name=\"twitter:data1\" content=\"2 minutes\" \/>\n<script type=\"application\/ld+json\" class=\"yoast-schema-graph\">{\"@context\":\"https:\\\/\\\/schema.org\",\"@graph\":[{\"@type\":\"WebPage\",\"@id\":\"https:\\\/\\\/www.apen.es\\\/software-de-gestion\\\/software-gestion-barcelona\\\/\",\"url\":\"https:\\\/\\\/www.apen.es\\\/software-de-gestion\\\/software-gestion-barcelona\\\/\",\"name\":\"Software gesti\u00f3n Barcelona - Apen Inform\u00e1tica\",\"isPartOf\":{\"@id\":\"https:\\\/\\\/www.apen.es\\\/#website\"},\"datePublished\":\"2016-12-12T20:08:27+00:00\",\"dateModified\":\"2025-06-27T08:05:20+00:00\",\"description\":\"Apen Barcelona te ayuda a gestionar todas las \u00e1reas de tu empresa con un software de gesti\u00f3n. Se llama A3ERP y se encarga de unificar la informaci\u00f3n de\",\"breadcrumb\":{\"@id\":\"https:\\\/\\\/www.apen.es\\\/software-de-gestion\\\/software-gestion-barcelona\\\/#breadcrumb\"},\"inLanguage\":\"en-US\",\"potentialAction\":[{\"@type\":\"ReadAction\",\"target\":[\"https:\\\/\\\/www.apen.es\\\/software-de-gestion\\\/software-gestion-barcelona\\\/\"]}]},{\"@type\":\"BreadcrumbList\",\"@id\":\"https:\\\/\\\/www.apen.es\\\/software-de-gestion\\\/software-gestion-barcelona\\\/#breadcrumb\",\"itemListElement\":[{\"@type\":\"ListItem\",\"position\":1,\"name\":\"Portada\",\"item\":\"https:\\\/\\\/www.apen.es\\\/\"},{\"@type\":\"ListItem\",\"position\":2,\"name\":\"Software de gesti\u00f3n a3ERP\",\"item\":\"https:\\\/\\\/www.apen.es\\\/software-de-gestion\\\/\"},{\"@type\":\"ListItem\",\"position\":3,\"name\":\"Software gesti\u00f3n Barcelona\"}]},{\"@type\":\"WebSite\",\"@id\":\"https:\\\/\\\/www.apen.es\\\/#website\",\"url\":\"https:\\\/\\\/www.apen.es\\\/\",\"name\":\"Apen Inform\u00e1tica\",\"description\":\"Mantenimiento Inform\u00e1tico , Software de Gesti\u00f3n, Soluciones de impresi\u00f3n\",\"publisher\":{\"@id\":\"https:\\\/\\\/www.apen.es\\\/#organization\"},\"potentialAction\":[{\"@type\":\"SearchAction\",\"target\":{\"@type\":\"EntryPoint\",\"urlTemplate\":\"https:\\\/\\\/www.apen.es\\\/?s={search_term_string}\"},\"query-input\":{\"@type\":\"PropertyValueSpecification\",\"valueRequired\":true,\"valueName\":\"search_term_string\"}}],\"inLanguage\":\"en-US\"},{\"@type\":\"Organization\",\"@id\":\"https:\\\/\\\/www.apen.es\\\/#organization\",\"name\":\"Apen: Soluciones inform\u00e1ticas\",\"url\":\"https:\\\/\\\/www.apen.es\\\/\",\"logo\":{\"@type\":\"ImageObject\",\"inLanguage\":\"en-US\",\"@id\":\"https:\\\/\\\/www.apen.es\\\/#\\\/schema\\\/logo\\\/image\\\/\",\"url\":\"https:\\\/\\\/www.apen.es\\\/wp-content\\\/uploads\\\/2022\\\/08\\\/logo-apenok-231x82-1.png\",\"contentUrl\":\"https:\\\/\\\/www.apen.es\\\/wp-content\\\/uploads\\\/2022\\\/08\\\/logo-apenok-231x82-1.png\",\"width\":231,\"height\":82,\"caption\":\"Apen: Soluciones inform\u00e1ticas\"},\"image\":{\"@id\":\"https:\\\/\\\/www.apen.es\\\/#\\\/schema\\\/logo\\\/image\\\/\"},\"sameAs\":[\"https:\\\/\\\/www.facebook.com\\\/apensolucions\",\"https:\\\/\\\/www.youtube.com\\\/user\\\/ApenCentreInformatic\",\"https:\\\/\\\/www.linkedin.com\\\/company\\\/1021771?trk=tyah&trkInfo=clickedVerticalcompanyclickedEntityId1021771idx2-1-2tarId1464195271196tasapenin\"]}]}<\/script>\n<!-- \/ Yoast SEO plugin. -->","yoast_head_json":{"title":"Management software Barcelona - Apen Inform\u00e1tica","description":"Apen Barcelona helps you manage all areas of your business with management software. It&#039;s called A3ERP and it unifies the information of","robots":{"index":"index","follow":"follow","max-snippet":"max-snippet:-1","max-image-preview":"max-image-preview:large","max-video-preview":"max-video-preview:-1"},"canonical":"https:\/\/www.apen.es\/en\/management-software\/management-software-barcelona\/","og_locale":"en_US","og_type":"article","og_title":"Software gesti\u00f3n Barcelona - Apen Inform\u00e1tica","og_description":"Apen Barcelona te ayuda a gestionar todas las \u00e1reas de tu empresa con un software de gesti\u00f3n. Se llama A3ERP y se encarga de unificar la informaci\u00f3n de","og_url":"https:\/\/www.apen.es\/en\/management-software\/management-software-barcelona\/","og_site_name":"Apen Inform\u00e1tica","article_publisher":"https:\/\/www.facebook.com\/apensolucions","article_modified_time":"2025-06-27T08:05:20+00:00","og_image":[{"width":231,"height":82,"url":"https:\/\/www.apen.es\/wp-content\/uploads\/2016\/05\/logo-apen-231x82-trasparent.png","type":"image\/png"}],"twitter_card":"summary_large_image","twitter_misc":{"Est. reading time":"2 minutes"},"schema":{"@context":"https:\/\/schema.org","@graph":[{"@type":"WebPage","@id":"https:\/\/www.apen.es\/software-de-gestion\/software-gestion-barcelona\/","url":"https:\/\/www.apen.es\/software-de-gestion\/software-gestion-barcelona\/","name":"Management software Barcelona - Apen Inform\u00e1tica","isPartOf":{"@id":"https:\/\/www.apen.es\/#website"},"datePublished":"2016-12-12T20:08:27+00:00","dateModified":"2025-06-27T08:05:20+00:00","description":"Apen Barcelona helps you manage all areas of your business with management software. It&#039;s called A3ERP and it unifies the information of","breadcrumb":{"@id":"https:\/\/www.apen.es\/software-de-gestion\/software-gestion-barcelona\/#breadcrumb"},"inLanguage":"en-US","potentialAction":[{"@type":"ReadAction","target":["https:\/\/www.apen.es\/software-de-gestion\/software-gestion-barcelona\/"]}]},{"@type":"BreadcrumbList","@id":"https:\/\/www.apen.es\/software-de-gestion\/software-gestion-barcelona\/#breadcrumb","itemListElement":[{"@type":"ListItem","position":1,"name":"Portada","item":"https:\/\/www.apen.es\/"},{"@type":"ListItem","position":2,"name":"Software de gesti\u00f3n a3ERP","item":"https:\/\/www.apen.es\/software-de-gestion\/"},{"@type":"ListItem","position":3,"name":"Software gesti\u00f3n Barcelona"}]},{"@type":"WebSite","@id":"https:\/\/www.apen.es\/#website","url":"https:\/\/www.apen.es\/","name":"Apen Inform\u00e1tica","description":"IT Maintenance, Management Software, Printing Solutions","publisher":{"@id":"https:\/\/www.apen.es\/#organization"},"potentialAction":[{"@type":"SearchAction","target":{"@type":"EntryPoint","urlTemplate":"https:\/\/www.apen.es\/?s={search_term_string}"},"query-input":{"@type":"PropertyValueSpecification","valueRequired":true,"valueName":"search_term_string"}}],"inLanguage":"en-US"},{"@type":"Organization","@id":"https:\/\/www.apen.es\/#organization","name":"Apen: IT Solutions","url":"https:\/\/www.apen.es\/","logo":{"@type":"ImageObject","inLanguage":"en-US","@id":"https:\/\/www.apen.es\/#\/schema\/logo\/image\/","url":"https:\/\/www.apen.es\/wp-content\/uploads\/2022\/08\/logo-apenok-231x82-1.png","contentUrl":"https:\/\/www.apen.es\/wp-content\/uploads\/2022\/08\/logo-apenok-231x82-1.png","width":231,"height":82,"caption":"Apen: Soluciones inform\u00e1ticas"},"image":{"@id":"https:\/\/www.apen.es\/#\/schema\/logo\/image\/"},"sameAs":["https:\/\/www.facebook.com\/apensolucions","https:\/\/www.youtube.com\/user\/ApenCentreInformatic","https:\/\/www.linkedin.com\/company\/1021771?trk=tyah&trkInfo=clickedVerticalcompanyclickedEntityId1021771idx2-1-2tarId1464195271196tasapenin"]}]}},"taxonomy_info":[],"featured_image_src_large":false,"author_info":{"display_name":"marqueting","author_link":"https:\/\/www.apen.es\/en\/blog\/author\/marqueting\/"},"comment_info":0,"_links":{"self":[{"href":"https:\/\/www.apen.es\/en\/wp-json\/wp\/v2\/pages\/5757","targetHints":{"allow":["GET"]}}],"collection":[{"href":"https:\/\/www.apen.es\/en\/wp-json\/wp\/v2\/pages"}],"about":[{"href":"https:\/\/www.apen.es\/en\/wp-json\/wp\/v2\/types\/page"}],"author":[{"embeddable":true,"href":"https:\/\/www.apen.es\/en\/wp-json\/wp\/v2\/users\/4"}],"replies":[{"embeddable":true,"href":"https:\/\/www.apen.es\/en\/wp-json\/wp\/v2\/comments?post=5757"}],"version-history":[{"count":1,"href":"https:\/\/www.apen.es\/en\/wp-json\/wp\/v2\/pages\/5757\/revisions"}],"predecessor-version":[{"id":55684,"href":"https:\/\/www.apen.es\/en\/wp-json\/wp\/v2\/pages\/5757\/revisions\/55684"}],"up":[{"embeddable":true,"href":"https:\/\/www.apen.es\/en\/wp-json\/wp\/v2\/pages\/1181"}],"wp:attachment":[{"href":"https:\/\/www.apen.es\/en\/wp-json\/wp\/v2\/media?parent=5757"}],"curies":[{"name":"wp","href":"https:\/\/api.w.org\/{rel}","templated":true}]}}