{"id":5608,"date":"2016-11-07T11:47:52","date_gmt":"2016-11-07T11:47:52","guid":{"rendered":"https:\/\/www.apen.es\/?page_id=5608"},"modified":"2025-05-21T06:54:40","modified_gmt":"2025-05-21T06:54:40","slug":"business-management-software-barcelona-2","status":"publish","type":"page","link":"https:\/\/www.apen.es\/en\/software-de-gestion\/software-de-direccion-empresarial-barcelona\/","title":{"rendered":"Business management software Barcelona"},"content":{"rendered":"<p>Of all the areas that exist in a company, there is one that stands out above the rest, and that is the management area, where the final decisions of the company are made.<\/p>\n\n\n\n<p>He&nbsp;<strong>business management software<\/strong>&nbsp;It provides great benefits to SME directors, who are able to efficiently control everything that happens in the company.<\/p>\n\n\n\n<p>In&nbsp;<strong>APEN<\/strong>&nbsp;We work with the a3ERP integrated business management software, which provides greater organization in all areas. With a&nbsp;<strong>business management software<\/strong>&nbsp;You can transform your company into a smart business, thanks to multidimensional cubes and reports for data analysis from different vectors.&nbsp;<strong>steering software<\/strong>&nbsp;It allows you to obtain real-time results and generate reports, thanks to its dynamic integration with Excel. Furthermore, Microsoft Analysis Services enables data mining and generates analytical processes for creating predictive models and identifying critical problems, allowing you to anticipate issues and know what decisions to make in any situation. You can also perform ABC analysis.<\/p>\n\n\n\n<p>In&nbsp;<strong>APEN&nbsp;<\/strong>we offer the&nbsp;<strong>business management software<\/strong>, to assist our clients in their decision-making and to propose better organization across all areas of the company. We work with the&nbsp;<strong>a3ERP management software<\/strong>, It manages the areas of administration, sales and purchasing, human resources, logistics, and accounting and finance. A comprehensive planning solution that will allow you to manage and monitor all areas of your company.<\/p>\n\n\n\n<p>He&nbsp;<strong>business management software<\/strong>&nbsp;It works in a convenient and intuitive way and will allow you to have constant data on your company&#039;s accounting.&nbsp;<strong>business management software<\/strong>&nbsp;It allows you to have a clear and visual overview of your company&#039;s current state, which will greatly facilitate your work and give you a clear and organized view of your company&#039;s structure. This translates into saving time, being more productive, and making the right decisions.<\/p>\n\n\n\n<p>Thanks to that communion fostered by the&nbsp;<strong>management software<\/strong>, With the ability to adapt to the specific needs that each company may require, regardless of the structure or activity it is dedicated to; you will enjoy a 360\u00ba view of your organization that will help you, at all times, to manage the different dimensions efficiently, in a global way that allows for that improvement in productivity and the increase in competitiveness that the implementation of software of this characteristics certifies.<\/p>\n\n\n\n<p>He&nbsp;<strong>business management software<\/strong>&nbsp;It symbolizes a high level of professionalism for the company and offers a powerful and reliable image to all its potential clients, showing a great knowledge and operation of all its areas, without missing any detail.<\/p>\n\n\n\n<p>He&nbsp;<strong>business management software<\/strong>&nbsp;It has great advantages for companies:<\/p>\n\n\n\n<p>Improved customer service (the centralized system allows us to record all interactions we have with a customer)<\/p>\n\n\n\n<p>Centralize the information (<strong>comprehensive management software<\/strong>)<\/p>\n\n\n\n<p>It generates efficiency in the company&#039;s internal communication (all employees participate in creating this information for the company)<\/p>\n\n\n\n<p>It has great adaptability (The management program is made up of different modules, which are customizable)<\/p>\n\n\n\n<p>Resource optimization (we reduce costs and improve productivity)<\/p>","protected":false},"excerpt":{"rendered":"<p>De todas las \u00e1reas que existen en una empresa hay una que destaca por encima del resto y es el \u00e1rea de direcci\u00f3n, donde se acaban tomando las decisiones finales de la empresa. El&nbsp;software de direcci\u00f3n empresarial&nbsp;aporta grandes beneficios a los directores de las PYMEs, que consiguen llevar un control eficiente de todo lo que&#8230;<\/p>","protected":false},"author":4,"featured_media":0,"parent":1181,"menu_order":0,"comment_status":"closed","ping_status":"closed","template":"page-landing-software.php","meta":{"_acf_changed":false,"_kad_blocks_custom_css":"","_kad_blocks_head_custom_js":"","_kad_blocks_body_custom_js":"","_kad_blocks_footer_custom_js":"","_kad_post_transparent":"","_kad_post_title":"","_kad_post_layout":"","_kad_post_sidebar_id":"","_kad_post_content_style":"","_kad_post_vertical_padding":"","_kad_post_feature":"","_kad_post_feature_position":"","_kad_post_header":false,"_kad_post_footer":false,"_kad_post_classname":"","footnotes":""},"class_list":["post-5608","page","type-page","status-publish","hentry"],"acf":[],"yoast_head":"<!-- This site is optimized with the Yoast SEO plugin v27.4 - https:\/\/yoast.com\/product\/yoast-seo-wordpress\/ -->\n<title>Software de direcci\u00f3n empresarial Barcelona - Apen Inform\u00e1tica<\/title>\n<meta name=\"description\" content=\"En Apen ofrecemos un software de direcci\u00f3n empresarial en Barcelona. Con el software a3ERP, podr\u00e1s convertir tu empresa en un negocio inteligente.\" \/>\n<meta name=\"robots\" content=\"index, follow, max-snippet:-1, max-image-preview:large, max-video-preview:-1\" \/>\n<link rel=\"canonical\" href=\"https:\/\/www.apen.es\/en\/management-software\/business-management-software-barcelona-2\/\" \/>\n<meta property=\"og:locale\" content=\"en_US\" \/>\n<meta property=\"og:type\" content=\"article\" \/>\n<meta property=\"og:title\" content=\"Software de direcci\u00f3n empresarial Barcelona - Apen Inform\u00e1tica\" \/>\n<meta property=\"og:description\" content=\"En Apen ofrecemos un software de direcci\u00f3n empresarial en Barcelona. Con el software a3ERP, podr\u00e1s convertir tu empresa en un negocio inteligente.\" \/>\n<meta property=\"og:url\" content=\"https:\/\/www.apen.es\/en\/management-software\/business-management-software-barcelona-2\/\" \/>\n<meta property=\"og:site_name\" content=\"Apen Inform\u00e1tica\" \/>\n<meta property=\"article:publisher\" content=\"https:\/\/www.facebook.com\/apensolucions\" \/>\n<meta property=\"article:modified_time\" content=\"2025-05-21T06:54:40+00:00\" \/>\n<meta property=\"og:image\" content=\"https:\/\/www.apen.es\/wp-content\/uploads\/2016\/05\/logo-apen-231x82-trasparent.png\" \/>\n\t<meta property=\"og:image:width\" content=\"231\" \/>\n\t<meta property=\"og:image:height\" content=\"82\" \/>\n\t<meta property=\"og:image:type\" content=\"image\/png\" \/>\n<meta name=\"twitter:card\" content=\"summary_large_image\" \/>\n<meta name=\"twitter:label1\" content=\"Est. reading time\" \/>\n\t<meta name=\"twitter:data1\" content=\"3 minutes\" \/>\n<script type=\"application\/ld+json\" class=\"yoast-schema-graph\">{\"@context\":\"https:\\\/\\\/schema.org\",\"@graph\":[{\"@type\":\"WebPage\",\"@id\":\"https:\\\/\\\/www.apen.es\\\/software-de-gestion\\\/software-de-direccion-empresarial-barcelona\\\/\",\"url\":\"https:\\\/\\\/www.apen.es\\\/software-de-gestion\\\/software-de-direccion-empresarial-barcelona\\\/\",\"name\":\"Software de direcci\u00f3n empresarial Barcelona - Apen Inform\u00e1tica\",\"isPartOf\":{\"@id\":\"https:\\\/\\\/www.apen.es\\\/#website\"},\"datePublished\":\"2016-11-07T11:47:52+00:00\",\"dateModified\":\"2025-05-21T06:54:40+00:00\",\"description\":\"En Apen ofrecemos un software de direcci\u00f3n empresarial en Barcelona. Con el software a3ERP, podr\u00e1s convertir tu empresa en un negocio inteligente.\",\"breadcrumb\":{\"@id\":\"https:\\\/\\\/www.apen.es\\\/software-de-gestion\\\/software-de-direccion-empresarial-barcelona\\\/#breadcrumb\"},\"inLanguage\":\"en-US\",\"potentialAction\":[{\"@type\":\"ReadAction\",\"target\":[\"https:\\\/\\\/www.apen.es\\\/software-de-gestion\\\/software-de-direccion-empresarial-barcelona\\\/\"]}]},{\"@type\":\"BreadcrumbList\",\"@id\":\"https:\\\/\\\/www.apen.es\\\/software-de-gestion\\\/software-de-direccion-empresarial-barcelona\\\/#breadcrumb\",\"itemListElement\":[{\"@type\":\"ListItem\",\"position\":1,\"name\":\"Portada\",\"item\":\"https:\\\/\\\/www.apen.es\\\/\"},{\"@type\":\"ListItem\",\"position\":2,\"name\":\"Software de gesti\u00f3n a3ERP\",\"item\":\"https:\\\/\\\/www.apen.es\\\/software-de-gestion\\\/\"},{\"@type\":\"ListItem\",\"position\":3,\"name\":\"Software de direcci\u00f3n empresarial Barcelona\"}]},{\"@type\":\"WebSite\",\"@id\":\"https:\\\/\\\/www.apen.es\\\/#website\",\"url\":\"https:\\\/\\\/www.apen.es\\\/\",\"name\":\"Apen Inform\u00e1tica\",\"description\":\"Mantenimiento Inform\u00e1tico , Software de Gesti\u00f3n, Soluciones de impresi\u00f3n\",\"publisher\":{\"@id\":\"https:\\\/\\\/www.apen.es\\\/#organization\"},\"potentialAction\":[{\"@type\":\"SearchAction\",\"target\":{\"@type\":\"EntryPoint\",\"urlTemplate\":\"https:\\\/\\\/www.apen.es\\\/?s={search_term_string}\"},\"query-input\":{\"@type\":\"PropertyValueSpecification\",\"valueRequired\":true,\"valueName\":\"search_term_string\"}}],\"inLanguage\":\"en-US\"},{\"@type\":\"Organization\",\"@id\":\"https:\\\/\\\/www.apen.es\\\/#organization\",\"name\":\"Apen: Soluciones inform\u00e1ticas\",\"url\":\"https:\\\/\\\/www.apen.es\\\/\",\"logo\":{\"@type\":\"ImageObject\",\"inLanguage\":\"en-US\",\"@id\":\"https:\\\/\\\/www.apen.es\\\/#\\\/schema\\\/logo\\\/image\\\/\",\"url\":\"https:\\\/\\\/www.apen.es\\\/wp-content\\\/uploads\\\/2022\\\/08\\\/logo-apenok-231x82-1.png\",\"contentUrl\":\"https:\\\/\\\/www.apen.es\\\/wp-content\\\/uploads\\\/2022\\\/08\\\/logo-apenok-231x82-1.png\",\"width\":231,\"height\":82,\"caption\":\"Apen: Soluciones inform\u00e1ticas\"},\"image\":{\"@id\":\"https:\\\/\\\/www.apen.es\\\/#\\\/schema\\\/logo\\\/image\\\/\"},\"sameAs\":[\"https:\\\/\\\/www.facebook.com\\\/apensolucions\",\"https:\\\/\\\/www.youtube.com\\\/user\\\/ApenCentreInformatic\",\"https:\\\/\\\/www.linkedin.com\\\/company\\\/1021771?trk=tyah&trkInfo=clickedVerticalcompanyclickedEntityId1021771idx2-1-2tarId1464195271196tasapenin\"]}]}<\/script>\n<!-- \/ Yoast SEO plugin. -->","yoast_head_json":{"title":"Business management software Barcelona - Apen Inform\u00e1tica","description":"At Apen, we offer business management software in Barcelona. With a3ERP software, you can transform your company into a smart business.","robots":{"index":"index","follow":"follow","max-snippet":"max-snippet:-1","max-image-preview":"max-image-preview:large","max-video-preview":"max-video-preview:-1"},"canonical":"https:\/\/www.apen.es\/en\/management-software\/business-management-software-barcelona-2\/","og_locale":"en_US","og_type":"article","og_title":"Software de direcci\u00f3n empresarial Barcelona - Apen Inform\u00e1tica","og_description":"En Apen ofrecemos un software de direcci\u00f3n empresarial en Barcelona. Con el software a3ERP, podr\u00e1s convertir tu empresa en un negocio inteligente.","og_url":"https:\/\/www.apen.es\/en\/management-software\/business-management-software-barcelona-2\/","og_site_name":"Apen Inform\u00e1tica","article_publisher":"https:\/\/www.facebook.com\/apensolucions","article_modified_time":"2025-05-21T06:54:40+00:00","og_image":[{"width":231,"height":82,"url":"https:\/\/www.apen.es\/wp-content\/uploads\/2016\/05\/logo-apen-231x82-trasparent.png","type":"image\/png"}],"twitter_card":"summary_large_image","twitter_misc":{"Est. reading time":"3 minutes"},"schema":{"@context":"https:\/\/schema.org","@graph":[{"@type":"WebPage","@id":"https:\/\/www.apen.es\/software-de-gestion\/software-de-direccion-empresarial-barcelona\/","url":"https:\/\/www.apen.es\/software-de-gestion\/software-de-direccion-empresarial-barcelona\/","name":"Business management software Barcelona - Apen Inform\u00e1tica","isPartOf":{"@id":"https:\/\/www.apen.es\/#website"},"datePublished":"2016-11-07T11:47:52+00:00","dateModified":"2025-05-21T06:54:40+00:00","description":"At Apen, we offer business management software in Barcelona. With a3ERP software, you can transform your company into a smart business.","breadcrumb":{"@id":"https:\/\/www.apen.es\/software-de-gestion\/software-de-direccion-empresarial-barcelona\/#breadcrumb"},"inLanguage":"en-US","potentialAction":[{"@type":"ReadAction","target":["https:\/\/www.apen.es\/software-de-gestion\/software-de-direccion-empresarial-barcelona\/"]}]},{"@type":"BreadcrumbList","@id":"https:\/\/www.apen.es\/software-de-gestion\/software-de-direccion-empresarial-barcelona\/#breadcrumb","itemListElement":[{"@type":"ListItem","position":1,"name":"Portada","item":"https:\/\/www.apen.es\/"},{"@type":"ListItem","position":2,"name":"Software de gesti\u00f3n a3ERP","item":"https:\/\/www.apen.es\/software-de-gestion\/"},{"@type":"ListItem","position":3,"name":"Software de direcci\u00f3n empresarial Barcelona"}]},{"@type":"WebSite","@id":"https:\/\/www.apen.es\/#website","url":"https:\/\/www.apen.es\/","name":"Apen Inform\u00e1tica","description":"IT Maintenance, Management Software, Printing Solutions","publisher":{"@id":"https:\/\/www.apen.es\/#organization"},"potentialAction":[{"@type":"SearchAction","target":{"@type":"EntryPoint","urlTemplate":"https:\/\/www.apen.es\/?s={search_term_string}"},"query-input":{"@type":"PropertyValueSpecification","valueRequired":true,"valueName":"search_term_string"}}],"inLanguage":"en-US"},{"@type":"Organization","@id":"https:\/\/www.apen.es\/#organization","name":"Apen: IT Solutions","url":"https:\/\/www.apen.es\/","logo":{"@type":"ImageObject","inLanguage":"en-US","@id":"https:\/\/www.apen.es\/#\/schema\/logo\/image\/","url":"https:\/\/www.apen.es\/wp-content\/uploads\/2022\/08\/logo-apenok-231x82-1.png","contentUrl":"https:\/\/www.apen.es\/wp-content\/uploads\/2022\/08\/logo-apenok-231x82-1.png","width":231,"height":82,"caption":"Apen: Soluciones inform\u00e1ticas"},"image":{"@id":"https:\/\/www.apen.es\/#\/schema\/logo\/image\/"},"sameAs":["https:\/\/www.facebook.com\/apensolucions","https:\/\/www.youtube.com\/user\/ApenCentreInformatic","https:\/\/www.linkedin.com\/company\/1021771?trk=tyah&trkInfo=clickedVerticalcompanyclickedEntityId1021771idx2-1-2tarId1464195271196tasapenin"]}]}},"taxonomy_info":[],"featured_image_src_large":false,"author_info":{"display_name":"marqueting","author_link":"https:\/\/www.apen.es\/en\/blog\/author\/marqueting\/"},"comment_info":0,"_links":{"self":[{"href":"https:\/\/www.apen.es\/en\/wp-json\/wp\/v2\/pages\/5608","targetHints":{"allow":["GET"]}}],"collection":[{"href":"https:\/\/www.apen.es\/en\/wp-json\/wp\/v2\/pages"}],"about":[{"href":"https:\/\/www.apen.es\/en\/wp-json\/wp\/v2\/types\/page"}],"author":[{"embeddable":true,"href":"https:\/\/www.apen.es\/en\/wp-json\/wp\/v2\/users\/4"}],"replies":[{"embeddable":true,"href":"https:\/\/www.apen.es\/en\/wp-json\/wp\/v2\/comments?post=5608"}],"version-history":[{"count":3,"href":"https:\/\/www.apen.es\/en\/wp-json\/wp\/v2\/pages\/5608\/revisions"}],"predecessor-version":[{"id":54648,"href":"https:\/\/www.apen.es\/en\/wp-json\/wp\/v2\/pages\/5608\/revisions\/54648"}],"up":[{"embeddable":true,"href":"https:\/\/www.apen.es\/en\/wp-json\/wp\/v2\/pages\/1181"}],"wp:attachment":[{"href":"https:\/\/www.apen.es\/en\/wp-json\/wp\/v2\/media?parent=5608"}],"curies":[{"name":"wp","href":"https:\/\/api.w.org\/{rel}","templated":true}]}}