{"id":5386,"date":"2016-10-11T15:29:21","date_gmt":"2016-10-11T15:29:21","guid":{"rendered":"https:\/\/www.apen.es\/?page_id=5386"},"modified":"2025-06-25T11:34:06","modified_gmt":"2025-06-25T11:34:06","slug":"low-power-printers-barcelona","status":"publish","type":"page","link":"https:\/\/www.apen.es\/en\/soluciones-de-impresion\/las-impresoras-de-bajo-consumo-barcelona\/","title":{"rendered":"Low-power printers"},"content":{"rendered":"<p>Printer ink is one of the most expensive liquids in the world. It has often been proven that it is cheaper to buy a new printer than to replace its ink cartridge. That&#039;s why in&nbsp;<strong>Apen<\/strong>&nbsp;we trust in&nbsp;<strong>low-power printers<\/strong>&nbsp;And we have no doubt about its quality, since we are a multi-brand company and work with the best brands on the market, offering you the best option for your company.<\/p>\n\n\n\n<p>The ink cartridges for some printer brands are really small, a design that does nothing to help the ink last longer.&nbsp;<strong>Apen<\/strong>&nbsp;We are committed to the environment and the durability of our products, which is why we work with the best brands on the market, studying their strengths and weaknesses and offering our customers the best.&nbsp;<strong>low-power printers<\/strong>, always with the best quality.<\/p>\n\n\n\n<p>The advantage of using our service is that the customer gets better prices on ink cartridge replacements than if they were to buy them directly from the brand.&nbsp;<strong>Apen<\/strong>&nbsp;We distribute different brands and handle all technical maintenance, offering a full guarantee to the customer. We trust in the&nbsp;<strong>low-power printers<\/strong>&nbsp;and in a use&nbsp;<strong>sustainable printers<\/strong>. We believe that a company shouldn&#039;t have a printer in every internal department; it&#039;s much more functional and environmentally friendly to use one.&nbsp;<strong>low-power printer<\/strong>, for each department. There&#039;s no need to have so many printers running and, consequently, so much waste of paper and ink.<\/p>\n\n\n\n<h3 class=\"wp-block-heading\"><strong>Ink cartridge recycling<\/strong><\/h3>\n\n\n\n<p><strong>At Apen we recycle ink cartridges, because&nbsp;<\/strong>&nbsp;This benefits our clients&#039; companies by saving them considerable sums of money annually. It has been estimated that the savings achievable through this method range from 30% to 60% of normal expenditures.&nbsp;<strong>Apen<\/strong>&nbsp;is essential&nbsp;<strong>recycle ink cartridges<\/strong>&nbsp;empty, so as not to expose such polluting materials to the environment. That satisfaction is the key driver that has allowed us to remain a leading center in offering printing solutions and other IT maintenance and management services. In&nbsp;<strong>Apen<\/strong>&nbsp;we know that the&nbsp;<strong>ink cartridge recycling<\/strong>&nbsp;It offers multiple benefits to users, due to its low cost.&nbsp;<strong>Apen is committed to recycling ink cartridges and using energy-efficient printers.<\/strong>, Because we are aware of the need to protect our ecosystem and make responsible use of printing.<\/p>\n\n\n\n<h3 class=\"wp-block-heading\"><strong>Company audit<\/strong><\/h3>\n\n\n\n<p><strong>Apen<\/strong>&nbsp;It performs an audit of companies&#039; printing systems, allowing them to thoroughly review the company&#039;s current printing costs, along with a&nbsp;<strong>study of real needs<\/strong>&nbsp;of the same. In this way, they can obtain an optimized proposal, achieving great advantages for the client. Furthermore, after this personalized study, in&nbsp;<strong>Apen<\/strong>&nbsp;we can determine whether or not the client&#039;s company needs a&nbsp;<strong>low-power printer<\/strong>, as well as the type of service that best suits your needs and actual expenses.<\/p>\n\n\n\n<p>APEN works with a&nbsp;<strong>monitored program<\/strong>&nbsp;from which it controls that the printer works correctly and monitors the ink levels of the cartridges, to change them at the right time, neither before nor after.&nbsp;<strong>Low-power printers<\/strong>&nbsp;They extend the life of ink cartridges, adopting an economical and efficient method to make the most of each ink cartridge.<\/p>","protected":false},"excerpt":{"rendered":"<p>La tinta de las impresoras es uno de los l\u00edquidos m\u00e1s caros de todo el mundo. Muchas veces se ha comprobado que es m\u00e1s barato comprar una impresora nueva, que cambiar el cartucho de tinta de la misma. Por eso en&nbsp;Apen&nbsp;confiamos en&nbsp;las impresoras de bajo consumo&nbsp;y no dudamos de su calidad, ya que somos una&#8230;<\/p>","protected":false},"author":4,"featured_media":0,"parent":1158,"menu_order":0,"comment_status":"closed","ping_status":"closed","template":"page-landing-renting.php","meta":{"_acf_changed":false,"_kad_blocks_custom_css":"","_kad_blocks_head_custom_js":"","_kad_blocks_body_custom_js":"","_kad_blocks_footer_custom_js":"","_kad_post_transparent":"","_kad_post_title":"","_kad_post_layout":"","_kad_post_sidebar_id":"","_kad_post_content_style":"","_kad_post_vertical_padding":"","_kad_post_feature":"","_kad_post_feature_position":"","_kad_post_header":false,"_kad_post_footer":false,"_kad_post_classname":"","footnotes":""},"class_list":["post-5386","page","type-page","status-publish","hentry"],"acf":[],"yoast_head":"<!-- This site is optimized with the Yoast SEO plugin v27.4 - https:\/\/yoast.com\/product\/yoast-seo-wordpress\/ -->\n<title>Las impresoras de bajo consumo - Apen Inform\u00e1tica<\/title>\n<meta name=\"description\" content=\"El coste de los cartuchos de tinta es muy caro y por eso, en Apen confiamos en las impresoras de bajo consumo para poder ahorrar al m\u00e1ximo.\" \/>\n<meta name=\"robots\" content=\"index, follow, max-snippet:-1, max-image-preview:large, max-video-preview:-1\" \/>\n<link rel=\"canonical\" href=\"https:\/\/www.apen.es\/en\/printing-solutions\/low-power-printers-barcelona\/\" \/>\n<meta property=\"og:locale\" content=\"en_US\" \/>\n<meta property=\"og:type\" content=\"article\" \/>\n<meta property=\"og:title\" content=\"Las impresoras de bajo consumo - Apen Inform\u00e1tica\" \/>\n<meta property=\"og:description\" content=\"El coste de los cartuchos de tinta es muy caro y por eso, en Apen confiamos en las impresoras de bajo consumo para poder ahorrar al m\u00e1ximo.\" \/>\n<meta property=\"og:url\" content=\"https:\/\/www.apen.es\/en\/printing-solutions\/low-power-printers-barcelona\/\" \/>\n<meta property=\"og:site_name\" content=\"Apen Inform\u00e1tica\" \/>\n<meta property=\"article:publisher\" content=\"https:\/\/www.facebook.com\/apensolucions\" \/>\n<meta property=\"article:modified_time\" content=\"2025-06-25T11:34:06+00:00\" \/>\n<meta property=\"og:image\" content=\"https:\/\/www.apen.es\/wp-content\/uploads\/2016\/05\/logo-apen-231x82-trasparent.png\" \/>\n\t<meta property=\"og:image:width\" content=\"231\" \/>\n\t<meta property=\"og:image:height\" content=\"82\" \/>\n\t<meta property=\"og:image:type\" content=\"image\/png\" \/>\n<meta name=\"twitter:card\" content=\"summary_large_image\" \/>\n<meta name=\"twitter:label1\" content=\"Est. reading time\" \/>\n\t<meta name=\"twitter:data1\" content=\"4 minutes\" \/>\n<script type=\"application\/ld+json\" class=\"yoast-schema-graph\">{\"@context\":\"https:\\\/\\\/schema.org\",\"@graph\":[{\"@type\":\"WebPage\",\"@id\":\"https:\\\/\\\/www.apen.es\\\/soluciones-de-impresion\\\/las-impresoras-de-bajo-consumo-barcelona\\\/\",\"url\":\"https:\\\/\\\/www.apen.es\\\/soluciones-de-impresion\\\/las-impresoras-de-bajo-consumo-barcelona\\\/\",\"name\":\"Las impresoras de bajo consumo - Apen Inform\u00e1tica\",\"isPartOf\":{\"@id\":\"https:\\\/\\\/www.apen.es\\\/#website\"},\"datePublished\":\"2016-10-11T15:29:21+00:00\",\"dateModified\":\"2025-06-25T11:34:06+00:00\",\"description\":\"El coste de los cartuchos de tinta es muy caro y por eso, en Apen confiamos en las impresoras de bajo consumo para poder ahorrar al m\u00e1ximo.\",\"breadcrumb\":{\"@id\":\"https:\\\/\\\/www.apen.es\\\/soluciones-de-impresion\\\/las-impresoras-de-bajo-consumo-barcelona\\\/#breadcrumb\"},\"inLanguage\":\"en-US\",\"potentialAction\":[{\"@type\":\"ReadAction\",\"target\":[\"https:\\\/\\\/www.apen.es\\\/soluciones-de-impresion\\\/las-impresoras-de-bajo-consumo-barcelona\\\/\"]}]},{\"@type\":\"BreadcrumbList\",\"@id\":\"https:\\\/\\\/www.apen.es\\\/soluciones-de-impresion\\\/las-impresoras-de-bajo-consumo-barcelona\\\/#breadcrumb\",\"itemListElement\":[{\"@type\":\"ListItem\",\"position\":1,\"name\":\"Portada\",\"item\":\"https:\\\/\\\/www.apen.es\\\/\"},{\"@type\":\"ListItem\",\"position\":2,\"name\":\"Soluciones de impresi\u00f3n\",\"item\":\"https:\\\/\\\/www.apen.es\\\/soluciones-de-impresion\\\/\"},{\"@type\":\"ListItem\",\"position\":3,\"name\":\"Las impresoras de bajo consumo\"}]},{\"@type\":\"WebSite\",\"@id\":\"https:\\\/\\\/www.apen.es\\\/#website\",\"url\":\"https:\\\/\\\/www.apen.es\\\/\",\"name\":\"Apen Inform\u00e1tica\",\"description\":\"Mantenimiento Inform\u00e1tico , Software de Gesti\u00f3n, Soluciones de impresi\u00f3n\",\"publisher\":{\"@id\":\"https:\\\/\\\/www.apen.es\\\/#organization\"},\"potentialAction\":[{\"@type\":\"SearchAction\",\"target\":{\"@type\":\"EntryPoint\",\"urlTemplate\":\"https:\\\/\\\/www.apen.es\\\/?s={search_term_string}\"},\"query-input\":{\"@type\":\"PropertyValueSpecification\",\"valueRequired\":true,\"valueName\":\"search_term_string\"}}],\"inLanguage\":\"en-US\"},{\"@type\":\"Organization\",\"@id\":\"https:\\\/\\\/www.apen.es\\\/#organization\",\"name\":\"Apen: Soluciones inform\u00e1ticas\",\"url\":\"https:\\\/\\\/www.apen.es\\\/\",\"logo\":{\"@type\":\"ImageObject\",\"inLanguage\":\"en-US\",\"@id\":\"https:\\\/\\\/www.apen.es\\\/#\\\/schema\\\/logo\\\/image\\\/\",\"url\":\"https:\\\/\\\/www.apen.es\\\/wp-content\\\/uploads\\\/2022\\\/08\\\/logo-apenok-231x82-1.png\",\"contentUrl\":\"https:\\\/\\\/www.apen.es\\\/wp-content\\\/uploads\\\/2022\\\/08\\\/logo-apenok-231x82-1.png\",\"width\":231,\"height\":82,\"caption\":\"Apen: Soluciones inform\u00e1ticas\"},\"image\":{\"@id\":\"https:\\\/\\\/www.apen.es\\\/#\\\/schema\\\/logo\\\/image\\\/\"},\"sameAs\":[\"https:\\\/\\\/www.facebook.com\\\/apensolucions\",\"https:\\\/\\\/www.youtube.com\\\/user\\\/ApenCentreInformatic\",\"https:\\\/\\\/www.linkedin.com\\\/company\\\/1021771?trk=tyah&trkInfo=clickedVerticalcompanyclickedEntityId1021771idx2-1-2tarId1464195271196tasapenin\"]}]}<\/script>\n<!-- \/ Yoast SEO plugin. -->","yoast_head_json":{"title":"Low-power printers - Apen Inform\u00e1tica","description":"The cost of ink cartridges is very high, and that&#039;s why at Apen we rely on low-consumption printers to save as much as possible.","robots":{"index":"index","follow":"follow","max-snippet":"max-snippet:-1","max-image-preview":"max-image-preview:large","max-video-preview":"max-video-preview:-1"},"canonical":"https:\/\/www.apen.es\/en\/printing-solutions\/low-power-printers-barcelona\/","og_locale":"en_US","og_type":"article","og_title":"Las impresoras de bajo consumo - Apen Inform\u00e1tica","og_description":"El coste de los cartuchos de tinta es muy caro y por eso, en Apen confiamos en las impresoras de bajo consumo para poder ahorrar al m\u00e1ximo.","og_url":"https:\/\/www.apen.es\/en\/printing-solutions\/low-power-printers-barcelona\/","og_site_name":"Apen Inform\u00e1tica","article_publisher":"https:\/\/www.facebook.com\/apensolucions","article_modified_time":"2025-06-25T11:34:06+00:00","og_image":[{"width":231,"height":82,"url":"https:\/\/www.apen.es\/wp-content\/uploads\/2016\/05\/logo-apen-231x82-trasparent.png","type":"image\/png"}],"twitter_card":"summary_large_image","twitter_misc":{"Est. reading time":"4 minutes"},"schema":{"@context":"https:\/\/schema.org","@graph":[{"@type":"WebPage","@id":"https:\/\/www.apen.es\/soluciones-de-impresion\/las-impresoras-de-bajo-consumo-barcelona\/","url":"https:\/\/www.apen.es\/soluciones-de-impresion\/las-impresoras-de-bajo-consumo-barcelona\/","name":"Low-power printers - Apen Inform\u00e1tica","isPartOf":{"@id":"https:\/\/www.apen.es\/#website"},"datePublished":"2016-10-11T15:29:21+00:00","dateModified":"2025-06-25T11:34:06+00:00","description":"The cost of ink cartridges is very high, and that&#039;s why at Apen we rely on low-consumption printers to save as much as possible.","breadcrumb":{"@id":"https:\/\/www.apen.es\/soluciones-de-impresion\/las-impresoras-de-bajo-consumo-barcelona\/#breadcrumb"},"inLanguage":"en-US","potentialAction":[{"@type":"ReadAction","target":["https:\/\/www.apen.es\/soluciones-de-impresion\/las-impresoras-de-bajo-consumo-barcelona\/"]}]},{"@type":"BreadcrumbList","@id":"https:\/\/www.apen.es\/soluciones-de-impresion\/las-impresoras-de-bajo-consumo-barcelona\/#breadcrumb","itemListElement":[{"@type":"ListItem","position":1,"name":"Portada","item":"https:\/\/www.apen.es\/"},{"@type":"ListItem","position":2,"name":"Soluciones de impresi\u00f3n","item":"https:\/\/www.apen.es\/soluciones-de-impresion\/"},{"@type":"ListItem","position":3,"name":"Las impresoras de bajo consumo"}]},{"@type":"WebSite","@id":"https:\/\/www.apen.es\/#website","url":"https:\/\/www.apen.es\/","name":"Apen Inform\u00e1tica","description":"IT Maintenance, Management Software, Printing Solutions","publisher":{"@id":"https:\/\/www.apen.es\/#organization"},"potentialAction":[{"@type":"SearchAction","target":{"@type":"EntryPoint","urlTemplate":"https:\/\/www.apen.es\/?s={search_term_string}"},"query-input":{"@type":"PropertyValueSpecification","valueRequired":true,"valueName":"search_term_string"}}],"inLanguage":"en-US"},{"@type":"Organization","@id":"https:\/\/www.apen.es\/#organization","name":"Apen: IT Solutions","url":"https:\/\/www.apen.es\/","logo":{"@type":"ImageObject","inLanguage":"en-US","@id":"https:\/\/www.apen.es\/#\/schema\/logo\/image\/","url":"https:\/\/www.apen.es\/wp-content\/uploads\/2022\/08\/logo-apenok-231x82-1.png","contentUrl":"https:\/\/www.apen.es\/wp-content\/uploads\/2022\/08\/logo-apenok-231x82-1.png","width":231,"height":82,"caption":"Apen: Soluciones inform\u00e1ticas"},"image":{"@id":"https:\/\/www.apen.es\/#\/schema\/logo\/image\/"},"sameAs":["https:\/\/www.facebook.com\/apensolucions","https:\/\/www.youtube.com\/user\/ApenCentreInformatic","https:\/\/www.linkedin.com\/company\/1021771?trk=tyah&trkInfo=clickedVerticalcompanyclickedEntityId1021771idx2-1-2tarId1464195271196tasapenin"]}]}},"taxonomy_info":[],"featured_image_src_large":false,"author_info":{"display_name":"marqueting","author_link":"https:\/\/www.apen.es\/en\/blog\/author\/marqueting\/"},"comment_info":0,"_links":{"self":[{"href":"https:\/\/www.apen.es\/en\/wp-json\/wp\/v2\/pages\/5386","targetHints":{"allow":["GET"]}}],"collection":[{"href":"https:\/\/www.apen.es\/en\/wp-json\/wp\/v2\/pages"}],"about":[{"href":"https:\/\/www.apen.es\/en\/wp-json\/wp\/v2\/types\/page"}],"author":[{"embeddable":true,"href":"https:\/\/www.apen.es\/en\/wp-json\/wp\/v2\/users\/4"}],"replies":[{"embeddable":true,"href":"https:\/\/www.apen.es\/en\/wp-json\/wp\/v2\/comments?post=5386"}],"version-history":[{"count":5,"href":"https:\/\/www.apen.es\/en\/wp-json\/wp\/v2\/pages\/5386\/revisions"}],"predecessor-version":[{"id":55650,"href":"https:\/\/www.apen.es\/en\/wp-json\/wp\/v2\/pages\/5386\/revisions\/55650"}],"up":[{"embeddable":true,"href":"https:\/\/www.apen.es\/en\/wp-json\/wp\/v2\/pages\/1158"}],"wp:attachment":[{"href":"https:\/\/www.apen.es\/en\/wp-json\/wp\/v2\/media?parent=5386"}],"curies":[{"name":"wp","href":"https:\/\/api.w.org\/{rel}","templated":true}]}}