{"id":5365,"date":"2016-10-10T13:23:41","date_gmt":"2016-10-10T13:23:41","guid":{"rendered":"https:\/\/www.apen.es\/?page_id=5365"},"modified":"2025-06-25T11:36:29","modified_gmt":"2025-06-25T11:36:29","slug":"printer-maintenance-barcelona","status":"publish","type":"page","link":"https:\/\/www.apen.es\/en\/soluciones-de-impresion\/mantenimiento-de-impresoras\/mantenimiento-de-impresoras-barcelona\/","title":{"rendered":"Printer maintenance Barcelona"},"content":{"rendered":"<p><strong>We monitor your printer at all times<\/strong><\/p>\n\n\n\n<p>At APEN, we&#039;ve taken our printer maintenance service to the next level. We can now monitor your printer&#039;s status at all times, ensuring a comprehensive check of its condition and the health of its components. Thanks to this service, our Barcelona-based business clients have access to the most effective printer maintenance on the market. If any component fails, the printer will send an alert to our IT technicians, who can then come to your business and perform the necessary repairs.<\/p>\n\n\n\n<h3 class=\"wp-block-heading\"><strong>Printer repair in Barcelona<\/strong><\/h3>\n\n\n\n<p>If you are not yet our customer, at APEN we can repair your printer: We are a multi-brand company and work with the best brands in printing solutions for businesses: OKI, Konica Minolta, HP and Kyocera.<\/p>\n\n\n\n<p>Furthermore, if your printing equipment requires complex repairs and is out of service for several days, we can offer replacement equipment (printers, fax machines, photocopiers, multifunction devices, etc.), covering your needs with full guarantees.<\/p>\n\n\n\n<p>APEN is located in Granollers, less than 20 minutes from Barcelona, and we have a team of technicians specializing in the components of this type of printing equipment.<\/p>\n\n\n\n<h3 class=\"wp-block-heading\"><strong>Cover yourself with the 100% guarantees on printer maintenance<\/strong><\/h3>\n\n\n\n<p>APEN offers a service that guarantees a minimum savings of 30% in a company&#039;s printing costs. This cost includes the price of printing (ink cartridges), printer and printing equipment maintenance, and the purchase or acquisition of necessary equipment.<\/p>\n\n\n\n<p>This service is called &quot;Price Per Copy&quot;: APEN will conduct a study analyzing your company&#039;s printing needs. They will install the necessary printing equipment, supply the ink, and handle all necessary maintenance and repairs. The client doesn&#039;t pay for the printers, cartridges, or maintenance; they only pay for what they print.<\/p>\n\n\n\n<p>We set a price per printed copy, and at APEN we&#039;ll provide you with the most comprehensive coverage your company can find on the market. This innovative and efficient system drastically reduces your company&#039;s printing costs, not only in terms of money but also in terms of time. A significant amount of time is spent acquiring new ink cartridges, time during which printers are unavailable if they aren&#039;t properly maintained. At APEN, we offer the ultimate printing solution.<\/p>\n\n\n\n<p>Contact us and we will carry out the study without any obligation, being able to offer a &quot;price per printed copy&quot; with which you will save a lot of money.<\/p>\n\n\n\n<h3 class=\"wp-block-heading\"><strong>Beyond printer maintenance<\/strong><\/h3>\n\n\n\n<p>APEN not only provides printer maintenance services to its customers in Barcelona, but also offers technological solutions such as the following:<\/p>\n\n\n\n<ul class=\"wp-block-list\">\n<li>Direct sales of computer equipment and components<\/li>\n\n\n\n<li>IT maintenance in Barcelona<\/li>\n\n\n\n<li>Implementation of management software<\/li>\n\n\n\n<li>CRM Implementation<\/li>\n\n\n\n<li>Telecommunications solutions<\/li>\n<\/ul>","protected":false},"excerpt":{"rendered":"<p>Monitorizamos su impresora en todo momento En APEN hemos querido dar un paso adelante con nuestro servicio de mantenimiento de impresoras. Ahora podemos monitorizar el estado de su impresora en todo momento, con el objetivo de comprobar el estado integral de su impresora y el de sus componentes. Gracias a este servicio, nuestras empresas clientes&#8230;<\/p>","protected":false},"author":4,"featured_media":0,"parent":5362,"menu_order":0,"comment_status":"closed","ping_status":"closed","template":"page-landing-renting.php","meta":{"_acf_changed":false,"_kad_blocks_custom_css":"","_kad_blocks_head_custom_js":"","_kad_blocks_body_custom_js":"","_kad_blocks_footer_custom_js":"","_kad_post_transparent":"","_kad_post_title":"","_kad_post_layout":"","_kad_post_sidebar_id":"","_kad_post_content_style":"","_kad_post_vertical_padding":"","_kad_post_feature":"","_kad_post_feature_position":"","_kad_post_header":false,"_kad_post_footer":false,"_kad_post_classname":"","footnotes":""},"class_list":["post-5365","page","type-page","status-publish","hentry"],"acf":[],"yoast_head":"<!-- This site is optimized with the Yoast SEO plugin v27.4 - https:\/\/yoast.com\/product\/yoast-seo-wordpress\/ -->\n<title>Mantenimiento de impresoras Barcelona - Apen Inform\u00e1tica<\/title>\n<meta name=\"description\" content=\"En Apen ofrecemos el servicio de mantenimiento de impresoras en Barcelona Monitorizamos y reparamos las impresoras tambi\u00e9n ofrecemos soluciones.\" \/>\n<meta name=\"robots\" content=\"index, follow, max-snippet:-1, max-image-preview:large, max-video-preview:-1\" \/>\n<link rel=\"canonical\" href=\"https:\/\/www.apen.es\/en\/printing-solutions\/printer-maintenance\/printer-maintenance-barcelona\/\" \/>\n<meta property=\"og:locale\" content=\"en_US\" \/>\n<meta property=\"og:type\" content=\"article\" \/>\n<meta property=\"og:title\" content=\"Mantenimiento de impresoras Barcelona - Apen Inform\u00e1tica\" \/>\n<meta property=\"og:description\" content=\"En Apen ofrecemos el servicio de mantenimiento de impresoras en Barcelona Monitorizamos y reparamos las impresoras tambi\u00e9n ofrecemos soluciones.\" \/>\n<meta property=\"og:url\" content=\"https:\/\/www.apen.es\/en\/printing-solutions\/printer-maintenance\/printer-maintenance-barcelona\/\" \/>\n<meta property=\"og:site_name\" content=\"Apen Inform\u00e1tica\" \/>\n<meta property=\"article:publisher\" content=\"https:\/\/www.facebook.com\/apensolucions\" \/>\n<meta property=\"article:modified_time\" content=\"2025-06-25T11:36:29+00:00\" \/>\n<meta property=\"og:image\" content=\"https:\/\/www.apen.es\/wp-content\/uploads\/2016\/05\/logo-apen-231x82-trasparent.png\" \/>\n\t<meta property=\"og:image:width\" content=\"231\" \/>\n\t<meta property=\"og:image:height\" content=\"82\" \/>\n\t<meta property=\"og:image:type\" content=\"image\/png\" \/>\n<meta name=\"twitter:card\" content=\"summary_large_image\" \/>\n<meta name=\"twitter:label1\" content=\"Est. reading time\" \/>\n\t<meta name=\"twitter:data1\" content=\"4 minutes\" \/>\n<script type=\"application\/ld+json\" class=\"yoast-schema-graph\">{\"@context\":\"https:\\\/\\\/schema.org\",\"@graph\":[{\"@type\":\"WebPage\",\"@id\":\"https:\\\/\\\/www.apen.es\\\/soluciones-de-impresion\\\/mantenimiento-de-impresoras\\\/mantenimiento-de-impresoras-barcelona\\\/\",\"url\":\"https:\\\/\\\/www.apen.es\\\/soluciones-de-impresion\\\/mantenimiento-de-impresoras\\\/mantenimiento-de-impresoras-barcelona\\\/\",\"name\":\"Mantenimiento de impresoras Barcelona - Apen Inform\u00e1tica\",\"isPartOf\":{\"@id\":\"https:\\\/\\\/www.apen.es\\\/#website\"},\"datePublished\":\"2016-10-10T13:23:41+00:00\",\"dateModified\":\"2025-06-25T11:36:29+00:00\",\"description\":\"En Apen ofrecemos el servicio de mantenimiento de impresoras en Barcelona Monitorizamos y reparamos las impresoras tambi\u00e9n ofrecemos soluciones.\",\"breadcrumb\":{\"@id\":\"https:\\\/\\\/www.apen.es\\\/soluciones-de-impresion\\\/mantenimiento-de-impresoras\\\/mantenimiento-de-impresoras-barcelona\\\/#breadcrumb\"},\"inLanguage\":\"en-US\",\"potentialAction\":[{\"@type\":\"ReadAction\",\"target\":[\"https:\\\/\\\/www.apen.es\\\/soluciones-de-impresion\\\/mantenimiento-de-impresoras\\\/mantenimiento-de-impresoras-barcelona\\\/\"]}]},{\"@type\":\"BreadcrumbList\",\"@id\":\"https:\\\/\\\/www.apen.es\\\/soluciones-de-impresion\\\/mantenimiento-de-impresoras\\\/mantenimiento-de-impresoras-barcelona\\\/#breadcrumb\",\"itemListElement\":[{\"@type\":\"ListItem\",\"position\":1,\"name\":\"Portada\",\"item\":\"https:\\\/\\\/www.apen.es\\\/\"},{\"@type\":\"ListItem\",\"position\":2,\"name\":\"Soluciones de impresi\u00f3n\",\"item\":\"https:\\\/\\\/www.apen.es\\\/soluciones-de-impresion\\\/\"},{\"@type\":\"ListItem\",\"position\":3,\"name\":\"Mantenimiento de impresoras\",\"item\":\"https:\\\/\\\/www.apen.es\\\/soluciones-de-impresion\\\/mantenimiento-de-impresoras\\\/\"},{\"@type\":\"ListItem\",\"position\":4,\"name\":\"Mantenimiento de impresoras Barcelona\"}]},{\"@type\":\"WebSite\",\"@id\":\"https:\\\/\\\/www.apen.es\\\/#website\",\"url\":\"https:\\\/\\\/www.apen.es\\\/\",\"name\":\"Apen Inform\u00e1tica\",\"description\":\"Mantenimiento Inform\u00e1tico , Software de Gesti\u00f3n, Soluciones de impresi\u00f3n\",\"publisher\":{\"@id\":\"https:\\\/\\\/www.apen.es\\\/#organization\"},\"potentialAction\":[{\"@type\":\"SearchAction\",\"target\":{\"@type\":\"EntryPoint\",\"urlTemplate\":\"https:\\\/\\\/www.apen.es\\\/?s={search_term_string}\"},\"query-input\":{\"@type\":\"PropertyValueSpecification\",\"valueRequired\":true,\"valueName\":\"search_term_string\"}}],\"inLanguage\":\"en-US\"},{\"@type\":\"Organization\",\"@id\":\"https:\\\/\\\/www.apen.es\\\/#organization\",\"name\":\"Apen: Soluciones inform\u00e1ticas\",\"url\":\"https:\\\/\\\/www.apen.es\\\/\",\"logo\":{\"@type\":\"ImageObject\",\"inLanguage\":\"en-US\",\"@id\":\"https:\\\/\\\/www.apen.es\\\/#\\\/schema\\\/logo\\\/image\\\/\",\"url\":\"https:\\\/\\\/www.apen.es\\\/wp-content\\\/uploads\\\/2022\\\/08\\\/logo-apenok-231x82-1.png\",\"contentUrl\":\"https:\\\/\\\/www.apen.es\\\/wp-content\\\/uploads\\\/2022\\\/08\\\/logo-apenok-231x82-1.png\",\"width\":231,\"height\":82,\"caption\":\"Apen: Soluciones inform\u00e1ticas\"},\"image\":{\"@id\":\"https:\\\/\\\/www.apen.es\\\/#\\\/schema\\\/logo\\\/image\\\/\"},\"sameAs\":[\"https:\\\/\\\/www.facebook.com\\\/apensolucions\",\"https:\\\/\\\/www.youtube.com\\\/user\\\/ApenCentreInformatic\",\"https:\\\/\\\/www.linkedin.com\\\/company\\\/1021771?trk=tyah&trkInfo=clickedVerticalcompanyclickedEntityId1021771idx2-1-2tarId1464195271196tasapenin\"]}]}<\/script>\n<!-- \/ Yoast SEO plugin. -->","yoast_head_json":{"title":"Printer maintenance Barcelona - Apen Inform\u00e1tica","description":"At Apen we offer printer maintenance services in Barcelona. We monitor and repair printers and also offer solutions.","robots":{"index":"index","follow":"follow","max-snippet":"max-snippet:-1","max-image-preview":"max-image-preview:large","max-video-preview":"max-video-preview:-1"},"canonical":"https:\/\/www.apen.es\/en\/printing-solutions\/printer-maintenance\/printer-maintenance-barcelona\/","og_locale":"en_US","og_type":"article","og_title":"Mantenimiento de impresoras Barcelona - Apen Inform\u00e1tica","og_description":"En Apen ofrecemos el servicio de mantenimiento de impresoras en Barcelona Monitorizamos y reparamos las impresoras tambi\u00e9n ofrecemos soluciones.","og_url":"https:\/\/www.apen.es\/en\/printing-solutions\/printer-maintenance\/printer-maintenance-barcelona\/","og_site_name":"Apen Inform\u00e1tica","article_publisher":"https:\/\/www.facebook.com\/apensolucions","article_modified_time":"2025-06-25T11:36:29+00:00","og_image":[{"width":231,"height":82,"url":"https:\/\/www.apen.es\/wp-content\/uploads\/2016\/05\/logo-apen-231x82-trasparent.png","type":"image\/png"}],"twitter_card":"summary_large_image","twitter_misc":{"Est. reading time":"4 minutes"},"schema":{"@context":"https:\/\/schema.org","@graph":[{"@type":"WebPage","@id":"https:\/\/www.apen.es\/soluciones-de-impresion\/mantenimiento-de-impresoras\/mantenimiento-de-impresoras-barcelona\/","url":"https:\/\/www.apen.es\/soluciones-de-impresion\/mantenimiento-de-impresoras\/mantenimiento-de-impresoras-barcelona\/","name":"Printer maintenance Barcelona - Apen Inform\u00e1tica","isPartOf":{"@id":"https:\/\/www.apen.es\/#website"},"datePublished":"2016-10-10T13:23:41+00:00","dateModified":"2025-06-25T11:36:29+00:00","description":"At Apen we offer printer maintenance services in Barcelona. We monitor and repair printers and also offer solutions.","breadcrumb":{"@id":"https:\/\/www.apen.es\/soluciones-de-impresion\/mantenimiento-de-impresoras\/mantenimiento-de-impresoras-barcelona\/#breadcrumb"},"inLanguage":"en-US","potentialAction":[{"@type":"ReadAction","target":["https:\/\/www.apen.es\/soluciones-de-impresion\/mantenimiento-de-impresoras\/mantenimiento-de-impresoras-barcelona\/"]}]},{"@type":"BreadcrumbList","@id":"https:\/\/www.apen.es\/soluciones-de-impresion\/mantenimiento-de-impresoras\/mantenimiento-de-impresoras-barcelona\/#breadcrumb","itemListElement":[{"@type":"ListItem","position":1,"name":"Portada","item":"https:\/\/www.apen.es\/"},{"@type":"ListItem","position":2,"name":"Soluciones de impresi\u00f3n","item":"https:\/\/www.apen.es\/soluciones-de-impresion\/"},{"@type":"ListItem","position":3,"name":"Mantenimiento de impresoras","item":"https:\/\/www.apen.es\/soluciones-de-impresion\/mantenimiento-de-impresoras\/"},{"@type":"ListItem","position":4,"name":"Mantenimiento de impresoras Barcelona"}]},{"@type":"WebSite","@id":"https:\/\/www.apen.es\/#website","url":"https:\/\/www.apen.es\/","name":"Apen Inform\u00e1tica","description":"IT Maintenance, Management Software, Printing Solutions","publisher":{"@id":"https:\/\/www.apen.es\/#organization"},"potentialAction":[{"@type":"SearchAction","target":{"@type":"EntryPoint","urlTemplate":"https:\/\/www.apen.es\/?s={search_term_string}"},"query-input":{"@type":"PropertyValueSpecification","valueRequired":true,"valueName":"search_term_string"}}],"inLanguage":"en-US"},{"@type":"Organization","@id":"https:\/\/www.apen.es\/#organization","name":"Apen: IT Solutions","url":"https:\/\/www.apen.es\/","logo":{"@type":"ImageObject","inLanguage":"en-US","@id":"https:\/\/www.apen.es\/#\/schema\/logo\/image\/","url":"https:\/\/www.apen.es\/wp-content\/uploads\/2022\/08\/logo-apenok-231x82-1.png","contentUrl":"https:\/\/www.apen.es\/wp-content\/uploads\/2022\/08\/logo-apenok-231x82-1.png","width":231,"height":82,"caption":"Apen: Soluciones inform\u00e1ticas"},"image":{"@id":"https:\/\/www.apen.es\/#\/schema\/logo\/image\/"},"sameAs":["https:\/\/www.facebook.com\/apensolucions","https:\/\/www.youtube.com\/user\/ApenCentreInformatic","https:\/\/www.linkedin.com\/company\/1021771?trk=tyah&trkInfo=clickedVerticalcompanyclickedEntityId1021771idx2-1-2tarId1464195271196tasapenin"]}]}},"taxonomy_info":[],"featured_image_src_large":false,"author_info":{"display_name":"marqueting","author_link":"https:\/\/www.apen.es\/en\/blog\/author\/marqueting\/"},"comment_info":0,"_links":{"self":[{"href":"https:\/\/www.apen.es\/en\/wp-json\/wp\/v2\/pages\/5365","targetHints":{"allow":["GET"]}}],"collection":[{"href":"https:\/\/www.apen.es\/en\/wp-json\/wp\/v2\/pages"}],"about":[{"href":"https:\/\/www.apen.es\/en\/wp-json\/wp\/v2\/types\/page"}],"author":[{"embeddable":true,"href":"https:\/\/www.apen.es\/en\/wp-json\/wp\/v2\/users\/4"}],"replies":[{"embeddable":true,"href":"https:\/\/www.apen.es\/en\/wp-json\/wp\/v2\/comments?post=5365"}],"version-history":[{"count":5,"href":"https:\/\/www.apen.es\/en\/wp-json\/wp\/v2\/pages\/5365\/revisions"}],"predecessor-version":[{"id":55653,"href":"https:\/\/www.apen.es\/en\/wp-json\/wp\/v2\/pages\/5365\/revisions\/55653"}],"up":[{"embeddable":true,"href":"https:\/\/www.apen.es\/en\/wp-json\/wp\/v2\/pages\/5362"}],"wp:attachment":[{"href":"https:\/\/www.apen.es\/en\/wp-json\/wp\/v2\/media?parent=5365"}],"curies":[{"name":"wp","href":"https:\/\/api.w.org\/{rel}","templated":true}]}}