{"id":5362,"date":"2016-10-10T13:21:04","date_gmt":"2016-10-10T13:21:04","guid":{"rendered":"https:\/\/www.apen.es\/?page_id=5362"},"modified":"2025-06-25T11:35:15","modified_gmt":"2025-06-25T11:35:15","slug":"printer-maintenance","status":"publish","type":"page","link":"https:\/\/www.apen.es\/en\/soluciones-de-impresion\/mantenimiento-de-impresoras\/","title":{"rendered":"Printer maintenance"},"content":{"rendered":"<p>From our IT and printing solutions company, we offer printer maintenance services to all our clients in the province of Barcelona. At APEN, we specialize in providing the best printing equipment (through direct sales, rental, or leasing), as we are a multi-brand company and can offer the printer that best suits the specific needs of each of our clients. We carry printers from OKI, Kyocera, HP, and more.<\/p>\n\n\n\n<p>Our maintenance service offers total coverage, so much so that from the very moment one of your printers is broken, we will provide you with a replacement printer, maintaining your printing needs while we repair your printer.<\/p>\n\n\n\n<p>We have a printer repair and maintenance workshop in Granollers, with the best professionals, all of them with the necessary knowledge to repair any printing equipment of the following brands: Konica Minolta, Kyocera, OKI and HP.<\/p>\n\n\n\n<p>At APEN, we&#039;ve innovated in the field of printing solutions, offering a &quot;price per copy&quot; service in our catalog. With this service, you only pay for what you print, and APEN provides all the necessary support: printer maintenance, installation and provision of the printers your company needs (each company requires a specific number of printers), ink cartridge supply, and any technical support you may require. All this, with payment only per printed copy.<\/p>\n\n\n\n<p>With this service, you will not only have the necessary coverage for the maintenance of your printers, but you can also save up to 30% on your printing costs for the following reasons:<\/p>\n\n\n\n<ul class=\"wp-block-list\">\n<li>Our technicians constantly monitor the ink levels in your printer cartridges. We do this remotely, using a monitoring program so you don&#039;t have to worry about a thing.<\/li>\n\n\n\n<li>We supply the ink cartridges just as operations are about to end, greatly saving the ink we would otherwise waste when changing a cartridge prematurely.<\/li>\n\n\n\n<li>We analyze the condition of your printer&#039;s components from our company, without needing to travel to your location. We achieve this by connecting your printers online to our control and monitoring software.<\/li>\n\n\n\n<li>The price per copy includes the costs of printer rental, maintenance and support.<\/li>\n<\/ul>\n\n\n\n<h3 class=\"wp-block-heading\"><strong>The most precise control for the maintenance of your printers<\/strong><\/h3>\n\n\n\n<p>Thanks to our management software, our specialist printer maintenance technicians will constantly analyze the status of your printers, detecting faults or components that need to be repaired in advance, so that your printing equipment is always operational.<\/p>\n\n\n\n<p>Don&#039;t hesitate to contact us if you need a comprehensive service, because at APEN we don&#039;t just offer printing solutions: We handle IT maintenance, provide technological support in management software and telecommunications.<\/p>\n\n\n\n<p>From the first moment you contact us, you will feel safe and supported, as we have over 25 years of experience helping companies in the field of IT.<\/p>","protected":false},"excerpt":{"rendered":"<p>Desde nuestra empresa de inform\u00e1tica y de soluciones de impresi\u00f3n, ofrecemos el servicio de mantenimiento de impresoras a todos nuestros clientes de la provincia de Barcelona. En APEN, somos especialistas en ofrecer (mediante venta directa, alquiler o renting) los mejores equipos de impresi\u00f3n, ya que somos una empresa multimarca y podemos ofrecer la impresora que&#8230;<\/p>","protected":false},"author":4,"featured_media":0,"parent":1158,"menu_order":0,"comment_status":"closed","ping_status":"closed","template":"page-landing-renting.php","meta":{"_acf_changed":false,"_kad_blocks_custom_css":"","_kad_blocks_head_custom_js":"","_kad_blocks_body_custom_js":"","_kad_blocks_footer_custom_js":"","_kad_post_transparent":"","_kad_post_title":"","_kad_post_layout":"","_kad_post_sidebar_id":"","_kad_post_content_style":"","_kad_post_vertical_padding":"","_kad_post_feature":"","_kad_post_feature_position":"","_kad_post_header":false,"_kad_post_footer":false,"_kad_post_classname":"","footnotes":""},"class_list":["post-5362","page","type-page","status-publish","hentry"],"acf":[],"yoast_head":"<!-- This site is optimized with the Yoast SEO plugin v27.4 - https:\/\/yoast.com\/product\/yoast-seo-wordpress\/ -->\n<title>Mantenimiento de impresoras - Apen Inform\u00e1tica<\/title>\n<meta name=\"description\" content=\"En Apen ofrecemos el servicio de mantenimiento de impresoras. Somos especialistas en ofrecer los mejores equipos de impresi\u00f3n y las mejores marcas\" \/>\n<meta name=\"robots\" content=\"index, follow, max-snippet:-1, max-image-preview:large, max-video-preview:-1\" \/>\n<link rel=\"canonical\" href=\"https:\/\/www.apen.es\/en\/printing-solutions\/printer-maintenance\/\" \/>\n<meta property=\"og:locale\" content=\"en_US\" \/>\n<meta property=\"og:type\" content=\"article\" \/>\n<meta property=\"og:title\" content=\"Mantenimiento de impresoras - Apen Inform\u00e1tica\" \/>\n<meta property=\"og:description\" content=\"En Apen ofrecemos el servicio de mantenimiento de impresoras. Somos especialistas en ofrecer los mejores equipos de impresi\u00f3n y las mejores marcas\" \/>\n<meta property=\"og:url\" content=\"https:\/\/www.apen.es\/en\/printing-solutions\/printer-maintenance\/\" \/>\n<meta property=\"og:site_name\" content=\"Apen Inform\u00e1tica\" \/>\n<meta property=\"article:publisher\" content=\"https:\/\/www.facebook.com\/apensolucions\" \/>\n<meta property=\"article:modified_time\" content=\"2025-06-25T11:35:15+00:00\" \/>\n<meta property=\"og:image\" content=\"https:\/\/www.apen.es\/wp-content\/uploads\/2016\/05\/logo-apen-231x82-trasparent.png\" \/>\n\t<meta property=\"og:image:width\" content=\"231\" \/>\n\t<meta property=\"og:image:height\" content=\"82\" \/>\n\t<meta property=\"og:image:type\" content=\"image\/png\" \/>\n<meta name=\"twitter:card\" content=\"summary_large_image\" \/>\n<meta name=\"twitter:label1\" content=\"Est. reading time\" \/>\n\t<meta name=\"twitter:data1\" content=\"4 minutes\" \/>\n<script type=\"application\/ld+json\" class=\"yoast-schema-graph\">{\"@context\":\"https:\\\/\\\/schema.org\",\"@graph\":[{\"@type\":\"WebPage\",\"@id\":\"https:\\\/\\\/www.apen.es\\\/soluciones-de-impresion\\\/mantenimiento-de-impresoras\\\/\",\"url\":\"https:\\\/\\\/www.apen.es\\\/soluciones-de-impresion\\\/mantenimiento-de-impresoras\\\/\",\"name\":\"Mantenimiento de impresoras - Apen Inform\u00e1tica\",\"isPartOf\":{\"@id\":\"https:\\\/\\\/www.apen.es\\\/#website\"},\"datePublished\":\"2016-10-10T13:21:04+00:00\",\"dateModified\":\"2025-06-25T11:35:15+00:00\",\"description\":\"En Apen ofrecemos el servicio de mantenimiento de impresoras. Somos especialistas en ofrecer los mejores equipos de impresi\u00f3n y las mejores marcas\",\"breadcrumb\":{\"@id\":\"https:\\\/\\\/www.apen.es\\\/soluciones-de-impresion\\\/mantenimiento-de-impresoras\\\/#breadcrumb\"},\"inLanguage\":\"en-US\",\"potentialAction\":[{\"@type\":\"ReadAction\",\"target\":[\"https:\\\/\\\/www.apen.es\\\/soluciones-de-impresion\\\/mantenimiento-de-impresoras\\\/\"]}]},{\"@type\":\"BreadcrumbList\",\"@id\":\"https:\\\/\\\/www.apen.es\\\/soluciones-de-impresion\\\/mantenimiento-de-impresoras\\\/#breadcrumb\",\"itemListElement\":[{\"@type\":\"ListItem\",\"position\":1,\"name\":\"Portada\",\"item\":\"https:\\\/\\\/www.apen.es\\\/\"},{\"@type\":\"ListItem\",\"position\":2,\"name\":\"Soluciones de impresi\u00f3n\",\"item\":\"https:\\\/\\\/www.apen.es\\\/soluciones-de-impresion\\\/\"},{\"@type\":\"ListItem\",\"position\":3,\"name\":\"Mantenimiento de impresoras\"}]},{\"@type\":\"WebSite\",\"@id\":\"https:\\\/\\\/www.apen.es\\\/#website\",\"url\":\"https:\\\/\\\/www.apen.es\\\/\",\"name\":\"Apen Inform\u00e1tica\",\"description\":\"Mantenimiento Inform\u00e1tico , Software de Gesti\u00f3n, Soluciones de impresi\u00f3n\",\"publisher\":{\"@id\":\"https:\\\/\\\/www.apen.es\\\/#organization\"},\"potentialAction\":[{\"@type\":\"SearchAction\",\"target\":{\"@type\":\"EntryPoint\",\"urlTemplate\":\"https:\\\/\\\/www.apen.es\\\/?s={search_term_string}\"},\"query-input\":{\"@type\":\"PropertyValueSpecification\",\"valueRequired\":true,\"valueName\":\"search_term_string\"}}],\"inLanguage\":\"en-US\"},{\"@type\":\"Organization\",\"@id\":\"https:\\\/\\\/www.apen.es\\\/#organization\",\"name\":\"Apen: Soluciones inform\u00e1ticas\",\"url\":\"https:\\\/\\\/www.apen.es\\\/\",\"logo\":{\"@type\":\"ImageObject\",\"inLanguage\":\"en-US\",\"@id\":\"https:\\\/\\\/www.apen.es\\\/#\\\/schema\\\/logo\\\/image\\\/\",\"url\":\"https:\\\/\\\/www.apen.es\\\/wp-content\\\/uploads\\\/2022\\\/08\\\/logo-apenok-231x82-1.png\",\"contentUrl\":\"https:\\\/\\\/www.apen.es\\\/wp-content\\\/uploads\\\/2022\\\/08\\\/logo-apenok-231x82-1.png\",\"width\":231,\"height\":82,\"caption\":\"Apen: Soluciones inform\u00e1ticas\"},\"image\":{\"@id\":\"https:\\\/\\\/www.apen.es\\\/#\\\/schema\\\/logo\\\/image\\\/\"},\"sameAs\":[\"https:\\\/\\\/www.facebook.com\\\/apensolucions\",\"https:\\\/\\\/www.youtube.com\\\/user\\\/ApenCentreInformatic\",\"https:\\\/\\\/www.linkedin.com\\\/company\\\/1021771?trk=tyah&trkInfo=clickedVerticalcompanyclickedEntityId1021771idx2-1-2tarId1464195271196tasapenin\"]}]}<\/script>\n<!-- \/ Yoast SEO plugin. -->","yoast_head_json":{"title":"Printer Maintenance - Apen Inform\u00e1tica","description":"At Apen, we offer printer maintenance services. We specialize in providing the best printing equipment and top brands.","robots":{"index":"index","follow":"follow","max-snippet":"max-snippet:-1","max-image-preview":"max-image-preview:large","max-video-preview":"max-video-preview:-1"},"canonical":"https:\/\/www.apen.es\/en\/printing-solutions\/printer-maintenance\/","og_locale":"en_US","og_type":"article","og_title":"Mantenimiento de impresoras - Apen Inform\u00e1tica","og_description":"En Apen ofrecemos el servicio de mantenimiento de impresoras. Somos especialistas en ofrecer los mejores equipos de impresi\u00f3n y las mejores marcas","og_url":"https:\/\/www.apen.es\/en\/printing-solutions\/printer-maintenance\/","og_site_name":"Apen Inform\u00e1tica","article_publisher":"https:\/\/www.facebook.com\/apensolucions","article_modified_time":"2025-06-25T11:35:15+00:00","og_image":[{"width":231,"height":82,"url":"https:\/\/www.apen.es\/wp-content\/uploads\/2016\/05\/logo-apen-231x82-trasparent.png","type":"image\/png"}],"twitter_card":"summary_large_image","twitter_misc":{"Est. reading time":"4 minutes"},"schema":{"@context":"https:\/\/schema.org","@graph":[{"@type":"WebPage","@id":"https:\/\/www.apen.es\/soluciones-de-impresion\/mantenimiento-de-impresoras\/","url":"https:\/\/www.apen.es\/soluciones-de-impresion\/mantenimiento-de-impresoras\/","name":"Printer Maintenance - Apen Inform\u00e1tica","isPartOf":{"@id":"https:\/\/www.apen.es\/#website"},"datePublished":"2016-10-10T13:21:04+00:00","dateModified":"2025-06-25T11:35:15+00:00","description":"At Apen, we offer printer maintenance services. We specialize in providing the best printing equipment and top brands.","breadcrumb":{"@id":"https:\/\/www.apen.es\/soluciones-de-impresion\/mantenimiento-de-impresoras\/#breadcrumb"},"inLanguage":"en-US","potentialAction":[{"@type":"ReadAction","target":["https:\/\/www.apen.es\/soluciones-de-impresion\/mantenimiento-de-impresoras\/"]}]},{"@type":"BreadcrumbList","@id":"https:\/\/www.apen.es\/soluciones-de-impresion\/mantenimiento-de-impresoras\/#breadcrumb","itemListElement":[{"@type":"ListItem","position":1,"name":"Portada","item":"https:\/\/www.apen.es\/"},{"@type":"ListItem","position":2,"name":"Soluciones de impresi\u00f3n","item":"https:\/\/www.apen.es\/soluciones-de-impresion\/"},{"@type":"ListItem","position":3,"name":"Mantenimiento de impresoras"}]},{"@type":"WebSite","@id":"https:\/\/www.apen.es\/#website","url":"https:\/\/www.apen.es\/","name":"Apen Inform\u00e1tica","description":"IT Maintenance, Management Software, Printing Solutions","publisher":{"@id":"https:\/\/www.apen.es\/#organization"},"potentialAction":[{"@type":"SearchAction","target":{"@type":"EntryPoint","urlTemplate":"https:\/\/www.apen.es\/?s={search_term_string}"},"query-input":{"@type":"PropertyValueSpecification","valueRequired":true,"valueName":"search_term_string"}}],"inLanguage":"en-US"},{"@type":"Organization","@id":"https:\/\/www.apen.es\/#organization","name":"Apen: IT Solutions","url":"https:\/\/www.apen.es\/","logo":{"@type":"ImageObject","inLanguage":"en-US","@id":"https:\/\/www.apen.es\/#\/schema\/logo\/image\/","url":"https:\/\/www.apen.es\/wp-content\/uploads\/2022\/08\/logo-apenok-231x82-1.png","contentUrl":"https:\/\/www.apen.es\/wp-content\/uploads\/2022\/08\/logo-apenok-231x82-1.png","width":231,"height":82,"caption":"Apen: Soluciones inform\u00e1ticas"},"image":{"@id":"https:\/\/www.apen.es\/#\/schema\/logo\/image\/"},"sameAs":["https:\/\/www.facebook.com\/apensolucions","https:\/\/www.youtube.com\/user\/ApenCentreInformatic","https:\/\/www.linkedin.com\/company\/1021771?trk=tyah&trkInfo=clickedVerticalcompanyclickedEntityId1021771idx2-1-2tarId1464195271196tasapenin"]}]}},"taxonomy_info":[],"featured_image_src_large":false,"author_info":{"display_name":"marqueting","author_link":"https:\/\/www.apen.es\/en\/blog\/author\/marqueting\/"},"comment_info":0,"_links":{"self":[{"href":"https:\/\/www.apen.es\/en\/wp-json\/wp\/v2\/pages\/5362","targetHints":{"allow":["GET"]}}],"collection":[{"href":"https:\/\/www.apen.es\/en\/wp-json\/wp\/v2\/pages"}],"about":[{"href":"https:\/\/www.apen.es\/en\/wp-json\/wp\/v2\/types\/page"}],"author":[{"embeddable":true,"href":"https:\/\/www.apen.es\/en\/wp-json\/wp\/v2\/users\/4"}],"replies":[{"embeddable":true,"href":"https:\/\/www.apen.es\/en\/wp-json\/wp\/v2\/comments?post=5362"}],"version-history":[{"count":4,"href":"https:\/\/www.apen.es\/en\/wp-json\/wp\/v2\/pages\/5362\/revisions"}],"predecessor-version":[{"id":55651,"href":"https:\/\/www.apen.es\/en\/wp-json\/wp\/v2\/pages\/5362\/revisions\/55651"}],"up":[{"embeddable":true,"href":"https:\/\/www.apen.es\/en\/wp-json\/wp\/v2\/pages\/1158"}],"wp:attachment":[{"href":"https:\/\/www.apen.es\/en\/wp-json\/wp\/v2\/media?parent=5362"}],"curies":[{"name":"wp","href":"https:\/\/api.w.org\/{rel}","templated":true}]}}