{"id":5357,"date":"2016-10-10T11:17:44","date_gmt":"2016-10-10T11:17:44","guid":{"rendered":"https:\/\/www.apen.es\/?page_id=5357"},"modified":"2025-06-25T11:37:28","modified_gmt":"2025-06-25T11:37:28","slug":"recycle-ink-cartridges-barcelona","status":"publish","type":"page","link":"https:\/\/www.apen.es\/en\/soluciones-de-impresion\/reciclar-cartuchos-de-tinta-barcelona\/","title":{"rendered":"Recycle ink cartridges in Barcelona"},"content":{"rendered":"<p>In&nbsp;<strong>Apen<\/strong>&nbsp;We are committed to the environment and to responsible and sustainable consumption, where spending on&nbsp;<strong>ink cartridges<\/strong>&nbsp;It shouldn&#039;t become unlimited consumption.&nbsp;<strong>Apen<\/strong>&nbsp;We want to do our bit for the environment, thanks to&nbsp;<strong>recycling of ink cartridges<\/strong>. In this way we contribute to building a better world, in which printing becomes a useful and conscious system, taking into account environmental responsibility.<\/p>\n\n\n\n<h3 class=\"wp-block-heading has-text-align-center\">We work with brands that recycle all ink cartridges from their printing equipment<\/h3>\n\n\n\n<p>Toner cartridges are used daily for printing in offices, schools, and homes; for this reason,&nbsp;<strong>Apen<\/strong>&nbsp;We are concerned about the enormous amount of waste generated at these sites, and the enormous damage done to the environment by not giving it the proper treatment.<\/p>\n\n\n\n<p><strong>Recycling ink cartridges<\/strong>&nbsp;This benefits companies by saving considerable sums of money annually. It has been estimated that the savings that can be achieved in this way range between 30% and 60% of normal expenditure.&nbsp;<strong>Apen<\/strong>&nbsp;is essential&nbsp;<strong>recycle ink cartridges<\/strong>&nbsp;empty to avoid exposing the environment to such polluting materials. This satisfaction is the key driver that has allowed us to remain a leading center for providing printing solutions and other IT maintenance and management services.&nbsp;<strong>Apen<\/strong>&nbsp;we know that the&nbsp;<strong>ink cartridge recycling<\/strong>&nbsp;It offers multiple benefits to users, due to its low cost.<\/p>\n\n\n\n<blockquote class=\"wp-block-quote is-layout-flow wp-block-quote-is-layout-flow\">\n<h3 class=\"wp-block-heading\">Save up to 30% on printing costs by paying only for what you print, and reduce waste generated.<\/h3>\n<\/blockquote>\n\n\n\n<p><strong>Apen<\/strong>&nbsp;performs the&nbsp;<strong>ink cartridge recycling<\/strong>&nbsp;Because this process prevents millions of tons of oil from being wasted. Recycling contributes to environmental conservation by reducing the non-biodegradable elements it contains, ensuring that the material is non-toxic and remains intact in the ecosystem over the years. This prevents the manufacture of new plastic.&nbsp;<strong>ink cartridges<\/strong>&nbsp;and that tons of garbage end up in toilets where it would take hundreds of years to decompose.<\/p>\n\n\n\n<p><strong>Recycling ink cartridges<\/strong>&nbsp;It is a very important factor for&nbsp;<strong>Apen<\/strong>. Thanks to&nbsp;<strong>ink cartridge recycling<\/strong>, We prevented nearly 38,000 tons of plastic materials from ending up piled up in landfills, breeding grounds for polluting gases and waste.&nbsp;<strong>ink cartridge recycling<\/strong>&nbsp;of&nbsp;<strong>Apen<\/strong>&nbsp;This involves replacing all internal components subject to wear, such as disassembling the toner for cleaning and replacing all parts with a limited lifespan with new ones. It also includes refilling the toner cartridge with toner powder and reassembling it, performing a test to verify print quality and toner functionality, and respecting and caring for the environment begins with individual actions. The use of recycled materials in production processes contributes to protecting the planet.&nbsp;<strong>recycled ink cartridge<\/strong>&nbsp;It helps to save renewable resources, like trees. That&#039;s why in&nbsp;<strong>Apen<\/strong>&nbsp;We contribute to the environment&nbsp;<strong>recycling all ink cartridges<\/strong>.<\/p>","protected":false},"excerpt":{"rendered":"<p>En&nbsp;Apen&nbsp;apostamos por el medio ambiente y por llevar a cabo un consumo responsable y sostenible, en el que el gasto de&nbsp;cartuchos de tinta&nbsp;no se convierta en un consumo sin l\u00edmites. En&nbsp;Apen&nbsp;queremos aportar nuestro granito de arena al medio ambiente, gracias al&nbsp;reciclaje de los cartuchos de tinta. De esta forma colaboramos a construir un mundo mejor,&#8230;<\/p>","protected":false},"author":4,"featured_media":0,"parent":1158,"menu_order":0,"comment_status":"closed","ping_status":"closed","template":"page-landing-renting.php","meta":{"_acf_changed":false,"_kad_blocks_custom_css":"","_kad_blocks_head_custom_js":"","_kad_blocks_body_custom_js":"","_kad_blocks_footer_custom_js":"","_kad_post_transparent":"","_kad_post_title":"","_kad_post_layout":"","_kad_post_sidebar_id":"","_kad_post_content_style":"","_kad_post_vertical_padding":"","_kad_post_feature":"","_kad_post_feature_position":"","_kad_post_header":false,"_kad_post_footer":false,"_kad_post_classname":"","footnotes":""},"class_list":["post-5357","page","type-page","status-publish","hentry"],"acf":[],"yoast_head":"<!-- This site is optimized with the Yoast SEO plugin v27.4 - https:\/\/yoast.com\/product\/yoast-seo-wordpress\/ -->\n<title>Reciclar cartuchos de tinta Barcelona - Apen Inform\u00e1tica<\/title>\n<meta name=\"description\" content=\"Con el servicio de APEN en Barcelona y reciclando cartuchos de tinta, ahorrar\u00e1s hasta un 30% en los costes de impresi\u00f3n. Ll\u00e1manos al 938 606 220 sin compromiso.\" \/>\n<meta name=\"robots\" content=\"index, follow, max-snippet:-1, max-image-preview:large, max-video-preview:-1\" \/>\n<link rel=\"canonical\" href=\"https:\/\/www.apen.es\/en\/printing-solutions\/recycle-ink-cartridges-barcelona\/\" \/>\n<meta property=\"og:locale\" content=\"en_US\" \/>\n<meta property=\"og:type\" content=\"article\" \/>\n<meta property=\"og:title\" content=\"Reciclar cartuchos de tinta Barcelona - Apen Inform\u00e1tica\" \/>\n<meta property=\"og:description\" content=\"Con el servicio de APEN en Barcelona y reciclando cartuchos de tinta, ahorrar\u00e1s hasta un 30% en los costes de impresi\u00f3n. Ll\u00e1manos al 938 606 220 sin compromiso.\" \/>\n<meta property=\"og:url\" content=\"https:\/\/www.apen.es\/en\/printing-solutions\/recycle-ink-cartridges-barcelona\/\" \/>\n<meta property=\"og:site_name\" content=\"Apen Inform\u00e1tica\" \/>\n<meta property=\"article:publisher\" content=\"https:\/\/www.facebook.com\/apensolucions\" \/>\n<meta property=\"article:modified_time\" content=\"2025-06-25T11:37:28+00:00\" \/>\n<meta property=\"og:image\" content=\"https:\/\/www.apen.es\/wp-content\/uploads\/2016\/05\/logo-apen-231x82-trasparent.png\" \/>\n\t<meta property=\"og:image:width\" content=\"231\" \/>\n\t<meta property=\"og:image:height\" content=\"82\" \/>\n\t<meta property=\"og:image:type\" content=\"image\/png\" \/>\n<meta name=\"twitter:card\" content=\"summary_large_image\" \/>\n<meta name=\"twitter:label1\" content=\"Est. reading time\" \/>\n\t<meta name=\"twitter:data1\" content=\"4 minutes\" \/>\n<script type=\"application\/ld+json\" class=\"yoast-schema-graph\">{\"@context\":\"https:\\\/\\\/schema.org\",\"@graph\":[{\"@type\":\"WebPage\",\"@id\":\"https:\\\/\\\/www.apen.es\\\/soluciones-de-impresion\\\/reciclar-cartuchos-de-tinta-barcelona\\\/\",\"url\":\"https:\\\/\\\/www.apen.es\\\/soluciones-de-impresion\\\/reciclar-cartuchos-de-tinta-barcelona\\\/\",\"name\":\"Reciclar cartuchos de tinta Barcelona - Apen Inform\u00e1tica\",\"isPartOf\":{\"@id\":\"https:\\\/\\\/www.apen.es\\\/#website\"},\"datePublished\":\"2016-10-10T11:17:44+00:00\",\"dateModified\":\"2025-06-25T11:37:28+00:00\",\"description\":\"Con el servicio de APEN en Barcelona y reciclando cartuchos de tinta, ahorrar\u00e1s hasta un 30% en los costes de impresi\u00f3n. Ll\u00e1manos al 938 606 220 sin compromiso.\",\"breadcrumb\":{\"@id\":\"https:\\\/\\\/www.apen.es\\\/soluciones-de-impresion\\\/reciclar-cartuchos-de-tinta-barcelona\\\/#breadcrumb\"},\"inLanguage\":\"en-US\",\"potentialAction\":[{\"@type\":\"ReadAction\",\"target\":[\"https:\\\/\\\/www.apen.es\\\/soluciones-de-impresion\\\/reciclar-cartuchos-de-tinta-barcelona\\\/\"]}]},{\"@type\":\"BreadcrumbList\",\"@id\":\"https:\\\/\\\/www.apen.es\\\/soluciones-de-impresion\\\/reciclar-cartuchos-de-tinta-barcelona\\\/#breadcrumb\",\"itemListElement\":[{\"@type\":\"ListItem\",\"position\":1,\"name\":\"Portada\",\"item\":\"https:\\\/\\\/www.apen.es\\\/\"},{\"@type\":\"ListItem\",\"position\":2,\"name\":\"Soluciones de impresi\u00f3n\",\"item\":\"https:\\\/\\\/www.apen.es\\\/soluciones-de-impresion\\\/\"},{\"@type\":\"ListItem\",\"position\":3,\"name\":\"Reciclar cartuchos de tinta Barcelona\"}]},{\"@type\":\"WebSite\",\"@id\":\"https:\\\/\\\/www.apen.es\\\/#website\",\"url\":\"https:\\\/\\\/www.apen.es\\\/\",\"name\":\"Apen Inform\u00e1tica\",\"description\":\"Mantenimiento Inform\u00e1tico , Software de Gesti\u00f3n, Soluciones de impresi\u00f3n\",\"publisher\":{\"@id\":\"https:\\\/\\\/www.apen.es\\\/#organization\"},\"potentialAction\":[{\"@type\":\"SearchAction\",\"target\":{\"@type\":\"EntryPoint\",\"urlTemplate\":\"https:\\\/\\\/www.apen.es\\\/?s={search_term_string}\"},\"query-input\":{\"@type\":\"PropertyValueSpecification\",\"valueRequired\":true,\"valueName\":\"search_term_string\"}}],\"inLanguage\":\"en-US\"},{\"@type\":\"Organization\",\"@id\":\"https:\\\/\\\/www.apen.es\\\/#organization\",\"name\":\"Apen: Soluciones inform\u00e1ticas\",\"url\":\"https:\\\/\\\/www.apen.es\\\/\",\"logo\":{\"@type\":\"ImageObject\",\"inLanguage\":\"en-US\",\"@id\":\"https:\\\/\\\/www.apen.es\\\/#\\\/schema\\\/logo\\\/image\\\/\",\"url\":\"https:\\\/\\\/www.apen.es\\\/wp-content\\\/uploads\\\/2022\\\/08\\\/logo-apenok-231x82-1.png\",\"contentUrl\":\"https:\\\/\\\/www.apen.es\\\/wp-content\\\/uploads\\\/2022\\\/08\\\/logo-apenok-231x82-1.png\",\"width\":231,\"height\":82,\"caption\":\"Apen: Soluciones inform\u00e1ticas\"},\"image\":{\"@id\":\"https:\\\/\\\/www.apen.es\\\/#\\\/schema\\\/logo\\\/image\\\/\"},\"sameAs\":[\"https:\\\/\\\/www.facebook.com\\\/apensolucions\",\"https:\\\/\\\/www.youtube.com\\\/user\\\/ApenCentreInformatic\",\"https:\\\/\\\/www.linkedin.com\\\/company\\\/1021771?trk=tyah&trkInfo=clickedVerticalcompanyclickedEntityId1021771idx2-1-2tarId1464195271196tasapenin\"]}]}<\/script>\n<!-- \/ Yoast SEO plugin. -->","yoast_head_json":{"title":"Recycling ink cartridges in Barcelona - Apen Inform\u00e1tica","description":"With APEN&#039;s service in Barcelona and by recycling ink cartridges, you can save up to 301% on printing costs. Call us at 938 606 220 for a free consultation.","robots":{"index":"index","follow":"follow","max-snippet":"max-snippet:-1","max-image-preview":"max-image-preview:large","max-video-preview":"max-video-preview:-1"},"canonical":"https:\/\/www.apen.es\/en\/printing-solutions\/recycle-ink-cartridges-barcelona\/","og_locale":"en_US","og_type":"article","og_title":"Reciclar cartuchos de tinta Barcelona - Apen Inform\u00e1tica","og_description":"Con el servicio de APEN en Barcelona y reciclando cartuchos de tinta, ahorrar\u00e1s hasta un 30% en los costes de impresi\u00f3n. Ll\u00e1manos al 938 606 220 sin compromiso.","og_url":"https:\/\/www.apen.es\/en\/printing-solutions\/recycle-ink-cartridges-barcelona\/","og_site_name":"Apen Inform\u00e1tica","article_publisher":"https:\/\/www.facebook.com\/apensolucions","article_modified_time":"2025-06-25T11:37:28+00:00","og_image":[{"width":231,"height":82,"url":"https:\/\/www.apen.es\/wp-content\/uploads\/2016\/05\/logo-apen-231x82-trasparent.png","type":"image\/png"}],"twitter_card":"summary_large_image","twitter_misc":{"Est. reading time":"4 minutes"},"schema":{"@context":"https:\/\/schema.org","@graph":[{"@type":"WebPage","@id":"https:\/\/www.apen.es\/soluciones-de-impresion\/reciclar-cartuchos-de-tinta-barcelona\/","url":"https:\/\/www.apen.es\/soluciones-de-impresion\/reciclar-cartuchos-de-tinta-barcelona\/","name":"Recycling ink cartridges in Barcelona - Apen Inform\u00e1tica","isPartOf":{"@id":"https:\/\/www.apen.es\/#website"},"datePublished":"2016-10-10T11:17:44+00:00","dateModified":"2025-06-25T11:37:28+00:00","description":"With APEN&#039;s service in Barcelona and by recycling ink cartridges, you can save up to 301% on printing costs. Call us at 938 606 220 for a free consultation.","breadcrumb":{"@id":"https:\/\/www.apen.es\/soluciones-de-impresion\/reciclar-cartuchos-de-tinta-barcelona\/#breadcrumb"},"inLanguage":"en-US","potentialAction":[{"@type":"ReadAction","target":["https:\/\/www.apen.es\/soluciones-de-impresion\/reciclar-cartuchos-de-tinta-barcelona\/"]}]},{"@type":"BreadcrumbList","@id":"https:\/\/www.apen.es\/soluciones-de-impresion\/reciclar-cartuchos-de-tinta-barcelona\/#breadcrumb","itemListElement":[{"@type":"ListItem","position":1,"name":"Portada","item":"https:\/\/www.apen.es\/"},{"@type":"ListItem","position":2,"name":"Soluciones de impresi\u00f3n","item":"https:\/\/www.apen.es\/soluciones-de-impresion\/"},{"@type":"ListItem","position":3,"name":"Reciclar cartuchos de tinta Barcelona"}]},{"@type":"WebSite","@id":"https:\/\/www.apen.es\/#website","url":"https:\/\/www.apen.es\/","name":"Apen Inform\u00e1tica","description":"IT Maintenance, Management Software, Printing Solutions","publisher":{"@id":"https:\/\/www.apen.es\/#organization"},"potentialAction":[{"@type":"SearchAction","target":{"@type":"EntryPoint","urlTemplate":"https:\/\/www.apen.es\/?s={search_term_string}"},"query-input":{"@type":"PropertyValueSpecification","valueRequired":true,"valueName":"search_term_string"}}],"inLanguage":"en-US"},{"@type":"Organization","@id":"https:\/\/www.apen.es\/#organization","name":"Apen: IT Solutions","url":"https:\/\/www.apen.es\/","logo":{"@type":"ImageObject","inLanguage":"en-US","@id":"https:\/\/www.apen.es\/#\/schema\/logo\/image\/","url":"https:\/\/www.apen.es\/wp-content\/uploads\/2022\/08\/logo-apenok-231x82-1.png","contentUrl":"https:\/\/www.apen.es\/wp-content\/uploads\/2022\/08\/logo-apenok-231x82-1.png","width":231,"height":82,"caption":"Apen: Soluciones inform\u00e1ticas"},"image":{"@id":"https:\/\/www.apen.es\/#\/schema\/logo\/image\/"},"sameAs":["https:\/\/www.facebook.com\/apensolucions","https:\/\/www.youtube.com\/user\/ApenCentreInformatic","https:\/\/www.linkedin.com\/company\/1021771?trk=tyah&trkInfo=clickedVerticalcompanyclickedEntityId1021771idx2-1-2tarId1464195271196tasapenin"]}]}},"taxonomy_info":[],"featured_image_src_large":false,"author_info":{"display_name":"marqueting","author_link":"https:\/\/www.apen.es\/en\/blog\/author\/marqueting\/"},"comment_info":0,"_links":{"self":[{"href":"https:\/\/www.apen.es\/en\/wp-json\/wp\/v2\/pages\/5357","targetHints":{"allow":["GET"]}}],"collection":[{"href":"https:\/\/www.apen.es\/en\/wp-json\/wp\/v2\/pages"}],"about":[{"href":"https:\/\/www.apen.es\/en\/wp-json\/wp\/v2\/types\/page"}],"author":[{"embeddable":true,"href":"https:\/\/www.apen.es\/en\/wp-json\/wp\/v2\/users\/4"}],"replies":[{"embeddable":true,"href":"https:\/\/www.apen.es\/en\/wp-json\/wp\/v2\/comments?post=5357"}],"version-history":[{"count":5,"href":"https:\/\/www.apen.es\/en\/wp-json\/wp\/v2\/pages\/5357\/revisions"}],"predecessor-version":[{"id":55654,"href":"https:\/\/www.apen.es\/en\/wp-json\/wp\/v2\/pages\/5357\/revisions\/55654"}],"up":[{"embeddable":true,"href":"https:\/\/www.apen.es\/en\/wp-json\/wp\/v2\/pages\/1158"}],"wp:attachment":[{"href":"https:\/\/www.apen.es\/en\/wp-json\/wp\/v2\/media?parent=5357"}],"curies":[{"name":"wp","href":"https:\/\/api.w.org\/{rel}","templated":true}]}}