{"id":5200,"date":"2016-10-05T10:38:32","date_gmt":"2016-10-05T10:38:32","guid":{"rendered":"https:\/\/www.apen.es\/?page_id=5200"},"modified":"2025-05-23T08:21:17","modified_gmt":"2025-05-23T08:21:17","slug":"hp-printers-barcelona","status":"publish","type":"page","link":"https:\/\/www.apen.es\/en\/soluciones-de-impresion\/impresoras-hp-barcelona\/","title":{"rendered":"HP Printers Barcelona"},"content":{"rendered":"<p class=\"has--font-size\"><strong>Origins of the HP printer brand<\/strong><\/p>\n\n\n\n<p>Dave Packard and Bill Hewlett founded Hewlett-Packard (HP) in 1939, developing a sound oscillator in a garage in Palo Alto, California. In 1966, the company, now based in Silicon Valley, manufactured its first personal computers, and in 1984, it led the development of personal laser printers with the introduction of the first LaserJet printer, followed by the first inkjet printer four years later.<\/p>\n\n\n\n<h3 class=\"wp-block-heading\"><strong>3 types of printers<\/strong><\/h3>\n\n\n\n<p>HP sells three \u201cclasses\u201d of printers:<\/p>\n\n\n\n<ul class=\"wp-block-list\">\n<li>Single-function laser printers: HP introduced the world&#039;s first LaserJet personal printer in 1984, and also its first color laser printer.<\/li>\n\n\n\n<li>Single-function inkjet printers: The company introduced optional color printing in 1991; color printing required the use of interchangeable black and tri-color (CMY) ink cartridges.<\/li>\n\n\n\n<li>Multifunctional machines (scanner, fax, and printer): HP introduced its first multifunctional device, based on printers, in 1997. A simple memory machine that functions as a scanner, copier, fax machine, and personal or network printer (wireless or wired).<\/li>\n<\/ul>\n\n\n\n<h3 class=\"wp-block-heading\"><strong>At Apen we trust high-quality brands like HP<\/strong><\/h3>\n\n\n\n<p>At Apen, we trust HP printers, among other quality brands on the market, for their exceptional reliability and performance. We know that HP can offer customers managed software and supplies services for printing and imaging devices, with options for management, acquisition, and transition. Apen chooses HP printers, among other brands, for commercial, production, and office printing throughout the province of Barcelona.<\/p>\n\n\n\n<h3 class=\"wp-block-heading\"><strong>Technical maintenance, repair and sales<\/strong><\/h3>\n\n\n\n<p>At APEN, we rely on the best brands on the market to provide you with a selection of the most productive equipment. We take care of everything: equipment installation and configuration, all consumables and their management, parts and replacements, support in under 4 hours, loaner equipment in case of breakdown, preventative maintenance, remote monitoring service, and repairs and travel throughout the province of Barcelona. We analyze your needs and current operations in relation to your usual printing needs. We analyze the information obtained and propose a customized solution that minimizes costs and guarantees quality and results.<\/p>\n\n\n\n<h3 class=\"wp-block-heading\"><strong>Pay for what you print<\/strong><\/h3>\n\n\n\n<p>With regular billing, the &quot;Price per Copy&quot; service means you only pay for what you print, keeping everything under control and avoiding surprises. The company is only responsible for the cost of paper and the printer&#039;s electricity consumption.<\/p>\n\n\n\n<h3 class=\"wp-block-heading\"><strong>Renting<\/strong><\/h3>\n\n\n\n<p>One of the issues that most concerns companies when acquiring office equipment is the financial aspect, which requires a large initial outlay.<strong>&nbsp;<\/strong><em>Renting<\/em><strong><em>&nbsp;<\/em><\/strong><strong>of printers<\/strong><strong>&nbsp;<\/strong>It&#039;s the best option for businesses because it allows them to buy the latest models on the market and pay only a fixed monthly fee. This way, you&#039;ll save costs, increase productivity, and better plan your office expenses.<\/p>\n\n\n\n<h3 class=\"wp-block-heading\"><strong>Request for consumables<\/strong><\/h3>\n\n\n\n<p>To facilitate and expedite the replacement of printer consumables at a per-copy price, Apen provides you with the forms necessary to process your consumable requests. Thanks to APEN, your company can reduce this cost by up to 30%, just in cartridge and printer costs, not including maintenance and repairs that may be needed throughout the printer&#039;s lifespan.<a href=\"https:\/\/rrhh.apen.es\/\"><\/a><\/p>","protected":false},"excerpt":{"rendered":"<p>Or\u00edgenes de la marca de impresoras HP Dave Packard y Bill Hewlett fundaron Hewlett-Packard (HP) en 1939, desarrollando un oscilador de&nbsp;sonido&nbsp;en un garaje de Palo Alto, California. En 1966 la compa\u00f1\u00eda, que ahora est\u00e1 en Silicon Valley, fabric\u00f3 los primeros ordenadores y en 1984, lider\u00f3 el desarrollo de las impresoras l\u00e1ser personales, con la introducci\u00f3n&#8230;<\/p>","protected":false},"author":4,"featured_media":0,"parent":1158,"menu_order":0,"comment_status":"closed","ping_status":"closed","template":"page-renting-impresoras.php","meta":{"_acf_changed":false,"_kad_blocks_custom_css":"","_kad_blocks_head_custom_js":"","_kad_blocks_body_custom_js":"","_kad_blocks_footer_custom_js":"","_kad_post_transparent":"","_kad_post_title":"","_kad_post_layout":"","_kad_post_sidebar_id":"","_kad_post_content_style":"","_kad_post_vertical_padding":"","_kad_post_feature":"","_kad_post_feature_position":"","_kad_post_header":false,"_kad_post_footer":false,"_kad_post_classname":"","footnotes":""},"class_list":["post-5200","page","type-page","status-publish","hentry"],"acf":[],"yoast_head":"<!-- This site is optimized with the Yoast SEO plugin v27.4 - https:\/\/yoast.com\/product\/yoast-seo-wordpress\/ -->\n<title>Impresoras HP Barcelona - Apen Inform\u00e1tica<\/title>\n<meta name=\"description\" content=\"Apen ofrece servicio para impresoras HP en Barcelona. HP vende 3 tipos de impresoras: Impresoras l\u00e1ser, Impresoras de inyecci\u00f3n, multifuncionales.\" \/>\n<meta name=\"robots\" content=\"index, follow, max-snippet:-1, max-image-preview:large, max-video-preview:-1\" \/>\n<link rel=\"canonical\" href=\"https:\/\/www.apen.es\/en\/printing-solutions\/hp-printers-barcelona\/\" \/>\n<meta property=\"og:locale\" content=\"en_US\" \/>\n<meta property=\"og:type\" content=\"article\" \/>\n<meta property=\"og:title\" content=\"Impresoras HP Barcelona - Apen Inform\u00e1tica\" \/>\n<meta property=\"og:description\" content=\"Apen ofrece servicio para impresoras HP en Barcelona. HP vende 3 tipos de impresoras: Impresoras l\u00e1ser, Impresoras de inyecci\u00f3n, multifuncionales.\" \/>\n<meta property=\"og:url\" content=\"https:\/\/www.apen.es\/en\/printing-solutions\/hp-printers-barcelona\/\" \/>\n<meta property=\"og:site_name\" content=\"Apen Inform\u00e1tica\" \/>\n<meta property=\"article:publisher\" content=\"https:\/\/www.facebook.com\/apensolucions\" \/>\n<meta property=\"article:modified_time\" content=\"2025-05-23T08:21:17+00:00\" \/>\n<meta property=\"og:image\" content=\"https:\/\/www.apen.es\/wp-content\/uploads\/2016\/05\/logo-apen-231x82-trasparent.png\" \/>\n\t<meta property=\"og:image:width\" content=\"231\" \/>\n\t<meta property=\"og:image:height\" content=\"82\" \/>\n\t<meta property=\"og:image:type\" content=\"image\/png\" \/>\n<meta name=\"twitter:card\" content=\"summary_large_image\" \/>\n<meta name=\"twitter:label1\" content=\"Est. reading time\" \/>\n\t<meta name=\"twitter:data1\" content=\"9 minutes\" \/>\n<script type=\"application\/ld+json\" class=\"yoast-schema-graph\">{\"@context\":\"https:\\\/\\\/schema.org\",\"@graph\":[{\"@type\":\"WebPage\",\"@id\":\"https:\\\/\\\/www.apen.es\\\/soluciones-de-impresion\\\/impresoras-hp-barcelona\\\/\",\"url\":\"https:\\\/\\\/www.apen.es\\\/soluciones-de-impresion\\\/impresoras-hp-barcelona\\\/\",\"name\":\"Impresoras HP Barcelona - Apen Inform\u00e1tica\",\"isPartOf\":{\"@id\":\"https:\\\/\\\/www.apen.es\\\/#website\"},\"datePublished\":\"2016-10-05T10:38:32+00:00\",\"dateModified\":\"2025-05-23T08:21:17+00:00\",\"description\":\"Apen ofrece servicio para impresoras HP en Barcelona. HP vende 3 tipos de impresoras: Impresoras l\u00e1ser, Impresoras de inyecci\u00f3n, multifuncionales.\",\"breadcrumb\":{\"@id\":\"https:\\\/\\\/www.apen.es\\\/soluciones-de-impresion\\\/impresoras-hp-barcelona\\\/#breadcrumb\"},\"inLanguage\":\"en-US\",\"potentialAction\":[{\"@type\":\"ReadAction\",\"target\":[\"https:\\\/\\\/www.apen.es\\\/soluciones-de-impresion\\\/impresoras-hp-barcelona\\\/\"]}]},{\"@type\":\"BreadcrumbList\",\"@id\":\"https:\\\/\\\/www.apen.es\\\/soluciones-de-impresion\\\/impresoras-hp-barcelona\\\/#breadcrumb\",\"itemListElement\":[{\"@type\":\"ListItem\",\"position\":1,\"name\":\"Portada\",\"item\":\"https:\\\/\\\/www.apen.es\\\/\"},{\"@type\":\"ListItem\",\"position\":2,\"name\":\"Soluciones de impresi\u00f3n\",\"item\":\"https:\\\/\\\/www.apen.es\\\/soluciones-de-impresion\\\/\"},{\"@type\":\"ListItem\",\"position\":3,\"name\":\"Impresoras HP Barcelona\"}]},{\"@type\":\"WebSite\",\"@id\":\"https:\\\/\\\/www.apen.es\\\/#website\",\"url\":\"https:\\\/\\\/www.apen.es\\\/\",\"name\":\"Apen Inform\u00e1tica\",\"description\":\"Mantenimiento Inform\u00e1tico , Software de Gesti\u00f3n, Soluciones de impresi\u00f3n\",\"publisher\":{\"@id\":\"https:\\\/\\\/www.apen.es\\\/#organization\"},\"potentialAction\":[{\"@type\":\"SearchAction\",\"target\":{\"@type\":\"EntryPoint\",\"urlTemplate\":\"https:\\\/\\\/www.apen.es\\\/?s={search_term_string}\"},\"query-input\":{\"@type\":\"PropertyValueSpecification\",\"valueRequired\":true,\"valueName\":\"search_term_string\"}}],\"inLanguage\":\"en-US\"},{\"@type\":\"Organization\",\"@id\":\"https:\\\/\\\/www.apen.es\\\/#organization\",\"name\":\"Apen: Soluciones inform\u00e1ticas\",\"url\":\"https:\\\/\\\/www.apen.es\\\/\",\"logo\":{\"@type\":\"ImageObject\",\"inLanguage\":\"en-US\",\"@id\":\"https:\\\/\\\/www.apen.es\\\/#\\\/schema\\\/logo\\\/image\\\/\",\"url\":\"https:\\\/\\\/www.apen.es\\\/wp-content\\\/uploads\\\/2022\\\/08\\\/logo-apenok-231x82-1.png\",\"contentUrl\":\"https:\\\/\\\/www.apen.es\\\/wp-content\\\/uploads\\\/2022\\\/08\\\/logo-apenok-231x82-1.png\",\"width\":231,\"height\":82,\"caption\":\"Apen: Soluciones inform\u00e1ticas\"},\"image\":{\"@id\":\"https:\\\/\\\/www.apen.es\\\/#\\\/schema\\\/logo\\\/image\\\/\"},\"sameAs\":[\"https:\\\/\\\/www.facebook.com\\\/apensolucions\",\"https:\\\/\\\/www.youtube.com\\\/user\\\/ApenCentreInformatic\",\"https:\\\/\\\/www.linkedin.com\\\/company\\\/1021771?trk=tyah&trkInfo=clickedVerticalcompanyclickedEntityId1021771idx2-1-2tarId1464195271196tasapenin\"]}]}<\/script>\n<!-- \/ Yoast SEO plugin. -->","yoast_head_json":{"title":"HP Printers Barcelona - Apen Inform\u00e1tica","description":"Apen offers HP printer service in Barcelona. HP sells three types of printers: laser printers, inkjet printers, and multifunction printers.","robots":{"index":"index","follow":"follow","max-snippet":"max-snippet:-1","max-image-preview":"max-image-preview:large","max-video-preview":"max-video-preview:-1"},"canonical":"https:\/\/www.apen.es\/en\/printing-solutions\/hp-printers-barcelona\/","og_locale":"en_US","og_type":"article","og_title":"Impresoras HP Barcelona - Apen Inform\u00e1tica","og_description":"Apen ofrece servicio para impresoras HP en Barcelona. HP vende 3 tipos de impresoras: Impresoras l\u00e1ser, Impresoras de inyecci\u00f3n, multifuncionales.","og_url":"https:\/\/www.apen.es\/en\/printing-solutions\/hp-printers-barcelona\/","og_site_name":"Apen Inform\u00e1tica","article_publisher":"https:\/\/www.facebook.com\/apensolucions","article_modified_time":"2025-05-23T08:21:17+00:00","og_image":[{"width":231,"height":82,"url":"https:\/\/www.apen.es\/wp-content\/uploads\/2016\/05\/logo-apen-231x82-trasparent.png","type":"image\/png"}],"twitter_card":"summary_large_image","twitter_misc":{"Est. reading time":"9 minutes"},"schema":{"@context":"https:\/\/schema.org","@graph":[{"@type":"WebPage","@id":"https:\/\/www.apen.es\/soluciones-de-impresion\/impresoras-hp-barcelona\/","url":"https:\/\/www.apen.es\/soluciones-de-impresion\/impresoras-hp-barcelona\/","name":"HP Printers Barcelona - Apen Inform\u00e1tica","isPartOf":{"@id":"https:\/\/www.apen.es\/#website"},"datePublished":"2016-10-05T10:38:32+00:00","dateModified":"2025-05-23T08:21:17+00:00","description":"Apen offers HP printer service in Barcelona. HP sells three types of printers: laser printers, inkjet printers, and multifunction printers.","breadcrumb":{"@id":"https:\/\/www.apen.es\/soluciones-de-impresion\/impresoras-hp-barcelona\/#breadcrumb"},"inLanguage":"en-US","potentialAction":[{"@type":"ReadAction","target":["https:\/\/www.apen.es\/soluciones-de-impresion\/impresoras-hp-barcelona\/"]}]},{"@type":"BreadcrumbList","@id":"https:\/\/www.apen.es\/soluciones-de-impresion\/impresoras-hp-barcelona\/#breadcrumb","itemListElement":[{"@type":"ListItem","position":1,"name":"Portada","item":"https:\/\/www.apen.es\/"},{"@type":"ListItem","position":2,"name":"Soluciones de impresi\u00f3n","item":"https:\/\/www.apen.es\/soluciones-de-impresion\/"},{"@type":"ListItem","position":3,"name":"Impresoras HP Barcelona"}]},{"@type":"WebSite","@id":"https:\/\/www.apen.es\/#website","url":"https:\/\/www.apen.es\/","name":"Apen Inform\u00e1tica","description":"IT Maintenance, Management Software, Printing Solutions","publisher":{"@id":"https:\/\/www.apen.es\/#organization"},"potentialAction":[{"@type":"SearchAction","target":{"@type":"EntryPoint","urlTemplate":"https:\/\/www.apen.es\/?s={search_term_string}"},"query-input":{"@type":"PropertyValueSpecification","valueRequired":true,"valueName":"search_term_string"}}],"inLanguage":"en-US"},{"@type":"Organization","@id":"https:\/\/www.apen.es\/#organization","name":"Apen: IT Solutions","url":"https:\/\/www.apen.es\/","logo":{"@type":"ImageObject","inLanguage":"en-US","@id":"https:\/\/www.apen.es\/#\/schema\/logo\/image\/","url":"https:\/\/www.apen.es\/wp-content\/uploads\/2022\/08\/logo-apenok-231x82-1.png","contentUrl":"https:\/\/www.apen.es\/wp-content\/uploads\/2022\/08\/logo-apenok-231x82-1.png","width":231,"height":82,"caption":"Apen: Soluciones inform\u00e1ticas"},"image":{"@id":"https:\/\/www.apen.es\/#\/schema\/logo\/image\/"},"sameAs":["https:\/\/www.facebook.com\/apensolucions","https:\/\/www.youtube.com\/user\/ApenCentreInformatic","https:\/\/www.linkedin.com\/company\/1021771?trk=tyah&trkInfo=clickedVerticalcompanyclickedEntityId1021771idx2-1-2tarId1464195271196tasapenin"]}]}},"taxonomy_info":[],"featured_image_src_large":false,"author_info":{"display_name":"marqueting","author_link":"https:\/\/www.apen.es\/en\/blog\/author\/marqueting\/"},"comment_info":0,"_links":{"self":[{"href":"https:\/\/www.apen.es\/en\/wp-json\/wp\/v2\/pages\/5200","targetHints":{"allow":["GET"]}}],"collection":[{"href":"https:\/\/www.apen.es\/en\/wp-json\/wp\/v2\/pages"}],"about":[{"href":"https:\/\/www.apen.es\/en\/wp-json\/wp\/v2\/types\/page"}],"author":[{"embeddable":true,"href":"https:\/\/www.apen.es\/en\/wp-json\/wp\/v2\/users\/4"}],"replies":[{"embeddable":true,"href":"https:\/\/www.apen.es\/en\/wp-json\/wp\/v2\/comments?post=5200"}],"version-history":[{"count":4,"href":"https:\/\/www.apen.es\/en\/wp-json\/wp\/v2\/pages\/5200\/revisions"}],"predecessor-version":[{"id":54878,"href":"https:\/\/www.apen.es\/en\/wp-json\/wp\/v2\/pages\/5200\/revisions\/54878"}],"up":[{"embeddable":true,"href":"https:\/\/www.apen.es\/en\/wp-json\/wp\/v2\/pages\/1158"}],"wp:attachment":[{"href":"https:\/\/www.apen.es\/en\/wp-json\/wp\/v2\/media?parent=5200"}],"curies":[{"name":"wp","href":"https:\/\/api.w.org\/{rel}","templated":true}]}}