{"id":5197,"date":"2016-10-05T09:52:12","date_gmt":"2016-10-05T09:52:12","guid":{"rendered":"https:\/\/www.apen.es\/?page_id=5197"},"modified":"2025-05-23T08:21:10","modified_gmt":"2025-05-23T08:21:10","slug":"konica-minolta-printers-barcelona","status":"publish","type":"page","link":"https:\/\/www.apen.es\/en\/soluciones-de-impresion\/impresoras-konica-minolta-barcelona\/","title":{"rendered":"Konica Minolta Printers Barcelona"},"content":{"rendered":"<p>The extensive technological expertise of Konica Minolta printers is one of their most outstanding features. This Japanese multinational was formed in 2003 through the merger of Konica and Minolta, whose history dates back to 1873, when they began manufacturing photographic materials in Japan. In fact, both companies were renowned for their contributions to the history of photography, with advancements such as manual focus in the 1960s, autofocus SLRs, and DSLR cameras in the 1990s.<\/p>\n\n\n\n<h3 class=\"wp-block-heading\"><strong>APEN, distributor of Konica Minolta printers in Barcelona<\/strong><\/h3>\n\n\n\n<p>At APEN, we are committed to Konica Minolta production printing as one of our quality brands, thanks to its high speed and versatility, making it ideal for high-volume digital production. Furthermore, we chose Konica Minolta printers for their unified management system, which prevents errors and repetitive printing, thus increasing speed and efficiency. At APEN, we work with Konica Minolta, among other leading brands in the market, because of their flexible color multifunction systems, given their origins in the photography industry.<\/p>\n\n\n\n<h3 class=\"wp-block-heading\"><strong>Technical maintenance, repair and sales in Barcelona<\/strong><\/h3>\n\n\n\n<p>At APEN, we rely on the best brands on the market to offer a selection of the most productive equipment. We provide the essential advice and guidance needed to implement best practices in your printing business and the best systems to control costs. Thanks to a preliminary study to understand your company&#039;s actual printing needs, we can assess your printing volume and determine the best solution for your business. Our maintenance service includes equipment installation and configuration, all consumables and their management, parts and replacements, support in under 4 hours, loaner equipment in case of breakdown, preventative maintenance, remote monitoring service, and repairs and on-site visits.<\/p>\n\n\n\n<h3 class=\"wp-block-heading\"><strong>Functional Services: Renting and \u201cPrice per Copy\u201d<\/strong><\/h3>\n\n\n\n<p>Our technical department offers Konica Minolta printer rental or leasing, a service focused on companies with many departments that require multiple printing devices, which can take advantage of leasing to finance the investment involved in acquiring these highly productive, economical and efficient devices.<\/p>\n\n\n\n<p>Apen&#039;s innovative and functional &quot;Price Per Copy&quot; service helps businesses save on printing and ink cartridges, allowing customers to pay only for the copies they print. Customers pay only for what they print, and Apen takes care of installing and maintaining the necessary printers, ensuring they are always operational and supplying ink cartridges, thus eliminating company inventory.<\/p>\n\n\n\n<h3 class=\"wp-block-heading\"><strong>How does the ink cartridge supply work?<\/strong><\/h3>\n\n\n\n<p>We work with a monitored program that ensures the printer functions correctly and tracks ink levels in the cartridges, replacing them precisely when needed\u2014not too early, not too late. Ink cartridge and printer expenses represent more than 1.51% of your company&#039;s annual budget. Thanks to APEN, your company can reduce these costs by up to 301%, just in cartridge and printer costs, not including any maintenance or repairs that may be required throughout the printer&#039;s lifespan.<\/p>","protected":false},"excerpt":{"rendered":"<p>La amplia experiencia tecnol\u00f3gica de las impresoras Konica Minolta es una de las caracter\u00edsticas m\u00e1s destacadas. Es una multinacional japonesa que naci\u00f3 en 2003 por la fusi\u00f3n de las empresas Konica y Minolta, cuya historia se remonta al a\u00f1o 1873, cuando comenzaron a fabricarse materiales fotogr\u00e1ficos en&nbsp;Jap\u00f3n. De hecho, ambas empresas eran conocidas por sus&#8230;<\/p>","protected":false},"author":4,"featured_media":0,"parent":1158,"menu_order":0,"comment_status":"closed","ping_status":"closed","template":"page-renting-impresoras.php","meta":{"_acf_changed":false,"_kad_blocks_custom_css":"","_kad_blocks_head_custom_js":"","_kad_blocks_body_custom_js":"","_kad_blocks_footer_custom_js":"","_kad_post_transparent":"","_kad_post_title":"","_kad_post_layout":"","_kad_post_sidebar_id":"","_kad_post_content_style":"","_kad_post_vertical_padding":"","_kad_post_feature":"","_kad_post_feature_position":"","_kad_post_header":false,"_kad_post_footer":false,"_kad_post_classname":"","footnotes":""},"class_list":["post-5197","page","type-page","status-publish","hentry"],"acf":[],"yoast_head":"<!-- This site is optimized with the Yoast SEO plugin v27.4 - https:\/\/yoast.com\/product\/yoast-seo-wordpress\/ -->\n<title>Impresoras Konica Minolta Barcelona - Apen Inform\u00e1tica<\/title>\n<meta name=\"description\" content=\"Apen es una distribuidora de Impresoras Konica Minolta en Barcelona, ofrecemos mantenimiento t\u00e9cnico, reparaci\u00f3n y venta en Barcelona. Conf\u00eda en Apen.\" \/>\n<meta name=\"robots\" content=\"index, follow, max-snippet:-1, max-image-preview:large, max-video-preview:-1\" \/>\n<link rel=\"canonical\" href=\"https:\/\/www.apen.es\/en\/printing-solutions\/konica-minolta-printers-barcelona\/\" \/>\n<meta property=\"og:locale\" content=\"en_US\" \/>\n<meta property=\"og:type\" content=\"article\" \/>\n<meta property=\"og:title\" content=\"Impresoras Konica Minolta Barcelona - Apen Inform\u00e1tica\" \/>\n<meta property=\"og:description\" content=\"Apen es una distribuidora de Impresoras Konica Minolta en Barcelona, ofrecemos mantenimiento t\u00e9cnico, reparaci\u00f3n y venta en Barcelona. Conf\u00eda en Apen.\" \/>\n<meta property=\"og:url\" content=\"https:\/\/www.apen.es\/en\/printing-solutions\/konica-minolta-printers-barcelona\/\" \/>\n<meta property=\"og:site_name\" content=\"Apen Inform\u00e1tica\" \/>\n<meta property=\"article:publisher\" content=\"https:\/\/www.facebook.com\/apensolucions\" \/>\n<meta property=\"article:modified_time\" content=\"2025-05-23T08:21:10+00:00\" \/>\n<meta property=\"og:image\" content=\"https:\/\/www.apen.es\/wp-content\/uploads\/2016\/05\/logo-apen-231x82-trasparent.png\" \/>\n\t<meta property=\"og:image:width\" content=\"231\" \/>\n\t<meta property=\"og:image:height\" content=\"82\" \/>\n\t<meta property=\"og:image:type\" content=\"image\/png\" \/>\n<meta name=\"twitter:card\" content=\"summary_large_image\" \/>\n<meta name=\"twitter:label1\" content=\"Est. reading time\" \/>\n\t<meta name=\"twitter:data1\" content=\"8 minutes\" \/>\n<script type=\"application\/ld+json\" class=\"yoast-schema-graph\">{\"@context\":\"https:\\\/\\\/schema.org\",\"@graph\":[{\"@type\":\"WebPage\",\"@id\":\"https:\\\/\\\/www.apen.es\\\/soluciones-de-impresion\\\/impresoras-konica-minolta-barcelona\\\/\",\"url\":\"https:\\\/\\\/www.apen.es\\\/soluciones-de-impresion\\\/impresoras-konica-minolta-barcelona\\\/\",\"name\":\"Impresoras Konica Minolta Barcelona - Apen Inform\u00e1tica\",\"isPartOf\":{\"@id\":\"https:\\\/\\\/www.apen.es\\\/#website\"},\"datePublished\":\"2016-10-05T09:52:12+00:00\",\"dateModified\":\"2025-05-23T08:21:10+00:00\",\"description\":\"Apen es una distribuidora de Impresoras Konica Minolta en Barcelona, ofrecemos mantenimiento t\u00e9cnico, reparaci\u00f3n y venta en Barcelona. Conf\u00eda en Apen.\",\"breadcrumb\":{\"@id\":\"https:\\\/\\\/www.apen.es\\\/soluciones-de-impresion\\\/impresoras-konica-minolta-barcelona\\\/#breadcrumb\"},\"inLanguage\":\"en-US\",\"potentialAction\":[{\"@type\":\"ReadAction\",\"target\":[\"https:\\\/\\\/www.apen.es\\\/soluciones-de-impresion\\\/impresoras-konica-minolta-barcelona\\\/\"]}]},{\"@type\":\"BreadcrumbList\",\"@id\":\"https:\\\/\\\/www.apen.es\\\/soluciones-de-impresion\\\/impresoras-konica-minolta-barcelona\\\/#breadcrumb\",\"itemListElement\":[{\"@type\":\"ListItem\",\"position\":1,\"name\":\"Portada\",\"item\":\"https:\\\/\\\/www.apen.es\\\/\"},{\"@type\":\"ListItem\",\"position\":2,\"name\":\"Soluciones de impresi\u00f3n\",\"item\":\"https:\\\/\\\/www.apen.es\\\/soluciones-de-impresion\\\/\"},{\"@type\":\"ListItem\",\"position\":3,\"name\":\"Impresoras Konica Minolta Barcelona\"}]},{\"@type\":\"WebSite\",\"@id\":\"https:\\\/\\\/www.apen.es\\\/#website\",\"url\":\"https:\\\/\\\/www.apen.es\\\/\",\"name\":\"Apen Inform\u00e1tica\",\"description\":\"Mantenimiento Inform\u00e1tico , Software de Gesti\u00f3n, Soluciones de impresi\u00f3n\",\"publisher\":{\"@id\":\"https:\\\/\\\/www.apen.es\\\/#organization\"},\"potentialAction\":[{\"@type\":\"SearchAction\",\"target\":{\"@type\":\"EntryPoint\",\"urlTemplate\":\"https:\\\/\\\/www.apen.es\\\/?s={search_term_string}\"},\"query-input\":{\"@type\":\"PropertyValueSpecification\",\"valueRequired\":true,\"valueName\":\"search_term_string\"}}],\"inLanguage\":\"en-US\"},{\"@type\":\"Organization\",\"@id\":\"https:\\\/\\\/www.apen.es\\\/#organization\",\"name\":\"Apen: Soluciones inform\u00e1ticas\",\"url\":\"https:\\\/\\\/www.apen.es\\\/\",\"logo\":{\"@type\":\"ImageObject\",\"inLanguage\":\"en-US\",\"@id\":\"https:\\\/\\\/www.apen.es\\\/#\\\/schema\\\/logo\\\/image\\\/\",\"url\":\"https:\\\/\\\/www.apen.es\\\/wp-content\\\/uploads\\\/2022\\\/08\\\/logo-apenok-231x82-1.png\",\"contentUrl\":\"https:\\\/\\\/www.apen.es\\\/wp-content\\\/uploads\\\/2022\\\/08\\\/logo-apenok-231x82-1.png\",\"width\":231,\"height\":82,\"caption\":\"Apen: Soluciones inform\u00e1ticas\"},\"image\":{\"@id\":\"https:\\\/\\\/www.apen.es\\\/#\\\/schema\\\/logo\\\/image\\\/\"},\"sameAs\":[\"https:\\\/\\\/www.facebook.com\\\/apensolucions\",\"https:\\\/\\\/www.youtube.com\\\/user\\\/ApenCentreInformatic\",\"https:\\\/\\\/www.linkedin.com\\\/company\\\/1021771?trk=tyah&trkInfo=clickedVerticalcompanyclickedEntityId1021771idx2-1-2tarId1464195271196tasapenin\"]}]}<\/script>\n<!-- \/ Yoast SEO plugin. -->","yoast_head_json":{"title":"Konica Minolta Printers Barcelona - Apen Inform\u00e1tica","description":"Apen is a Konica Minolta printer distributor in Barcelona. We offer technical maintenance, repair, and sales in Barcelona. Trust Apen.","robots":{"index":"index","follow":"follow","max-snippet":"max-snippet:-1","max-image-preview":"max-image-preview:large","max-video-preview":"max-video-preview:-1"},"canonical":"https:\/\/www.apen.es\/en\/printing-solutions\/konica-minolta-printers-barcelona\/","og_locale":"en_US","og_type":"article","og_title":"Impresoras Konica Minolta Barcelona - Apen Inform\u00e1tica","og_description":"Apen es una distribuidora de Impresoras Konica Minolta en Barcelona, ofrecemos mantenimiento t\u00e9cnico, reparaci\u00f3n y venta en Barcelona. Conf\u00eda en Apen.","og_url":"https:\/\/www.apen.es\/en\/printing-solutions\/konica-minolta-printers-barcelona\/","og_site_name":"Apen Inform\u00e1tica","article_publisher":"https:\/\/www.facebook.com\/apensolucions","article_modified_time":"2025-05-23T08:21:10+00:00","og_image":[{"width":231,"height":82,"url":"https:\/\/www.apen.es\/wp-content\/uploads\/2016\/05\/logo-apen-231x82-trasparent.png","type":"image\/png"}],"twitter_card":"summary_large_image","twitter_misc":{"Est. reading time":"8 minutes"},"schema":{"@context":"https:\/\/schema.org","@graph":[{"@type":"WebPage","@id":"https:\/\/www.apen.es\/soluciones-de-impresion\/impresoras-konica-minolta-barcelona\/","url":"https:\/\/www.apen.es\/soluciones-de-impresion\/impresoras-konica-minolta-barcelona\/","name":"Konica Minolta Printers Barcelona - Apen Inform\u00e1tica","isPartOf":{"@id":"https:\/\/www.apen.es\/#website"},"datePublished":"2016-10-05T09:52:12+00:00","dateModified":"2025-05-23T08:21:10+00:00","description":"Apen is a Konica Minolta printer distributor in Barcelona. We offer technical maintenance, repair, and sales in Barcelona. Trust Apen.","breadcrumb":{"@id":"https:\/\/www.apen.es\/soluciones-de-impresion\/impresoras-konica-minolta-barcelona\/#breadcrumb"},"inLanguage":"en-US","potentialAction":[{"@type":"ReadAction","target":["https:\/\/www.apen.es\/soluciones-de-impresion\/impresoras-konica-minolta-barcelona\/"]}]},{"@type":"BreadcrumbList","@id":"https:\/\/www.apen.es\/soluciones-de-impresion\/impresoras-konica-minolta-barcelona\/#breadcrumb","itemListElement":[{"@type":"ListItem","position":1,"name":"Portada","item":"https:\/\/www.apen.es\/"},{"@type":"ListItem","position":2,"name":"Soluciones de impresi\u00f3n","item":"https:\/\/www.apen.es\/soluciones-de-impresion\/"},{"@type":"ListItem","position":3,"name":"Impresoras Konica Minolta Barcelona"}]},{"@type":"WebSite","@id":"https:\/\/www.apen.es\/#website","url":"https:\/\/www.apen.es\/","name":"Apen Inform\u00e1tica","description":"IT Maintenance, Management Software, Printing Solutions","publisher":{"@id":"https:\/\/www.apen.es\/#organization"},"potentialAction":[{"@type":"SearchAction","target":{"@type":"EntryPoint","urlTemplate":"https:\/\/www.apen.es\/?s={search_term_string}"},"query-input":{"@type":"PropertyValueSpecification","valueRequired":true,"valueName":"search_term_string"}}],"inLanguage":"en-US"},{"@type":"Organization","@id":"https:\/\/www.apen.es\/#organization","name":"Apen: IT Solutions","url":"https:\/\/www.apen.es\/","logo":{"@type":"ImageObject","inLanguage":"en-US","@id":"https:\/\/www.apen.es\/#\/schema\/logo\/image\/","url":"https:\/\/www.apen.es\/wp-content\/uploads\/2022\/08\/logo-apenok-231x82-1.png","contentUrl":"https:\/\/www.apen.es\/wp-content\/uploads\/2022\/08\/logo-apenok-231x82-1.png","width":231,"height":82,"caption":"Apen: Soluciones inform\u00e1ticas"},"image":{"@id":"https:\/\/www.apen.es\/#\/schema\/logo\/image\/"},"sameAs":["https:\/\/www.facebook.com\/apensolucions","https:\/\/www.youtube.com\/user\/ApenCentreInformatic","https:\/\/www.linkedin.com\/company\/1021771?trk=tyah&trkInfo=clickedVerticalcompanyclickedEntityId1021771idx2-1-2tarId1464195271196tasapenin"]}]}},"taxonomy_info":[],"featured_image_src_large":false,"author_info":{"display_name":"marqueting","author_link":"https:\/\/www.apen.es\/en\/blog\/author\/marqueting\/"},"comment_info":0,"_links":{"self":[{"href":"https:\/\/www.apen.es\/en\/wp-json\/wp\/v2\/pages\/5197","targetHints":{"allow":["GET"]}}],"collection":[{"href":"https:\/\/www.apen.es\/en\/wp-json\/wp\/v2\/pages"}],"about":[{"href":"https:\/\/www.apen.es\/en\/wp-json\/wp\/v2\/types\/page"}],"author":[{"embeddable":true,"href":"https:\/\/www.apen.es\/en\/wp-json\/wp\/v2\/users\/4"}],"replies":[{"embeddable":true,"href":"https:\/\/www.apen.es\/en\/wp-json\/wp\/v2\/comments?post=5197"}],"version-history":[{"count":4,"href":"https:\/\/www.apen.es\/en\/wp-json\/wp\/v2\/pages\/5197\/revisions"}],"predecessor-version":[{"id":54877,"href":"https:\/\/www.apen.es\/en\/wp-json\/wp\/v2\/pages\/5197\/revisions\/54877"}],"up":[{"embeddable":true,"href":"https:\/\/www.apen.es\/en\/wp-json\/wp\/v2\/pages\/1158"}],"wp:attachment":[{"href":"https:\/\/www.apen.es\/en\/wp-json\/wp\/v2\/media?parent=5197"}],"curies":[{"name":"wp","href":"https:\/\/api.w.org\/{rel}","templated":true}]}}