{"id":5195,"date":"2016-10-05T09:50:01","date_gmt":"2016-10-05T09:50:01","guid":{"rendered":"https:\/\/www.apen.es\/?page_id=5195"},"modified":"2025-03-24T10:05:18","modified_gmt":"2025-03-24T10:05:18","slug":"oki-printers-barcelona","status":"publish","type":"page","link":"https:\/\/www.apen.es\/en\/soluciones-de-impresion\/impresoras-oki-barcelona\/","title":{"rendered":"OKI Printers Barcelona"},"content":{"rendered":"<p>Thanks to the addition of OKI printing equipment to the APEN catalog, we can offer all types of printing solutions for businesses in the province of Barcelona. The best of Japanese technology can be found in these printers, multifunction products, and fax machines: maximum productivity, cost savings, component reliability, and fast printing.<\/p>\n\n\n\n<p>APEN is one of the main suppliers of OKI printers in Barcelona, as well as being a company that guarantees maintenance and technical support, accompanied by the best supply service of OKI printer cartridges, in the entire province of Barcelona.<\/p>\n\n\n\n<h3 class=\"wp-block-heading\"><strong>Pay only for what you print, with OKI printers<\/strong><\/h3>\n\n\n\n<p>At APEN, we offer a unique and innovative service to all our client companies. Businesses in Barcelona that rely on this service have saved up to 301% on their annual document printing costs.<\/p>\n\n\n\n<p>With this &quot;price per copy&quot; service, you only pay for what you print. APEN will conduct an initial study to assess your company&#039;s total printing volume. This study is so precise that it can offer a fixed price per copy. This fixed price per copy includes the cost of the necessary printers for your company\u2014one for each department\u2014always analyzing the greatest efficiency and savings in printing costs. This &quot;price per copy&quot; includes the cost of ink cartridges and supplies, repair and maintenance of these printers, OKI multifunction devices, and fax machines, and above all, the best technical support.<\/p>\n\n\n\n<p>Companies that rely on this service eliminate inventory costs, as APEN monitors the status of each ink cartridge in their printers. Before any cartridge runs out, APEN will supply the required ink cartridge as efficiently and quickly as possible.<\/p>\n\n\n\n<h3 class=\"wp-block-heading\"><strong>OKI printer rental<\/strong><\/h3>\n\n\n\n<p>OKI printers offer high performance, and for many businesses, acquiring these devices can represent a significant financial burden. At APEN, we offer solutions such as leasing or rental, with a monthly fee. Your company won&#039;t need to make such a large initial investment. Multi-departmental companies require a large number of printers, and leasing is an excellent solution.<\/p>\n\n\n\n<h3 class=\"wp-block-heading\"><strong>The true costs of printing<\/strong><\/h3>\n\n\n\n<p>If your company lacks efficient printing equipment, ink cartridges and printers likely account for more than 1.51% of your annual budget. At APEN, we offer solutions to reduce these costs by nearly half, not only by providing the most efficient printers but also by improving printing practices and habits. We offer consulting services in the field of printing solutions, particularly with our &quot;price per copy&quot; service, which frees your company from maintaining and purchasing ink cartridges, as well as covering the costs of printer maintenance and technical support.<\/p>","protected":false},"excerpt":{"rendered":"<p>Gracias a la incorporaci\u00f3n de los equipos de impresi\u00f3n de OKI en el cat\u00e1logo de APEN, podemos ofrecer todo tipo de soluciones de impresi\u00f3n para empresas de la provincia de Barcelona. Lo mejor de la tecnolog\u00eda japonesa lo encontraremos en estas impresoras, productos multifunci\u00f3n y faxes: M\u00e1xima productividad, ahorro de costes, fiabilidad de los componentes&#8230;<\/p>","protected":false},"author":4,"featured_media":0,"parent":1158,"menu_order":0,"comment_status":"closed","ping_status":"closed","template":"page-renting-impresoras.php","meta":{"_acf_changed":false,"_kad_blocks_custom_css":"","_kad_blocks_head_custom_js":"","_kad_blocks_body_custom_js":"","_kad_blocks_footer_custom_js":"","_kad_post_transparent":"","_kad_post_title":"","_kad_post_layout":"","_kad_post_sidebar_id":"","_kad_post_content_style":"","_kad_post_vertical_padding":"","_kad_post_feature":"","_kad_post_feature_position":"","_kad_post_header":false,"_kad_post_footer":false,"_kad_post_classname":"","footnotes":""},"class_list":["post-5195","page","type-page","status-publish","hentry"],"acf":[],"yoast_head":"<!-- This site is optimized with the Yoast SEO plugin v27.4 - https:\/\/yoast.com\/product\/yoast-seo-wordpress\/ -->\n<title>Impresoras OKI Barcelona - Apen Inform\u00e1tica<\/title>\n<meta name=\"description\" content=\"En Apen ofrecemos el servicio de las impresoras OKI en Barcelona. Paga solo por lo que imprimes con impresoras OKI y renting de impresoras OKI.\" \/>\n<meta name=\"robots\" content=\"index, follow, max-snippet:-1, max-image-preview:large, max-video-preview:-1\" \/>\n<link rel=\"canonical\" href=\"https:\/\/www.apen.es\/en\/printing-solutions\/oki-printers-barcelona\/\" \/>\n<meta property=\"og:locale\" content=\"en_US\" \/>\n<meta property=\"og:type\" content=\"article\" \/>\n<meta property=\"og:title\" content=\"Impresoras OKI Barcelona - Apen Inform\u00e1tica\" \/>\n<meta property=\"og:description\" content=\"En Apen ofrecemos el servicio de las impresoras OKI en Barcelona. Paga solo por lo que imprimes con impresoras OKI y renting de impresoras OKI.\" \/>\n<meta property=\"og:url\" content=\"https:\/\/www.apen.es\/en\/printing-solutions\/oki-printers-barcelona\/\" \/>\n<meta property=\"og:site_name\" content=\"Apen Inform\u00e1tica\" \/>\n<meta property=\"article:publisher\" content=\"https:\/\/www.facebook.com\/apensolucions\" \/>\n<meta property=\"article:modified_time\" content=\"2025-03-24T10:05:18+00:00\" \/>\n<meta property=\"og:image\" content=\"https:\/\/www.apen.es\/wp-content\/uploads\/2016\/05\/logo-apen-231x82-trasparent.png\" \/>\n\t<meta property=\"og:image:width\" content=\"231\" \/>\n\t<meta property=\"og:image:height\" content=\"82\" \/>\n\t<meta property=\"og:image:type\" content=\"image\/png\" \/>\n<meta name=\"twitter:card\" content=\"summary_large_image\" \/>\n<meta name=\"twitter:label1\" content=\"Est. reading time\" \/>\n\t<meta name=\"twitter:data1\" content=\"8 minutes\" \/>\n<script type=\"application\/ld+json\" class=\"yoast-schema-graph\">{\"@context\":\"https:\\\/\\\/schema.org\",\"@graph\":[{\"@type\":\"WebPage\",\"@id\":\"https:\\\/\\\/www.apen.es\\\/soluciones-de-impresion\\\/impresoras-oki-barcelona\\\/\",\"url\":\"https:\\\/\\\/www.apen.es\\\/soluciones-de-impresion\\\/impresoras-oki-barcelona\\\/\",\"name\":\"Impresoras OKI Barcelona - Apen Inform\u00e1tica\",\"isPartOf\":{\"@id\":\"https:\\\/\\\/www.apen.es\\\/#website\"},\"datePublished\":\"2016-10-05T09:50:01+00:00\",\"dateModified\":\"2025-03-24T10:05:18+00:00\",\"description\":\"En Apen ofrecemos el servicio de las impresoras OKI en Barcelona. Paga solo por lo que imprimes con impresoras OKI y renting de impresoras OKI.\",\"breadcrumb\":{\"@id\":\"https:\\\/\\\/www.apen.es\\\/soluciones-de-impresion\\\/impresoras-oki-barcelona\\\/#breadcrumb\"},\"inLanguage\":\"en-US\",\"potentialAction\":[{\"@type\":\"ReadAction\",\"target\":[\"https:\\\/\\\/www.apen.es\\\/soluciones-de-impresion\\\/impresoras-oki-barcelona\\\/\"]}]},{\"@type\":\"BreadcrumbList\",\"@id\":\"https:\\\/\\\/www.apen.es\\\/soluciones-de-impresion\\\/impresoras-oki-barcelona\\\/#breadcrumb\",\"itemListElement\":[{\"@type\":\"ListItem\",\"position\":1,\"name\":\"Portada\",\"item\":\"https:\\\/\\\/www.apen.es\\\/\"},{\"@type\":\"ListItem\",\"position\":2,\"name\":\"Soluciones de impresi\u00f3n\",\"item\":\"https:\\\/\\\/www.apen.es\\\/soluciones-de-impresion\\\/\"},{\"@type\":\"ListItem\",\"position\":3,\"name\":\"Impresoras OKI Barcelona\"}]},{\"@type\":\"WebSite\",\"@id\":\"https:\\\/\\\/www.apen.es\\\/#website\",\"url\":\"https:\\\/\\\/www.apen.es\\\/\",\"name\":\"Apen Inform\u00e1tica\",\"description\":\"Mantenimiento Inform\u00e1tico , Software de Gesti\u00f3n, Soluciones de impresi\u00f3n\",\"publisher\":{\"@id\":\"https:\\\/\\\/www.apen.es\\\/#organization\"},\"potentialAction\":[{\"@type\":\"SearchAction\",\"target\":{\"@type\":\"EntryPoint\",\"urlTemplate\":\"https:\\\/\\\/www.apen.es\\\/?s={search_term_string}\"},\"query-input\":{\"@type\":\"PropertyValueSpecification\",\"valueRequired\":true,\"valueName\":\"search_term_string\"}}],\"inLanguage\":\"en-US\"},{\"@type\":\"Organization\",\"@id\":\"https:\\\/\\\/www.apen.es\\\/#organization\",\"name\":\"Apen: Soluciones inform\u00e1ticas\",\"url\":\"https:\\\/\\\/www.apen.es\\\/\",\"logo\":{\"@type\":\"ImageObject\",\"inLanguage\":\"en-US\",\"@id\":\"https:\\\/\\\/www.apen.es\\\/#\\\/schema\\\/logo\\\/image\\\/\",\"url\":\"https:\\\/\\\/www.apen.es\\\/wp-content\\\/uploads\\\/2022\\\/08\\\/logo-apenok-231x82-1.png\",\"contentUrl\":\"https:\\\/\\\/www.apen.es\\\/wp-content\\\/uploads\\\/2022\\\/08\\\/logo-apenok-231x82-1.png\",\"width\":231,\"height\":82,\"caption\":\"Apen: Soluciones inform\u00e1ticas\"},\"image\":{\"@id\":\"https:\\\/\\\/www.apen.es\\\/#\\\/schema\\\/logo\\\/image\\\/\"},\"sameAs\":[\"https:\\\/\\\/www.facebook.com\\\/apensolucions\",\"https:\\\/\\\/www.youtube.com\\\/user\\\/ApenCentreInformatic\",\"https:\\\/\\\/www.linkedin.com\\\/company\\\/1021771?trk=tyah&trkInfo=clickedVerticalcompanyclickedEntityId1021771idx2-1-2tarId1464195271196tasapenin\"]}]}<\/script>\n<!-- \/ Yoast SEO plugin. -->","yoast_head_json":{"title":"OKI Printers Barcelona - Apen Inform\u00e1tica","description":"At Apen, we offer OKI printer services in Barcelona. Pay only for what you print with OKI printers and OKI printer rentals.","robots":{"index":"index","follow":"follow","max-snippet":"max-snippet:-1","max-image-preview":"max-image-preview:large","max-video-preview":"max-video-preview:-1"},"canonical":"https:\/\/www.apen.es\/en\/printing-solutions\/oki-printers-barcelona\/","og_locale":"en_US","og_type":"article","og_title":"Impresoras OKI Barcelona - Apen Inform\u00e1tica","og_description":"En Apen ofrecemos el servicio de las impresoras OKI en Barcelona. Paga solo por lo que imprimes con impresoras OKI y renting de impresoras OKI.","og_url":"https:\/\/www.apen.es\/en\/printing-solutions\/oki-printers-barcelona\/","og_site_name":"Apen Inform\u00e1tica","article_publisher":"https:\/\/www.facebook.com\/apensolucions","article_modified_time":"2025-03-24T10:05:18+00:00","og_image":[{"width":231,"height":82,"url":"https:\/\/www.apen.es\/wp-content\/uploads\/2016\/05\/logo-apen-231x82-trasparent.png","type":"image\/png"}],"twitter_card":"summary_large_image","twitter_misc":{"Est. reading time":"8 minutes"},"schema":{"@context":"https:\/\/schema.org","@graph":[{"@type":"WebPage","@id":"https:\/\/www.apen.es\/soluciones-de-impresion\/impresoras-oki-barcelona\/","url":"https:\/\/www.apen.es\/soluciones-de-impresion\/impresoras-oki-barcelona\/","name":"OKI Printers Barcelona - Apen Inform\u00e1tica","isPartOf":{"@id":"https:\/\/www.apen.es\/#website"},"datePublished":"2016-10-05T09:50:01+00:00","dateModified":"2025-03-24T10:05:18+00:00","description":"At Apen, we offer OKI printer services in Barcelona. Pay only for what you print with OKI printers and OKI printer rentals.","breadcrumb":{"@id":"https:\/\/www.apen.es\/soluciones-de-impresion\/impresoras-oki-barcelona\/#breadcrumb"},"inLanguage":"en-US","potentialAction":[{"@type":"ReadAction","target":["https:\/\/www.apen.es\/soluciones-de-impresion\/impresoras-oki-barcelona\/"]}]},{"@type":"BreadcrumbList","@id":"https:\/\/www.apen.es\/soluciones-de-impresion\/impresoras-oki-barcelona\/#breadcrumb","itemListElement":[{"@type":"ListItem","position":1,"name":"Portada","item":"https:\/\/www.apen.es\/"},{"@type":"ListItem","position":2,"name":"Soluciones de impresi\u00f3n","item":"https:\/\/www.apen.es\/soluciones-de-impresion\/"},{"@type":"ListItem","position":3,"name":"Impresoras OKI Barcelona"}]},{"@type":"WebSite","@id":"https:\/\/www.apen.es\/#website","url":"https:\/\/www.apen.es\/","name":"Apen Inform\u00e1tica","description":"IT Maintenance, Management Software, Printing Solutions","publisher":{"@id":"https:\/\/www.apen.es\/#organization"},"potentialAction":[{"@type":"SearchAction","target":{"@type":"EntryPoint","urlTemplate":"https:\/\/www.apen.es\/?s={search_term_string}"},"query-input":{"@type":"PropertyValueSpecification","valueRequired":true,"valueName":"search_term_string"}}],"inLanguage":"en-US"},{"@type":"Organization","@id":"https:\/\/www.apen.es\/#organization","name":"Apen: IT Solutions","url":"https:\/\/www.apen.es\/","logo":{"@type":"ImageObject","inLanguage":"en-US","@id":"https:\/\/www.apen.es\/#\/schema\/logo\/image\/","url":"https:\/\/www.apen.es\/wp-content\/uploads\/2022\/08\/logo-apenok-231x82-1.png","contentUrl":"https:\/\/www.apen.es\/wp-content\/uploads\/2022\/08\/logo-apenok-231x82-1.png","width":231,"height":82,"caption":"Apen: Soluciones inform\u00e1ticas"},"image":{"@id":"https:\/\/www.apen.es\/#\/schema\/logo\/image\/"},"sameAs":["https:\/\/www.facebook.com\/apensolucions","https:\/\/www.youtube.com\/user\/ApenCentreInformatic","https:\/\/www.linkedin.com\/company\/1021771?trk=tyah&trkInfo=clickedVerticalcompanyclickedEntityId1021771idx2-1-2tarId1464195271196tasapenin"]}]}},"taxonomy_info":[],"featured_image_src_large":false,"author_info":{"display_name":"marqueting","author_link":"https:\/\/www.apen.es\/en\/blog\/author\/marqueting\/"},"comment_info":0,"_links":{"self":[{"href":"https:\/\/www.apen.es\/en\/wp-json\/wp\/v2\/pages\/5195","targetHints":{"allow":["GET"]}}],"collection":[{"href":"https:\/\/www.apen.es\/en\/wp-json\/wp\/v2\/pages"}],"about":[{"href":"https:\/\/www.apen.es\/en\/wp-json\/wp\/v2\/types\/page"}],"author":[{"embeddable":true,"href":"https:\/\/www.apen.es\/en\/wp-json\/wp\/v2\/users\/4"}],"replies":[{"embeddable":true,"href":"https:\/\/www.apen.es\/en\/wp-json\/wp\/v2\/comments?post=5195"}],"version-history":[{"count":3,"href":"https:\/\/www.apen.es\/en\/wp-json\/wp\/v2\/pages\/5195\/revisions"}],"predecessor-version":[{"id":54444,"href":"https:\/\/www.apen.es\/en\/wp-json\/wp\/v2\/pages\/5195\/revisions\/54444"}],"up":[{"embeddable":true,"href":"https:\/\/www.apen.es\/en\/wp-json\/wp\/v2\/pages\/1158"}],"wp:attachment":[{"href":"https:\/\/www.apen.es\/en\/wp-json\/wp\/v2\/media?parent=5195"}],"curies":[{"name":"wp","href":"https:\/\/api.w.org\/{rel}","templated":true}]}}