{"id":4937,"date":"2016-09-26T08:07:07","date_gmt":"2016-09-26T08:07:07","guid":{"rendered":"https:\/\/www.apen.es\/?page_id=4937"},"modified":"2025-03-24T09:55:02","modified_gmt":"2025-03-24T09:55:02","slug":"it-maintenance-company-terrassa","status":"publish","type":"page","link":"https:\/\/www.apen.es\/en\/mantenimiento-informatico\/empresa-mantenimiento-informatico-terrassa\/","title":{"rendered":"IT maintenance company in Terrassa"},"content":{"rendered":"<p>Our IT company has been providing computer maintenance services to businesses in Terrassa for over 25 years. Based in Granollers, our technicians can be on-site at your Terrassa business in under 20 minutes to provide support and technical assistance for any urgent computer issues.<\/p>\n\n\n\n<p>APEN is an IT company with a large team of IT specialists in hardware, software, cybersecurity, networks, and business management programs. All companies that trust APEN enjoy improved productivity, enhanced information security, and complete peace of mind, knowing they can work without fear of running out of operational computers.<\/p>\n\n\n\n<p>At APEN you can enjoy all these services for a modest price of \u20ac10\/computer per month, including regular visits from our IT specialists to your company, all the necessary support and technical assistance coverage, and the best partner in technological solutions to improve your company&#039;s productivity.<\/p>\n\n\n\n<h3 class=\"wp-block-heading\"><strong>What if I have an urgent problem?<\/strong><\/h3>\n\n\n\n<p>If your IT problem requires the fastest possible support and assistance, call us and we&#039;ll send IT technicians to your company to resolve the issue as quickly as possible. If the problem requires a significant amount of work, we can loan you computers while we repair yours, so your company doesn&#039;t have to interrupt its production cycle.<\/p>\n\n\n\n<h3 class=\"wp-block-heading\"><strong>What does our company&#039;s IT maintenance cover?<\/strong><\/h3>\n\n\n\n<p>The most frequent problems we see in our client companies in Terrassa are related to hardware, software, and cybersecurity (which is becoming increasingly necessary):<\/p>\n\n\n\n<h4 class=\"wp-block-heading\"><strong><em>Computer hardware solutions:<\/em><\/strong><\/h4>\n\n\n\n<p>Detecting computer components that are slowing down your IT systems. Often, these hardware components came pre-installed without the features your business requires, or they have simply stopped working properly due to wear and tear. Identifying these issues and offering new hardware components at the best price is one of our most common services for businesses in Terrassa and the province of Barcelona.<\/p>\n\n\n\n<h4 class=\"wp-block-heading\"><strong><em>IT solutions in Software:<\/em><\/strong><\/h4>\n\n\n\n<p>Many companies have never formatted their computers. These computers accumulate a surprising number of malicious files or files that are simply useless but continue to consume computer resources, seriously hindering performance when you need to run vital tasks. Removing all these unnecessary files, updating useful software, or installing new programs that improve your PC&#039;s performance is one of our most common services.<\/p>\n\n\n\n<h4 class=\"wp-block-heading\"><strong><em>Information security:<\/em><\/strong><\/h4>\n\n\n\n<p>Every virus is unique, and new ones appear every day. Understanding them and staying up-to-date with a company like ours will help ensure that no Trojan, malware, or antivirus software can harm your computer. We find viruses and remove them. We perform regular backups and protect your computer with the best antivirus software on the market.<\/p>","protected":false},"excerpt":{"rendered":"<p>Nuestra empresa de inform\u00e1tica presta el servicio de mantenimiento en ordenadores de empresa desde hace m\u00e1s de 25 a\u00f1os en la localidad de Terrassa. Estamos ubicados en Granollers y gracias a esto, nuestros inform\u00e1ticos estar\u00e1n \u201cin situ\u201d en su empresa de Terrassa en menos de 20 minutos, para solventar dando soporte y asistencia t\u00e9cnica en&#8230;<\/p>","protected":false},"author":4,"featured_media":0,"parent":1357,"menu_order":0,"comment_status":"closed","ping_status":"closed","template":"page-servicio-informatico.php","meta":{"_acf_changed":false,"_kad_blocks_custom_css":"","_kad_blocks_head_custom_js":"","_kad_blocks_body_custom_js":"","_kad_blocks_footer_custom_js":"","_kad_post_transparent":"","_kad_post_title":"","_kad_post_layout":"","_kad_post_sidebar_id":"","_kad_post_content_style":"","_kad_post_vertical_padding":"","_kad_post_feature":"","_kad_post_feature_position":"","_kad_post_header":false,"_kad_post_footer":false,"_kad_post_classname":"","footnotes":""},"class_list":["post-4937","page","type-page","status-publish","hentry"],"acf":[],"yoast_head":"<!-- This site is optimized with the Yoast SEO plugin v27.4 - https:\/\/yoast.com\/product\/yoast-seo-wordpress\/ -->\n<title>Empresa mantenimiento inform\u00e1tico Terrassa - Apen Inform\u00e1tica<\/title>\n<meta name=\"description\" content=\"Somos una empresa de inform\u00e1tica en Terrassa especializados en el mantenimiento de equipos inform\u00e1ticos. Ll\u00e1manos al 938 606 220 sin compromiso.\" \/>\n<meta name=\"robots\" content=\"index, follow, max-snippet:-1, max-image-preview:large, max-video-preview:-1\" \/>\n<link rel=\"canonical\" href=\"https:\/\/www.apen.es\/en\/computer-maintenance\/it-maintenance-company-terrassa\/\" \/>\n<meta property=\"og:locale\" content=\"en_US\" \/>\n<meta property=\"og:type\" content=\"article\" \/>\n<meta property=\"og:title\" content=\"Empresa mantenimiento inform\u00e1tico Terrassa - Apen Inform\u00e1tica\" \/>\n<meta property=\"og:description\" content=\"Somos una empresa de inform\u00e1tica en Terrassa especializados en el mantenimiento de equipos inform\u00e1ticos. Ll\u00e1manos al 938 606 220 sin compromiso.\" \/>\n<meta property=\"og:url\" content=\"https:\/\/www.apen.es\/en\/computer-maintenance\/it-maintenance-company-terrassa\/\" \/>\n<meta property=\"og:site_name\" content=\"Apen Inform\u00e1tica\" \/>\n<meta property=\"article:publisher\" content=\"https:\/\/www.facebook.com\/apensolucions\" \/>\n<meta property=\"article:modified_time\" content=\"2025-03-24T09:55:02+00:00\" \/>\n<meta property=\"og:image\" content=\"https:\/\/www.apen.es\/wp-content\/uploads\/2016\/05\/logo-apen-231x82-trasparent.png\" \/>\n\t<meta property=\"og:image:width\" content=\"231\" \/>\n\t<meta property=\"og:image:height\" content=\"82\" \/>\n\t<meta property=\"og:image:type\" content=\"image\/png\" \/>\n<meta name=\"twitter:card\" content=\"summary_large_image\" \/>\n<meta name=\"twitter:label1\" content=\"Est. reading time\" \/>\n\t<meta name=\"twitter:data1\" content=\"10 minutes\" \/>\n<script type=\"application\/ld+json\" class=\"yoast-schema-graph\">{\"@context\":\"https:\\\/\\\/schema.org\",\"@graph\":[{\"@type\":\"WebPage\",\"@id\":\"https:\\\/\\\/www.apen.es\\\/mantenimiento-informatico\\\/empresa-mantenimiento-informatico-terrassa\\\/\",\"url\":\"https:\\\/\\\/www.apen.es\\\/mantenimiento-informatico\\\/empresa-mantenimiento-informatico-terrassa\\\/\",\"name\":\"Empresa mantenimiento inform\u00e1tico Terrassa - Apen Inform\u00e1tica\",\"isPartOf\":{\"@id\":\"https:\\\/\\\/www.apen.es\\\/#website\"},\"datePublished\":\"2016-09-26T08:07:07+00:00\",\"dateModified\":\"2025-03-24T09:55:02+00:00\",\"description\":\"Somos una empresa de inform\u00e1tica en Terrassa especializados en el mantenimiento de equipos inform\u00e1ticos. Ll\u00e1manos al 938 606 220 sin compromiso.\",\"breadcrumb\":{\"@id\":\"https:\\\/\\\/www.apen.es\\\/mantenimiento-informatico\\\/empresa-mantenimiento-informatico-terrassa\\\/#breadcrumb\"},\"inLanguage\":\"en-US\",\"potentialAction\":[{\"@type\":\"ReadAction\",\"target\":[\"https:\\\/\\\/www.apen.es\\\/mantenimiento-informatico\\\/empresa-mantenimiento-informatico-terrassa\\\/\"]}]},{\"@type\":\"BreadcrumbList\",\"@id\":\"https:\\\/\\\/www.apen.es\\\/mantenimiento-informatico\\\/empresa-mantenimiento-informatico-terrassa\\\/#breadcrumb\",\"itemListElement\":[{\"@type\":\"ListItem\",\"position\":1,\"name\":\"Portada\",\"item\":\"https:\\\/\\\/www.apen.es\\\/\"},{\"@type\":\"ListItem\",\"position\":2,\"name\":\"Mantenimiento inform\u00e1tico\",\"item\":\"https:\\\/\\\/www.apen.es\\\/mantenimiento-informatico\\\/\"},{\"@type\":\"ListItem\",\"position\":3,\"name\":\"Empresa mantenimiento inform\u00e1tico Terrassa\"}]},{\"@type\":\"WebSite\",\"@id\":\"https:\\\/\\\/www.apen.es\\\/#website\",\"url\":\"https:\\\/\\\/www.apen.es\\\/\",\"name\":\"Apen Inform\u00e1tica\",\"description\":\"Mantenimiento Inform\u00e1tico , Software de Gesti\u00f3n, Soluciones de impresi\u00f3n\",\"publisher\":{\"@id\":\"https:\\\/\\\/www.apen.es\\\/#organization\"},\"potentialAction\":[{\"@type\":\"SearchAction\",\"target\":{\"@type\":\"EntryPoint\",\"urlTemplate\":\"https:\\\/\\\/www.apen.es\\\/?s={search_term_string}\"},\"query-input\":{\"@type\":\"PropertyValueSpecification\",\"valueRequired\":true,\"valueName\":\"search_term_string\"}}],\"inLanguage\":\"en-US\"},{\"@type\":\"Organization\",\"@id\":\"https:\\\/\\\/www.apen.es\\\/#organization\",\"name\":\"Apen: Soluciones inform\u00e1ticas\",\"url\":\"https:\\\/\\\/www.apen.es\\\/\",\"logo\":{\"@type\":\"ImageObject\",\"inLanguage\":\"en-US\",\"@id\":\"https:\\\/\\\/www.apen.es\\\/#\\\/schema\\\/logo\\\/image\\\/\",\"url\":\"https:\\\/\\\/www.apen.es\\\/wp-content\\\/uploads\\\/2022\\\/08\\\/logo-apenok-231x82-1.png\",\"contentUrl\":\"https:\\\/\\\/www.apen.es\\\/wp-content\\\/uploads\\\/2022\\\/08\\\/logo-apenok-231x82-1.png\",\"width\":231,\"height\":82,\"caption\":\"Apen: Soluciones inform\u00e1ticas\"},\"image\":{\"@id\":\"https:\\\/\\\/www.apen.es\\\/#\\\/schema\\\/logo\\\/image\\\/\"},\"sameAs\":[\"https:\\\/\\\/www.facebook.com\\\/apensolucions\",\"https:\\\/\\\/www.youtube.com\\\/user\\\/ApenCentreInformatic\",\"https:\\\/\\\/www.linkedin.com\\\/company\\\/1021771?trk=tyah&trkInfo=clickedVerticalcompanyclickedEntityId1021771idx2-1-2tarId1464195271196tasapenin\"]}]}<\/script>\n<!-- \/ Yoast SEO plugin. -->","yoast_head_json":{"title":"Computer maintenance company in Terrassa - Apen Inform\u00e1tica","description":"We are an IT company in Terrassa specializing in computer maintenance. Call us at 938 606 220 for a free consultation.","robots":{"index":"index","follow":"follow","max-snippet":"max-snippet:-1","max-image-preview":"max-image-preview:large","max-video-preview":"max-video-preview:-1"},"canonical":"https:\/\/www.apen.es\/en\/computer-maintenance\/it-maintenance-company-terrassa\/","og_locale":"en_US","og_type":"article","og_title":"Empresa mantenimiento inform\u00e1tico Terrassa - Apen Inform\u00e1tica","og_description":"Somos una empresa de inform\u00e1tica en Terrassa especializados en el mantenimiento de equipos inform\u00e1ticos. Ll\u00e1manos al 938 606 220 sin compromiso.","og_url":"https:\/\/www.apen.es\/en\/computer-maintenance\/it-maintenance-company-terrassa\/","og_site_name":"Apen Inform\u00e1tica","article_publisher":"https:\/\/www.facebook.com\/apensolucions","article_modified_time":"2025-03-24T09:55:02+00:00","og_image":[{"width":231,"height":82,"url":"https:\/\/www.apen.es\/wp-content\/uploads\/2016\/05\/logo-apen-231x82-trasparent.png","type":"image\/png"}],"twitter_card":"summary_large_image","twitter_misc":{"Est. reading time":"10 minutes"},"schema":{"@context":"https:\/\/schema.org","@graph":[{"@type":"WebPage","@id":"https:\/\/www.apen.es\/mantenimiento-informatico\/empresa-mantenimiento-informatico-terrassa\/","url":"https:\/\/www.apen.es\/mantenimiento-informatico\/empresa-mantenimiento-informatico-terrassa\/","name":"Computer maintenance company in Terrassa - Apen Inform\u00e1tica","isPartOf":{"@id":"https:\/\/www.apen.es\/#website"},"datePublished":"2016-09-26T08:07:07+00:00","dateModified":"2025-03-24T09:55:02+00:00","description":"We are an IT company in Terrassa specializing in computer maintenance. Call us at 938 606 220 for a free consultation.","breadcrumb":{"@id":"https:\/\/www.apen.es\/mantenimiento-informatico\/empresa-mantenimiento-informatico-terrassa\/#breadcrumb"},"inLanguage":"en-US","potentialAction":[{"@type":"ReadAction","target":["https:\/\/www.apen.es\/mantenimiento-informatico\/empresa-mantenimiento-informatico-terrassa\/"]}]},{"@type":"BreadcrumbList","@id":"https:\/\/www.apen.es\/mantenimiento-informatico\/empresa-mantenimiento-informatico-terrassa\/#breadcrumb","itemListElement":[{"@type":"ListItem","position":1,"name":"Portada","item":"https:\/\/www.apen.es\/"},{"@type":"ListItem","position":2,"name":"Mantenimiento inform\u00e1tico","item":"https:\/\/www.apen.es\/mantenimiento-informatico\/"},{"@type":"ListItem","position":3,"name":"Empresa mantenimiento inform\u00e1tico Terrassa"}]},{"@type":"WebSite","@id":"https:\/\/www.apen.es\/#website","url":"https:\/\/www.apen.es\/","name":"Apen Inform\u00e1tica","description":"IT Maintenance, Management Software, Printing Solutions","publisher":{"@id":"https:\/\/www.apen.es\/#organization"},"potentialAction":[{"@type":"SearchAction","target":{"@type":"EntryPoint","urlTemplate":"https:\/\/www.apen.es\/?s={search_term_string}"},"query-input":{"@type":"PropertyValueSpecification","valueRequired":true,"valueName":"search_term_string"}}],"inLanguage":"en-US"},{"@type":"Organization","@id":"https:\/\/www.apen.es\/#organization","name":"Apen: IT Solutions","url":"https:\/\/www.apen.es\/","logo":{"@type":"ImageObject","inLanguage":"en-US","@id":"https:\/\/www.apen.es\/#\/schema\/logo\/image\/","url":"https:\/\/www.apen.es\/wp-content\/uploads\/2022\/08\/logo-apenok-231x82-1.png","contentUrl":"https:\/\/www.apen.es\/wp-content\/uploads\/2022\/08\/logo-apenok-231x82-1.png","width":231,"height":82,"caption":"Apen: Soluciones inform\u00e1ticas"},"image":{"@id":"https:\/\/www.apen.es\/#\/schema\/logo\/image\/"},"sameAs":["https:\/\/www.facebook.com\/apensolucions","https:\/\/www.youtube.com\/user\/ApenCentreInformatic","https:\/\/www.linkedin.com\/company\/1021771?trk=tyah&trkInfo=clickedVerticalcompanyclickedEntityId1021771idx2-1-2tarId1464195271196tasapenin"]}]}},"taxonomy_info":[],"featured_image_src_large":false,"author_info":{"display_name":"marqueting","author_link":"https:\/\/www.apen.es\/en\/blog\/author\/marqueting\/"},"comment_info":0,"_links":{"self":[{"href":"https:\/\/www.apen.es\/en\/wp-json\/wp\/v2\/pages\/4937","targetHints":{"allow":["GET"]}}],"collection":[{"href":"https:\/\/www.apen.es\/en\/wp-json\/wp\/v2\/pages"}],"about":[{"href":"https:\/\/www.apen.es\/en\/wp-json\/wp\/v2\/types\/page"}],"author":[{"embeddable":true,"href":"https:\/\/www.apen.es\/en\/wp-json\/wp\/v2\/users\/4"}],"replies":[{"embeddable":true,"href":"https:\/\/www.apen.es\/en\/wp-json\/wp\/v2\/comments?post=4937"}],"version-history":[{"count":3,"href":"https:\/\/www.apen.es\/en\/wp-json\/wp\/v2\/pages\/4937\/revisions"}],"predecessor-version":[{"id":54425,"href":"https:\/\/www.apen.es\/en\/wp-json\/wp\/v2\/pages\/4937\/revisions\/54425"}],"up":[{"embeddable":true,"href":"https:\/\/www.apen.es\/en\/wp-json\/wp\/v2\/pages\/1357"}],"wp:attachment":[{"href":"https:\/\/www.apen.es\/en\/wp-json\/wp\/v2\/media?parent=4937"}],"curies":[{"name":"wp","href":"https:\/\/api.w.org\/{rel}","templated":true}]}}