{"id":4935,"date":"2016-09-26T08:05:30","date_gmt":"2016-09-26T08:05:30","guid":{"rendered":"https:\/\/www.apen.es\/?page_id=4935"},"modified":"2026-04-20T11:43:52","modified_gmt":"2026-04-20T11:43:52","slug":"it-maintenance-company-granollers","status":"publish","type":"page","link":"https:\/\/www.apen.es\/en\/mantenimiento-informatico\/empresa-mantenimiento-informatico-granollers\/","title":{"rendered":"Computer maintenance Granollers"},"content":{"rendered":"<p>Apen is an IT company based in Granollers that offers IT services to all types of businesses in Granollers and the province of Barcelona. We are experts in computer maintenance and providing the technological solutions that companies need to improve their productivity. From the moment we begin working with a company, we consider ourselves their IT department, operating externally but with the same commitment as an in-house department.<\/p>\n\n\n\n<p>We can offer ongoing IT maintenance plans or address any urgent issues your company may be experiencing. Our service includes emergency support and assistance, on-site IT technician visits, and loaner computers if any of your equipment is down and needs repair, ensuring your business doesn&#039;t suffer any downtime.<\/p>\n\n\n\n<h3 class=\"wp-block-heading\"><strong>What are the most frequent problems we solve as an IT company?<\/strong><\/h3>\n\n\n\n<p>We take care of solving any problem your computer equipment may have; among the most common problems we find:<\/p>\n\n\n\n<h4 class=\"wp-block-heading\"><strong>Security issues:<\/strong><\/h4>\n\n\n\n<p>Whether for external or internal threats, at APEN we will analyze your computer systems to ensure they are free of any malicious software or files (Trojans, spyware, malware, viruses in general, etc.). Once detected, we proceed with their removal. We install and configure the most powerful antivirus software on the market, tailored to your specific needs. We recover lost data and implement a backup system so your computer systems can be restored with maximum efficiency and effectiveness.<\/p>\n\n\n\n<h4 class=\"wp-block-heading\"><strong>Hardware Problems:<\/strong><\/h4>\n\n\n\n<p>If your computer is older, it likely has some outdated or damaged hardware components. Our mission is to identify these and replace them with optimal performance. With our IT maintenance plans, we&#039;ll regularly check your equipment to ensure it&#039;s delivering peak productivity.<\/p>\n\n\n\n<h4 class=\"wp-block-heading\"><strong>Software Problems:<\/strong><\/h4>\n\n\n\n<p>Whether your team has outdated software that needs updating, or you require new software programs to improve your company&#039;s productivity, at APEN we take care of it.<\/p>\n\n\n\n<p>Computers often accumulate unnecessary files (often referred to as &quot;junk files&quot;) that need to be detected and deleted. Otherwise, these files will consume your computer&#039;s resources and negatively impact the tasks you perform on your computer.<\/p>\n\n\n\n<h4 class=\"wp-block-heading\"><strong>Network and server problems:<\/strong><\/h4>\n\n\n\n<p>Connecting computers to a server will improve company productivity, as useful information can be accessed from any device. Setting up permissions and configuring networked computers is one of our specialties. We provide specialized IT maintenance for networks and servers.<\/p>","protected":false},"excerpt":{"rendered":"<p>Apen, es una empresa de inform\u00e1tica de Granollers que ofrece sus servicios inform\u00e1ticos a todo tipo de empresas de Granollers y de la provincia de Barcelona. Somos expertos en el mantenimiento de ordenadores y en la soluci\u00f3n tecnol\u00f3gica que las empresas necesitan para mejorar su productividad. Desde el primer momento en el que empezamos a&#8230;<\/p>","protected":false},"author":4,"featured_media":0,"parent":1357,"menu_order":0,"comment_status":"closed","ping_status":"closed","template":"page-servicio-informatico.php","meta":{"_acf_changed":false,"_kad_blocks_custom_css":"","_kad_blocks_head_custom_js":"","_kad_blocks_body_custom_js":"","_kad_blocks_footer_custom_js":"","_kad_post_transparent":"","_kad_post_title":"","_kad_post_layout":"","_kad_post_sidebar_id":"","_kad_post_content_style":"","_kad_post_vertical_padding":"","_kad_post_feature":"","_kad_post_feature_position":"","_kad_post_header":false,"_kad_post_footer":false,"_kad_post_classname":"","footnotes":""},"class_list":["post-4935","page","type-page","status-publish","hentry"],"acf":[],"yoast_head":"<!-- This site is optimized with the Yoast SEO plugin v27.4 - https:\/\/yoast.com\/product\/yoast-seo-wordpress\/ -->\n<title>Mantenimiento inform\u00e1tico Granollers - Apen Inform\u00e1tica<\/title>\n<meta name=\"description\" content=\"Mantenimiento inform\u00e1tico en Granollers: soporte ilimitado, precio cerrado y atenci\u00f3n 24\/7. Empresa local con m\u00e1s de 30 a\u00f1os de experiencia. Pide presupuesto sin compromiso.\" \/>\n<meta name=\"robots\" content=\"index, follow, max-snippet:-1, max-image-preview:large, max-video-preview:-1\" \/>\n<link rel=\"canonical\" href=\"https:\/\/www.apen.es\/en\/computer-maintenance\/it-maintenance-company-granollers\/\" \/>\n<meta property=\"og:locale\" content=\"en_US\" \/>\n<meta property=\"og:type\" content=\"article\" \/>\n<meta property=\"og:title\" content=\"Mantenimiento inform\u00e1tico Granollers - Apen Inform\u00e1tica\" \/>\n<meta property=\"og:description\" content=\"Mantenimiento inform\u00e1tico en Granollers: soporte ilimitado, precio cerrado y atenci\u00f3n 24\/7. Empresa local con m\u00e1s de 30 a\u00f1os de experiencia. Pide presupuesto sin compromiso.\" \/>\n<meta property=\"og:url\" content=\"https:\/\/www.apen.es\/en\/computer-maintenance\/it-maintenance-company-granollers\/\" \/>\n<meta property=\"og:site_name\" content=\"Apen Inform\u00e1tica\" \/>\n<meta property=\"article:publisher\" content=\"https:\/\/www.facebook.com\/apensolucions\" \/>\n<meta property=\"article:modified_time\" content=\"2026-04-20T11:43:52+00:00\" \/>\n<meta property=\"og:image\" content=\"https:\/\/www.apen.es\/wp-content\/uploads\/2016\/05\/logo-apen-231x82-trasparent.png\" \/>\n\t<meta property=\"og:image:width\" content=\"231\" \/>\n\t<meta property=\"og:image:height\" content=\"82\" \/>\n\t<meta property=\"og:image:type\" content=\"image\/png\" \/>\n<meta name=\"twitter:card\" content=\"summary_large_image\" \/>\n<meta name=\"twitter:label1\" content=\"Est. reading time\" \/>\n\t<meta name=\"twitter:data1\" content=\"2 minutes\" \/>\n<script type=\"application\/ld+json\" class=\"yoast-schema-graph\">{\"@context\":\"https:\\\/\\\/schema.org\",\"@graph\":[{\"@type\":\"WebPage\",\"@id\":\"https:\\\/\\\/www.apen.es\\\/mantenimiento-informatico\\\/empresa-mantenimiento-informatico-granollers\\\/\",\"url\":\"https:\\\/\\\/www.apen.es\\\/mantenimiento-informatico\\\/empresa-mantenimiento-informatico-granollers\\\/\",\"name\":\"Mantenimiento inform\u00e1tico Granollers - Apen Inform\u00e1tica\",\"isPartOf\":{\"@id\":\"https:\\\/\\\/www.apen.es\\\/#website\"},\"datePublished\":\"2016-09-26T08:05:30+00:00\",\"dateModified\":\"2026-04-20T11:43:52+00:00\",\"description\":\"Mantenimiento inform\u00e1tico en Granollers: soporte ilimitado, precio cerrado y atenci\u00f3n 24\\\/7. Empresa local con m\u00e1s de 30 a\u00f1os de experiencia. Pide presupuesto sin compromiso.\",\"breadcrumb\":{\"@id\":\"https:\\\/\\\/www.apen.es\\\/mantenimiento-informatico\\\/empresa-mantenimiento-informatico-granollers\\\/#breadcrumb\"},\"inLanguage\":\"en-US\",\"potentialAction\":[{\"@type\":\"ReadAction\",\"target\":[\"https:\\\/\\\/www.apen.es\\\/mantenimiento-informatico\\\/empresa-mantenimiento-informatico-granollers\\\/\"]}]},{\"@type\":\"BreadcrumbList\",\"@id\":\"https:\\\/\\\/www.apen.es\\\/mantenimiento-informatico\\\/empresa-mantenimiento-informatico-granollers\\\/#breadcrumb\",\"itemListElement\":[{\"@type\":\"ListItem\",\"position\":1,\"name\":\"Portada\",\"item\":\"https:\\\/\\\/www.apen.es\\\/\"},{\"@type\":\"ListItem\",\"position\":2,\"name\":\"Mantenimiento inform\u00e1tico\",\"item\":\"https:\\\/\\\/www.apen.es\\\/mantenimiento-informatico\\\/\"},{\"@type\":\"ListItem\",\"position\":3,\"name\":\"Mantenimiento inform\u00e1tico Granollers\"}]},{\"@type\":\"WebSite\",\"@id\":\"https:\\\/\\\/www.apen.es\\\/#website\",\"url\":\"https:\\\/\\\/www.apen.es\\\/\",\"name\":\"Apen Inform\u00e1tica\",\"description\":\"Mantenimiento Inform\u00e1tico , Software de Gesti\u00f3n, Soluciones de impresi\u00f3n\",\"publisher\":{\"@id\":\"https:\\\/\\\/www.apen.es\\\/#organization\"},\"potentialAction\":[{\"@type\":\"SearchAction\",\"target\":{\"@type\":\"EntryPoint\",\"urlTemplate\":\"https:\\\/\\\/www.apen.es\\\/?s={search_term_string}\"},\"query-input\":{\"@type\":\"PropertyValueSpecification\",\"valueRequired\":true,\"valueName\":\"search_term_string\"}}],\"inLanguage\":\"en-US\"},{\"@type\":\"Organization\",\"@id\":\"https:\\\/\\\/www.apen.es\\\/#organization\",\"name\":\"Apen: Soluciones inform\u00e1ticas\",\"url\":\"https:\\\/\\\/www.apen.es\\\/\",\"logo\":{\"@type\":\"ImageObject\",\"inLanguage\":\"en-US\",\"@id\":\"https:\\\/\\\/www.apen.es\\\/#\\\/schema\\\/logo\\\/image\\\/\",\"url\":\"https:\\\/\\\/www.apen.es\\\/wp-content\\\/uploads\\\/2022\\\/08\\\/logo-apenok-231x82-1.png\",\"contentUrl\":\"https:\\\/\\\/www.apen.es\\\/wp-content\\\/uploads\\\/2022\\\/08\\\/logo-apenok-231x82-1.png\",\"width\":231,\"height\":82,\"caption\":\"Apen: Soluciones inform\u00e1ticas\"},\"image\":{\"@id\":\"https:\\\/\\\/www.apen.es\\\/#\\\/schema\\\/logo\\\/image\\\/\"},\"sameAs\":[\"https:\\\/\\\/www.facebook.com\\\/apensolucions\",\"https:\\\/\\\/www.youtube.com\\\/user\\\/ApenCentreInformatic\",\"https:\\\/\\\/www.linkedin.com\\\/company\\\/1021771?trk=tyah&trkInfo=clickedVerticalcompanyclickedEntityId1021771idx2-1-2tarId1464195271196tasapenin\"]}]}<\/script>\n<!-- \/ Yoast SEO plugin. -->","yoast_head_json":{"title":"Computer Maintenance in Granollers - Apen Inform\u00e1tica","description":"IT maintenance in Granollers: unlimited support, fixed price, and 24\/7 service. Local company with over 30 years of experience. Request a free quote.","robots":{"index":"index","follow":"follow","max-snippet":"max-snippet:-1","max-image-preview":"max-image-preview:large","max-video-preview":"max-video-preview:-1"},"canonical":"https:\/\/www.apen.es\/en\/computer-maintenance\/it-maintenance-company-granollers\/","og_locale":"en_US","og_type":"article","og_title":"Mantenimiento inform\u00e1tico Granollers - Apen Inform\u00e1tica","og_description":"Mantenimiento inform\u00e1tico en Granollers: soporte ilimitado, precio cerrado y atenci\u00f3n 24\/7. Empresa local con m\u00e1s de 30 a\u00f1os de experiencia. Pide presupuesto sin compromiso.","og_url":"https:\/\/www.apen.es\/en\/computer-maintenance\/it-maintenance-company-granollers\/","og_site_name":"Apen Inform\u00e1tica","article_publisher":"https:\/\/www.facebook.com\/apensolucions","article_modified_time":"2026-04-20T11:43:52+00:00","og_image":[{"width":231,"height":82,"url":"https:\/\/www.apen.es\/wp-content\/uploads\/2016\/05\/logo-apen-231x82-trasparent.png","type":"image\/png"}],"twitter_card":"summary_large_image","twitter_misc":{"Est. reading time":"2 minutes"},"schema":{"@context":"https:\/\/schema.org","@graph":[{"@type":"WebPage","@id":"https:\/\/www.apen.es\/mantenimiento-informatico\/empresa-mantenimiento-informatico-granollers\/","url":"https:\/\/www.apen.es\/mantenimiento-informatico\/empresa-mantenimiento-informatico-granollers\/","name":"Computer Maintenance in Granollers - Apen Inform\u00e1tica","isPartOf":{"@id":"https:\/\/www.apen.es\/#website"},"datePublished":"2016-09-26T08:05:30+00:00","dateModified":"2026-04-20T11:43:52+00:00","description":"IT maintenance in Granollers: unlimited support, fixed price, and 24\/7 service. Local company with over 30 years of experience. Request a free quote.","breadcrumb":{"@id":"https:\/\/www.apen.es\/mantenimiento-informatico\/empresa-mantenimiento-informatico-granollers\/#breadcrumb"},"inLanguage":"en-US","potentialAction":[{"@type":"ReadAction","target":["https:\/\/www.apen.es\/mantenimiento-informatico\/empresa-mantenimiento-informatico-granollers\/"]}]},{"@type":"BreadcrumbList","@id":"https:\/\/www.apen.es\/mantenimiento-informatico\/empresa-mantenimiento-informatico-granollers\/#breadcrumb","itemListElement":[{"@type":"ListItem","position":1,"name":"Portada","item":"https:\/\/www.apen.es\/"},{"@type":"ListItem","position":2,"name":"Mantenimiento inform\u00e1tico","item":"https:\/\/www.apen.es\/mantenimiento-informatico\/"},{"@type":"ListItem","position":3,"name":"Mantenimiento inform\u00e1tico Granollers"}]},{"@type":"WebSite","@id":"https:\/\/www.apen.es\/#website","url":"https:\/\/www.apen.es\/","name":"Apen Inform\u00e1tica","description":"IT Maintenance, Management Software, Printing Solutions","publisher":{"@id":"https:\/\/www.apen.es\/#organization"},"potentialAction":[{"@type":"SearchAction","target":{"@type":"EntryPoint","urlTemplate":"https:\/\/www.apen.es\/?s={search_term_string}"},"query-input":{"@type":"PropertyValueSpecification","valueRequired":true,"valueName":"search_term_string"}}],"inLanguage":"en-US"},{"@type":"Organization","@id":"https:\/\/www.apen.es\/#organization","name":"Apen: IT Solutions","url":"https:\/\/www.apen.es\/","logo":{"@type":"ImageObject","inLanguage":"en-US","@id":"https:\/\/www.apen.es\/#\/schema\/logo\/image\/","url":"https:\/\/www.apen.es\/wp-content\/uploads\/2022\/08\/logo-apenok-231x82-1.png","contentUrl":"https:\/\/www.apen.es\/wp-content\/uploads\/2022\/08\/logo-apenok-231x82-1.png","width":231,"height":82,"caption":"Apen: Soluciones inform\u00e1ticas"},"image":{"@id":"https:\/\/www.apen.es\/#\/schema\/logo\/image\/"},"sameAs":["https:\/\/www.facebook.com\/apensolucions","https:\/\/www.youtube.com\/user\/ApenCentreInformatic","https:\/\/www.linkedin.com\/company\/1021771?trk=tyah&trkInfo=clickedVerticalcompanyclickedEntityId1021771idx2-1-2tarId1464195271196tasapenin"]}]}},"taxonomy_info":[],"featured_image_src_large":false,"author_info":{"display_name":"marqueting","author_link":"https:\/\/www.apen.es\/en\/blog\/author\/marqueting\/"},"comment_info":0,"_links":{"self":[{"href":"https:\/\/www.apen.es\/en\/wp-json\/wp\/v2\/pages\/4935","targetHints":{"allow":["GET"]}}],"collection":[{"href":"https:\/\/www.apen.es\/en\/wp-json\/wp\/v2\/pages"}],"about":[{"href":"https:\/\/www.apen.es\/en\/wp-json\/wp\/v2\/types\/page"}],"author":[{"embeddable":true,"href":"https:\/\/www.apen.es\/en\/wp-json\/wp\/v2\/users\/4"}],"replies":[{"embeddable":true,"href":"https:\/\/www.apen.es\/en\/wp-json\/wp\/v2\/comments?post=4935"}],"version-history":[{"count":4,"href":"https:\/\/www.apen.es\/en\/wp-json\/wp\/v2\/pages\/4935\/revisions"}],"predecessor-version":[{"id":63703,"href":"https:\/\/www.apen.es\/en\/wp-json\/wp\/v2\/pages\/4935\/revisions\/63703"}],"up":[{"embeddable":true,"href":"https:\/\/www.apen.es\/en\/wp-json\/wp\/v2\/pages\/1357"}],"wp:attachment":[{"href":"https:\/\/www.apen.es\/en\/wp-json\/wp\/v2\/media?parent=4935"}],"curies":[{"name":"wp","href":"https:\/\/api.w.org\/{rel}","templated":true}]}}