{"id":4877,"date":"2016-09-15T13:40:11","date_gmt":"2016-09-15T13:40:11","guid":{"rendered":"https:\/\/www.apen.es\/?page_id=4877"},"modified":"2025-03-31T06:50:15","modified_gmt":"2025-03-31T06:50:15","slug":"computer-maintenance-sant-cugat","status":"publish","type":"page","link":"https:\/\/www.apen.es\/en\/mantenimiento-informatico\/mantenimiento-ordenadores-sant-cugat\/","title":{"rendered":"Computer maintenance Sant Cugat"},"content":{"rendered":"<p>Our IT company specializes in computer maintenance for businesses throughout the Barcelona area, with a strong presence in cities such as Sabadell, Sant Cugat, Granollers, and Mollet.<\/p>\n\n\n\n<h2 class=\"wp-block-heading\"><strong>APEN&#039;s 5 main areas of action<\/strong><\/h2>\n\n\n\n<p>There are four main, high-demand services that we have offered for decades at our computer and IT maintenance company. These four distinct services are:<\/p>\n\n\n\n<ul class=\"wp-block-list\">\n<li><strong>Computer maintenance<\/strong>It consists of improving the efficiency and optimizing a work computer, debugging and removing harmful or defective files on the computer, analyzing and detecting damaged or obsolete hardware components and replacing them with a suitable component, and eliminating viruses, spyware or malware.<\/li>\n\n\n\n<li><strong>Information security<\/strong>This service involves detecting and scanning for computer viruses such as Trojans and removing them. It also includes configuring and implementing a data storage system for greater peace of mind and to create a backup, as well as installing and configuring the antivirus software best suited to your needs.<\/li>\n\n\n\n<li><strong>IT maintenance<\/strong>This involves maintaining, configuring, and installing the computer network that best suits your business operations. Maintenance and configuration of backups, servers, printers, fax machines, telephone systems, etc., are all included in this area.<\/li>\n\n\n\n<li><strong>a3ERP management software<\/strong>One of our main missions is to offer and equip companies with tools that exponentially improve their productivity. With management software like a3ERP, your company will be able to execute, analyze, and manage tasks in an efficient, rational, scheduled, and intelligent way.<\/li>\n\n\n\n<li><strong>Printing solutions<\/strong>We offer printer rental, ensuring smart savings on all printing-related costs: You&#039;ll save on ink cartridges, printers, and their maintenance.<\/li>\n<\/ul>\n\n\n\n<h3 class=\"wp-block-heading\"><strong>Computer maintenance assistance in Sant Cugat<\/strong><\/h3>\n\n\n\n<p>We offer on-site IT maintenance in Sant Cugat and throughout the province of Barcelona. We are located in Granollers, less than 15 minutes from Sant Cugat. Apen is an excellent solution for companies that require emergency support every day of the week, all year round.<\/p>\n\n\n\n<h3 class=\"wp-block-heading\"><strong>A tiered price for your computer maintenance service<\/strong><\/h3>\n\n\n\n<p>We offer very affordable rates, starting from \u20ac10\/month for each computer in your company, with all the support, coverage, and assistance you need. Your peace of mind is our mission, and that&#039;s why we employ the best engineers and highly qualified professionals\u2014our best guarantee.<\/p>","protected":false},"excerpt":{"rendered":"<p>Nuestra empresa de inform\u00e1tica, est\u00e1 especializada en el mantenimiento de ordenadores en empresas de toda el \u00e1rea de Barcelona, con fuerte presencia en ciudad como Sabadell, Sant Cugat, Granollers o Mollet. 5 grandes \u00e1reas de actuaci\u00f3n de APEN Existen cuatro servicios principales de gran demanda y que ofrecemos des hace d\u00e9cadas en nuestra empresa de&#8230;<\/p>","protected":false},"author":4,"featured_media":0,"parent":1357,"menu_order":0,"comment_status":"closed","ping_status":"closed","template":"page-servicio-informatico.php","meta":{"_acf_changed":false,"_kad_blocks_custom_css":"","_kad_blocks_head_custom_js":"","_kad_blocks_body_custom_js":"","_kad_blocks_footer_custom_js":"","_kad_post_transparent":"","_kad_post_title":"","_kad_post_layout":"","_kad_post_sidebar_id":"","_kad_post_content_style":"","_kad_post_vertical_padding":"","_kad_post_feature":"","_kad_post_feature_position":"","_kad_post_header":false,"_kad_post_footer":false,"_kad_post_classname":"","footnotes":""},"class_list":["post-4877","page","type-page","status-publish","hentry"],"acf":[],"yoast_head":"<!-- This site is optimized with the Yoast SEO plugin v27.4 - https:\/\/yoast.com\/product\/yoast-seo-wordpress\/ -->\n<title>Mantenimiento ordenadores Sant Cugat - Apen Inform\u00e1tica<\/title>\n<meta name=\"description\" content=\"Empresa de inform\u00e1tica en Sant Cugat. Mantenimiento de ordenadores de tu empresa: ordenadores, impresoras, programas... Conf\u00eda en Apen.\" \/>\n<meta name=\"robots\" content=\"index, follow, max-snippet:-1, max-image-preview:large, max-video-preview:-1\" \/>\n<link rel=\"canonical\" href=\"https:\/\/www.apen.es\/en\/computer-maintenance\/computer-maintenance-sant-cugat\/\" \/>\n<meta property=\"og:locale\" content=\"en_US\" \/>\n<meta property=\"og:type\" content=\"article\" \/>\n<meta property=\"og:title\" content=\"Mantenimiento ordenadores Sant Cugat - Apen Inform\u00e1tica\" \/>\n<meta property=\"og:description\" content=\"Empresa de inform\u00e1tica en Sant Cugat. Mantenimiento de ordenadores de tu empresa: ordenadores, impresoras, programas... Conf\u00eda en Apen.\" \/>\n<meta property=\"og:url\" content=\"https:\/\/www.apen.es\/en\/computer-maintenance\/computer-maintenance-sant-cugat\/\" \/>\n<meta property=\"og:site_name\" content=\"Apen Inform\u00e1tica\" \/>\n<meta property=\"article:publisher\" content=\"https:\/\/www.facebook.com\/apensolucions\" \/>\n<meta property=\"article:modified_time\" content=\"2025-03-31T06:50:15+00:00\" \/>\n<meta property=\"og:image\" content=\"https:\/\/www.apen.es\/wp-content\/uploads\/2016\/05\/logo-apen-231x82-trasparent.png\" \/>\n\t<meta property=\"og:image:width\" content=\"231\" \/>\n\t<meta property=\"og:image:height\" content=\"82\" \/>\n\t<meta property=\"og:image:type\" content=\"image\/png\" \/>\n<meta name=\"twitter:card\" content=\"summary_large_image\" \/>\n<meta name=\"twitter:label1\" content=\"Est. reading time\" \/>\n\t<meta name=\"twitter:data1\" content=\"9 minutes\" \/>\n<script type=\"application\/ld+json\" class=\"yoast-schema-graph\">{\"@context\":\"https:\\\/\\\/schema.org\",\"@graph\":[{\"@type\":\"WebPage\",\"@id\":\"https:\\\/\\\/www.apen.es\\\/mantenimiento-informatico\\\/mantenimiento-ordenadores-sant-cugat\\\/\",\"url\":\"https:\\\/\\\/www.apen.es\\\/mantenimiento-informatico\\\/mantenimiento-ordenadores-sant-cugat\\\/\",\"name\":\"Mantenimiento ordenadores Sant Cugat - Apen Inform\u00e1tica\",\"isPartOf\":{\"@id\":\"https:\\\/\\\/www.apen.es\\\/#website\"},\"datePublished\":\"2016-09-15T13:40:11+00:00\",\"dateModified\":\"2025-03-31T06:50:15+00:00\",\"description\":\"Empresa de inform\u00e1tica en Sant Cugat. Mantenimiento de ordenadores de tu empresa: ordenadores, impresoras, programas... Conf\u00eda en Apen.\",\"breadcrumb\":{\"@id\":\"https:\\\/\\\/www.apen.es\\\/mantenimiento-informatico\\\/mantenimiento-ordenadores-sant-cugat\\\/#breadcrumb\"},\"inLanguage\":\"en-US\",\"potentialAction\":[{\"@type\":\"ReadAction\",\"target\":[\"https:\\\/\\\/www.apen.es\\\/mantenimiento-informatico\\\/mantenimiento-ordenadores-sant-cugat\\\/\"]}]},{\"@type\":\"BreadcrumbList\",\"@id\":\"https:\\\/\\\/www.apen.es\\\/mantenimiento-informatico\\\/mantenimiento-ordenadores-sant-cugat\\\/#breadcrumb\",\"itemListElement\":[{\"@type\":\"ListItem\",\"position\":1,\"name\":\"Portada\",\"item\":\"https:\\\/\\\/www.apen.es\\\/\"},{\"@type\":\"ListItem\",\"position\":2,\"name\":\"Mantenimiento inform\u00e1tico\",\"item\":\"https:\\\/\\\/www.apen.es\\\/mantenimiento-informatico\\\/\"},{\"@type\":\"ListItem\",\"position\":3,\"name\":\"Mantenimiento ordenadores Sant Cugat\"}]},{\"@type\":\"WebSite\",\"@id\":\"https:\\\/\\\/www.apen.es\\\/#website\",\"url\":\"https:\\\/\\\/www.apen.es\\\/\",\"name\":\"Apen Inform\u00e1tica\",\"description\":\"Mantenimiento Inform\u00e1tico , Software de Gesti\u00f3n, Soluciones de impresi\u00f3n\",\"publisher\":{\"@id\":\"https:\\\/\\\/www.apen.es\\\/#organization\"},\"potentialAction\":[{\"@type\":\"SearchAction\",\"target\":{\"@type\":\"EntryPoint\",\"urlTemplate\":\"https:\\\/\\\/www.apen.es\\\/?s={search_term_string}\"},\"query-input\":{\"@type\":\"PropertyValueSpecification\",\"valueRequired\":true,\"valueName\":\"search_term_string\"}}],\"inLanguage\":\"en-US\"},{\"@type\":\"Organization\",\"@id\":\"https:\\\/\\\/www.apen.es\\\/#organization\",\"name\":\"Apen: Soluciones inform\u00e1ticas\",\"url\":\"https:\\\/\\\/www.apen.es\\\/\",\"logo\":{\"@type\":\"ImageObject\",\"inLanguage\":\"en-US\",\"@id\":\"https:\\\/\\\/www.apen.es\\\/#\\\/schema\\\/logo\\\/image\\\/\",\"url\":\"https:\\\/\\\/www.apen.es\\\/wp-content\\\/uploads\\\/2022\\\/08\\\/logo-apenok-231x82-1.png\",\"contentUrl\":\"https:\\\/\\\/www.apen.es\\\/wp-content\\\/uploads\\\/2022\\\/08\\\/logo-apenok-231x82-1.png\",\"width\":231,\"height\":82,\"caption\":\"Apen: Soluciones inform\u00e1ticas\"},\"image\":{\"@id\":\"https:\\\/\\\/www.apen.es\\\/#\\\/schema\\\/logo\\\/image\\\/\"},\"sameAs\":[\"https:\\\/\\\/www.facebook.com\\\/apensolucions\",\"https:\\\/\\\/www.youtube.com\\\/user\\\/ApenCentreInformatic\",\"https:\\\/\\\/www.linkedin.com\\\/company\\\/1021771?trk=tyah&trkInfo=clickedVerticalcompanyclickedEntityId1021771idx2-1-2tarId1464195271196tasapenin\"]}]}<\/script>\n<!-- \/ Yoast SEO plugin. -->","yoast_head_json":{"title":"Computer Maintenance Sant Cugat - Apen Inform\u00e1tica","description":"IT company in Sant Cugat. Computer maintenance for your business: computers, printers, software... Trust Apen.","robots":{"index":"index","follow":"follow","max-snippet":"max-snippet:-1","max-image-preview":"max-image-preview:large","max-video-preview":"max-video-preview:-1"},"canonical":"https:\/\/www.apen.es\/en\/computer-maintenance\/computer-maintenance-sant-cugat\/","og_locale":"en_US","og_type":"article","og_title":"Mantenimiento ordenadores Sant Cugat - Apen Inform\u00e1tica","og_description":"Empresa de inform\u00e1tica en Sant Cugat. Mantenimiento de ordenadores de tu empresa: ordenadores, impresoras, programas... Conf\u00eda en Apen.","og_url":"https:\/\/www.apen.es\/en\/computer-maintenance\/computer-maintenance-sant-cugat\/","og_site_name":"Apen Inform\u00e1tica","article_publisher":"https:\/\/www.facebook.com\/apensolucions","article_modified_time":"2025-03-31T06:50:15+00:00","og_image":[{"width":231,"height":82,"url":"https:\/\/www.apen.es\/wp-content\/uploads\/2016\/05\/logo-apen-231x82-trasparent.png","type":"image\/png"}],"twitter_card":"summary_large_image","twitter_misc":{"Est. reading time":"9 minutes"},"schema":{"@context":"https:\/\/schema.org","@graph":[{"@type":"WebPage","@id":"https:\/\/www.apen.es\/mantenimiento-informatico\/mantenimiento-ordenadores-sant-cugat\/","url":"https:\/\/www.apen.es\/mantenimiento-informatico\/mantenimiento-ordenadores-sant-cugat\/","name":"Computer Maintenance Sant Cugat - Apen Inform\u00e1tica","isPartOf":{"@id":"https:\/\/www.apen.es\/#website"},"datePublished":"2016-09-15T13:40:11+00:00","dateModified":"2025-03-31T06:50:15+00:00","description":"IT company in Sant Cugat. Computer maintenance for your business: computers, printers, software... Trust Apen.","breadcrumb":{"@id":"https:\/\/www.apen.es\/mantenimiento-informatico\/mantenimiento-ordenadores-sant-cugat\/#breadcrumb"},"inLanguage":"en-US","potentialAction":[{"@type":"ReadAction","target":["https:\/\/www.apen.es\/mantenimiento-informatico\/mantenimiento-ordenadores-sant-cugat\/"]}]},{"@type":"BreadcrumbList","@id":"https:\/\/www.apen.es\/mantenimiento-informatico\/mantenimiento-ordenadores-sant-cugat\/#breadcrumb","itemListElement":[{"@type":"ListItem","position":1,"name":"Portada","item":"https:\/\/www.apen.es\/"},{"@type":"ListItem","position":2,"name":"Mantenimiento inform\u00e1tico","item":"https:\/\/www.apen.es\/mantenimiento-informatico\/"},{"@type":"ListItem","position":3,"name":"Mantenimiento ordenadores Sant Cugat"}]},{"@type":"WebSite","@id":"https:\/\/www.apen.es\/#website","url":"https:\/\/www.apen.es\/","name":"Apen Inform\u00e1tica","description":"IT Maintenance, Management Software, Printing Solutions","publisher":{"@id":"https:\/\/www.apen.es\/#organization"},"potentialAction":[{"@type":"SearchAction","target":{"@type":"EntryPoint","urlTemplate":"https:\/\/www.apen.es\/?s={search_term_string}"},"query-input":{"@type":"PropertyValueSpecification","valueRequired":true,"valueName":"search_term_string"}}],"inLanguage":"en-US"},{"@type":"Organization","@id":"https:\/\/www.apen.es\/#organization","name":"Apen: IT Solutions","url":"https:\/\/www.apen.es\/","logo":{"@type":"ImageObject","inLanguage":"en-US","@id":"https:\/\/www.apen.es\/#\/schema\/logo\/image\/","url":"https:\/\/www.apen.es\/wp-content\/uploads\/2022\/08\/logo-apenok-231x82-1.png","contentUrl":"https:\/\/www.apen.es\/wp-content\/uploads\/2022\/08\/logo-apenok-231x82-1.png","width":231,"height":82,"caption":"Apen: Soluciones inform\u00e1ticas"},"image":{"@id":"https:\/\/www.apen.es\/#\/schema\/logo\/image\/"},"sameAs":["https:\/\/www.facebook.com\/apensolucions","https:\/\/www.youtube.com\/user\/ApenCentreInformatic","https:\/\/www.linkedin.com\/company\/1021771?trk=tyah&trkInfo=clickedVerticalcompanyclickedEntityId1021771idx2-1-2tarId1464195271196tasapenin"]}]}},"taxonomy_info":[],"featured_image_src_large":false,"author_info":{"display_name":"marqueting","author_link":"https:\/\/www.apen.es\/en\/blog\/author\/marqueting\/"},"comment_info":0,"_links":{"self":[{"href":"https:\/\/www.apen.es\/en\/wp-json\/wp\/v2\/pages\/4877","targetHints":{"allow":["GET"]}}],"collection":[{"href":"https:\/\/www.apen.es\/en\/wp-json\/wp\/v2\/pages"}],"about":[{"href":"https:\/\/www.apen.es\/en\/wp-json\/wp\/v2\/types\/page"}],"author":[{"embeddable":true,"href":"https:\/\/www.apen.es\/en\/wp-json\/wp\/v2\/users\/4"}],"replies":[{"embeddable":true,"href":"https:\/\/www.apen.es\/en\/wp-json\/wp\/v2\/comments?post=4877"}],"version-history":[{"count":4,"href":"https:\/\/www.apen.es\/en\/wp-json\/wp\/v2\/pages\/4877\/revisions"}],"predecessor-version":[{"id":54531,"href":"https:\/\/www.apen.es\/en\/wp-json\/wp\/v2\/pages\/4877\/revisions\/54531"}],"up":[{"embeddable":true,"href":"https:\/\/www.apen.es\/en\/wp-json\/wp\/v2\/pages\/1357"}],"wp:attachment":[{"href":"https:\/\/www.apen.es\/en\/wp-json\/wp\/v2\/media?parent=4877"}],"curies":[{"name":"wp","href":"https:\/\/api.w.org\/{rel}","templated":true}]}}