{"id":4729,"date":"2016-09-06T08:47:04","date_gmt":"2016-09-06T08:47:04","guid":{"rendered":"https:\/\/www.apen.es\/?page_id=4729"},"modified":"2025-03-31T06:45:37","modified_gmt":"2025-03-31T06:45:37","slug":"computer-maintenance-mollet","status":"publish","type":"page","link":"https:\/\/www.apen.es\/en\/mantenimiento-informatico\/mantenimiento-informatico-mollet\/","title":{"rendered":"Computer maintenance in Mollet"},"content":{"rendered":"<p>At APEN, an IT maintenance company, we aim to provide comprehensive IT solutions to our client companies. Offering a comprehensive solution means providing our clients with technological support in all areas: computer maintenance, hardware and software installation, consulting, equipment repair, installation of business management software, printing solutions, and more.<\/p>\n\n\n\n<p>We are located just a few kilometers from&nbsp;<strong>Mollet<\/strong>, Since we are located in Granollers, from our headquarters we work for clients throughout the province of Barcelona. Whether they need technical support to solve an urgent problem with their network or computer equipment, or if they want to open an office and install a new computer network, at APEN we have the best IT professionals, with specialists in each area\u2026<\/p>\n\n\n\n<h3 class=\"wp-block-heading\"><strong>Common IT solutions in Mollet<\/strong><\/h3>\n\n\n\n<p>All the leading companies in&nbsp;<strong>Mollet<\/strong>&nbsp;and from the province of&nbsp;<a href=\"https:\/\/www.apen.es\/en\/computer-maintenance\/it-maintenance-barcelona\/\"><strong>Barcelona<\/strong><\/a>&nbsp;They operate with computer equipment that requires regular maintenance if they are to perform at their best. We understand IT as a fundamental element of business activity; we could say, the driving force behind any service company.<\/p>\n\n\n\n<p>Among the most frequent problems we solve are: antivirus installation, software installation and configuration, computer repair, file recovery, virus and malware detection, disinfection of malicious files on computers, printer repair, ink supply, consulting, computer network installation, server maintenance\u2026<\/p>\n\n\n\n<h3 class=\"wp-block-heading\"><strong>Reasons to outsource IT services<\/strong><\/h3>\n\n\n\n<p>It&#039;s common to see many small and medium-sized businesses outsourcing their accounting, human resources, and tax services to an accounting firm, or many companies outsourcing their marketing to communications and advertising agencies. It&#039;s also common for these types of companies to outsource services to...&nbsp;<strong>IT maintenance<\/strong>.<\/p>\n\n\n\n<p>The main reason for deciding to outsource this service, as with almost all business decisions, is economic. It would be impossible for a company to have IT specialists on its own staff unless it is a computer engineering firm.&nbsp;<strong>Apen<\/strong>, We offer customized rates for each type of business, and depending on the number of computers you have, we can offer a maintenance fee that requires no effort from our business clients.<\/p>\n\n\n\n<h3 class=\"wp-block-heading\"><strong>The need for IT maintenance<\/strong><\/h3>\n\n\n\n<p>Companies of&nbsp;<strong><a href=\"https:\/\/www.apen.es\/en\/computer-maintenance\/it-maintenance-granollers\/\">Granollers<\/a><\/strong>,<a href=\"https:\/\/www.apen.es\/en\/computer-maintenance\/it-maintenance-barcelona\/\"><strong>&nbsp;Barcelona<\/strong><\/a>,&nbsp;<a href=\"https:\/\/www.apen.es\/en\/computer-maintenance\/computer-maintenance-mollet\/\"><strong>Mollet<\/strong><\/a>,&nbsp;<a href=\"https:\/\/www.apen.es\/en\/computer-maintenance\/it-maintenance-sabadell\/\"><strong>Sabadell<\/strong><\/a>,&nbsp;<a href=\"https:\/\/www.apen.es\/en\/computer-maintenance\/it-maintenance-sant-cugat\/\"><strong>Sant Cugat<\/strong><\/a>\u2026trust in&nbsp;<strong>Apen<\/strong>&nbsp;For IT maintenance. As with everything in life, a problem detected early is easier and cheaper to fix than one diagnosed late. Our team of technicians will monitor your computer equipment and servers to prevent future complications and ensure your company&#039;s IT infrastructure is never compromised, guaranteeing the smooth operation of your business.<\/p>\n\n\n\n<h3 class=\"wp-block-heading\"><strong>Computer viruses and security<\/strong><\/h3>\n\n\n\n<p>It&#039;s not enough to have good antivirus software; you also need secure file storage devices: &quot;Security hard drives.&quot; Contact us, and we&#039;ll protect all your information so that no cyberattack can leave you in a vulnerable position.<\/p>","protected":false},"excerpt":{"rendered":"<p>Desde la empresa de mantenimiento inform\u00e1tico APEN, queremos ofrecer soluciones integrales en el sector de la inform\u00e1tica a nuestras empresas clientes. Ofrecer una soluci\u00f3n integral, significa ofrecer una cobertura tecnol\u00f3gica a nuestros clientes en todas las \u00e1reas: Mantenimiento de ordenadores, instalaci\u00f3n de equipos y software, consultor\u00eda, reparaci\u00f3n de equipos, instalaci\u00f3n de softwares de gesti\u00f3n empresariales,&#8230;<\/p>","protected":false},"author":4,"featured_media":0,"parent":1357,"menu_order":0,"comment_status":"closed","ping_status":"closed","template":"page-servicio-informatico.php","meta":{"_acf_changed":false,"_kad_blocks_custom_css":"","_kad_blocks_head_custom_js":"","_kad_blocks_body_custom_js":"","_kad_blocks_footer_custom_js":"","_kad_post_transparent":"","_kad_post_title":"","_kad_post_layout":"","_kad_post_sidebar_id":"","_kad_post_content_style":"","_kad_post_vertical_padding":"","_kad_post_feature":"","_kad_post_feature_position":"","_kad_post_header":false,"_kad_post_footer":false,"_kad_post_classname":"","footnotes":""},"class_list":["post-4729","page","type-page","status-publish","hentry"],"acf":[],"yoast_head":"<!-- This site is optimized with the Yoast SEO plugin v27.4 - https:\/\/yoast.com\/product\/yoast-seo-wordpress\/ -->\n<title>Mantenimiento inform\u00e1tico Mollet - Apen Inform\u00e1tica<\/title>\n<meta name=\"description\" content=\"Empresa de inform\u00e1tica en Mollet. Mantenimiento de equipos inform\u00e1ticos de tu empresa: ordenadores, impresoras, programas\u2026 Digitalizate con Apen.\" \/>\n<meta name=\"robots\" content=\"index, follow, max-snippet:-1, max-image-preview:large, max-video-preview:-1\" \/>\n<link rel=\"canonical\" href=\"https:\/\/www.apen.es\/en\/computer-maintenance\/computer-maintenance-mollet\/\" \/>\n<meta property=\"og:locale\" content=\"en_US\" \/>\n<meta property=\"og:type\" content=\"article\" \/>\n<meta property=\"og:title\" content=\"Mantenimiento inform\u00e1tico Mollet - Apen Inform\u00e1tica\" \/>\n<meta property=\"og:description\" content=\"Empresa de inform\u00e1tica en Mollet. Mantenimiento de equipos inform\u00e1ticos de tu empresa: ordenadores, impresoras, programas\u2026 Digitalizate con Apen.\" \/>\n<meta property=\"og:url\" content=\"https:\/\/www.apen.es\/en\/computer-maintenance\/computer-maintenance-mollet\/\" \/>\n<meta property=\"og:site_name\" content=\"Apen Inform\u00e1tica\" \/>\n<meta property=\"article:publisher\" content=\"https:\/\/www.facebook.com\/apensolucions\" \/>\n<meta property=\"article:modified_time\" content=\"2025-03-31T06:45:37+00:00\" \/>\n<meta property=\"og:image\" content=\"https:\/\/www.apen.es\/wp-content\/uploads\/2016\/05\/logo-apen-231x82-trasparent.png\" \/>\n\t<meta property=\"og:image:width\" content=\"231\" \/>\n\t<meta property=\"og:image:height\" content=\"82\" \/>\n\t<meta property=\"og:image:type\" content=\"image\/png\" \/>\n<meta name=\"twitter:card\" content=\"summary_large_image\" \/>\n<meta name=\"twitter:label1\" content=\"Est. reading time\" \/>\n\t<meta name=\"twitter:data1\" content=\"10 minutes\" \/>\n<script type=\"application\/ld+json\" class=\"yoast-schema-graph\">{\"@context\":\"https:\\\/\\\/schema.org\",\"@graph\":[{\"@type\":\"WebPage\",\"@id\":\"https:\\\/\\\/www.apen.es\\\/mantenimiento-informatico\\\/mantenimiento-informatico-mollet\\\/\",\"url\":\"https:\\\/\\\/www.apen.es\\\/mantenimiento-informatico\\\/mantenimiento-informatico-mollet\\\/\",\"name\":\"Mantenimiento inform\u00e1tico Mollet - Apen Inform\u00e1tica\",\"isPartOf\":{\"@id\":\"https:\\\/\\\/www.apen.es\\\/#website\"},\"datePublished\":\"2016-09-06T08:47:04+00:00\",\"dateModified\":\"2025-03-31T06:45:37+00:00\",\"description\":\"Empresa de inform\u00e1tica en Mollet. Mantenimiento de equipos inform\u00e1ticos de tu empresa: ordenadores, impresoras, programas\u2026 Digitalizate con Apen.\",\"breadcrumb\":{\"@id\":\"https:\\\/\\\/www.apen.es\\\/mantenimiento-informatico\\\/mantenimiento-informatico-mollet\\\/#breadcrumb\"},\"inLanguage\":\"en-US\",\"potentialAction\":[{\"@type\":\"ReadAction\",\"target\":[\"https:\\\/\\\/www.apen.es\\\/mantenimiento-informatico\\\/mantenimiento-informatico-mollet\\\/\"]}]},{\"@type\":\"BreadcrumbList\",\"@id\":\"https:\\\/\\\/www.apen.es\\\/mantenimiento-informatico\\\/mantenimiento-informatico-mollet\\\/#breadcrumb\",\"itemListElement\":[{\"@type\":\"ListItem\",\"position\":1,\"name\":\"Portada\",\"item\":\"https:\\\/\\\/www.apen.es\\\/\"},{\"@type\":\"ListItem\",\"position\":2,\"name\":\"Mantenimiento inform\u00e1tico\",\"item\":\"https:\\\/\\\/www.apen.es\\\/mantenimiento-informatico\\\/\"},{\"@type\":\"ListItem\",\"position\":3,\"name\":\"Mantenimiento inform\u00e1tico Mollet\"}]},{\"@type\":\"WebSite\",\"@id\":\"https:\\\/\\\/www.apen.es\\\/#website\",\"url\":\"https:\\\/\\\/www.apen.es\\\/\",\"name\":\"Apen Inform\u00e1tica\",\"description\":\"Mantenimiento Inform\u00e1tico , Software de Gesti\u00f3n, Soluciones de impresi\u00f3n\",\"publisher\":{\"@id\":\"https:\\\/\\\/www.apen.es\\\/#organization\"},\"potentialAction\":[{\"@type\":\"SearchAction\",\"target\":{\"@type\":\"EntryPoint\",\"urlTemplate\":\"https:\\\/\\\/www.apen.es\\\/?s={search_term_string}\"},\"query-input\":{\"@type\":\"PropertyValueSpecification\",\"valueRequired\":true,\"valueName\":\"search_term_string\"}}],\"inLanguage\":\"en-US\"},{\"@type\":\"Organization\",\"@id\":\"https:\\\/\\\/www.apen.es\\\/#organization\",\"name\":\"Apen: Soluciones inform\u00e1ticas\",\"url\":\"https:\\\/\\\/www.apen.es\\\/\",\"logo\":{\"@type\":\"ImageObject\",\"inLanguage\":\"en-US\",\"@id\":\"https:\\\/\\\/www.apen.es\\\/#\\\/schema\\\/logo\\\/image\\\/\",\"url\":\"https:\\\/\\\/www.apen.es\\\/wp-content\\\/uploads\\\/2022\\\/08\\\/logo-apenok-231x82-1.png\",\"contentUrl\":\"https:\\\/\\\/www.apen.es\\\/wp-content\\\/uploads\\\/2022\\\/08\\\/logo-apenok-231x82-1.png\",\"width\":231,\"height\":82,\"caption\":\"Apen: Soluciones inform\u00e1ticas\"},\"image\":{\"@id\":\"https:\\\/\\\/www.apen.es\\\/#\\\/schema\\\/logo\\\/image\\\/\"},\"sameAs\":[\"https:\\\/\\\/www.facebook.com\\\/apensolucions\",\"https:\\\/\\\/www.youtube.com\\\/user\\\/ApenCentreInformatic\",\"https:\\\/\\\/www.linkedin.com\\\/company\\\/1021771?trk=tyah&trkInfo=clickedVerticalcompanyclickedEntityId1021771idx2-1-2tarId1464195271196tasapenin\"]}]}<\/script>\n<!-- \/ Yoast SEO plugin. -->","yoast_head_json":{"title":"Computer Maintenance Mollet - Apen Inform\u00e1tica","description":"IT company in Mollet. Maintenance of your company&#039;s computer equipment: computers, printers, software... Go digital with Apen.","robots":{"index":"index","follow":"follow","max-snippet":"max-snippet:-1","max-image-preview":"max-image-preview:large","max-video-preview":"max-video-preview:-1"},"canonical":"https:\/\/www.apen.es\/en\/computer-maintenance\/computer-maintenance-mollet\/","og_locale":"en_US","og_type":"article","og_title":"Mantenimiento inform\u00e1tico Mollet - Apen Inform\u00e1tica","og_description":"Empresa de inform\u00e1tica en Mollet. Mantenimiento de equipos inform\u00e1ticos de tu empresa: ordenadores, impresoras, programas\u2026 Digitalizate con Apen.","og_url":"https:\/\/www.apen.es\/en\/computer-maintenance\/computer-maintenance-mollet\/","og_site_name":"Apen Inform\u00e1tica","article_publisher":"https:\/\/www.facebook.com\/apensolucions","article_modified_time":"2025-03-31T06:45:37+00:00","og_image":[{"width":231,"height":82,"url":"https:\/\/www.apen.es\/wp-content\/uploads\/2016\/05\/logo-apen-231x82-trasparent.png","type":"image\/png"}],"twitter_card":"summary_large_image","twitter_misc":{"Est. reading time":"10 minutes"},"schema":{"@context":"https:\/\/schema.org","@graph":[{"@type":"WebPage","@id":"https:\/\/www.apen.es\/mantenimiento-informatico\/mantenimiento-informatico-mollet\/","url":"https:\/\/www.apen.es\/mantenimiento-informatico\/mantenimiento-informatico-mollet\/","name":"Computer Maintenance Mollet - Apen Inform\u00e1tica","isPartOf":{"@id":"https:\/\/www.apen.es\/#website"},"datePublished":"2016-09-06T08:47:04+00:00","dateModified":"2025-03-31T06:45:37+00:00","description":"IT company in Mollet. Maintenance of your company&#039;s computer equipment: computers, printers, software... Go digital with Apen.","breadcrumb":{"@id":"https:\/\/www.apen.es\/mantenimiento-informatico\/mantenimiento-informatico-mollet\/#breadcrumb"},"inLanguage":"en-US","potentialAction":[{"@type":"ReadAction","target":["https:\/\/www.apen.es\/mantenimiento-informatico\/mantenimiento-informatico-mollet\/"]}]},{"@type":"BreadcrumbList","@id":"https:\/\/www.apen.es\/mantenimiento-informatico\/mantenimiento-informatico-mollet\/#breadcrumb","itemListElement":[{"@type":"ListItem","position":1,"name":"Portada","item":"https:\/\/www.apen.es\/"},{"@type":"ListItem","position":2,"name":"Mantenimiento inform\u00e1tico","item":"https:\/\/www.apen.es\/mantenimiento-informatico\/"},{"@type":"ListItem","position":3,"name":"Mantenimiento inform\u00e1tico Mollet"}]},{"@type":"WebSite","@id":"https:\/\/www.apen.es\/#website","url":"https:\/\/www.apen.es\/","name":"Apen Inform\u00e1tica","description":"IT Maintenance, Management Software, Printing Solutions","publisher":{"@id":"https:\/\/www.apen.es\/#organization"},"potentialAction":[{"@type":"SearchAction","target":{"@type":"EntryPoint","urlTemplate":"https:\/\/www.apen.es\/?s={search_term_string}"},"query-input":{"@type":"PropertyValueSpecification","valueRequired":true,"valueName":"search_term_string"}}],"inLanguage":"en-US"},{"@type":"Organization","@id":"https:\/\/www.apen.es\/#organization","name":"Apen: IT Solutions","url":"https:\/\/www.apen.es\/","logo":{"@type":"ImageObject","inLanguage":"en-US","@id":"https:\/\/www.apen.es\/#\/schema\/logo\/image\/","url":"https:\/\/www.apen.es\/wp-content\/uploads\/2022\/08\/logo-apenok-231x82-1.png","contentUrl":"https:\/\/www.apen.es\/wp-content\/uploads\/2022\/08\/logo-apenok-231x82-1.png","width":231,"height":82,"caption":"Apen: Soluciones inform\u00e1ticas"},"image":{"@id":"https:\/\/www.apen.es\/#\/schema\/logo\/image\/"},"sameAs":["https:\/\/www.facebook.com\/apensolucions","https:\/\/www.youtube.com\/user\/ApenCentreInformatic","https:\/\/www.linkedin.com\/company\/1021771?trk=tyah&trkInfo=clickedVerticalcompanyclickedEntityId1021771idx2-1-2tarId1464195271196tasapenin"]}]}},"taxonomy_info":[],"featured_image_src_large":false,"author_info":{"display_name":"marqueting","author_link":"https:\/\/www.apen.es\/en\/blog\/author\/marqueting\/"},"comment_info":0,"_links":{"self":[{"href":"https:\/\/www.apen.es\/en\/wp-json\/wp\/v2\/pages\/4729","targetHints":{"allow":["GET"]}}],"collection":[{"href":"https:\/\/www.apen.es\/en\/wp-json\/wp\/v2\/pages"}],"about":[{"href":"https:\/\/www.apen.es\/en\/wp-json\/wp\/v2\/types\/page"}],"author":[{"embeddable":true,"href":"https:\/\/www.apen.es\/en\/wp-json\/wp\/v2\/users\/4"}],"replies":[{"embeddable":true,"href":"https:\/\/www.apen.es\/en\/wp-json\/wp\/v2\/comments?post=4729"}],"version-history":[{"count":3,"href":"https:\/\/www.apen.es\/en\/wp-json\/wp\/v2\/pages\/4729\/revisions"}],"predecessor-version":[{"id":54524,"href":"https:\/\/www.apen.es\/en\/wp-json\/wp\/v2\/pages\/4729\/revisions\/54524"}],"up":[{"embeddable":true,"href":"https:\/\/www.apen.es\/en\/wp-json\/wp\/v2\/pages\/1357"}],"wp:attachment":[{"href":"https:\/\/www.apen.es\/en\/wp-json\/wp\/v2\/media?parent=4729"}],"curies":[{"name":"wp","href":"https:\/\/api.w.org\/{rel}","templated":true}]}}