{"id":4725,"date":"2016-09-02T13:21:21","date_gmt":"2016-09-02T13:21:21","guid":{"rendered":"https:\/\/www.apen.es\/?page_id=4725"},"modified":"2025-03-24T09:53:57","modified_gmt":"2025-03-24T09:53:57","slug":"it-maintenance-sant-cugat","status":"publish","type":"page","link":"https:\/\/www.apen.es\/en\/mantenimiento-informatico\/mantenimiento-informatico-sant-cugat\/","title":{"rendered":"Computer maintenance Sant Cugat"},"content":{"rendered":"<p>We offer IT maintenance services in Sant Cugat tailored to the needs of each company. At Apen, an IT and technology solutions company, we aim to be a comprehensive solution for any business in Sant Cugat. We work throughout the province of Barcelona and specialize in resolving issues related to IT security, user management on computer networks, malware and virus damage repair, backups, and operating system optimization and maintenance.<\/p>\n\n\n\n<p>Our working methods guarantee the smooth operation of our clients&#039; IT systems, and we offer customized solutions tailored to each client&#039;s needs and size. Our rates are based on the number of terminals the company uses and the different operating systems.<\/p>\n\n\n\n<p>One of the most growing needs in recent years for companies is the care, prevention and maintenance of their computer equipment.<\/p>\n\n\n\n<h3 class=\"wp-block-heading\"><strong>At Apen, we take care of solving all the problems you may have in the field of computing:<\/strong><\/h3>\n\n\n\n<ul class=\"wp-block-list\">\n<li>Damage repair, detection and analysis of malware, Trojans and computer viruses of any kind.<\/li>\n\n\n\n<li>Computer maintenance service for all types of computers.<\/li>\n\n\n\n<li>Operating system optimization and cleaning of unnecessary files.<\/li>\n\n\n\n<li>We back up your files offline and online.<\/li>\n\n\n\n<li>We install, prepare and design computer networks for your company.<\/li>\n\n\n\n<li>We maintain company servers.<\/li>\n\n\n\n<li>We install the best antivirus software on the market and configure it according to your needs.<\/li>\n\n\n\n<li>We recover files lost due to viruses or hard drive damage.<\/li>\n\n\n\n<li>Management of permissions and maintenance of your computer networks.<\/li>\n\n\n\n<li>Installation and configuration of the office and digital management programs that your company may need.<\/li>\n\n\n\n<li>We offer printing solutions.<\/li>\n\n\n\n<li>We repair equipment such as computers, printers, fax machines, monitors\u2026 for your company.<\/li>\n<\/ul>\n\n\n\n<h3 class=\"wp-block-heading\"><strong>IT maintenance service, increasingly necessary<\/strong><\/h3>\n\n\n\n<p>More and more companies in Sant Cugat want a guarantee for the proper functioning of their computer equipment and want to improve their IT management.<\/p>\n\n\n\n<p>At Apen, we not only solve the most common problems that SMEs may face, such as security, maintenance, equipment restoration and printing problems, but we go further by advising, installing and training the company in the management of business software capable of improving the commercial, operational, accounting and financial management of any company in Sant Cugat or the province of Barcelona.<\/p>\n\n\n\n<p>Furthermore, from the first moment you contact us, you will be advised by professionals with extensive experience in business computing, so we will be happy to listen to your needs and prepare a cost proposal without any obligation.<\/p>\n\n\n\n<h3 class=\"wp-block-heading\">IT maintenance in Sant Cugat, the perfect solution for the most common problems in an SME<\/h3>\n\n\n\n<p>Today, all of a company&#039;s information is usually stored on one or more computers, such as customer information, supplier data, company accounts, and much more. This information is extremely valuable and necessary for daily operations, so it&#039;s crucial to protect it to prevent any unforeseen problems. To this end, our company offers three plans for&nbsp;<strong>IT maintenance in Sant Cugat<\/strong>&nbsp;which we have spoken about previously, in order to avoid any kind of problem as much as possible.<\/p>\n\n\n\n<p>Next, we&#039;ll discuss the most common problems faced by small and medium-sized businesses, so you&#039;re aware of the challenges you&#039;ll face if you don&#039;t have a quality service like ours. Contrary to what you might imagine, not having a service of&nbsp;<strong>maintenance<\/strong>&nbsp;<strong>IT specialist in Sant<\/strong>&nbsp;<strong>Cugat<\/strong>&nbsp;This, for example, can mean a large expense of money when repairing equipment or even more serious problems such as data loss.<\/p>\n\n\n\n<p>One of the most common problems in businesses that use computers is slow performance. This can be caused by a wide variety of reasons, so it&#039;s essential that a professional identify and repair the problem. Otherwise, work slows down, resulting in significant losses of time and money. Typically, this is caused by an overload of processes running simultaneously or by a virus, which is another common issue.<\/p>\n\n\n\n<p>Many customers have come to us seeking our service of&nbsp;<strong>IT maintenance in Sant Cugat<\/strong>, Without knowing they had a virus on their computer, because contrary to what many people think, a virus is not easy to detect, but sometimes it is almost impossible, unless a professional like those from our company dedicate themselves to looking for them, because by the time the client realizes that they have a virus it may already be too late to be able to put a solution, and all the data that you had on the computer has been stolen or lost.<\/p>\n\n\n\n<p>If you want peace of mind knowing that all your company&#039;s computers and IT equipment are in good working order and ready for daily use, contact us and ask for information about our service.&nbsp;<strong>IT maintenance in Sant Cugat.<\/strong><\/p>","protected":false},"excerpt":{"rendered":"<p>Ofrecemos un servicio de mantenimiento inform\u00e1tico en Sant Cugat acorde a las necesidades de cada empresa. Desde la empresa de inform\u00e1tica y soluciones tecnol\u00f3gicas Apen, queremos ser una soluci\u00f3n integral a las necesidades que pueda tener cualquier empresa de la localidad de Sant Cugat. Trabajamos por toda la provincia de Barcelona y nos dedicamos a&#8230;<\/p>","protected":false},"author":4,"featured_media":0,"parent":1357,"menu_order":0,"comment_status":"closed","ping_status":"closed","template":"page-servicio-informatico.php","meta":{"_acf_changed":false,"_kad_blocks_custom_css":"","_kad_blocks_head_custom_js":"","_kad_blocks_body_custom_js":"","_kad_blocks_footer_custom_js":"","_kad_post_transparent":"","_kad_post_title":"","_kad_post_layout":"","_kad_post_sidebar_id":"","_kad_post_content_style":"","_kad_post_vertical_padding":"","_kad_post_feature":"","_kad_post_feature_position":"","_kad_post_header":false,"_kad_post_footer":false,"_kad_post_classname":"","footnotes":""},"class_list":["post-4725","page","type-page","status-publish","hentry"],"acf":[],"yoast_head":"<!-- This site is optimized with the Yoast SEO plugin v27.4 - https:\/\/yoast.com\/product\/yoast-seo-wordpress\/ -->\n<title>Mantenimiento informatico Sant Cugat - Apen Inform\u00e1tica<\/title>\n<meta name=\"description\" content=\"Empresa de inform\u00e1tica en Sant Cugat. Mantenimiento de equipos inform\u00e1ticos de tu empresa: ordenadores, impresoras, programas... Conf\u00eda en Apen.\" \/>\n<meta name=\"robots\" content=\"index, follow, max-snippet:-1, max-image-preview:large, max-video-preview:-1\" \/>\n<link rel=\"canonical\" href=\"https:\/\/www.apen.es\/en\/computer-maintenance\/it-maintenance-sant-cugat\/\" \/>\n<meta property=\"og:locale\" content=\"en_US\" \/>\n<meta property=\"og:type\" content=\"article\" \/>\n<meta property=\"og:title\" content=\"Mantenimiento informatico Sant Cugat - Apen Inform\u00e1tica\" \/>\n<meta property=\"og:description\" content=\"Empresa de inform\u00e1tica en Sant Cugat. Mantenimiento de equipos inform\u00e1ticos de tu empresa: ordenadores, impresoras, programas... Conf\u00eda en Apen.\" \/>\n<meta property=\"og:url\" content=\"https:\/\/www.apen.es\/en\/computer-maintenance\/it-maintenance-sant-cugat\/\" \/>\n<meta property=\"og:site_name\" content=\"Apen Inform\u00e1tica\" \/>\n<meta property=\"article:publisher\" content=\"https:\/\/www.facebook.com\/apensolucions\" \/>\n<meta property=\"article:modified_time\" content=\"2025-03-24T09:53:57+00:00\" \/>\n<meta property=\"og:image\" content=\"https:\/\/www.apen.es\/wp-content\/uploads\/2016\/05\/logo-apen-231x82-trasparent.png\" \/>\n\t<meta property=\"og:image:width\" content=\"231\" \/>\n\t<meta property=\"og:image:height\" content=\"82\" \/>\n\t<meta property=\"og:image:type\" content=\"image\/png\" \/>\n<meta name=\"twitter:card\" content=\"summary_large_image\" \/>\n<meta name=\"twitter:label1\" content=\"Est. reading time\" \/>\n\t<meta name=\"twitter:data1\" content=\"14 minutes\" \/>\n<script type=\"application\/ld+json\" class=\"yoast-schema-graph\">{\"@context\":\"https:\\\/\\\/schema.org\",\"@graph\":[{\"@type\":\"WebPage\",\"@id\":\"https:\\\/\\\/www.apen.es\\\/mantenimiento-informatico\\\/mantenimiento-informatico-sant-cugat\\\/\",\"url\":\"https:\\\/\\\/www.apen.es\\\/mantenimiento-informatico\\\/mantenimiento-informatico-sant-cugat\\\/\",\"name\":\"Mantenimiento informatico Sant Cugat - Apen Inform\u00e1tica\",\"isPartOf\":{\"@id\":\"https:\\\/\\\/www.apen.es\\\/#website\"},\"datePublished\":\"2016-09-02T13:21:21+00:00\",\"dateModified\":\"2025-03-24T09:53:57+00:00\",\"description\":\"Empresa de inform\u00e1tica en Sant Cugat. Mantenimiento de equipos inform\u00e1ticos de tu empresa: ordenadores, impresoras, programas... Conf\u00eda en Apen.\",\"breadcrumb\":{\"@id\":\"https:\\\/\\\/www.apen.es\\\/mantenimiento-informatico\\\/mantenimiento-informatico-sant-cugat\\\/#breadcrumb\"},\"inLanguage\":\"en-US\",\"potentialAction\":[{\"@type\":\"ReadAction\",\"target\":[\"https:\\\/\\\/www.apen.es\\\/mantenimiento-informatico\\\/mantenimiento-informatico-sant-cugat\\\/\"]}]},{\"@type\":\"BreadcrumbList\",\"@id\":\"https:\\\/\\\/www.apen.es\\\/mantenimiento-informatico\\\/mantenimiento-informatico-sant-cugat\\\/#breadcrumb\",\"itemListElement\":[{\"@type\":\"ListItem\",\"position\":1,\"name\":\"Portada\",\"item\":\"https:\\\/\\\/www.apen.es\\\/\"},{\"@type\":\"ListItem\",\"position\":2,\"name\":\"Mantenimiento inform\u00e1tico\",\"item\":\"https:\\\/\\\/www.apen.es\\\/mantenimiento-informatico\\\/\"},{\"@type\":\"ListItem\",\"position\":3,\"name\":\"Mantenimiento informatico Sant Cugat\"}]},{\"@type\":\"WebSite\",\"@id\":\"https:\\\/\\\/www.apen.es\\\/#website\",\"url\":\"https:\\\/\\\/www.apen.es\\\/\",\"name\":\"Apen Inform\u00e1tica\",\"description\":\"Mantenimiento Inform\u00e1tico , Software de Gesti\u00f3n, Soluciones de impresi\u00f3n\",\"publisher\":{\"@id\":\"https:\\\/\\\/www.apen.es\\\/#organization\"},\"potentialAction\":[{\"@type\":\"SearchAction\",\"target\":{\"@type\":\"EntryPoint\",\"urlTemplate\":\"https:\\\/\\\/www.apen.es\\\/?s={search_term_string}\"},\"query-input\":{\"@type\":\"PropertyValueSpecification\",\"valueRequired\":true,\"valueName\":\"search_term_string\"}}],\"inLanguage\":\"en-US\"},{\"@type\":\"Organization\",\"@id\":\"https:\\\/\\\/www.apen.es\\\/#organization\",\"name\":\"Apen: Soluciones inform\u00e1ticas\",\"url\":\"https:\\\/\\\/www.apen.es\\\/\",\"logo\":{\"@type\":\"ImageObject\",\"inLanguage\":\"en-US\",\"@id\":\"https:\\\/\\\/www.apen.es\\\/#\\\/schema\\\/logo\\\/image\\\/\",\"url\":\"https:\\\/\\\/www.apen.es\\\/wp-content\\\/uploads\\\/2022\\\/08\\\/logo-apenok-231x82-1.png\",\"contentUrl\":\"https:\\\/\\\/www.apen.es\\\/wp-content\\\/uploads\\\/2022\\\/08\\\/logo-apenok-231x82-1.png\",\"width\":231,\"height\":82,\"caption\":\"Apen: Soluciones inform\u00e1ticas\"},\"image\":{\"@id\":\"https:\\\/\\\/www.apen.es\\\/#\\\/schema\\\/logo\\\/image\\\/\"},\"sameAs\":[\"https:\\\/\\\/www.facebook.com\\\/apensolucions\",\"https:\\\/\\\/www.youtube.com\\\/user\\\/ApenCentreInformatic\",\"https:\\\/\\\/www.linkedin.com\\\/company\\\/1021771?trk=tyah&trkInfo=clickedVerticalcompanyclickedEntityId1021771idx2-1-2tarId1464195271196tasapenin\"]}]}<\/script>\n<!-- \/ Yoast SEO plugin. -->","yoast_head_json":{"title":"Computer maintenance in Sant Cugat - Apen Inform\u00e1tica","description":"IT company in Sant Cugat. Maintenance of your company&#039;s computer equipment: computers, printers, software... Trust Apen.","robots":{"index":"index","follow":"follow","max-snippet":"max-snippet:-1","max-image-preview":"max-image-preview:large","max-video-preview":"max-video-preview:-1"},"canonical":"https:\/\/www.apen.es\/en\/computer-maintenance\/it-maintenance-sant-cugat\/","og_locale":"en_US","og_type":"article","og_title":"Mantenimiento informatico Sant Cugat - Apen Inform\u00e1tica","og_description":"Empresa de inform\u00e1tica en Sant Cugat. Mantenimiento de equipos inform\u00e1ticos de tu empresa: ordenadores, impresoras, programas... Conf\u00eda en Apen.","og_url":"https:\/\/www.apen.es\/en\/computer-maintenance\/it-maintenance-sant-cugat\/","og_site_name":"Apen Inform\u00e1tica","article_publisher":"https:\/\/www.facebook.com\/apensolucions","article_modified_time":"2025-03-24T09:53:57+00:00","og_image":[{"width":231,"height":82,"url":"https:\/\/www.apen.es\/wp-content\/uploads\/2016\/05\/logo-apen-231x82-trasparent.png","type":"image\/png"}],"twitter_card":"summary_large_image","twitter_misc":{"Est. reading time":"14 minutes"},"schema":{"@context":"https:\/\/schema.org","@graph":[{"@type":"WebPage","@id":"https:\/\/www.apen.es\/mantenimiento-informatico\/mantenimiento-informatico-sant-cugat\/","url":"https:\/\/www.apen.es\/mantenimiento-informatico\/mantenimiento-informatico-sant-cugat\/","name":"Computer maintenance in Sant Cugat - Apen Inform\u00e1tica","isPartOf":{"@id":"https:\/\/www.apen.es\/#website"},"datePublished":"2016-09-02T13:21:21+00:00","dateModified":"2025-03-24T09:53:57+00:00","description":"IT company in Sant Cugat. Maintenance of your company&#039;s computer equipment: computers, printers, software... Trust Apen.","breadcrumb":{"@id":"https:\/\/www.apen.es\/mantenimiento-informatico\/mantenimiento-informatico-sant-cugat\/#breadcrumb"},"inLanguage":"en-US","potentialAction":[{"@type":"ReadAction","target":["https:\/\/www.apen.es\/mantenimiento-informatico\/mantenimiento-informatico-sant-cugat\/"]}]},{"@type":"BreadcrumbList","@id":"https:\/\/www.apen.es\/mantenimiento-informatico\/mantenimiento-informatico-sant-cugat\/#breadcrumb","itemListElement":[{"@type":"ListItem","position":1,"name":"Portada","item":"https:\/\/www.apen.es\/"},{"@type":"ListItem","position":2,"name":"Mantenimiento inform\u00e1tico","item":"https:\/\/www.apen.es\/mantenimiento-informatico\/"},{"@type":"ListItem","position":3,"name":"Mantenimiento informatico Sant Cugat"}]},{"@type":"WebSite","@id":"https:\/\/www.apen.es\/#website","url":"https:\/\/www.apen.es\/","name":"Apen Inform\u00e1tica","description":"IT Maintenance, Management Software, Printing Solutions","publisher":{"@id":"https:\/\/www.apen.es\/#organization"},"potentialAction":[{"@type":"SearchAction","target":{"@type":"EntryPoint","urlTemplate":"https:\/\/www.apen.es\/?s={search_term_string}"},"query-input":{"@type":"PropertyValueSpecification","valueRequired":true,"valueName":"search_term_string"}}],"inLanguage":"en-US"},{"@type":"Organization","@id":"https:\/\/www.apen.es\/#organization","name":"Apen: IT Solutions","url":"https:\/\/www.apen.es\/","logo":{"@type":"ImageObject","inLanguage":"en-US","@id":"https:\/\/www.apen.es\/#\/schema\/logo\/image\/","url":"https:\/\/www.apen.es\/wp-content\/uploads\/2022\/08\/logo-apenok-231x82-1.png","contentUrl":"https:\/\/www.apen.es\/wp-content\/uploads\/2022\/08\/logo-apenok-231x82-1.png","width":231,"height":82,"caption":"Apen: Soluciones inform\u00e1ticas"},"image":{"@id":"https:\/\/www.apen.es\/#\/schema\/logo\/image\/"},"sameAs":["https:\/\/www.facebook.com\/apensolucions","https:\/\/www.youtube.com\/user\/ApenCentreInformatic","https:\/\/www.linkedin.com\/company\/1021771?trk=tyah&trkInfo=clickedVerticalcompanyclickedEntityId1021771idx2-1-2tarId1464195271196tasapenin"]}]}},"taxonomy_info":[],"featured_image_src_large":false,"author_info":{"display_name":"marqueting","author_link":"https:\/\/www.apen.es\/en\/blog\/author\/marqueting\/"},"comment_info":0,"_links":{"self":[{"href":"https:\/\/www.apen.es\/en\/wp-json\/wp\/v2\/pages\/4725","targetHints":{"allow":["GET"]}}],"collection":[{"href":"https:\/\/www.apen.es\/en\/wp-json\/wp\/v2\/pages"}],"about":[{"href":"https:\/\/www.apen.es\/en\/wp-json\/wp\/v2\/types\/page"}],"author":[{"embeddable":true,"href":"https:\/\/www.apen.es\/en\/wp-json\/wp\/v2\/users\/4"}],"replies":[{"embeddable":true,"href":"https:\/\/www.apen.es\/en\/wp-json\/wp\/v2\/comments?post=4725"}],"version-history":[{"count":2,"href":"https:\/\/www.apen.es\/en\/wp-json\/wp\/v2\/pages\/4725\/revisions"}],"predecessor-version":[{"id":54419,"href":"https:\/\/www.apen.es\/en\/wp-json\/wp\/v2\/pages\/4725\/revisions\/54419"}],"up":[{"embeddable":true,"href":"https:\/\/www.apen.es\/en\/wp-json\/wp\/v2\/pages\/1357"}],"wp:attachment":[{"href":"https:\/\/www.apen.es\/en\/wp-json\/wp\/v2\/media?parent=4725"}],"curies":[{"name":"wp","href":"https:\/\/api.w.org\/{rel}","templated":true}]}}