{"id":21987,"date":"2021-02-16T10:27:42","date_gmt":"2021-02-16T10:27:42","guid":{"rendered":"https:\/\/www.apen.es\/?page_id=21987"},"modified":"2025-07-09T09:10:36","modified_gmt":"2025-07-09T09:10:36","slug":"cybersecurity-consulting","status":"publish","type":"page","link":"https:\/\/www.apen.es\/en\/ciberseguridad\/perimetral\/consultoria-ciberseguridad\/","title":{"rendered":"Cybersecurity consulting"},"content":{"rendered":"<p>The benefits of working alongside a <strong>cybersecurity consulting<\/strong> There are many, now more than ever in the internet age, as businesses of all sizes require online protection. Cybersecurity cannot be ignored, and having a team of professionals prepared to address all their needs and requirements is a necessary investment.<\/p>\n\n\n\n<p>Investing in <strong>cybersecurity consulting<\/strong> It has become an essential component of the modern business model, as it is necessary to scan the landscape and keep up with the latest trends, in order to obtain maximum security against online attacks.<\/p>\n\n\n\n<p>A <strong>cybersecurity consulting<\/strong> This will provide you with all the necessary resources for optimal cybersecurity. You&#039;ll have access to a variety of options, with different packages tailored to your needs and pricing to suit every business. Each option addresses your company&#039;s specific requirements while accommodating different budgets.<\/p>\n\n\n\n<p>Security is a major concern for any business, whether it has 20 customers or 200, and that means doing everything possible to prevent hacking, identity theft, and the loss of other confidential materials to cybercriminals. With the help of a <strong>cybersecurity consulting<\/strong> The appropriate guidance is available, and security measures are being implemented to mitigate risks.<\/p>\n\n\n\n<p>A <strong>cybersecurity consulting<\/strong> It will help you determine the best way to respond to attacks, establishing the use of a variety of different security measures, including: firewalls, antivirus software, password protection, encryption, and monitoring and backups.<\/p>\n\n\n\n<p>As cyberattacks become more frequent and hackers more sophisticated, new security technologies are being implemented to better protect businesses from these threats. But new technologies won&#039;t benefit your business if you can&#039;t use them. Many companies make the mistake of prioritizing cybersecurity low on their list of technologies to invest in, and that can lead to significant problems down the road.<\/p>\n\n\n\n<p>Investing in the right people is one of the best financial decisions you can make. Working with a <strong>cybersecurity consulting<\/strong> It will help ensure you are on the right track with the latest technologies implemented.<\/p>\n\n\n\n<p>When working with a team of <strong>cybersecurity consulting<\/strong> It can also help educate employees on the latest technologies, how to implement safer work practices every day, and broaden their horizons. Once the consulting team has completed its work, the entire team will continue implementing the tools and the new security practices that were established.<\/p>","protected":false},"excerpt":{"rendered":"<p>Los beneficios de trabajar junto a una consultor\u00eda de ciberseguridad son muchos, ahora m\u00e1s que en cualquier otro momento de la era de Internet cuando las empresas de todos los tama\u00f1os requieren protecci\u00f3n en l\u00ednea. La ciberseguridad no se puede dejar de lado y tener a un equipo de profesionales preparados para atender todas sus&#8230;<\/p>","protected":false},"author":4,"featured_media":0,"parent":19632,"menu_order":0,"comment_status":"closed","ping_status":"closed","template":"page-landing-ciberseguretat-02.php","meta":{"_acf_changed":false,"_kad_blocks_custom_css":"","_kad_blocks_head_custom_js":"","_kad_blocks_body_custom_js":"","_kad_blocks_footer_custom_js":"","_kad_post_transparent":"","_kad_post_title":"","_kad_post_layout":"","_kad_post_sidebar_id":"","_kad_post_content_style":"","_kad_post_vertical_padding":"","_kad_post_feature":"","_kad_post_feature_position":"","_kad_post_header":false,"_kad_post_footer":false,"_kad_post_classname":"","footnotes":""},"class_list":["post-21987","page","type-page","status-publish","hentry"],"acf":[],"yoast_head":"<!-- This site is optimized with the Yoast SEO plugin v27.4 - https:\/\/yoast.com\/product\/yoast-seo-wordpress\/ -->\n<title>Consultor\u00eda ciberseguridad - Apen Inform\u00e1tica<\/title>\n<meta name=\"description\" content=\"\u00bfNecesitas optimizar la ciberseguridad de tu empresa? Ofrecemos consultor\u00edas de Ciberseguridad. Los mejores antivirus para empresas de Barcelona.\" \/>\n<meta name=\"robots\" content=\"index, follow, max-snippet:-1, max-image-preview:large, max-video-preview:-1\" \/>\n<link rel=\"canonical\" href=\"https:\/\/www.apen.es\/en\/cybersecurity\/perimeter\/cybersecurity-consulting\/\" \/>\n<meta property=\"og:locale\" content=\"en_US\" \/>\n<meta property=\"og:type\" content=\"article\" \/>\n<meta property=\"og:title\" content=\"Consultor\u00eda ciberseguridad - Apen Inform\u00e1tica\" \/>\n<meta property=\"og:description\" content=\"\u00bfNecesitas optimizar la ciberseguridad de tu empresa? Ofrecemos consultor\u00edas de Ciberseguridad. Los mejores antivirus para empresas de Barcelona.\" \/>\n<meta property=\"og:url\" content=\"https:\/\/www.apen.es\/en\/cybersecurity\/perimeter\/cybersecurity-consulting\/\" \/>\n<meta property=\"og:site_name\" content=\"Apen Inform\u00e1tica\" \/>\n<meta property=\"article:publisher\" content=\"https:\/\/www.facebook.com\/apensolucions\" \/>\n<meta property=\"article:modified_time\" content=\"2025-07-09T09:10:36+00:00\" \/>\n<meta property=\"og:image\" content=\"https:\/\/www.apen.es\/wp-content\/uploads\/2016\/05\/logo-apen-231x82-trasparent.png\" \/>\n\t<meta property=\"og:image:width\" content=\"231\" \/>\n\t<meta property=\"og:image:height\" content=\"82\" \/>\n\t<meta property=\"og:image:type\" content=\"image\/png\" \/>\n<meta name=\"twitter:card\" content=\"summary_large_image\" \/>\n<meta name=\"twitter:label1\" content=\"Est. reading time\" \/>\n\t<meta name=\"twitter:data1\" content=\"4 minutes\" \/>\n<script type=\"application\/ld+json\" class=\"yoast-schema-graph\">{\"@context\":\"https:\\\/\\\/schema.org\",\"@graph\":[{\"@type\":\"WebPage\",\"@id\":\"https:\\\/\\\/www.apen.es\\\/ciberseguridad\\\/perimetral\\\/consultoria-ciberseguridad\\\/\",\"url\":\"https:\\\/\\\/www.apen.es\\\/ciberseguridad\\\/perimetral\\\/consultoria-ciberseguridad\\\/\",\"name\":\"Consultor\u00eda ciberseguridad - Apen Inform\u00e1tica\",\"isPartOf\":{\"@id\":\"https:\\\/\\\/www.apen.es\\\/#website\"},\"datePublished\":\"2021-02-16T10:27:42+00:00\",\"dateModified\":\"2025-07-09T09:10:36+00:00\",\"description\":\"\u00bfNecesitas optimizar la ciberseguridad de tu empresa? Ofrecemos consultor\u00edas de Ciberseguridad. Los mejores antivirus para empresas de Barcelona.\",\"breadcrumb\":{\"@id\":\"https:\\\/\\\/www.apen.es\\\/ciberseguridad\\\/perimetral\\\/consultoria-ciberseguridad\\\/#breadcrumb\"},\"inLanguage\":\"en-US\",\"potentialAction\":[{\"@type\":\"ReadAction\",\"target\":[\"https:\\\/\\\/www.apen.es\\\/ciberseguridad\\\/perimetral\\\/consultoria-ciberseguridad\\\/\"]}]},{\"@type\":\"BreadcrumbList\",\"@id\":\"https:\\\/\\\/www.apen.es\\\/ciberseguridad\\\/perimetral\\\/consultoria-ciberseguridad\\\/#breadcrumb\",\"itemListElement\":[{\"@type\":\"ListItem\",\"position\":1,\"name\":\"Portada\",\"item\":\"https:\\\/\\\/www.apen.es\\\/\"},{\"@type\":\"ListItem\",\"position\":2,\"name\":\"Ciberseguridad\",\"item\":\"https:\\\/\\\/www.apen.es\\\/ciberseguridad\\\/\"},{\"@type\":\"ListItem\",\"position\":3,\"name\":\"Ciberseguridad Perimetral\",\"item\":\"https:\\\/\\\/www.apen.es\\\/ciberseguridad\\\/perimetral\\\/\"},{\"@type\":\"ListItem\",\"position\":4,\"name\":\"Consultor\u00eda ciberseguridad\"}]},{\"@type\":\"WebSite\",\"@id\":\"https:\\\/\\\/www.apen.es\\\/#website\",\"url\":\"https:\\\/\\\/www.apen.es\\\/\",\"name\":\"Apen Inform\u00e1tica\",\"description\":\"Mantenimiento Inform\u00e1tico , Software de Gesti\u00f3n, Soluciones de impresi\u00f3n\",\"publisher\":{\"@id\":\"https:\\\/\\\/www.apen.es\\\/#organization\"},\"potentialAction\":[{\"@type\":\"SearchAction\",\"target\":{\"@type\":\"EntryPoint\",\"urlTemplate\":\"https:\\\/\\\/www.apen.es\\\/?s={search_term_string}\"},\"query-input\":{\"@type\":\"PropertyValueSpecification\",\"valueRequired\":true,\"valueName\":\"search_term_string\"}}],\"inLanguage\":\"en-US\"},{\"@type\":\"Organization\",\"@id\":\"https:\\\/\\\/www.apen.es\\\/#organization\",\"name\":\"Apen: Soluciones inform\u00e1ticas\",\"url\":\"https:\\\/\\\/www.apen.es\\\/\",\"logo\":{\"@type\":\"ImageObject\",\"inLanguage\":\"en-US\",\"@id\":\"https:\\\/\\\/www.apen.es\\\/#\\\/schema\\\/logo\\\/image\\\/\",\"url\":\"https:\\\/\\\/www.apen.es\\\/wp-content\\\/uploads\\\/2022\\\/08\\\/logo-apenok-231x82-1.png\",\"contentUrl\":\"https:\\\/\\\/www.apen.es\\\/wp-content\\\/uploads\\\/2022\\\/08\\\/logo-apenok-231x82-1.png\",\"width\":231,\"height\":82,\"caption\":\"Apen: Soluciones inform\u00e1ticas\"},\"image\":{\"@id\":\"https:\\\/\\\/www.apen.es\\\/#\\\/schema\\\/logo\\\/image\\\/\"},\"sameAs\":[\"https:\\\/\\\/www.facebook.com\\\/apensolucions\",\"https:\\\/\\\/www.youtube.com\\\/user\\\/ApenCentreInformatic\",\"https:\\\/\\\/www.linkedin.com\\\/company\\\/1021771?trk=tyah&trkInfo=clickedVerticalcompanyclickedEntityId1021771idx2-1-2tarId1464195271196tasapenin\"]}]}<\/script>\n<!-- \/ Yoast SEO plugin. -->","yoast_head_json":{"title":"Cybersecurity consulting - Apen Inform\u00e1tica","description":"Do you need to optimize your company&#039;s cybersecurity? We offer cybersecurity consulting services. The best antivirus software for businesses in Barcelona.","robots":{"index":"index","follow":"follow","max-snippet":"max-snippet:-1","max-image-preview":"max-image-preview:large","max-video-preview":"max-video-preview:-1"},"canonical":"https:\/\/www.apen.es\/en\/cybersecurity\/perimeter\/cybersecurity-consulting\/","og_locale":"en_US","og_type":"article","og_title":"Consultor\u00eda ciberseguridad - Apen Inform\u00e1tica","og_description":"\u00bfNecesitas optimizar la ciberseguridad de tu empresa? Ofrecemos consultor\u00edas de Ciberseguridad. Los mejores antivirus para empresas de Barcelona.","og_url":"https:\/\/www.apen.es\/en\/cybersecurity\/perimeter\/cybersecurity-consulting\/","og_site_name":"Apen Inform\u00e1tica","article_publisher":"https:\/\/www.facebook.com\/apensolucions","article_modified_time":"2025-07-09T09:10:36+00:00","og_image":[{"width":231,"height":82,"url":"https:\/\/www.apen.es\/wp-content\/uploads\/2016\/05\/logo-apen-231x82-trasparent.png","type":"image\/png"}],"twitter_card":"summary_large_image","twitter_misc":{"Est. reading time":"4 minutes"},"schema":{"@context":"https:\/\/schema.org","@graph":[{"@type":"WebPage","@id":"https:\/\/www.apen.es\/ciberseguridad\/perimetral\/consultoria-ciberseguridad\/","url":"https:\/\/www.apen.es\/ciberseguridad\/perimetral\/consultoria-ciberseguridad\/","name":"Cybersecurity consulting - Apen Inform\u00e1tica","isPartOf":{"@id":"https:\/\/www.apen.es\/#website"},"datePublished":"2021-02-16T10:27:42+00:00","dateModified":"2025-07-09T09:10:36+00:00","description":"Do you need to optimize your company&#039;s cybersecurity? We offer cybersecurity consulting services. The best antivirus software for businesses in Barcelona.","breadcrumb":{"@id":"https:\/\/www.apen.es\/ciberseguridad\/perimetral\/consultoria-ciberseguridad\/#breadcrumb"},"inLanguage":"en-US","potentialAction":[{"@type":"ReadAction","target":["https:\/\/www.apen.es\/ciberseguridad\/perimetral\/consultoria-ciberseguridad\/"]}]},{"@type":"BreadcrumbList","@id":"https:\/\/www.apen.es\/ciberseguridad\/perimetral\/consultoria-ciberseguridad\/#breadcrumb","itemListElement":[{"@type":"ListItem","position":1,"name":"Portada","item":"https:\/\/www.apen.es\/"},{"@type":"ListItem","position":2,"name":"Ciberseguridad","item":"https:\/\/www.apen.es\/ciberseguridad\/"},{"@type":"ListItem","position":3,"name":"Ciberseguridad Perimetral","item":"https:\/\/www.apen.es\/ciberseguridad\/perimetral\/"},{"@type":"ListItem","position":4,"name":"Consultor\u00eda ciberseguridad"}]},{"@type":"WebSite","@id":"https:\/\/www.apen.es\/#website","url":"https:\/\/www.apen.es\/","name":"Apen Inform\u00e1tica","description":"IT Maintenance, Management Software, Printing Solutions","publisher":{"@id":"https:\/\/www.apen.es\/#organization"},"potentialAction":[{"@type":"SearchAction","target":{"@type":"EntryPoint","urlTemplate":"https:\/\/www.apen.es\/?s={search_term_string}"},"query-input":{"@type":"PropertyValueSpecification","valueRequired":true,"valueName":"search_term_string"}}],"inLanguage":"en-US"},{"@type":"Organization","@id":"https:\/\/www.apen.es\/#organization","name":"Apen: IT Solutions","url":"https:\/\/www.apen.es\/","logo":{"@type":"ImageObject","inLanguage":"en-US","@id":"https:\/\/www.apen.es\/#\/schema\/logo\/image\/","url":"https:\/\/www.apen.es\/wp-content\/uploads\/2022\/08\/logo-apenok-231x82-1.png","contentUrl":"https:\/\/www.apen.es\/wp-content\/uploads\/2022\/08\/logo-apenok-231x82-1.png","width":231,"height":82,"caption":"Apen: Soluciones inform\u00e1ticas"},"image":{"@id":"https:\/\/www.apen.es\/#\/schema\/logo\/image\/"},"sameAs":["https:\/\/www.facebook.com\/apensolucions","https:\/\/www.youtube.com\/user\/ApenCentreInformatic","https:\/\/www.linkedin.com\/company\/1021771?trk=tyah&trkInfo=clickedVerticalcompanyclickedEntityId1021771idx2-1-2tarId1464195271196tasapenin"]}]}},"taxonomy_info":[],"featured_image_src_large":false,"author_info":{"display_name":"marqueting","author_link":"https:\/\/www.apen.es\/en\/blog\/author\/marqueting\/"},"comment_info":0,"_links":{"self":[{"href":"https:\/\/www.apen.es\/en\/wp-json\/wp\/v2\/pages\/21987","targetHints":{"allow":["GET"]}}],"collection":[{"href":"https:\/\/www.apen.es\/en\/wp-json\/wp\/v2\/pages"}],"about":[{"href":"https:\/\/www.apen.es\/en\/wp-json\/wp\/v2\/types\/page"}],"author":[{"embeddable":true,"href":"https:\/\/www.apen.es\/en\/wp-json\/wp\/v2\/users\/4"}],"replies":[{"embeddable":true,"href":"https:\/\/www.apen.es\/en\/wp-json\/wp\/v2\/comments?post=21987"}],"version-history":[{"count":1,"href":"https:\/\/www.apen.es\/en\/wp-json\/wp\/v2\/pages\/21987\/revisions"}],"predecessor-version":[{"id":55959,"href":"https:\/\/www.apen.es\/en\/wp-json\/wp\/v2\/pages\/21987\/revisions\/55959"}],"up":[{"embeddable":true,"href":"https:\/\/www.apen.es\/en\/wp-json\/wp\/v2\/pages\/19632"}],"wp:attachment":[{"href":"https:\/\/www.apen.es\/en\/wp-json\/wp\/v2\/media?parent=21987"}],"curies":[{"name":"wp","href":"https:\/\/api.w.org\/{rel}","templated":true}]}}