{"id":21470,"date":"2021-01-21T07:53:59","date_gmt":"2021-01-21T07:53:59","guid":{"rendered":"https:\/\/www.apen.es\/?page_id=21470"},"modified":"2025-07-08T09:29:08","modified_gmt":"2025-07-08T09:29:08","slug":"erp-a3","status":"publish","type":"page","link":"https:\/\/www.apen.es\/en\/erp\/erp-a3\/","title":{"rendered":"ERP a3"},"content":{"rendered":"<p>An a3 ERP is management software that helps companies unify their processes and information. This ensures efficient operations, as it guarantees that all members of the company have a comprehensive view of data and work performed in real time. An a3 ERP also ensures the control and monitoring of financial, production, and administrative processes, enabling comprehensive evaluations.<\/p>\n\n\n\n<p>In addition, an integrated ERP system provides task automation, easy access to information, and process optimization.<\/p>\n\n\n\n<p>An a3 ERP system can be adapted to any business, regardless of sector or company size. It should also be considered a tool for business development and expansion. Each company must identify its needs and challenges, as well as its future growth plans, to select the most suitable option.<\/p>\n\n\n\n<p>The a3 ERP system allows for the efficient and easy management of all areas of the company, with user-friendly interface and reduced costs associated with multiple management programs that can create problems in data management and company productivity. Furthermore, an a3 ERP system can adapt to the company as functionalities are added and the company grows in size and number of jobs. This is done in real time, through a central information system.<\/p>\n\n\n\n<p>These software programs are intuitive and easy to use, easily adapting to the needs of the company regardless of its activity or particularities, so the adaptation process will be really simple, quick and easy.<\/p>\n\n\n\n<p>One of the most important and noteworthy features of the a3 ERP is that its resource planning system allows for real-time analysis of the company across all areas. This is achieved by recording data instantly, combined with a powerful tool that enables various types of analysis, including statistics and reports. This ensures that decisions can be made in real time, based on accurate and up-to-date information, contributing to the company&#039;s growth and competitiveness.<\/p>\n\n\n\n<p>Being able to present all the information in an a3 ERP system ensures that errors are avoided, duplicate information is eliminated, and a single point of access to data is provided through a single database that includes payroll, CRM, accounting, invoicing, inventory, and more. This also saves time with streamlined management tools such as automatic order and invoice generation, report generation, and other features.<\/p>","protected":false},"excerpt":{"rendered":"<p>Un ERP a3 es un software de gesti\u00f3n que ayuda a las empresas a unificar sus procesos e informaci\u00f3n. Esto garantiza que las gestiones sean eficientes, ya que asegura que todos los componentes dentro de la empresa puedan tener una visi\u00f3n global de los datos y el trabajo realizado a tiempo real. Un ERP a3&#8230;<\/p>","protected":false},"author":4,"featured_media":0,"parent":9649,"menu_order":0,"comment_status":"closed","ping_status":"closed","template":"page-landing-software-2.php","meta":{"_acf_changed":false,"_kad_blocks_custom_css":"","_kad_blocks_head_custom_js":"","_kad_blocks_body_custom_js":"","_kad_blocks_footer_custom_js":"","_kad_post_transparent":"","_kad_post_title":"","_kad_post_layout":"","_kad_post_sidebar_id":"","_kad_post_content_style":"","_kad_post_vertical_padding":"","_kad_post_feature":"","_kad_post_feature_position":"","_kad_post_header":false,"_kad_post_footer":false,"_kad_post_classname":"","footnotes":""},"class_list":["post-21470","page","type-page","status-publish","hentry"],"acf":[],"yoast_head":"<!-- This site is optimized with the Yoast SEO plugin v27.4 - https:\/\/yoast.com\/product\/yoast-seo-wordpress\/ -->\n<title>ERP a3 - Apen Inform\u00e1tica<\/title>\n<meta name=\"description\" content=\"Un ERP a3 es un software de gesti\u00f3n que ayuda a las empresas a unificar sus procesos e informaci\u00f3n. Esto garantiza que las gestiones sean eficientes, ya\" \/>\n<meta name=\"robots\" content=\"index, follow, max-snippet:-1, max-image-preview:large, max-video-preview:-1\" \/>\n<link rel=\"canonical\" href=\"https:\/\/www.apen.es\/en\/erp\/erp-a3\/\" \/>\n<meta property=\"og:locale\" content=\"en_US\" \/>\n<meta property=\"og:type\" content=\"article\" \/>\n<meta property=\"og:title\" content=\"ERP a3 - Apen Inform\u00e1tica\" \/>\n<meta property=\"og:description\" content=\"Un ERP a3 es un software de gesti\u00f3n que ayuda a las empresas a unificar sus procesos e informaci\u00f3n. Esto garantiza que las gestiones sean eficientes, ya\" \/>\n<meta property=\"og:url\" content=\"https:\/\/www.apen.es\/en\/erp\/erp-a3\/\" \/>\n<meta property=\"og:site_name\" content=\"Apen Inform\u00e1tica\" \/>\n<meta property=\"article:publisher\" content=\"https:\/\/www.facebook.com\/apensolucions\" \/>\n<meta property=\"article:modified_time\" content=\"2025-07-08T09:29:08+00:00\" \/>\n<meta property=\"og:image\" content=\"https:\/\/www.apen.es\/wp-content\/uploads\/2016\/05\/logo-apen-231x82-trasparent.png\" \/>\n\t<meta property=\"og:image:width\" content=\"231\" \/>\n\t<meta property=\"og:image:height\" content=\"82\" \/>\n\t<meta property=\"og:image:type\" content=\"image\/png\" \/>\n<meta name=\"twitter:card\" content=\"summary_large_image\" \/>\n<meta name=\"twitter:label1\" content=\"Est. reading time\" \/>\n\t<meta name=\"twitter:data1\" content=\"2 minutes\" \/>\n<script type=\"application\/ld+json\" class=\"yoast-schema-graph\">{\"@context\":\"https:\\\/\\\/schema.org\",\"@graph\":[{\"@type\":\"WebPage\",\"@id\":\"https:\\\/\\\/www.apen.es\\\/erp\\\/erp-a3\\\/\",\"url\":\"https:\\\/\\\/www.apen.es\\\/erp\\\/erp-a3\\\/\",\"name\":\"ERP a3 - Apen Inform\u00e1tica\",\"isPartOf\":{\"@id\":\"https:\\\/\\\/www.apen.es\\\/#website\"},\"datePublished\":\"2021-01-21T07:53:59+00:00\",\"dateModified\":\"2025-07-08T09:29:08+00:00\",\"description\":\"Un ERP a3 es un software de gesti\u00f3n que ayuda a las empresas a unificar sus procesos e informaci\u00f3n. Esto garantiza que las gestiones sean eficientes, ya\",\"breadcrumb\":{\"@id\":\"https:\\\/\\\/www.apen.es\\\/erp\\\/erp-a3\\\/#breadcrumb\"},\"inLanguage\":\"en-US\",\"potentialAction\":[{\"@type\":\"ReadAction\",\"target\":[\"https:\\\/\\\/www.apen.es\\\/erp\\\/erp-a3\\\/\"]}]},{\"@type\":\"BreadcrumbList\",\"@id\":\"https:\\\/\\\/www.apen.es\\\/erp\\\/erp-a3\\\/#breadcrumb\",\"itemListElement\":[{\"@type\":\"ListItem\",\"position\":1,\"name\":\"Portada\",\"item\":\"https:\\\/\\\/www.apen.es\\\/\"},{\"@type\":\"ListItem\",\"position\":2,\"name\":\"ERP. Ofrecemos software gesti\u00f3n a empresas.\",\"item\":\"https:\\\/\\\/www.apen.es\\\/erp\\\/\"},{\"@type\":\"ListItem\",\"position\":3,\"name\":\"ERP a3\"}]},{\"@type\":\"WebSite\",\"@id\":\"https:\\\/\\\/www.apen.es\\\/#website\",\"url\":\"https:\\\/\\\/www.apen.es\\\/\",\"name\":\"Apen Inform\u00e1tica\",\"description\":\"Mantenimiento Inform\u00e1tico , Software de Gesti\u00f3n, Soluciones de impresi\u00f3n\",\"publisher\":{\"@id\":\"https:\\\/\\\/www.apen.es\\\/#organization\"},\"potentialAction\":[{\"@type\":\"SearchAction\",\"target\":{\"@type\":\"EntryPoint\",\"urlTemplate\":\"https:\\\/\\\/www.apen.es\\\/?s={search_term_string}\"},\"query-input\":{\"@type\":\"PropertyValueSpecification\",\"valueRequired\":true,\"valueName\":\"search_term_string\"}}],\"inLanguage\":\"en-US\"},{\"@type\":\"Organization\",\"@id\":\"https:\\\/\\\/www.apen.es\\\/#organization\",\"name\":\"Apen: Soluciones inform\u00e1ticas\",\"url\":\"https:\\\/\\\/www.apen.es\\\/\",\"logo\":{\"@type\":\"ImageObject\",\"inLanguage\":\"en-US\",\"@id\":\"https:\\\/\\\/www.apen.es\\\/#\\\/schema\\\/logo\\\/image\\\/\",\"url\":\"https:\\\/\\\/www.apen.es\\\/wp-content\\\/uploads\\\/2022\\\/08\\\/logo-apenok-231x82-1.png\",\"contentUrl\":\"https:\\\/\\\/www.apen.es\\\/wp-content\\\/uploads\\\/2022\\\/08\\\/logo-apenok-231x82-1.png\",\"width\":231,\"height\":82,\"caption\":\"Apen: Soluciones inform\u00e1ticas\"},\"image\":{\"@id\":\"https:\\\/\\\/www.apen.es\\\/#\\\/schema\\\/logo\\\/image\\\/\"},\"sameAs\":[\"https:\\\/\\\/www.facebook.com\\\/apensolucions\",\"https:\\\/\\\/www.youtube.com\\\/user\\\/ApenCentreInformatic\",\"https:\\\/\\\/www.linkedin.com\\\/company\\\/1021771?trk=tyah&trkInfo=clickedVerticalcompanyclickedEntityId1021771idx2-1-2tarId1464195271196tasapenin\"]}]}<\/script>\n<!-- \/ Yoast SEO plugin. -->","yoast_head_json":{"title":"ERP a3 - Apen Inform\u00e1tica","description":"Un ERP a3 es un software de gesti\u00f3n que ayuda a las empresas a unificar sus procesos e informaci\u00f3n. Esto garantiza que las gestiones sean eficientes, ya","robots":{"index":"index","follow":"follow","max-snippet":"max-snippet:-1","max-image-preview":"max-image-preview:large","max-video-preview":"max-video-preview:-1"},"canonical":"https:\/\/www.apen.es\/en\/erp\/erp-a3\/","og_locale":"en_US","og_type":"article","og_title":"ERP a3 - Apen Inform\u00e1tica","og_description":"Un ERP a3 es un software de gesti\u00f3n que ayuda a las empresas a unificar sus procesos e informaci\u00f3n. Esto garantiza que las gestiones sean eficientes, ya","og_url":"https:\/\/www.apen.es\/en\/erp\/erp-a3\/","og_site_name":"Apen Inform\u00e1tica","article_publisher":"https:\/\/www.facebook.com\/apensolucions","article_modified_time":"2025-07-08T09:29:08+00:00","og_image":[{"width":231,"height":82,"url":"https:\/\/www.apen.es\/wp-content\/uploads\/2016\/05\/logo-apen-231x82-trasparent.png","type":"image\/png"}],"twitter_card":"summary_large_image","twitter_misc":{"Est. reading time":"2 minutes"},"schema":{"@context":"https:\/\/schema.org","@graph":[{"@type":"WebPage","@id":"https:\/\/www.apen.es\/erp\/erp-a3\/","url":"https:\/\/www.apen.es\/erp\/erp-a3\/","name":"ERP a3 - Apen Inform\u00e1tica","isPartOf":{"@id":"https:\/\/www.apen.es\/#website"},"datePublished":"2021-01-21T07:53:59+00:00","dateModified":"2025-07-08T09:29:08+00:00","description":"Un ERP a3 es un software de gesti\u00f3n que ayuda a las empresas a unificar sus procesos e informaci\u00f3n. Esto garantiza que las gestiones sean eficientes, ya","breadcrumb":{"@id":"https:\/\/www.apen.es\/erp\/erp-a3\/#breadcrumb"},"inLanguage":"en-US","potentialAction":[{"@type":"ReadAction","target":["https:\/\/www.apen.es\/erp\/erp-a3\/"]}]},{"@type":"BreadcrumbList","@id":"https:\/\/www.apen.es\/erp\/erp-a3\/#breadcrumb","itemListElement":[{"@type":"ListItem","position":1,"name":"Portada","item":"https:\/\/www.apen.es\/"},{"@type":"ListItem","position":2,"name":"ERP. Ofrecemos software gesti\u00f3n a empresas.","item":"https:\/\/www.apen.es\/erp\/"},{"@type":"ListItem","position":3,"name":"ERP a3"}]},{"@type":"WebSite","@id":"https:\/\/www.apen.es\/#website","url":"https:\/\/www.apen.es\/","name":"Apen Inform\u00e1tica","description":"IT Maintenance, Management Software, Printing Solutions","publisher":{"@id":"https:\/\/www.apen.es\/#organization"},"potentialAction":[{"@type":"SearchAction","target":{"@type":"EntryPoint","urlTemplate":"https:\/\/www.apen.es\/?s={search_term_string}"},"query-input":{"@type":"PropertyValueSpecification","valueRequired":true,"valueName":"search_term_string"}}],"inLanguage":"en-US"},{"@type":"Organization","@id":"https:\/\/www.apen.es\/#organization","name":"Apen: IT Solutions","url":"https:\/\/www.apen.es\/","logo":{"@type":"ImageObject","inLanguage":"en-US","@id":"https:\/\/www.apen.es\/#\/schema\/logo\/image\/","url":"https:\/\/www.apen.es\/wp-content\/uploads\/2022\/08\/logo-apenok-231x82-1.png","contentUrl":"https:\/\/www.apen.es\/wp-content\/uploads\/2022\/08\/logo-apenok-231x82-1.png","width":231,"height":82,"caption":"Apen: Soluciones inform\u00e1ticas"},"image":{"@id":"https:\/\/www.apen.es\/#\/schema\/logo\/image\/"},"sameAs":["https:\/\/www.facebook.com\/apensolucions","https:\/\/www.youtube.com\/user\/ApenCentreInformatic","https:\/\/www.linkedin.com\/company\/1021771?trk=tyah&trkInfo=clickedVerticalcompanyclickedEntityId1021771idx2-1-2tarId1464195271196tasapenin"]}]}},"taxonomy_info":[],"featured_image_src_large":false,"author_info":{"display_name":"marqueting","author_link":"https:\/\/www.apen.es\/en\/blog\/author\/marqueting\/"},"comment_info":0,"_links":{"self":[{"href":"https:\/\/www.apen.es\/en\/wp-json\/wp\/v2\/pages\/21470","targetHints":{"allow":["GET"]}}],"collection":[{"href":"https:\/\/www.apen.es\/en\/wp-json\/wp\/v2\/pages"}],"about":[{"href":"https:\/\/www.apen.es\/en\/wp-json\/wp\/v2\/types\/page"}],"author":[{"embeddable":true,"href":"https:\/\/www.apen.es\/en\/wp-json\/wp\/v2\/users\/4"}],"replies":[{"embeddable":true,"href":"https:\/\/www.apen.es\/en\/wp-json\/wp\/v2\/comments?post=21470"}],"version-history":[{"count":1,"href":"https:\/\/www.apen.es\/en\/wp-json\/wp\/v2\/pages\/21470\/revisions"}],"predecessor-version":[{"id":55814,"href":"https:\/\/www.apen.es\/en\/wp-json\/wp\/v2\/pages\/21470\/revisions\/55814"}],"up":[{"embeddable":true,"href":"https:\/\/www.apen.es\/en\/wp-json\/wp\/v2\/pages\/9649"}],"wp:attachment":[{"href":"https:\/\/www.apen.es\/en\/wp-json\/wp\/v2\/media?parent=21470"}],"curies":[{"name":"wp","href":"https:\/\/api.w.org\/{rel}","templated":true}]}}