{"id":21280,"date":"2020-12-21T09:15:44","date_gmt":"2020-12-21T09:15:44","guid":{"rendered":"https:\/\/www.apen.es\/?page_id=21280"},"modified":"2025-05-20T09:43:49","modified_gmt":"2025-05-20T09:43:49","slug":"software-para-gestion-de-negocios","status":"publish","type":"page","link":"https:\/\/www.apen.es\/en\/management-software\/software-para-gestion-de-negocios\/","title":{"rendered":"Business management software"},"content":{"rendered":"<p>Whether you&#039;re running a startup, a small or medium-sized business, or a large corporation, the daily operations involve managing numerous tasks simultaneously, including data maintenance, organization, and updates. Therefore, business management software is essential for streamlining, simplifying, and improving the efficiency of daily operations.<\/p>\n\n\n\n<p>To meet diverse business needs, dedicated management tools exist. Currently, there is a wide variety of business management software that caters to all business needs, regardless of size or industry.<\/p>\n\n\n\n<p>All businesses, large or small, have a high level of activity at all times and many things that need to be tracked, which can be organized in business management software, bringing incredible benefits.<\/p>\n\n\n\n<p>Business management software has the ability to perform certain business operations, as well as measure and increase productivity. If you don&#039;t already have business management software, you&#039;re probably trying to keep everything in a spreadsheet, or, if you&#039;re a freelancer, even more daringly, you might be trying to keep it all in your head. As good an idea as that may seem at first, it will likely end in chaos, and your business will suffer as a result.<\/p>\n\n\n\n<p>The reality is that when starting a business venture, it&#039;s crucial that all employees and team members work at peak productivity. If you or your employees are spending time on tedious tasks that business management software can handle, you&#039;ll waste precious time that could be dedicated to more important tasks. By using software instead of manual work, you&#039;ll free up significant time to focus on customers and developing your business, driving its improvement and growth.<\/p>\n\n\n\n<p>Business management software also helps employers and business owners see what their employees are doing with just a few clicks. This is done through a calendar that allows employees to clock in and out. You can also assign projects to any employee and track their progress through the same software. This means you won&#039;t have to chase down project leaders to find out the status of a project and you&#039;ll have all the information at your fingertips.<\/p>\n\n\n\n<p>You can also save important documents through the business management software: once documents are created, they can be automatically saved in the software and will be readily available when you need them.<\/p>\n\n\n\n<p>The answer to your business needs already exists on the market: make sure you find the experts who will guide you in selecting the perfect business management software for your needs.<\/p>","protected":false},"excerpt":{"rendered":"<p>Ya sea que est\u00e9 dirigiendo un startup, una empresa peque\u00f1a o mediana o un gran negocio, en el desarrollo de las actividades diarias se deben manejar demasiadas cosas a la vez que involucra el mantenimiento, organizaci\u00f3n y actualizaci\u00f3n de datos. Ante esto, un software para gesti\u00f3n de negocios es necesario para desenvolver con m\u00e1s agilidad,&#8230;<\/p>","protected":false},"author":4,"featured_media":0,"parent":1181,"menu_order":0,"comment_status":"closed","ping_status":"closed","template":"page-landing-software.php","meta":{"_acf_changed":false,"_kad_blocks_custom_css":"","_kad_blocks_head_custom_js":"","_kad_blocks_body_custom_js":"","_kad_blocks_footer_custom_js":"","_kad_post_transparent":"","_kad_post_title":"","_kad_post_layout":"","_kad_post_sidebar_id":"","_kad_post_content_style":"","_kad_post_vertical_padding":"","_kad_post_feature":"","_kad_post_feature_position":"","_kad_post_header":false,"_kad_post_footer":false,"_kad_post_classname":"","footnotes":""},"class_list":["post-21280","page","type-page","status-publish","hentry"],"acf":[],"yoast_head":"<!-- This site is optimized with the Yoast SEO plugin v27.4 - https:\/\/yoast.com\/product\/yoast-seo-wordpress\/ -->\n<title>Software para gesti\u00f3n de negocios - Apen Inform\u00e1tica<\/title>\n<meta name=\"description\" content=\"\u00bfEres un Negocio y necesitas un software de gesti\u00f3n ? Apen es distribuidor oficial de a3ERP y esta dedicado a la implantaci\u00f3n de software. Conf\u00eda en Apen.\" \/>\n<meta name=\"robots\" content=\"index, follow, max-snippet:-1, max-image-preview:large, max-video-preview:-1\" \/>\n<link rel=\"canonical\" href=\"https:\/\/www.apen.es\/en\/management-software\/software-para-gestion-de-negocios\/\" \/>\n<meta property=\"og:locale\" content=\"en_US\" \/>\n<meta property=\"og:type\" content=\"article\" \/>\n<meta property=\"og:title\" content=\"Software para gesti\u00f3n de negocios - Apen Inform\u00e1tica\" \/>\n<meta property=\"og:description\" content=\"\u00bfEres un Negocio y necesitas un software de gesti\u00f3n ? Apen es distribuidor oficial de a3ERP y esta dedicado a la implantaci\u00f3n de software. Conf\u00eda en Apen.\" \/>\n<meta property=\"og:url\" content=\"https:\/\/www.apen.es\/en\/management-software\/software-para-gestion-de-negocios\/\" \/>\n<meta property=\"og:site_name\" content=\"Apen Inform\u00e1tica\" \/>\n<meta property=\"article:publisher\" content=\"https:\/\/www.facebook.com\/apensolucions\" \/>\n<meta property=\"article:modified_time\" content=\"2025-05-20T09:43:49+00:00\" \/>\n<meta property=\"og:image\" content=\"https:\/\/www.apen.es\/wp-content\/uploads\/2016\/05\/logo-apen-231x82-trasparent.png\" \/>\n\t<meta property=\"og:image:width\" content=\"231\" \/>\n\t<meta property=\"og:image:height\" content=\"82\" \/>\n\t<meta property=\"og:image:type\" content=\"image\/png\" \/>\n<meta name=\"twitter:card\" content=\"summary_large_image\" \/>\n<meta name=\"twitter:label1\" content=\"Est. reading time\" \/>\n\t<meta name=\"twitter:data1\" content=\"7 minutes\" \/>\n<script type=\"application\/ld+json\" class=\"yoast-schema-graph\">{\"@context\":\"https:\\\/\\\/schema.org\",\"@graph\":[{\"@type\":\"WebPage\",\"@id\":\"https:\\\/\\\/www.apen.es\\\/software-de-gestion\\\/software-para-gestion-de-negocios\\\/\",\"url\":\"https:\\\/\\\/www.apen.es\\\/software-de-gestion\\\/software-para-gestion-de-negocios\\\/\",\"name\":\"Software para gesti\u00f3n de negocios - Apen Inform\u00e1tica\",\"isPartOf\":{\"@id\":\"https:\\\/\\\/www.apen.es\\\/#website\"},\"datePublished\":\"2020-12-21T09:15:44+00:00\",\"dateModified\":\"2025-05-20T09:43:49+00:00\",\"description\":\"\u00bfEres un Negocio y necesitas un software de gesti\u00f3n ? Apen es distribuidor oficial de a3ERP y esta dedicado a la implantaci\u00f3n de software. Conf\u00eda en Apen.\",\"breadcrumb\":{\"@id\":\"https:\\\/\\\/www.apen.es\\\/software-de-gestion\\\/software-para-gestion-de-negocios\\\/#breadcrumb\"},\"inLanguage\":\"en-US\",\"potentialAction\":[{\"@type\":\"ReadAction\",\"target\":[\"https:\\\/\\\/www.apen.es\\\/software-de-gestion\\\/software-para-gestion-de-negocios\\\/\"]}]},{\"@type\":\"BreadcrumbList\",\"@id\":\"https:\\\/\\\/www.apen.es\\\/software-de-gestion\\\/software-para-gestion-de-negocios\\\/#breadcrumb\",\"itemListElement\":[{\"@type\":\"ListItem\",\"position\":1,\"name\":\"Portada\",\"item\":\"https:\\\/\\\/www.apen.es\\\/\"},{\"@type\":\"ListItem\",\"position\":2,\"name\":\"Software de gesti\u00f3n a3ERP\",\"item\":\"https:\\\/\\\/www.apen.es\\\/software-de-gestion\\\/\"},{\"@type\":\"ListItem\",\"position\":3,\"name\":\"Software para gesti\u00f3n de negocios\"}]},{\"@type\":\"WebSite\",\"@id\":\"https:\\\/\\\/www.apen.es\\\/#website\",\"url\":\"https:\\\/\\\/www.apen.es\\\/\",\"name\":\"Apen Inform\u00e1tica\",\"description\":\"Mantenimiento Inform\u00e1tico , Software de Gesti\u00f3n, Soluciones de impresi\u00f3n\",\"publisher\":{\"@id\":\"https:\\\/\\\/www.apen.es\\\/#organization\"},\"potentialAction\":[{\"@type\":\"SearchAction\",\"target\":{\"@type\":\"EntryPoint\",\"urlTemplate\":\"https:\\\/\\\/www.apen.es\\\/?s={search_term_string}\"},\"query-input\":{\"@type\":\"PropertyValueSpecification\",\"valueRequired\":true,\"valueName\":\"search_term_string\"}}],\"inLanguage\":\"en-US\"},{\"@type\":\"Organization\",\"@id\":\"https:\\\/\\\/www.apen.es\\\/#organization\",\"name\":\"Apen: Soluciones inform\u00e1ticas\",\"url\":\"https:\\\/\\\/www.apen.es\\\/\",\"logo\":{\"@type\":\"ImageObject\",\"inLanguage\":\"en-US\",\"@id\":\"https:\\\/\\\/www.apen.es\\\/#\\\/schema\\\/logo\\\/image\\\/\",\"url\":\"https:\\\/\\\/www.apen.es\\\/wp-content\\\/uploads\\\/2022\\\/08\\\/logo-apenok-231x82-1.png\",\"contentUrl\":\"https:\\\/\\\/www.apen.es\\\/wp-content\\\/uploads\\\/2022\\\/08\\\/logo-apenok-231x82-1.png\",\"width\":231,\"height\":82,\"caption\":\"Apen: Soluciones inform\u00e1ticas\"},\"image\":{\"@id\":\"https:\\\/\\\/www.apen.es\\\/#\\\/schema\\\/logo\\\/image\\\/\"},\"sameAs\":[\"https:\\\/\\\/www.facebook.com\\\/apensolucions\",\"https:\\\/\\\/www.youtube.com\\\/user\\\/ApenCentreInformatic\",\"https:\\\/\\\/www.linkedin.com\\\/company\\\/1021771?trk=tyah&trkInfo=clickedVerticalcompanyclickedEntityId1021771idx2-1-2tarId1464195271196tasapenin\"]}]}<\/script>\n<!-- \/ Yoast SEO plugin. -->","yoast_head_json":{"title":"Software para gesti\u00f3n de negocios - Apen Inform\u00e1tica","description":"\u00bfEres un Negocio y necesitas un software de gesti\u00f3n ? Apen es distribuidor oficial de a3ERP y esta dedicado a la implantaci\u00f3n de software. Conf\u00eda en Apen.","robots":{"index":"index","follow":"follow","max-snippet":"max-snippet:-1","max-image-preview":"max-image-preview:large","max-video-preview":"max-video-preview:-1"},"canonical":"https:\/\/www.apen.es\/en\/management-software\/software-para-gestion-de-negocios\/","og_locale":"en_US","og_type":"article","og_title":"Software para gesti\u00f3n de negocios - Apen Inform\u00e1tica","og_description":"\u00bfEres un Negocio y necesitas un software de gesti\u00f3n ? Apen es distribuidor oficial de a3ERP y esta dedicado a la implantaci\u00f3n de software. Conf\u00eda en Apen.","og_url":"https:\/\/www.apen.es\/en\/management-software\/software-para-gestion-de-negocios\/","og_site_name":"Apen Inform\u00e1tica","article_publisher":"https:\/\/www.facebook.com\/apensolucions","article_modified_time":"2025-05-20T09:43:49+00:00","og_image":[{"width":231,"height":82,"url":"https:\/\/www.apen.es\/wp-content\/uploads\/2016\/05\/logo-apen-231x82-trasparent.png","type":"image\/png"}],"twitter_card":"summary_large_image","twitter_misc":{"Est. reading time":"7 minutes"},"schema":{"@context":"https:\/\/schema.org","@graph":[{"@type":"WebPage","@id":"https:\/\/www.apen.es\/software-de-gestion\/software-para-gestion-de-negocios\/","url":"https:\/\/www.apen.es\/software-de-gestion\/software-para-gestion-de-negocios\/","name":"Software para gesti\u00f3n de negocios - Apen Inform\u00e1tica","isPartOf":{"@id":"https:\/\/www.apen.es\/#website"},"datePublished":"2020-12-21T09:15:44+00:00","dateModified":"2025-05-20T09:43:49+00:00","description":"\u00bfEres un Negocio y necesitas un software de gesti\u00f3n ? Apen es distribuidor oficial de a3ERP y esta dedicado a la implantaci\u00f3n de software. Conf\u00eda en Apen.","breadcrumb":{"@id":"https:\/\/www.apen.es\/software-de-gestion\/software-para-gestion-de-negocios\/#breadcrumb"},"inLanguage":"en-US","potentialAction":[{"@type":"ReadAction","target":["https:\/\/www.apen.es\/software-de-gestion\/software-para-gestion-de-negocios\/"]}]},{"@type":"BreadcrumbList","@id":"https:\/\/www.apen.es\/software-de-gestion\/software-para-gestion-de-negocios\/#breadcrumb","itemListElement":[{"@type":"ListItem","position":1,"name":"Portada","item":"https:\/\/www.apen.es\/"},{"@type":"ListItem","position":2,"name":"Software de gesti\u00f3n a3ERP","item":"https:\/\/www.apen.es\/software-de-gestion\/"},{"@type":"ListItem","position":3,"name":"Software para gesti\u00f3n de negocios"}]},{"@type":"WebSite","@id":"https:\/\/www.apen.es\/#website","url":"https:\/\/www.apen.es\/","name":"Apen Inform\u00e1tica","description":"IT Maintenance, Management Software, Printing Solutions","publisher":{"@id":"https:\/\/www.apen.es\/#organization"},"potentialAction":[{"@type":"SearchAction","target":{"@type":"EntryPoint","urlTemplate":"https:\/\/www.apen.es\/?s={search_term_string}"},"query-input":{"@type":"PropertyValueSpecification","valueRequired":true,"valueName":"search_term_string"}}],"inLanguage":"en-US"},{"@type":"Organization","@id":"https:\/\/www.apen.es\/#organization","name":"Apen: IT Solutions","url":"https:\/\/www.apen.es\/","logo":{"@type":"ImageObject","inLanguage":"en-US","@id":"https:\/\/www.apen.es\/#\/schema\/logo\/image\/","url":"https:\/\/www.apen.es\/wp-content\/uploads\/2022\/08\/logo-apenok-231x82-1.png","contentUrl":"https:\/\/www.apen.es\/wp-content\/uploads\/2022\/08\/logo-apenok-231x82-1.png","width":231,"height":82,"caption":"Apen: Soluciones inform\u00e1ticas"},"image":{"@id":"https:\/\/www.apen.es\/#\/schema\/logo\/image\/"},"sameAs":["https:\/\/www.facebook.com\/apensolucions","https:\/\/www.youtube.com\/user\/ApenCentreInformatic","https:\/\/www.linkedin.com\/company\/1021771?trk=tyah&trkInfo=clickedVerticalcompanyclickedEntityId1021771idx2-1-2tarId1464195271196tasapenin"]}]}},"taxonomy_info":[],"featured_image_src_large":false,"author_info":{"display_name":"marqueting","author_link":"https:\/\/www.apen.es\/en\/blog\/author\/marqueting\/"},"comment_info":0,"_links":{"self":[{"href":"https:\/\/www.apen.es\/en\/wp-json\/wp\/v2\/pages\/21280","targetHints":{"allow":["GET"]}}],"collection":[{"href":"https:\/\/www.apen.es\/en\/wp-json\/wp\/v2\/pages"}],"about":[{"href":"https:\/\/www.apen.es\/en\/wp-json\/wp\/v2\/types\/page"}],"author":[{"embeddable":true,"href":"https:\/\/www.apen.es\/en\/wp-json\/wp\/v2\/users\/4"}],"replies":[{"embeddable":true,"href":"https:\/\/www.apen.es\/en\/wp-json\/wp\/v2\/comments?post=21280"}],"version-history":[{"count":3,"href":"https:\/\/www.apen.es\/en\/wp-json\/wp\/v2\/pages\/21280\/revisions"}],"predecessor-version":[{"id":54632,"href":"https:\/\/www.apen.es\/en\/wp-json\/wp\/v2\/pages\/21280\/revisions\/54632"}],"up":[{"embeddable":true,"href":"https:\/\/www.apen.es\/en\/wp-json\/wp\/v2\/pages\/1181"}],"wp:attachment":[{"href":"https:\/\/www.apen.es\/en\/wp-json\/wp\/v2\/media?parent=21280"}],"curies":[{"name":"wp","href":"https:\/\/api.w.org\/{rel}","templated":true}]}}