{"id":20757,"date":"2020-11-13T08:46:03","date_gmt":"2020-11-13T08:46:03","guid":{"rendered":"https:\/\/www.apen.es\/?page_id=20757"},"modified":"2025-07-11T09:19:01","modified_gmt":"2025-07-11T09:19:01","slug":"acronis-distributor","status":"publish","type":"page","link":"https:\/\/www.apen.es\/en\/copias-de-seguridad-en-la-nube\/distribuidor-acronis\/","title":{"rendered":"Acronis Distributor"},"content":{"rendered":"<p>If you&#039;re looking for an effective and secure backup solution for your company, the answer is... <strong>Acronis distributor<\/strong>, The best way to protect your SME&#039;s most sensitive data. Acronis Cyber Backup offers the best data protection for your business, meeting current demands, keeping your company running, protecting any type of workload, scaling and evolving without limits, and achieving significant savings for your SME.<\/p>\n\n\n\n<p>With the <strong>Acronis distributor<\/strong> Businesses benefit from complete availability with no downtime, as business continuity is ensured, allowing them to recover from a potential disaster in seconds or proactively prevent downtime. It provides comprehensive protection, keeping all data secure regardless of the technology used or the amount of data generated.<\/p>\n\n\n\n<p>It is an effective backup that promotes fast and uninterrupted business activity, being able to run all the backups that are needed, as often as needed, without affecting the overall performance of the company, improving its RPO and saving money in case of disaster.<\/p>\n\n\n\n<p>He <strong>Acronis distributor<\/strong> It is fully equipped with innovative security measures and sets high standards for next-generation data protection. It is presented as an affordable, intuitive, and versatile solution, enabling SMEs to achieve real data protection thanks to:<\/p>\n\n\n\n<p>Proactive ransomware protection; prevents downtime by actively protecting all encrypted or unauthorized files and modifications.<\/p>\n\n\n\n<p>It uses artificial intelligence technologies, machine learning, and whitelisting to keep company data safe.<\/p>\n\n\n\n<p>With the <strong>Acronis distributor<\/strong> You will be able to manage Recovery Time Objectives (RTOs) and reduce process interruptions to a few seconds, maintaining company productivity with runVM technology.<\/p>\n\n\n\n<p>It&#039;s comprehensive and secure protection that can handle large amounts of data and accommodate new business processes or migrations to new applications, clouds, or platforms. Acronis Cyber Backup protects physical, virtual, cloud, and mobile platforms.<\/p>\n\n\n\n<p>It also guarantees integrity through Acronis Notary technology, which is based on blockchain, preventing damage or alteration of files due to attacks on archive files.<\/p>\n\n\n\n<p>The distributor Acronis offers complete protection through an intuitive and evolving system, allowing you to save on licenses, integration, training, and daily operations, through a simple, scalable tool that allows you to manage any task related to data protection.<\/p>\n\n\n\n<p>You can protect your company&#039;s data through a workflow with centralized management and a unified control interface, backing up all types of storage and easily recovering any data.<\/p>","protected":false},"excerpt":{"rendered":"<p>Si buscas una soluci\u00f3n eficaz y segura para las copias de seguridad de tu empresa, la respuesta es el distribuidor Acronis, la mejor manera de proteger los datos m\u00e1s sensibles de tu pyme. Acronis Cyber Backup ofrece la mejor protecci\u00f3n de datos para tu empresa, cumpliendo con las demandas actuales, manteniendo la empresa en funcionamiento,&#8230;<\/p>","protected":false},"author":4,"featured_media":0,"parent":16704,"menu_order":0,"comment_status":"closed","ping_status":"closed","template":"page-landing-ciberseguretat-01.php","meta":{"_acf_changed":false,"_kad_blocks_custom_css":"","_kad_blocks_head_custom_js":"","_kad_blocks_body_custom_js":"","_kad_blocks_footer_custom_js":"","_kad_post_transparent":"","_kad_post_title":"","_kad_post_layout":"","_kad_post_sidebar_id":"","_kad_post_content_style":"","_kad_post_vertical_padding":"","_kad_post_feature":"","_kad_post_feature_position":"","_kad_post_header":false,"_kad_post_footer":false,"_kad_post_classname":"","footnotes":""},"class_list":["post-20757","page","type-page","status-publish","hentry"],"acf":[],"yoast_head":"<!-- This site is optimized with the Yoast SEO plugin v27.4 - https:\/\/yoast.com\/product\/yoast-seo-wordpress\/ -->\n<title>Distribuidor Acronis - Apen Inform\u00e1tica<\/title>\n<meta name=\"description\" content=\"Somos distrubuidor Acronis y te ayudamos a poder copiar los servidores enteros y conseguir una restauraci\u00f3n del sistema agilmente y con garantias\" \/>\n<meta name=\"robots\" content=\"index, follow, max-snippet:-1, max-image-preview:large, max-video-preview:-1\" \/>\n<link rel=\"canonical\" href=\"https:\/\/www.apen.es\/en\/cloud-backups\/acronis-distributor\/\" \/>\n<meta property=\"og:locale\" content=\"en_US\" \/>\n<meta property=\"og:type\" content=\"article\" \/>\n<meta property=\"og:title\" content=\"Distribuidor Acronis - Apen Inform\u00e1tica\" \/>\n<meta property=\"og:description\" content=\"Somos distrubuidor Acronis y te ayudamos a poder copiar los servidores enteros y conseguir una restauraci\u00f3n del sistema agilmente y con garantias\" \/>\n<meta property=\"og:url\" content=\"https:\/\/www.apen.es\/en\/cloud-backups\/acronis-distributor\/\" \/>\n<meta property=\"og:site_name\" content=\"Apen Inform\u00e1tica\" \/>\n<meta property=\"article:publisher\" content=\"https:\/\/www.facebook.com\/apensolucions\" \/>\n<meta property=\"article:modified_time\" content=\"2025-07-11T09:19:01+00:00\" \/>\n<meta property=\"og:image\" content=\"https:\/\/www.apen.es\/wp-content\/uploads\/2016\/05\/logo-apen-231x82-trasparent.png\" \/>\n\t<meta property=\"og:image:width\" content=\"231\" \/>\n\t<meta property=\"og:image:height\" content=\"82\" \/>\n\t<meta property=\"og:image:type\" content=\"image\/png\" \/>\n<meta name=\"twitter:card\" content=\"summary_large_image\" \/>\n<meta name=\"twitter:label1\" content=\"Est. reading time\" \/>\n\t<meta name=\"twitter:data1\" content=\"5 minutes\" \/>\n<script type=\"application\/ld+json\" class=\"yoast-schema-graph\">{\"@context\":\"https:\\\/\\\/schema.org\",\"@graph\":[{\"@type\":\"WebPage\",\"@id\":\"https:\\\/\\\/www.apen.es\\\/copias-de-seguridad-en-la-nube\\\/distribuidor-acronis\\\/\",\"url\":\"https:\\\/\\\/www.apen.es\\\/copias-de-seguridad-en-la-nube\\\/distribuidor-acronis\\\/\",\"name\":\"Distribuidor Acronis - Apen Inform\u00e1tica\",\"isPartOf\":{\"@id\":\"https:\\\/\\\/www.apen.es\\\/#website\"},\"datePublished\":\"2020-11-13T08:46:03+00:00\",\"dateModified\":\"2025-07-11T09:19:01+00:00\",\"description\":\"Somos distrubuidor Acronis y te ayudamos a poder copiar los servidores enteros y conseguir una restauraci\u00f3n del sistema agilmente y con garantias\",\"breadcrumb\":{\"@id\":\"https:\\\/\\\/www.apen.es\\\/copias-de-seguridad-en-la-nube\\\/distribuidor-acronis\\\/#breadcrumb\"},\"inLanguage\":\"en-US\",\"potentialAction\":[{\"@type\":\"ReadAction\",\"target\":[\"https:\\\/\\\/www.apen.es\\\/copias-de-seguridad-en-la-nube\\\/distribuidor-acronis\\\/\"]}]},{\"@type\":\"BreadcrumbList\",\"@id\":\"https:\\\/\\\/www.apen.es\\\/copias-de-seguridad-en-la-nube\\\/distribuidor-acronis\\\/#breadcrumb\",\"itemListElement\":[{\"@type\":\"ListItem\",\"position\":1,\"name\":\"Portada\",\"item\":\"https:\\\/\\\/www.apen.es\\\/\"},{\"@type\":\"ListItem\",\"position\":2,\"name\":\"Copias de seguridad en la nube\",\"item\":\"https:\\\/\\\/www.apen.es\\\/copias-de-seguridad-en-la-nube\\\/\"},{\"@type\":\"ListItem\",\"position\":3,\"name\":\"Distribuidor Acronis\"}]},{\"@type\":\"WebSite\",\"@id\":\"https:\\\/\\\/www.apen.es\\\/#website\",\"url\":\"https:\\\/\\\/www.apen.es\\\/\",\"name\":\"Apen Inform\u00e1tica\",\"description\":\"Mantenimiento Inform\u00e1tico , Software de Gesti\u00f3n, Soluciones de impresi\u00f3n\",\"publisher\":{\"@id\":\"https:\\\/\\\/www.apen.es\\\/#organization\"},\"potentialAction\":[{\"@type\":\"SearchAction\",\"target\":{\"@type\":\"EntryPoint\",\"urlTemplate\":\"https:\\\/\\\/www.apen.es\\\/?s={search_term_string}\"},\"query-input\":{\"@type\":\"PropertyValueSpecification\",\"valueRequired\":true,\"valueName\":\"search_term_string\"}}],\"inLanguage\":\"en-US\"},{\"@type\":\"Organization\",\"@id\":\"https:\\\/\\\/www.apen.es\\\/#organization\",\"name\":\"Apen: Soluciones inform\u00e1ticas\",\"url\":\"https:\\\/\\\/www.apen.es\\\/\",\"logo\":{\"@type\":\"ImageObject\",\"inLanguage\":\"en-US\",\"@id\":\"https:\\\/\\\/www.apen.es\\\/#\\\/schema\\\/logo\\\/image\\\/\",\"url\":\"https:\\\/\\\/www.apen.es\\\/wp-content\\\/uploads\\\/2022\\\/08\\\/logo-apenok-231x82-1.png\",\"contentUrl\":\"https:\\\/\\\/www.apen.es\\\/wp-content\\\/uploads\\\/2022\\\/08\\\/logo-apenok-231x82-1.png\",\"width\":231,\"height\":82,\"caption\":\"Apen: Soluciones inform\u00e1ticas\"},\"image\":{\"@id\":\"https:\\\/\\\/www.apen.es\\\/#\\\/schema\\\/logo\\\/image\\\/\"},\"sameAs\":[\"https:\\\/\\\/www.facebook.com\\\/apensolucions\",\"https:\\\/\\\/www.youtube.com\\\/user\\\/ApenCentreInformatic\",\"https:\\\/\\\/www.linkedin.com\\\/company\\\/1021771?trk=tyah&trkInfo=clickedVerticalcompanyclickedEntityId1021771idx2-1-2tarId1464195271196tasapenin\"]}]}<\/script>\n<!-- \/ Yoast SEO plugin. -->","yoast_head_json":{"title":"Acronis Distributor - Apen Inform\u00e1tica","description":"We are an Acronis distributor and we help you back up entire servers and achieve a fast and guaranteed system restoration.","robots":{"index":"index","follow":"follow","max-snippet":"max-snippet:-1","max-image-preview":"max-image-preview:large","max-video-preview":"max-video-preview:-1"},"canonical":"https:\/\/www.apen.es\/en\/cloud-backups\/acronis-distributor\/","og_locale":"en_US","og_type":"article","og_title":"Distribuidor Acronis - Apen Inform\u00e1tica","og_description":"Somos distrubuidor Acronis y te ayudamos a poder copiar los servidores enteros y conseguir una restauraci\u00f3n del sistema agilmente y con garantias","og_url":"https:\/\/www.apen.es\/en\/cloud-backups\/acronis-distributor\/","og_site_name":"Apen Inform\u00e1tica","article_publisher":"https:\/\/www.facebook.com\/apensolucions","article_modified_time":"2025-07-11T09:19:01+00:00","og_image":[{"width":231,"height":82,"url":"https:\/\/www.apen.es\/wp-content\/uploads\/2016\/05\/logo-apen-231x82-trasparent.png","type":"image\/png"}],"twitter_card":"summary_large_image","twitter_misc":{"Est. reading time":"5 minutes"},"schema":{"@context":"https:\/\/schema.org","@graph":[{"@type":"WebPage","@id":"https:\/\/www.apen.es\/copias-de-seguridad-en-la-nube\/distribuidor-acronis\/","url":"https:\/\/www.apen.es\/copias-de-seguridad-en-la-nube\/distribuidor-acronis\/","name":"Acronis Distributor - Apen Inform\u00e1tica","isPartOf":{"@id":"https:\/\/www.apen.es\/#website"},"datePublished":"2020-11-13T08:46:03+00:00","dateModified":"2025-07-11T09:19:01+00:00","description":"We are an Acronis distributor and we help you back up entire servers and achieve a fast and guaranteed system restoration.","breadcrumb":{"@id":"https:\/\/www.apen.es\/copias-de-seguridad-en-la-nube\/distribuidor-acronis\/#breadcrumb"},"inLanguage":"en-US","potentialAction":[{"@type":"ReadAction","target":["https:\/\/www.apen.es\/copias-de-seguridad-en-la-nube\/distribuidor-acronis\/"]}]},{"@type":"BreadcrumbList","@id":"https:\/\/www.apen.es\/copias-de-seguridad-en-la-nube\/distribuidor-acronis\/#breadcrumb","itemListElement":[{"@type":"ListItem","position":1,"name":"Portada","item":"https:\/\/www.apen.es\/"},{"@type":"ListItem","position":2,"name":"Copias de seguridad en la nube","item":"https:\/\/www.apen.es\/copias-de-seguridad-en-la-nube\/"},{"@type":"ListItem","position":3,"name":"Distribuidor Acronis"}]},{"@type":"WebSite","@id":"https:\/\/www.apen.es\/#website","url":"https:\/\/www.apen.es\/","name":"Apen Inform\u00e1tica","description":"IT Maintenance, Management Software, Printing Solutions","publisher":{"@id":"https:\/\/www.apen.es\/#organization"},"potentialAction":[{"@type":"SearchAction","target":{"@type":"EntryPoint","urlTemplate":"https:\/\/www.apen.es\/?s={search_term_string}"},"query-input":{"@type":"PropertyValueSpecification","valueRequired":true,"valueName":"search_term_string"}}],"inLanguage":"en-US"},{"@type":"Organization","@id":"https:\/\/www.apen.es\/#organization","name":"Apen: IT Solutions","url":"https:\/\/www.apen.es\/","logo":{"@type":"ImageObject","inLanguage":"en-US","@id":"https:\/\/www.apen.es\/#\/schema\/logo\/image\/","url":"https:\/\/www.apen.es\/wp-content\/uploads\/2022\/08\/logo-apenok-231x82-1.png","contentUrl":"https:\/\/www.apen.es\/wp-content\/uploads\/2022\/08\/logo-apenok-231x82-1.png","width":231,"height":82,"caption":"Apen: Soluciones inform\u00e1ticas"},"image":{"@id":"https:\/\/www.apen.es\/#\/schema\/logo\/image\/"},"sameAs":["https:\/\/www.facebook.com\/apensolucions","https:\/\/www.youtube.com\/user\/ApenCentreInformatic","https:\/\/www.linkedin.com\/company\/1021771?trk=tyah&trkInfo=clickedVerticalcompanyclickedEntityId1021771idx2-1-2tarId1464195271196tasapenin"]}]}},"taxonomy_info":[],"featured_image_src_large":false,"author_info":{"display_name":"marqueting","author_link":"https:\/\/www.apen.es\/en\/blog\/author\/marqueting\/"},"comment_info":0,"_links":{"self":[{"href":"https:\/\/www.apen.es\/en\/wp-json\/wp\/v2\/pages\/20757","targetHints":{"allow":["GET"]}}],"collection":[{"href":"https:\/\/www.apen.es\/en\/wp-json\/wp\/v2\/pages"}],"about":[{"href":"https:\/\/www.apen.es\/en\/wp-json\/wp\/v2\/types\/page"}],"author":[{"embeddable":true,"href":"https:\/\/www.apen.es\/en\/wp-json\/wp\/v2\/users\/4"}],"replies":[{"embeddable":true,"href":"https:\/\/www.apen.es\/en\/wp-json\/wp\/v2\/comments?post=20757"}],"version-history":[{"count":4,"href":"https:\/\/www.apen.es\/en\/wp-json\/wp\/v2\/pages\/20757\/revisions"}],"predecessor-version":[{"id":56476,"href":"https:\/\/www.apen.es\/en\/wp-json\/wp\/v2\/pages\/20757\/revisions\/56476"}],"up":[{"embeddable":true,"href":"https:\/\/www.apen.es\/en\/wp-json\/wp\/v2\/pages\/16704"}],"wp:attachment":[{"href":"https:\/\/www.apen.es\/en\/wp-json\/wp\/v2\/media?parent=20757"}],"curies":[{"name":"wp","href":"https:\/\/api.w.org\/{rel}","templated":true}]}}