{"id":20404,"date":"2020-11-03T10:38:57","date_gmt":"2020-11-03T10:38:57","guid":{"rendered":"https:\/\/www.apen.es\/?page_id=20404"},"modified":"2025-07-14T11:13:03","modified_gmt":"2025-07-14T11:13:03","slug":"silicon","status":"publish","type":"page","link":"https:\/\/www.apen.es\/en\/computer-glossary\/silicon\/","title":{"rendered":"SILICON. Everything you need to know\u2026"},"content":{"rendered":"<h2 class=\"wp-block-heading\">WHAT IS SILICA?<\/h2>\n\n\n<div class=\"wp-block-image\">\n<figure class=\"alignleft\"><img loading=\"lazy\" decoding=\"async\" width=\"503\" height=\"176\" src=\"https:\/\/www.apen.es\/wp-content\/uploads\/2020\/11\/silicie_logo.png\" alt=\"\" class=\"wp-image-20406\" title=\"Backups. What is a backup?\" srcset=\"https:\/\/www.apen.es\/wp-content\/uploads\/2020\/11\/silicie_logo.png 503w, https:\/\/www.apen.es\/wp-content\/uploads\/2020\/11\/silicie_logo-300x105.png 300w\" sizes=\"auto, (max-width: 503px) 100vw, 503px\" \/><\/figure>\n<\/div>\n\n\n<p>He<a href=\"https:\/\/www.apen.es\/en\/software-de-gestion-a3erp\/modulos-de-gestion-a3erp\/silicon\/\"><strong> SILICON<\/strong><\/a> These are the initials that designate the Immediate Supply of Accounting Information Books for Special Taxes. This regulation was approved by Royal Decree 1512\/2018, which modifies the Special Taxes Regulations.<\/p>\n\n\n\n<p>From January 1, 2020, all companies that must submit Special Taxes (IIEE) payments must also add their accounting books to the Electronic Office of the State Tax Administration Agency (AEAT).<\/p>\n\n\n\n<p>These changes mean that, according to the new regulations, all those responsible for companies subject to excise duties will have to declare all processes, movements, and stocks of products subject to excise duties through the Spanish Tax Agency&#039;s (AEAT) electronic portal. They must also, if necessary, report the raw materials used in the production of these products.<\/p>\n\n\n\n<p>Finally, the Spanish Tax Agency (AEAT) will have access to a near real-time record of accounting information. For businesses, this means they will need to maintain more rigorous records of all their transactions.<\/p>\n\n\n\n<p>Vinegar factories, receiving depots, bonded warehouses, factories and bonded warehouses will have to submit accounting records in electronic format.<\/p>\n\n\n\n<p>These companies must submit their accounting records electronically, while the Spanish Tax Agency (AEAT) allows them to register or cancel accounting entries. However, in this case, the information to be submitted will differ from that of the tax to be declared. The taxes and products grouped together are: taxes on alcohol and alcoholic beverages (referring to beer, wine, fermented beverages, and intermediate products), taxes on tobacco products, taxes on establishments that market or store products subject to the aforementioned taxes, and the tax on hydrocarbons.<\/p>\n\n\n\n<p>There are two ways to submit information to the Spanish Tax Agency (AEAT): directly through their online portal, where transactions are registered on a form that allows users to create or cancel accounting entries, but not modify them. Therefore, in case of an error, a cancellation must be made with a contra-entry. The other option is to use an accounting system on a computer system used by the company&#039;s management. This is the more complex option, as each business will have to import its own files or send them through a web service.<\/p>\n\n\n\n<p>Starting June 1, 2019, the Spanish Tax Agency (AEAT) enabled a test service system, and from September 15 to December 15, the live system was available in test mode to give companies the opportunity to understand it. During the last two weeks of December, the AEAT shut down the system, scanned the database, and cleaned the operational system, which then became fully operational in January.<\/p>","protected":false},"excerpt":{"rendered":"<p>\u00bfQU\u00c9 ES EL SILICE? El SILICIE son las siglas que designan al Suministro Inmediato de Libros de Informaci\u00f3n Contable de Impuestos Especiales. Esta normativa se aprob\u00f3 mediante el Real Decreto 1512\/2018, por el que se modifica el Reglamento de los Impuestos Especiales. Desde el 1 de enero del a\u00f1o 2020, todas las empresas que deban&#8230;<\/p>","protected":false},"author":4,"featured_media":0,"parent":6185,"menu_order":0,"comment_status":"closed","ping_status":"closed","template":"page-landing-glosario.php","meta":{"_acf_changed":false,"_kad_blocks_custom_css":"","_kad_blocks_head_custom_js":"","_kad_blocks_body_custom_js":"","_kad_blocks_footer_custom_js":"","_kad_post_transparent":"","_kad_post_title":"","_kad_post_layout":"","_kad_post_sidebar_id":"","_kad_post_content_style":"","_kad_post_vertical_padding":"","_kad_post_feature":"","_kad_post_feature_position":"","_kad_post_header":false,"_kad_post_footer":false,"_kad_post_classname":"","footnotes":""},"class_list":["post-20404","page","type-page","status-publish","hentry"],"acf":[],"yoast_head":"<!-- This site is optimized with the Yoast SEO plugin v27.4 - https:\/\/yoast.com\/product\/yoast-seo-wordpress\/ -->\n<title>SILICIE. Todo lo que necesitas saber... - Apen Inform\u00e1tica<\/title>\n<meta name=\"description\" content=\"El SILICIE son las siglas que designan al Suministro Inmediato de Libros de Informaci\u00f3n Contable de Impuestos Especiales. Esta normativa se aprob\u00f3\u2026\" \/>\n<meta name=\"robots\" content=\"index, follow, max-snippet:-1, max-image-preview:large, max-video-preview:-1\" \/>\n<link rel=\"canonical\" href=\"https:\/\/www.apen.es\/en\/computer-glossary\/silicon\/\" \/>\n<meta property=\"og:locale\" content=\"en_US\" \/>\n<meta property=\"og:type\" content=\"article\" \/>\n<meta property=\"og:title\" content=\"SILICIE. Todo lo que necesitas saber... - Apen Inform\u00e1tica\" \/>\n<meta property=\"og:description\" content=\"El SILICIE son las siglas que designan al Suministro Inmediato de Libros de Informaci\u00f3n Contable de Impuestos Especiales. Esta normativa se aprob\u00f3\u2026\" \/>\n<meta property=\"og:url\" content=\"https:\/\/www.apen.es\/en\/computer-glossary\/silicon\/\" \/>\n<meta property=\"og:site_name\" content=\"Apen Inform\u00e1tica\" \/>\n<meta property=\"article:publisher\" content=\"https:\/\/www.facebook.com\/apensolucions\" \/>\n<meta property=\"article:modified_time\" content=\"2025-07-14T11:13:03+00:00\" \/>\n<meta property=\"og:image\" content=\"https:\/\/www.apen.es\/wp-content\/uploads\/2020\/11\/silicie_logo.png\" \/>\n<meta name=\"twitter:card\" content=\"summary_large_image\" \/>\n<meta name=\"twitter:label1\" content=\"Est. reading time\" \/>\n\t<meta name=\"twitter:data1\" content=\"3 minutes\" \/>\n<script type=\"application\/ld+json\" class=\"yoast-schema-graph\">{\"@context\":\"https:\\\/\\\/schema.org\",\"@graph\":[{\"@type\":\"WebPage\",\"@id\":\"https:\\\/\\\/www.apen.es\\\/glosario-de-informatica\\\/silicie\\\/\",\"url\":\"https:\\\/\\\/www.apen.es\\\/glosario-de-informatica\\\/silicie\\\/\",\"name\":\"SILICIE. Todo lo que necesitas saber... - Apen Inform\u00e1tica\",\"isPartOf\":{\"@id\":\"https:\\\/\\\/www.apen.es\\\/#website\"},\"primaryImageOfPage\":{\"@id\":\"https:\\\/\\\/www.apen.es\\\/glosario-de-informatica\\\/silicie\\\/#primaryimage\"},\"image\":{\"@id\":\"https:\\\/\\\/www.apen.es\\\/glosario-de-informatica\\\/silicie\\\/#primaryimage\"},\"thumbnailUrl\":\"https:\\\/\\\/www.apen.es\\\/wp-content\\\/uploads\\\/2020\\\/11\\\/silicie_logo.png\",\"datePublished\":\"2020-11-03T10:38:57+00:00\",\"dateModified\":\"2025-07-14T11:13:03+00:00\",\"description\":\"El SILICIE son las siglas que designan al Suministro Inmediato de Libros de Informaci\u00f3n Contable de Impuestos Especiales. Esta normativa se aprob\u00f3\u2026\",\"breadcrumb\":{\"@id\":\"https:\\\/\\\/www.apen.es\\\/glosario-de-informatica\\\/silicie\\\/#breadcrumb\"},\"inLanguage\":\"en-US\",\"potentialAction\":[{\"@type\":\"ReadAction\",\"target\":[\"https:\\\/\\\/www.apen.es\\\/glosario-de-informatica\\\/silicie\\\/\"]}]},{\"@type\":\"ImageObject\",\"inLanguage\":\"en-US\",\"@id\":\"https:\\\/\\\/www.apen.es\\\/glosario-de-informatica\\\/silicie\\\/#primaryimage\",\"url\":\"https:\\\/\\\/www.apen.es\\\/wp-content\\\/uploads\\\/2020\\\/11\\\/silicie_logo.png\",\"contentUrl\":\"https:\\\/\\\/www.apen.es\\\/wp-content\\\/uploads\\\/2020\\\/11\\\/silicie_logo.png\"},{\"@type\":\"BreadcrumbList\",\"@id\":\"https:\\\/\\\/www.apen.es\\\/glosario-de-informatica\\\/silicie\\\/#breadcrumb\",\"itemListElement\":[{\"@type\":\"ListItem\",\"position\":1,\"name\":\"Portada\",\"item\":\"https:\\\/\\\/www.apen.es\\\/\"},{\"@type\":\"ListItem\",\"position\":2,\"name\":\"Glosario de inform\u00e1tica\",\"item\":\"https:\\\/\\\/www.apen.es\\\/glosario-de-informatica\\\/\"},{\"@type\":\"ListItem\",\"position\":3,\"name\":\"SILICIE. Todo lo que necesitas saber&#8230;\"}]},{\"@type\":\"WebSite\",\"@id\":\"https:\\\/\\\/www.apen.es\\\/#website\",\"url\":\"https:\\\/\\\/www.apen.es\\\/\",\"name\":\"Apen Inform\u00e1tica\",\"description\":\"Mantenimiento Inform\u00e1tico , Software de Gesti\u00f3n, Soluciones de impresi\u00f3n\",\"publisher\":{\"@id\":\"https:\\\/\\\/www.apen.es\\\/#organization\"},\"potentialAction\":[{\"@type\":\"SearchAction\",\"target\":{\"@type\":\"EntryPoint\",\"urlTemplate\":\"https:\\\/\\\/www.apen.es\\\/?s={search_term_string}\"},\"query-input\":{\"@type\":\"PropertyValueSpecification\",\"valueRequired\":true,\"valueName\":\"search_term_string\"}}],\"inLanguage\":\"en-US\"},{\"@type\":\"Organization\",\"@id\":\"https:\\\/\\\/www.apen.es\\\/#organization\",\"name\":\"Apen: Soluciones inform\u00e1ticas\",\"url\":\"https:\\\/\\\/www.apen.es\\\/\",\"logo\":{\"@type\":\"ImageObject\",\"inLanguage\":\"en-US\",\"@id\":\"https:\\\/\\\/www.apen.es\\\/#\\\/schema\\\/logo\\\/image\\\/\",\"url\":\"https:\\\/\\\/www.apen.es\\\/wp-content\\\/uploads\\\/2022\\\/08\\\/logo-apenok-231x82-1.png\",\"contentUrl\":\"https:\\\/\\\/www.apen.es\\\/wp-content\\\/uploads\\\/2022\\\/08\\\/logo-apenok-231x82-1.png\",\"width\":231,\"height\":82,\"caption\":\"Apen: Soluciones inform\u00e1ticas\"},\"image\":{\"@id\":\"https:\\\/\\\/www.apen.es\\\/#\\\/schema\\\/logo\\\/image\\\/\"},\"sameAs\":[\"https:\\\/\\\/www.facebook.com\\\/apensolucions\",\"https:\\\/\\\/www.youtube.com\\\/user\\\/ApenCentreInformatic\",\"https:\\\/\\\/www.linkedin.com\\\/company\\\/1021771?trk=tyah&trkInfo=clickedVerticalcompanyclickedEntityId1021771idx2-1-2tarId1464195271196tasapenin\"]}]}<\/script>\n<!-- \/ Yoast SEO plugin. -->","yoast_head_json":{"title":"SILICIE. Todo lo que necesitas saber... - Apen Inform\u00e1tica","description":"El SILICIE son las siglas que designan al Suministro Inmediato de Libros de Informaci\u00f3n Contable de Impuestos Especiales. Esta normativa se aprob\u00f3\u2026","robots":{"index":"index","follow":"follow","max-snippet":"max-snippet:-1","max-image-preview":"max-image-preview:large","max-video-preview":"max-video-preview:-1"},"canonical":"https:\/\/www.apen.es\/en\/computer-glossary\/silicon\/","og_locale":"en_US","og_type":"article","og_title":"SILICIE. Todo lo que necesitas saber... - Apen Inform\u00e1tica","og_description":"El SILICIE son las siglas que designan al Suministro Inmediato de Libros de Informaci\u00f3n Contable de Impuestos Especiales. Esta normativa se aprob\u00f3\u2026","og_url":"https:\/\/www.apen.es\/en\/computer-glossary\/silicon\/","og_site_name":"Apen Inform\u00e1tica","article_publisher":"https:\/\/www.facebook.com\/apensolucions","article_modified_time":"2025-07-14T11:13:03+00:00","og_image":[{"url":"https:\/\/www.apen.es\/wp-content\/uploads\/2020\/11\/silicie_logo.png","type":"","width":"","height":""}],"twitter_card":"summary_large_image","twitter_misc":{"Est. reading time":"3 minutes"},"schema":{"@context":"https:\/\/schema.org","@graph":[{"@type":"WebPage","@id":"https:\/\/www.apen.es\/glosario-de-informatica\/silicie\/","url":"https:\/\/www.apen.es\/glosario-de-informatica\/silicie\/","name":"SILICIE. Todo lo que necesitas saber... - Apen Inform\u00e1tica","isPartOf":{"@id":"https:\/\/www.apen.es\/#website"},"primaryImageOfPage":{"@id":"https:\/\/www.apen.es\/glosario-de-informatica\/silicie\/#primaryimage"},"image":{"@id":"https:\/\/www.apen.es\/glosario-de-informatica\/silicie\/#primaryimage"},"thumbnailUrl":"https:\/\/www.apen.es\/wp-content\/uploads\/2020\/11\/silicie_logo.png","datePublished":"2020-11-03T10:38:57+00:00","dateModified":"2025-07-14T11:13:03+00:00","description":"El SILICIE son las siglas que designan al Suministro Inmediato de Libros de Informaci\u00f3n Contable de Impuestos Especiales. Esta normativa se aprob\u00f3\u2026","breadcrumb":{"@id":"https:\/\/www.apen.es\/glosario-de-informatica\/silicie\/#breadcrumb"},"inLanguage":"en-US","potentialAction":[{"@type":"ReadAction","target":["https:\/\/www.apen.es\/glosario-de-informatica\/silicie\/"]}]},{"@type":"ImageObject","inLanguage":"en-US","@id":"https:\/\/www.apen.es\/glosario-de-informatica\/silicie\/#primaryimage","url":"https:\/\/www.apen.es\/wp-content\/uploads\/2020\/11\/silicie_logo.png","contentUrl":"https:\/\/www.apen.es\/wp-content\/uploads\/2020\/11\/silicie_logo.png"},{"@type":"BreadcrumbList","@id":"https:\/\/www.apen.es\/glosario-de-informatica\/silicie\/#breadcrumb","itemListElement":[{"@type":"ListItem","position":1,"name":"Portada","item":"https:\/\/www.apen.es\/"},{"@type":"ListItem","position":2,"name":"Glosario de inform\u00e1tica","item":"https:\/\/www.apen.es\/glosario-de-informatica\/"},{"@type":"ListItem","position":3,"name":"SILICIE. Todo lo que necesitas saber&#8230;"}]},{"@type":"WebSite","@id":"https:\/\/www.apen.es\/#website","url":"https:\/\/www.apen.es\/","name":"Apen Inform\u00e1tica","description":"IT Maintenance, Management Software, Printing Solutions","publisher":{"@id":"https:\/\/www.apen.es\/#organization"},"potentialAction":[{"@type":"SearchAction","target":{"@type":"EntryPoint","urlTemplate":"https:\/\/www.apen.es\/?s={search_term_string}"},"query-input":{"@type":"PropertyValueSpecification","valueRequired":true,"valueName":"search_term_string"}}],"inLanguage":"en-US"},{"@type":"Organization","@id":"https:\/\/www.apen.es\/#organization","name":"Apen: IT Solutions","url":"https:\/\/www.apen.es\/","logo":{"@type":"ImageObject","inLanguage":"en-US","@id":"https:\/\/www.apen.es\/#\/schema\/logo\/image\/","url":"https:\/\/www.apen.es\/wp-content\/uploads\/2022\/08\/logo-apenok-231x82-1.png","contentUrl":"https:\/\/www.apen.es\/wp-content\/uploads\/2022\/08\/logo-apenok-231x82-1.png","width":231,"height":82,"caption":"Apen: Soluciones inform\u00e1ticas"},"image":{"@id":"https:\/\/www.apen.es\/#\/schema\/logo\/image\/"},"sameAs":["https:\/\/www.facebook.com\/apensolucions","https:\/\/www.youtube.com\/user\/ApenCentreInformatic","https:\/\/www.linkedin.com\/company\/1021771?trk=tyah&trkInfo=clickedVerticalcompanyclickedEntityId1021771idx2-1-2tarId1464195271196tasapenin"]}]}},"taxonomy_info":[],"featured_image_src_large":false,"author_info":{"display_name":"marqueting","author_link":"https:\/\/www.apen.es\/en\/blog\/author\/marqueting\/"},"comment_info":0,"_links":{"self":[{"href":"https:\/\/www.apen.es\/en\/wp-json\/wp\/v2\/pages\/20404","targetHints":{"allow":["GET"]}}],"collection":[{"href":"https:\/\/www.apen.es\/en\/wp-json\/wp\/v2\/pages"}],"about":[{"href":"https:\/\/www.apen.es\/en\/wp-json\/wp\/v2\/types\/page"}],"author":[{"embeddable":true,"href":"https:\/\/www.apen.es\/en\/wp-json\/wp\/v2\/users\/4"}],"replies":[{"embeddable":true,"href":"https:\/\/www.apen.es\/en\/wp-json\/wp\/v2\/comments?post=20404"}],"version-history":[{"count":1,"href":"https:\/\/www.apen.es\/en\/wp-json\/wp\/v2\/pages\/20404\/revisions"}],"predecessor-version":[{"id":56586,"href":"https:\/\/www.apen.es\/en\/wp-json\/wp\/v2\/pages\/20404\/revisions\/56586"}],"up":[{"embeddable":true,"href":"https:\/\/www.apen.es\/en\/wp-json\/wp\/v2\/pages\/6185"}],"wp:attachment":[{"href":"https:\/\/www.apen.es\/en\/wp-json\/wp\/v2\/media?parent=20404"}],"curies":[{"name":"wp","href":"https:\/\/api.w.org\/{rel}","templated":true}]}}