{"id":20379,"date":"2020-11-03T09:45:17","date_gmt":"2020-11-03T09:45:17","guid":{"rendered":"https:\/\/www.apen.es\/?page_id=20379"},"modified":"2025-07-14T11:08:17","modified_gmt":"2025-07-14T11:08:17","slug":"raid","status":"publish","type":"page","link":"https:\/\/www.apen.es\/en\/computer-glossary\/raid\/","title":{"rendered":"RAID"},"content":{"rendered":"<h2 class=\"wp-block-heading\">WHAT IS A RAID?<\/h2>\n\n\n<div class=\"wp-block-image\">\n<figure class=\"alignleft is-resized\"><img loading=\"lazy\" decoding=\"async\" width=\"740\" height=\"1024\" src=\"https:\/\/www.apen.es\/wp-content\/uploads\/2020\/11\/raid.jpg\" alt=\"\" class=\"wp-image-20380\" style=\"width:400px\" title=\"Raid. What is a Raid?\" srcset=\"https:\/\/www.apen.es\/wp-content\/uploads\/2020\/11\/raid.jpg 740w, https:\/\/www.apen.es\/wp-content\/uploads\/2020\/11\/raid-217x300.jpg 217w, https:\/\/www.apen.es\/wp-content\/uploads\/2020\/11\/raid-370x513.jpg 370w\" sizes=\"auto, (max-width: 740px) 100vw, 740px\" \/><\/figure>\n<\/div>\n\n\n<p>RAID stands for Redundant Array of Inexpensive Disks and is a widely used technology.<\/p>\n\n\n\n<p>RAID is the way in which multiple drives are logically arranged together into a single array. The idea is that these drives working together provide the speed and reliability of a single, more expensive drive. While RAID is an excellent solution, the exact speed and reliability you&#039;ll get depends on the specific type of RAID you&#039;re using.<\/p>\n\n\n\n<p>Spinning disks, mechanical hard drives, or hard disk drives (HDDs) are typically chosen in situations where needs like speed and performance are secondary to cost. Due to physical limitations and the mechanical nature of many moving parts, HDDs have a relatively high failure rate. RAID configurations are designed to help alleviate these problems.<\/p>\n\n\n\n<p>There are different types of RAID, for example, RAID 0, which takes any number of disks and combines them into a single large volume. This significantly increases speed, as it reads from and writes to multiple disks simultaneously. However, the disadvantage of RAID 0 is that it is not redundant. The failure of any single disk will result in total data loss. Therefore, this type of RAID is much less reliable. RAID 0 can be used for caching or other purposes where speed is critical and data loss is not a concern.<\/p>\n\n\n\n<p>On the other hand, we have RAID 1, with a much more complex configuration. RAID 1 uses a pair of identical disks that duplicate or copy data equally across all drives in the array. This means that if one drive fails completely, you can continue operating with the remaining drive. In the event of a drive failure, you can replace the broken drive with little to no downtime. It also offers the added benefit of increased read performance, as data can be read from either drive in the array. The downside is that you&#039;ll have slightly higher write latency. Since data must be written to both drives in the array, you only have the capacity of one drive available when you need two.<\/p>\n\n\n\n<p>In contrast, RAID 5 requires at least three drives and essentially builds upon the RAID 0 concept by distributing data across multiple drives to increase performance. It also adds redundancy by distributing parity information across the disks. This means a RAID 5 array can lose a disk and still maintain its operations and data. This results in significantly improved read performance, but write performance is highly dependent on the RAID controller used.<\/p>","protected":false},"excerpt":{"rendered":"<p>\u00bfQU\u00c9 ES UN RAID? RAID viene de las siglas de las palabras en ingl\u00e9s Redundant Array of Inexpensive Disks y es una tecnolog\u00eda ampliamente utilizada. El RAID es la forma en que l\u00f3gicamente se forman juntos en una sola matriz. La idea entonces es que estos discos trabajando juntos tengan la velocidad y confiabilidad de&#8230;<\/p>","protected":false},"author":4,"featured_media":0,"parent":6185,"menu_order":0,"comment_status":"closed","ping_status":"closed","template":"page-landing-glosario.php","meta":{"_acf_changed":false,"_kad_blocks_custom_css":"","_kad_blocks_head_custom_js":"","_kad_blocks_body_custom_js":"","_kad_blocks_footer_custom_js":"","_kad_post_transparent":"","_kad_post_title":"","_kad_post_layout":"","_kad_post_sidebar_id":"","_kad_post_content_style":"","_kad_post_vertical_padding":"","_kad_post_feature":"","_kad_post_feature_position":"","_kad_post_header":false,"_kad_post_footer":false,"_kad_post_classname":"","footnotes":""},"class_list":["post-20379","page","type-page","status-publish","hentry"],"acf":[],"yoast_head":"<!-- This site is optimized with the Yoast SEO plugin v27.4 - https:\/\/yoast.com\/product\/yoast-seo-wordpress\/ -->\n<title>Raid - Apen Inform\u00e1tica<\/title>\n<meta name=\"description\" content=\"RAID viene de las siglas de las palabras en ingl\u00e9s Redundant Array of Inexpensive Disks y es una tecnolog\u00eda ampliamente utilizada. El RAID es la forma\u2026\" \/>\n<meta name=\"robots\" content=\"index, follow, max-snippet:-1, max-image-preview:large, max-video-preview:-1\" \/>\n<link rel=\"canonical\" href=\"https:\/\/www.apen.es\/en\/computer-glossary\/raid\/\" \/>\n<meta property=\"og:locale\" content=\"en_US\" \/>\n<meta property=\"og:type\" content=\"article\" \/>\n<meta property=\"og:title\" content=\"Raid - Apen Inform\u00e1tica\" \/>\n<meta property=\"og:description\" content=\"RAID viene de las siglas de las palabras en ingl\u00e9s Redundant Array of Inexpensive Disks y es una tecnolog\u00eda ampliamente utilizada. El RAID es la forma\u2026\" \/>\n<meta property=\"og:url\" content=\"https:\/\/www.apen.es\/en\/computer-glossary\/raid\/\" \/>\n<meta property=\"og:site_name\" content=\"Apen Inform\u00e1tica\" \/>\n<meta property=\"article:publisher\" content=\"https:\/\/www.facebook.com\/apensolucions\" \/>\n<meta property=\"article:modified_time\" content=\"2025-07-14T11:08:17+00:00\" \/>\n<meta property=\"og:image\" content=\"https:\/\/www.apen.es\/wp-content\/uploads\/2020\/11\/raid.jpg\" \/>\n<meta name=\"twitter:card\" content=\"summary_large_image\" \/>\n<meta name=\"twitter:label1\" content=\"Est. reading time\" \/>\n\t<meta name=\"twitter:data1\" content=\"3 minutes\" \/>\n<script type=\"application\/ld+json\" class=\"yoast-schema-graph\">{\"@context\":\"https:\\\/\\\/schema.org\",\"@graph\":[{\"@type\":\"WebPage\",\"@id\":\"https:\\\/\\\/www.apen.es\\\/glosario-de-informatica\\\/raid\\\/\",\"url\":\"https:\\\/\\\/www.apen.es\\\/glosario-de-informatica\\\/raid\\\/\",\"name\":\"Raid - Apen Inform\u00e1tica\",\"isPartOf\":{\"@id\":\"https:\\\/\\\/www.apen.es\\\/#website\"},\"primaryImageOfPage\":{\"@id\":\"https:\\\/\\\/www.apen.es\\\/glosario-de-informatica\\\/raid\\\/#primaryimage\"},\"image\":{\"@id\":\"https:\\\/\\\/www.apen.es\\\/glosario-de-informatica\\\/raid\\\/#primaryimage\"},\"thumbnailUrl\":\"https:\\\/\\\/www.apen.es\\\/wp-content\\\/uploads\\\/2020\\\/11\\\/raid.jpg\",\"datePublished\":\"2020-11-03T09:45:17+00:00\",\"dateModified\":\"2025-07-14T11:08:17+00:00\",\"description\":\"RAID viene de las siglas de las palabras en ingl\u00e9s Redundant Array of Inexpensive Disks y es una tecnolog\u00eda ampliamente utilizada. El RAID es la forma\u2026\",\"breadcrumb\":{\"@id\":\"https:\\\/\\\/www.apen.es\\\/glosario-de-informatica\\\/raid\\\/#breadcrumb\"},\"inLanguage\":\"en-US\",\"potentialAction\":[{\"@type\":\"ReadAction\",\"target\":[\"https:\\\/\\\/www.apen.es\\\/glosario-de-informatica\\\/raid\\\/\"]}]},{\"@type\":\"ImageObject\",\"inLanguage\":\"en-US\",\"@id\":\"https:\\\/\\\/www.apen.es\\\/glosario-de-informatica\\\/raid\\\/#primaryimage\",\"url\":\"https:\\\/\\\/www.apen.es\\\/wp-content\\\/uploads\\\/2020\\\/11\\\/raid.jpg\",\"contentUrl\":\"https:\\\/\\\/www.apen.es\\\/wp-content\\\/uploads\\\/2020\\\/11\\\/raid.jpg\"},{\"@type\":\"BreadcrumbList\",\"@id\":\"https:\\\/\\\/www.apen.es\\\/glosario-de-informatica\\\/raid\\\/#breadcrumb\",\"itemListElement\":[{\"@type\":\"ListItem\",\"position\":1,\"name\":\"Portada\",\"item\":\"https:\\\/\\\/www.apen.es\\\/\"},{\"@type\":\"ListItem\",\"position\":2,\"name\":\"Glosario de inform\u00e1tica\",\"item\":\"https:\\\/\\\/www.apen.es\\\/glosario-de-informatica\\\/\"},{\"@type\":\"ListItem\",\"position\":3,\"name\":\"Raid\"}]},{\"@type\":\"WebSite\",\"@id\":\"https:\\\/\\\/www.apen.es\\\/#website\",\"url\":\"https:\\\/\\\/www.apen.es\\\/\",\"name\":\"Apen Inform\u00e1tica\",\"description\":\"Mantenimiento Inform\u00e1tico , Software de Gesti\u00f3n, Soluciones de impresi\u00f3n\",\"publisher\":{\"@id\":\"https:\\\/\\\/www.apen.es\\\/#organization\"},\"potentialAction\":[{\"@type\":\"SearchAction\",\"target\":{\"@type\":\"EntryPoint\",\"urlTemplate\":\"https:\\\/\\\/www.apen.es\\\/?s={search_term_string}\"},\"query-input\":{\"@type\":\"PropertyValueSpecification\",\"valueRequired\":true,\"valueName\":\"search_term_string\"}}],\"inLanguage\":\"en-US\"},{\"@type\":\"Organization\",\"@id\":\"https:\\\/\\\/www.apen.es\\\/#organization\",\"name\":\"Apen: Soluciones inform\u00e1ticas\",\"url\":\"https:\\\/\\\/www.apen.es\\\/\",\"logo\":{\"@type\":\"ImageObject\",\"inLanguage\":\"en-US\",\"@id\":\"https:\\\/\\\/www.apen.es\\\/#\\\/schema\\\/logo\\\/image\\\/\",\"url\":\"https:\\\/\\\/www.apen.es\\\/wp-content\\\/uploads\\\/2022\\\/08\\\/logo-apenok-231x82-1.png\",\"contentUrl\":\"https:\\\/\\\/www.apen.es\\\/wp-content\\\/uploads\\\/2022\\\/08\\\/logo-apenok-231x82-1.png\",\"width\":231,\"height\":82,\"caption\":\"Apen: Soluciones inform\u00e1ticas\"},\"image\":{\"@id\":\"https:\\\/\\\/www.apen.es\\\/#\\\/schema\\\/logo\\\/image\\\/\"},\"sameAs\":[\"https:\\\/\\\/www.facebook.com\\\/apensolucions\",\"https:\\\/\\\/www.youtube.com\\\/user\\\/ApenCentreInformatic\",\"https:\\\/\\\/www.linkedin.com\\\/company\\\/1021771?trk=tyah&trkInfo=clickedVerticalcompanyclickedEntityId1021771idx2-1-2tarId1464195271196tasapenin\"]}]}<\/script>\n<!-- \/ Yoast SEO plugin. -->","yoast_head_json":{"title":"Raid - Apen Inform\u00e1tica","description":"RAID viene de las siglas de las palabras en ingl\u00e9s Redundant Array of Inexpensive Disks y es una tecnolog\u00eda ampliamente utilizada. El RAID es la forma\u2026","robots":{"index":"index","follow":"follow","max-snippet":"max-snippet:-1","max-image-preview":"max-image-preview:large","max-video-preview":"max-video-preview:-1"},"canonical":"https:\/\/www.apen.es\/en\/computer-glossary\/raid\/","og_locale":"en_US","og_type":"article","og_title":"Raid - Apen Inform\u00e1tica","og_description":"RAID viene de las siglas de las palabras en ingl\u00e9s Redundant Array of Inexpensive Disks y es una tecnolog\u00eda ampliamente utilizada. El RAID es la forma\u2026","og_url":"https:\/\/www.apen.es\/en\/computer-glossary\/raid\/","og_site_name":"Apen Inform\u00e1tica","article_publisher":"https:\/\/www.facebook.com\/apensolucions","article_modified_time":"2025-07-14T11:08:17+00:00","og_image":[{"url":"https:\/\/www.apen.es\/wp-content\/uploads\/2020\/11\/raid.jpg","type":"","width":"","height":""}],"twitter_card":"summary_large_image","twitter_misc":{"Est. reading time":"3 minutes"},"schema":{"@context":"https:\/\/schema.org","@graph":[{"@type":"WebPage","@id":"https:\/\/www.apen.es\/glosario-de-informatica\/raid\/","url":"https:\/\/www.apen.es\/glosario-de-informatica\/raid\/","name":"Raid - Apen Inform\u00e1tica","isPartOf":{"@id":"https:\/\/www.apen.es\/#website"},"primaryImageOfPage":{"@id":"https:\/\/www.apen.es\/glosario-de-informatica\/raid\/#primaryimage"},"image":{"@id":"https:\/\/www.apen.es\/glosario-de-informatica\/raid\/#primaryimage"},"thumbnailUrl":"https:\/\/www.apen.es\/wp-content\/uploads\/2020\/11\/raid.jpg","datePublished":"2020-11-03T09:45:17+00:00","dateModified":"2025-07-14T11:08:17+00:00","description":"RAID viene de las siglas de las palabras en ingl\u00e9s Redundant Array of Inexpensive Disks y es una tecnolog\u00eda ampliamente utilizada. El RAID es la forma\u2026","breadcrumb":{"@id":"https:\/\/www.apen.es\/glosario-de-informatica\/raid\/#breadcrumb"},"inLanguage":"en-US","potentialAction":[{"@type":"ReadAction","target":["https:\/\/www.apen.es\/glosario-de-informatica\/raid\/"]}]},{"@type":"ImageObject","inLanguage":"en-US","@id":"https:\/\/www.apen.es\/glosario-de-informatica\/raid\/#primaryimage","url":"https:\/\/www.apen.es\/wp-content\/uploads\/2020\/11\/raid.jpg","contentUrl":"https:\/\/www.apen.es\/wp-content\/uploads\/2020\/11\/raid.jpg"},{"@type":"BreadcrumbList","@id":"https:\/\/www.apen.es\/glosario-de-informatica\/raid\/#breadcrumb","itemListElement":[{"@type":"ListItem","position":1,"name":"Portada","item":"https:\/\/www.apen.es\/"},{"@type":"ListItem","position":2,"name":"Glosario de inform\u00e1tica","item":"https:\/\/www.apen.es\/glosario-de-informatica\/"},{"@type":"ListItem","position":3,"name":"Raid"}]},{"@type":"WebSite","@id":"https:\/\/www.apen.es\/#website","url":"https:\/\/www.apen.es\/","name":"Apen Inform\u00e1tica","description":"IT Maintenance, Management Software, Printing Solutions","publisher":{"@id":"https:\/\/www.apen.es\/#organization"},"potentialAction":[{"@type":"SearchAction","target":{"@type":"EntryPoint","urlTemplate":"https:\/\/www.apen.es\/?s={search_term_string}"},"query-input":{"@type":"PropertyValueSpecification","valueRequired":true,"valueName":"search_term_string"}}],"inLanguage":"en-US"},{"@type":"Organization","@id":"https:\/\/www.apen.es\/#organization","name":"Apen: IT Solutions","url":"https:\/\/www.apen.es\/","logo":{"@type":"ImageObject","inLanguage":"en-US","@id":"https:\/\/www.apen.es\/#\/schema\/logo\/image\/","url":"https:\/\/www.apen.es\/wp-content\/uploads\/2022\/08\/logo-apenok-231x82-1.png","contentUrl":"https:\/\/www.apen.es\/wp-content\/uploads\/2022\/08\/logo-apenok-231x82-1.png","width":231,"height":82,"caption":"Apen: Soluciones inform\u00e1ticas"},"image":{"@id":"https:\/\/www.apen.es\/#\/schema\/logo\/image\/"},"sameAs":["https:\/\/www.facebook.com\/apensolucions","https:\/\/www.youtube.com\/user\/ApenCentreInformatic","https:\/\/www.linkedin.com\/company\/1021771?trk=tyah&trkInfo=clickedVerticalcompanyclickedEntityId1021771idx2-1-2tarId1464195271196tasapenin"]}]}},"taxonomy_info":[],"featured_image_src_large":false,"author_info":{"display_name":"marqueting","author_link":"https:\/\/www.apen.es\/en\/blog\/author\/marqueting\/"},"comment_info":0,"_links":{"self":[{"href":"https:\/\/www.apen.es\/en\/wp-json\/wp\/v2\/pages\/20379","targetHints":{"allow":["GET"]}}],"collection":[{"href":"https:\/\/www.apen.es\/en\/wp-json\/wp\/v2\/pages"}],"about":[{"href":"https:\/\/www.apen.es\/en\/wp-json\/wp\/v2\/types\/page"}],"author":[{"embeddable":true,"href":"https:\/\/www.apen.es\/en\/wp-json\/wp\/v2\/users\/4"}],"replies":[{"embeddable":true,"href":"https:\/\/www.apen.es\/en\/wp-json\/wp\/v2\/comments?post=20379"}],"version-history":[{"count":1,"href":"https:\/\/www.apen.es\/en\/wp-json\/wp\/v2\/pages\/20379\/revisions"}],"predecessor-version":[{"id":56574,"href":"https:\/\/www.apen.es\/en\/wp-json\/wp\/v2\/pages\/20379\/revisions\/56574"}],"up":[{"embeddable":true,"href":"https:\/\/www.apen.es\/en\/wp-json\/wp\/v2\/pages\/6185"}],"wp:attachment":[{"href":"https:\/\/www.apen.es\/en\/wp-json\/wp\/v2\/media?parent=20379"}],"curies":[{"name":"wp","href":"https:\/\/api.w.org\/{rel}","templated":true}]}}