{"id":20363,"date":"2020-11-03T08:37:29","date_gmt":"2020-11-03T08:37:29","guid":{"rendered":"https:\/\/www.apen.es\/?page_id=20363"},"modified":"2025-07-14T11:11:33","modified_gmt":"2025-07-14T11:11:33","slug":"cloud-server","status":"publish","type":"page","link":"https:\/\/www.apen.es\/en\/computer-glossary\/cloud-server\/","title":{"rendered":"Cloud Server. Everything you need to know\u2026"},"content":{"rendered":"<h2 class=\"wp-block-heading\">WHAT IS A CLOUD SERVER?<\/h2>\n\n\n<div class=\"wp-block-image\">\n<figure class=\"alignleft\"><img loading=\"lazy\" decoding=\"async\" width=\"300\" height=\"199\" src=\"https:\/\/www.apen.es\/wp-content\/uploads\/2020\/11\/servidor_cloud-300x199.jpg\" alt=\"\" class=\"wp-image-20367\" title=\"Cloud Server. What is a Cloud Server?\" srcset=\"https:\/\/www.apen.es\/wp-content\/uploads\/2020\/11\/servidor_cloud-300x199.jpg 300w, https:\/\/www.apen.es\/wp-content\/uploads\/2020\/11\/servidor_cloud.jpg 640w\" sizes=\"auto, (max-width: 300px) 100vw, 300px\" \/><\/figure>\n<\/div>\n\n\n<p>A <a href=\"https:\/\/www.apen.es\/en\/soluciones-cloud\/servidores-virtuales\/cloud-server\/\"><strong>cloud server<\/strong><\/a> It is an infrastructure, which can be virtual or physical, where information and applications are stored and processed. Cloud servers are created using virtualization software that divides a physical server into multiple virtual servers.<\/p>\n\n\n\n<p>The use of cloud servers is becoming increasingly popular. Small and large businesses alike have begun to move towards cloud hosting to meet their daily needs. These servers can be used for web hosting, application development, remote desktop access environments, and much more.<\/p>\n\n\n\n<p>A cloud server can be public, private, or hybrid.<\/p>\n\n\n\n<p>If it&#039;s public, it&#039;s usually configured through a control panel. Cloud servers can be created in seconds, easily scaled, and deleted when desired. These servers can be easily scaled as needed, according to each user&#039;s requirements, allowing for maintenance and configuration without having to request external assistance for minor changes or updates. It can be used for hosting websites, email servers, file storage and sharing, databases, backups, test servers, remote desktops, and more.<\/p>\n\n\n\n<p>In the case of a private server, it typically offers the same options as a public server, but with more dedicated security. These servers provide security environments tailored to the specific needs of each company, as well as the option to install any compatible operating system. The main advantage of a private server is the ability to customize its design to each user&#039;s requirements.<\/p>\n\n\n\n<p>On the other hand, a hybrid offering will aim to provide the best of both worlds for less critical development and work environments. This option is especially useful in cases where container technologies need to be combined, allowing for high reliability by keeping databases isolated in a private cloud.<\/p>\n\n\n\n<p><strong>The advantages of a Cloud server<\/strong><\/p>\n\n\n\n<p>A cloud server provides stability and security to business users because any software issues are isolated from their physical environment. Other cloud servers will not affect your cloud server, and vice versa. If another user overloads their cloud server, this will have no impact on your cloud server, unlike with physical servers.<\/p>\n\n\n\n<p>Cloud servers are stable, fast, and secure. They avoid the hardware problems seen with physical servers and are likely the most stable option for businesses looking to keep their IT budget down.<\/p>\n\n\n\n<p>Cloud servers provide faster service. You&#039;ll get more resources and faster service than you would get for a similar price with a physical server. Plus, you get scalability because it&#039;s very easy and quick to upgrade by adding memory and disk space, and it&#039;s more affordable.<\/p>","protected":false},"excerpt":{"rendered":"<p>\u00bfQU\u00c9 ES UN SERVIDOR CLOUD? Un servidor cloud es una infraestructura, que puede ser virtual o f\u00edsica, en la que se almacena y se procesa informaci\u00f3n y aplicaciones. Los servidores cloud se crean usando software de virtualizaci\u00f3n que divide un servidor f\u00edsico en m\u00faltiples servidores virtuales. El uso de un servidor Cloud es cada d\u00eda&#8230;<\/p>","protected":false},"author":4,"featured_media":0,"parent":6185,"menu_order":0,"comment_status":"closed","ping_status":"closed","template":"page-landing-glosario.php","meta":{"_acf_changed":false,"_kad_blocks_custom_css":"","_kad_blocks_head_custom_js":"","_kad_blocks_body_custom_js":"","_kad_blocks_footer_custom_js":"","_kad_post_transparent":"","_kad_post_title":"","_kad_post_layout":"","_kad_post_sidebar_id":"","_kad_post_content_style":"","_kad_post_vertical_padding":"","_kad_post_feature":"","_kad_post_feature_position":"","_kad_post_header":false,"_kad_post_footer":false,"_kad_post_classname":"","footnotes":""},"class_list":["post-20363","page","type-page","status-publish","hentry"],"acf":[],"yoast_head":"<!-- This site is optimized with the Yoast SEO plugin v27.4 - https:\/\/yoast.com\/product\/yoast-seo-wordpress\/ -->\n<title>Servidor Cloud. Todo lo que necesitas saber\u2026 - Apen Inform\u00e1tica<\/title>\n<meta name=\"description\" content=\"Un servidor cloud es una infraestructura, que puede ser virtual o f\u00edsica, en la que se almacena y se procesa informaci\u00f3n y aplicaciones. Los servidores \u2026\" \/>\n<meta name=\"robots\" content=\"index, follow, max-snippet:-1, max-image-preview:large, max-video-preview:-1\" \/>\n<link rel=\"canonical\" href=\"https:\/\/www.apen.es\/en\/computer-glossary\/cloud-server\/\" \/>\n<meta property=\"og:locale\" content=\"en_US\" \/>\n<meta property=\"og:type\" content=\"article\" \/>\n<meta property=\"og:title\" content=\"Servidor Cloud. Todo lo que necesitas saber\u2026 - Apen Inform\u00e1tica\" \/>\n<meta property=\"og:description\" content=\"Un servidor cloud es una infraestructura, que puede ser virtual o f\u00edsica, en la que se almacena y se procesa informaci\u00f3n y aplicaciones. Los servidores \u2026\" \/>\n<meta property=\"og:url\" content=\"https:\/\/www.apen.es\/en\/computer-glossary\/cloud-server\/\" \/>\n<meta property=\"og:site_name\" content=\"Apen Inform\u00e1tica\" \/>\n<meta property=\"article:publisher\" content=\"https:\/\/www.facebook.com\/apensolucions\" \/>\n<meta property=\"article:modified_time\" content=\"2025-07-14T11:11:33+00:00\" \/>\n<meta property=\"og:image\" content=\"https:\/\/www.apen.es\/wp-content\/uploads\/2020\/11\/servidor_cloud-300x199.jpg\" \/>\n<meta name=\"twitter:card\" content=\"summary_large_image\" \/>\n<meta name=\"twitter:label1\" content=\"Est. reading time\" \/>\n\t<meta name=\"twitter:data1\" content=\"3 minutes\" \/>\n<script type=\"application\/ld+json\" class=\"yoast-schema-graph\">{\"@context\":\"https:\\\/\\\/schema.org\",\"@graph\":[{\"@type\":\"WebPage\",\"@id\":\"https:\\\/\\\/www.apen.es\\\/glosario-de-informatica\\\/servidor-cloud\\\/\",\"url\":\"https:\\\/\\\/www.apen.es\\\/glosario-de-informatica\\\/servidor-cloud\\\/\",\"name\":\"Servidor Cloud. Todo lo que necesitas saber\u2026 - Apen Inform\u00e1tica\",\"isPartOf\":{\"@id\":\"https:\\\/\\\/www.apen.es\\\/#website\"},\"primaryImageOfPage\":{\"@id\":\"https:\\\/\\\/www.apen.es\\\/glosario-de-informatica\\\/servidor-cloud\\\/#primaryimage\"},\"image\":{\"@id\":\"https:\\\/\\\/www.apen.es\\\/glosario-de-informatica\\\/servidor-cloud\\\/#primaryimage\"},\"thumbnailUrl\":\"https:\\\/\\\/www.apen.es\\\/wp-content\\\/uploads\\\/2020\\\/11\\\/servidor_cloud-300x199.jpg\",\"datePublished\":\"2020-11-03T08:37:29+00:00\",\"dateModified\":\"2025-07-14T11:11:33+00:00\",\"description\":\"Un servidor cloud es una infraestructura, que puede ser virtual o f\u00edsica, en la que se almacena y se procesa informaci\u00f3n y aplicaciones. Los servidores \u2026\",\"breadcrumb\":{\"@id\":\"https:\\\/\\\/www.apen.es\\\/glosario-de-informatica\\\/servidor-cloud\\\/#breadcrumb\"},\"inLanguage\":\"en-US\",\"potentialAction\":[{\"@type\":\"ReadAction\",\"target\":[\"https:\\\/\\\/www.apen.es\\\/glosario-de-informatica\\\/servidor-cloud\\\/\"]}]},{\"@type\":\"ImageObject\",\"inLanguage\":\"en-US\",\"@id\":\"https:\\\/\\\/www.apen.es\\\/glosario-de-informatica\\\/servidor-cloud\\\/#primaryimage\",\"url\":\"https:\\\/\\\/www.apen.es\\\/wp-content\\\/uploads\\\/2020\\\/11\\\/servidor_cloud-300x199.jpg\",\"contentUrl\":\"https:\\\/\\\/www.apen.es\\\/wp-content\\\/uploads\\\/2020\\\/11\\\/servidor_cloud-300x199.jpg\"},{\"@type\":\"BreadcrumbList\",\"@id\":\"https:\\\/\\\/www.apen.es\\\/glosario-de-informatica\\\/servidor-cloud\\\/#breadcrumb\",\"itemListElement\":[{\"@type\":\"ListItem\",\"position\":1,\"name\":\"Portada\",\"item\":\"https:\\\/\\\/www.apen.es\\\/\"},{\"@type\":\"ListItem\",\"position\":2,\"name\":\"Glosario de inform\u00e1tica\",\"item\":\"https:\\\/\\\/www.apen.es\\\/glosario-de-informatica\\\/\"},{\"@type\":\"ListItem\",\"position\":3,\"name\":\"Servidor Cloud. Todo lo que necesitas saber\u2026\"}]},{\"@type\":\"WebSite\",\"@id\":\"https:\\\/\\\/www.apen.es\\\/#website\",\"url\":\"https:\\\/\\\/www.apen.es\\\/\",\"name\":\"Apen Inform\u00e1tica\",\"description\":\"Mantenimiento Inform\u00e1tico , Software de Gesti\u00f3n, Soluciones de impresi\u00f3n\",\"publisher\":{\"@id\":\"https:\\\/\\\/www.apen.es\\\/#organization\"},\"potentialAction\":[{\"@type\":\"SearchAction\",\"target\":{\"@type\":\"EntryPoint\",\"urlTemplate\":\"https:\\\/\\\/www.apen.es\\\/?s={search_term_string}\"},\"query-input\":{\"@type\":\"PropertyValueSpecification\",\"valueRequired\":true,\"valueName\":\"search_term_string\"}}],\"inLanguage\":\"en-US\"},{\"@type\":\"Organization\",\"@id\":\"https:\\\/\\\/www.apen.es\\\/#organization\",\"name\":\"Apen: Soluciones inform\u00e1ticas\",\"url\":\"https:\\\/\\\/www.apen.es\\\/\",\"logo\":{\"@type\":\"ImageObject\",\"inLanguage\":\"en-US\",\"@id\":\"https:\\\/\\\/www.apen.es\\\/#\\\/schema\\\/logo\\\/image\\\/\",\"url\":\"https:\\\/\\\/www.apen.es\\\/wp-content\\\/uploads\\\/2022\\\/08\\\/logo-apenok-231x82-1.png\",\"contentUrl\":\"https:\\\/\\\/www.apen.es\\\/wp-content\\\/uploads\\\/2022\\\/08\\\/logo-apenok-231x82-1.png\",\"width\":231,\"height\":82,\"caption\":\"Apen: Soluciones inform\u00e1ticas\"},\"image\":{\"@id\":\"https:\\\/\\\/www.apen.es\\\/#\\\/schema\\\/logo\\\/image\\\/\"},\"sameAs\":[\"https:\\\/\\\/www.facebook.com\\\/apensolucions\",\"https:\\\/\\\/www.youtube.com\\\/user\\\/ApenCentreInformatic\",\"https:\\\/\\\/www.linkedin.com\\\/company\\\/1021771?trk=tyah&trkInfo=clickedVerticalcompanyclickedEntityId1021771idx2-1-2tarId1464195271196tasapenin\"]}]}<\/script>\n<!-- \/ Yoast SEO plugin. -->","yoast_head_json":{"title":"Servidor Cloud. Todo lo que necesitas saber\u2026 - Apen Inform\u00e1tica","description":"Un servidor cloud es una infraestructura, que puede ser virtual o f\u00edsica, en la que se almacena y se procesa informaci\u00f3n y aplicaciones. Los servidores \u2026","robots":{"index":"index","follow":"follow","max-snippet":"max-snippet:-1","max-image-preview":"max-image-preview:large","max-video-preview":"max-video-preview:-1"},"canonical":"https:\/\/www.apen.es\/en\/computer-glossary\/cloud-server\/","og_locale":"en_US","og_type":"article","og_title":"Servidor Cloud. Todo lo que necesitas saber\u2026 - Apen Inform\u00e1tica","og_description":"Un servidor cloud es una infraestructura, que puede ser virtual o f\u00edsica, en la que se almacena y se procesa informaci\u00f3n y aplicaciones. Los servidores \u2026","og_url":"https:\/\/www.apen.es\/en\/computer-glossary\/cloud-server\/","og_site_name":"Apen Inform\u00e1tica","article_publisher":"https:\/\/www.facebook.com\/apensolucions","article_modified_time":"2025-07-14T11:11:33+00:00","og_image":[{"url":"https:\/\/www.apen.es\/wp-content\/uploads\/2020\/11\/servidor_cloud-300x199.jpg","type":"","width":"","height":""}],"twitter_card":"summary_large_image","twitter_misc":{"Est. reading time":"3 minutes"},"schema":{"@context":"https:\/\/schema.org","@graph":[{"@type":"WebPage","@id":"https:\/\/www.apen.es\/glosario-de-informatica\/servidor-cloud\/","url":"https:\/\/www.apen.es\/glosario-de-informatica\/servidor-cloud\/","name":"Servidor Cloud. Todo lo que necesitas saber\u2026 - Apen Inform\u00e1tica","isPartOf":{"@id":"https:\/\/www.apen.es\/#website"},"primaryImageOfPage":{"@id":"https:\/\/www.apen.es\/glosario-de-informatica\/servidor-cloud\/#primaryimage"},"image":{"@id":"https:\/\/www.apen.es\/glosario-de-informatica\/servidor-cloud\/#primaryimage"},"thumbnailUrl":"https:\/\/www.apen.es\/wp-content\/uploads\/2020\/11\/servidor_cloud-300x199.jpg","datePublished":"2020-11-03T08:37:29+00:00","dateModified":"2025-07-14T11:11:33+00:00","description":"Un servidor cloud es una infraestructura, que puede ser virtual o f\u00edsica, en la que se almacena y se procesa informaci\u00f3n y aplicaciones. Los servidores \u2026","breadcrumb":{"@id":"https:\/\/www.apen.es\/glosario-de-informatica\/servidor-cloud\/#breadcrumb"},"inLanguage":"en-US","potentialAction":[{"@type":"ReadAction","target":["https:\/\/www.apen.es\/glosario-de-informatica\/servidor-cloud\/"]}]},{"@type":"ImageObject","inLanguage":"en-US","@id":"https:\/\/www.apen.es\/glosario-de-informatica\/servidor-cloud\/#primaryimage","url":"https:\/\/www.apen.es\/wp-content\/uploads\/2020\/11\/servidor_cloud-300x199.jpg","contentUrl":"https:\/\/www.apen.es\/wp-content\/uploads\/2020\/11\/servidor_cloud-300x199.jpg"},{"@type":"BreadcrumbList","@id":"https:\/\/www.apen.es\/glosario-de-informatica\/servidor-cloud\/#breadcrumb","itemListElement":[{"@type":"ListItem","position":1,"name":"Portada","item":"https:\/\/www.apen.es\/"},{"@type":"ListItem","position":2,"name":"Glosario de inform\u00e1tica","item":"https:\/\/www.apen.es\/glosario-de-informatica\/"},{"@type":"ListItem","position":3,"name":"Servidor Cloud. Todo lo que necesitas saber\u2026"}]},{"@type":"WebSite","@id":"https:\/\/www.apen.es\/#website","url":"https:\/\/www.apen.es\/","name":"Apen Inform\u00e1tica","description":"IT Maintenance, Management Software, Printing Solutions","publisher":{"@id":"https:\/\/www.apen.es\/#organization"},"potentialAction":[{"@type":"SearchAction","target":{"@type":"EntryPoint","urlTemplate":"https:\/\/www.apen.es\/?s={search_term_string}"},"query-input":{"@type":"PropertyValueSpecification","valueRequired":true,"valueName":"search_term_string"}}],"inLanguage":"en-US"},{"@type":"Organization","@id":"https:\/\/www.apen.es\/#organization","name":"Apen: IT Solutions","url":"https:\/\/www.apen.es\/","logo":{"@type":"ImageObject","inLanguage":"en-US","@id":"https:\/\/www.apen.es\/#\/schema\/logo\/image\/","url":"https:\/\/www.apen.es\/wp-content\/uploads\/2022\/08\/logo-apenok-231x82-1.png","contentUrl":"https:\/\/www.apen.es\/wp-content\/uploads\/2022\/08\/logo-apenok-231x82-1.png","width":231,"height":82,"caption":"Apen: Soluciones inform\u00e1ticas"},"image":{"@id":"https:\/\/www.apen.es\/#\/schema\/logo\/image\/"},"sameAs":["https:\/\/www.facebook.com\/apensolucions","https:\/\/www.youtube.com\/user\/ApenCentreInformatic","https:\/\/www.linkedin.com\/company\/1021771?trk=tyah&trkInfo=clickedVerticalcompanyclickedEntityId1021771idx2-1-2tarId1464195271196tasapenin"]}]}},"taxonomy_info":[],"featured_image_src_large":false,"author_info":{"display_name":"marqueting","author_link":"https:\/\/www.apen.es\/en\/blog\/author\/marqueting\/"},"comment_info":0,"_links":{"self":[{"href":"https:\/\/www.apen.es\/en\/wp-json\/wp\/v2\/pages\/20363","targetHints":{"allow":["GET"]}}],"collection":[{"href":"https:\/\/www.apen.es\/en\/wp-json\/wp\/v2\/pages"}],"about":[{"href":"https:\/\/www.apen.es\/en\/wp-json\/wp\/v2\/types\/page"}],"author":[{"embeddable":true,"href":"https:\/\/www.apen.es\/en\/wp-json\/wp\/v2\/users\/4"}],"replies":[{"embeddable":true,"href":"https:\/\/www.apen.es\/en\/wp-json\/wp\/v2\/comments?post=20363"}],"version-history":[{"count":1,"href":"https:\/\/www.apen.es\/en\/wp-json\/wp\/v2\/pages\/20363\/revisions"}],"predecessor-version":[{"id":56582,"href":"https:\/\/www.apen.es\/en\/wp-json\/wp\/v2\/pages\/20363\/revisions\/56582"}],"up":[{"embeddable":true,"href":"https:\/\/www.apen.es\/en\/wp-json\/wp\/v2\/pages\/6185"}],"wp:attachment":[{"href":"https:\/\/www.apen.es\/en\/wp-json\/wp\/v2\/media?parent=20363"}],"curies":[{"name":"wp","href":"https:\/\/api.w.org\/{rel}","templated":true}]}}