{"id":20360,"date":"2020-11-03T08:36:33","date_gmt":"2020-11-03T08:36:33","guid":{"rendered":"https:\/\/www.apen.es\/?page_id=20360"},"modified":"2025-07-14T11:12:09","modified_gmt":"2025-07-14T11:12:09","slug":"vps-server","status":"publish","type":"page","link":"https:\/\/www.apen.es\/en\/computer-glossary\/vps-server\/","title":{"rendered":"VPS Server"},"content":{"rendered":"<div class=\"wp-block-image\">\n<figure class=\"alignleft\"><img loading=\"lazy\" decoding=\"async\" width=\"300\" height=\"200\" src=\"https:\/\/www.apen.es\/wp-content\/uploads\/2020\/11\/servidor_vps-300x200.jpg\" alt=\"\" class=\"wp-image-20361\" title=\"Backups. What is a backup?\" srcset=\"https:\/\/www.apen.es\/wp-content\/uploads\/2020\/11\/servidor_vps-300x200.jpg 300w, https:\/\/www.apen.es\/wp-content\/uploads\/2020\/11\/servidor_vps-1024x683.jpg 1024w, https:\/\/www.apen.es\/wp-content\/uploads\/2020\/11\/servidor_vps-768x512.jpg 768w, https:\/\/www.apen.es\/wp-content\/uploads\/2020\/11\/servidor_vps-800x535.jpg 800w, https:\/\/www.apen.es\/wp-content\/uploads\/2020\/11\/servidor_vps-1170x780.jpg 1170w, https:\/\/www.apen.es\/wp-content\/uploads\/2020\/11\/servidor_vps.jpg 1280w\" sizes=\"auto, (max-width: 300px) 100vw, 300px\" \/><\/figure>\n<\/div>\n\n\n<p>A VPS is a <a href=\"https:\/\/www.apen.es\/en\/cloud-solutions\/servidores-virtuales\/\"><strong>virtual server<\/strong><\/a> A virtual private server (VPS) is essentially a virtual partition within a physical server that allocates exclusive resources to each partition. Access is granted, allowing users to install an operating system and work with a high degree of freedom. A VPS is one of the most popular hosting services available for websites today.<\/p>\n\n\n\n<p>A server is a computer on which your web server stores the files and databases necessary for your website. Whenever an online visitor wants to access your website, their browser sends a request to your server, which then transfers the necessary files over the internet. VPS hosting provides you with a virtual server that simulates a physical server; however, in reality, the machine is shared among multiple users.<\/p>\n\n\n\n<p>With virtualization technology, the hosting provider installs a virtual layer on top of the server&#039;s operating system. This layer divides the server into partitions and allows each user to install their own operating system and software.<\/p>\n\n\n\n<p>Therefore, a VPS is both virtual and private because each user has complete control. It is isolated from other server users at the operating system level. In fact, VPS technology is similar to creating partitions on your own computer when you want to run more than one operating system (for example, Windows and Linux) without restarting.<\/p>\n\n\n\n<p>A VPS is one of the most secure and stable solutions, especially compared to shared hosting, since the latter doesn&#039;t provide dedicated server space. However, it&#039;s smaller and more economical than renting an entire server.<\/p>\n\n\n\n<p>VPS hosting is generally chosen by website owners who have medium-level traffic that exceeds the limits of shared hosting plans, but who are not yet at a high enough level of visits to need the resources of a dedicated server.<\/p>\n\n\n\n<p>Running a VPS allows you to set up a website within a secure container with guaranteed resources such as memory, disk space, CPU cores, and more, which you don&#039;t have to share with other users. With VPS hosting, you have the same root-level access as with a dedicated server, but at a much lower cost.<\/p>\n\n\n\n<p>The biggest advantages of a VPS are the security it offers, the scalability it allows in case more resources are needed, and the quick recovery that can occur in case of any problem.<\/p>","protected":false},"excerpt":{"rendered":"<p>Un VPS es un servidor virtual privado (VPS, del ingl\u00e9s virtual private server). B\u00e1sicamente se trata de una participaci\u00f3n que se realiza de forma virtual dentro de un servidos f\u00edsico que le asigna recursos exclusivos a cada una de las participaciones. Se otorgan accesos que permiten instalar un sistema operativo y trabajar con un alto&#8230;<\/p>","protected":false},"author":4,"featured_media":0,"parent":6185,"menu_order":0,"comment_status":"closed","ping_status":"closed","template":"page-landing-glosario.php","meta":{"_acf_changed":false,"_kad_blocks_custom_css":"","_kad_blocks_head_custom_js":"","_kad_blocks_body_custom_js":"","_kad_blocks_footer_custom_js":"","_kad_post_transparent":"","_kad_post_title":"","_kad_post_layout":"","_kad_post_sidebar_id":"","_kad_post_content_style":"","_kad_post_vertical_padding":"","_kad_post_feature":"","_kad_post_feature_position":"","_kad_post_header":false,"_kad_post_footer":false,"_kad_post_classname":"","footnotes":""},"class_list":["post-20360","page","type-page","status-publish","hentry"],"acf":[],"yoast_head":"<!-- This site is optimized with the Yoast SEO plugin v27.4 - https:\/\/yoast.com\/product\/yoast-seo-wordpress\/ -->\n<title>Servidor VPS - Apen Inform\u00e1tica<\/title>\n<meta name=\"description\" content=\"Un VPS es un servidor virtual privado (VPS, del ingl\u00e9s virtual private server). B\u00e1sicamente se trata de una participaci\u00f3n que se realiza de forma virtual\u2026\" \/>\n<meta name=\"robots\" content=\"index, follow, max-snippet:-1, max-image-preview:large, max-video-preview:-1\" \/>\n<link rel=\"canonical\" href=\"https:\/\/www.apen.es\/en\/computer-glossary\/vps-server\/\" \/>\n<meta property=\"og:locale\" content=\"en_US\" \/>\n<meta property=\"og:type\" content=\"article\" \/>\n<meta property=\"og:title\" content=\"Servidor VPS - Apen Inform\u00e1tica\" \/>\n<meta property=\"og:description\" content=\"Un VPS es un servidor virtual privado (VPS, del ingl\u00e9s virtual private server). B\u00e1sicamente se trata de una participaci\u00f3n que se realiza de forma virtual\u2026\" \/>\n<meta property=\"og:url\" content=\"https:\/\/www.apen.es\/en\/computer-glossary\/vps-server\/\" \/>\n<meta property=\"og:site_name\" content=\"Apen Inform\u00e1tica\" \/>\n<meta property=\"article:publisher\" content=\"https:\/\/www.facebook.com\/apensolucions\" \/>\n<meta property=\"article:modified_time\" content=\"2025-07-14T11:12:09+00:00\" \/>\n<meta property=\"og:image\" content=\"https:\/\/www.apen.es\/wp-content\/uploads\/2020\/11\/servidor_vps-300x200.jpg\" \/>\n<meta name=\"twitter:card\" content=\"summary_large_image\" \/>\n<meta name=\"twitter:label1\" content=\"Est. reading time\" \/>\n\t<meta name=\"twitter:data1\" content=\"3 minutes\" \/>\n<script type=\"application\/ld+json\" class=\"yoast-schema-graph\">{\"@context\":\"https:\\\/\\\/schema.org\",\"@graph\":[{\"@type\":\"WebPage\",\"@id\":\"https:\\\/\\\/www.apen.es\\\/glosario-de-informatica\\\/servidor-vps\\\/\",\"url\":\"https:\\\/\\\/www.apen.es\\\/glosario-de-informatica\\\/servidor-vps\\\/\",\"name\":\"Servidor VPS - Apen Inform\u00e1tica\",\"isPartOf\":{\"@id\":\"https:\\\/\\\/www.apen.es\\\/#website\"},\"primaryImageOfPage\":{\"@id\":\"https:\\\/\\\/www.apen.es\\\/glosario-de-informatica\\\/servidor-vps\\\/#primaryimage\"},\"image\":{\"@id\":\"https:\\\/\\\/www.apen.es\\\/glosario-de-informatica\\\/servidor-vps\\\/#primaryimage\"},\"thumbnailUrl\":\"https:\\\/\\\/www.apen.es\\\/wp-content\\\/uploads\\\/2020\\\/11\\\/servidor_vps-300x200.jpg\",\"datePublished\":\"2020-11-03T08:36:33+00:00\",\"dateModified\":\"2025-07-14T11:12:09+00:00\",\"description\":\"Un VPS es un servidor virtual privado (VPS, del ingl\u00e9s virtual private server). B\u00e1sicamente se trata de una participaci\u00f3n que se realiza de forma virtual\u2026\",\"breadcrumb\":{\"@id\":\"https:\\\/\\\/www.apen.es\\\/glosario-de-informatica\\\/servidor-vps\\\/#breadcrumb\"},\"inLanguage\":\"en-US\",\"potentialAction\":[{\"@type\":\"ReadAction\",\"target\":[\"https:\\\/\\\/www.apen.es\\\/glosario-de-informatica\\\/servidor-vps\\\/\"]}]},{\"@type\":\"ImageObject\",\"inLanguage\":\"en-US\",\"@id\":\"https:\\\/\\\/www.apen.es\\\/glosario-de-informatica\\\/servidor-vps\\\/#primaryimage\",\"url\":\"https:\\\/\\\/www.apen.es\\\/wp-content\\\/uploads\\\/2020\\\/11\\\/servidor_vps-300x200.jpg\",\"contentUrl\":\"https:\\\/\\\/www.apen.es\\\/wp-content\\\/uploads\\\/2020\\\/11\\\/servidor_vps-300x200.jpg\"},{\"@type\":\"BreadcrumbList\",\"@id\":\"https:\\\/\\\/www.apen.es\\\/glosario-de-informatica\\\/servidor-vps\\\/#breadcrumb\",\"itemListElement\":[{\"@type\":\"ListItem\",\"position\":1,\"name\":\"Portada\",\"item\":\"https:\\\/\\\/www.apen.es\\\/\"},{\"@type\":\"ListItem\",\"position\":2,\"name\":\"Glosario de inform\u00e1tica\",\"item\":\"https:\\\/\\\/www.apen.es\\\/glosario-de-informatica\\\/\"},{\"@type\":\"ListItem\",\"position\":3,\"name\":\"Servidor VPS\"}]},{\"@type\":\"WebSite\",\"@id\":\"https:\\\/\\\/www.apen.es\\\/#website\",\"url\":\"https:\\\/\\\/www.apen.es\\\/\",\"name\":\"Apen Inform\u00e1tica\",\"description\":\"Mantenimiento Inform\u00e1tico , Software de Gesti\u00f3n, Soluciones de impresi\u00f3n\",\"publisher\":{\"@id\":\"https:\\\/\\\/www.apen.es\\\/#organization\"},\"potentialAction\":[{\"@type\":\"SearchAction\",\"target\":{\"@type\":\"EntryPoint\",\"urlTemplate\":\"https:\\\/\\\/www.apen.es\\\/?s={search_term_string}\"},\"query-input\":{\"@type\":\"PropertyValueSpecification\",\"valueRequired\":true,\"valueName\":\"search_term_string\"}}],\"inLanguage\":\"en-US\"},{\"@type\":\"Organization\",\"@id\":\"https:\\\/\\\/www.apen.es\\\/#organization\",\"name\":\"Apen: Soluciones inform\u00e1ticas\",\"url\":\"https:\\\/\\\/www.apen.es\\\/\",\"logo\":{\"@type\":\"ImageObject\",\"inLanguage\":\"en-US\",\"@id\":\"https:\\\/\\\/www.apen.es\\\/#\\\/schema\\\/logo\\\/image\\\/\",\"url\":\"https:\\\/\\\/www.apen.es\\\/wp-content\\\/uploads\\\/2022\\\/08\\\/logo-apenok-231x82-1.png\",\"contentUrl\":\"https:\\\/\\\/www.apen.es\\\/wp-content\\\/uploads\\\/2022\\\/08\\\/logo-apenok-231x82-1.png\",\"width\":231,\"height\":82,\"caption\":\"Apen: Soluciones inform\u00e1ticas\"},\"image\":{\"@id\":\"https:\\\/\\\/www.apen.es\\\/#\\\/schema\\\/logo\\\/image\\\/\"},\"sameAs\":[\"https:\\\/\\\/www.facebook.com\\\/apensolucions\",\"https:\\\/\\\/www.youtube.com\\\/user\\\/ApenCentreInformatic\",\"https:\\\/\\\/www.linkedin.com\\\/company\\\/1021771?trk=tyah&trkInfo=clickedVerticalcompanyclickedEntityId1021771idx2-1-2tarId1464195271196tasapenin\"]}]}<\/script>\n<!-- \/ Yoast SEO plugin. -->","yoast_head_json":{"title":"VPS Server - Apen Inform\u00e1tica","description":"A VPS is a virtual private server. Essentially, it&#039;s a virtual space where a server operates...","robots":{"index":"index","follow":"follow","max-snippet":"max-snippet:-1","max-image-preview":"max-image-preview:large","max-video-preview":"max-video-preview:-1"},"canonical":"https:\/\/www.apen.es\/en\/computer-glossary\/vps-server\/","og_locale":"en_US","og_type":"article","og_title":"Servidor VPS - Apen Inform\u00e1tica","og_description":"Un VPS es un servidor virtual privado (VPS, del ingl\u00e9s virtual private server). B\u00e1sicamente se trata de una participaci\u00f3n que se realiza de forma virtual\u2026","og_url":"https:\/\/www.apen.es\/en\/computer-glossary\/vps-server\/","og_site_name":"Apen Inform\u00e1tica","article_publisher":"https:\/\/www.facebook.com\/apensolucions","article_modified_time":"2025-07-14T11:12:09+00:00","og_image":[{"url":"https:\/\/www.apen.es\/wp-content\/uploads\/2020\/11\/servidor_vps-300x200.jpg","type":"","width":"","height":""}],"twitter_card":"summary_large_image","twitter_misc":{"Est. reading time":"3 minutes"},"schema":{"@context":"https:\/\/schema.org","@graph":[{"@type":"WebPage","@id":"https:\/\/www.apen.es\/glosario-de-informatica\/servidor-vps\/","url":"https:\/\/www.apen.es\/glosario-de-informatica\/servidor-vps\/","name":"VPS Server - Apen Inform\u00e1tica","isPartOf":{"@id":"https:\/\/www.apen.es\/#website"},"primaryImageOfPage":{"@id":"https:\/\/www.apen.es\/glosario-de-informatica\/servidor-vps\/#primaryimage"},"image":{"@id":"https:\/\/www.apen.es\/glosario-de-informatica\/servidor-vps\/#primaryimage"},"thumbnailUrl":"https:\/\/www.apen.es\/wp-content\/uploads\/2020\/11\/servidor_vps-300x200.jpg","datePublished":"2020-11-03T08:36:33+00:00","dateModified":"2025-07-14T11:12:09+00:00","description":"A VPS is a virtual private server. Essentially, it&#039;s a virtual space where a server operates...","breadcrumb":{"@id":"https:\/\/www.apen.es\/glosario-de-informatica\/servidor-vps\/#breadcrumb"},"inLanguage":"en-US","potentialAction":[{"@type":"ReadAction","target":["https:\/\/www.apen.es\/glosario-de-informatica\/servidor-vps\/"]}]},{"@type":"ImageObject","inLanguage":"en-US","@id":"https:\/\/www.apen.es\/glosario-de-informatica\/servidor-vps\/#primaryimage","url":"https:\/\/www.apen.es\/wp-content\/uploads\/2020\/11\/servidor_vps-300x200.jpg","contentUrl":"https:\/\/www.apen.es\/wp-content\/uploads\/2020\/11\/servidor_vps-300x200.jpg"},{"@type":"BreadcrumbList","@id":"https:\/\/www.apen.es\/glosario-de-informatica\/servidor-vps\/#breadcrumb","itemListElement":[{"@type":"ListItem","position":1,"name":"Portada","item":"https:\/\/www.apen.es\/"},{"@type":"ListItem","position":2,"name":"Glosario de inform\u00e1tica","item":"https:\/\/www.apen.es\/glosario-de-informatica\/"},{"@type":"ListItem","position":3,"name":"Servidor VPS"}]},{"@type":"WebSite","@id":"https:\/\/www.apen.es\/#website","url":"https:\/\/www.apen.es\/","name":"Apen Inform\u00e1tica","description":"IT Maintenance, Management Software, Printing Solutions","publisher":{"@id":"https:\/\/www.apen.es\/#organization"},"potentialAction":[{"@type":"SearchAction","target":{"@type":"EntryPoint","urlTemplate":"https:\/\/www.apen.es\/?s={search_term_string}"},"query-input":{"@type":"PropertyValueSpecification","valueRequired":true,"valueName":"search_term_string"}}],"inLanguage":"en-US"},{"@type":"Organization","@id":"https:\/\/www.apen.es\/#organization","name":"Apen: IT Solutions","url":"https:\/\/www.apen.es\/","logo":{"@type":"ImageObject","inLanguage":"en-US","@id":"https:\/\/www.apen.es\/#\/schema\/logo\/image\/","url":"https:\/\/www.apen.es\/wp-content\/uploads\/2022\/08\/logo-apenok-231x82-1.png","contentUrl":"https:\/\/www.apen.es\/wp-content\/uploads\/2022\/08\/logo-apenok-231x82-1.png","width":231,"height":82,"caption":"Apen: Soluciones inform\u00e1ticas"},"image":{"@id":"https:\/\/www.apen.es\/#\/schema\/logo\/image\/"},"sameAs":["https:\/\/www.facebook.com\/apensolucions","https:\/\/www.youtube.com\/user\/ApenCentreInformatic","https:\/\/www.linkedin.com\/company\/1021771?trk=tyah&trkInfo=clickedVerticalcompanyclickedEntityId1021771idx2-1-2tarId1464195271196tasapenin"]}]}},"taxonomy_info":[],"featured_image_src_large":false,"author_info":{"display_name":"marqueting","author_link":"https:\/\/www.apen.es\/en\/blog\/author\/marqueting\/"},"comment_info":0,"_links":{"self":[{"href":"https:\/\/www.apen.es\/en\/wp-json\/wp\/v2\/pages\/20360","targetHints":{"allow":["GET"]}}],"collection":[{"href":"https:\/\/www.apen.es\/en\/wp-json\/wp\/v2\/pages"}],"about":[{"href":"https:\/\/www.apen.es\/en\/wp-json\/wp\/v2\/types\/page"}],"author":[{"embeddable":true,"href":"https:\/\/www.apen.es\/en\/wp-json\/wp\/v2\/users\/4"}],"replies":[{"embeddable":true,"href":"https:\/\/www.apen.es\/en\/wp-json\/wp\/v2\/comments?post=20360"}],"version-history":[{"count":5,"href":"https:\/\/www.apen.es\/en\/wp-json\/wp\/v2\/pages\/20360\/revisions"}],"predecessor-version":[{"id":56584,"href":"https:\/\/www.apen.es\/en\/wp-json\/wp\/v2\/pages\/20360\/revisions\/56584"}],"up":[{"embeddable":true,"href":"https:\/\/www.apen.es\/en\/wp-json\/wp\/v2\/pages\/6185"}],"wp:attachment":[{"href":"https:\/\/www.apen.es\/en\/wp-json\/wp\/v2\/media?parent=20360"}],"curies":[{"name":"wp","href":"https:\/\/api.w.org\/{rel}","templated":true}]}}