{"id":20348,"date":"2020-11-03T08:09:56","date_gmt":"2020-11-03T08:09:56","guid":{"rendered":"https:\/\/www.apen.es\/?page_id=20348"},"modified":"2025-07-14T11:01:37","modified_gmt":"2025-07-14T11:01:37","slug":"online-exchange","status":"publish","type":"page","link":"https:\/\/www.apen.es\/en\/computer-glossary\/online-exchange\/","title":{"rendered":"Exchange Online"},"content":{"rendered":"<h2 class=\"wp-block-heading\">WHAT IS EXCHANGE ONLINE?<\/h2>\n\n\n<div class=\"wp-block-image\">\n<figure class=\"alignleft\"><img loading=\"lazy\" decoding=\"async\" width=\"300\" height=\"136\" src=\"https:\/\/www.apen.es\/wp-content\/uploads\/2020\/11\/microsoft-exchange-online-300x136.png\" alt=\"\" class=\"wp-image-20349\" title=\"Exchange Online. What is Exchange Online?\" srcset=\"https:\/\/www.apen.es\/wp-content\/uploads\/2020\/11\/microsoft-exchange-online-300x136.png 300w, https:\/\/www.apen.es\/wp-content\/uploads\/2020\/11\/microsoft-exchange-online.png 702w\" sizes=\"auto, (max-width: 300px) 100vw, 300px\" \/><\/figure>\n<\/div>\n\n\n<p>Exchange Online is Microsoft&#039;s hosted version of its Exchange Server email software. Exchange Server was launched about 20 years ago and has become a staple of business communications worldwide.<\/p>\n\n\n\n<p>Exchange Online was launched in 2011 and offers some interesting advantages for businesses. One of them is that it eliminates the need for ongoing investment in server administration and maintenance.<\/p>\n\n\n\n<p>Microsoft hosts Exchange Online in its data centers, ensuring its security and availability. Exchange Online is, of course, compatible with Outlook and offers some web-based features and applications not available with Exchange 2016. Therefore, Microsoft offers Exchange Online as part of Office 365 plans and as a standalone email option.<\/p>\n\n\n\n<p>Individuals connect to Exchange Online through their Microsoft Outlook desktop user account to access email and collaboration features, including shared calendars, global address lists, and conference rooms. Businesses can obtain Exchange Online as a standalone service or through an Office 365 subscription.<\/p>\n\n\n\n<p><strong>Exchange Online management options<\/strong><\/p>\n\n\n\n<p>Administrators can use different tools to manage Exchange Online.<\/p>\n\n\n\n<p>The Exchange admin center is a centralized management console used to adjust Exchange Online features, including permissions, compliance management, security, and configuring mobile device access.<\/p>\n\n\n\n<p>Microsoft offers Exchange Online in its other Office 365 offerings, including Office 365 Business Essentials, Office 365 Business, Office 365 Enterprise E1, Office 365 Enterprise E3, Office 365 Enterprise E5, Office 365 Enterprise F1, Office 365 Education, and Office 365 Education E5.<\/p>\n\n\n\n<p>Organizations can use Exchange Online in a hybrid deployment where some mailboxes remain in the data center while others are hosted in the Microsoft cloud. A hybrid deployment allows an organization to maintain some control and use some of its on-premises features. Organizations can also use cloud-only deployments that place all mailboxes in a Microsoft data center.<\/p>\n\n\n\n<p><strong>The benefits of Exchange Online<\/strong><\/p>\n\n\n\n<p>Exchange Online is presented as a way to reduce the workload of IT staff. Maintaining an on-premises version of Exchange to ensure that email, calendars, and other messaging features work as expected requires time and effort.<\/p>\n\n\n\n<p>With Exchange Online, Microsoft runs the service in its data centers and performs updates without downtime or involving a company&#039;s IT department. Exchange Online can alleviate some hardware issues, and Microsoft promotes the stability of its service.<\/p>","protected":false},"excerpt":{"rendered":"<p>\u00bfQU\u00c9 ES ECHANGE ONLINE? Exchange Online es la versi\u00f3n alojada por Microsoft de su software de correo electr\u00f3nico Exchange Server. Exchange Server se lanz\u00f3 hace unos 20 a\u00f1os y se ha convertido en un elemento b\u00e1sico de las comunicaciones comerciales en todo el mundo. Exchange Online surgi\u00f3 en 2011 y ofrece algunas ventajas interesantes para&#8230;<\/p>","protected":false},"author":4,"featured_media":0,"parent":6185,"menu_order":0,"comment_status":"closed","ping_status":"closed","template":"page-landing-glosario.php","meta":{"_acf_changed":false,"_kad_blocks_custom_css":"","_kad_blocks_head_custom_js":"","_kad_blocks_body_custom_js":"","_kad_blocks_footer_custom_js":"","_kad_post_transparent":"","_kad_post_title":"","_kad_post_layout":"","_kad_post_sidebar_id":"","_kad_post_content_style":"","_kad_post_vertical_padding":"","_kad_post_feature":"","_kad_post_feature_position":"","_kad_post_header":false,"_kad_post_footer":false,"_kad_post_classname":"","footnotes":""},"class_list":["post-20348","page","type-page","status-publish","hentry"],"acf":[],"yoast_head":"<!-- This site is optimized with the Yoast SEO plugin v27.4 - https:\/\/yoast.com\/product\/yoast-seo-wordpress\/ -->\n<title>Exchange Online - Apen Inform\u00e1tica<\/title>\n<meta name=\"description\" content=\"Exchange Online es la versi\u00f3n alojada por Microsoft de su software de correo electr\u00f3nico Exchange Server. Exchange Server se lanz\u00f3 hace\u2026\" \/>\n<meta name=\"robots\" content=\"index, follow, max-snippet:-1, max-image-preview:large, max-video-preview:-1\" \/>\n<link rel=\"canonical\" href=\"https:\/\/www.apen.es\/en\/computer-glossary\/online-exchange\/\" \/>\n<meta property=\"og:locale\" content=\"en_US\" \/>\n<meta property=\"og:type\" content=\"article\" \/>\n<meta property=\"og:title\" content=\"Exchange Online - Apen Inform\u00e1tica\" \/>\n<meta property=\"og:description\" content=\"Exchange Online es la versi\u00f3n alojada por Microsoft de su software de correo electr\u00f3nico Exchange Server. Exchange Server se lanz\u00f3 hace\u2026\" \/>\n<meta property=\"og:url\" content=\"https:\/\/www.apen.es\/en\/computer-glossary\/online-exchange\/\" \/>\n<meta property=\"og:site_name\" content=\"Apen Inform\u00e1tica\" \/>\n<meta property=\"article:publisher\" content=\"https:\/\/www.facebook.com\/apensolucions\" \/>\n<meta property=\"article:modified_time\" content=\"2025-07-14T11:01:37+00:00\" \/>\n<meta property=\"og:image\" content=\"https:\/\/www.apen.es\/wp-content\/uploads\/2020\/11\/microsoft-exchange-online-300x136.png\" \/>\n<meta name=\"twitter:card\" content=\"summary_large_image\" \/>\n<meta name=\"twitter:label1\" content=\"Est. reading time\" \/>\n\t<meta name=\"twitter:data1\" content=\"3 minutes\" \/>\n<script type=\"application\/ld+json\" class=\"yoast-schema-graph\">{\"@context\":\"https:\\\/\\\/schema.org\",\"@graph\":[{\"@type\":\"WebPage\",\"@id\":\"https:\\\/\\\/www.apen.es\\\/glosario-de-informatica\\\/exchange-online\\\/\",\"url\":\"https:\\\/\\\/www.apen.es\\\/glosario-de-informatica\\\/exchange-online\\\/\",\"name\":\"Exchange Online - Apen Inform\u00e1tica\",\"isPartOf\":{\"@id\":\"https:\\\/\\\/www.apen.es\\\/#website\"},\"primaryImageOfPage\":{\"@id\":\"https:\\\/\\\/www.apen.es\\\/glosario-de-informatica\\\/exchange-online\\\/#primaryimage\"},\"image\":{\"@id\":\"https:\\\/\\\/www.apen.es\\\/glosario-de-informatica\\\/exchange-online\\\/#primaryimage\"},\"thumbnailUrl\":\"https:\\\/\\\/www.apen.es\\\/wp-content\\\/uploads\\\/2020\\\/11\\\/microsoft-exchange-online-300x136.png\",\"datePublished\":\"2020-11-03T08:09:56+00:00\",\"dateModified\":\"2025-07-14T11:01:37+00:00\",\"description\":\"Exchange Online es la versi\u00f3n alojada por Microsoft de su software de correo electr\u00f3nico Exchange Server. Exchange Server se lanz\u00f3 hace\u2026\",\"breadcrumb\":{\"@id\":\"https:\\\/\\\/www.apen.es\\\/glosario-de-informatica\\\/exchange-online\\\/#breadcrumb\"},\"inLanguage\":\"en-US\",\"potentialAction\":[{\"@type\":\"ReadAction\",\"target\":[\"https:\\\/\\\/www.apen.es\\\/glosario-de-informatica\\\/exchange-online\\\/\"]}]},{\"@type\":\"ImageObject\",\"inLanguage\":\"en-US\",\"@id\":\"https:\\\/\\\/www.apen.es\\\/glosario-de-informatica\\\/exchange-online\\\/#primaryimage\",\"url\":\"https:\\\/\\\/www.apen.es\\\/wp-content\\\/uploads\\\/2020\\\/11\\\/microsoft-exchange-online-300x136.png\",\"contentUrl\":\"https:\\\/\\\/www.apen.es\\\/wp-content\\\/uploads\\\/2020\\\/11\\\/microsoft-exchange-online-300x136.png\"},{\"@type\":\"BreadcrumbList\",\"@id\":\"https:\\\/\\\/www.apen.es\\\/glosario-de-informatica\\\/exchange-online\\\/#breadcrumb\",\"itemListElement\":[{\"@type\":\"ListItem\",\"position\":1,\"name\":\"Portada\",\"item\":\"https:\\\/\\\/www.apen.es\\\/\"},{\"@type\":\"ListItem\",\"position\":2,\"name\":\"Glosario de inform\u00e1tica\",\"item\":\"https:\\\/\\\/www.apen.es\\\/glosario-de-informatica\\\/\"},{\"@type\":\"ListItem\",\"position\":3,\"name\":\"Exchange Online\"}]},{\"@type\":\"WebSite\",\"@id\":\"https:\\\/\\\/www.apen.es\\\/#website\",\"url\":\"https:\\\/\\\/www.apen.es\\\/\",\"name\":\"Apen Inform\u00e1tica\",\"description\":\"Mantenimiento Inform\u00e1tico , Software de Gesti\u00f3n, Soluciones de impresi\u00f3n\",\"publisher\":{\"@id\":\"https:\\\/\\\/www.apen.es\\\/#organization\"},\"potentialAction\":[{\"@type\":\"SearchAction\",\"target\":{\"@type\":\"EntryPoint\",\"urlTemplate\":\"https:\\\/\\\/www.apen.es\\\/?s={search_term_string}\"},\"query-input\":{\"@type\":\"PropertyValueSpecification\",\"valueRequired\":true,\"valueName\":\"search_term_string\"}}],\"inLanguage\":\"en-US\"},{\"@type\":\"Organization\",\"@id\":\"https:\\\/\\\/www.apen.es\\\/#organization\",\"name\":\"Apen: Soluciones inform\u00e1ticas\",\"url\":\"https:\\\/\\\/www.apen.es\\\/\",\"logo\":{\"@type\":\"ImageObject\",\"inLanguage\":\"en-US\",\"@id\":\"https:\\\/\\\/www.apen.es\\\/#\\\/schema\\\/logo\\\/image\\\/\",\"url\":\"https:\\\/\\\/www.apen.es\\\/wp-content\\\/uploads\\\/2022\\\/08\\\/logo-apenok-231x82-1.png\",\"contentUrl\":\"https:\\\/\\\/www.apen.es\\\/wp-content\\\/uploads\\\/2022\\\/08\\\/logo-apenok-231x82-1.png\",\"width\":231,\"height\":82,\"caption\":\"Apen: Soluciones inform\u00e1ticas\"},\"image\":{\"@id\":\"https:\\\/\\\/www.apen.es\\\/#\\\/schema\\\/logo\\\/image\\\/\"},\"sameAs\":[\"https:\\\/\\\/www.facebook.com\\\/apensolucions\",\"https:\\\/\\\/www.youtube.com\\\/user\\\/ApenCentreInformatic\",\"https:\\\/\\\/www.linkedin.com\\\/company\\\/1021771?trk=tyah&trkInfo=clickedVerticalcompanyclickedEntityId1021771idx2-1-2tarId1464195271196tasapenin\"]}]}<\/script>\n<!-- \/ Yoast SEO plugin. -->","yoast_head_json":{"title":"Exchange Online - Apen Inform\u00e1tica","description":"Exchange Online is Microsoft&#039;s hosted version of its Exchange Server email software. Exchange Server was released\u2026","robots":{"index":"index","follow":"follow","max-snippet":"max-snippet:-1","max-image-preview":"max-image-preview:large","max-video-preview":"max-video-preview:-1"},"canonical":"https:\/\/www.apen.es\/en\/computer-glossary\/online-exchange\/","og_locale":"en_US","og_type":"article","og_title":"Exchange Online - Apen Inform\u00e1tica","og_description":"Exchange Online es la versi\u00f3n alojada por Microsoft de su software de correo electr\u00f3nico Exchange Server. Exchange Server se lanz\u00f3 hace\u2026","og_url":"https:\/\/www.apen.es\/en\/computer-glossary\/online-exchange\/","og_site_name":"Apen Inform\u00e1tica","article_publisher":"https:\/\/www.facebook.com\/apensolucions","article_modified_time":"2025-07-14T11:01:37+00:00","og_image":[{"url":"https:\/\/www.apen.es\/wp-content\/uploads\/2020\/11\/microsoft-exchange-online-300x136.png","type":"","width":"","height":""}],"twitter_card":"summary_large_image","twitter_misc":{"Est. reading time":"3 minutes"},"schema":{"@context":"https:\/\/schema.org","@graph":[{"@type":"WebPage","@id":"https:\/\/www.apen.es\/glosario-de-informatica\/exchange-online\/","url":"https:\/\/www.apen.es\/glosario-de-informatica\/exchange-online\/","name":"Exchange Online - Apen Inform\u00e1tica","isPartOf":{"@id":"https:\/\/www.apen.es\/#website"},"primaryImageOfPage":{"@id":"https:\/\/www.apen.es\/glosario-de-informatica\/exchange-online\/#primaryimage"},"image":{"@id":"https:\/\/www.apen.es\/glosario-de-informatica\/exchange-online\/#primaryimage"},"thumbnailUrl":"https:\/\/www.apen.es\/wp-content\/uploads\/2020\/11\/microsoft-exchange-online-300x136.png","datePublished":"2020-11-03T08:09:56+00:00","dateModified":"2025-07-14T11:01:37+00:00","description":"Exchange Online is Microsoft&#039;s hosted version of its Exchange Server email software. Exchange Server was released\u2026","breadcrumb":{"@id":"https:\/\/www.apen.es\/glosario-de-informatica\/exchange-online\/#breadcrumb"},"inLanguage":"en-US","potentialAction":[{"@type":"ReadAction","target":["https:\/\/www.apen.es\/glosario-de-informatica\/exchange-online\/"]}]},{"@type":"ImageObject","inLanguage":"en-US","@id":"https:\/\/www.apen.es\/glosario-de-informatica\/exchange-online\/#primaryimage","url":"https:\/\/www.apen.es\/wp-content\/uploads\/2020\/11\/microsoft-exchange-online-300x136.png","contentUrl":"https:\/\/www.apen.es\/wp-content\/uploads\/2020\/11\/microsoft-exchange-online-300x136.png"},{"@type":"BreadcrumbList","@id":"https:\/\/www.apen.es\/glosario-de-informatica\/exchange-online\/#breadcrumb","itemListElement":[{"@type":"ListItem","position":1,"name":"Portada","item":"https:\/\/www.apen.es\/"},{"@type":"ListItem","position":2,"name":"Glosario de inform\u00e1tica","item":"https:\/\/www.apen.es\/glosario-de-informatica\/"},{"@type":"ListItem","position":3,"name":"Exchange Online"}]},{"@type":"WebSite","@id":"https:\/\/www.apen.es\/#website","url":"https:\/\/www.apen.es\/","name":"Apen Inform\u00e1tica","description":"IT Maintenance, Management Software, Printing Solutions","publisher":{"@id":"https:\/\/www.apen.es\/#organization"},"potentialAction":[{"@type":"SearchAction","target":{"@type":"EntryPoint","urlTemplate":"https:\/\/www.apen.es\/?s={search_term_string}"},"query-input":{"@type":"PropertyValueSpecification","valueRequired":true,"valueName":"search_term_string"}}],"inLanguage":"en-US"},{"@type":"Organization","@id":"https:\/\/www.apen.es\/#organization","name":"Apen: IT Solutions","url":"https:\/\/www.apen.es\/","logo":{"@type":"ImageObject","inLanguage":"en-US","@id":"https:\/\/www.apen.es\/#\/schema\/logo\/image\/","url":"https:\/\/www.apen.es\/wp-content\/uploads\/2022\/08\/logo-apenok-231x82-1.png","contentUrl":"https:\/\/www.apen.es\/wp-content\/uploads\/2022\/08\/logo-apenok-231x82-1.png","width":231,"height":82,"caption":"Apen: Soluciones inform\u00e1ticas"},"image":{"@id":"https:\/\/www.apen.es\/#\/schema\/logo\/image\/"},"sameAs":["https:\/\/www.facebook.com\/apensolucions","https:\/\/www.youtube.com\/user\/ApenCentreInformatic","https:\/\/www.linkedin.com\/company\/1021771?trk=tyah&trkInfo=clickedVerticalcompanyclickedEntityId1021771idx2-1-2tarId1464195271196tasapenin"]}]}},"taxonomy_info":[],"featured_image_src_large":false,"author_info":{"display_name":"marqueting","author_link":"https:\/\/www.apen.es\/en\/blog\/author\/marqueting\/"},"comment_info":0,"_links":{"self":[{"href":"https:\/\/www.apen.es\/en\/wp-json\/wp\/v2\/pages\/20348","targetHints":{"allow":["GET"]}}],"collection":[{"href":"https:\/\/www.apen.es\/en\/wp-json\/wp\/v2\/pages"}],"about":[{"href":"https:\/\/www.apen.es\/en\/wp-json\/wp\/v2\/types\/page"}],"author":[{"embeddable":true,"href":"https:\/\/www.apen.es\/en\/wp-json\/wp\/v2\/users\/4"}],"replies":[{"embeddable":true,"href":"https:\/\/www.apen.es\/en\/wp-json\/wp\/v2\/comments?post=20348"}],"version-history":[{"count":1,"href":"https:\/\/www.apen.es\/en\/wp-json\/wp\/v2\/pages\/20348\/revisions"}],"predecessor-version":[{"id":56555,"href":"https:\/\/www.apen.es\/en\/wp-json\/wp\/v2\/pages\/20348\/revisions\/56555"}],"up":[{"embeddable":true,"href":"https:\/\/www.apen.es\/en\/wp-json\/wp\/v2\/pages\/6185"}],"wp:attachment":[{"href":"https:\/\/www.apen.es\/en\/wp-json\/wp\/v2\/media?parent=20348"}],"curies":[{"name":"wp","href":"https:\/\/api.w.org\/{rel}","templated":true}]}}